{"id":17090,"date":"2025-03-17T09:44:54","date_gmt":"2025-03-17T09:44:54","guid":{"rendered":"https:\/\/ayaneo.co\/product\/ayaneo-multi-station-grafitova-cierna\/"},"modified":"2026-01-06T00:28:55","modified_gmt":"2026-01-06T00:28:55","slug":"ayaneo-multi-station-grafitova-cierna","status":"publish","type":"product","link":"https:\/\/ayaneo.co\/sk\/product\/ayaneo-multi-station-grafitova-cierna\/","title":{"rendered":"AYANEO MULTI STATION - grafitov\u00e1 \u010dierna"},"content":{"rendered":"\n<p><span data-contrast=\"none\"><strong>Dokovacia stanicaAYANEO Multi Docking Station<\/strong> uvo\u013e\u0148uje pln\u00fd potenci\u00e1l v\u00e1\u0161ho zariadenia AYA NEO pomocou \u013eahko pou\u017eite\u013en\u00e9ho dokovacieho syst\u00e9mu s viacer\u00fdmi roz\u0161iruj\u00facimi portami.  <\/span><\/p>\n\n<p><span data-contrast=\"none\"><strong>Dokovacia stanica<\/strong> AYANEO Multi <strong>je k dispoz\u00edcii v<\/strong> grafitovo \u010diernej farbe. <strong>Podporuje v\u0161etky modely AYANEO <\/strong> s patentovanou z\u00e1kladnou z\u00e1str\u010dkou, ktor\u00fa mo\u017eno pos\u00fava\u0165 tak, aby sa prisp\u00f4sobila mierne odli\u0161n\u00e9mu umiestneniu portu USB typu C na ka\u017edom modeli.   <\/span><\/p>\n\n<p><span data-contrast=\"none\">Dokovacia stanica AYANEO Multi s rozmermi pribli\u017ene<strong> 5,9 x 2,7 x 1,45 palca (15,1 x 7,0 x 3,7 cm) a hmotnos\u0165ou pribli\u017ene 200 g<\/strong> zaber\u00e1 minimum miesta na pracovnej ploche, pri\u010dom zost\u00e1va bezpe\u010dne umiestnen\u00e1 na stole a podporuje osem roz\u0161iruj\u00facich portov.<\/span><span data-ccp-props=\"{\"> <\/span><\/p>\n\n<p><span data-contrast=\"none\">Na zadnej strane dokovacej stanice AYANEO Multi Docking Station sa z\u013eava doprava nach\u00e1dza <\/span><a href=\"https:\/\/en.wikipedia.org\/wiki\/USB-C\" target=\"_blank\" rel=\"noopener\"><span data-contrast=\"none\">USB typu C<\/span><\/a><span data-contrast=\"none\">  port, ktor\u00fd mo\u017eno pou\u017ei\u0165 pre perif\u00e9rne zariadenia, napr\u00edklad extern\u00fd pevn\u00fd disk. K dispoz\u00edcii s\u00fa dva   <\/span><a href=\"https:\/\/www.viewsonic.com\/library\/tech\/usb-c-usb-b-and-usb-a-whats-the-difference\/\" target=\"_blank\" rel=\"noopener\"><span data-contrast=\"none\">USB-A<\/span><\/a><span data-contrast=\"none\">  porty, ktor\u00e9 mo\u017eno pou\u017ei\u0165 napr\u00edklad pre my\u0161 a kl\u00e1vesnicu. Druh\u00fd port USB typu C sa pou\u017e\u00edva na nap\u00e1janie dokovacej stanice a m\u00f4\u017ee tie\u017e nab\u00edja\u0165 pripojen\u00e9 modely AYANEO. <\/span><span data-ccp-props=\"{\"> <\/span><\/p>\n\n<p><span data-contrast=\"none\">Str\u00e1nka <\/span><a href=\"https:\/\/en.wikipedia.org\/wiki\/HDMI\" target=\"_blank\" rel=\"noopener\"><span data-contrast=\"none\">HDMI<\/span><\/a><span data-contrast=\"none\">  Port 2.0b mo\u017eno pou\u017ei\u0165 na v\u00fdstup videa z webovej str\u00e1nky AYANEO do telev\u00edzora alebo monitora. <strong>Podporuje rozl\u00ed\u0161enie a\u017e do 4K pri 60 Hz<\/strong>. Gigabitov\u00fd   <\/span><a href=\"https:\/\/en.wikipedia.org\/wiki\/Ethernet\" target=\"_blank\" rel=\"noopener\"><span data-contrast=\"none\">ethernet<\/span><\/a><span data-contrast=\"none\"> zabezpe\u010duje bezpe\u010dn\u00fd a vysokor\u00fdchlostn\u00fd prenos d\u00e1t do a z dokovacej stanice AYANEO Multi.<\/span><span data-ccp-props=\"{\"> <\/span><\/p>\n\n<p><span data-contrast=\"none\">Na pravej strane dokovacej stanice AYANEO Multi sa nach\u00e1dzaj\u00fa sloty na kartu Micro SD a kartu SD.<\/span><span data-ccp-props=\"{\"> <\/span><\/p>\n\n<p><span data-contrast=\"none\">Dokovacia stanica AYANEO Multi je kompatibiln\u00e1 so <strong>v\u0161etk\u00fdmi modelmi AYANEO vr\u00e1tane <\/strong><\/span><strong><a href=\"https:\/\/droix.co.uk\/product\/ayaneo-2\/\" target=\"_blank\" rel=\"noopener\">AYANEO 2<\/a>, AYANEO Geek, <a href=\"https:\/\/droix.co.uk\/product\/ayaneo-air\/\" target=\"_blank\" rel=\"noopener\">AYANEO Air PRO<\/a>, <a href=\"https:\/\/droix.co.uk\/product\/ayaneo-next\/\" target=\"_blank\" rel=\"noopener\">AYANEO NEXT<\/a>, <a href=\"https:\/\/droix.co.uk\/product\/ayaneo-next-pro\/\" target=\"_blank\" rel=\"noopener\">AYANEO Next PRO<\/a>, <a href=\"https:\/\/droix.co.uk\/product\/ayaneo-next\/\" target=\"_blank\" rel=\"noopener\">AYANEO 2021<\/a> a <a href=\"https:\/\/droix.co.uk\/product\/ayaneo-next-pro\/\" target=\"_blank\" rel=\"noopener\">AYANEO 2021 Pro<\/a>. <\/strong> <\/p>\n\n<p><span data-contrast=\"none\"><strong>Dokovacia stanicaAYANEO Multi je dokonal\u00fdm doplnkom pre v\u00e1\u0161 AYAYNEO<\/strong>, ktor\u00fd sa z hern\u00e9ho vreckov\u00e9ho po\u010d\u00edta\u010da zmen\u00ed na v\u00fdkonn\u00e9 rie\u0161enie podobn\u00e9 stoln\u00e9mu po\u010d\u00edta\u010du so v\u0161etk\u00fdmi potrebn\u00fdmi mo\u017enos\u0165ami pripojenia.<\/span><span data-ccp-props=\"{\"> <\/span><\/p>\n\n<p><a href=\"https:\/\/droix.co.uk\/blogs\/ayaneo-docking-station-review\/\" target=\"_blank\" rel=\"noopener\">Tu si m\u00f4\u017eete pre\u010d\u00edta\u0165 na\u0161u recenziuAYANEO Multi Docking Station<\/a>.<\/p>\n\n<figure class=\"wp-block-image aligncenter\"><img decoding=\"async\" src=\"https:\/\/droix.net\/wp-content\/uploads\/2022\/12\/8fb77202211071909143194ready.jpg\" alt=\"\" class=\"wp-image-88164\"\/><\/figure>\n\n<figure class=\"wp-block-image aligncenter\"><img decoding=\"async\" src=\"https:\/\/droix.net\/wp-content\/uploads\/2022\/12\/ea565202211071908508498ready.jpg\" alt=\"\" class=\"wp-image-88174\"\/><\/figure>\n\n<p><\/p>\n","protected":false},"excerpt":{"rendered":"<ul>\n<li><b>Ofici\u00e1lny produkt AYANEO <\/b><\/li>\n<li><strong>Kompatibilita<\/strong> so <strong>v\u0161etk\u00fdmi ru\u010dn\u00fdmi zariadeniami AYANEO <\/strong><\/li>\n<li><b>Exkluz\u00edvna patentovan\u00e1 z\u00e1klad\u0148ov\u00e1 z\u00e1str\u010dka<\/b><\/li>\n<li><strong>A\u017e 8<\/strong> roz\u0161iruj\u00facich portov<\/li>\n<li>Slot na kartu MicroSD<\/li>\n<\/ul>\n[cg_accordion title=\"INFORM\u00c1CIE O PLATBE\"]<\/p>\n<p>Pou\u017e\u00edvame najnov\u0161iu technol\u00f3giu spracovania platieb, ktor\u00e1 v\u00e1m umo\u017e\u0148uje vykona\u0165 platbu prostredn\u00edctvom Apple Pay, Google Pay, va\u0161ej debetnej\/kreditnej karty, PayPal alebo met\u00f3d BNPL, ako s\u00fa Klarna, Affirm alebo AfterPay, \u010do je r\u00fdchle a bezpe\u010dn\u00e9.[\/cg_accordion]\n[cg_accordion title=\"Z\u00c1RUKA\"]<\/p>\n<p>1 rok z\u00e1ruky od <a href=\"https:\/\/droix.net\/\" target=\"_blank\" rel=\"nofollow noopener\">spolo\u010dnosti DROIX Global pre<\/a> v\u00e1\u0161 pokoj[\/cg_accordion]\n[cg_accordion title=\"ZABEZPE\u010cENIE KVALITY A TESTOVANIE PRED ODOSLAN\u00cdM\"]<\/p>\n<p>Zabezpe\u010denie spokojnosti z\u00e1kazn\u00edkov na najvy\u0161\u0161ej \u00farovni: Pred odoslan\u00edm prech\u00e1dza ka\u017ed\u00e9 zariadenie pr\u00edsnym testovan\u00edm a viacbodovou kontrolou kvality. N\u00e1\u0161 \u0161pecializovan\u00fd t\u00edm overuje v\u00fdkon, funk\u010dnos\u0165 a integritu komponentov, aby sme v\u00e1m zaru\u010dili, \u017ee va\u0161e zariadenie AYANEO bude pri pr\u00edchode v perfektnom stave, \u010do v\u00e1m poskytne istotu a pokoj. [\/cg_accordion]\n[cg_accordion title=\"CENY, DANE A DOPRAVA\"]<\/p>\n<p><strong><u>Pozn\u00e1mka:<\/u><\/strong><\/p>\n<ul>\n<li>Z\u00e1kazn\u00edci zo Spojen\u00fdch \u0161t\u00e1tov: Z\u00e1kazn\u00edci: Zobrazen\u00e1 cena nezah\u0155\u0148a da\u0148 ani clo. Zodpovednos\u0165 za coln\u00e9 konanie a zaplatenie akejko\u013evek s\u00favisiacej dane\/coln\u00e9ho poplatku nesie z\u00e1kazn\u00edk. <\/li>\n<li>Z\u00e1kazn\u00edci z E\u00da: V zobrazenej cene je zahrnut\u00e1 platn\u00e1 DA\u0147, ktor\u00e1 m\u00f4\u017ee by\u0165 a\u017e 25% v z\u00e1vislosti od va\u0161ej krajiny.<\/li>\n<li>Z\u00e1kazn\u00edci z Kanady: V z\u00e1vislosti od va\u0161ej provincie m\u00f4\u017ee zobrazen\u00e1 cena zah\u0155\u0148a\u0165 pr\u00edslu\u0161n\u00e9 dane, ktor\u00e9 m\u00f4\u017eu zah\u0155\u0148a\u0165 5% GST a \u010fal\u0161ie provin\u010dn\u00e9 dane z predaja (PST), harmonizovan\u00fa da\u0148 z predaja (HST) alebo quebeck\u00fa da\u0148 z predaja (QST).<\/li>\n<\/ul>\n<p><strong>Len pre z\u00e1kazn\u00edkov z E\u00da:<\/strong> Expresn\u00e9 DDP (Delivered Duty Paid). To znamen\u00e1: <\/p>\n<ul>\n<li>V\u0161etky cl\u00e1 a dane s\u00fa zahrnut\u00e9 v cene zobrazenej na str\u00e1nke produktu.<\/li>\n<li>Pri doru\u010den\u00ed nemus\u00edte plati\u0165 \u017eiadne \u010fal\u0161ie poplatky.<\/li>\n<li>V zriedkav\u00fdch pr\u00edpadoch probl\u00e9mov s\u00favisiacich s coln\u00fdmi z\u00e1le\u017eitos\u0165ami sa n\u00e1\u0161 t\u00edm postar\u00e1 o coln\u00e9 konanie vo va\u0161om mene, aby sme zabezpe\u010dili bezprobl\u00e9mov\u00e9 doru\u010denie.<\/li>\n<p>D\u00f4le\u017eit\u00e9 inform\u00e1cie o vr\u00e1ten\u00ed tovaru:<\/p>\n<li>Ak sa rozhodnete vr\u00e1ti\u0165 objedn\u00e1vku alebo po\u017eiada\u0165 o vr\u00e1tenie pe\u0148az\u00ed, majte na pam\u00e4ti, \u017ee dane a cl\u00e1 zaplaten\u00e9 vo va\u0161om mene pod\u013ea podmienok DDP nie je mo\u017en\u00e9 vr\u00e1ti\u0165.<\/li>\n<p>Podrobn\u00e9 inform\u00e1cie n\u00e1jdete v na\u0161ich <a href=\"https:\/\/ayaneo.co\/sk\/podmienky-sluzby\/\" target=\"_blank\" rel=\"nofollow noopener\">zmluvn\u00fdch podmienkach<\/a>.\n<\/ul>\n<p>[\/cg_accordion]\n[cg_accordion title=\"Z\u00c1KAZN\u00cdCKA PODPORA\"]<\/p>\n<p>M\u00e1te ot\u00e1zku? Od vyrie\u0161enia v\u00e1\u0161ho probl\u00e9mu n\u00e1s del\u00ed kr\u00e1tka textov\u00e1 spr\u00e1va! [\/cg_accordion]\n[cg_accordion title=\"BALENIE OBSAHUJE\"]<\/p>\n<ul>\n<li>1x AYANEO Dokovacia stanica<\/li>\n<\/ul>\n<p>[\/cg_accordion]\n","protected":false},"featured_media":17091,"template":"","meta":{"_acf_changed":false},"product_brand":[],"product_cat":[1196],"product_tag":[],"class_list":{"0":"post-17090","1":"product","2":"type-product","3":"status-publish","4":"has-post-thumbnail","6":"product_cat-prislusenstvo","7":"product_shipping_class-low-end","8":"pa_accessory-type-docking-station-sk","9":"pa_brand-ayaneo","10":"pa_compatible-with-ayaneo-2-sk","11":"pa_compatible-with-ayaneo-2021-sk","12":"pa_compatible-with-ayaneo-3-sk","13":"pa_compatible-with-ayaneo-air-sk","14":"pa_compatible-with-ayaneo-geek-sk","16":"first","17":"instock","18":"taxable","19":"shipping-taxable","20":"purchasable","21":"product-type-simple"},"acf":[],"_links":{"self":[{"href":"https:\/\/ayaneo.co\/sk\/wp-json\/wp\/v2\/product\/17090","targetHints":{"allow":["GET"]}}],"collection":[{"href":"https:\/\/ayaneo.co\/sk\/wp-json\/wp\/v2\/product"}],"about":[{"href":"https:\/\/ayaneo.co\/sk\/wp-json\/wp\/v2\/types\/product"}],"wp:featuredmedia":[{"embeddable":true,"href":"https:\/\/ayaneo.co\/sk\/wp-json\/wp\/v2\/media\/17091"}],"wp:attachment":[{"href":"https:\/\/ayaneo.co\/sk\/wp-json\/wp\/v2\/media?parent=17090"}],"wp:term":[{"taxonomy":"product_brand","embeddable":true,"href":"https:\/\/ayaneo.co\/sk\/wp-json\/wp\/v2\/product_brand?post=17090"},{"taxonomy":"product_cat","embeddable":true,"href":"https:\/\/ayaneo.co\/sk\/wp-json\/wp\/v2\/product_cat?post=17090"},{"taxonomy":"product_tag","embeddable":true,"href":"https:\/\/ayaneo.co\/sk\/wp-json\/wp\/v2\/product_tag?post=17090"}],"curies":[{"name":"wp","href":"https:\/\/api.w.org\/{rel}","templated":true}]}}