{"id":17176,"date":"2025-03-24T16:59:03","date_gmt":"2025-03-24T16:59:03","guid":{"rendered":"https:\/\/ayaneo.co\/product\/ayaneo-3-screen-protector-kristalovo-cista-ochrana-vasho-displeja\/"},"modified":"2025-12-09T00:34:22","modified_gmt":"2025-12-09T00:34:22","slug":"ayaneo-3-screen-protector-kristalovo-cista-ochrana-vasho-displeja","status":"publish","type":"product","link":"https:\/\/ayaneo.co\/sk\/product\/ayaneo-3-screen-protector-kristalovo-cista-ochrana-vasho-displeja\/","title":{"rendered":"AYANEO 3 Screen Protector - kri\u0161t\u00e1\u013eovo \u010dist\u00e1 ochrana v\u00e1\u0161ho displeja!"},"content":{"rendered":"\n<p>Udr\u017eujte svoju obrazovku <strong>AYANEO 3<\/strong> bezchybn\u00fa s touto <strong>vysokokvalitnou ochranou obrazovky<\/strong>! T\u00e1to ochrana je navrhnut\u00e1 tak, aby poskytovala <strong>maxim\u00e1lnu \u010distotu, odolnos\u0165 proti po\u0161kriabaniu a jednoduch\u00fa aplik\u00e1ciu<\/strong>, v\u010faka \u010domu v\u00e1\u0161 hern\u00fd z\u00e1\u017eitok zostane plynul\u00fd a neru\u0161en\u00fd.<\/p>\n\n<h2 class=\"wp-block-heading\"><strong>K\u013e\u00fa\u010dov\u00e9 vlastnosti:<\/strong><\/h2>\n\n<p><strong>Mimoriadne jasn\u00fd HD displej<\/strong> - zachov\u00e1va <strong>vern\u00fa presnos\u0165 farieb<\/strong> a ostr\u00fd obraz pre pohlcuj\u00faci z\u00e1\u017eitok.<\/p>\n\n<p><strong>Odolnos\u0165 proti po\u0161kriabaniu a n\u00e1razom<\/strong> - chr\u00e1ni obrazovku pred po\u0161kriaban\u00edm, p\u00e1dmi a ka\u017edodenn\u00fdm opotrebovan\u00edm.  <\/p>\n\n<p><strong>Presn\u00e1 mont\u00e1\u017e a jednoduch\u00e1 in\u0161tal\u00e1cia<\/strong> - Navrhnut\u00e9 \u0161peci\u00e1lne pre <strong>AYANEO 3<\/strong>, \u010do zaru\u010duje bezprobl\u00e9mov\u00fa aplik\u00e1ciu bez bubl\u00edn.<\/p>\n\n<p><strong>Odolnos\u0165 vo\u010di odtla\u010dkom prstov a \u0161muh\u00e1m<\/strong> - Oleof\u00f3bny povlak odpudzuje odtla\u010dky prstov a \u0161muhy, aby vyzeral \u010disto.<\/p>\n\n<p><strong>Pri\u013enavos\u0165 bez bubl\u00edn<\/strong> - Jednoduch\u00e1 aplik\u00e1cia bez vzduchov\u00fdch bubl\u00edn, ktor\u00e1 zaka\u017ed\u00fdm zabezpe\u010d\u00ed <strong>hladk\u00fd povrch<\/strong>.<\/p>\n\n<p>Chr\u00e1\u0148te svoj <strong>AYANEO 3<\/strong> touto <strong>pr\u00e9miovou ochranou obrazovky<\/strong> a <strong>hrajte s istotou!<\/strong><\/p>\n\n<p><\/p>\n","protected":false},"excerpt":{"rendered":"<ul>\n<li><strong>Ofici\u00e1lna<\/strong> ochrana obrazovky AYANEO 3<\/li>\n<li><strong>Ultra-Clear HD<\/strong> - zachov\u00e1va kvalitu obrazovky a presnos\u0165 farieb.<\/li>\n<li><strong>Odolnos\u0165 proti po\u0161kriabaniu a n\u00e1razom<\/strong> - chr\u00e1ni pred po\u0161koden\u00edm.<\/li>\n<li><strong>Odolnos\u0165 vo\u010di \u0161muh\u00e1m a odtla\u010dkom prstov<\/strong> - udr\u017euje obrazovku \u010dist\u00fa.<\/li>\n<li><strong>Perfektn\u00e9 prisp\u00f4sobenie<\/strong> - navrhnut\u00e9 v\u00fdhradne pre AYANEO 3.<\/li>\n<\/ul>\n[cg_accordion title=\"INFORM\u00c1CIE O PLATBE\"]<\/p>\n<p>Pou\u017e\u00edvame najnov\u0161iu technol\u00f3giu spracovania platieb, ktor\u00e1 v\u00e1m umo\u017e\u0148uje vykona\u0165 platbu prostredn\u00edctvom Apple Pay, Google Pay, va\u0161ej debetnej\/kreditnej karty, PayPal alebo met\u00f3d BNPL, ako s\u00fa Klarna, Affirm alebo AfterPay, \u010do je r\u00fdchle a bezpe\u010dn\u00e9.[\/cg_accordion]\n[cg_accordion title=\"Z\u00c1RUKA\"]<\/p>\n<p>1 rok z\u00e1ruky od <a href=\"https:\/\/droix.net\/\" target=\"_blank\" rel=\"nofollow noopener\">spolo\u010dnosti DROIX Global pre<\/a> v\u00e1\u0161 pokoj[\/cg_accordion]\n[cg_accordion title=\"ZABEZPE\u010cENIE KVALITY A TESTOVANIE PRED ODOSLAN\u00cdM\"]<\/p>\n<p>Zabezpe\u010denie spokojnosti z\u00e1kazn\u00edkov na najvy\u0161\u0161ej \u00farovni: Pred odoslan\u00edm prech\u00e1dza ka\u017ed\u00e9 zariadenie pr\u00edsnym testovan\u00edm a viacbodovou kontrolou kvality. N\u00e1\u0161 \u0161pecializovan\u00fd t\u00edm overuje v\u00fdkon, funk\u010dnos\u0165 a integritu komponentov, aby sme v\u00e1m zaru\u010dili, \u017ee va\u0161e zariadenie AYANEO bude pri pr\u00edchode v perfektnom stave, \u010do v\u00e1m poskytne istotu a pokoj. [\/cg_accordion]\n[cg_accordion title=\"CENY, DANE A DOPRAVA\"]<\/p>\n<p><strong><u>Pozn\u00e1mka:<\/u><\/strong><\/p>\n<ul>\n<li>Z\u00e1kazn\u00edci zo Spojen\u00fdch \u0161t\u00e1tov: Z\u00e1kazn\u00edci: Zobrazen\u00e1 cena nezah\u0155\u0148a da\u0148 ani clo. Zodpovednos\u0165 za coln\u00e9 konanie a zaplatenie akejko\u013evek s\u00favisiacej dane\/coln\u00e9ho poplatku nesie z\u00e1kazn\u00edk. <\/li>\n<li>Z\u00e1kazn\u00edci z E\u00da: V zobrazenej cene je zahrnut\u00e1 platn\u00e1 DA\u0147, ktor\u00e1 m\u00f4\u017ee by\u0165 a\u017e 25% v z\u00e1vislosti od va\u0161ej krajiny.<\/li>\n<li>Z\u00e1kazn\u00edci z Kanady: V z\u00e1vislosti od va\u0161ej provincie m\u00f4\u017ee zobrazen\u00e1 cena zah\u0155\u0148a\u0165 pr\u00edslu\u0161n\u00e9 dane, ktor\u00e9 m\u00f4\u017eu zah\u0155\u0148a\u0165 5% GST a \u010fal\u0161ie provin\u010dn\u00e9 dane z predaja (PST), harmonizovan\u00fa da\u0148 z predaja (HST) alebo quebeck\u00fa da\u0148 z predaja (QST).<\/li>\n<\/ul>\n<p><strong>Len pre z\u00e1kazn\u00edkov z E\u00da:<\/strong> Expresn\u00e9 DDP (Delivered Duty Paid). To znamen\u00e1: <\/p>\n<ul>\n<li>V\u0161etky cl\u00e1 a dane s\u00fa zahrnut\u00e9 v cene zobrazenej na str\u00e1nke produktu.<\/li>\n<li>Pri doru\u010den\u00ed nemus\u00edte plati\u0165 \u017eiadne \u010fal\u0161ie poplatky.<\/li>\n<li>V zriedkav\u00fdch pr\u00edpadoch probl\u00e9mov s\u00favisiacich s coln\u00fdmi z\u00e1le\u017eitos\u0165ami sa n\u00e1\u0161 t\u00edm postar\u00e1 o coln\u00e9 konanie vo va\u0161om mene, aby sme zabezpe\u010dili bezprobl\u00e9mov\u00e9 doru\u010denie.<\/li>\n<p>D\u00f4le\u017eit\u00e9 inform\u00e1cie o vr\u00e1ten\u00ed tovaru:<\/p>\n<li>Ak sa rozhodnete vr\u00e1ti\u0165 objedn\u00e1vku alebo po\u017eiada\u0165 o vr\u00e1tenie pe\u0148az\u00ed, majte na pam\u00e4ti, \u017ee dane a cl\u00e1 zaplaten\u00e9 vo va\u0161om mene pod\u013ea podmienok DDP nie je mo\u017en\u00e9 vr\u00e1ti\u0165.<\/li>\n<p>Podrobn\u00e9 inform\u00e1cie n\u00e1jdete v na\u0161ich <a href=\"https:\/\/ayaneo.co\/sk\/podmienky-sluzby\/\" target=\"_blank\" rel=\"nofollow noopener\">zmluvn\u00fdch podmienkach<\/a>.\n<\/ul>\n<p>[\/cg_accordion]\n[cg_accordion title=\"Z\u00c1KAZN\u00cdCKA PODPORA\"]<\/p>\n<p>M\u00e1te ot\u00e1zku? Od vyrie\u0161enia v\u00e1\u0161ho probl\u00e9mu n\u00e1s del\u00ed kr\u00e1tka textov\u00e1 spr\u00e1va! [\/cg_accordion]\n[cg_accordion title=\"BALENIE OBSAHUJE\"]<\/p>\n<ul>\n<li>1x Ochrann\u00e1 f\u00f3lia obrazovky AYANEO 3<\/li>\n<\/ul>\n<p>[\/cg_accordion]\n","protected":false},"featured_media":45873,"template":"","meta":{"_acf_changed":false},"product_brand":[],"product_cat":[1196],"product_tag":[],"class_list":{"0":"post-17176","1":"product","2":"type-product","3":"status-publish","4":"has-post-thumbnail","6":"product_cat-prislusenstvo","7":"product_shipping_class-low-end","8":"pa_accessory-type-screen-protector-sk","9":"pa_brand-ayaneo","11":"first","12":"instock","13":"sale","14":"taxable","15":"shipping-taxable","16":"purchasable","17":"product-type-simple"},"acf":[],"_links":{"self":[{"href":"https:\/\/ayaneo.co\/sk\/wp-json\/wp\/v2\/product\/17176","targetHints":{"allow":["GET"]}}],"collection":[{"href":"https:\/\/ayaneo.co\/sk\/wp-json\/wp\/v2\/product"}],"about":[{"href":"https:\/\/ayaneo.co\/sk\/wp-json\/wp\/v2\/types\/product"}],"wp:featuredmedia":[{"embeddable":true,"href":"https:\/\/ayaneo.co\/sk\/wp-json\/wp\/v2\/media\/45873"}],"wp:attachment":[{"href":"https:\/\/ayaneo.co\/sk\/wp-json\/wp\/v2\/media?parent=17176"}],"wp:term":[{"taxonomy":"product_brand","embeddable":true,"href":"https:\/\/ayaneo.co\/sk\/wp-json\/wp\/v2\/product_brand?post=17176"},{"taxonomy":"product_cat","embeddable":true,"href":"https:\/\/ayaneo.co\/sk\/wp-json\/wp\/v2\/product_cat?post=17176"},{"taxonomy":"product_tag","embeddable":true,"href":"https:\/\/ayaneo.co\/sk\/wp-json\/wp\/v2\/product_tag?post=17176"}],"curies":[{"name":"wp","href":"https:\/\/api.w.org\/{rel}","templated":true}]}}