{"id":17180,"date":"2025-03-27T09:55:33","date_gmt":"2025-03-27T09:55:33","guid":{"rendered":"https:\/\/ayaneo.co\/product\/ayaneo-air-pro\/"},"modified":"2025-05-30T16:00:34","modified_gmt":"2025-05-30T16:00:34","slug":"ayaneo-air-pro","status":"publish","type":"product","link":"https:\/\/ayaneo.co\/sk\/product\/ayaneo-air-pro\/","title":{"rendered":"AYANEO AIR PRO"},"content":{"rendered":"\n<h2 class=\"wp-block-heading\">AYANEO Vzduch<\/h2>\n\n<figure class=\"wp-block-image\"><img decoding=\"async\" src=\"https:\/\/droix.net\/wp-content\/uploads\/2022\/10\/TEXT.png\" alt=\"\" title=\"AYA NEO AIR PRO 1\"\/><\/figure>\n\n<figure class=\"wp-block-image\"><img decoding=\"async\" src=\"https:\/\/droix.net\/wp-content\/uploads\/2022\/10\/cpu-perf.png\" alt=\"\" title=\"AYA NEO AIR PRO 2\"\/><\/figure>\n\n<h2 class=\"wp-block-heading\">V\u00fdkonn\u00fd procesor<\/h2>\n\n<figure class=\"wp-block-image\"><img decoding=\"async\" src=\"https:\/\/droix.net\/wp-content\/uploads\/2022\/10\/oled.png\" alt=\"\" title=\"AYA NEO AIR PRO 3\"\/><\/figure>\n\n<h2 class=\"wp-block-heading\">Jasn\u00e1 obrazovka OLED <\/h2>\n\n<figure class=\"wp-block-image\"><img decoding=\"async\" src=\"https:\/\/droix.net\/wp-content\/uploads\/2022\/10\/controller.png\" alt=\"\" title=\"AYA NEO AIR PRO 4\"\/><\/figure>\n\n<h2 class=\"wp-block-heading\">Hern\u00e9 ovl\u00e1da\u010de<\/h2>\n\n<figure class=\"wp-block-image\"><img decoding=\"async\" src=\"https:\/\/droix.net\/wp-content\/uploads\/2022\/10\/hall-joystick.png\" alt=\"\" title=\"AYA NEO AIR PRO 5\"\/><\/figure>\n\n<h2 class=\"wp-block-heading\">Joysticky HALL<\/h2>\n\n<figure class=\"wp-block-image\"><img decoding=\"async\" src=\"https:\/\/droix.net\/wp-content\/uploads\/2022\/10\/light.png\" alt=\"\" title=\"AYA NEO AIR PRO 6\"\/><\/figure>\n\n<h2 class=\"wp-block-heading\">\u013dahk\u00e9<\/h2>\n\n<figure class=\"wp-block-image\"><img decoding=\"async\" src=\"https:\/\/droix.net\/wp-content\/uploads\/2022\/10\/lightweight.png\" alt=\"\" title=\"AYA NEO AIR PRO 7\"\/><\/figure>\n\n<h2 class=\"wp-block-heading\">Prenosn\u00fd<\/h2>\n\n<figure class=\"wp-block-image\"><img decoding=\"async\" src=\"https:\/\/droix.net\/wp-content\/uploads\/2022\/10\/ayaspace.png\" alt=\"\" title=\"AYA NEO AIR PRO 8\"\/><\/figure>\n\n<h2 class=\"wp-block-heading\">AYASpace<\/h2>\n\n<figure class=\"wp-block-image\"><img decoding=\"async\" src=\"https:\/\/droix.net\/wp-content\/uploads\/2022\/10\/storage-expansion.png\" alt=\"\" title=\"AYA NEO AIR PRO 9\"\/><\/figure>\n\n<h2 class=\"wp-block-heading\">Roz\u0161\u00edrite\u013en\u00e9 \u00falo\u017eisko<\/h2>\n\n<h2 class=\"wp-block-heading\">AYANEO Vzduch<\/h2>\n\n<h2 class=\"wp-block-heading\">18mm<\/h2>\n\n<h2 class=\"wp-block-heading\">AYANEO Air Pro<\/h2>\n\n<h2 class=\"wp-block-heading\">21,6 mm<\/h2>\n\n<figure class=\"wp-block-image\"><img decoding=\"async\" src=\"https:\/\/droix.net\/wp-content\/uploads\/2022\/10\/1.png\" alt=\"\" title=\"AYA NEO AIR PRO 10\"\/><\/figure>\n\n<figure class=\"wp-block-image\"><img decoding=\"async\" src=\"https:\/\/droix.net\/wp-content\/uploads\/2022\/10\/2.png\" alt=\"\" title=\"AYA NEO AIR PRO 11\"\/><\/figure>\n\n<figure class=\"wp-block-image\"><img decoding=\"async\" src=\"https:\/\/droix.net\/wp-content\/uploads\/2022\/10\/6.png\" alt=\"\" title=\"AYA NEO AIR PRO 12\"\/><\/figure>\n\n<figure class=\"wp-block-image\"><img decoding=\"async\" src=\"https:\/\/droix.net\/wp-content\/uploads\/2022\/10\/3.png\" alt=\"\" title=\"AYA NEO AIR PRO 13\"\/><\/figure>\n\n<figure class=\"wp-block-image\"><img decoding=\"async\" src=\"https:\/\/droix.net\/wp-content\/uploads\/2022\/10\/8.png\" alt=\"\" title=\"AYA NEO AIR PRO 14\"\/><\/figure>\n\n<figure class=\"wp-block-image\"><img decoding=\"async\" src=\"https:\/\/droix.net\/wp-content\/uploads\/2022\/10\/4.png\" alt=\"\" title=\"AYA NEO AIR PRO 15\"\/><\/figure>\n\n<figure class=\"wp-block-image\"><img decoding=\"async\" src=\"https:\/\/droix.net\/wp-content\/uploads\/2022\/10\/5.png\" alt=\"\" title=\"AYA NEO AIR PRO 16\"\/><\/figure>\n\n<figure class=\"wp-block-image\"><img decoding=\"async\" src=\"https:\/\/droix.net\/wp-content\/uploads\/elementor\/thumbs\/7-q8z5dcnq498hbirw1mfy0omf1l06qm1syszlslccn4.png\" alt=\"7.png\" title=\"7.png\"\/><\/figure>\n\n<figure class=\"wp-block-image\"><img decoding=\"async\" src=\"https:\/\/droix.net\/wp-content\/uploads\/elementor\/thumbs\/9-q8z5dcnq498hbirw1mfy0omf1l06qm1syszlslccn4.png\" alt=\"9.png\" title=\"9.png\"\/><\/figure>\n\n<h2 class=\"wp-block-heading\">Vychutnajte si hry prostredn\u00edctvom ostr\u00e9ho displeja OLED <\/h2>\n\n<h2 class=\"wp-block-heading\">S 5,5\u2033 obrazovkou AMOLED s vysok\u00fdm farebn\u00fdm gamutom.<\/h2>\n\n<h2 class=\"wp-block-heading\">V\u010faka efektu \u0161irok\u00e9ho farebn\u00e9ho rozsahu NTSC 109 % je zobrazenie realistickej\u0161ie.<br\/>S kontrastn\u00fdm pomerom a\u017e 100 000:1 s\u00fa farby bohat\u0161ie a \u017eiv\u0161ie.<br\/>Za\u017eite \u010dist\u00fa \u010diernu a vysoko kontrastn\u00fd obraz z ob\u013e\u00faben\u00fdch titulov. AYANEO Air m\u00e1 najvy\u0161\u0161ie PPI, ak\u00e9 mo\u017eno n\u00e1js\u0165 v hern\u00fdch vreckov\u00fdch po\u010d\u00edta\u010doch so syst\u00e9mom Windows, a to 404 pixelov na palec. <\/h2>\n\n<figure class=\"wp-block-image\"><img decoding=\"async\" src=\"https:\/\/droix.net\/wp-content\/uploads\/2022\/10\/oled-info-1024x309.png\" alt=\"\" title=\"AYA NEO AIR PRO 17\"\/><\/figure>\n\n<h2 class=\"wp-block-heading\">Ultra tenk\u00e9 a \u013eahk\u00e9<\/h2>\n\n<h2 class=\"wp-block-heading\">Zariadenie AYANEO Air bolo vyvinut\u00e9 s oh\u013eadom na prenosnos\u0165, a aby sme to dosiahli, museli sme do tohto hern\u00e9ho vreckov\u00e9ho po\u010d\u00edta\u010da so syst\u00e9mom Windows skombinova\u0165 a stla\u010di\u0165 zhruba 3500 komponentov.<br\/>V tomto ultraprenosnom hernom vreckovom po\u010d\u00edta\u010di m\u00e1te hardv\u00e9r, ktor\u00fd sa pova\u017euje za hodn\u00fd notebooku.<br\/>A aby sme toto kr\u00e1sne balenie zabalili, koncov\u00e9mu pou\u017e\u00edvate\u013eovi s\u00fa vidite\u013en\u00e9 len 2 skrutky.<\/h2>\n\n<h2 class=\"wp-block-heading\">Nov\u00fd poh\u013ead na prenosn\u00e9 vreckov\u00e9 po\u010d\u00edta\u010de<\/h2>\n\n<h2 class=\"wp-block-heading\">Hmotnos\u0165 iba 398 g*<\/h2>\n\n<figure class=\"wp-block-image\"><img decoding=\"async\" src=\"https:\/\/droix.net\/wp-content\/uploads\/2022\/10\/ayaneo_air-vs-switch.png\" alt=\"\" title=\"AYA NEO AIR PRO 18\"\/><\/figure>\n\n<h2 class=\"wp-block-heading\">AYANEO Air Lite* - 398 g<br\/>AYANEO Air Standard - 398 g<br\/>AYANEO Air Pro - 440 g<\/h2>\n\n<h2 class=\"wp-block-heading\">V\u00fdrazne men\u0161\u00ed ako Steam Deck<br\/> A e\u0161te men\u0161\u00ed ako Switch<\/h2>\n\n<figure class=\"wp-block-image\"><img decoding=\"async\" src=\"https:\/\/droix.net\/wp-content\/uploads\/2022\/10\/ayaneo-sd-switch.png\" alt=\"\" title=\"AYA NEO AIR PRO 19\"\/><\/figure>\n\n<h2 class=\"wp-block-heading\">398 g AYANEO Air<\/h2>\n\n<h2 class=\"wp-block-heading\">223,9 \u00d7 89,4 \u00d7 18 mm<\/h2>\n\n<h2 class=\"wp-block-heading\">420g Nintendo Switch<\/h2>\n\n<h2 class=\"wp-block-heading\">242x102x13,9 mm<\/h2>\n\n<h2 class=\"wp-block-heading\">669g Steam Deck<\/h2>\n\n<h2 class=\"wp-block-heading\">298x117x20mm<\/h2>\n\n<h2 class=\"wp-block-heading\">Hry AAA na cest\u00e1ch?<\/h2>\n\n<h2 class=\"wp-block-heading\">AYANEO Air sa dod\u00e1va s v\u00fdkonom RED a je vybaven\u00fd bu\u010f procesorom AMD Ryzen 5 5560U, alebo 5825U (dostupn\u00fd len v modeli AYANEO Air Pro).<br\/>Tieto procesory APU s\u00fa nielen skvel\u00e9 na hranie hier, ale pon\u00fakaj\u00fa aj ni\u017e\u0161iu spotrebu energie, tak\u017ee m\u00f4\u017eete hra\u0165 svoje ob\u013e\u00faben\u00e9 hry dlh\u0161ie.<\/h2>\n\n<figure class=\"wp-block-image\"><img decoding=\"async\" src=\"https:\/\/droix.net\/wp-content\/uploads\/2022\/10\/cpu-1-1-300x300.png\" alt=\"\" title=\"AYA NEO AIR PRO 20\"\/><\/figure>\n\n<h2 class=\"wp-block-heading\">V\u010faka procesu 7nn od spolo\u010dnosti TSMC je AYANEO Air \u00fasporn\u00fd a z\u00e1rove\u0148 si zachov\u00e1va vysok\u00fd v\u00fdkon vo va\u0161ich ob\u013e\u00faben\u00fdch tituloch.<\/h2>\n\n<figure class=\"wp-block-image\"><img decoding=\"async\" src=\"https:\/\/droix.net\/wp-content\/uploads\/2022\/10\/cpu-2-1-300x300.png\" alt=\"\" title=\"AYA NEO AIR PRO 21\"\/><\/figure>\n\n<h2 class=\"wp-block-heading\">Procesor AMD Ryzen 7 5825U APU, ktor\u00fd je k dispoz\u00edcii len v modeli AYANEO Air Pro, m\u00e1 o 100 MHz vy\u0161\u0161\u00ed takt ako procesor 5800U a je ide\u00e1lny na hranie hier na cest\u00e1ch.<\/h2>\n\n<h2 class=\"wp-block-heading\">Zistite viac o svojich ob\u013e\u00faben\u00fdch hr\u00e1ch<\/h2>\n\n<figure class=\"wp-block-image\"><img decoding=\"async\" src=\"https:\/\/droix.net\/wp-content\/uploads\/2022\/08\/games-1.png\" alt=\"hry-1\" title=\"AYA NEO AIR PRO 22\"\/><\/figure>\n\n<figure class=\"wp-block-image\"><img decoding=\"async\" src=\"https:\/\/droix.net\/wp-content\/uploads\/2022\/08\/games-2.png\" alt=\"hry-2\" title=\"AYA NEO AIR PRO 23\"\/><\/figure>\n\n<figure class=\"wp-block-image\"><img decoding=\"async\" src=\"https:\/\/droix.net\/wp-content\/uploads\/elementor\/thumbs\/ayaneo-master-q8z5dcnq497mmmrgjif980vegtbvts312kqur5jx8g.png\" alt=\"ayaneo-master.png\" title=\"ayaneo-master.png\"\/><\/figure>\n\n<h2 class=\"wp-block-heading\">Sta\u0148te sa majstrom na bojisku so s\u00fapravou GuliKit.<\/h2>\n\n<h2 class=\"wp-block-heading\">AYANEO, v spolupr\u00e1ci so spolo\u010dnos\u0165ou GuliKit sa venuj\u00fa tomu, aby v\u00e1m poskytli tie najlep\u0161ie hern\u00e9 z\u00e1\u017eitky. Tento hern\u00fd po\u010d\u00edta\u010dov\u00fd handheld je prv\u00fdm modelom, ktor\u00fd je vybaven\u00fd vysokokvalitn\u00fdmi joystickmi GuliKit. <\/h2>\n\n<figure class=\"wp-block-image\"><img decoding=\"async\" src=\"https:\/\/droix.net\/wp-content\/uploads\/elementor\/thumbs\/gulikit-logo-q8z5dcnq497ijbaloaorilpee1n1klosjvnack8xkw.png\" alt=\"gulikit-logo.png\" title=\"gulikit-logo.png\"\/><\/figure>\n\n<figure class=\"wp-block-image\"><img decoding=\"async\" src=\"https:\/\/droix.net\/wp-content\/uploads\/2022\/10\/ayaneo-joystick-device.png\" alt=\"\" title=\"AYA NEO AIR PRO 24\"\/><\/figure>\n\n<h2 class=\"wp-block-heading\">Joysticky bez m\u0155tvej z\u00f3ny<\/h2>\n\n<h2 class=\"wp-block-heading\">Vn\u00fatorn\u00e9 a vonkaj\u0161ie kruhy s\u00fa 100 % bez \u201em\u0155tvych z\u00f3n\u201c<br\/>To je ide\u00e1lne pre hry FPS.<\/h2>\n\n<h2 class=\"wp-block-heading\">Nastavenie citlivosti sp\u00fa\u0161te<\/h2>\n\n<h2 class=\"wp-block-heading\">Pomocou aplik\u00e1cie AYA Space m\u00f4\u017eete \u013eahko ovl\u00e1da\u0165 zdvih stla\u010denia sp\u00fa\u0161te. To v\u00e1m umo\u017en\u00ed stla\u010di\u0165 sp\u00fa\u0161\u0165 na 50 %, aby ste dosiahli pln\u00fd \u00fa\u010dinok. <\/h2>\n\n<h2 class=\"wp-block-heading\">Pohotovostn\u00fd re\u017eim s nulovou spotrebou energie<\/h2>\n\n<h2 class=\"wp-block-heading\">Ovl\u00e1da\u010de m\u00f4\u017eete vypn\u00fa\u0165 v aplik\u00e1cii AYA Space, \u010d\u00edm sa u\u0161etr\u00ed energia.<\/h2>\n\n<h2 class=\"wp-block-heading\">V\u00fdmena k\u013e\u00fa\u010dov A-B X-Y<\/h2>\n\n<h2 class=\"wp-block-heading\">Zvykli ste si na japonsk\u00e9 rozlo\u017eenie? \u017diadny probl\u00e9m! V aplik\u00e1cii AYA Space m\u00f4\u017eete rozvrhnutie vymeni\u0165.  <\/h2>\n\n<figure class=\"wp-block-image\"><img decoding=\"async\" src=\"https:\/\/droix.net\/wp-content\/uploads\/2022\/10\/11.png\" alt=\"\" title=\"AYA NEO AIR PRO 25\"\/><\/figure>\n\n<h2 class=\"wp-block-heading\">\u017diadny drift<\/h2>\n\n<h2 class=\"wp-block-heading\">AYANEO Joysticky Air pou\u017e\u00edvaj\u00fa elektromagnetick\u00e9 kolieska, ktor\u00e9 zabezpe\u010duj\u00fa, \u017ee nedoch\u00e1dza k posunu joysticku.<\/h2>\n\n<figure class=\"wp-block-image\"><img decoding=\"async\" src=\"https:\/\/droix.net\/wp-content\/uploads\/2022\/10\/22.png\" alt=\"\" title=\"AYA NEO AIR PRO 26\"\/><\/figure>\n\n<h2 class=\"wp-block-heading\">\u017diadna m\u0155tva z\u00f3na<\/h2>\n\n<h2 class=\"wp-block-heading\">Joysticky AYANEO Air nemaj\u00fa m\u0155tvu z\u00f3nu v strede a na vonkaj\u0161\u00edch kr\u00fa\u017ekoch joystickov.<\/h2>\n\n<figure class=\"wp-block-image\"><img decoding=\"async\" src=\"https:\/\/droix.net\/wp-content\/uploads\/2022\/10\/33.png\" alt=\"\" title=\"AYA NEO AIR PRO 27\"\/><\/figure>\n\n<h2 class=\"wp-block-heading\">Vysok\u00e1 presnos\u0165<\/h2>\n\n<h2 class=\"wp-block-heading\">Umo\u017en\u00ed v\u00e1m z\u00edska\u0165 \u0165a\u017eko dosiahnute\u013en\u00e9 z\u00e1bery v hr\u00e1ch FPS a plynulo ovl\u00e1da\u0165 vozidlo v jazdn\u00fdch hr\u00e1ch.<\/h2>\n\n<figure class=\"wp-block-image\"><img decoding=\"async\" src=\"https:\/\/droix.net\/wp-content\/uploads\/2022\/10\/44.png\" alt=\"\" title=\"AYA NEO AIR PRO 28\"\/><\/figure>\n\n<h2 class=\"wp-block-heading\">Dlh\u00e1 \u017eivotnos\u0165<\/h2>\n\n<h2 class=\"wp-block-heading\">\u017divotnos\u0165 joystickov Hall je 5 mili\u00f3nov pou\u017eit\u00ed. To zabezpe\u010d\u00ed, \u017ee sa v\u00e1\u0161 AYANEO Air bude spr\u00e1va\u0165 <\/h2>\n\n<h2 class=\"wp-block-heading\">EXKLUZ\u00cdVNE pre AYANEO Devices<\/h2>\n\n<h2 class=\"wp-block-heading\">AYA Space<\/h2>\n\n<h2 class=\"wp-block-heading\">AYA Space v\u00e1m umo\u017e\u0148uje spravova\u0165 a sp\u00fa\u0161\u0165a\u0165 ob\u013e\u00faben\u00e9 hry v priebehu nieko\u013ek\u00fdch sek\u00fand.<br\/>Pomocou aplik\u00e1cie AYA Space m\u00f4\u017eete nastavi\u0165 profily v\u00fdkonu pre jednotliv\u00e9 hry a ovl\u00e1da\u0165 hlavn\u00e9 funkcie zariadenia.<br\/>Zariadenie AYANEO Air je vybaven\u00e9 \u0161peci\u00e1lnym tla\u010didlom AYA Space, ktor\u00e9 dok\u00e1\u017ee jednoducho vyvola\u0165 prekrytie a umo\u017e\u0148uje nastavi\u0165 jas, hlasitos\u0165 a TDP - v\u0161etko stla\u010den\u00edm jedin\u00e9ho tla\u010didla.<\/h2>\n\n<figure class=\"wp-block-image\"><img decoding=\"async\" src=\"https:\/\/droix.net\/wp-content\/uploads\/2022\/10\/ayaspace-ui-768x625.png\" alt=\"\" title=\"AYA NEO AIR PRO 29\"\/><\/figure>\n\n<h2 class=\"wp-block-heading\">Vysokor\u00fdchlostn\u00e9 \u00falo\u017eisko, \u010di u\u017e intern\u00e9 alebo extern\u00e9<\/h2>\n\n<h2 class=\"wp-block-heading\">Intern\u00e9 str\u00e1nky SSD<\/h2>\n\n<h2 class=\"wp-block-heading\">Zabudovan\u00e1 vysokor\u00fdchlostn\u00e1 pam\u00e4\u0165 NVMe SSD s kapacitou a\u017e 2 TB<\/h2>\n\n<figure class=\"wp-block-image\"><img decoding=\"async\" src=\"https:\/\/droix.net\/wp-content\/uploads\/2022\/10\/storage-1.png\" alt=\"\" title=\"AYA NEO AIR PRO 30\"\/><\/figure>\n\n<h2 class=\"wp-block-heading\">Slot na kartu TF\/Micro SD<\/h2>\n\n<h2 class=\"wp-block-heading\">Umo\u017e\u0148uje jednoduch\u00fd upgrade internej pam\u00e4te.<\/h2>\n\n<figure class=\"wp-block-image\"><img decoding=\"async\" src=\"https:\/\/droix.net\/wp-content\/uploads\/2022\/10\/storage-2.png\" alt=\"\" title=\"AYA NEO AIR PRO 31\"\/><\/figure>\n\n<figure class=\"wp-block-image\"><img decoding=\"async\" src=\"https:\/\/droix.net\/wp-content\/uploads\/2022\/10\/multi-use.jpg\" alt=\"\" title=\"AYA NEO AIR PRO 32\"\/><\/figure>\n","protected":false},"excerpt":{"rendered":"<ul>\n<li>AMD <strong>Ryzen 5 5560U<\/strong> \/ AMD <strong>Ryzen 7 5825U<\/strong><\/li>\n<li><strong>16 GB<\/strong> LPDDR4x @ 4266 MHz<\/li>\n<li><strong>a\u017e 1 TB<\/strong> vysokor\u00fdchlostn\u00fd PCI-E <strong>M.2<\/strong> 2280 SSD<\/li>\n<li><strong>5,5<\/strong> &#8220; dotykov\u00fd displej <strong> OLED<\/strong> <\/li>\n<li>Podpora <strong>WiFi 6<\/strong> a <strong>Bluetooth 5.2<\/strong> <\/li>\n<\/ul>\n[cg_accordion title=\"Z\u00e1ruka\"]<\/p>\n<p>Na zariadenie AYANEO AIR PRO poskytuje spolo\u010dnos\u0165 <a href=\"https:\/\/droix.net\/\">DROIX Global<\/a> 1 rok z\u00e1ruky. [\/cg_accordion]\n[cg_accordion title=\"Ceny, dane a doprava\"]<\/p>\n<p><strong><u>Pozn\u00e1mka:<\/u><\/strong><\/p>\n<ul>\n<li>Z\u00e1kazn\u00edci zo Spojen\u00fdch \u0161t\u00e1tov: Z\u00e1kazn\u00edci: Zobrazen\u00e1 cena zah\u0155\u0148a platn\u00fa da\u0148 pod\u013ea v\u00e1\u0161ho \u0161t\u00e1tu.<\/li>\n<li>Z\u00e1kazn\u00edci z E\u00da: V zobrazenej cene je zahrnut\u00e1 platn\u00e1 DA\u0147, ktor\u00e1 m\u00f4\u017ee by\u0165 a\u017e 25% v z\u00e1vislosti od va\u0161ej krajiny.<\/li>\n<li>Z\u00e1kazn\u00edci z Kanady: V z\u00e1vislosti od va\u0161ej provincie m\u00f4\u017ee zobrazen\u00e1 cena zah\u0155\u0148a\u0165 pr\u00edslu\u0161n\u00e9 dane, ktor\u00e9 m\u00f4\u017eu zah\u0155\u0148a\u0165 5% GST a \u010fal\u0161ie provin\u010dn\u00e9 dane z predaja (PST), harmonizovan\u00fa da\u0148 z predaja (HST) alebo quebeck\u00fa da\u0148 z predaja (QST).<\/li>\n<\/ul>\n<p>[\/cg_accordion]\n[cg_accordion title=\"Preprava a vr\u00e1tenie tovaru\"]<\/p>\n<p>Z\u00e1sielky organizuje spolo\u010dnos\u0165 <a href=\"https:\/\/droix.net\/\" target=\"_blank\" rel=\"nofollow noopener\">DROIX<\/a>, ofici\u00e1lny distrib\u00fator AYANEO, a zasielame ich prostredn\u00edctvom slu\u017eby DHL Express DDP (Delivered Duty Paid). To znamen\u00e1: <\/p>\n<p>Expresn\u00e9 DDP (Delivered Duty Paid). To znamen\u00e1: <\/p>\n<ul>\n<li>V\u0161etky cl\u00e1 a dane s\u00fa zahrnut\u00e9 v cene zobrazenej na str\u00e1nke produktu.<\/li>\n<li>Pri doru\u010den\u00ed nemus\u00edte plati\u0165 \u017eiadne \u010fal\u0161ie poplatky.<\/li>\n<li>V zriedkav\u00fdch pr\u00edpadoch probl\u00e9mov s\u00favisiacich s coln\u00fdmi z\u00e1le\u017eitos\u0165ami sa n\u00e1\u0161 t\u00edm postar\u00e1 o coln\u00e9 konanie vo va\u0161om mene, aby sme zabezpe\u010dili bezprobl\u00e9mov\u00e9 doru\u010denie.<\/li>\n<p>D\u00f4le\u017eit\u00e9 inform\u00e1cie o vr\u00e1ten\u00ed tovaru:<\/p>\n<li>Ak sa rozhodnete vr\u00e1ti\u0165 objedn\u00e1vku alebo po\u017eiada\u0165 o vr\u00e1tenie pe\u0148az\u00ed, majte na pam\u00e4ti, \u017ee dane a cl\u00e1 zaplaten\u00e9 vo va\u0161om mene pod\u013ea podmienok DDP nie je mo\u017en\u00e9 vr\u00e1ti\u0165.<\/li>\n<p>Podrobn\u00e9 inform\u00e1cie n\u00e1jdete v na\u0161ich <a href=\"https:\/\/ayaneo.co\/terms-of-service-2\/\" target=\"_blank\" rel=\"nofollow noopener\">zmluvn\u00fdch podmienkach<\/a>.\n<\/ul>\n<p>[\/cg_accordion]\n[cg_accordion title=\"Podpora z\u00e1kazn\u00edkov\"]<\/p>\n<p>M\u00e1te ot\u00e1zku? Od vyrie\u0161enia v\u00e1\u0161ho probl\u00e9mu n\u00e1s del\u00ed kr\u00e1tka textov\u00e1 spr\u00e1va! [\/cg_accordion]\n[cg_accordion title=\"Balenie obsahuje\"]<\/p>\n<ul>\n<li>1x AYANEO AIR PRO Hern\u00fd vreckov\u00fd po\u010d\u00edta\u010d<\/li>\n<li>1x k\u00e1bel USB typu C<\/li>\n<li>1x nap\u00e1jac\u00ed adapt\u00e9r<\/li>\n<li>1x u\u017e\u00edvate\u013esk\u00e1 pr\u00edru\u010dka<\/li>\n<\/ul>\n<p>[\/cg_accordion]\n","protected":false},"featured_media":17181,"template":"","meta":{"_acf_changed":false},"product_brand":[],"product_cat":[1231],"product_tag":[],"class_list":{"0":"post-17180","1":"product","2":"type-product","3":"status-publish","4":"has-post-thumbnail","6":"product_cat-prenosne-herne-pocitace","7":"product_shipping_class-premium","8":"pa_brand-ayaneo","9":"pa_graphics-gpu-model-radeon-graphics","10":"pa_operating-system-windows-11-home","11":"pa_processor-cpu-brand-amd","13":"first","14":"outofstock","15":"taxable","16":"shipping-taxable","17":"purchasable","18":"product-type-variable","19":"has-default-attributes"},"acf":[],"_links":{"self":[{"href":"https:\/\/ayaneo.co\/sk\/wp-json\/wp\/v2\/product\/17180","targetHints":{"allow":["GET"]}}],"collection":[{"href":"https:\/\/ayaneo.co\/sk\/wp-json\/wp\/v2\/product"}],"about":[{"href":"https:\/\/ayaneo.co\/sk\/wp-json\/wp\/v2\/types\/product"}],"wp:featuredmedia":[{"embeddable":true,"href":"https:\/\/ayaneo.co\/sk\/wp-json\/wp\/v2\/media\/17181"}],"wp:attachment":[{"href":"https:\/\/ayaneo.co\/sk\/wp-json\/wp\/v2\/media?parent=17180"}],"wp:term":[{"taxonomy":"product_brand","embeddable":true,"href":"https:\/\/ayaneo.co\/sk\/wp-json\/wp\/v2\/product_brand?post=17180"},{"taxonomy":"product_cat","embeddable":true,"href":"https:\/\/ayaneo.co\/sk\/wp-json\/wp\/v2\/product_cat?post=17180"},{"taxonomy":"product_tag","embeddable":true,"href":"https:\/\/ayaneo.co\/sk\/wp-json\/wp\/v2\/product_tag?post=17180"}],"curies":[{"name":"wp","href":"https:\/\/api.w.org\/{rel}","templated":true}]}}