{"id":17297,"date":"2025-05-08T13:01:34","date_gmt":"2025-05-08T13:01:34","guid":{"rendered":"https:\/\/ayaneo.co\/product\/ayaneo-ag01-graficky-dok-starship\/"},"modified":"2026-01-06T00:32:10","modified_gmt":"2026-01-06T00:32:10","slug":"ayaneo-ag01","status":"publish","type":"product","link":"https:\/\/ayaneo.co\/sk\/product\/ayaneo-ag01\/","title":{"rendered":"AYANEO AG01 Grafick\u00fd dok Starship"},"content":{"rendered":"\n<figure class=\"wp-block-video\"><video height=\"1080\" style=\"aspect-ratio: 1920 \/ 1080;\" width=\"1920\" controls=\"\" poster=\"https:\/\/ayaneo.co\/wp-content\/uploads\/2025\/05\/maxresdefault-4.jpg\" src=\"https:\/\/ayaneo.co\/wp-content\/uploads\/2025\/05\/AYANEO-AG01-Starship-Graphic-Dock_-Salute-to-The-Era-of-Space-Science-Explore-The-Gaming-World.mp4\"><\/video><\/figure>\n\n<h2 class=\"wp-block-heading\" id=\"h-introducing-the-ayaneo-ag01-starship-graphics-dock-power-precision-and-portability-redefined\">Predstavujeme grafick\u00fd dok AYANEO AG01 Starship: V\u00fdkon, presnos\u0165 a prenosnos\u0165 v novej defin\u00edcii<\/h2>\n\n<p><strong>Grafick\u00e1 dokovacia stanicaAYANEO AG01 Starship Graphics Dock<\/strong> otv\u00e1ra nov\u00fa \u00e9ru extern\u00fdch GPU rie\u0161en\u00ed, ktor\u00e9 s\u00fa prisp\u00f4soben\u00e9 pre hr\u00e1\u010dov, tvorcov a profesion\u00e1lov, ktor\u00ed nevy\u017eaduj\u00fa ni\u010d in\u00e9 ako hviezdny v\u00fdkon. V\u010faka futuristick\u00e9mu priemyseln\u00e9mu dizajnu, \u0161pi\u010dkov\u00e9mu grafick\u00e9mu procesoru AMD Radeon RX 7600M XT a robustnej kompatibilite so syst\u00e9mami Windows a Linux nie je AG01 len doplnkom - je to \u0161tartovacia plo\u0161ina pre nekompromisn\u00fd v\u00fdkon stolovej triedy na cest\u00e1ch.   <\/p>\n\n<figure class=\"wp-block-image size-full\"><a href=\"https:\/\/ayaneo.co\/wp-content\/uploads\/2025\/05\/AYANEO-AG01-GRAPHICS_DOCK-MARKETING-IMAGE-DONE-1-1024x576-1.jpg\"><img fetchpriority=\"high\" decoding=\"async\" width=\"1024\" height=\"576\" src=\"https:\/\/ayaneo.co\/wp-content\/uploads\/2025\/05\/AYANEO-AG01-GRAPHICS_DOCK-MARKETING-IMAGE-DONE-1-1024x576-1.jpg\" alt=\"Temn&#xFD; propaga&#x10D;n&#xFD; obr&#xE1;zok AYANEO AG01 s tematikou sci-fi, na ktorom horn&#xFD; prstenec ventil&#xE1;tora svieti na oran&#x17E;ovo a silueta zariadenia je &#x10D;iasto&#x10D;ne osvetlen&#xE1;, &#x10D;o nazna&#x10D;uje vizu&#xE1;l z vesm&#xED;ru.\" class=\"wp-image-37414\" srcset=\"https:\/\/ayaneo.co\/wp-content\/uploads\/2025\/05\/AYANEO-AG01-GRAPHICS_DOCK-MARKETING-IMAGE-DONE-1-1024x576-1.jpg 1024w, https:\/\/ayaneo.co\/wp-content\/uploads\/2025\/05\/AYANEO-AG01-GRAPHICS_DOCK-MARKETING-IMAGE-DONE-1-1024x576-1-300x169.jpg 300w, https:\/\/ayaneo.co\/wp-content\/uploads\/2025\/05\/AYANEO-AG01-GRAPHICS_DOCK-MARKETING-IMAGE-DONE-1-1024x576-1-768x432.jpg 768w, https:\/\/ayaneo.co\/wp-content\/uploads\/2025\/05\/AYANEO-AG01-GRAPHICS_DOCK-MARKETING-IMAGE-DONE-1-1024x576-1-990x557.jpg 990w, https:\/\/ayaneo.co\/wp-content\/uploads\/2025\/05\/AYANEO-AG01-GRAPHICS_DOCK-MARKETING-IMAGE-DONE-1-1024x576-1-441x248.jpg 441w, https:\/\/ayaneo.co\/wp-content\/uploads\/2025\/05\/AYANEO-AG01-GRAPHICS_DOCK-MARKETING-IMAGE-DONE-1-1024x576-1-600x338.jpg 600w, https:\/\/ayaneo.co\/wp-content\/uploads\/2025\/05\/AYANEO-AG01-GRAPHICS_DOCK-MARKETING-IMAGE-DONE-1-1024x576-1-150x84.jpg 150w\" sizes=\"(max-width: 1024px) 100vw, 1024px\" \/><\/a><\/figure>\n\n<p>V\u010faka \u0161pi\u010dkovej integr\u00e1cii rozhran\u00ed OCuLink a USB4 je to jeden z najv\u0161estrannej\u0161\u00edch dokovac\u00edch modulov eGPU, ktor\u00e9 s\u00fa v s\u00fa\u010dasnosti k dispoz\u00edcii. \u010ci u\u017e chcete odomkn\u00fa\u0165 vy\u0161\u0161iu sn\u00edmkov\u00fa frekvenciu na prenosnej konzole, alebo zv\u00fd\u0161i\u0165 produktivitu na kompaktnom notebooku, kompaktn\u00e9 rozmery dokovacej stanice AG01 zaru\u010duj\u00fa \u0161pi\u010dkov\u00fd grafick\u00fd v\u00fdkon bez toho, aby ste museli obetova\u0165 mobilitu. Vitajte v novej gener\u00e1cii extern\u00fdch GPU - odv\u00e1\u017enych, kr\u00e1snych a pripraven\u00fdch na boj.  <\/p>\n\n<hr class=\"wp-block-separator has-alpha-channel-opacity\"\/>\n\n<h2 class=\"wp-block-heading\" id=\"h-ayaneo-ag01-starship-grade-external-gpu-dock\">AYANEO AG01 - Extern\u00fd dokovac\u00ed stanica pre GPU hviezdnej lode<\/h2>\n\n<p><strong>Grafick\u00fd dok AG01 Starship<\/strong> je majstrovsk\u00fdm dielom modern\u00e9ho in\u017einierstva a umeleck\u00e9ho dizajnu. Je in\u0161pirovan\u00fd futuristickou estetikou vesm\u00edrnych lod\u00ed a kombinuje prenosnos\u0165 a v\u00fdkon v \u0161asi \u0161irokom len 18 cm a v\u00e1\u017eiacom menej ako 900 g. Jeho vysoko \u00fa\u010dinn\u00e1 tepeln\u00e1 kon\u0161trukcia, posilnen\u00e1 chladiacim syst\u00e9mom v \u0161t\u00fdle turb\u00edny a vzduchov\u00fdmi kan\u00e1lmi, zaru\u010duje dlhotrvaj\u00faci v\u00fdkon bez \u0161krtenia, a to aj po\u010das intenz\u00edvneho hrania hier alebo renderovania.  <\/p>\n\n<figure class=\"wp-block-image size-full\"><a href=\"https:\/\/ayaneo.co\/wp-content\/uploads\/2025\/05\/AYANEO-AG01-GRAPHICS_DOCK-MARKETING-IMAGE-DONE-2-1024x855-1.jpg\"><img decoding=\"async\" width=\"1024\" height=\"855\" src=\"https:\/\/ayaneo.co\/wp-content\/uploads\/2025\/05\/AYANEO-AG01-GRAPHICS_DOCK-MARKETING-IMAGE-DONE-2-1024x855-1.jpg\" alt=\"Najd&#xF4;le&#x17E;itej&#x161;ie funkcie AYANEO AG01 zobrazen&#xE9; vo futuristickom mrie&#x17E;kovom usporiadan&#xED; vr&#xE1;tane &#x10D;ipu RX 7600M XT, osvetlenia RGB, prisp&#xF4;sobite&#x13E;n&#xE9;ho &#x161;t&#xED;tku, syst&#xE9;mu chladenia a mo&#x17E;nost&#xED; roz&#x161;&#xED;renia vstupov\/v&#xFD;stupov.\" class=\"wp-image-37415\" srcset=\"https:\/\/ayaneo.co\/wp-content\/uploads\/2025\/05\/AYANEO-AG01-GRAPHICS_DOCK-MARKETING-IMAGE-DONE-2-1024x855-1.jpg 1024w, https:\/\/ayaneo.co\/wp-content\/uploads\/2025\/05\/AYANEO-AG01-GRAPHICS_DOCK-MARKETING-IMAGE-DONE-2-1024x855-1-300x250.jpg 300w, https:\/\/ayaneo.co\/wp-content\/uploads\/2025\/05\/AYANEO-AG01-GRAPHICS_DOCK-MARKETING-IMAGE-DONE-2-1024x855-1-768x641.jpg 768w, https:\/\/ayaneo.co\/wp-content\/uploads\/2025\/05\/AYANEO-AG01-GRAPHICS_DOCK-MARKETING-IMAGE-DONE-2-1024x855-1-990x827.jpg 990w, https:\/\/ayaneo.co\/wp-content\/uploads\/2025\/05\/AYANEO-AG01-GRAPHICS_DOCK-MARKETING-IMAGE-DONE-2-1024x855-1-441x368.jpg 441w, https:\/\/ayaneo.co\/wp-content\/uploads\/2025\/05\/AYANEO-AG01-GRAPHICS_DOCK-MARKETING-IMAGE-DONE-2-1024x855-1-600x501.jpg 600w, https:\/\/ayaneo.co\/wp-content\/uploads\/2025\/05\/AYANEO-AG01-GRAPHICS_DOCK-MARKETING-IMAGE-DONE-2-1024x855-1-150x125.jpg 150w\" sizes=\"(max-width: 1024px) 100vw, 1024px\" \/><\/a><\/figure>\n\n<p>Model AG01 je vybaven\u00fd grafick\u00fdm procesorom <strong>AMD Radeon RX 7600M XT<\/strong> zalo\u017een\u00fdm na architekt\u00fare RDNA3 a podporuje \u0161pi\u010dkov\u00e9 hry AAA, \u00fapravu videa a 3D vykres\u013eovanie s v\u00fdnimo\u010dnou \u00fa\u010dinnos\u0165ou. Je ide\u00e1lnym spolo\u010dn\u00edkom pre prenosn\u00e9 hern\u00e9 zariadenia, ako s\u00fa AYANEO 2S, KUN, a dokonca aj zariadenia, ktor\u00e9 nie s\u00fa s\u00fa\u010das\u0165ouAYANEO, prostredn\u00edctvom OCuLink a USB4, vr\u00e1tane Steam Deck, ROG Ally a \u010fal\u0161\u00edch. <\/p>\n\n<hr class=\"wp-block-separator has-alpha-channel-opacity\"\/>\n\n<h2 class=\"wp-block-heading\" id=\"h-performance-that-launches-beyond-limits\">V\u00fdkon, ktor\u00fd prekra\u010duje hranice<\/h2>\n\n<p><strong>Grafick\u00e1 jednotka:<\/strong> Srdcom AG01 je grafick\u00fd procesor <strong>AMD Radeon RX 7600M XT<\/strong> s 32 v\u00fdpo\u010dtov\u00fdmi jednotkami, 8 GB pam\u00e4te GDDR6 a maxim\u00e1lnym taktom 2300 MHz. Tento v\u00fdkonn\u00fd procesor poskytuje plynul\u00e9 hranie v rozl\u00ed\u0161en\u00ed 1080p a dokonca 1440p a vynik\u00e1 vo v\u00fdkonn\u00fdch aplik\u00e1ci\u00e1ch od titulov AAA a\u017e po kreat\u00edvne pracovn\u00e9 postupy akcelerovan\u00e9 GPU. <\/p>\n\n<p><strong>Pokro\u010dil\u00fd chladiaci syst\u00e9m:<\/strong> Na rozdiel od be\u017en\u00fdch eGPU je AG01 vybaven\u00fd jedine\u010dne navrhnut\u00fdm chladiacim syst\u00e9mom s dvoma vstupmi vzduchu a vysoko\u00fa\u010dinn\u00fdm ventil\u00e1torom. T\u00e1to kon\u0161trukcia maximalizuje pr\u00fadenie vzduchu pri zachovan\u00ed n\u00edzkej hlu\u010dnosti, \u010do umo\u017e\u0148uje trval\u00fd v\u00fdkon aj po\u010das dlh\u00fdch seden\u00ed. <\/p>\n\n<hr class=\"wp-block-separator has-alpha-channel-opacity\"\/>\n\n<h2 class=\"wp-block-heading\" id=\"h-seamless-connectivity\">Bezprobl\u00e9mov\u00e9 pripojenie<\/h2>\n\n<figure class=\"wp-block-image size-full\"><a href=\"https:\/\/ayaneo.co\/wp-content\/uploads\/2025\/05\/AYANEO-AG01-GRAPHICS_DOCK-MARKETING-IMAGE-DONE-3-1024x576-1.jpg\"><img decoding=\"async\" width=\"1024\" height=\"576\" src=\"https:\/\/ayaneo.co\/wp-content\/uploads\/2025\/05\/AYANEO-AG01-GRAPHICS_DOCK-MARKETING-IMAGE-DONE-3-1024x576-1.jpg\" alt=\"Sch&#xE9;ma zobrazuj&#xFA;ca rozlo&#x17E;enie vstupov a v&#xFD;stupov na zadnej strane grafickej dokovacej stanice AYANEO AG01 s ozna&#x10D;en&#xED;m portov vr&#xE1;tane DP 2.0, HDMI 2.1, OCuLink, USB4, DC, RJ45 a USB 3.2 Gen 2.\" class=\"wp-image-37416\" srcset=\"https:\/\/ayaneo.co\/wp-content\/uploads\/2025\/05\/AYANEO-AG01-GRAPHICS_DOCK-MARKETING-IMAGE-DONE-3-1024x576-1.jpg 1024w, https:\/\/ayaneo.co\/wp-content\/uploads\/2025\/05\/AYANEO-AG01-GRAPHICS_DOCK-MARKETING-IMAGE-DONE-3-1024x576-1-300x169.jpg 300w, https:\/\/ayaneo.co\/wp-content\/uploads\/2025\/05\/AYANEO-AG01-GRAPHICS_DOCK-MARKETING-IMAGE-DONE-3-1024x576-1-768x432.jpg 768w, https:\/\/ayaneo.co\/wp-content\/uploads\/2025\/05\/AYANEO-AG01-GRAPHICS_DOCK-MARKETING-IMAGE-DONE-3-1024x576-1-990x557.jpg 990w, https:\/\/ayaneo.co\/wp-content\/uploads\/2025\/05\/AYANEO-AG01-GRAPHICS_DOCK-MARKETING-IMAGE-DONE-3-1024x576-1-441x248.jpg 441w, https:\/\/ayaneo.co\/wp-content\/uploads\/2025\/05\/AYANEO-AG01-GRAPHICS_DOCK-MARKETING-IMAGE-DONE-3-1024x576-1-600x338.jpg 600w, https:\/\/ayaneo.co\/wp-content\/uploads\/2025\/05\/AYANEO-AG01-GRAPHICS_DOCK-MARKETING-IMAGE-DONE-3-1024x576-1-150x84.jpg 150w\" sizes=\"(max-width: 1024px) 100vw, 1024px\" \/><\/a><\/figure>\n\n<p><strong>OCuLink a USB4 Ready:<\/strong> AG01 podporuje rozhrania <strong>OCuLink SFF-8612<\/strong> a <strong>USB4<\/strong>, \u010d\u00edm pon\u00faka \u0161irok\u00fa kompatibilitu s prenosn\u00fdmi po\u010d\u00edta\u010dmi a notebookmi. OCuLink poskytuje vynikaj\u00faci v\u00fdkon GPU t\u00fdm, \u017ee obch\u00e1dza \u00fazke miesta tradi\u010dn\u00fdch pripojen\u00ed Thunderbolt, \u010do z neho rob\u00ed najlep\u0161iu vo\u013ebu pre seri\u00f3znych hr\u00e1\u010dov a tvorcov. <\/p>\n\n<p><strong>Podpora v\u0161estrann\u00fdch zariaden\u00ed:<\/strong> AG01 sa \u013eahko prisp\u00f4sob\u00ed, \u010di u\u017e sa prip\u00e1jate k ru\u010dn\u00e9mu zariadeniu AYANEO, Steam Deck, alebo ku kompaktn\u00e9mu zariadeniu so syst\u00e9mom Windows\/Linux. Podporuje funkciu plug-and-play bez potreby \u00faprav syst\u00e9mu BIOS pre v\u00e4\u010d\u0161inu syst\u00e9mov. <\/p>\n\n<hr class=\"wp-block-separator has-alpha-channel-opacity\"\/>\n\n<h2 class=\"wp-block-heading\" id=\"h-built-to-travel-designed-to-impress\">Vytvoren\u00e9 na cestovanie, navrhnut\u00e9 tak, aby zap\u00f4sobili<\/h2>\n\n<p><strong>Kompaktn\u00fd a \u013eahk\u00fd:<\/strong> S rozmermi len 18 cm x 6,3 cm x 3 cm a hmotnos\u0165ou 869 g je AG01 jedn\u00fdm z najmen\u0161\u00edch vysoko v\u00fdkonn\u00fdch dokovac\u00edch zariaden\u00ed eGPU na svete. Jeho vesm\u00edrny dizajn sa zdvojn\u00e1sob\u00ed ako v\u00fdrazn\u00fd k\u00fasok na va\u0161om stole alebo v technickej ta\u0161ke. <\/p>\n\n<p><strong>Pr\u00e9miov\u00e9 materi\u00e1ly:<\/strong> \u0160asi je vyroben\u00e9 z hlin\u00edkovej zliatiny leteckej kvality, ktor\u00e1 kombinuje odolnos\u0165 s tepelnou \u00fa\u010dinnos\u0165ou a elegantnou estetikou.<\/p>\n\n<figure class=\"wp-block-image size-full\"><a href=\"https:\/\/ayaneo.co\/wp-content\/uploads\/2025\/05\/AYANEO-AG01-GRAPHICS_DOCK-MARKETING-IMAGE-DONE-8-1024x576-1.jpg\"><img loading=\"lazy\" decoding=\"async\" width=\"1024\" height=\"576\" src=\"https:\/\/ayaneo.co\/wp-content\/uploads\/2025\/05\/AYANEO-AG01-GRAPHICS_DOCK-MARKETING-IMAGE-DONE-8-1024x576-1.jpg\" alt=\"Dramatick&#xFD; vizu&#xE1;l dvoch kovov&#xFD;ch &#x10D;ast&#xED; podvozku AYANEO AG01 v polovici oddelenia, ktor&#xFD; zd&#xF4;raz&#x148;uje jeho jemne spracovan&#xE9; kovov&#xE9; telo na hviezdnom vesm&#xED;rnom pozad&#xED;.\" class=\"wp-image-37417\" srcset=\"https:\/\/ayaneo.co\/wp-content\/uploads\/2025\/05\/AYANEO-AG01-GRAPHICS_DOCK-MARKETING-IMAGE-DONE-8-1024x576-1.jpg 1024w, https:\/\/ayaneo.co\/wp-content\/uploads\/2025\/05\/AYANEO-AG01-GRAPHICS_DOCK-MARKETING-IMAGE-DONE-8-1024x576-1-300x169.jpg 300w, https:\/\/ayaneo.co\/wp-content\/uploads\/2025\/05\/AYANEO-AG01-GRAPHICS_DOCK-MARKETING-IMAGE-DONE-8-1024x576-1-768x432.jpg 768w, https:\/\/ayaneo.co\/wp-content\/uploads\/2025\/05\/AYANEO-AG01-GRAPHICS_DOCK-MARKETING-IMAGE-DONE-8-1024x576-1-990x557.jpg 990w, https:\/\/ayaneo.co\/wp-content\/uploads\/2025\/05\/AYANEO-AG01-GRAPHICS_DOCK-MARKETING-IMAGE-DONE-8-1024x576-1-441x248.jpg 441w, https:\/\/ayaneo.co\/wp-content\/uploads\/2025\/05\/AYANEO-AG01-GRAPHICS_DOCK-MARKETING-IMAGE-DONE-8-1024x576-1-600x338.jpg 600w, https:\/\/ayaneo.co\/wp-content\/uploads\/2025\/05\/AYANEO-AG01-GRAPHICS_DOCK-MARKETING-IMAGE-DONE-8-1024x576-1-150x84.jpg 150w\" sizes=\"(max-width: 1024px) 100vw, 1024px\" \/><\/a><\/figure>\n\n<hr class=\"wp-block-separator has-alpha-channel-opacity\"\/>\n\n<h2 class=\"wp-block-heading\" id=\"h-user-experience\">Sk\u00fasenosti pou\u017e\u00edvate\u013eov<\/h2>\n\n<p>Model AG01 nastavuje nov\u00fa latku v oblasti pou\u017e\u00edvate\u013esky pr\u00edvetiv\u00e9ho v\u00fdkonu. V\u010faka podpore bez ovl\u00e1da\u010dov pre syst\u00e9my Windows a Linux, bezprobl\u00e9movej kompatibilite zariaden\u00ed a nastaveniu plug-and-play je ide\u00e1lny pre nov\u00e1\u010dikov aj technicky zdatn\u00fdch nad\u0161encov. \u010ci u\u017e streamujete, navrhujete, hr\u00e1te hry alebo vykon\u00e1vate multitasking na viacer\u00fdch displejoch, AG01 poskytuje plynul\u00fd a pohlcuj\u00faci z\u00e1\u017eitok.  <\/p>\n\n<hr class=\"wp-block-separator has-alpha-channel-opacity\"\/>\n\n<h2 class=\"wp-block-heading\" id=\"h-conclusion\">Z\u00e1ver<\/h2>\n\n<p><strong>Grafick\u00e1 dokovacia stanicaAYANEO AG01 Starship Graphics Dock<\/strong> je viac ne\u017e len extern\u00fd grafick\u00fd procesor - je to skok do bud\u00facnosti, kde sa prenosnos\u0165 stret\u00e1va so skuto\u010dn\u00fdm v\u00fdkonom na \u00farovni stoln\u00e9ho po\u010d\u00edta\u010da. V\u010faka grafickej karte Radeon RX 7600M XT, mo\u017enosti pripojenia cez dve rozhrania a d\u00f4myseln\u00e9mu dizajnu AG01 nanovo definuje mo\u017enosti prenosn\u00fdch po\u010d\u00edta\u010dov. <\/p>\n\n<p>Predobjednajte si AG01 teraz a sta\u0148te sa s\u00fa\u010das\u0165ou novej gener\u00e1cie hr\u00e1\u010dov a tvorcov, ktor\u00ed vyu\u017e\u00edvaj\u00fa nekompromisn\u00fd v\u00fdkon, nech u\u017e id\u00fa kamko\u013evek.  <strong>Na str\u00e1nke AYANEO s\u00fa hviezdy len za\u010diatkom.<\/strong><\/p>\n","protected":false},"excerpt":{"rendered":"<ul>\n<li>Grafick\u00fd procesor <strong>Radeon\u2122 RX 7600M XT<\/strong> s architekt\u00farou RDNA 3<\/li>\n<li><strong>Du\u00e1lne rozhranie:<\/strong> OCuLink a USB 4.0 (Type-C, 65W PD)<\/li>\n<li><strong>Kompaktn\u00fd a \u013eahk\u00fd:<\/strong> Prenosn\u00fd dizajn in\u0161pirovan\u00fd hviezdnou lo\u010fou<\/li>\n<li><strong>Optimalizovan\u00e9 chladenie:<\/strong> Vysoko\u00fa\u010dinn\u00fd syst\u00e9m turb\u00ednov\u00fdch ventil\u00e1torov<\/li>\n<li><strong>Kompatibiln\u00e9 s:<\/strong> AYANEO 2S, KUN, FLIP DS, ROG Ally, Steam Deck<\/li>\n<\/ul>\n[cg_accordion title=\"INFORM\u00c1CIE O PLATBE\"]<\/p>\n<p>Pou\u017e\u00edvame najnov\u0161iu technol\u00f3giu spracovania platieb, ktor\u00e1 v\u00e1m umo\u017e\u0148uje vykona\u0165 platbu prostredn\u00edctvom Apple Pay, Google Pay, va\u0161ej debetnej\/kreditnej karty, PayPal alebo met\u00f3d BNPL, ako s\u00fa Klarna, Affirm alebo AfterPay, \u010do je r\u00fdchle a bezpe\u010dn\u00e9.[\/cg_accordion]\n[cg_accordion title=\"Z\u00c1RUKA\"]<\/p>\n<p>1 rok z\u00e1ruky od <a href=\"https:\/\/droix.net\/\" target=\"_blank\" rel=\"nofollow noopener\">spolo\u010dnosti DROIX Global pre<\/a> v\u00e1\u0161 pokoj[\/cg_accordion]\n[cg_accordion title=\"ZABEZPE\u010cENIE KVALITY A TESTOVANIE PRED ODOSLAN\u00cdM\"]<\/p>\n<p>Zabezpe\u010denie spokojnosti z\u00e1kazn\u00edkov na najvy\u0161\u0161ej \u00farovni: Pred odoslan\u00edm prech\u00e1dza ka\u017ed\u00e9 zariadenie pr\u00edsnym testovan\u00edm a viacbodovou kontrolou kvality. N\u00e1\u0161 \u0161pecializovan\u00fd t\u00edm overuje v\u00fdkon, funk\u010dnos\u0165 a integritu komponentov, aby sme v\u00e1m zaru\u010dili, \u017ee va\u0161e zariadenie AYANEO bude pri pr\u00edchode v perfektnom stave, \u010do v\u00e1m poskytne istotu a pokoj. [\/cg_accordion]\n[cg_accordion title=\"CENY, DANE A DOPRAVA\"]<\/p>\n<p><strong><u>Pozn\u00e1mka:<\/u><\/strong><\/p>\n<ul>\n<li>Z\u00e1kazn\u00edci zo Spojen\u00fdch \u0161t\u00e1tov: Z\u00e1kazn\u00edci: Zobrazen\u00e1 cena nezah\u0155\u0148a da\u0148 ani clo. Zodpovednos\u0165 za coln\u00e9 konanie a zaplatenie akejko\u013evek s\u00favisiacej dane\/coln\u00e9ho poplatku nesie z\u00e1kazn\u00edk. <\/li>\n<li>Z\u00e1kazn\u00edci z E\u00da: V zobrazenej cene je zahrnut\u00e1 platn\u00e1 DA\u0147, ktor\u00e1 m\u00f4\u017ee by\u0165 a\u017e 25% v z\u00e1vislosti od va\u0161ej krajiny.<\/li>\n<li>Z\u00e1kazn\u00edci z Kanady: V z\u00e1vislosti od va\u0161ej provincie m\u00f4\u017ee zobrazen\u00e1 cena zah\u0155\u0148a\u0165 pr\u00edslu\u0161n\u00e9 dane, ktor\u00e9 m\u00f4\u017eu zah\u0155\u0148a\u0165 5% GST a \u010fal\u0161ie provin\u010dn\u00e9 dane z predaja (PST), harmonizovan\u00fa da\u0148 z predaja (HST) alebo quebeck\u00fa da\u0148 z predaja (QST).<\/li>\n<\/ul>\n<p><strong>Len pre z\u00e1kazn\u00edkov z E\u00da:<\/strong> Expresn\u00e9 DDP (Delivered Duty Paid). To znamen\u00e1: <\/p>\n<ul>\n<li>V\u0161etky cl\u00e1 a dane s\u00fa zahrnut\u00e9 v cene zobrazenej na str\u00e1nke produktu.<\/li>\n<li>Pri doru\u010den\u00ed nemus\u00edte plati\u0165 \u017eiadne \u010fal\u0161ie poplatky.<\/li>\n<li>V zriedkav\u00fdch pr\u00edpadoch probl\u00e9mov s\u00favisiacich s coln\u00fdmi z\u00e1le\u017eitos\u0165ami sa n\u00e1\u0161 t\u00edm postar\u00e1 o coln\u00e9 konanie vo va\u0161om mene, aby sme zabezpe\u010dili bezprobl\u00e9mov\u00e9 doru\u010denie.<\/li>\n<p>D\u00f4le\u017eit\u00e9 inform\u00e1cie o vr\u00e1ten\u00ed tovaru:<\/p>\n<li>Ak sa rozhodnete vr\u00e1ti\u0165 objedn\u00e1vku alebo po\u017eiada\u0165 o vr\u00e1tenie pe\u0148az\u00ed, majte na pam\u00e4ti, \u017ee dane a cl\u00e1 zaplaten\u00e9 vo va\u0161om mene pod\u013ea podmienok DDP nie je mo\u017en\u00e9 vr\u00e1ti\u0165.<\/li>\n<p>Podrobn\u00e9 inform\u00e1cie n\u00e1jdete v na\u0161ich <a href=\"https:\/\/ayaneo.co\/sk\/podmienky-sluzby\/\" target=\"_blank\" rel=\"nofollow noopener\">zmluvn\u00fdch podmienkach<\/a>.\n<\/ul>\n<p>[\/cg_accordion]\n[cg_accordion title=\"Z\u00c1KAZN\u00cdCKA PODPORA\"]<\/p>\n<p>M\u00e1te ot\u00e1zku? Od vyrie\u0161enia v\u00e1\u0161ho probl\u00e9mu n\u00e1s del\u00ed kr\u00e1tka textov\u00e1 spr\u00e1va! [\/cg_accordion]\n[cg_accordion title=\"BALENIE OBSAHUJE\"]<\/p>\n<ul>\n<li>1x AYANEO AG01 Starship Graphics Dock<\/li>\n<li>1x k\u00e1bel USB typu C<\/li>\n<li>1x u\u017e\u00edvate\u013esk\u00e1 pr\u00edru\u010dka<\/li>\n<\/ul>\n<p>[\/cg_accordion]\n","protected":false},"featured_media":17303,"template":"","meta":{"_acf_changed":false},"product_brand":[],"product_cat":[1196],"product_tag":[],"class_list":{"0":"post-17297","1":"product","2":"type-product","3":"status-publish","4":"has-post-thumbnail","6":"product_cat-prislusenstvo","7":"product_shipping_class-premium","8":"pa_brand-ayaneo","9":"pa_graphics-gpu-model-radeon-rx-7600m-xt","11":"first","12":"outofstock","13":"sale","14":"taxable","15":"shipping-taxable","16":"purchasable","17":"product-type-variable","18":"has-default-attributes"},"acf":[],"_links":{"self":[{"href":"https:\/\/ayaneo.co\/sk\/wp-json\/wp\/v2\/product\/17297","targetHints":{"allow":["GET"]}}],"collection":[{"href":"https:\/\/ayaneo.co\/sk\/wp-json\/wp\/v2\/product"}],"about":[{"href":"https:\/\/ayaneo.co\/sk\/wp-json\/wp\/v2\/types\/product"}],"wp:featuredmedia":[{"embeddable":true,"href":"https:\/\/ayaneo.co\/sk\/wp-json\/wp\/v2\/media\/17303"}],"wp:attachment":[{"href":"https:\/\/ayaneo.co\/sk\/wp-json\/wp\/v2\/media?parent=17297"}],"wp:term":[{"taxonomy":"product_brand","embeddable":true,"href":"https:\/\/ayaneo.co\/sk\/wp-json\/wp\/v2\/product_brand?post=17297"},{"taxonomy":"product_cat","embeddable":true,"href":"https:\/\/ayaneo.co\/sk\/wp-json\/wp\/v2\/product_cat?post=17297"},{"taxonomy":"product_tag","embeddable":true,"href":"https:\/\/ayaneo.co\/sk\/wp-json\/wp\/v2\/product_tag?post=17297"}],"curies":[{"name":"wp","href":"https:\/\/api.w.org\/{rel}","templated":true}]}}