{"id":17388,"date":"2025-05-02T12:08:14","date_gmt":"2025-05-02T12:08:14","guid":{"rendered":"https:\/\/ayaneo.co\/product\/ayaneo-vreckove-zariadenie-ace\/"},"modified":"2025-12-11T00:14:10","modified_gmt":"2025-12-11T00:14:10","slug":"ayaneo-pocket-ace","status":"publish","type":"product","link":"https:\/\/ayaneo.co\/sk\/product\/ayaneo-pocket-ace\/","title":{"rendered":"AYANEO Pocket ACE"},"content":{"rendered":"\n<figure class=\"wp-block-video\"><video controls=\"\" poster=\"https:\/\/droix.net\/wp-content\/uploads\/2025\/04\/maxresdefault.jpg\" src=\"https:\/\/droix.net\/wp-content\/uploads\/2025\/04\/ace.mp4\"><\/video><\/figure>\n\n<div class=\"wp-block-columns is-layout-flex wp-container-core-columns-is-layout-28f84493 wp-block-columns-is-layout-flex\">\n<div class=\"wp-block-column is-layout-flow wp-block-column-is-layout-flow\" style=\"flex-basis:33.33%\">\n<figure class=\"wp-block-image size-large\"><a href=\"https:\/\/droix.net\/wp-content\/uploads\/2025\/04\/AYANEO-POCKET-ACE-MARKETING-DONE-01.jpg\" target=\"_blank\" rel=\"noopener\"><img decoding=\"async\" src=\"https:\/\/droix.net\/wp-content\/uploads\/2025\/04\/AYANEO-POCKET-ACE-MARKETING-DONE-01-1024x837.jpg\" alt=\"Ru&#x10D;n&#xE1; hern&#xE1; konzola AYANEO Pocket ACE zobrazen&#xE1; na stole s farebn&#xFD;m gradientn&#xFD;m logom na obrazovke. Zariadenie je vybaven&#xE9; D-padom, anal&#xF3;gov&#xFD;mi p&#xE1;&#x10D;kami a ak&#x10D;n&#xFD;mi tla&#x10D;idlami, ktor&#xE9; s&#xFA; osvetlen&#xE9; v teplom prostred&#xED; s rozmazan&#xFD;m oran&#x17E;ov&#xFD;m pozad&#xED;m. \" class=\"wp-image-195929\"\/><\/a><\/figure>\n<\/div>\n\n\n\n<div class=\"wp-block-column is-layout-flow wp-block-column-is-layout-flow\" style=\"flex-basis:66.66%\">\n<h3 class=\"wp-block-heading\">Za\u017eite retro hry ako nikdy predt\u00fdm s AYANEO Pocket ACE<\/h3>\n\n\n\n<p>AYANEO Pocket ACE je revolu\u010dn\u00e9 vreckov\u00e9 hern\u00e9 zariadenie, v ktorom sa dokonale sp\u00e1ja \u010daro retro hier so \u0161pi\u010dkovou modernou technol\u00f3giou. Toto zariadenie \u010derp\u00e1 in\u0161pir\u00e1ciu z klasick\u00fdch horizont\u00e1lnych vreckov\u00fdch konzol a pon\u00faka nostalgick\u00fa estetiku v kombin\u00e1cii so siln\u00fdm v\u00fdkonom, \u010do z neho rob\u00ed vynikaj\u00facu vo\u013ebu pre nad\u0161encov retro hier aj modern\u00fdch hr\u00e1\u010dov. <\/p>\n<\/div>\n<\/div>\n\n<hr class=\"wp-block-separator has-alpha-channel-opacity\"\/>\n\n<div class=\"wp-block-columns is-layout-flex wp-container-core-columns-is-layout-28f84493 wp-block-columns-is-layout-flex\">\n<div class=\"wp-block-column is-layout-flow wp-block-column-is-layout-flow\">\n<figure class=\"wp-block-image size-large\"><a href=\"https:\/\/droix.net\/wp-content\/uploads\/2025\/04\/snapdragon_g3x_gen2_rounded.png\" target=\"_blank\" rel=\"noopener\"><img decoding=\"async\" src=\"https:\/\/droix.net\/wp-content\/uploads\/2025\/04\/snapdragon_g3x_gen2_rounded-1024x837.png\" alt=\"Odznak procesora Snapdragon G3x Gen 2 v zaoblenom zlatom &#x161;tvorci s &#x10D;erven&#xFD;m embl&#xE9;mom plame&#x148;a na pravej strane a tu&#x10D;n&#xFD;m &#x10D;erven&#xFD;m textom &quot;Snapdragon G3x Gen 2&quot; na &#x13E;avej strane.\" class=\"wp-image-195933\"\/><\/a><\/figure>\n\n\n\n<h3 class=\"wp-block-heading\">V\u00fdkon<\/h3>\n\n\n\n<p>Z\u00e1kladom vreckov\u00e9ho po\u010d\u00edta\u010da ACE je hern\u00e1 platforma Snapdragon G3x Gen 2, ktor\u00e1 poskytuje a\u017e 15 W trval\u00e9ho v\u00fdkonu. Tento v\u00fdkonn\u00fd procesor zabezpe\u010duje plynul\u00fa emul\u00e1ciu retro titulov a efekt\u00edvne spracovanie modern\u00fdch hier pre syst\u00e9m Android. Zariadenie pon\u00faka viacero v\u00fdkonnostn\u00fdch re\u017eimov - \u00fasporn\u00fd, vyv\u00e1\u017een\u00fd, hern\u00fd a maxim\u00e1lny - ktor\u00e9 pou\u017e\u00edvate\u013eom umo\u017e\u0148uj\u00fa optimalizova\u0165 v\u00fdkon pod\u013ea ich hern\u00fdch potrieb.  <\/p>\n<\/div>\n\n\n\n<div class=\"wp-block-column is-layout-flow wp-block-column-is-layout-flow\">\n<figure class=\"wp-block-image size-large\"><a href=\"https:\/\/droix.net\/wp-content\/uploads\/2025\/04\/AYANEO-POCKET-ACE-MARKETING-DONE-02.jpg\" target=\"_blank\" rel=\"noopener\"><img decoding=\"async\" src=\"https:\/\/droix.net\/wp-content\/uploads\/2025\/04\/AYANEO-POCKET-ACE-MARKETING-DONE-02-1024x837.jpg\" alt=\"Dve vreckov&#xE9; hern&#xE9; konzoly AYANEO Pocket ACE ved&#x13E;a seba - jedna biela s &#x10D;erven&#xFD;mi tla&#x10D;idlami s n&#xE1;pisom &quot;Retro Power&quot; a jedna &#x10D;ierna s tmav&#xFD;mi ovl&#xE1;dac&#xED;mi prvkami. Obe zobrazuj&#xFA; farebn&#xFA; pruhovan&#xFA; grafiku obrazovky, ktor&#xE1; prezentuje r&#xF4;zne farebn&#xE9; sch&#xE9;my. Osvetlen&#xE9; tepl&#xFD;mi a studen&#xFD;mi t&#xF3;nmi, ktor&#xE9; zv&#xFD;raz&#x148;uj&#xFA; hardv&#xE9;rov&#xFD; dizajn a tla&#x10D;idl&#xE1; na ramen&#xE1;ch.  \" class=\"wp-image-195932\"\/><\/a><\/figure>\n\n\n\n<h3 class=\"wp-block-heading\">Ovl\u00e1dacie prvky a vstupy<\/h3>\n\n\n\n<p>Pocket ACE je vybaven\u00fd v\u0161estrann\u00fdm rozlo\u017een\u00edm ovl\u00e1dac\u00edch prvkov navrhnut\u00fdm tak, aby vyhovovalo r\u00f4znym hern\u00fdm \u017e\u00e1nrom. Medzi k\u013e\u00fa\u010dov\u00e9 funkcie patr\u00ed. <\/p>\n\n\n\n<ul class=\"wp-block-list\">\n<li>Stredn\u00e9 anal\u00f3gov\u00e9 joysticky s Hallov\u00fdm efektom na presn\u00e9 zad\u00e1vanie<\/li>\n\n\n\n<li>Line\u00e1rne sp\u00fa\u0161\u0165a\u010de s Hallov\u00fdm efektom na citliv\u00e9 ovl\u00e1danie<\/li>\n\n\n\n<li>D-pad v retro \u0161t\u00fdle umiestnen\u00fd v hornej \u010dasti pre klasick\u00fd pocit z hry<\/li>\n\n\n\n<li>Tla\u010didl\u00e1 ABXY s prisp\u00f4sobite\u013en\u00fdm rozlo\u017een\u00edm<\/li>\n\n\n\n<li>\u010eal\u0161ie tla\u010didl\u00e1 vr\u00e1tane tla\u010didiel Domov, Turbo a skratiek emul\u00e1tora<\/li>\n<\/ul>\n<\/div>\n\n\n\n<div class=\"wp-block-column is-layout-flow wp-block-column-is-layout-flow\">\n<figure class=\"wp-block-image size-large\"><a href=\"https:\/\/droix.net\/wp-content\/uploads\/2025\/04\/seamless_power_combination_rounded.png\" target=\"_blank\" rel=\"noopener\"><img decoding=\"async\" src=\"https:\/\/droix.net\/wp-content\/uploads\/2025\/04\/seamless_power_combination_rounded-1024x837.png\" alt=\"Infografika propaguj&#xFA;ca v&#xFD;konnostn&#xE9; vlastnosti prenosnej hernej konzoly. Medzi hlavn&#xE9; prednosti patr&#xED; pam&#xE4;&#x165; LPDDR5X s r&#xFD;chlos&#x165;ou 8533 Mb\/s, &#xFA;lo&#x17E;isko UFS 4.0 s r&#xFD;chlos&#x165;ou &#x10D;&#xED;tania viac ako 4000 MB\/s a podpora ve&#x13E;kej &#xFA;lo&#x17E;nej kapacity na ulo&#x17E;enie mnoh&#xFD;ch hier. Tri panely ilustruj&#xFA; pam&#xE4;&#x165;, &#xFA;lo&#x17E;isko a hern&#xFA; kni&#x17E;nicu pomocou pixelovej grafiky a miniat&#xFA;r obalov hier.  \" class=\"wp-image-195934\"\/><\/a><\/figure>\n\n\n\n<h3 class=\"wp-block-heading\">Ukladanie a pripojenie<\/h3>\n\n\n\n<p>AYANEO Pocket ACE pon\u00faka flexibiln\u00e9 mo\u017enosti ukladania, aby vyhovel r\u00f4znym potreb\u00e1m pou\u017e\u00edvate\u013eov.<\/p>\n\n\n\n<ul class=\"wp-block-list\">\n<li>8 GB RAM + 128 GB \u00falo\u017eisko<\/li>\n\n\n\n<li>12 GB RAM + 256 GB \u00falo\u017eisko<\/li>\n\n\n\n<li>16 GB RAM + 512 GB \u00falo\u017eisko<\/li>\n\n\n\n<li>16 GB RAM + 1 TB \u00falo\u017eisko<\/li>\n<\/ul>\n\n\n\n<p>K dispoz\u00edcii je aj slot na kartu microSD na jednoduch\u00e9 roz\u0161\u00edrenie \u00falo\u017enej kapacity. Pokia\u013e ide o konektivitu, zariadenie obsahuje vysokor\u00fdchlostn\u00e9 Wi-Fi, Bluetooth 5.3 a port USB 3.2 Gen 2 Type-C, ktor\u00fd podporuje prenos d\u00e1t r\u00fdchlos\u0165ou 10 Gb\/s a obrazov\u00fd v\u00fdstup DP 1.4. <\/p>\n<\/div>\n<\/div>\n\n<hr class=\"wp-block-separator has-alpha-channel-opacity\"\/>\n\n<div class=\"wp-block-columns is-layout-flex wp-container-core-columns-is-layout-28f84493 wp-block-columns-is-layout-flex\">\n<div class=\"wp-block-column is-layout-flow wp-block-column-is-layout-flow\">\n<figure class=\"wp-block-image size-large is-resized\"><a href=\"https:\/\/droix.net\/wp-content\/uploads\/2025\/04\/ips_screen_rounded-1.png\" target=\"_blank\" rel=\"noopener\"><img decoding=\"async\" src=\"https:\/\/droix.net\/wp-content\/uploads\/2025\/04\/ips_screen_rounded-1-1024x837.png\" alt=\"\" class=\"wp-image-195936\" style=\"width:434px;height:auto\"\/><\/a><\/figure>\n\n\n\n<h3 class=\"wp-block-heading\">Dizajn a zobrazenie<\/h3>\n\n\n\n<p>AYANEO Pocket ACE m\u00e1 elegantn\u00fd a kompaktn\u00fd dizajn pripom\u00ednaj\u00faci tradi\u010dn\u00e9 horizont\u00e1lne vreckov\u00e9 konzoly. Jeho 4,5-palcov\u00fd displej IPS sa m\u00f4\u017ee pochv\u00e1li\u0165 rozl\u00ed\u0161en\u00edm 1620 \u00d7 1080 pixelov s pomerom str\u00e1n 3:2. Poskytuje \u017eiv\u00e9 farby a ostr\u00fd obraz, ktor\u00fd o\u017eiv\u00ed retro aj modern\u00e9 hry. Zariadenie je k dispoz\u00edcii v troch r\u00f4znych farebn\u00fdch variantoch.  <\/p>\n\n\n\n<ul class=\"wp-block-list\">\n<li>Tanec tie\u0148ov \u010dierna<\/li>\n\n\n\n<li>Svetl\u00e1 \u010depe\u013e biela<\/li>\n\n\n\n<li>Retro Power (limitovan\u00e1 ed\u00edcia)<\/li>\n<\/ul>\n\n\n\n<p>\u0160tvorn\u00e1sobne zakriven\u00e9 hrany a pokro\u010dil\u00e1 povrchov\u00e1 \u00faprava proti UV \u017eiareniu poskytuj\u00fa pohodln\u00e9 uchopenie a prvotriedny pocit, v\u010faka \u010domu zostan\u00fa dlh\u00e9 hern\u00e9 rel\u00e1cie pr\u00edjemn\u00e9.<\/p>\n<\/div>\n\n\n\n<div class=\"wp-block-column is-layout-flow wp-block-column-is-layout-flow\">\n<figure class=\"wp-block-image size-large\"><a href=\"https:\/\/droix.net\/wp-content\/uploads\/2025\/04\/battery_6000mah_rounded.png\" target=\"_blank\" rel=\"noopener\"><img decoding=\"async\" src=\"https:\/\/droix.net\/wp-content\/uploads\/2025\/04\/battery_6000mah_rounded-1024x837.png\" alt=\"\" class=\"wp-image-195937\"\/><\/a><\/figure>\n\n\n\n<h3 class=\"wp-block-heading\">Bat\u00e9ria a \u010fal\u0161ie funkcie<\/h3>\n\n\n\n<p>Pocket ACE je poh\u00e1\u0148an\u00fd bat\u00e9riou s kapacitou 6 000 mAh, ktor\u00e1 podporuje 40W r\u00fdchle nab\u00edjanie PD, aby ste mohli hra\u0165 dlh\u0161ie. Medzi \u010fal\u0161ie pozoruhodn\u00e9 funkcie patr\u00ed. <\/p>\n\n\n\n<ul class=\"wp-block-list\">\n<li>0916B Prudk\u00fd line\u00e1rny motor pre pohlcuj\u00facu hmatov\u00fa sp\u00e4tn\u00fa v\u00e4zbu<\/li>\n\n\n\n<li>\u0160es\u0165osov\u00fd gyroskop na ovl\u00e1danie pohybu<\/li>\n\n\n\n<li>Pokro\u010dil\u00fd chladiaci syst\u00e9m s ultratenk\u00fdm ventil\u00e1torom, rebrovan\u00edm na odvod tepla a medenou doskou<\/li>\n\n\n\n<li>Rozpozn\u00e1vanie odtla\u010dkov prstov integrovan\u00e9 do tla\u010didla nap\u00e1jania<\/li>\n<\/ul>\n\n\n\n<p>Tieto funkcie zabezpe\u010duj\u00fa optim\u00e1lny v\u00fdkon a lep\u0161\u00ed hern\u00fd z\u00e1\u017eitok<\/p>\n<\/div>\n<\/div>\n\n<hr class=\"wp-block-separator has-alpha-channel-opacity\"\/>\n\n<h3 class=\"wp-block-heading\">Sk\u00fasenosti pou\u017e\u00edvate\u013eov a z\u00e1ver<\/h3>\n\n<p>AYANEO Pocket ACE vynik\u00e1 ako \u0161pi\u010dkov\u00e9 vreckov\u00e9 hern\u00e9 zariadenie, ktor\u00e9 zachyt\u00e1va podstatu klasick\u00e9ho retro hrania a z\u00e1rove\u0148 poskytuje v\u00fdkon a v\u0161estrannos\u0165 modernej technol\u00f3gie. Jeho kompaktn\u00fd dizajn, siln\u00fd v\u00fdkon a prisp\u00f4sobite\u013en\u00e9 ovl\u00e1dacie prvky z neho robia v\u00fdnimo\u010dn\u00fa vo\u013ebu pre hr\u00e1\u010dov, ktor\u00ed h\u013eadaj\u00fa prenosn\u00e9 a pohlcuj\u00face hern\u00e9 z\u00e1\u017eitky. <\/p>\n\n<p>Pozrite si na\u0161u recenziu <a href=\"https:\/\/droix.net\/blogs\/ayaneo-pocket-ace-review\/\" target=\"_blank\" rel=\"noreferrer noopener nofollow\">tu.<\/a><\/p>\n\n<p><\/p>\n","protected":false},"excerpt":{"rendered":"<ul>\n<li>Procesor: Qualcomm<strong> G3x Gen 2<\/strong><\/li>\n<li>Zobrazenie: 4,5&#8243; IPS<strong> bezokrajov\u00fd dotykov\u00fd displej<\/strong> <\/li>\n<li>Pam\u00e4\u0165 RAM: A\u017e 16 GB<strong> LPDDR5X<\/strong> @ 8533 <strong>MT\/s<\/strong><\/li>\n<li>Skladovanie: A\u017e<strong> 1 TB UFS<\/strong> 4.0<\/li>\n<li>Pripojite\u013enos\u0165: Wi-Fi<strong> 7 a<\/strong> Bluetooth <strong> 5.3<\/strong><\/li>\n<\/ul>\n<p><img fetchpriority=\"high\" decoding=\"async\" src=\"https:\/\/ayaneo.co\/wp-content\/uploads\/2025\/05\/acegifts2.jpg\" alt=\"Propaga\u010dn\u00fd banner pre  \" free=\"\" gifts=\"\" that=\"\" are=\"\" added=\"\" to=\"\" cart=\"\" for=\"\" a=\"\" handheld=\"\" gaming=\"\" console.=\"\" the=\"\" text=\"\" is=\"\" in=\"\" large=\"\" dark=\"\" grey=\"\" font=\"\" on=\"\" light=\"\" background.=\"\" image=\"\" displays=\"\" grid=\"\" of=\"\" product=\"\" accessories=\"\" with=\"\" case=\"\" protector=\"\" and=\"\" caps=\"\" width=\"1000\" height=\"140\" class=\"alignnone size-full wp-image-30151\" labels:=\"\" srcset=\"https:\/\/ayaneo.co\/wp-content\/uploads\/2025\/05\/acegifts2.jpg 1000w, https:\/\/ayaneo.co\/wp-content\/uploads\/2025\/05\/acegifts2-300x42.jpg 300w, https:\/\/ayaneo.co\/wp-content\/uploads\/2025\/05\/acegifts2-768x108.jpg 768w, https:\/\/ayaneo.co\/wp-content\/uploads\/2025\/05\/acegifts2-990x139.jpg 990w, https:\/\/ayaneo.co\/wp-content\/uploads\/2025\/05\/acegifts2-441x62.jpg 441w, https:\/\/ayaneo.co\/wp-content\/uploads\/2025\/05\/acegifts2-600x84.jpg 600w, https:\/\/ayaneo.co\/wp-content\/uploads\/2025\/05\/acegifts2-150x21.jpg 150w\" sizes=\"(max-width: 1000px) 100vw, 1000px\" \/><\/p>\n[cg_accordion title=\"INFORM\u00c1CIE O PLATBE\"]<\/p>\n<p>Pou\u017e\u00edvame najnov\u0161iu technol\u00f3giu spracovania platieb, ktor\u00e1 v\u00e1m umo\u017e\u0148uje vykona\u0165 platbu prostredn\u00edctvom Apple Pay, Google Pay, va\u0161ej debetnej\/kreditnej karty, PayPal alebo met\u00f3d BNPL, ako s\u00fa Klarna, Affirm alebo AfterPay, \u010do je r\u00fdchle a bezpe\u010dn\u00e9.[\/cg_accordion]\n[cg_accordion title=\"Z\u00c1RUKA\"]<\/p>\n<p>1 rok z\u00e1ruky od <a href=\"https:\/\/droix.net\/\" target=\"_blank\" rel=\"nofollow noopener\">spolo\u010dnosti DROIX Global pre<\/a> v\u00e1\u0161 pokoj[\/cg_accordion]\n[cg_accordion title=\"ZABEZPE\u010cENIE KVALITY A TESTOVANIE PRED ODOSLAN\u00cdM\"]<\/p>\n<p>Zabezpe\u010denie spokojnosti z\u00e1kazn\u00edkov na najvy\u0161\u0161ej \u00farovni: Pred odoslan\u00edm prech\u00e1dza ka\u017ed\u00e9 zariadenie pr\u00edsnym testovan\u00edm a viacbodovou kontrolou kvality. N\u00e1\u0161 \u0161pecializovan\u00fd t\u00edm overuje v\u00fdkon, funk\u010dnos\u0165 a integritu komponentov, aby sme v\u00e1m zaru\u010dili, \u017ee va\u0161e zariadenie AYANEO bude pri pr\u00edchode v perfektnom stave, \u010do v\u00e1m poskytne istotu a pokoj. [\/cg_accordion]\n[cg_accordion title=\"CENY, DANE A DOPRAVA\"]<\/p>\n<p><strong><u>Pozn\u00e1mka:<\/u><\/strong><\/p>\n<ul>\n<li>Z\u00e1kazn\u00edci zo Spojen\u00fdch \u0161t\u00e1tov: Z\u00e1kazn\u00edci: Zobrazen\u00e1 cena nezah\u0155\u0148a da\u0148 ani clo. Zodpovednos\u0165 za coln\u00e9 konanie a zaplatenie akejko\u013evek s\u00favisiacej dane\/coln\u00e9ho poplatku nesie z\u00e1kazn\u00edk. <\/li>\n<li>Z\u00e1kazn\u00edci z E\u00da: V zobrazenej cene je zahrnut\u00e1 platn\u00e1 DA\u0147, ktor\u00e1 m\u00f4\u017ee by\u0165 a\u017e 25% v z\u00e1vislosti od va\u0161ej krajiny.<\/li>\n<li>Z\u00e1kazn\u00edci z Kanady: V z\u00e1vislosti od va\u0161ej provincie m\u00f4\u017ee zobrazen\u00e1 cena zah\u0155\u0148a\u0165 pr\u00edslu\u0161n\u00e9 dane, ktor\u00e9 m\u00f4\u017eu zah\u0155\u0148a\u0165 5% GST a \u010fal\u0161ie provin\u010dn\u00e9 dane z predaja (PST), harmonizovan\u00fa da\u0148 z predaja (HST) alebo quebeck\u00fa da\u0148 z predaja (QST).<\/li>\n<\/ul>\n<p><strong>Len pre z\u00e1kazn\u00edkov z E\u00da:<\/strong> Expresn\u00e9 DDP (Delivered Duty Paid). To znamen\u00e1: <\/p>\n<ul>\n<li>V\u0161etky cl\u00e1 a dane s\u00fa zahrnut\u00e9 v cene zobrazenej na str\u00e1nke produktu.<\/li>\n<li>Pri doru\u010den\u00ed nemus\u00edte plati\u0165 \u017eiadne \u010fal\u0161ie poplatky.<\/li>\n<li>V zriedkav\u00fdch pr\u00edpadoch probl\u00e9mov s\u00favisiacich s coln\u00fdmi z\u00e1le\u017eitos\u0165ami sa n\u00e1\u0161 t\u00edm postar\u00e1 o coln\u00e9 konanie vo va\u0161om mene, aby sme zabezpe\u010dili bezprobl\u00e9mov\u00e9 doru\u010denie.<\/li>\n<p>D\u00f4le\u017eit\u00e9 inform\u00e1cie o vr\u00e1ten\u00ed tovaru:<\/p>\n<li>Ak sa rozhodnete vr\u00e1ti\u0165 objedn\u00e1vku alebo po\u017eiada\u0165 o vr\u00e1tenie pe\u0148az\u00ed, majte na pam\u00e4ti, \u017ee dane a cl\u00e1 zaplaten\u00e9 vo va\u0161om mene pod\u013ea podmienok DDP nie je mo\u017en\u00e9 vr\u00e1ti\u0165.<\/li>\n<p>Podrobn\u00e9 inform\u00e1cie n\u00e1jdete v na\u0161ich <a href=\"https:\/\/ayaneo.co\/sk\/podmienky-sluzby\/\" target=\"_blank\" rel=\"nofollow noopener\">zmluvn\u00fdch podmienkach<\/a>.\n<\/ul>\n<p>[\/cg_accordion]\n[cg_accordion title=\"Z\u00c1KAZN\u00cdCKA PODPORA\"]<\/p>\n<p>M\u00e1te ot\u00e1zku? Od vyrie\u0161enia v\u00e1\u0161ho probl\u00e9mu n\u00e1s del\u00ed kr\u00e1tka textov\u00e1 spr\u00e1va! [\/cg_accordion]\n[cg_accordion title=\"BALENIE OBSAHUJE\"]<\/p>\n<ul>\n<li>1x AYANEO Pocket ACE<\/li>\n<li>1x k\u00e1bel USB typu C<\/li>\n<li>1x u\u017e\u00edvate\u013esk\u00e1 pr\u00edru\u010dka<\/li>\n<\/ul>\n<p>[\/cg_accordion]\n","protected":false},"featured_media":17390,"template":"","meta":{"_acf_changed":false},"product_brand":[],"product_cat":[1242],"product_tag":[],"class_list":{"0":"post-17388","1":"product","2":"type-product","3":"status-publish","4":"has-post-thumbnail","6":"product_cat-android-herny-vreckovy-pocitac","7":"product_shipping_class-premium","8":"pa_brand-ayaneo","9":"pa_graphics-gpu-model-adreno-a32","10":"pa_operating-system-android-13","11":"pa_processor-cpu-brand-qualcomm","13":"first","14":"instock","15":"taxable","16":"shipping-taxable","17":"purchasable","18":"product-type-variable","19":"has-default-attributes"},"acf":[],"_links":{"self":[{"href":"https:\/\/ayaneo.co\/sk\/wp-json\/wp\/v2\/product\/17388","targetHints":{"allow":["GET"]}}],"collection":[{"href":"https:\/\/ayaneo.co\/sk\/wp-json\/wp\/v2\/product"}],"about":[{"href":"https:\/\/ayaneo.co\/sk\/wp-json\/wp\/v2\/types\/product"}],"wp:featuredmedia":[{"embeddable":true,"href":"https:\/\/ayaneo.co\/sk\/wp-json\/wp\/v2\/media\/17390"}],"wp:attachment":[{"href":"https:\/\/ayaneo.co\/sk\/wp-json\/wp\/v2\/media?parent=17388"}],"wp:term":[{"taxonomy":"product_brand","embeddable":true,"href":"https:\/\/ayaneo.co\/sk\/wp-json\/wp\/v2\/product_brand?post=17388"},{"taxonomy":"product_cat","embeddable":true,"href":"https:\/\/ayaneo.co\/sk\/wp-json\/wp\/v2\/product_cat?post=17388"},{"taxonomy":"product_tag","embeddable":true,"href":"https:\/\/ayaneo.co\/sk\/wp-json\/wp\/v2\/product_tag?post=17388"}],"curies":[{"name":"wp","href":"https:\/\/api.w.org\/{rel}","templated":true}]}}