{"id":18710,"date":"2024-08-15T15:04:41","date_gmt":"2024-08-15T15:04:41","guid":{"rendered":"https:\/\/ayaneo.co\/product\/ayaneo-vreckovy-dmg\/"},"modified":"2025-12-11T00:11:54","modified_gmt":"2025-12-11T00:11:54","slug":"ayaneo-pocket-dmg","status":"publish","type":"product","link":"https:\/\/ayaneo.co\/sk\/product\/ayaneo-pocket-dmg\/","title":{"rendered":"AYANEO Pocket DMG"},"content":{"rendered":"\n<figure class=\"wp-block-video\"><video controls=\"\" src=\"https:\/\/droix.net\/wp-content\/uploads\/2024\/08\/AYANEO-Pocket-DMG&#xFF1A;The-Pinnacle-of-Retro-Vertical-Handhelds.mp4\"><\/video><\/figure>\n\n<div class=\"wp-block-columns is-layout-flex wp-container-core-columns-is-layout-28f84493 wp-block-columns-is-layout-flex\">\n<div class=\"wp-block-column is-layout-flow wp-block-column-is-layout-flow\" style=\"flex-basis:33.33%\">\n<figure class=\"wp-block-image size-large\"><a href=\"https:\/\/droix.net\/wp-content\/uploads\/2024\/08\/AYANEO-POCKET-DMG-ARTIC-BLACK-DONE-01.png\" target=\"_blank\" rel=\"noopener\"><img decoding=\"async\" src=\"https:\/\/droix.net\/wp-content\/uploads\/2024\/08\/AYANEO-POCKET-DMG-ARTIC-BLACK-DONE-01-1024x1024.png\" alt=\"Poh&#x13E;ad spredu na AYANEO Pocket DMG v arktickej &#x10D;iernej farbe, ktor&#xFD; ukazuje dizajn in&#x161;pirovan&#xFD; retro &#x161;t&#xFD;lom s 3,92-palcov&#xFD;m displejom OLED, D-padom, anal&#xF3;gov&#xFD;m joystickom a tla&#x10D;idlami.\" class=\"wp-image-184226\"\/><\/a><\/figure>\n<\/div>\n\n\n\n<div class=\"wp-block-column is-layout-flow wp-block-column-is-layout-flow\" style=\"flex-basis:66.66%\">\n<h3 class=\"wp-block-heading\" id=\"h-experience-retro-gaming-like-never-before-with-the-ayaneo-pocket-dmg\">Za\u017eite retro hry ako nikdy predt\u00fdm s AYANEO Pocket DMG<\/h3>\n\n\n\n<p><strong> AYANEO Pocket DMG<\/strong> je prelomov\u00e9 <strong>vreckov\u00e9<\/strong> <strong>hern\u00e9<\/strong> zariadenie, ktor\u00e9 majstrovsky sp\u00e1ja nostalgiu <strong>retro<\/strong> hier s pokro\u010dilou modernou technol\u00f3giou. Tento <strong>vertik\u00e1lny vreckov\u00fd po\u010d\u00edta\u010d,<\/strong> ktor\u00fd vzd\u00e1va hold kultov\u00e9mu Game Boy, prin\u00e1\u0161a zn\u00e1mu estetiku aj siln\u00fd v\u00fdkon, tak\u017ee je ide\u00e1lnou vo\u013ebou pre fan\u00fa\u0161ikov <strong>retro hier<\/strong> aj modern\u00fdch hier. <\/p>\n<\/div>\n<\/div>\n\n<p><strong> AYANEO Pocket DMG<\/strong> je prelomov\u00e9 <strong>vreckov\u00e9<\/strong> <strong>hern\u00e9<\/strong> zariadenie, ktor\u00e9 majstrovsky sp\u00e1ja nostalgiu <strong>retro<\/strong> hier s pokro\u010dilou modernou technol\u00f3giou. Tento <strong>vertik\u00e1lny vreckov\u00fd po\u010d\u00edta\u010d,<\/strong> ktor\u00fd vzd\u00e1va hold kultov\u00e9mu Game Boy, prin\u00e1\u0161a zn\u00e1mu estetiku aj siln\u00fd v\u00fdkon, tak\u017ee je ide\u00e1lnou vo\u013ebou pre fan\u00fa\u0161ikov <strong>retro hier<\/strong> aj modern\u00fdch hier. <\/p>\n\n<h3 class=\"wp-block-heading\" id=\"h-design-and-display\">Dizajn a zobrazenie<\/h3>\n\n<p><strong>AYANEO Pocket DMG<\/strong> vynik\u00e1 kompaktn\u00fdm a nostalgick\u00fdm dizajnom, ktor\u00fd pripom\u00edna klasick\u00e9 <strong>retro vreckov\u00e9<\/strong> konzoly. \u00dastredn\u00fdm prvkom jeho pr\u00ed\u0165a\u017elivosti je 3,92-palcov\u00fd <strong>displejOLED <\/strong>, ktor\u00fd pon\u00faka ostr\u00e9 rozl\u00ed\u0161enie 1240 \u00d7 1080 a hustotu pixelov 419 PPI. T\u00e1to <strong>obrazovkaOLED <\/strong> zaru\u010duje \u017eiv\u00e9 farby a ostr\u00fd obraz, v\u010faka \u010domu retro aj modern\u00e9 hry o\u017eij\u00fa s ohromuj\u00facou \u010distotou. Zariadenie je k dispoz\u00edcii v dvoch r\u00f4znych farb\u00e1ch:   <\/p>\n\n<ul class=\"wp-block-list\">\n<li>Arktick\u00e1 \u010dierna<\/li>\n\n\n\n<li>Mesa\u010dn\u00e1 biela<\/li>\n<\/ul>\n\n<div class=\"wp-block-columns is-layout-flex wp-container-core-columns-is-layout-28f84493 wp-block-columns-is-layout-flex\">\n<div class=\"wp-block-column is-layout-flow wp-block-column-is-layout-flow\">\n<figure class=\"wp-block-image size-large\"><a href=\"https:\/\/droix.net\/wp-content\/uploads\/2024\/08\/AYANEO-POCKET-DMG-MARKETING-DONE-14.jpg\" target=\"_blank\" rel=\"noopener\"><img decoding=\"async\" src=\"https:\/\/droix.net\/wp-content\/uploads\/2024\/08\/AYANEO-POCKET-DMG-MARKETING-DONE-14-1024x1024.jpg\" alt=\"Propaga&#x10D;n&#xFD; obr&#xE1;zok pre AYANEO Pocket DMG s hernou platformou Snapdragon G3x Gen 2. Zd&#xF4;raz&#x148;uje, &#x17E;e je prv&#xFD;m vertik&#xE1;lnym vreckov&#xFD;m po&#x10D;&#xED;ta&#x10D;om s t&#xFD;mto procesorom, pri&#x10D;om prezentuje jeho architekt&#xFA;ru 1+4+3 Octa-Core s jadrami Kryo Prime Ultra s frekvenciou 3,36 GHz, grafick&#xFD; procesor Adreno A32 s frekvenciou 816 Hz a uvo&#x13E;nenie v&#xFD;konu 15 W. \" class=\"wp-image-184229\"\/><\/a><\/figure>\n\n\n\n<h3 class=\"wp-block-heading\" id=\"h-performance\">V\u00fdkon<\/h3>\n\n\n\n<p>Srdcom <strong>vreckov\u00e9ho DMG<\/strong> je procesor <strong>Snapdragon G3x Gen 2<\/strong>, v\u00fdkonn\u00fd \u010dip prisp\u00f4soben\u00fd \u0161peci\u00e1lne pre <strong>vreckov\u00e9<\/strong> <strong>hry<\/strong>. Tento <strong>procesor<\/strong> zabezpe\u010duje bezprobl\u00e9mov\u00fa emul\u00e1ciu retro titulov a plynul\u00fd v\u00fdkon v modern\u00fdch mobiln\u00fdch hr\u00e1ch. Zariadenie be\u017e\u00ed na str\u00e1nke Android 13 a poskytuje pr\u00edstup k rozsiahlemu ekosyst\u00e9mu aplik\u00e1ci\u00ed a emul\u00e1torov, v\u010faka \u010domu je univerz\u00e1lnou platformou pre v\u0161etky va\u0161e <strong>hern\u00e9<\/strong> potreby.  <\/p>\n<\/div>\n\n\n\n<div class=\"wp-block-column is-layout-flow wp-block-column-is-layout-flow\">\n<figure class=\"wp-block-image size-large\"><a href=\"https:\/\/droix.net\/wp-content\/uploads\/2024\/08\/AYANEO-POCKET-DMG-MARKETING-DONE-19.jpg\" target=\"_blank\" rel=\"noopener\"><img decoding=\"async\" src=\"https:\/\/droix.net\/wp-content\/uploads\/2024\/08\/AYANEO-POCKET-DMG-MARKETING-DONE-19-1024x1024.jpg\" alt=\"Infografika predstavuj&#xFA;ca viacer&#xE9; funkcie AYANEO Pocket DMG porovnate&#x13E;n&#xE9; s profesion&#xE1;lnymi ovl&#xE1;da&#x10D;mi. Medzi funkcie patr&#xED; vysoko presn&#xFD; joystick, nastavite&#x13E;n&#xE1; citlivos&#x165;, pohotovostn&#xFD; re&#x17E;im s nulovou spotrebou energie, zameriavanie s podporou gyroskopu, funkcia burst tla&#x10D;idiel, v&#xFD;mena hodn&#xF4;t kl&#xE1;vesov A-B-X-Y a nastavite&#x13E;n&#xE1; intenzita vibr&#xE1;ci&#xED; motora. Dole ruka dr&#x17E;&#xED; biele zariadenie, na ktorom sa zobrazuje farebn&#xE1; hern&#xE1; obrazovka.  \" class=\"wp-image-184232\"\/><\/a><\/figure>\n\n\n\n<h3 class=\"wp-block-heading\" id=\"h-controls-and-inputs\">Ovl\u00e1dacie prvky a vstupy<\/h3>\n\n\n\n<p><strong>Vreckov\u00fd DMG<\/strong> pon\u00faka v\u0161estrann\u00e9 a inovat\u00edvne rozlo\u017eenie ovl\u00e1dania, ktor\u00e9 vyhovuje \u0161irokej \u0161k\u00e1le <strong>hern\u00fdch<\/strong> \u017e\u00e1nrov. Medzi k\u013e\u00fa\u010dov\u00e9 funkcie patr\u00ed: <\/p>\n\n\n\n<ul class=\"wp-block-list\">\n<li>Tradi\u010dn\u00fd D-pad na presn\u00e9 ur\u010dovanie smeru<\/li>\n\n\n\n<li>Tla\u010didl\u00e1 ABXY na klasick\u00e9 <strong>hranie<\/strong><\/li>\n\n\n\n<li>Jeden anal\u00f3gov\u00fd <strong>joystick<\/strong> vylep\u0161en\u00fd technol\u00f3giou Hallovho javu pre presnos\u0165 a odolnos\u0165<\/li>\n\n\n\n<li>Inovat\u00edvny <strong>touchpad<\/strong>, ktor\u00fd sl\u00fa\u017ei ako druh\u00fd anal\u00f3gov\u00fd vstup<\/li>\n\n\n\n<li>Ramenn\u00e9 tla\u010didl\u00e1 pre \u010fal\u0161ie mo\u017enosti ovl\u00e1dania<\/li>\n<\/ul>\n\n\n\n<p>T\u00e1to kombin\u00e1cia ovl\u00e1dac\u00edch prvkov zaru\u010duje, \u017ee <strong>vreckov\u00fd DMG<\/strong> bez probl\u00e9mov zvl\u00e1dne v\u0161etko od retro plo\u0161inoviek a\u017e po modern\u00e9 ak\u010dn\u00e9 hry.<\/p>\n<\/div>\n\n\n\n<div class=\"wp-block-column is-layout-flow wp-block-column-is-layout-flow\">\n<figure class=\"wp-block-image size-large\"><a href=\"https:\/\/droix.net\/wp-content\/uploads\/2024\/08\/AYANEO-POCKET-DMG-MARKETING-DONE-16.jpg\" target=\"_blank\" rel=\"noopener\"><img decoding=\"async\" src=\"https:\/\/droix.net\/wp-content\/uploads\/2024\/08\/AYANEO-POCKET-DMG-MARKETING-DONE-16-1024x1024.jpg\" alt=\"Infografika s podrobn&#xFD;mi inform&#xE1;ciami o &#x201E;bezprobl&#xE9;movej v&#xFD;konovej kombin&#xE1;cii&#x201C; AYANEO Pocket DMG, ktor&#xE1; zd&#xF4;raz&#x148;uje jeho vysokor&#xFD;chlostn&#xFA; pam&#xE4;&#x165; (LPDDR5X s r&#xFD;chlos&#x165;ou 8533 Mb\/s), r&#xFD;chle &#xFA;lo&#x17E;isko (UFS 4.0 s r&#xFD;chlos&#x165;ou &#x10D;&#xED;tania viac ako 4000 MB\/s) a ve&#x13E;k&#xFA; kapacitu na ukladanie hier a aplik&#xE1;ci&#xED;. Spom&#xED;na sa a&#x17E; 16 GB RAM a 1 TB &#xFA;lo&#x17E;isko. \" class=\"wp-image-184230\"\/><\/a><\/figure>\n\n\n\n<h3 class=\"wp-block-heading\" id=\"h-storage-and-connectivity\">Ukladanie a pripojenie<\/h3>\n\n\n\n<p><strong>AYANEO Pocket DMG<\/strong> poskytuje flexibiln\u00e9 \u00falo\u017en\u00e9 rie\u0161enia, ktor\u00e9 sp\u013a\u0148aj\u00fa potreby r\u00f4znych nad\u0161encov <strong>vreckov\u00fdch<\/strong> <strong>hier<\/strong>:<\/p>\n\n\n\n<ul class=\"wp-block-list\">\n<li>8 GB RAM + 128 GB \u00falo\u017eisko<\/li>\n<\/ul>\n\n\n\n<p>Okrem toho slot na kartu microSD umo\u017e\u0148uje jednoduch\u00e9 roz\u0161\u00edrenie \u00falo\u017enej kapacity. Pokia\u013e ide o konektivitu, zariadenie obsahuje: <\/p>\n\n\n\n<ul class=\"wp-block-list\">\n<li>Wi-Fi a Bluetooth 5.3 na bezdr\u00f4tov\u00fa komunik\u00e1ciu<\/li>\n\n\n\n<li>Port USB-C na nab\u00edjanie a pripojenie pr\u00edslu\u0161enstva<\/li>\n<\/ul>\n<\/div>\n<\/div>\n\n<h3 class=\"wp-block-heading\" id=\"h-battery-and-additional-features\">Bat\u00e9ria a \u010fal\u0161ie funkcie<\/h3>\n\n<p><strong>Vreckov\u00fd DMG<\/strong> je nap\u00e1jan\u00fd bat\u00e9riou s kapacitou 6 000 mAh, ktor\u00e1 podporuje r\u00fdchle nab\u00edjanie 25 W PD, aby ste mohli hra\u0165 dlh\u0161ie. Medzi \u010fal\u0161ie pozoruhodn\u00e9 funkcie patr\u00ed: <\/p>\n\n<figure class=\"wp-block-image size-large\"><a href=\"https:\/\/droix.net\/wp-content\/uploads\/2024\/08\/AYANEO-POCKET-DMG-MARKETING-DONE-18.jpg\" target=\"_blank\" rel=\"noopener\"><img decoding=\"async\" src=\"https:\/\/droix.net\/wp-content\/uploads\/2024\/08\/AYANEO-POCKET-DMG-MARKETING-DONE-18-1024x1024.jpg\" alt=\"Marketingov&#xFD; obr&#xE1;zok prezentuj&#xFA;ci 6000mAh bat&#xE9;riu AYANEO Pocket DMG, zd&#xF4;raz&#x148;uj&#xFA;ci dlh&#xFA; v&#xFD;dr&#x17E; bat&#xE9;rie a podporu r&#xFD;chleho nab&#xED;jania PD. Spodn&#xE1; &#x10D;as&#x165; predstavuje joystick Hall Medium, pri&#x10D;om zd&#xF4;raz&#x148;uje jeho presnos&#x165;, odolnos&#x165; (5 mili&#xF3;nov pou&#x17E;it&#xED;) a roz&#x161;&#xED;ren&#xE9; ovl&#xE1;dacie funkcie. \" class=\"wp-image-184231\"\/><\/a><\/figure>\n\n<ul class=\"wp-block-list\">\n<li>\u0160es\u0165osov\u00fd gyroskop na riadenie pohybu<\/li>\n\n\n\n<li>Akt\u00edvny chladiaci syst\u00e9m so zabudovan\u00fdm ventil\u00e1torom na udr\u017eanie optim\u00e1lneho v\u00fdkonu<\/li>\n\n\n\n<li>Kompaktn\u00e9 puzdro na jednoduch\u00e9 pren\u00e1\u0161anie<\/li>\n<\/ul>\n\n<h3 class=\"wp-block-heading\" id=\"h-user-experience-and-conclusion\">Sk\u00fasenosti pou\u017e\u00edvate\u013eov a z\u00e1ver<\/h3>\n\n<p><strong>AYANEO Pocket DMG<\/strong> je v\u00fdnimo\u010dnou vo\u013ebou pre nad\u0161encov <strong>retro hier<\/strong> a zberate\u013eov, ktor\u00ed chc\u00fa zariadenie, ktor\u00e9 zachyt\u00e1va podstatu klasick\u00fdch <strong>retro vreckov\u00fdch<\/strong> hier a z\u00e1rove\u0148 pon\u00faka v\u00fdkon a v\u0161estrannos\u0165 modernej technol\u00f3gie. Tento <strong>vreckov\u00fd po\u010d\u00edta\u010d<\/strong> v\u00e1m poskytne pohlcuj\u00faci a pr\u00edjemn\u00fd <strong>hern\u00fd<\/strong> z\u00e1\u017eitok, \u010di u\u017e pre\u017e\u00edvate klasick\u00e9 hry, alebo objavujete nov\u00e9. <\/p>\n","protected":false},"excerpt":{"rendered":"<ul>\n<li>Procesor: Qualcomm <strong>Snapdragon G3x Gen 2<\/strong><\/li>\n<li>Zobrazenie: Rozl\u00ed\u0161enie: <strong>3,92 palca OLED<\/strong>, 1240&#215;1080<\/li>\n<li>Opera\u010dn\u00e1 pam\u00e4\u0165: <strong>8 GB<\/strong> LPDDR5X @ <strong>8533 MT\/s<\/strong><\/li>\n<li>Skladovanie: <strong>128 GB<\/strong> UFS 3.1<\/li>\n<li>Pripojite\u013enos\u0165: Wi-Fi <strong>6<\/strong> a Bluetooth <strong>5.3<\/strong><\/li>\n<\/ul>\n<p><img fetchpriority=\"high\" decoding=\"async\" src=\"https:\/\/ayaneo.co\/wp-content\/uploads\/2024\/08\/DMG-FREEBIES1.jpg\" alt=\"Propaga\u010dn\u00fd obr\u00e1zok so svetlosiv\u00fdm pozad\u00edm uv\u00e1dza  \" free=\"\" gifts=\"\" in=\"\" large=\"\" dark=\"\" gray=\"\" letters=\"\" at=\"\" the=\"\" top.=\"\" below=\"\" this=\"\" smaller=\"\" text=\"\" it=\"\" lists=\"\" case=\"\" and=\"\" caps=\"\" followed=\"\" by=\"\" added=\"\" to=\"\" cart=\"\" a=\"\" slightly=\"\" larger=\"\" font.=\"\" right=\"\" there=\"\" are=\"\" two=\"\" product=\"\" square=\"\" white=\"\" rainbow-colored=\"\" package=\"\" containing=\"\" four=\"\" black=\"\" thumbstick=\"\" mesh=\"\" protective=\"\" identical=\"\" one=\"\" previous=\"\" image=\"\" with=\"\" logo=\"\" bottom.=\"\" width=\"550\" height=\"140\" class=\"alignnone size-full wp-image-25170\" images:=\"\" srcset=\"https:\/\/ayaneo.co\/wp-content\/uploads\/2024\/08\/DMG-FREEBIES1.jpg 550w, https:\/\/ayaneo.co\/wp-content\/uploads\/2024\/08\/DMG-FREEBIES1-300x76.jpg 300w, https:\/\/ayaneo.co\/wp-content\/uploads\/2024\/08\/DMG-FREEBIES1-441x112.jpg 441w, https:\/\/ayaneo.co\/wp-content\/uploads\/2024\/08\/DMG-FREEBIES1-150x38.jpg 150w\" sizes=\"(max-width: 550px) 100vw, 550px\" \/><\/p>\n[cg_accordion title=\"INFORM\u00c1CIE O PLATBE\"] <\/p>\n<p>Pou\u017e\u00edvame najnov\u0161iu technol\u00f3giu spracovania platieb, ktor\u00e1 v\u00e1m umo\u017e\u0148uje vykona\u0165 platbu prostredn\u00edctvom Apple Pay, Google Pay, va\u0161ej debetnej\/kreditnej karty, PayPal alebo met\u00f3d BNPL, ako s\u00fa Klarna, Affirm alebo AfterPay, \u010do je r\u00fdchle a bezpe\u010dn\u00e9.[\/cg_accordion]\n[cg_accordion title=\"Z\u00c1RUKA\"] <\/p>\n<p>1 rok z\u00e1ruky od spolo\u010dnosti <a href=\"https:\/\/droix.net\/\" target=\"_blank\" rel=\"nofollow noopener\">DROIX Global<\/a> pre v\u00e1\u0161 pokoj[\/cg_accordion]\n[cg_accordion title=\"CENY, DANE A DOPRAVA\"] <\/p>\n<p><strong><u>Pozn\u00e1mka:<\/u><\/strong><\/p>\n<ul>\n<li>Z\u00e1kazn\u00edci zo Spojen\u00fdch \u0161t\u00e1tov: Z\u00e1kazn\u00edci: Zobrazen\u00e1 cena nezah\u0155\u0148a da\u0148 ani clo. Zodpovednos\u0165 za coln\u00e9 konanie a zaplatenie akejko\u013evek s\u00favisiacej dane\/coln\u00e9ho poplatku nesie z\u00e1kazn\u00edk. <\/li>\n<li>Z\u00e1kazn\u00edci z E\u00da: V zobrazenej cene je zahrnut\u00e1 platn\u00e1 DA\u0147, ktor\u00e1 m\u00f4\u017ee by\u0165 a\u017e 25% v z\u00e1vislosti od va\u0161ej krajiny.<\/li>\n<li>Z\u00e1kazn\u00edci z Kanady: V z\u00e1vislosti od va\u0161ej provincie m\u00f4\u017ee zobrazen\u00e1 cena zah\u0155\u0148a\u0165 pr\u00edslu\u0161n\u00e9 dane, ktor\u00e9 m\u00f4\u017eu zah\u0155\u0148a\u0165 5% GST a \u010fal\u0161ie provin\u010dn\u00e9 dane z predaja (PST), harmonizovan\u00fa da\u0148 z predaja (HST) alebo quebeck\u00fa da\u0148 z predaja (QST).<\/li>\n<\/ul>\n<p><strong>Len pre z\u00e1kazn\u00edkov z E\u00da:<\/strong> Expresn\u00e9 DDP (Delivered Duty Paid). To znamen\u00e1: <\/p>\n<ul>\n<li>V\u0161etky cl\u00e1 a dane s\u00fa zahrnut\u00e9 v cene zobrazenej na str\u00e1nke produktu.<\/li>\n<li>Pri doru\u010den\u00ed nemus\u00edte plati\u0165 \u017eiadne \u010fal\u0161ie poplatky.<\/li>\n<li>V zriedkav\u00fdch pr\u00edpadoch probl\u00e9mov s\u00favisiacich s coln\u00fdmi z\u00e1le\u017eitos\u0165ami sa n\u00e1\u0161 t\u00edm postar\u00e1 o coln\u00e9 konanie vo va\u0161om mene, aby sme zabezpe\u010dili bezprobl\u00e9mov\u00e9 doru\u010denie.<\/li>\n<p>D\u00f4le\u017eit\u00e9 inform\u00e1cie o vr\u00e1ten\u00ed tovaru:<\/p>\n<li>Ak sa rozhodnete vr\u00e1ti\u0165 objedn\u00e1vku alebo po\u017eiada\u0165 o vr\u00e1tenie pe\u0148az\u00ed, majte na pam\u00e4ti, \u017ee dane a cl\u00e1 zaplaten\u00e9 vo va\u0161om mene pod\u013ea podmienok DDP nie je mo\u017en\u00e9 vr\u00e1ti\u0165.<\/li>\n<p>Pozrite si, pros\u00edm, n\u00e1\u0161<\/ul>\n<\/li>\n<\/ul>\n<p><a href=\"https:\/\/ayaneo.co\/sk\/podmienky-sluzby\/\" target=\"_blank\" rel=\"nofollow noopener\">Podmienky a pravidl\u00e1<\/a><\/p>\n<ul>podrobnej\u0161ie inform\u00e1cie.<\/ul>\n<p>[\/cg_accordion]\n[cg_accordion title=\"Z\u00c1KAZN\u00cdCKA PODPORA\"] <\/p>\n<p>M\u00e1te ot\u00e1zku? Od vyrie\u0161enia v\u00e1\u0161ho probl\u00e9mu n\u00e1s del\u00ed kr\u00e1tka textov\u00e1 spr\u00e1va!   [\/cg_accordion]\n[cg_accordion title=\"Balenie obsahuje\"]<\/p>\n<ul>\n<li>1x AYANEO Vreckov\u00fd DMG<\/li>\n<li>1x k\u00e1bel USB typu C<\/li>\n<li>1x u\u017e\u00edvate\u013esk\u00e1 pr\u00edru\u010dka<\/li>\n<\/ul>\n<p>[\/cg_accordion]\n","protected":false},"featured_media":18742,"template":"","meta":{"_acf_changed":false},"product_brand":[],"product_cat":[1242],"product_tag":[],"class_list":{"0":"post-18710","1":"product","2":"type-product","3":"status-publish","4":"has-post-thumbnail","6":"product_cat-android-herny-vreckovy-pocitac","7":"product_shipping_class-premium","8":"pa_brand-ayaneo","10":"first","11":"instock","12":"taxable","13":"shipping-taxable","14":"purchasable","15":"product-type-variable","16":"has-default-attributes"},"acf":[],"_links":{"self":[{"href":"https:\/\/ayaneo.co\/sk\/wp-json\/wp\/v2\/product\/18710","targetHints":{"allow":["GET"]}}],"collection":[{"href":"https:\/\/ayaneo.co\/sk\/wp-json\/wp\/v2\/product"}],"about":[{"href":"https:\/\/ayaneo.co\/sk\/wp-json\/wp\/v2\/types\/product"}],"wp:featuredmedia":[{"embeddable":true,"href":"https:\/\/ayaneo.co\/sk\/wp-json\/wp\/v2\/media\/18742"}],"wp:attachment":[{"href":"https:\/\/ayaneo.co\/sk\/wp-json\/wp\/v2\/media?parent=18710"}],"wp:term":[{"taxonomy":"product_brand","embeddable":true,"href":"https:\/\/ayaneo.co\/sk\/wp-json\/wp\/v2\/product_brand?post=18710"},{"taxonomy":"product_cat","embeddable":true,"href":"https:\/\/ayaneo.co\/sk\/wp-json\/wp\/v2\/product_cat?post=18710"},{"taxonomy":"product_tag","embeddable":true,"href":"https:\/\/ayaneo.co\/sk\/wp-json\/wp\/v2\/product_tag?post=18710"}],"curies":[{"name":"wp","href":"https:\/\/api.w.org\/{rel}","templated":true}]}}