{"id":19429,"date":"2024-08-16T09:46:32","date_gmt":"2024-08-16T09:46:32","guid":{"rendered":"https:\/\/ayaneo.co\/product\/ayaneo-vreckove-mikro\/"},"modified":"2025-09-25T08:47:47","modified_gmt":"2025-09-25T08:47:47","slug":"ayaneo-vreckove-mikro","status":"publish","type":"product","link":"https:\/\/ayaneo.co\/sk\/product\/ayaneo-vreckove-mikro\/","title":{"rendered":"AYANEO Pocket Micro"},"content":{"rendered":"\n<figure class=\"wp-block-video\"><video controls=\"\" poster=\"https:\/\/droix.net\/wp-content\/uploads\/2024\/08\/AYANEO-Pocket-MICRO-announced-1.webp\" src=\"https:\/\/droix.net\/wp-content\/uploads\/2024\/08\/AYANEO-Pocket-MICRO-Gaming-Experience-&#x2014;&#x2014;-Dungreed.mp4\"><\/video><\/figure>\n\n<div class=\"wp-block-columns is-layout-flex wp-container-core-columns-is-layout-28f84493 wp-block-columns-is-layout-flex\">\n<div class=\"wp-block-column is-layout-flow wp-block-column-is-layout-flow\" style=\"flex-basis:33.33%\">\n<figure class=\"wp-block-image size-large\"><a href=\"https:\/\/droix.net\/wp-content\/uploads\/2024\/08\/AYANEO-POCKET-MICRO-MARKETING-DONE-01.jpg\" target=\"_blank\" rel=\"noopener\"><img decoding=\"async\" src=\"https:\/\/droix.net\/wp-content\/uploads\/2024\/08\/AYANEO-POCKET-MICRO-MARKETING-DONE-01-1024x1024.jpg\" alt=\"Bo&#x10D;n&#xFD; poh&#x13E;ad na AYANEO Pocket Micro v &#x10D;iernej farbe, ktor&#xFD; ukazuje jeho &#x161;t&#xED;hly profil s vidite&#x13E;n&#xFD;mi tla&#x10D;idlami a vetrac&#xED;mi otvormi. Na displeji sa zobrazuj&#xFA; farebn&#xE9; &#x10D;iary. Text na pravej strane znie &#x201E;AYANEO POCKET MICRO: Pr&#xE9;miov&#xE1; horizont&#xE1;lna retro vreckov&#xE1; konzola. Jemn&#xE1; hra&#x10D;ka, ktor&#xFA; nebudete chcie&#x165; odlo&#x17E;i&#x165;.&#x201C;  \" class=\"wp-image-184281\"\/><\/a><\/figure>\n<\/div>\n\n\n\n<div class=\"wp-block-column is-layout-flow wp-block-column-is-layout-flow\" style=\"flex-basis:66.66%\">\n<h3 class=\"wp-block-heading\" id=\"h-ayaneo-pocket-micro-a-premium-handheld-gaming-experience\"><strong>AYANEO Vreckov\u00e9 mikro: Pr\u00e9miov\u00e9 vreckov\u00e9 hry<\/strong><\/h3>\n\n\n\n<p>Hra AYANEO Pocket Micro predstavuje spojenie retro estetiky s najmodernej\u0161ou technol\u00f3giou a pon\u00faka jedine\u010dn\u00fd z\u00e1\u017eitok z hrania na vreckovom po\u010d\u00edta\u010di. Toto zariadenie, ktor\u00e9 kombinuje kompaktn\u00fd tvar s pokro\u010dil\u00fdmi funkciami, je ur\u010den\u00e9 nostalgick\u00fdm hr\u00e1\u010dom aj nad\u0161encom modern\u00fdch technol\u00f3gi\u00ed. V\u010faka r\u00e1mu z hlin\u00edkovej zliatiny CNC, displeju bez okrajov IPS a vysoko v\u00fdkonn\u00fdm vn\u00fatorn\u00fdm s\u00fa\u010diastkam poskytuje Pocket Micro v\u00fdnimo\u010dn\u00fd hern\u00fd z\u00e1\u017eitok v \u0161t\u00fdlovom a odolnom balen\u00ed.  <\/p>\n<\/div>\n<\/div>\n\n<div class=\"wp-block-columns is-layout-flex wp-container-core-columns-is-layout-28f84493 wp-block-columns-is-layout-flex\">\n<div class=\"wp-block-column is-layout-flow wp-block-column-is-layout-flow\">\n<figure class=\"wp-block-image size-large\"><a href=\"https:\/\/droix.net\/wp-content\/uploads\/2024\/08\/AYANEO-POCKET-MICRO-MARKETING-DONE-08.jpg\" target=\"_blank\" rel=\"noopener\"><img decoding=\"async\" src=\"https:\/\/droix.net\/wp-content\/uploads\/2024\/08\/AYANEO-POCKET-MICRO-MARKETING-DONE-08-1024x1024.jpg\" alt=\"Bo&#x10D;n&#xFD; poh&#x13E;ad na AYANEO Pocket Micro, ktor&#xFD; ukazuje r&#xE1;m z hlin&#xED;kovej zliatiny CNC s vidite&#x13E;n&#xFD;mi tla&#x10D;idlami L1 a L2 a vetrac&#xED;mi otvormi. Text vyzdvihuje &#x161;pi&#x10D;kov&#xFA; text&#xFA;ru a vynikaj&#xFA;ci pocit zo zariadenia, pri&#x10D;om spom&#xED;na jedine&#x10D;n&#xFA; kovov&#xFA; text&#xFA;ru, proces anodickej oxid&#xE1;cie a vysokopevnostn&#xE9; telo. \" class=\"wp-image-184277\"\/><\/a><\/figure>\n\n\n\n<h3 class=\"wp-block-heading\" id=\"h-design-and-build\"><strong>N\u00e1vrh a kon\u0161trukcia<\/strong><\/h3>\n\n\n\n<p>Model Pocket Micro m\u00e1 r\u00e1m z hlin\u00edkovej zliatiny CNC, ktor\u00fd zaru\u010duje zv\u00fd\u0161en\u00fa odolnos\u0165 a prvotriedny pocit. Jeho elegantn\u00fd celoplo\u0161n\u00fd dizajn bez okrajov poskytuje pohlcuj\u00faci z\u00e1\u017eitok zo sledovania. Zariadenie, ktor\u00e9 je k dispoz\u00edcii vo farb\u00e1ch Obsidian Black, Charm Red a Vintage Grey, vynik\u00e1 leskl\u00fdmi sklenen\u00fdmi panelmi a r\u00e1mom z eloxovan\u00e9ho hlin\u00edka, \u010do mu dod\u00e1va sofistikovan\u00fd, \u0161pi\u010dkov\u00fd vzh\u013ead.  <\/p>\n<\/div>\n\n\n\n<div class=\"wp-block-column is-layout-flow wp-block-column-is-layout-flow\">\n<figure class=\"wp-block-image size-large\"><a href=\"https:\/\/droix.net\/wp-content\/uploads\/2024\/08\/AYANEO-POCKET-MICRO-MARKETING-DONE-02.jpg\" target=\"_blank\" rel=\"noopener\"><img decoding=\"async\" src=\"https:\/\/droix.net\/wp-content\/uploads\/2024\/08\/AYANEO-POCKET-MICRO-MARKETING-DONE-02-1024x1024.jpg\" alt=\"Detailn&#xFD; z&#xE1;ber na AYANEO Pocket Micro v &#x10D;iernej farbe, zobrazuj&#xFA;ci D-pad, ak&#x10D;n&#xE9; tla&#x10D;idl&#xE1; a obrazovku s farebn&#xFD;mi linkami. Text v spodnej &#x10D;asti opisuje inov&#xE1;cie konceptu AYANEO REMAKE a zd&#xF4;raz&#x148;uje vlastnosti, ako je 3,5&quot; obrazovka 640P, r&#xE1;m z hlin&#xED;kovej zliatiny CNC a &#x161;pi&#x10D;kov&#xE9; spracovanie. V &#x13E;avom hornom rohu je vidite&#x13E;n&#xE9; logo &quot;REMAKE&quot;. \" class=\"wp-image-184278\"\/><\/a><\/figure>\n\n\n\n<h3 class=\"wp-block-heading\" id=\"h-display\"><strong>Zobrazenie<\/strong><\/h3>\n\n\n\n<p>Zariadenie je vybaven\u00e9 3,5-palcov\u00fdm bezokrajov\u00fdm displejom IPS s rozl\u00ed\u0161en\u00edm 960 x 640 a pomerom str\u00e1n 3:2. V\u010faka hustote pixelov 330 PPI a 100 % pokrytiu sRGB poskytuje displej \u017eiv\u00fd obraz vo vysokom rozl\u00ed\u0161en\u00ed. V\u010faka 4-n\u00e1sobn\u00e9mu nat\u00edvnemu rozl\u00ed\u0161eniu GBA si klasick\u00e9 hry zachov\u00e1vaj\u00fa jasnos\u0165 a farby bez skreslenia.  <\/p>\n<\/div>\n\n\n\n<div class=\"wp-block-column is-layout-flow wp-block-column-is-layout-flow\">\n<figure class=\"wp-block-image size-large\"><a href=\"https:\/\/droix.net\/wp-content\/uploads\/2024\/08\/AYANEO-POCKET-MICRO-MARKETING-DONE-13.jpg\" target=\"_blank\" rel=\"noopener\"><img decoding=\"async\" src=\"https:\/\/droix.net\/wp-content\/uploads\/2024\/08\/AYANEO-POCKET-MICRO-MARKETING-DONE-13-1024x1024.jpg\" alt=\"Grafick&#xE1; uk&#xE1;&#x17E;ka procesora MediaTek Helio G99 v telef&#xF3;ne AYANEO Pocket Micro. Textov&#xE9; polia zd&#xF4;raz&#x148;uj&#xFA; jeho osemjadrov&#xFD; procesor, ktor&#xFD; dok&#xE1;&#x17E;e spusti&#x165; hry pre PS2, akt&#xED;vne chladenie pre dlh&#xE9; hranie a v&#xFD;dr&#x17E; bat&#xE9;rie a&#x17E; 6 hod&#xED;n. Logo Helio G99 je v&#xFD;razne zobrazen&#xE9; na farebnom pozad&#xED;.  \" class=\"wp-image-184267\"\/><\/a><\/figure>\n\n\n\n<h3 class=\"wp-block-heading\" id=\"h-performance\"><strong>V\u00fdkon<\/strong><\/h3>\n\n\n\n<p>Pocket Micro je poh\u00e1\u0148an\u00fd procesorom MediaTek Helio G99 a zaru\u010duje plynul\u00e9 hranie hier a\u017e do PS2. Je vybaven\u00fd pam\u00e4\u0165ou LPDDR4X 4266 Mb\/s a poskytuje dve mo\u017enosti ukladania: 6 GB + 128 GB alebo 8 GB + 256 GB. T\u00e1to konfigur\u00e1cia pon\u00faka dostatok priestoru pre r\u00f4znorod\u00fa hern\u00fa kni\u017enicu pri zachovan\u00ed vysok\u00e9ho v\u00fdkonu.  <\/p>\n<\/div>\n<\/div>\n\n<div class=\"wp-block-columns is-layout-flex wp-container-core-columns-is-layout-28f84493 wp-block-columns-is-layout-flex\">\n<div class=\"wp-block-column is-layout-flow wp-block-column-is-layout-flow\">\n<figure class=\"wp-block-image size-large\"><a href=\"https:\/\/droix.net\/wp-content\/uploads\/2024\/08\/AYANEO-POCKET-MICRO-MARKETING-DONE-15.jpg\" target=\"_blank\" rel=\"noopener\"><img decoding=\"async\" src=\"https:\/\/droix.net\/wp-content\/uploads\/2024\/08\/AYANEO-POCKET-MICRO-MARKETING-DONE-15-1024x1024.jpg\" alt=\"Ruky dr&#x17E;iace AYANEO Pocket Micro, na ktor&#xFD;ch je vidie&#x165; zadn&#xFA; stranu zariadenia s tla&#x10D;idlami na ramene a vetrac&#xED;mi otvormi. Ni&#x17E;&#x161;ie je zn&#xE1;zornen&#xE1; sch&#xE9;ma prednej strany zariadenia, ktor&#xE1; zobrazuje rozlo&#x17E;enie tla&#x10D;idiel a obrazovku. Text opisuje jedine&#x10D;n&#xFD; dizajn tla&#x10D;idiel a kreat&#xED;vny hmatov&#xFD; z&#xE1;&#x17E;itok vr&#xE1;tane podrobnost&#xED; o ramenn&#xFD;ch tla&#x10D;idl&#xE1;ch L1, L2, R1, R2 a k&#x13E;&#xFA;&#x10D;ov&#xFD;ch funkci&#xE1;ch kr&#xED;&#x17E;a.  \" class=\"wp-image-184279\"\/><\/a><\/figure>\n\n\n\n<h3 class=\"wp-block-heading\" id=\"h-controls-and-features\"><strong>Ovl\u00e1dacie prvky a funkcie<\/strong><\/h3>\n\n\n\n<p>Zariadenie je vybaven\u00e9 inovat\u00edvnym rozlo\u017een\u00edm ovl\u00e1dac\u00edch prvkov, ktor\u00e9 zabezpe\u010duje pohodlie a r\u00fdchlu odozvu. Obsahuje halov\u00e9 joysticky, ramenn\u00e9 tla\u010didl\u00e1 L1\/L2\/R1\/R2 s r\u00f4znou v\u00fd\u0161kou a tla\u010didlo prep\u00edna\u010da klepnut\u00edm. Medzi \u010fal\u0161ie ovl\u00e1dacie prvky patr\u00ed hlavn\u00e1 v\u0161estrann\u00e1 rukov\u00e4\u0165, line\u00e1rny motor v osi X pre vibra\u010dn\u00fa sp\u00e4tn\u00fa v\u00e4zbu a \u0161es\u0165osov\u00fd gyroskop pre lep\u0161ie ovl\u00e1danie hier.  <\/p>\n<\/div>\n\n\n\n<div class=\"wp-block-column is-layout-flow wp-block-column-is-layout-flow\">\n<figure class=\"wp-block-image size-large\"><a href=\"https:\/\/droix.net\/wp-content\/uploads\/2024\/08\/AYANEO-POCKET-MICRO-MARKETING-DONE-16.jpg\" target=\"_blank\" rel=\"noopener\"><img decoding=\"async\" src=\"https:\/\/droix.net\/wp-content\/uploads\/2024\/08\/AYANEO-POCKET-MICRO-MARKETING-DONE-16-1024x1024.jpg\" alt=\"Z&#xE1;ber zbl&#xED;zka na ruky dr&#x17E;iace AYANEO Pocket Micro, na obrazovke sa zobrazuje hra &#x201E;Balatro&#x201C;. Ikony hore predstavuj&#xFA; funkcie pripojenia: dvojp&#xE1;smov&#xE9; WiFi 5 a BT 5.2, rozhranie USB typu C a slot na kartu Micro SD so stru&#x10D;n&#xFD;m popisom v&#xFD;hod ka&#x17E;dej funkcie. \" class=\"wp-image-184269\"\/><\/a><\/figure>\n\n\n\n<h3 class=\"wp-block-heading\" id=\"h-connectivity-and-software\"><strong>Pripojite\u013enos\u0165 a softv\u00e9r<\/strong><\/h3>\n\n\n\n<p>Pocket Micro be\u017e\u00ed na Android 13 a podporuje dvojp\u00e1smov\u00e9 WiFi 5 a Bluetooth 5.2 pre spo\u013eahliv\u00e9 bezdr\u00f4tov\u00e9 pripojenie. Obsahuje port USB typu C s podporou USB 2.0 OTG a slot na kartu Micro SD (SD 3.0) na roz\u0161\u00edrenie \u00falo\u017eiska. Zariadenie sa spravuje prostredn\u00edctvom AYASpace Management Front-end a AYAHome Desktop Launcher, \u010do zabezpe\u010duje pou\u017e\u00edvate\u013esky pr\u00edvetiv\u00e9 prostredie.  <\/p>\n<\/div>\n\n\n\n<div class=\"wp-block-column is-layout-flow wp-block-column-is-layout-flow\">\n<figure class=\"wp-block-image size-large\"><a href=\"https:\/\/droix.net\/wp-content\/uploads\/2024\/08\/AYANEO-POCKET-MICRO-MARKETING-DONE-14.jpg\" target=\"_blank\" rel=\"noopener\"><img decoding=\"async\" src=\"https:\/\/droix.net\/wp-content\/uploads\/2024\/08\/AYANEO-POCKET-MICRO-MARKETING-DONE-14-1024x1024.jpg\" alt=\"Elegantn&#xE9; &#x10D;ierne vreckov&#xE9; hern&#xE9; zariadenie AYANEO Pocket Micro zobrazen&#xE9; pod uhlom, ktor&#xFD; zv&#xFD;raz&#x148;uje jeho tenk&#xFD; profil a rozlo&#x17E;enie tla&#x10D;idiel. Ni&#x17E;&#x161;ie s&#xFA; ikony predstavuj&#xFA;ce r&#xF4;zne funkcie, ako napr&#xED;klad zameriavanie pomocou gyroskopu, vysoko presn&#xE9; joysticky a mo&#x17E;nosti prisp&#xF4;sobenia tla&#x10D;idiel. \" class=\"wp-image-184268\"\/><\/a><\/figure>\n\n\n\n<h3 class=\"wp-block-heading\" id=\"h-innovative-button-design\"><strong>Inovat\u00edvny dizajn tla\u010didiel<\/strong><\/h3>\n\n\n\n<p>Pocket Micro m\u00e1 jedine\u010dn\u00e9 rozlo\u017eenie tla\u010didiel s kr\u00ed\u017eov\u00fdmi tla\u010didlami a tla\u010didlami ABXY vyu\u017e\u00edvaj\u00facimi technol\u00f3giu vodiv\u00e9ho lepidla na hladk\u00fa hmatov\u00fa odozvu. Ramenn\u00e9 tla\u010didl\u00e1 s\u00fa navrhnut\u00e9 na vysokofrekven\u010dn\u00e9 pou\u017e\u00edvanie, pri\u010dom prostredn\u00edctvom aplik\u00e1cie AYASpace je k dispoz\u00edcii prisp\u00f4sobite\u013en\u00e1 v\u00fdmena hodn\u00f4t kl\u00e1vesov. <\/p>\n<\/div>\n<\/div>\n\n<h3 class=\"wp-block-heading\" id=\"h-battery-and-cooling\"><strong>Bat\u00e9ria a chladenie<\/strong><\/h3>\n\n<p>Pocket Micro obsahuje 2600mAh bat\u00e9riu, ktor\u00e1 vydr\u017e\u00ed a\u017e 6 hod\u00edn nepretr\u017eit\u00e9ho hrania. Pokro\u010dil\u00fd syst\u00e9m akt\u00edvneho rozptylu tepla chladen\u00fd vzduchom pom\u00e1ha predch\u00e1dza\u0165 zn\u00ed\u017eeniu v\u00fdkonu po\u010das dlh\u0161\u00edch hern\u00fdch rel\u00e1ci\u00ed a zabezpe\u010duje konzistentn\u00fd v\u00fdkon. <\/p>\n\n<h3 class=\"wp-block-heading\" id=\"h-additional-features\"><strong>\u010eal\u0161ie funkcie<\/strong><\/h3>\n\n<p>Zariadenie integruje biometrick\u00e9 overovanie prostredn\u00edctvom nap\u00e1jacieho k\u013e\u00fa\u010da so zvukov\u00fdm rozpozn\u00e1van\u00edm odtla\u010dkov prstov. Pon\u00faka tie\u017e zvukov\u00e9 vibr\u00e1cie SoundTAP Magic Sound Vibration, vibr\u00e1cie Xinput Vibration, re\u017eimy v\u00fdkonu s viacer\u00fdmi sc\u00e9nami a prisp\u00f4sobite\u013en\u00e9 mapovanie kl\u00e1vesov pre personalizovan\u00fd hern\u00fd z\u00e1\u017eitok. <\/p>\n\n<h3 class=\"wp-block-heading\" id=\"h-visual-appeal\"><strong>Vizu\u00e1lna pr\u00ed\u0165a\u017elivos\u0165<\/strong><\/h3>\n\n<p>Vreckov\u00fd mikrotelef\u00f3n je navrhnut\u00fd tak, aby bol vizu\u00e1lne n\u00e1padn\u00fd, m\u00e1 \u0161t\u00edhly profil a estetiku in\u0161pirovan\u00fa retro \u0161t\u00fdlom. Jeho \u017eiariv\u00fd displej a vysokokvalitn\u00e1 kovov\u00e1 text\u00fara vylep\u0161uj\u00fa jeho vzh\u013ead, tak\u017ee je atrakt\u00edvnou vo\u013ebou pre zberate\u013eov aj hr\u00e1\u010dov. <\/p>\n\n<h3 class=\"wp-block-heading\" id=\"h-conclusion\">Z\u00e1ver<\/h3>\n\n<p>AYANEO Pocket Micro je prec\u00edzne spracovan\u00e1 vreckov\u00e1 konzola, ktor\u00e1 sp\u00e1ja retro \u0161arm s modernou funk\u010dnos\u0165ou. Jej premyslen\u00fd dizajn a vysokokvalitn\u00e1 kon\u0161trukcia zaru\u010duj\u00fa v\u00fdnimo\u010dn\u00fd hern\u00fd z\u00e1\u017eitok v kompaktnom, \u0161t\u00fdlovom balen\u00ed. \u010ci u\u017e sa vraciate ku klasick\u00fdm hr\u00e1m, alebo objavujete nov\u00e9, Pocket Micro pon\u00faka n\u00e1dhern\u00fd doplnok ku ka\u017edej hernej zostave.  <\/p>\n","protected":false},"excerpt":{"rendered":"<ul>\n<li>Procesor: MediaTek <strong>Helio G99<\/strong><\/li>\n<li>Zobrazenie: 3,5&#8243; <strong>bez okrajov<\/strong> <strong> IPS<\/strong><\/li>\n<li>Pam\u00e4\u0165 RAM: A\u017e <strong>8 GB<\/strong> LPDDR4X @ <strong>4266 MT\/s<\/strong><\/li>\n<li>Skladovanie: A\u017e <strong>256 GB<\/strong> UFS 2.2<\/li>\n<li>Pripojite\u013enos\u0165: Podpora Wi-Fi <strong>5<\/strong> a Bluetooth <strong>5.2<\/strong> <\/li>\n<\/ul>\n<p><img fetchpriority=\"high\" decoding=\"async\" src=\"https:\/\/ayaneo.co\/wp-content\/uploads\/2024\/08\/MICRO-GIFTS-NEW-NOGRIPS.jpg\" alt=\"\u010cierne ochrann\u00e9 puzdro a mal\u00e1 obd\u013a\u017enikov\u00e1 \u0161katu\u013eka (pravdepodobne chr\u00e1ni\u010d obrazovky) s\u00fa zobrazen\u00e9 ved\u013ea textu, ktor\u00fd znie  \" free=\"\" gifts=\"\" protective=\"\" case=\"\" screen=\"\" protector=\"\" automatically=\"\" added=\"\" to=\"\" cart.=\"\" the=\"\" box=\"\" has=\"\" pocket=\"\" micro=\"\" visible=\"\" on=\"\" it.=\"\" width=\"550\" height=\"140\" class=\"alignnone size-full wp-image-24520\" srcset=\"https:\/\/ayaneo.co\/wp-content\/uploads\/2024\/08\/MICRO-GIFTS-NEW-NOGRIPS.jpg 550w, https:\/\/ayaneo.co\/wp-content\/uploads\/2024\/08\/MICRO-GIFTS-NEW-NOGRIPS-300x76.jpg 300w, https:\/\/ayaneo.co\/wp-content\/uploads\/2024\/08\/MICRO-GIFTS-NEW-NOGRIPS-441x112.jpg 441w, https:\/\/ayaneo.co\/wp-content\/uploads\/2024\/08\/MICRO-GIFTS-NEW-NOGRIPS-150x38.jpg 150w\" sizes=\"(max-width: 550px) 100vw, 550px\" \/><\/p>\n[cg_accordion title=\"INFORM\u00c1CIE O PLATBE\"]<\/p>\n<p>Pou\u017e\u00edvame najnov\u0161iu technol\u00f3giu spracovania platieb, ktor\u00e1 v\u00e1m umo\u017e\u0148uje vykona\u0165 platbu prostredn\u00edctvom Apple Pay, Google Pay, va\u0161ej debetnej\/kreditnej karty, PayPal alebo met\u00f3d BNPL, ako s\u00fa Klarna, Affirm alebo AfterPay, \u010do je r\u00fdchle a bezpe\u010dn\u00e9.[\/cg_accordion]\n[cg_accordion title=\"Z\u00c1RUKA\"]<\/p>\n<p>1 rok z\u00e1ruky od spolo\u010dnosti <a href=\"https:\/\/droix.net\/\" target=\"_blank\" rel=\"nofollow noopener\">DROIX Global<\/a> pre v\u00e1\u0161 pokoj[\/cg_accordion]\n[cg_accordion title=\"CENY, DANE A DOPRAVA\"]<\/p>\n<p><strong><u>Pozn\u00e1mka:<\/u><\/strong><\/p>\n<ul>\n<li>Z\u00e1kazn\u00edci zo Spojen\u00fdch \u0161t\u00e1tov: Z\u00e1kazn\u00edci: Zobrazen\u00e1 cena nezah\u0155\u0148a da\u0148 ani clo. Zodpovednos\u0165 za coln\u00e9 konanie a zaplatenie akejko\u013evek s\u00favisiacej dane\/coln\u00e9ho poplatku nesie z\u00e1kazn\u00edk. <\/li>\n<li>Z\u00e1kazn\u00edci z E\u00da: V zobrazenej cene je zahrnut\u00e1 platn\u00e1 DA\u0147, ktor\u00e1 m\u00f4\u017ee by\u0165 a\u017e 25% v z\u00e1vislosti od va\u0161ej krajiny.<\/li>\n<li>Z\u00e1kazn\u00edci z Kanady: V z\u00e1vislosti od va\u0161ej provincie m\u00f4\u017ee zobrazen\u00e1 cena zah\u0155\u0148a\u0165 pr\u00edslu\u0161n\u00e9 dane, ktor\u00e9 m\u00f4\u017eu zah\u0155\u0148a\u0165 5% GST a \u010fal\u0161ie provin\u010dn\u00e9 dane z predaja (PST), harmonizovan\u00fa da\u0148 z predaja (HST) alebo quebeck\u00fa da\u0148 z predaja (QST).<\/li>\n<\/ul>\n<p><strong>Len pre z\u00e1kazn\u00edkov z E\u00da:<\/strong> Expresn\u00e9 DDP (Delivered Duty Paid). To znamen\u00e1: <\/p>\n<ul>\n<li>V\u0161etky cl\u00e1 a dane s\u00fa zahrnut\u00e9 v cene zobrazenej na str\u00e1nke produktu.<\/li>\n<li>Pri doru\u010den\u00ed nemus\u00edte plati\u0165 \u017eiadne \u010fal\u0161ie poplatky.<\/li>\n<li>V zriedkav\u00fdch pr\u00edpadoch probl\u00e9mov s\u00favisiacich s coln\u00fdmi z\u00e1le\u017eitos\u0165ami sa n\u00e1\u0161 t\u00edm postar\u00e1 o coln\u00e9 konanie vo va\u0161om mene, aby sme zabezpe\u010dili bezprobl\u00e9mov\u00e9 doru\u010denie.<\/li>\n<p>D\u00f4le\u017eit\u00e9 inform\u00e1cie o vr\u00e1ten\u00ed tovaru:<\/p>\n<li>Ak sa rozhodnete vr\u00e1ti\u0165 objedn\u00e1vku alebo po\u017eiada\u0165 o vr\u00e1tenie pe\u0148az\u00ed, majte na pam\u00e4ti, \u017ee dane a cl\u00e1 zaplaten\u00e9 vo va\u0161om mene pod\u013ea podmienok DDP nie je mo\u017en\u00e9 vr\u00e1ti\u0165.<\/li>\n<p>Podrobn\u00e9 inform\u00e1cie n\u00e1jdete v na\u0161ich <a href=\"https:\/\/ayaneo.co\/sk\/podmienky-sluzby\/\" target=\"_blank\" rel=\"nofollow noopener\">zmluvn\u00fdch podmienkach<\/a>.\n<\/ul>\n<p>[\/cg_accordion]\n[cg_accordion title=\"Z\u00c1KAZN\u00cdCKA PODPORA\"]<\/p>\n<p>M\u00e1te ot\u00e1zku? Od vyrie\u0161enia v\u00e1\u0161ho probl\u00e9mu n\u00e1s del\u00ed kr\u00e1tka textov\u00e1 spr\u00e1va!<br \/>\n[\/cg_accordion]\n[cg_accordion title=\"Balenie obsahuje\"]<\/p>\n<ul>\n<li>1x AYANEO Pocket Micro<\/li>\n<li>1x k\u00e1bel USB typu C<\/li>\n<li>1x u\u017e\u00edvate\u013esk\u00e1 pr\u00edru\u010dka<\/li>\n<\/ul>\n<p>[\/cg_accordion]\n","protected":false},"featured_media":19430,"template":"","meta":{"_acf_changed":false},"product_brand":[],"product_cat":[1242],"product_tag":[],"class_list":{"0":"post-19429","1":"product","2":"type-product","3":"status-publish","4":"has-post-thumbnail","6":"product_cat-android-herny-vreckovy-pocitac","7":"product_shipping_class-standard","8":"pa_brand-ayaneo","10":"first","11":"outofstock","12":"taxable","13":"shipping-taxable","14":"purchasable","15":"product-type-variable","16":"has-default-attributes"},"acf":[],"_links":{"self":[{"href":"https:\/\/ayaneo.co\/sk\/wp-json\/wp\/v2\/product\/19429","targetHints":{"allow":["GET"]}}],"collection":[{"href":"https:\/\/ayaneo.co\/sk\/wp-json\/wp\/v2\/product"}],"about":[{"href":"https:\/\/ayaneo.co\/sk\/wp-json\/wp\/v2\/types\/product"}],"wp:featuredmedia":[{"embeddable":true,"href":"https:\/\/ayaneo.co\/sk\/wp-json\/wp\/v2\/media\/19430"}],"wp:attachment":[{"href":"https:\/\/ayaneo.co\/sk\/wp-json\/wp\/v2\/media?parent=19429"}],"wp:term":[{"taxonomy":"product_brand","embeddable":true,"href":"https:\/\/ayaneo.co\/sk\/wp-json\/wp\/v2\/product_brand?post=19429"},{"taxonomy":"product_cat","embeddable":true,"href":"https:\/\/ayaneo.co\/sk\/wp-json\/wp\/v2\/product_cat?post=19429"},{"taxonomy":"product_tag","embeddable":true,"href":"https:\/\/ayaneo.co\/sk\/wp-json\/wp\/v2\/product_tag?post=19429"}],"curies":[{"name":"wp","href":"https:\/\/api.w.org\/{rel}","templated":true}]}}