{"id":19460,"date":"2024-09-20T09:49:52","date_gmt":"2024-09-20T09:49:52","guid":{"rendered":"https:\/\/ayaneo.co\/product\/ayaneo-pocket-s-prislusenstvo\/"},"modified":"2025-12-09T00:26:08","modified_gmt":"2025-12-09T00:26:08","slug":"ayaneo-pocket-s-prislusenstvo","status":"publish","type":"product","link":"https:\/\/ayaneo.co\/sk\/product\/ayaneo-pocket-s-prislusenstvo\/","title":{"rendered":"AYANEO Pocket S Pr\u00edslu\u0161enstvo"},"content":{"rendered":"\n<p>Zv\u00fd\u0161te svoj hern\u00fd z\u00e1\u017eitok na AYANEO Pocket S s t\u00fdmto nevyhnutn\u00fdm bal\u00edkom pr\u00edslu\u0161enstva, ktor\u00fd je navrhnut\u00fd na ochranu, pohodlie a lep\u0161ie hranie.<\/p>\n\n<ul class=\"wp-block-list\">\n<li><strong>Magnetick\u00e9 flipov\u00e9 ochrann\u00e9 puzdro 2 v 1<\/strong>: Toto puzdro s inovat\u00edvnym ergonomick\u00fdm dizajnom kombinuje \u0161t\u00fdl a funk\u010dnos\u0165. Ochrann\u00e9 puzdro je vybaven\u00e9 magnetick\u00fdm flipov\u00fdm krytom, ktor\u00fd zabezpe\u010duje va\u0161e zariadenie a z\u00e1rove\u0148 poskytuje jednoduch\u00fd pr\u00edstup. Proti\u0161mykov\u00e1 text\u00fara zais\u0165uje pevn\u00e9 uchopenie a ve\u013ek\u00e1 rukov\u00e4\u0165 pon\u00faka pohodln\u00e9 dr\u017eanie pri dlh\u00fdch hern\u00fdch rel\u00e1ci\u00e1ch. \u010ci u\u017e ste doma alebo na cest\u00e1ch, toto ochrann\u00e9 puzdro je dokonal\u00fdm spolo\u010dn\u00edkom, ktor\u00fd ochr\u00e1ni v\u00e1\u0161 AYANEO Pocket S pred ka\u017edodenn\u00fdm opotrebovan\u00edm.   <\/li>\n\n\n\n<li><strong>Ochrann\u00fd kryt obrazovky<\/strong>: Chr\u00e1\u0148te svoju obrazovku vysokokvalitn\u00fdm, mimoriadne \u010dist\u00fdm ochrann\u00fdm krytom obrazovky. Je navrhnut\u00fd tak, aby odol\u00e1val \u0161krabancom, \u0161muh\u00e1m a odtla\u010dkom prstov, a zaru\u010duje, \u017ee v\u00e1\u0161 displej zostane \u017eiv\u00fd a citliv\u00fd ako v\u017edy. Jeho \u013eahko aplikovate\u013en\u00fd dizajn zaru\u010duje in\u0161tal\u00e1ciu bez bubliniek, v\u010faka \u010domu zostane va\u0161a obrazovka nedotknut\u00e1 a z\u00e1rove\u0148 sa zachov\u00e1 citlivos\u0165 na dotyk pre plynul\u00e9 a nepreru\u0161ovan\u00e9 hranie.  <\/li>\n\n\n\n<li><strong>Rukov\u00e4te na palec<\/strong>: Zlep\u0161ite svoje ovl\u00e1danie pomocou pr\u00e9miov\u00fdch rukov\u00e4t\u00ed na palce. Tieto silik\u00f3nov\u00e9 kryty pre anal\u00f3gov\u00e9 p\u00e1\u010dky pon\u00fakaj\u00fa vynikaj\u00faci \u00fachop a presnos\u0165, \u010d\u00edm v\u00e1m pom\u00f4\u017eu udr\u017ea\u0165 kontrolu aj v t\u00fdch najintenz\u00edvnej\u0161\u00edch hern\u00fdch momentoch. Tieto \u00fachyty na palce s\u00fa navrhnut\u00e9 tak, aby zni\u017eovali \u00fanavu a zvy\u0161ovali pohodlie, umo\u017e\u0148uj\u00fa presnej\u0161ie pohyby a poskytuj\u00fa v\u00e1m potrebn\u00fa konkuren\u010dn\u00fa v\u00fdhodu.  <\/li>\n<\/ul>\n\n<p>T\u00e1to s\u00faprava pr\u00edslu\u0161enstva zaru\u010duje, \u017ee v\u00e1\u0161 AYANEO Pocket S zostane chr\u00e1nen\u00fd a pripraven\u00fd na akciu, a z\u00e1rove\u0148 zlep\u0161uje hern\u00fd z\u00e1\u017eitok v\u010faka ergonomick\u00fdm vylep\u0161eniam.<\/p>\n","protected":false},"excerpt":{"rendered":"[cg_accordion title=\"INFORM\u00c1CIE O PLATBE\"]<\/p>\n<p>Pou\u017e\u00edvame najnov\u0161iu technol\u00f3giu spracovania platieb, ktor\u00e1 v\u00e1m umo\u017e\u0148uje vykona\u0165 platbu prostredn\u00edctvom Apple Pay, Google Pay, va\u0161ej debetnej\/kreditnej karty, PayPal alebo met\u00f3d BNPL, ako s\u00fa Klarna, Affirm alebo AfterPay, \u010do je r\u00fdchle a bezpe\u010dn\u00e9.[\/cg_accordion]\n[cg_accordion title=\"Z\u00c1RUKA\"]<\/p>\n<p>1 rok z\u00e1ruky od spolo\u010dnosti <a href=\"https:\/\/droix.net\/\" target=\"_blank\" rel=\"nofollow noopener\">DROIX Global<\/a> pre v\u00e1\u0161 pokoj[\/cg_accordion]\n[cg_accordion title=\"CENY, DANE A DOPRAVA\"]<\/p>\n<p><strong><u>Pozn\u00e1mka:<\/u><\/strong><\/p>\n<ul>\n<li>Z\u00e1kazn\u00edci zo Spojen\u00fdch \u0161t\u00e1tov: Z\u00e1kazn\u00edci: Zobrazen\u00e1 cena nezah\u0155\u0148a da\u0148 ani clo. Zodpovednos\u0165 za coln\u00e9 konanie a zaplatenie akejko\u013evek s\u00favisiacej dane\/coln\u00e9ho poplatku nesie z\u00e1kazn\u00edk. <\/li>\n<li>Z\u00e1kazn\u00edci z E\u00da: V zobrazenej cene je zahrnut\u00e1 platn\u00e1 DA\u0147, ktor\u00e1 m\u00f4\u017ee by\u0165 a\u017e 25% v z\u00e1vislosti od va\u0161ej krajiny.<\/li>\n<li>Z\u00e1kazn\u00edci z Kanady: V z\u00e1vislosti od va\u0161ej provincie m\u00f4\u017ee zobrazen\u00e1 cena zah\u0155\u0148a\u0165 pr\u00edslu\u0161n\u00e9 dane, ktor\u00e9 m\u00f4\u017eu zah\u0155\u0148a\u0165 5% GST a \u010fal\u0161ie provin\u010dn\u00e9 dane z predaja (PST), harmonizovan\u00fa da\u0148 z predaja (HST) alebo quebeck\u00fa da\u0148 z predaja (QST).<\/li>\n<\/ul>\n<p><strong>Len pre z\u00e1kazn\u00edkov z E\u00da:<\/strong> Expresn\u00e9 DDP (Delivered Duty Paid). To znamen\u00e1: <\/p>\n<ul>\n<li>V\u0161etky cl\u00e1 a dane s\u00fa zahrnut\u00e9 v cene zobrazenej na str\u00e1nke produktu.<\/li>\n<li>Pri doru\u010den\u00ed nemus\u00edte plati\u0165 \u017eiadne \u010fal\u0161ie poplatky.<\/li>\n<li>V zriedkav\u00fdch pr\u00edpadoch probl\u00e9mov s\u00favisiacich s coln\u00fdmi z\u00e1le\u017eitos\u0165ami sa n\u00e1\u0161 t\u00edm postar\u00e1 o coln\u00e9 konanie vo va\u0161om mene, aby sme zabezpe\u010dili bezprobl\u00e9mov\u00e9 doru\u010denie.<\/li>\n<p>D\u00f4le\u017eit\u00e9 inform\u00e1cie o vr\u00e1ten\u00ed tovaru:<\/p>\n<li>Ak sa rozhodnete vr\u00e1ti\u0165 objedn\u00e1vku alebo po\u017eiada\u0165 o vr\u00e1tenie pe\u0148az\u00ed, majte na pam\u00e4ti, \u017ee dane a cl\u00e1 zaplaten\u00e9 vo va\u0161om mene pod\u013ea podmienok DDP nie je mo\u017en\u00e9 vr\u00e1ti\u0165.<\/li>\n<p>Podrobn\u00e9 inform\u00e1cie n\u00e1jdete v na\u0161ich <a href=\"https:\/\/ayaneo.co\/terms-of-service-2\/\" target=\"_blank\" rel=\"nofollow noopener\">zmluvn\u00fdch podmienkach<\/a>.\n<\/ul>\n<p>[\/cg_accordion]\n[cg_accordion title=\"Z\u00c1KAZN\u00cdCKA PODPORA\"]<\/p>\n<p>M\u00e1te ot\u00e1zku? Od vyrie\u0161enia v\u00e1\u0161ho probl\u00e9mu n\u00e1s del\u00ed kr\u00e1tka textov\u00e1 spr\u00e1va!<br \/>\n[\/cg_accordion]\n","protected":false},"featured_media":19469,"template":"","meta":{"_acf_changed":false},"product_brand":[],"product_cat":[1196],"product_tag":[],"class_list":{"0":"post-19460","1":"product","2":"type-product","3":"status-publish","4":"has-post-thumbnail","6":"product_cat-prislusenstvo","7":"product_shipping_class-low-end","8":"pa_accessory-type-grip-sk","9":"pa_accessory-type-protective-case-sk","10":"pa_accessory-type-screen-protector-sk","11":"pa_brand-ayaneo","13":"first","14":"instock","15":"sale","16":"taxable","17":"shipping-taxable","18":"purchasable","19":"product-type-simple"},"acf":[],"_links":{"self":[{"href":"https:\/\/ayaneo.co\/sk\/wp-json\/wp\/v2\/product\/19460","targetHints":{"allow":["GET"]}}],"collection":[{"href":"https:\/\/ayaneo.co\/sk\/wp-json\/wp\/v2\/product"}],"about":[{"href":"https:\/\/ayaneo.co\/sk\/wp-json\/wp\/v2\/types\/product"}],"wp:featuredmedia":[{"embeddable":true,"href":"https:\/\/ayaneo.co\/sk\/wp-json\/wp\/v2\/media\/19469"}],"wp:attachment":[{"href":"https:\/\/ayaneo.co\/sk\/wp-json\/wp\/v2\/media?parent=19460"}],"wp:term":[{"taxonomy":"product_brand","embeddable":true,"href":"https:\/\/ayaneo.co\/sk\/wp-json\/wp\/v2\/product_brand?post=19460"},{"taxonomy":"product_cat","embeddable":true,"href":"https:\/\/ayaneo.co\/sk\/wp-json\/wp\/v2\/product_cat?post=19460"},{"taxonomy":"product_tag","embeddable":true,"href":"https:\/\/ayaneo.co\/sk\/wp-json\/wp\/v2\/product_tag?post=19460"}],"curies":[{"name":"wp","href":"https:\/\/api.w.org\/{rel}","templated":true}]}}