{"id":28484,"date":"2025-07-15T11:52:07","date_gmt":"2025-07-15T11:52:07","guid":{"rendered":"https:\/\/ayaneo.co\/?post_type=product&#038;p=28484"},"modified":"2025-12-09T00:24:29","modified_gmt":"2025-12-09T00:24:29","slug":"ayaneo-krytky-rukovate-pocket-micro-dmg-thumb-stick-zvyseny-komfort-a-ovladanie-copy","status":"publish","type":"product","link":"https:\/\/ayaneo.co\/sk\/product\/ayaneo-krytky-rukovate-pocket-micro-dmg-thumb-stick-zvyseny-komfort-a-ovladanie-copy\/","title":{"rendered":"AYANEO Pocket S, AIR &amp; SLIDE Krytky palcovej palice - zv\u00fd\u0161en\u00fd komfort a ovl\u00e1danie!"},"content":{"rendered":"\n<p><strong>Vylep\u0161ite svoj hern\u00fd z\u00e1\u017eitok s krytkami na palec AYANEO Pocket S, AIR &amp; SLIDE!<\/strong>  Tieto krytky rukov\u00e4te, navrhnut\u00e9 pre presnos\u0165, pohodlie a odolnos\u0165, poskytuj\u00fa lep\u0161ie ovl\u00e1danie a lep\u0161ie uchopenie, \u010d\u00edm zabezpe\u010duj\u00fa plynulej\u0161ie hranie pre zariadenia AYANEO Pocket S, AIR a SLIDE.<\/p>\n\n<h2 class=\"wp-block-heading\"><strong>K\u013e\u00fa\u010dov\u00e9 vlastnosti:<\/strong><\/h2>\n\n<p><strong>Zlep\u0161en\u00fd \u00fachop a ovl\u00e1danie -<\/strong> rozl\u00fa\u010dte sa s klzk\u00fdmi palcami! Vychutnajte si zv\u00fd\u0161en\u00fa presnos\u0165 pri ka\u017edom pohybe na AYANEO Pocket S, AIR alebo SLIDE. <\/p>\n\n<p><strong>Pohodln\u00fd a ergonomick\u00fd dizajn<\/strong> - Materi\u00e1l s m\u00e4kk\u00fdm povrchom na dotyk zni\u017euje n\u00e1mahu po\u010das dlh\u00fdch hern\u00fdch rel\u00e1ci\u00ed.  <\/p>\n\n<p><strong>Kvalitn\u00fd materi\u00e1l -<\/strong> Odoln\u00fd, vysokokvalitn\u00fd silik\u00f3n zaru\u010duje dlhodob\u00fd v\u00fdkon.  <\/p>\n\n<p><strong>Jednoduch\u00e1 in\u0161tal\u00e1cia a bezpe\u010dn\u00e9 uchytenie -<\/strong> navrhnut\u00e9 \u0161peci\u00e1lne pre AYANEO Pocket S, AIR &amp; SLIDE, \u010do zais\u0165uje pevn\u00e9 uchytenie, ktor\u00e9 nek\u013a\u017ee.  <\/p>\n\n<p><strong>\u0160t\u00fdlov\u00fd a funk\u010dn\u00fd<\/strong> - dod\u00e1va elegantn\u00fd estetick\u00fd vzh\u013ead a z\u00e1rove\u0148 chr\u00e1ni palce pred opotrebovan\u00edm.  <\/p>\n\n<p>Posu\u0148te svoj z\u00e1\u017eitok z hrania hier AYANEO na vy\u0161\u0161iu \u00farove\u0148 s t\u00fdmito nevyhnutn\u00fdmi krytkami na uchopenie!  <\/p>\n\n<p><\/p>\n","protected":false},"excerpt":{"rendered":"<ul>\n<li><strong>Ofici\u00e1lne<\/strong> krytky palcovej palice <strong>AYANEO<\/strong> Pocket S, AIR &amp; SLIDE<\/li>\n<li><strong>Lep\u0161\u00ed \u00fachop a ovl\u00e1danie<\/strong> - Zlep\u0161uje presnos\u0165 a ovl\u00e1date\u013enos\u0165.<\/li>\n<li><strong>M\u00e4kk\u00e9 a pohodln\u00e9<\/strong> - Zni\u017euje \u00fanavu pri dlh\u0161om hran\u00ed.<\/li>\n<li><strong>Odoln\u00fd silik\u00f3nov\u00fd materi\u00e1l<\/strong> - Dlhotrvaj\u00faci a odoln\u00fd vo\u010di opotrebovaniu.<\/li>\n<li><strong>Perfektn\u00e9 prisp\u00f4sobenie -<\/strong> navrhnut\u00e9 v\u00fdhradne pre AYANEO Pocket S, AIR &amp; SLIDE.<\/li>\n<\/ul>\n[cg_accordion title=\"INFORM\u00c1CIE O PLATBE\"]<\/p>\n<p>Pou\u017e\u00edvame najnov\u0161iu technol\u00f3giu spracovania platieb, ktor\u00e1 v\u00e1m umo\u017e\u0148uje vykona\u0165 platbu prostredn\u00edctvom Apple Pay, Google Pay, va\u0161ej debetnej\/kreditnej karty, PayPal alebo met\u00f3d BNPL, ako s\u00fa Klarna, Affirm alebo AfterPay, \u010do je r\u00fdchle a bezpe\u010dn\u00e9.[\/cg_accordion]\n[cg_accordion title=\"Z\u00c1RUKA\"]<\/p>\n<p>1 rok z\u00e1ruky od <a href=\"https:\/\/droix.net\/\" target=\"_blank\" rel=\"nofollow noopener\">spolo\u010dnosti DROIX Global pre<\/a> v\u00e1\u0161 pokoj[\/cg_accordion]\n[cg_accordion title=\"ZABEZPE\u010cENIE KVALITY A TESTOVANIE PRED ODOSLAN\u00cdM\"]<\/p>\n<p>Zabezpe\u010denie spokojnosti z\u00e1kazn\u00edkov na najvy\u0161\u0161ej \u00farovni: Pred odoslan\u00edm prech\u00e1dza ka\u017ed\u00e9 zariadenie pr\u00edsnym testovan\u00edm a viacbodovou kontrolou kvality. N\u00e1\u0161 \u0161pecializovan\u00fd t\u00edm overuje v\u00fdkon, funk\u010dnos\u0165 a integritu komponentov, aby sme v\u00e1m zaru\u010dili, \u017ee va\u0161e zariadenie AYANEO bude pri pr\u00edchode v perfektnom stave, \u010do v\u00e1m poskytne istotu a pokoj. [\/cg_accordion]\n[cg_accordion title=\"CENY, DANE A DOPRAVA\"]<\/p>\n<p><strong><u>Pozn\u00e1mka:<\/u><\/strong><\/p>\n<ul>\n<li>Z\u00e1kazn\u00edci zo Spojen\u00fdch \u0161t\u00e1tov: Z\u00e1kazn\u00edci: Zobrazen\u00e1 cena nezah\u0155\u0148a da\u0148 ani clo. Zodpovednos\u0165 za coln\u00e9 konanie a zaplatenie akejko\u013evek s\u00favisiacej dane\/coln\u00e9ho poplatku nesie z\u00e1kazn\u00edk. <\/li>\n<li>Z\u00e1kazn\u00edci z E\u00da: V zobrazenej cene je zahrnut\u00e1 platn\u00e1 DA\u0147, ktor\u00e1 m\u00f4\u017ee by\u0165 a\u017e 25% v z\u00e1vislosti od va\u0161ej krajiny.<\/li>\n<li>Z\u00e1kazn\u00edci z Kanady: V z\u00e1vislosti od va\u0161ej provincie m\u00f4\u017ee zobrazen\u00e1 cena zah\u0155\u0148a\u0165 pr\u00edslu\u0161n\u00e9 dane, ktor\u00e9 m\u00f4\u017eu zah\u0155\u0148a\u0165 5% GST a \u010fal\u0161ie provin\u010dn\u00e9 dane z predaja (PST), harmonizovan\u00fa da\u0148 z predaja (HST) alebo quebeck\u00fa da\u0148 z predaja (QST).<\/li>\n<\/ul>\n<p><strong>Len pre z\u00e1kazn\u00edkov z E\u00da:<\/strong> Expresn\u00e9 DDP (Delivered Duty Paid). To znamen\u00e1: <\/p>\n<ul>\n<li>V\u0161etky cl\u00e1 a dane s\u00fa zahrnut\u00e9 v cene zobrazenej na str\u00e1nke produktu.<\/li>\n<li>Pri doru\u010den\u00ed nemus\u00edte plati\u0165 \u017eiadne \u010fal\u0161ie poplatky.<\/li>\n<li>V zriedkav\u00fdch pr\u00edpadoch probl\u00e9mov s\u00favisiacich s coln\u00fdmi z\u00e1le\u017eitos\u0165ami sa n\u00e1\u0161 t\u00edm postar\u00e1 o coln\u00e9 konanie vo va\u0161om mene, aby sme zabezpe\u010dili bezprobl\u00e9mov\u00e9 doru\u010denie.<\/li>\n<p>D\u00f4le\u017eit\u00e9 inform\u00e1cie o vr\u00e1ten\u00ed tovaru:<\/p>\n<li>Ak sa rozhodnete vr\u00e1ti\u0165 objedn\u00e1vku alebo po\u017eiada\u0165 o vr\u00e1tenie pe\u0148az\u00ed, majte na pam\u00e4ti, \u017ee dane a cl\u00e1 zaplaten\u00e9 vo va\u0161om mene pod\u013ea podmienok DDP nie je mo\u017en\u00e9 vr\u00e1ti\u0165.<\/li>\n<p>Podrobn\u00e9 inform\u00e1cie n\u00e1jdete v na\u0161ich <a href=\"https:\/\/ayaneo.co\/sk\/podmienky-sluzby\/\" target=\"_blank\" rel=\"nofollow noopener\">zmluvn\u00fdch podmienkach<\/a>.\n<\/ul>\n<p>[\/cg_accordion]\n[cg_accordion title=\"Z\u00c1KAZN\u00cdCKA PODPORA\"]<\/p>\n<p>M\u00e1te ot\u00e1zku? Od vyrie\u0161enia v\u00e1\u0161ho probl\u00e9mu n\u00e1s del\u00ed kr\u00e1tka textov\u00e1 spr\u00e1va! [\/cg_accordion]\n[cg_accordion title=\"BALENIE OBSAHUJE\"]<\/p>\n<ul>\n<li>1x AYANEO Pocket S, AIR &amp; SLIDE Krytky na palec<\/li>\n<\/ul>\n<p>[\/cg_accordion]\n","protected":false},"featured_media":28508,"template":"","meta":{"_acf_changed":false},"product_brand":[],"product_cat":[1196],"product_tag":[],"class_list":{"0":"post-28484","1":"product","2":"type-product","3":"status-publish","4":"has-post-thumbnail","6":"product_cat-prislusenstvo","7":"product_shipping_class-low-end","9":"first","10":"instock","11":"sale","12":"taxable","13":"shipping-taxable","14":"purchasable","15":"product-type-simple"},"acf":[],"_links":{"self":[{"href":"https:\/\/ayaneo.co\/sk\/wp-json\/wp\/v2\/product\/28484","targetHints":{"allow":["GET"]}}],"collection":[{"href":"https:\/\/ayaneo.co\/sk\/wp-json\/wp\/v2\/product"}],"about":[{"href":"https:\/\/ayaneo.co\/sk\/wp-json\/wp\/v2\/types\/product"}],"wp:featuredmedia":[{"embeddable":true,"href":"https:\/\/ayaneo.co\/sk\/wp-json\/wp\/v2\/media\/28508"}],"wp:attachment":[{"href":"https:\/\/ayaneo.co\/sk\/wp-json\/wp\/v2\/media?parent=28484"}],"wp:term":[{"taxonomy":"product_brand","embeddable":true,"href":"https:\/\/ayaneo.co\/sk\/wp-json\/wp\/v2\/product_brand?post=28484"},{"taxonomy":"product_cat","embeddable":true,"href":"https:\/\/ayaneo.co\/sk\/wp-json\/wp\/v2\/product_cat?post=28484"},{"taxonomy":"product_tag","embeddable":true,"href":"https:\/\/ayaneo.co\/sk\/wp-json\/wp\/v2\/product_tag?post=28484"}],"curies":[{"name":"wp","href":"https:\/\/api.w.org\/{rel}","templated":true}]}}