{"id":29375,"date":"2025-01-20T12:04:53","date_gmt":"2025-01-20T12:04:53","guid":{"rendered":"https:\/\/ayaneo.co\/product\/ayaneo-next\/"},"modified":"2025-08-01T10:42:55","modified_gmt":"2025-08-01T10:42:55","slug":"ayaneo-next","status":"publish","type":"product","link":"https:\/\/ayaneo.co\/sk\/product\/ayaneo-next\/","title":{"rendered":"AYANEO NEXT"},"content":{"rendered":"\n<figure class=\"wp-block-image\"><img decoding=\"async\" src=\"https:\/\/droix.net\/wp-content\/uploads\/2022\/01\/product-overview-1024x584.png\" alt=\"\" title=\"AYA NEO NEXT 1\"\/><\/figure>\n\n<h2 class=\"wp-block-heading\">Konzola AMD Ryzen Zen 3<\/h2>\n\n<p>Hrub\u00fd v\u00fdkon a\u017e do 4,5 GHz<\/p>\n\n<p>Pokia\u013e ide o v\u00fdkon spracovania, AYANEO Next PC Gaming Handheld nie je na gau\u010di \u017eiadnym smoliarom.<\/p>\n\n<p>&#8222;V\u00fdkon&#8220; zabezpe\u010duje procesor AMD Ryzen 7 5825U zalo\u017een\u00fd na najnov\u0161ej architekt\u00fare ZEN 3. Ten poskytuje plynul\u00fd z\u00e1\u017eitok z hrania hier pri zachovan\u00ed minim\u00e1lnej spotreby bat\u00e9rie. APU Ryzen 7, ktor\u00fd sa nach\u00e1dza v AYANEO Next, je zalo\u017een\u00fd na 7nm FinFET litografii TSMC  <\/p>\n\n<p>Procesor 5825U Ryzen 7 je osemjadrov\u00fd procesor so 16 vl\u00e1knami. M\u00f4\u017ee be\u017ea\u0165 v ne\u010dinnosti na frekvencii 2,0 GHz a pri ve\u013ekom za\u0165a\u017een\u00ed zv\u00fd\u0161i\u0165 frekvenciu a\u017e na 4,5 GHz. V spojen\u00ed so softv\u00e9rom AYA Space m\u00f4\u017eete nakonfigurova\u0165 TDP vreckov\u00e9ho po\u010d\u00edta\u010da AYANEO Next a\u017e na 32 W pre e\u0161te vy\u0161\u0161\u00ed v\u00fdkon.  <\/p>\n\n<p>Va\u0161e hry bud\u00fa v porovnan\u00ed s najnov\u0161ou gener\u00e1ciou hern\u00fdch konzol PC podstatne r\u00fdchlej\u0161ie.  <\/p>\n\n<p>Na pomoc s v\u00fdkonom spracovania n\u00e1jdete na palube aj 16 GB dvojkan\u00e1lovej pam\u00e4te LPDDR4x RAM, ktor\u00e1 udr\u017e\u00ed krok s neust\u00e1le rast\u00facimi po\u017eiadavkami syst\u00e9mu. Ke\u010f u\u017e hovor\u00edme o n\u00e1rokoch syst\u00e9mu, k dispoz\u00edcii s\u00fa dve mo\u017enosti \u00falo\u017eiska: 1 TB a 2 TB - v\u010faka tomu budete ma\u0165 po ruke dostatok miesta na najnov\u0161ie po\u010d\u00edta\u010dov\u00e9 hry. (Pozer\u00e1m sa na teba, Call of Duty) j  <\/p>\n\n<figure class=\"wp-block-image\"><img decoding=\"async\" src=\"https:\/\/droix.net\/wp-content\/uploads\/elementor\/thumbs\/processor-q8z5das1ql6n9ve6zhwvyxoict8wyvevo2ttgvwkqo.png\" alt=\"procesor\" title=\"procesor\"\/><\/figure>\n\n<h2 class=\"wp-block-heading\">AYANEO \u010eal\u0161\u00ed GPU AMD<\/h2>\n\n<p>Hrajte najnov\u0161ie hry AAA<\/p>\n\n<p>Grafika AMD v notebooku AYANEO Next je ide\u00e1lna na hranie hier na cest\u00e1ch. V hernej komunite je dobre zn\u00e1me, \u017ee spolo\u010dnos\u0165 AMD vynaklad\u00e1 mimoriadne \u00fasilie na ich integr\u00e1ciu a kompatibilitu s najnov\u0161\u00edmi hrami na trhu. <\/p>\n\n<p>Grafick\u00e1 \u010dipov\u00e1 s\u00faprava AYANEO Next je v porovnan\u00ed so starou gener\u00e1ciou grafick\u00fdch \u010dipov AMD o 17 % r\u00fdchlej\u0161ia v benchmarkoch. V spojen\u00ed so softv\u00e9rom AYA Space, ktor\u00fd umo\u017e\u0148uje ovl\u00e1da\u0165 TDP konzoly, a skvel\u00fdm rie\u0161en\u00edm chladenia je AYANEO Next hern\u00e1 be\u0161tia. <\/p>\n\n<h2 class=\"wp-block-heading\">Odv\u00e1\u017ene a jasn\u00e9<\/h2>\n\n<p>7\u2033 IPS-Monitor<\/p>\n\n<p>Pri hran\u00ed hier nie je r\u00fdchlos\u0165 a FPS v\u0161etko (ok, je to asi 90 % z\u00e1\u017eitku), ale ve\u013emi d\u00f4le\u017eit\u00e9 je m\u00e9dium, prostredn\u00edctvom ktor\u00e9ho z\u00e1\u017eitok absorbujete.<\/p>\n\n<p>To je d\u00f4vod, pre\u010do je AYANEO Next vybaven\u00fd kr\u00e1snym dotykov\u00fdm displejom IPS s rozl\u00ed\u0161en\u00edm 1280*800.<\/p>\n\n<figure class=\"wp-block-image\"><img decoding=\"async\" src=\"https:\/\/droix.net\/wp-content\/uploads\/2022\/01\/AYANEO-NEXT-BRIGHT-WHITE-MARKETING-PICTURE-2-scaled.jpg\" alt=\"AYANEO-NEXT-BRIGHT-WHITE-MARKETING-PICTURE-2\" title=\"AYA NEO NEXT 2\"\/><\/figure>\n\n<figure class=\"wp-block-image\"><img decoding=\"async\" src=\"https:\/\/droix.net\/wp-content\/uploads\/2022\/01\/AYANEO-NEXT-JET-BLACK-MARKETING-PICTURE-2-scaled.jpg\" alt=\"AYANEO-NEXT-JET-BLACK-MARKETING-PICTURE-2\" title=\"AYA NEO NEXT 3\"\/><\/figure>\n\n<figure class=\"wp-block-image\"><img decoding=\"async\" src=\"https:\/\/droix.net\/wp-content\/uploads\/2022\/01\/AYANEO-NEXT-MIDNIGHT-BLUE-MARKETING-PICTURE-4-scaled.jpg\" alt=\"AYANEO-NEXT-MIDNIGHT-BLUE-MARKETING-PICTURE-4\" title=\"AYA NEO NEXT 4\"\/><\/figure>\n\n<figure class=\"wp-block-image\"><img decoding=\"async\" src=\"https:\/\/droix.net\/wp-content\/uploads\/2022\/01\/AYANEO-NEXT-PASTEL-BLUE-MARKETING-PICTURE-7-scaled.jpg\" alt=\"AYANEO-NEXT-PASTEL-BLUE-MARKETING-PICTURE-7\" title=\"AYA NEO NEXT 5\"\/><\/figure>\n\n<h2 class=\"wp-block-heading\">Hry od A do Z<\/h2>\n\n<p>Hern\u00fd vreckov\u00fd po\u010d\u00edta\u010d AYANEO Next PC sp\u013a\u0148a v\u0161etky po\u017eiadavky - je vybaven\u00fd t\u00fdm najlep\u0161\u00edm hardv\u00e9rom, aby boli va\u0161e hern\u00e9 rel\u00e1cie \u010do najpohodlnej\u0161ie.<\/p>\n\n<figure class=\"wp-block-image\"><img decoding=\"async\" src=\"https:\/\/droix.net\/wp-content\/uploads\/2022\/01\/high-quality-build.png\" alt=\"\" title=\"AYA NEO NEXT 6\"\/><\/figure>\n\n<figure class=\"wp-block-image\"><img decoding=\"async\" src=\"https:\/\/droix.net\/wp-content\/uploads\/2022\/01\/shoulder-buttons.png\" alt=\"\" title=\"AYA NEO NEXT 7\"\/><\/figure>\n\n<figure class=\"wp-block-image\"><img decoding=\"async\" src=\"https:\/\/droix.net\/wp-content\/uploads\/2022\/01\/fingerprint.png\" alt=\"\" title=\"AYA NEO NEXT 8\"\/><\/figure>\n","protected":false},"excerpt":{"rendered":"<ul>\n<li>AMD\u00ae <strong>Ryzen\u2122 7 5825U s<\/strong> grafikou AMD Radeon\u2122 Vega 8<\/li>\n<li><strong>16 GB dvojkan\u00e1lovej pam\u00e4te<\/strong> LPDDR4x s frekvenciou 4266 MHz<\/li>\n<li><strong>Vysokor\u00fdchlostn\u00fd<\/strong> SSD disk PCI-E NVMe s kapacitou<strong>2 TB\/2 TB<\/strong> <\/li>\n<li><strong>7\u2033<\/strong> dotykov\u00fd displej <strong>H-IPS<\/strong> <\/li>\n<li><strong>Podpora<\/strong> <strong>WiFi 6 IEEE<\/strong> a <strong>Bluetooth 5.2<\/strong> <\/li>\n<\/ul>\n[cg_accordion title=\"INFORM\u00c1CIE O PLATBE\"]<\/p>\n<p>Pou\u017e\u00edvame najnov\u0161iu technol\u00f3giu spracovania platieb, ktor\u00e1 v\u00e1m umo\u017e\u0148uje vykona\u0165 platbu prostredn\u00edctvom Apple Pay, Google Pay, va\u0161ej debetnej\/kreditnej karty, PayPal alebo met\u00f3d BNPL, ako s\u00fa Klarna, Affirm alebo AfterPay, \u010do je r\u00fdchle a bezpe\u010dn\u00e9.[\/cg_accordion]\n[cg_accordion title=\"Z\u00c1RUKA\"]<\/p>\n<p>1 rok z\u00e1ruky od spolo\u010dnosti <a href=\"https:\/\/droix.net\/\" target=\"_blank\" rel=\"nofollow noopener\">DROIX Global<\/a> pre v\u00e1\u0161 pokoj[\/cg_accordion]\n[cg_accordion title=\"CENY, DANE A DOPRAVA\"]<\/p>\n<p><strong><u>Pozn\u00e1mka:<\/u><\/strong><\/p>\n<ul>\n<li>Z\u00e1kazn\u00edci zo Spojen\u00fdch \u0161t\u00e1tov: Z\u00e1kazn\u00edci: Zobrazen\u00e1 cena nezah\u0155\u0148a da\u0148 ani clo. Zodpovednos\u0165 za coln\u00e9 konanie a zaplatenie akejko\u013evek s\u00favisiacej dane\/coln\u00e9ho poplatku nesie z\u00e1kazn\u00edk. <\/li>\n<li>Z\u00e1kazn\u00edci z E\u00da: V zobrazenej cene je zahrnut\u00e1 platn\u00e1 DA\u0147, ktor\u00e1 m\u00f4\u017ee by\u0165 a\u017e 25% v z\u00e1vislosti od va\u0161ej krajiny.<\/li>\n<li>Z\u00e1kazn\u00edci z Kanady: V z\u00e1vislosti od va\u0161ej provincie m\u00f4\u017ee zobrazen\u00e1 cena zah\u0155\u0148a\u0165 pr\u00edslu\u0161n\u00e9 dane, ktor\u00e9 m\u00f4\u017eu zah\u0155\u0148a\u0165 5% GST a \u010fal\u0161ie provin\u010dn\u00e9 dane z predaja (PST), harmonizovan\u00fa da\u0148 z predaja (HST) alebo quebeck\u00fa da\u0148 z predaja (QST).<\/li>\n<\/ul>\n<p><strong>Len pre z\u00e1kazn\u00edkov z E\u00da:<\/strong> Expresn\u00e9 DDP (Delivered Duty Paid). To znamen\u00e1: <\/p>\n<ul>\n<li>V\u0161etky cl\u00e1 a dane s\u00fa zahrnut\u00e9 v cene zobrazenej na str\u00e1nke produktu.<\/li>\n<li>Pri doru\u010den\u00ed nemus\u00edte plati\u0165 \u017eiadne \u010fal\u0161ie poplatky.<\/li>\n<li>V zriedkav\u00fdch pr\u00edpadoch probl\u00e9mov s\u00favisiacich s coln\u00fdmi z\u00e1le\u017eitos\u0165ami sa n\u00e1\u0161 t\u00edm postar\u00e1 o coln\u00e9 konanie vo va\u0161om mene, aby sme zabezpe\u010dili bezprobl\u00e9mov\u00e9 doru\u010denie.<\/li>\n<p>D\u00f4le\u017eit\u00e9 inform\u00e1cie o vr\u00e1ten\u00ed tovaru:<\/p>\n<li>Ak sa rozhodnete vr\u00e1ti\u0165 objedn\u00e1vku alebo po\u017eiada\u0165 o vr\u00e1tenie pe\u0148az\u00ed, majte na pam\u00e4ti, \u017ee dane a cl\u00e1 zaplaten\u00e9 vo va\u0161om mene pod\u013ea podmienok DDP nie je mo\u017en\u00e9 vr\u00e1ti\u0165.<\/li>\n<p>Podrobn\u00e9 inform\u00e1cie n\u00e1jdete v na\u0161ich <a href=\"https:\/\/ayaneo.co\/terms-of-service-2\/\" target=\"_blank\" rel=\"nofollow noopener\">zmluvn\u00fdch podmienkach<\/a>.\n<\/ul>\n<p>[\/cg_accordion]\n[cg_accordion title=\"Z\u00c1KAZN\u00cdCKA PODPORA\"]<\/p>\n<p>M\u00e1te ot\u00e1zku? Od vyrie\u0161enia v\u00e1\u0161ho probl\u00e9mu n\u00e1s del\u00ed kr\u00e1tka textov\u00e1 spr\u00e1va!<br \/>\n[\/cg_accordion]\n[cg_accordion title=\"Balenie obsahuje\"]<\/p>\n<ul>\n<li>1x AYANEO NEXT<\/li>\n<li>1x k\u00e1bel USB typu C<\/li>\n<li>1x u\u017e\u00edvate\u013esk\u00e1 pr\u00edru\u010dka<\/li>\n<\/ul>\n<p>[\/cg_accordion]\n","protected":false},"featured_media":29376,"template":"","meta":{"_acf_changed":false},"product_brand":[],"product_cat":[1231],"product_tag":[],"class_list":{"0":"post-29375","1":"product","2":"type-product","3":"status-publish","4":"has-post-thumbnail","6":"product_cat-prenosne-herne-pocitace","7":"product_shipping_class-premium","8":"pa_brand-ayaneo","9":"pa_graphics-gpu-model-radeon-graphics","10":"pa_operating-system-windows-11-home","11":"pa_processor-cpu-brand-amd","13":"first","14":"outofstock","15":"sale","16":"taxable","17":"shipping-taxable","18":"purchasable","19":"product-type-variable","20":"has-default-attributes"},"acf":[],"_links":{"self":[{"href":"https:\/\/ayaneo.co\/sk\/wp-json\/wp\/v2\/product\/29375","targetHints":{"allow":["GET"]}}],"collection":[{"href":"https:\/\/ayaneo.co\/sk\/wp-json\/wp\/v2\/product"}],"about":[{"href":"https:\/\/ayaneo.co\/sk\/wp-json\/wp\/v2\/types\/product"}],"wp:featuredmedia":[{"embeddable":true,"href":"https:\/\/ayaneo.co\/sk\/wp-json\/wp\/v2\/media\/29376"}],"wp:attachment":[{"href":"https:\/\/ayaneo.co\/sk\/wp-json\/wp\/v2\/media?parent=29375"}],"wp:term":[{"taxonomy":"product_brand","embeddable":true,"href":"https:\/\/ayaneo.co\/sk\/wp-json\/wp\/v2\/product_brand?post=29375"},{"taxonomy":"product_cat","embeddable":true,"href":"https:\/\/ayaneo.co\/sk\/wp-json\/wp\/v2\/product_cat?post=29375"},{"taxonomy":"product_tag","embeddable":true,"href":"https:\/\/ayaneo.co\/sk\/wp-json\/wp\/v2\/product_tag?post=29375"}],"curies":[{"name":"wp","href":"https:\/\/api.w.org\/{rel}","templated":true}]}}