{"id":30068,"date":"2025-08-06T10:57:49","date_gmt":"2025-08-06T10:57:49","guid":{"rendered":"https:\/\/ayaneo.co\/?post_type=product&#038;p=30068"},"modified":"2026-01-06T00:26:37","modified_gmt":"2026-01-06T00:26:37","slug":"ayaneo-3-vreckove-krytky-evo-thumb-stick-grip-caps-presnost-a-pohodlie-pri-kazdom-pohybe-copy","status":"publish","type":"product","link":"https:\/\/ayaneo.co\/sk\/product\/ayaneo-3-vreckove-krytky-evo-thumb-stick-grip-caps-presnost-a-pohodlie-pri-kazdom-pohybe-copy\/","title":{"rendered":"Vreckov\u00e9 rukov\u00e4te AYANEO Pocket ACE"},"content":{"rendered":"\n<h2 class=\"wp-block-heading\">Preh\u013ead produktov:<\/h2>\n\n<p><strong>Gripy AYANEO Pocket ACE s\u00fa<\/strong> navrhnut\u00e9 tak, aby poskytovali v\u00e4\u010d\u0161ie pohodlie a kontrolu pri hran\u00ed. Tieto ergonomick\u00e9 rukov\u00e4te sa bez probl\u00e9mov pripevnia k va\u0161ej <strong>AYANEO Pocket ACE,<\/strong> pon\u00fakaj\u00fa bezpe\u010dn\u00e9 a pohodln\u00e9 dr\u017eanie, zni\u017euj\u00fa \u00fanavu a zabezpe\u010duj\u00fa presn\u00e9 ovl\u00e1danie po\u010das dlh\u00e9ho hrania. <\/p>\n\n<ol class=\"wp-block-list\">\n<li><strong>Ergonomick\u00fd dizajn pre<\/strong> maxim\u00e1lne pohodlie po\u010das hrania.<\/li>\n\n\n\n<li><strong>Perfektne sa hod\u00ed pre<\/strong> <strong>AYANEO Pocket ACE.<\/strong><\/li>\n\n\n\n<li>Odoln\u00fd materi\u00e1l na <strong>dlhodob\u00e9 pou\u017e\u00edvanie.<\/strong><\/li>\n\n\n\n<li>\u013dahko sa prip\u00e1ja a odober\u00e1 na <strong>r\u00fdchle nastavenie.<\/strong><\/li>\n\n\n\n<li>Vylep\u0161en\u00e1 rukov\u00e4\u0165 pre <strong>lep\u0161iu kontrolu a presnos\u0165.<\/strong><\/li>\n<\/ol>\n\n<hr class=\"wp-block-separator has-alpha-channel-opacity\"\/>\n\n<h2 class=\"wp-block-heading\">Pre\u010do si vybra\u0165 <strong>AYANEO Pocket ACE?<\/strong><\/h2>\n\n<p>\u010ci u\u017e bojujete v intenz\u00edvnych z\u00e1pasoch pre viacer\u00fdch hr\u00e1\u010dov, alebo si u\u017e\u00edvate dlh\u00e9 kampane pre jedn\u00e9ho hr\u00e1\u010da, AYANEO Pocket <strong>ACE v\u00e1m pon\u00faka pohlcuj\u00facej\u0161\u00ed<\/strong> a pohodlnej\u0161\u00ed hern\u00fd <strong>z\u00e1\u017eitok<\/strong>. Ich ergonomick\u00fd dizajn a bezpe\u010dn\u00e9 uchytenie v\u00e1m zaru\u010dia, \u017ee m\u00f4\u017eete hra\u0165 cel\u00e9 hodiny bez nepohodlia alebo \u0161m\u00fdkania. <\/p>\n\n<hr class=\"wp-block-separator has-alpha-channel-opacity\"\/>\n\n<h2 class=\"wp-block-heading\">\u0160pecifik\u00e1cie:<\/h2>\n\n<ul class=\"wp-block-list\">\n<li><strong>Materi\u00e1l:<\/strong> Odoln\u00fd plast s ergonomick\u00fdm text\u00farovan\u00fdm povrchom<\/li>\n\n\n\n<li><strong>Kompatibilita:<\/strong> <strong>AYANEO Pocket ACE<\/strong><\/li>\n\n\n\n<li><strong>Vlastnosti:<\/strong> \u013dahk\u00fd, odoln\u00fd a \u013eahko sa pripev\u0148uje<\/li>\n<\/ul>\n\n<p>Vylep\u0161ite <strong>si<\/strong> svoj <strong>AYANEO Pocket ACE t\u00fdmito<\/strong> rukov\u00e4\u0165ami, aby ste si u\u017eili pohodln\u00e9 a presn\u00e9 hranie - preto\u017ee ka\u017ed\u00fd pohyb sa po\u010d\u00edta!<\/p>\n\n<p><\/p>\n","protected":false},"excerpt":{"rendered":"<ul>\n<li><strong>Ergonomick\u00fd dizajn pre<\/strong> maxim\u00e1lne pohodlie po\u010das hrania.<\/li>\n<li><strong>Perfektne sa hod\u00ed pre<\/strong> AYANEO Pocket ACE.<\/li>\n<li>Odoln\u00fd materi\u00e1l na <strong>dlhodob\u00e9 pou\u017e\u00edvanie.<\/strong><\/li>\n<li>\u013dahko sa prip\u00e1ja a odober\u00e1 na <strong>r\u00fdchle nastavenie.<\/strong><\/li>\n<li>Vylep\u0161en\u00e1 rukov\u00e4\u0165 pre <strong>lep\u0161iu kontrolu a presnos\u0165.<\/strong><\/li>\n<\/ul>\n[cg_accordion title=\"INFORM\u00c1CIE O PLATBE\"]<\/p>\n<p>Pou\u017e\u00edvame najnov\u0161iu technol\u00f3giu spracovania platieb, ktor\u00e1 v\u00e1m umo\u017e\u0148uje vykona\u0165 platbu prostredn\u00edctvom Apple Pay, Google Pay, va\u0161ej debetnej\/kreditnej karty, PayPal alebo met\u00f3d BNPL, ako s\u00fa Klarna, Affirm alebo AfterPay, \u010do je r\u00fdchle a bezpe\u010dn\u00e9.[\/cg_accordion]\n[cg_accordion title=\"Z\u00c1RUKA\"]<\/p>\n<p>1 rok z\u00e1ruky od <a href=\"https:\/\/droix.net\/\" target=\"_blank\" rel=\"nofollow noopener\">spolo\u010dnosti DROIX Global pre<\/a> v\u00e1\u0161 pokoj[\/cg_accordion]\n[cg_accordion title=\"ZABEZPE\u010cENIE KVALITY A TESTOVANIE PRED ODOSLAN\u00cdM\"]<\/p>\n<p>Zabezpe\u010denie spokojnosti z\u00e1kazn\u00edkov na najvy\u0161\u0161ej \u00farovni: Pred odoslan\u00edm prech\u00e1dza ka\u017ed\u00e9 zariadenie pr\u00edsnym testovan\u00edm a viacbodovou kontrolou kvality. N\u00e1\u0161 \u0161pecializovan\u00fd t\u00edm overuje v\u00fdkon, funk\u010dnos\u0165 a integritu komponentov, aby sme v\u00e1m zaru\u010dili, \u017ee va\u0161e zariadenie AYANEO bude pri pr\u00edchode v perfektnom stave, \u010do v\u00e1m poskytne istotu a pokoj. [\/cg_accordion]\n[cg_accordion title=\"CENY, DANE A DOPRAVA\"]<\/p>\n<p><strong><u>Pozn\u00e1mka:<\/u><\/strong><\/p>\n<ul>\n<li>Z\u00e1kazn\u00edci zo Spojen\u00fdch \u0161t\u00e1tov: Z\u00e1kazn\u00edci: Zobrazen\u00e1 cena nezah\u0155\u0148a da\u0148 ani clo. Zodpovednos\u0165 za coln\u00e9 konanie a zaplatenie akejko\u013evek s\u00favisiacej dane\/coln\u00e9ho poplatku nesie z\u00e1kazn\u00edk. <\/li>\n<li>Z\u00e1kazn\u00edci z E\u00da: V zobrazenej cene je zahrnut\u00e1 platn\u00e1 DA\u0147, ktor\u00e1 m\u00f4\u017ee by\u0165 a\u017e 25% v z\u00e1vislosti od va\u0161ej krajiny.<\/li>\n<li>Z\u00e1kazn\u00edci z Kanady: V z\u00e1vislosti od va\u0161ej provincie m\u00f4\u017ee zobrazen\u00e1 cena zah\u0155\u0148a\u0165 pr\u00edslu\u0161n\u00e9 dane, ktor\u00e9 m\u00f4\u017eu zah\u0155\u0148a\u0165 5% GST a \u010fal\u0161ie provin\u010dn\u00e9 dane z predaja (PST), harmonizovan\u00fa da\u0148 z predaja (HST) alebo quebeck\u00fa da\u0148 z predaja (QST).<\/li>\n<\/ul>\n<p><strong>Len pre z\u00e1kazn\u00edkov z E\u00da:<\/strong> Expresn\u00e9 DDP (Delivered Duty Paid). To znamen\u00e1: <\/p>\n<ul>\n<li>V\u0161etky cl\u00e1 a dane s\u00fa zahrnut\u00e9 v cene zobrazenej na str\u00e1nke produktu.<\/li>\n<li>Pri doru\u010den\u00ed nemus\u00edte plati\u0165 \u017eiadne \u010fal\u0161ie poplatky.<\/li>\n<li>V zriedkav\u00fdch pr\u00edpadoch probl\u00e9mov s\u00favisiacich s coln\u00fdmi z\u00e1le\u017eitos\u0165ami sa n\u00e1\u0161 t\u00edm postar\u00e1 o coln\u00e9 konanie vo va\u0161om mene, aby sme zabezpe\u010dili bezprobl\u00e9mov\u00e9 doru\u010denie.<\/li>\n<p>D\u00f4le\u017eit\u00e9 inform\u00e1cie o vr\u00e1ten\u00ed tovaru:<\/p>\n<li>Ak sa rozhodnete vr\u00e1ti\u0165 objedn\u00e1vku alebo po\u017eiada\u0165 o vr\u00e1tenie pe\u0148az\u00ed, majte na pam\u00e4ti, \u017ee dane a cl\u00e1 zaplaten\u00e9 vo va\u0161om mene pod\u013ea podmienok DDP nie je mo\u017en\u00e9 vr\u00e1ti\u0165.<\/li>\n<p>Podrobn\u00e9 inform\u00e1cie n\u00e1jdete v na\u0161ich <a href=\"https:\/\/ayaneo.co\/sk\/podmienky-sluzby\/\" target=\"_blank\" rel=\"nofollow noopener\">zmluvn\u00fdch podmienkach<\/a>.\n<\/ul>\n<p>[\/cg_accordion]\n[cg_accordion title=\"Z\u00c1KAZN\u00cdCKA PODPORA\"]<\/p>\n<p>M\u00e1te ot\u00e1zku? Od vyrie\u0161enia v\u00e1\u0161ho probl\u00e9mu n\u00e1s del\u00ed kr\u00e1tka textov\u00e1 spr\u00e1va! [\/cg_accordion]\n[cg_accordion title=\"BALENIE OBSAHUJE\"]<\/p>\n<ul>\n<li>1x AYANEO Pocket ACE Grips<\/li>\n<\/ul>\n<p>[\/cg_accordion]\n","protected":false},"featured_media":30092,"template":"","meta":{"_acf_changed":false},"product_brand":[],"product_cat":[1196],"product_tag":[],"class_list":{"0":"post-30068","1":"product","2":"type-product","3":"status-publish","4":"has-post-thumbnail","6":"product_cat-prislusenstvo","7":"product_shipping_class-low-end","9":"first","10":"outofstock","11":"sale","12":"taxable","13":"shipping-taxable","14":"purchasable","15":"product-type-simple"},"acf":[],"_links":{"self":[{"href":"https:\/\/ayaneo.co\/sk\/wp-json\/wp\/v2\/product\/30068","targetHints":{"allow":["GET"]}}],"collection":[{"href":"https:\/\/ayaneo.co\/sk\/wp-json\/wp\/v2\/product"}],"about":[{"href":"https:\/\/ayaneo.co\/sk\/wp-json\/wp\/v2\/types\/product"}],"wp:featuredmedia":[{"embeddable":true,"href":"https:\/\/ayaneo.co\/sk\/wp-json\/wp\/v2\/media\/30092"}],"wp:attachment":[{"href":"https:\/\/ayaneo.co\/sk\/wp-json\/wp\/v2\/media?parent=30068"}],"wp:term":[{"taxonomy":"product_brand","embeddable":true,"href":"https:\/\/ayaneo.co\/sk\/wp-json\/wp\/v2\/product_brand?post=30068"},{"taxonomy":"product_cat","embeddable":true,"href":"https:\/\/ayaneo.co\/sk\/wp-json\/wp\/v2\/product_cat?post=30068"},{"taxonomy":"product_tag","embeddable":true,"href":"https:\/\/ayaneo.co\/sk\/wp-json\/wp\/v2\/product_tag?post=30068"}],"curies":[{"name":"wp","href":"https:\/\/api.w.org\/{rel}","templated":true}]}}