{"id":44829,"date":"2026-02-03T13:07:54","date_gmt":"2026-02-03T13:07:54","guid":{"rendered":"https:\/\/ayaneo.co\/product\/biwin-mini-ssd\/"},"modified":"2026-02-12T09:57:16","modified_gmt":"2026-02-12T09:57:16","slug":"biwin-mini-ssd","status":"publish","type":"product","link":"https:\/\/ayaneo.co\/sk\/product\/biwin-mini-ssd\/","title":{"rendered":"BIWIN Mini SSD"},"content":{"rendered":"\n<h2 class=\"wp-block-heading\">BIWIN Mini SSD: Nov\u00e1 \u00e9ra v\u00fdkonu \u00falo\u017eiska<\/h2>\n\n<p>Vo vysoko konkuren\u010dnom svete prenosn\u00fdch \u00falo\u017e\u00edsk <strong>sa SSD<\/strong> BIWIN <strong>Mini st\u00e1va<\/strong> skuto\u010dnou jednotkou, ktor\u00e1 pon\u00faka elitn\u00fd v\u00fdkon a robustn\u00fa odolnos\u0165, aby uspokojila ka\u017ed\u00e9ho n\u00e1ro\u010dn\u00e9ho pou\u017e\u00edvate\u013ea. Toto zariadenie je vyjadren\u00edm nekompromisnej r\u00fdchlosti a predstavuje skok vpred v technol\u00f3gii ultrakompaktn\u00fdch \u00falo\u017e\u00edsk. BIWIN Mini SSD je z\u00e1zrakom dizajnu a v\u00fdkonu, ktor\u00fd pon\u00faka d\u00e1tov\u00fd z\u00e1\u017eitok na \u00farovni vlajkovej lode, bezkonkuren\u010dn\u00fa prenosnos\u0165 a s\u00fabor inovat\u00edvnych funkci\u00ed, ktor\u00e9 ho radia na \u0161pi\u010dku trhu. Tento disk, vytvoren\u00fd pre profesion\u00e1lov a nad\u0161encov, ktor\u00ed po\u017eaduj\u00fa elitn\u00fa r\u00fdchlos\u0165 a pr\u00e9miov\u00e9 rie\u0161enie bohat\u00e9 na funkcie, b\u00fara hranice manipul\u00e1cie s d\u00e1tami na cest\u00e1ch.   <\/p>\n\n<p>Disk BIWIN Mini SSD je tit\u00e1nom inov\u00e1ci\u00ed v oblasti \u0161pi\u010dkov\u00fdch kompaktn\u00fdch \u00falo\u017en\u00fdch zariaden\u00ed. V\u010faka \u0161pi\u010dkovej <strong>technol\u00f3gii<\/strong> <strong>PCIe Gen4x2 a<\/strong> <strong>NVMe 1.4<\/strong> poskytuje Mini SSD \u00fachvatn\u00fd v\u00fdkon s r\u00fdchlos\u0165ou sekven\u010dn\u00e9ho \u010d\u00edtania a\u017e 3 700 MB\/s <strong>a r\u00fdchlos\u0165ou z\u00e1pisu a\u017e<\/strong> 3 400 MB\/s. T\u00e1to r\u00fdchlos\u0165 prekon\u00e1va v\u00fdkonnostn\u00fd strop tradi\u010dn\u00fdch kariet microSD a stavia SSD Mini do poz\u00edcie vynikaj\u00facej vysokor\u00fdchlostnej n\u00e1hrady. Tento v\u00fdkon je ulo\u017een\u00fd v mimoriadne kompaktnom tele s rozmermi len <strong>15,0 mm \u00d7 17,0 mm \u00d7 1,4 mm, \u010do je mo\u017en\u00e9 v\u010faka pokro\u010dil\u00e9mu<\/strong> <a href=\"https:\/\/en.wikipedia.org\/wiki\/Land_grid_array\" target=\"_blank\" rel=\"noopener nofollow\" title=\"\">baleniu LGA (Land Grid Array) .<\/a>    <\/p>\n\n<p><strong>Mini<\/strong> SSD je k dispoz\u00edcii vo ve\u013ekokapacitn\u00fdch variantoch vr\u00e1tane <strong>512 GB, 1 TB a 2 TB a<\/strong> poskytuje v\u00fdnimo\u010dn\u00fd \u00falo\u017en\u00fd priestor pre n\u00e1ro\u010dn\u00e9 pracovn\u00e9 za\u0165a\u017eenie <strong>,<\/strong> ako je napr\u00edklad spolupr\u00e1ca v cloude a spracovanie \u00fadajov v re\u00e1lnom \u010dase.<\/p>\n\n<h2 class=\"wp-block-heading\"><strong>Pozn\u00e1mka o v\u00fdkone vreckov\u00e9ho po\u010d\u00edta\u010da<\/strong><\/h2>\n\n<p>Pou\u017e\u00edvatelia konkr\u00e9tnych hostite\u013esk\u00fdch zariaden\u00ed by si mali uvedomi\u0165, \u017ee hoci SSD Mini pon\u00faka \u0161pi\u010dkov\u00fa teoretick\u00fa r\u00fdchlos\u0165 3700 MB\/s, jeho skuto\u010dn\u00fd v\u00fdkon bude obmedzen\u00fd \u0161pecifik\u00e1ciami slotu hostite\u013esk\u00e9ho zariadenia. Napr\u00edklad pri in\u0161tal\u00e1cii do kompatibiln\u00fdch hern\u00fdch vreckov\u00fdch po\u010d\u00edta\u010dov je r\u00fdchlos\u0165 disku zvy\u010dajne obmedzen\u00e1, preto\u017ee zariadenie pou\u017e\u00edva <strong>konfigur\u00e1ciu<\/strong> mini PCIe 4&#215;1 <strong>(namiesto<\/strong> plnej \u0161pecifik\u00e1cie 4&#215;2). Na z\u00e1klade testovania CrystalDiskMark m\u00f4\u017eu pou\u017e\u00edvatelia o\u010dak\u00e1va\u0165 priemern\u00e9 r\u00fdchlosti \u010d\u00edtania a z\u00e1pisu okolo 1 700 <strong>MB\/s.<\/strong> To st\u00e1le zaru\u010duje spo\u013eahliv\u00fd, vysokor\u00fdchlostn\u00fd v\u00fdkon \u010faleko prevy\u0161uj\u00faci alternat\u00edvy microSD, hoci nemus\u00ed odr\u00e1\u017ea\u0165 absol\u00fatne maxim\u00e1lny teoretick\u00fd potenci\u00e1l disku.   <\/p>\n\n<p>Zariadenie je navrhnut\u00e9 pre nekompromisn\u00fa spo\u013eahlivos\u0165 a m\u00e1 robustn\u00fa kon\u0161trukciu s <strong>kryt\u00edm<\/strong> IP68 <strong>pre komplexn\u00fa<\/strong> ochranu proti prachu a vode, tak\u017ee je kon\u0161truovan\u00e9 tak, aby vydr\u017ealo aj tie najn\u00e1ro\u010dnej\u0161ie podmienky. Neprehliadnute\u013en\u00fa spo\u013eahlivos\u0165 d\u00e1t zabezpe\u010duje pokro\u010dil\u00fd firmv\u00e9r vr\u00e1tane dynamick\u00e9ho ukladania do vyrovn\u00e1vacej pam\u00e4te SLC a vyrovn\u00e1vania opotrebenia, zatia\u013e \u010do jeho odolnos\u0165 posil\u0148uje balenie LGA, ktor\u00e9 mu umo\u017e\u0148uje pre\u017ei\u0165 p\u00e1d a\u017e z 3 metrov. V\u010faka univerz\u00e1lnej modul\u00e1rnej kon\u0161trukcii so slotmi ide o odoln\u00e9ho a na bud\u00facnos\u0165 pripraven\u00e9ho spolo\u010dn\u00edka pre aplik\u00e1cie v mobiln\u00fdch zariadeniach, hern\u00fdch vreckov\u00fdch po\u010d\u00edta\u010doch (ako napr\u00edklad GPD WIN 5 a ONEXPLAYER Super X) a edge computingu.  <\/p>\n","protected":false},"excerpt":{"rendered":"\n<ul>\n<li>Rozhranie: <strong>PCIe Gen4x2 s<\/strong> protokolom **NVMe 1.4**<\/li>\n<li>Form\u00e1tov\u00fd faktor: <strong>(<\/strong> 15,0 mm \u00d7 17,0 mm \u00d7 1,4 mm)<\/li>\n<li>V\u00fdkon: A\u017e do **3 700 MB\/s pri \u010d\u00edtan\u00ed** \/ a\u017e do **3 400 MB\/s pri z\u00e1pise**<\/li>\n<li>Kapacita: 512 GB, 1 TB alebo 2 TB 3D TLC NAND<\/li>\n<li>Odolnos\u0165: Odolnos\u0165 vo\u010di <strong>prachu<\/strong> a vode <strong>IP68<\/strong> \/ **p\u00e1d z 3 metrov**<\/li>\n<li>Technol\u00f3gia: Dynamick\u00e9 **SLC Caching** a **Wear Leveling**<\/li>\n<\/ul>\n[cg_accordion title=\"INFORM\u00c1CIE O PLATBE\"]<\/p>\n<p>Pou\u017e\u00edvame najnov\u0161iu technol\u00f3giu spracovania platieb, ktor\u00e1 v\u00e1m umo\u017e\u0148uje vykona\u0165 platbu prostredn\u00edctvom Apple Pay, Google Pay, va\u0161ej debetnej\/kreditnej karty, PayPal alebo met\u00f3d BNPL, ako s\u00fa Klarna, Affirm alebo AfterPay, \u010do je r\u00fdchle a bezpe\u010dn\u00e9.[\/cg_accordion]\n[cg_accordion title=\"Z\u00c1RUKA\"]<\/p>\n<p>1 rok z\u00e1ruky od <a href=\"https:\/\/droix.net\/\" target=\"_blank\" rel=\"nofollow noopener\">spolo\u010dnosti DROIX Global pre<\/a> v\u00e1\u0161 pokoj[\/cg_accordion]\n[cg_accordion title=\"ZABEZPE\u010cENIE KVALITY A TESTOVANIE PRED ODOSLAN\u00cdM\"]<\/p>\n<p>Zabezpe\u010denie spokojnosti z\u00e1kazn\u00edkov na najvy\u0161\u0161ej \u00farovni: Pred odoslan\u00edm prech\u00e1dza ka\u017ed\u00e9 zariadenie pr\u00edsnym testovan\u00edm a viacbodovou kontrolou kvality. N\u00e1\u0161 \u0161pecializovan\u00fd t\u00edm overuje v\u00fdkon, funk\u010dnos\u0165 a integritu komponentov, aby sme v\u00e1m zaru\u010dili, \u017ee va\u0161e zariadenie AYANEO bude pri pr\u00edchode v perfektnom stave, \u010do v\u00e1m poskytne istotu a pokoj. [\/cg_accordion]\n[cg_accordion title=\"CENY, DANE A DOPRAVA\"]<\/p>\n<p><strong><u>Pozn\u00e1mka:<\/u><\/strong><\/p>\n<ul>\n<li>Z\u00e1kazn\u00edci zo Spojen\u00fdch \u0161t\u00e1tov: Z\u00e1kazn\u00edci: Zobrazen\u00e1 cena nezah\u0155\u0148a da\u0148 ani clo. Zodpovednos\u0165 za coln\u00e9 konanie a zaplatenie akejko\u013evek s\u00favisiacej dane\/coln\u00e9ho poplatku nesie z\u00e1kazn\u00edk. <\/li>\n<li>Z\u00e1kazn\u00edci z E\u00da: V zobrazenej cene je zahrnut\u00e1 platn\u00e1 DA\u0147, ktor\u00e1 m\u00f4\u017ee by\u0165 a\u017e 25% v z\u00e1vislosti od va\u0161ej krajiny.<\/li>\n<li>Z\u00e1kazn\u00edci z Kanady: V z\u00e1vislosti od va\u0161ej provincie m\u00f4\u017ee zobrazen\u00e1 cena zah\u0155\u0148a\u0165 pr\u00edslu\u0161n\u00e9 dane, ktor\u00e9 m\u00f4\u017eu zah\u0155\u0148a\u0165 5% GST a \u010fal\u0161ie provin\u010dn\u00e9 dane z predaja (PST), harmonizovan\u00fa da\u0148 z predaja (HST) alebo quebeck\u00fa da\u0148 z predaja (QST).<\/li>\n<\/ul>\n<p>Pre na\u0161ich z\u00e1kazn\u00edkov v USA: Objedn\u00e1vky sa odosielaj\u00fa DAP (Delivered At Place). Hoci s\u00fa z\u00e1kazn\u00edci zodpovedn\u00ed za zaplatenie v\u0161etk\u00fdch platn\u00fdch tar\u00edf, vyu\u017e\u00edvame na\u0161e bohat\u00e9 sk\u00fasenosti s prepravou zo Spojen\u00e9ho kr\u00e1\u013eovstva, aby sme zabezpe\u010dili, \u017ee zaplat\u00edte \u010do najni\u017e\u0161ie poplatky. Na z\u00e1klade na\u0161ich z\u00e1znamov tieto poplatky zvy\u010dajne nepresahuj\u00fa 10 % hodnoty polo\u017eky.  <\/p>\n<p><strong>Len pre z\u00e1kazn\u00edkov z E\u00da:<\/strong> Expresn\u00e9 DDP (Delivered Duty Paid). To znamen\u00e1: <\/p>\n<ul>\n<li>V\u0161etky cl\u00e1 a dane s\u00fa zahrnut\u00e9 v cene zobrazenej na str\u00e1nke produktu.<\/li>\n<li>Pri doru\u010den\u00ed nemus\u00edte plati\u0165 \u017eiadne \u010fal\u0161ie poplatky.<\/li>\n<li>V zriedkav\u00fdch pr\u00edpadoch probl\u00e9mov s\u00favisiacich s coln\u00fdmi z\u00e1le\u017eitos\u0165ami sa n\u00e1\u0161 t\u00edm postar\u00e1 o coln\u00e9 konanie vo va\u0161om mene, aby sme zabezpe\u010dili bezprobl\u00e9mov\u00e9 doru\u010denie.<\/li>\n<p>D\u00f4le\u017eit\u00e9 inform\u00e1cie o vr\u00e1ten\u00ed tovaru:<\/p>\n<li>Ak sa rozhodnete vr\u00e1ti\u0165 objedn\u00e1vku alebo po\u017eiada\u0165 o vr\u00e1tenie pe\u0148az\u00ed, majte na pam\u00e4ti, \u017ee dane a cl\u00e1 zaplaten\u00e9 vo va\u0161om mene pod\u013ea podmienok DDP nie je mo\u017en\u00e9 vr\u00e1ti\u0165.<\/li>\n<p>Podrobn\u00e9 inform\u00e1cie n\u00e1jdete v na\u0161ich <a href=\"https:\/\/ayaneo.co\/sk\/podmienky-sluzby\/\" target=\"_blank\" rel=\"nofollow noopener\">zmluvn\u00fdch podmienkach<\/a>.\n<\/ul>\n<p>[\/cg_accordion]\n[cg_accordion title=\"Z\u00c1KAZN\u00cdCKA PODPORA\"]<\/p>\n<p>M\u00e1te ot\u00e1zku? Od vyrie\u0161enia v\u00e1\u0161ho probl\u00e9mu n\u00e1s del\u00ed kr\u00e1tka textov\u00e1 spr\u00e1va! [\/cg_accordion]\n[cg_accordion title=\"BALENIE OBSAHUJE\"]<\/p>\n<ul>\n<li>1x BIWIN Mini SSD<\/li>\n<\/ul>\n<p>[\/cg_accordion]\n","protected":false},"featured_media":44150,"template":"","meta":{"_acf_changed":false},"product_brand":[],"product_cat":[1196],"product_tag":[],"class_list":{"0":"post-44829","1":"product","2":"type-product","3":"status-publish","4":"has-post-thumbnail","6":"product_cat-prislusenstvo","7":"product_shipping_class-low-end","8":"pa_brand-biwin","10":"first","11":"instock","12":"taxable","13":"shipping-taxable","14":"purchasable","15":"product-type-variable","16":"has-default-attributes"},"acf":[],"_links":{"self":[{"href":"https:\/\/ayaneo.co\/sk\/wp-json\/wp\/v2\/product\/44829","targetHints":{"allow":["GET"]}}],"collection":[{"href":"https:\/\/ayaneo.co\/sk\/wp-json\/wp\/v2\/product"}],"about":[{"href":"https:\/\/ayaneo.co\/sk\/wp-json\/wp\/v2\/types\/product"}],"wp:featuredmedia":[{"embeddable":true,"href":"https:\/\/ayaneo.co\/sk\/wp-json\/wp\/v2\/media\/44150"}],"wp:attachment":[{"href":"https:\/\/ayaneo.co\/sk\/wp-json\/wp\/v2\/media?parent=44829"}],"wp:term":[{"taxonomy":"product_brand","embeddable":true,"href":"https:\/\/ayaneo.co\/sk\/wp-json\/wp\/v2\/product_brand?post=44829"},{"taxonomy":"product_cat","embeddable":true,"href":"https:\/\/ayaneo.co\/sk\/wp-json\/wp\/v2\/product_cat?post=44829"},{"taxonomy":"product_tag","embeddable":true,"href":"https:\/\/ayaneo.co\/sk\/wp-json\/wp\/v2\/product_tag?post=44829"}],"curies":[{"name":"wp","href":"https:\/\/api.w.org\/{rel}","templated":true}]}}