{"id":44877,"date":"2026-01-08T12:04:55","date_gmt":"2026-01-08T12:04:55","guid":{"rendered":"https:\/\/ayaneo.co\/product\/ayaneo-pocket-ds-screen-protector-len-spodna-obrazovka\/"},"modified":"2026-04-08T09:15:04","modified_gmt":"2026-04-08T09:15:04","slug":"ayaneo-pocket-ds-screen-protector-len-spodna-obrazovka","status":"publish","type":"product","link":"https:\/\/ayaneo.co\/sk\/product\/ayaneo-pocket-ds-screen-protector-len-spodna-obrazovka\/","title":{"rendered":"AYANEO Pocket DS Screen Protector (len spodn\u00e1 obrazovka)"},"content":{"rendered":"\n<p><strong>AYANEO Pocket DS Screen Protector je<\/strong> z\u00e1kladn\u00fdm pr\u00edslu\u0161enstvom navrhnut\u00fdm tak, aby sekund\u00e1rny displej va\u0161ej konzoly zostal v bezchybnom stave. Tento chr\u00e1ni\u010d, navrhnut\u00fd pre \u010distotu a presnos\u0165 vo vysokom rozl\u00ed\u0161en\u00ed, chr\u00e1ni va\u0161e zariadenie pred ka\u017edodenn\u00fdm opotrebovan\u00edm bez toho, aby bola ohrozen\u00e1 citlivos\u0165 dotyku. <\/p>\n\n<h2 class=\"wp-block-heading\"><strong>&#x26a0;&#xfe0f; D\u00f4le\u017eit\u00e9 upozornenie o kompatibilite<\/strong><\/h2>\n\n<p>T\u00e1to ochrana obrazovky je ur\u010den\u00e1 <strong>len pre 2. (spodn\u00fa) obrazovku.<\/strong> &gt; <strong>Pre prv\u00fa (horn\u00fa) obrazovku:<\/strong> Chr\u00e1ni\u010d nie je k dispoz\u00edcii ani sa neodpor\u00fa\u010da, preto\u017ee v\u00e4\u010d\u0161ia hr\u00fabka by br\u00e1nila spr\u00e1vnemu zatv\u00e1raniu zariadenia.<\/p>\n\n<h2 class=\"wp-block-heading\">Pre\u010do si vybra\u0165 ochrann\u00fd kryt obrazovky AYANEO Pocket DS?<\/h2>\n\n<p>\u010ci u\u017e prech\u00e1dzate ponukami alebo pou\u017e\u00edvate dotykov\u00e9 ovl\u00e1dacie prvky na sekund\u00e1rnom displeji, t\u00e1to ochrana poskytuje bezkonkuren\u010dn\u00fa odolnos\u0165. V\u010faka presn\u00e9mu uchyteniu a \u0161pecializovanej povrchovej \u00faprave zostan\u00fa va\u0161e hern\u00e9 vizu\u00e1ly kri\u0161t\u00e1\u013eovo \u010dist\u00e9, zatia\u013e \u010do hardv\u00e9r zostane chr\u00e1nen\u00fd pred po\u0161kriaban\u00edm a olejmi. <\/p>\n\n<h2 class=\"wp-block-heading\">\u0160pecifik\u00e1cie<\/h2>\n\n<ul class=\"wp-block-list\">\n<li><strong>Kompatibilita:<\/strong> AYANEO Pocket DS Console (spodn\u00e1 obrazovka)<\/li>\n\n\n\n<li><strong>Materi\u00e1l:<\/strong> Pr\u00e9miov\u00e9 tvrden\u00e9 sklo alebo vysokokvalitn\u00e1 f\u00f3lia<\/li>\n\n\n\n<li><strong>Povrch:<\/strong> Odoln\u00fd proti po\u0161kriabaniu, odoln\u00fd proti rozmazaniu a ve\u013emi \u010d\u00edry<\/li>\n\n\n\n<li><strong>In\u0161tal\u00e1cia:<\/strong> Lepidlo bez bubl\u00edn pre bezprobl\u00e9mov\u00fa aplik\u00e1ciu<\/li>\n<\/ul>\n","protected":false},"excerpt":{"rendered":"<ul>\n<li><strong>Iba druh\u00e1 obrazovka:<\/strong> Aby bolo mo\u017en\u00e9 zariadenie spr\u00e1vne zatvori\u0165, je \u0161peci\u00e1lne prisp\u00f4soben\u00e9 pre spodn\u00fd displej.<\/li>\n<li><strong>Ochrana proti po\u0161kriabaniu:<\/strong> Odoln\u00fd povrch chr\u00e1ni pred pou\u017e\u00edvan\u00edm stylusu a ka\u017edodenn\u00fdm opotrebovan\u00edm.<\/li>\n<li><strong>Kri\u0161t\u00e1\u013eovo \u010dist\u00fd: Mimoriadne prieh\u013eadn\u00fd<\/strong> materi\u00e1l zaru\u010duje \u017eiv\u00fd, nepreru\u0161ovan\u00fd hern\u00fd obraz.<\/li>\n<li><strong>Odoln\u00e9 vo\u010di rozmazaniu:<\/strong> Oleof\u00f3bny povlak chr\u00e1ni dotykov\u00fa obrazovku pred odtla\u010dkami prstov a olejmi.<\/li>\n<li><strong>Jednoduch\u00e9 pou\u017eitie:<\/strong> R\u00fdchla in\u0161tal\u00e1cia bez bubl\u00edn pre bezprobl\u00e9mov\u00e9 a profesion\u00e1lne uchytenie.<\/li>\n<\/ul>\n[cg_accordion title=\"INFORM\u00c1CIE O PLATBE\"]<\/p>\n<p>Pou\u017e\u00edvame najnov\u0161iu technol\u00f3giu spracovania platieb, ktor\u00e1 v\u00e1m umo\u017e\u0148uje vykona\u0165 platbu prostredn\u00edctvom Apple Pay, Google Pay, va\u0161ej debetnej\/kreditnej karty, PayPal alebo met\u00f3d BNPL, ako s\u00fa Klarna, Affirm alebo AfterPay, \u010do je r\u00fdchle a bezpe\u010dn\u00e9.[\/cg_accordion]\n[cg_accordion title=\"Z\u00c1RUKA\"]<\/p>\n<p>1 rok z\u00e1ruky od <a href=\"https:\/\/droix.net\/\" target=\"_blank\" rel=\"nofollow noopener\">spolo\u010dnosti DROIX Global pre<\/a> v\u00e1\u0161 pokoj[\/cg_accordion]\n[cg_accordion title=\"ZABEZPE\u010cENIE KVALITY A TESTOVANIE PRED ODOSLAN\u00cdM\"]<\/p>\n<p>Zabezpe\u010denie spokojnosti z\u00e1kazn\u00edkov na najvy\u0161\u0161ej \u00farovni: Pred odoslan\u00edm prech\u00e1dza ka\u017ed\u00e9 zariadenie pr\u00edsnym testovan\u00edm a viacbodovou kontrolou kvality. N\u00e1\u0161 \u0161pecializovan\u00fd t\u00edm overuje v\u00fdkon, funk\u010dnos\u0165 a integritu komponentov, aby sme v\u00e1m zaru\u010dili, \u017ee va\u0161e zariadenie AYANEO bude pri pr\u00edchode v perfektnom stave, \u010do v\u00e1m poskytne istotu a pokoj. [\/cg_accordion]\n[cg_accordion title=\"CENY, DANE A DOPRAVA\"]<\/p>\n<p><strong><u>Pozn\u00e1mka:<\/u><\/strong><\/p>\n<ul>\n<li>Z\u00e1kazn\u00edci zo Spojen\u00fdch \u0161t\u00e1tov: Z\u00e1kazn\u00edci: Zobrazen\u00e1 cena nezah\u0155\u0148a da\u0148 ani clo. Zodpovednos\u0165 za coln\u00e9 konanie a zaplatenie akejko\u013evek s\u00favisiacej dane\/coln\u00e9ho poplatku nesie z\u00e1kazn\u00edk. <\/li>\n<li>Z\u00e1kazn\u00edci z E\u00da: V zobrazenej cene je zahrnut\u00e1 platn\u00e1 DA\u0147, ktor\u00e1 m\u00f4\u017ee by\u0165 a\u017e 25% v z\u00e1vislosti od va\u0161ej krajiny.<\/li>\n<li>Z\u00e1kazn\u00edci z Kanady: V z\u00e1vislosti od va\u0161ej provincie m\u00f4\u017ee zobrazen\u00e1 cena zah\u0155\u0148a\u0165 pr\u00edslu\u0161n\u00e9 dane, ktor\u00e9 m\u00f4\u017eu zah\u0155\u0148a\u0165 5% GST a \u010fal\u0161ie provin\u010dn\u00e9 dane z predaja (PST), harmonizovan\u00fa da\u0148 z predaja (HST) alebo quebeck\u00fa da\u0148 z predaja (QST).<\/li>\n<\/ul>\n<p>Pre na\u0161ich z\u00e1kazn\u00edkov v USA: Objedn\u00e1vky sa odosielaj\u00fa DAP (Delivered At Place). Hoci s\u00fa z\u00e1kazn\u00edci zodpovedn\u00ed za zaplatenie v\u0161etk\u00fdch platn\u00fdch tar\u00edf, vyu\u017e\u00edvame na\u0161e bohat\u00e9 sk\u00fasenosti s prepravou zo Spojen\u00e9ho kr\u00e1\u013eovstva, aby sme zabezpe\u010dili, \u017ee zaplat\u00edte \u010do najni\u017e\u0161ie poplatky. Na z\u00e1klade na\u0161ich z\u00e1znamov tieto poplatky zvy\u010dajne nepresahuj\u00fa 10 % hodnoty polo\u017eky.  <\/p>\n<p><strong>Len pre z\u00e1kazn\u00edkov z E\u00da:<\/strong> Expresn\u00e9 DDP (Delivered Duty Paid). To znamen\u00e1: <\/p>\n<ul>\n<li>V\u0161etky cl\u00e1 a dane s\u00fa zahrnut\u00e9 v cene zobrazenej na str\u00e1nke produktu.<\/li>\n<li>Pri doru\u010den\u00ed nemus\u00edte plati\u0165 \u017eiadne \u010fal\u0161ie poplatky.<\/li>\n<li>V zriedkav\u00fdch pr\u00edpadoch probl\u00e9mov s\u00favisiacich s coln\u00fdmi z\u00e1le\u017eitos\u0165ami sa n\u00e1\u0161 t\u00edm postar\u00e1 o coln\u00e9 konanie vo va\u0161om mene, aby sme zabezpe\u010dili bezprobl\u00e9mov\u00e9 doru\u010denie.<\/li>\n<p>D\u00f4le\u017eit\u00e9 inform\u00e1cie o vr\u00e1ten\u00ed tovaru:<\/p>\n<li>Ak sa rozhodnete vr\u00e1ti\u0165 objedn\u00e1vku alebo po\u017eiada\u0165 o vr\u00e1tenie pe\u0148az\u00ed, majte na pam\u00e4ti, \u017ee dane a cl\u00e1 zaplaten\u00e9 vo va\u0161om mene pod\u013ea podmienok DDP nie je mo\u017en\u00e9 vr\u00e1ti\u0165.<\/li>\n<p>Podrobn\u00e9 inform\u00e1cie n\u00e1jdete v na\u0161ich <a href=\"https:\/\/ayaneo.co\/sk\/podmienky-sluzby\/\" target=\"_blank\" rel=\"nofollow noopener\">zmluvn\u00fdch podmienkach<\/a>.\n<\/ul>\n<p>[\/cg_accordion]\n[cg_accordion title=\"Z\u00c1KAZN\u00cdCKA PODPORA\"]<\/p>\n<p>M\u00e1te ot\u00e1zku? Od vyrie\u0161enia v\u00e1\u0161ho probl\u00e9mu n\u00e1s del\u00ed kr\u00e1tka textov\u00e1 spr\u00e1va! [\/cg_accordion]\n[cg_accordion title=\"BALENIE OBSAHUJE\"]<\/p>\n<ul>\n<li>1x AYANEO Pocket DS Screen Protector<\/li>\n<\/ul>\n<p>[\/cg_accordion]\n","protected":false},"featured_media":43486,"template":"","meta":{"_acf_changed":false},"product_brand":[],"product_cat":[1196],"product_tag":[],"class_list":{"0":"post-44877","1":"product","2":"type-product","3":"status-publish","4":"has-post-thumbnail","6":"product_cat-prislusenstvo","7":"product_shipping_class-low-end","8":"pa_accessory-type-screen-protector-sk","9":"pa_brand-ayaneo","11":"first","12":"instock","13":"sale","14":"taxable","15":"shipping-taxable","16":"purchasable","17":"product-type-simple"},"acf":[],"_links":{"self":[{"href":"https:\/\/ayaneo.co\/sk\/wp-json\/wp\/v2\/product\/44877","targetHints":{"allow":["GET"]}}],"collection":[{"href":"https:\/\/ayaneo.co\/sk\/wp-json\/wp\/v2\/product"}],"about":[{"href":"https:\/\/ayaneo.co\/sk\/wp-json\/wp\/v2\/types\/product"}],"wp:featuredmedia":[{"embeddable":true,"href":"https:\/\/ayaneo.co\/sk\/wp-json\/wp\/v2\/media\/43486"}],"wp:attachment":[{"href":"https:\/\/ayaneo.co\/sk\/wp-json\/wp\/v2\/media?parent=44877"}],"wp:term":[{"taxonomy":"product_brand","embeddable":true,"href":"https:\/\/ayaneo.co\/sk\/wp-json\/wp\/v2\/product_brand?post=44877"},{"taxonomy":"product_cat","embeddable":true,"href":"https:\/\/ayaneo.co\/sk\/wp-json\/wp\/v2\/product_cat?post=44877"},{"taxonomy":"product_tag","embeddable":true,"href":"https:\/\/ayaneo.co\/sk\/wp-json\/wp\/v2\/product_tag?post=44877"}],"curies":[{"name":"wp","href":"https:\/\/api.w.org\/{rel}","templated":true}]}}