{"id":47494,"date":"2026-03-23T10:44:43","date_gmt":"2026-03-23T10:44:43","guid":{"rendered":"https:\/\/ayaneo.co\/product\/kabel-usb5-80gbps-240w-8k-60hz-kompatibilny-s-thunderbolt-5\/"},"modified":"2026-04-24T10:27:00","modified_gmt":"2026-04-24T10:27:00","slug":"kabel-usb5-80gbps-240w-8k-60hz-kompatibilny-s-thunderbolt-5","status":"publish","type":"product","link":"https:\/\/ayaneo.co\/sk\/product\/kabel-usb5-80gbps-240w-8k-60hz-kompatibilny-s-thunderbolt-5\/","title":{"rendered":"K\u00e1bel USB5 80Gbps 240W | 8K 60Hz Kompatibiln\u00fd s Thunderbolt 5"},"content":{"rendered":"\n<h2 class=\"wp-block-heading\">K\u00e1bel USB5 80 Gb\/s 240 W: najlep\u0161ie rie\u0161enie Thunderbolt 5 pre profesion\u00e1lne pracovn\u00e9 postupy<\/h2>\n\n<p id=\"p-rc_98f34dcd8f33ef71-24\"><strong>K\u00e1bel USB5 80Gb\/s 240W predstavuje<\/strong> monument\u00e1lny skok v technol\u00f3gii pripojenia pre n\u00e1ro\u010dn\u00fdch pou\u017e\u00edvate\u013eov. Ke\u010f\u017ee modern\u00fd hardv\u00e9r si vy\u017eaduje nev\u00eddan\u00e9 r\u00fdchlosti, tento k\u00e1bel bol navrhnut\u00fd tak, aby sp\u013a\u0148al najnov\u0161ie \u0161tandardy Thunderbolt 5 a USB4 2.0. Poskytuje mas\u00edvnu obojsmern\u00fa \u0161\u00edrku p\u00e1sma 80 Gb\/s, \u010do efekt\u00edvne zdvojn\u00e1sobuje v\u00fdkon predch\u00e1dzaj\u00facich gener\u00e1ci\u00ed.  <sup><\/sup>  Preto teraz m\u00f4\u017eete pren\u00e1\u0161a\u0165 obrovsk\u00e9 s\u00fabory videa 8K alebo kni\u017enice projektov za zlomok \u010dasu, ktor\u00fd bol predt\u00fdm potrebn\u00fd.<\/p>\n\n<h2 class=\"wp-block-heading\">Ako k\u00e1bel USB5 80Gbps 240W optimalizuje nastavenie displeja?<\/h2>\n\n<p id=\"p-rc_98f34dcd8f33ef71-25\">Profesion\u00e1li v oblasti vizu\u00e1lnych technol\u00f3gi\u00ed zistia, \u017ee <strong>k\u00e1bel USB5 80Gb\/s 240W je<\/strong> nevyhnutn\u00fdm n\u00e1strojom na multitasking s vysok\u00fdm rozl\u00ed\u0161en\u00edm. Tento k\u00e1bel podporuje pokro\u010dil\u00fd protokol DisplayPort 2.1, ktor\u00fd umo\u017e\u0148uje jeden v\u00fdstup 8K 60 Hz alebo dokonca dve konfigur\u00e1cie 8K. <sup><\/sup>  Inovat\u00edvna technol\u00f3gia &#8222;Bandwidth Boost&#8220; navy\u0161e dok\u00e1\u017ee zmeni\u0165 konfigur\u00e1ciu d\u00e1tov\u00fdch pruhov.<sup><\/sup>  To umo\u017e\u0148uje, aby k\u00e1bel poskytoval r\u00fdchlos\u0165 a\u017e 120 Gb\/s pre \u00falohy n\u00e1ro\u010dn\u00e9 na zobrazovanie a z\u00e1rove\u0148 si zachoval robustn\u00fa r\u00fdchlos\u0165 40 Gb\/s pre sp\u00e4tn\u00e9 prenosy d\u00e1t.<sup><\/sup><\/p>\n\n<p>T\u00e1to flexibilita v\u00fdrazne zlep\u0161uje profesion\u00e1lne pracovn\u00e9 postupy. Zatia\u013e \u010do sa monitor poh\u00e1\u0148a vysokou obnovovacou frekvenciou, <strong>k\u00e1bel<\/strong> USB5 <strong>80 Gb\/s 240 W zabezpe\u010duje<\/strong>, \u017ee extern\u00e9 \u00falo\u017eisko zostane citliv\u00e9. V\u010faka zahrnutiu k\u00f3dovania sign\u00e1lu PAM3 je zachovan\u00e1 integrita d\u00e1t aj pri t\u00fdchto ohromuj\u00facich r\u00fdchlostiach. Preto sa blikanie obrazovky a po\u0161kodenie \u00fadajov st\u00e1vaj\u00fa probl\u00e9mom minulosti.   <\/p>\n\n<h2 class=\"wp-block-heading\">Bezkonkuren\u010dn\u00fd v\u00fdkon 240 W a kvalita vyhotovenia<\/h2>\n\n<p id=\"p-rc_98f34dcd8f33ef71-26\">Mo\u017enosti nab\u00edjania sa v\u010faka tomuto nov\u00e9mu \u0161tandardu radik\u00e1lne zlep\u0161ili. <strong>K\u00e1bel USB5 80Gbps 240W podporuje<\/strong> najnov\u0161ie \u0161pecifik\u00e1cie PD 3.1 Extended Power Range (EPR).<sup><\/sup> To znamen\u00e1, \u017ee cez k\u00e1bel sa do v\u00e1\u0161ho zariadenia bezpe\u010dne dostane a\u017e 240 W v\u00fdkonu. V\u00fdsledkom je, \u017ee aj tie energeticky najn\u00e1ro\u010dnej\u0161ie hern\u00e9 notebooky mo\u017eno nab\u00edja\u0165 plnou r\u00fdchlos\u0165ou bez toho, aby ste potrebovali propriet\u00e1rny &#8222;brick&#8220; konektor.  <\/p>\n\n<p id=\"p-rc_98f34dcd8f33ef71-27\">Pri n\u00e1vrhu <strong>k\u00e1bla USB5 80Gb\/s 240W<\/strong> bola jednozna\u010dnou prioritou odolnos\u0165 <strong>.<\/strong> Vn\u00fatorn\u00e9 vedenie je chr\u00e1nen\u00e9 tienen\u00edm zo zliatiny s vysokou hustotou opletenia, aby sa minimalizovalo elektromagnetick\u00e9 ru\u0161enie. <sup><\/sup>  Vonkaj\u0161\u00ed pl\u00e1\u0161\u0165 je navy\u0161e vyroben\u00fd z pru\u017en\u00e9ho TPE, ktor\u00fd bol testovan\u00fd na odolnos\u0165 vo\u010di viac ako 2 000 cyklom ohybu.<sup><\/sup>  Ke\u010f\u017ee konektory s\u00fa poniklovan\u00e9, s\u00fa dimenzovan\u00e9 na viac ako 10 000 zasunut\u00ed, \u010do zaru\u010duje spo\u013eahliv\u00e9 pripojenie na dlh\u00e9 roky.<\/p>\n\n<h2 class=\"wp-block-heading\">Zabezpe\u010dte svoju zostavu do bud\u00facnosti pomocou k\u00e1bla USB5 80Gbps 240W<\/h2>\n\n<p id=\"p-rc_98f34dcd8f33ef71-28\">S t\u00fdmto univerz\u00e1lnym pr\u00edslu\u0161enstvom nikdy nie je probl\u00e9m s kompatibilitou. Hoci je vytvoren\u00fd pre bud\u00facnos\u0165, <strong>k\u00e1bel<\/strong> USB5 <strong>80Gbps 240W je plne<\/strong> sp\u00e4tne kompatibiln\u00fd so<a href=\"https:\/\/www.thunderbolttechnology.net\/blog\/thunderbolt-3-usb-c-does-it-all\" target=\"_blank\" rel=\"noopener nofollow\" title=\"\"> zariadeniami<\/a> <a href=\"https:\/\/www.intel.com\/content\/www\/us\/en\/gaming\/resources\/upgrade-gaming-accessories-thunderbolt-4.html\" target=\"_blank\" rel=\"noopener nofollow\" title=\"\">Thunderbolt 4 a<\/a> Thunderbolt 3. V\u00fdborne funguje aj s portmi USB4, USB 3.2 a \u0161tandardn\u00fdm USB-C. \u010ci u\u017e prip\u00e1jate najmodernej\u0161\u00ed eGPU cez PCIe 4.0 alebo jednoducho synchronizujete mobiln\u00fd telef\u00f3n, v\u00fdkon je v\u017edy optimalizovan\u00fd.   <\/p>\n\n<p>Nedovo\u013ete, aby hor\u0161ia kabel\u00e1\u017e obmedzovala v\u00e1\u0161 \u0161pi\u010dkov\u00fd hardv\u00e9r a spoma\u013eovala v\u00e1\u0161 tvoriv\u00fd proces. Mali by ste si zabezpe\u010di\u0165 <strong>k\u00e1bel USB5 80Gbps 240W e\u0161te dnes<\/strong>, aby ste si zaru\u010dili n\u00e1skok pred konkurenciou. Z\u00e1soby tejto technol\u00f3gie novej gener\u00e1cie sa r\u00fdchlo pohybuj\u00fa, tak\u017ee konajte teraz, aby ste si zabezpe\u010dili, \u017ee va\u0161a pracovn\u00e1 stanica bude pripraven\u00e1 na revol\u00faciu 80 Gb\/s. Za\u017eite vrchol r\u00fdchlosti a v\u00fdkonu, ak si ho objedn\u00e1te v na\u0161om obchode e\u0161te dnes!   <\/p>\n\n<p><\/p>\n","protected":false},"excerpt":{"rendered":"<ul>\n<li><strong>80 Gb\/s Pro Data -<\/strong> bleskur\u00fdchle obojsmern\u00e9 prenosy pre obrovsk\u00e9 s\u00fabory.<\/li>\n<li><strong>240W nab\u00edjanie EPR -<\/strong> pln\u00e1 podpora PD 3.1 pre v\u00fdkonn\u00e9 notebooky.<\/li>\n<li><strong>8K@60Hz obraz -<\/strong> pohlcuj\u00face 8K alebo du\u00e1lne 4K zobrazenie cez DisplayPort 2.1.<\/li>\n<li><strong>Bezpe\u010dnostn\u00fd integrovan\u00fd obvod E-Mark -<\/strong> Inteligentn\u00e1 \u010dipov\u00e1 s\u00faprava zabezpe\u010duje stabiln\u00e9, tepelne regulovan\u00e9 nap\u00e1janie.<\/li>\n<li><strong>Zinkov\u00e1 zliatina a opleten\u00e1 kon\u0161trukcia -<\/strong> pr\u00e9miov\u00e1 zosilnen\u00e1 kon\u0161trukcia pre maxim\u00e1lnu odolnos\u0165.<\/li>\n<\/ul>\n[cg_accordion title=\"INFORM\u00c1CIE O PLATBE\"]<\/p>\n<p>Pou\u017e\u00edvame najnov\u0161iu technol\u00f3giu spracovania platieb, ktor\u00e1 v\u00e1m umo\u017e\u0148uje vykona\u0165 platbu prostredn\u00edctvom Apple Pay, Google Pay, va\u0161ej debetnej\/kreditnej karty, PayPal alebo met\u00f3d BNPL, ako s\u00fa Klarna, Affirm alebo AfterPay, \u010do je r\u00fdchle a bezpe\u010dn\u00e9.[\/cg_accordion]\n[cg_accordion title=\"Z\u00c1RUKA\"]<\/p>\n<p>1 rok z\u00e1ruky od <a href=\"https:\/\/droix.net\/\" target=\"_blank\" rel=\"nofollow noopener\">spolo\u010dnosti DROIX Global pre<\/a> v\u00e1\u0161 pokoj[\/cg_accordion]\n[cg_accordion title=\"ZABEZPE\u010cENIE KVALITY A TESTOVANIE PRED ODOSLAN\u00cdM\"]<\/p>\n<p>Zabezpe\u010denie spokojnosti z\u00e1kazn\u00edkov na najvy\u0161\u0161ej \u00farovni: Pred odoslan\u00edm prech\u00e1dza ka\u017ed\u00e9 zariadenie pr\u00edsnym testovan\u00edm a viacbodovou kontrolou kvality. N\u00e1\u0161 \u0161pecializovan\u00fd t\u00edm overuje v\u00fdkon, funk\u010dnos\u0165 a integritu komponentov, aby sme v\u00e1m zaru\u010dili, \u017ee va\u0161e zariadenie AYANEO bude pri pr\u00edchode v perfektnom stave, \u010do v\u00e1m poskytne istotu a pokoj. [\/cg_accordion]\n[cg_accordion title=\"CENY, DANE A DOPRAVA\"]<\/p>\n<p><strong><u>Pozn\u00e1mka:<\/u><\/strong><\/p>\n<ul>\n<li>Z\u00e1kazn\u00edci zo Spojen\u00fdch \u0161t\u00e1tov: Z\u00e1kazn\u00edci: Zobrazen\u00e1 cena nezah\u0155\u0148a da\u0148 ani clo. Zodpovednos\u0165 za coln\u00e9 konanie a zaplatenie akejko\u013evek s\u00favisiacej dane\/coln\u00e9ho poplatku nesie z\u00e1kazn\u00edk. <\/li>\n<li>Z\u00e1kazn\u00edci z E\u00da: V zobrazenej cene je zahrnut\u00e1 platn\u00e1 DA\u0147, ktor\u00e1 m\u00f4\u017ee by\u0165 a\u017e 25% v z\u00e1vislosti od va\u0161ej krajiny.<\/li>\n<li>Z\u00e1kazn\u00edci z Kanady: V z\u00e1vislosti od va\u0161ej provincie m\u00f4\u017ee zobrazen\u00e1 cena zah\u0155\u0148a\u0165 pr\u00edslu\u0161n\u00e9 dane, ktor\u00e9 m\u00f4\u017eu zah\u0155\u0148a\u0165 5% GST a \u010fal\u0161ie provin\u010dn\u00e9 dane z predaja (PST), harmonizovan\u00fa da\u0148 z predaja (HST) alebo quebeck\u00fa da\u0148 z predaja (QST).<\/li>\n<\/ul>\n<p>Pre na\u0161ich z\u00e1kazn\u00edkov v USA: Objedn\u00e1vky sa odosielaj\u00fa DAP (Delivered At Place). Hoci s\u00fa z\u00e1kazn\u00edci zodpovedn\u00ed za zaplatenie v\u0161etk\u00fdch platn\u00fdch tar\u00edf, vyu\u017e\u00edvame na\u0161e bohat\u00e9 sk\u00fasenosti s prepravou zo Spojen\u00e9ho kr\u00e1\u013eovstva, aby sme zabezpe\u010dili, \u017ee zaplat\u00edte \u010do najni\u017e\u0161ie poplatky. Na z\u00e1klade na\u0161ich z\u00e1znamov tieto poplatky zvy\u010dajne nepresahuj\u00fa 10 % hodnoty polo\u017eky.  <\/p>\n<p><strong>Len pre z\u00e1kazn\u00edkov z E\u00da:<\/strong> Expresn\u00e9 DDP (Delivered Duty Paid). To znamen\u00e1: <\/p>\n<ul>\n<li>V\u0161etky cl\u00e1 a dane s\u00fa zahrnut\u00e9 v cene zobrazenej na str\u00e1nke produktu.<\/li>\n<li>Pri doru\u010den\u00ed nemus\u00edte plati\u0165 \u017eiadne \u010fal\u0161ie poplatky.<\/li>\n<li>V zriedkav\u00fdch pr\u00edpadoch probl\u00e9mov s\u00favisiacich s coln\u00fdmi z\u00e1le\u017eitos\u0165ami sa n\u00e1\u0161 t\u00edm postar\u00e1 o coln\u00e9 konanie vo va\u0161om mene, aby sme zabezpe\u010dili bezprobl\u00e9mov\u00e9 doru\u010denie.<\/li>\n<p>D\u00f4le\u017eit\u00e9 inform\u00e1cie o vr\u00e1ten\u00ed tovaru:<\/p>\n<li>Ak sa rozhodnete vr\u00e1ti\u0165 objedn\u00e1vku alebo po\u017eiada\u0165 o vr\u00e1tenie pe\u0148az\u00ed, majte na pam\u00e4ti, \u017ee dane a cl\u00e1 zaplaten\u00e9 vo va\u0161om mene pod\u013ea podmienok DDP nie je mo\u017en\u00e9 vr\u00e1ti\u0165.<\/li>\n<p>Podrobn\u00e9 inform\u00e1cie n\u00e1jdete v na\u0161ich <a href=\"https:\/\/ayaneo.co\/sk\/podmienky-sluzby\/\" target=\"_blank\" rel=\"nofollow noopener\">zmluvn\u00fdch podmienkach<\/a>.\n<\/ul>\n<p>[\/cg_accordion]\n[cg_accordion title=\"Z\u00c1KAZN\u00cdCKA PODPORA\"]<\/p>\n<p>M\u00e1te ot\u00e1zku? Od vyrie\u0161enia v\u00e1\u0161ho probl\u00e9mu n\u00e1s del\u00ed kr\u00e1tka textov\u00e1 spr\u00e1va! [\/cg_accordion]\n[cg_accordion title=\"BALENIE OBSAHUJE\"]<\/p>\n<ul>\n<li>1x k\u00e1bel USB5 typu C | 80Gbps 240W (1 m)<\/li>\n<\/ul>\n<p>[\/cg_accordion]\n","protected":false},"featured_media":45913,"template":"","meta":{"_acf_changed":false},"product_brand":[],"product_cat":[1196],"product_tag":[],"class_list":{"0":"post-47494","1":"product","2":"type-product","3":"status-publish","4":"has-post-thumbnail","6":"product_cat-prislusenstvo","7":"product_shipping_class-low-end","9":"first","10":"instock","11":"sale","12":"taxable","13":"shipping-taxable","14":"purchasable","15":"product-type-simple"},"acf":[],"_links":{"self":[{"href":"https:\/\/ayaneo.co\/sk\/wp-json\/wp\/v2\/product\/47494","targetHints":{"allow":["GET"]}}],"collection":[{"href":"https:\/\/ayaneo.co\/sk\/wp-json\/wp\/v2\/product"}],"about":[{"href":"https:\/\/ayaneo.co\/sk\/wp-json\/wp\/v2\/types\/product"}],"wp:featuredmedia":[{"embeddable":true,"href":"https:\/\/ayaneo.co\/sk\/wp-json\/wp\/v2\/media\/45913"}],"wp:attachment":[{"href":"https:\/\/ayaneo.co\/sk\/wp-json\/wp\/v2\/media?parent=47494"}],"wp:term":[{"taxonomy":"product_brand","embeddable":true,"href":"https:\/\/ayaneo.co\/sk\/wp-json\/wp\/v2\/product_brand?post=47494"},{"taxonomy":"product_cat","embeddable":true,"href":"https:\/\/ayaneo.co\/sk\/wp-json\/wp\/v2\/product_cat?post=47494"},{"taxonomy":"product_tag","embeddable":true,"href":"https:\/\/ayaneo.co\/sk\/wp-json\/wp\/v2\/product_tag?post=47494"}],"curies":[{"name":"wp","href":"https:\/\/api.w.org\/{rel}","templated":true}]}}