{"id":47528,"date":"2026-03-06T12:40:46","date_gmt":"2026-03-06T12:40:46","guid":{"rendered":"https:\/\/ayaneo.co\/product\/premiovy-kabel-adaptera-usb-typu-c-na-hdmi-s-rozlisenim-4k-60-hz\/"},"modified":"2026-04-25T23:13:44","modified_gmt":"2026-04-25T23:13:44","slug":"premiovy-kabel-adaptera-usb-typu-c-na-hdmi-s-rozlisenim-4k-60-hz","status":"publish","type":"product","link":"https:\/\/ayaneo.co\/sk\/product\/premiovy-kabel-adaptera-usb-typu-c-na-hdmi-s-rozlisenim-4k-60-hz\/","title":{"rendered":"Pr\u00e9miov\u00fd k\u00e1bel adapt\u00e9ra USB typu C na HDMI s rozl\u00ed\u0161en\u00edm 4K 60 Hz"},"content":{"rendered":"\n<h2 class=\"wp-block-heading\">Dokonal\u00e9 rie\u0161enie s vysok\u00fdm rozl\u00ed\u0161en\u00edm<\/h2>\n\n<p>Za\u017eite bezprobl\u00e9mov\u00e9 pripojenie s adapt\u00e9rom 4K 60Hz USB typu C na HDMI, pr\u00e9miov\u00fdm rie\u0161en\u00edm navrhnut\u00fdm pre kri\u0161t\u00e1\u013eovo \u010dist\u00fd vizu\u00e1lny v\u00fdstup. Tento vysoko v\u00fdkonn\u00fd k\u00e1bel v\u00e1m umo\u017en\u00ed pripoji\u0165 modern\u00e9 zariadenia USB-C priamo k displejom s podporou HDMI bez potreby \u010fal\u0161\u00edch ovl\u00e1da\u010dov. Bez oh\u013eadu na to, \u010di pou\u017e\u00edvate smartf\u00f3n, tablet alebo notebook, tento adapt\u00e9r zaru\u010duje jednoduch\u00e9 a pohodln\u00e9 zapojenie a pou\u017e\u00edvanie.  <\/p>\n\n<h2 class=\"wp-block-heading\">Pre\u010do si pre svoje nastavenie vybra\u0165 adapt\u00e9r 4K 60Hz USB typu C na HDMI?<\/h2>\n\n<p>Hlavnou v\u00fdhodou tohto k\u00e1bla USB C na HDMI je jeho podpora \u0161tandardov HDMI 2.0. Ke\u010f\u017ee podporuje rozl\u00ed\u0161enie 4K pri obnovovacej frekvencii 60 Hz, pou\u017e\u00edvatelia si m\u00f4\u017eu vychutna\u0165 neuverite\u013ene plynul\u00fd pohyb a ostr\u00fd obraz. Zatia\u013e \u010do \u0161tandardn\u00e9 adapt\u00e9ry v\u00e1s \u010dasto obmedzuj\u00fa na 30 Hz, tento k\u00e1bel 4K 60 Hz poskytuje plynul\u00fd v\u00fdkon potrebn\u00fd na hranie hier a profesion\u00e1lnu \u00fapravu videa. Elegantn\u00e9 hlin\u00edkov\u00e9 puzdro navy\u0161e poskytuje vynikaj\u00faci odvod tepla na udr\u017eanie stabiln\u00e9ho pripojenia po\u010das dlh\u00fdch rel\u00e1ci\u00ed.   <\/p>\n\n<h2 class=\"wp-block-heading\">Pokro\u010dil\u00e9 technick\u00e9 \u0161pecifik\u00e1cie a kompatibilita s rozhran\u00edm Thunderbolt<\/h2>\n\n<p>Pokia\u013e ide o technick\u00fa zdatnos\u0165, adapt\u00e9r 4K 60Hz USB typu C na k\u00e1bel HDMI je navrhnut\u00fd s vysokokvalitn\u00fdm <a href=\"https:\/\/en.wikipedia.org\/wiki\/HDMI\" target=\"_blank\" rel=\"noopener nofollow\" title=\"\">rozhran\u00edm HDMI 2.0 a<\/a> robustn\u00fdm konektorom typu C. Tento k\u00e1bel s rozl\u00ed\u0161en\u00edm 4K 60 Hz je plne kompatibiln\u00fd s portami Thunderbolt 4 a Thunderbolt 3, v\u010faka \u010domu bez probl\u00e9mov funguje s najnov\u0161\u00edmi MacBookmi Pro a \u0161pi\u010dkov\u00fdmi notebookmi so syst\u00e9mom Windows. Ke\u010f\u017ee podporuje re\u017eim DP Alt, k\u00e1bel poskytuje priamy obrazov\u00fd sign\u00e1l bez v\u00e4\u010d\u0161ieho objemu multiportov\u00e9ho adapt\u00e9ra usb c na hdmi.  <\/p>\n\n<p>Okrem toho, v\u010faka kompatibilite s HDCP 2.2 m\u00f4\u017eete bez preru\u0161enia streamova\u0165 \u0161ifrovan\u00fd obsah 4K zo slu\u017eieb, ako je Netflix alebo Disney+. K\u00e1bel adapt\u00e9ra USB typu C na HDMI s frekvenciou 4K 60 Hz podporuje aj technol\u00f3giu HDR10 na zv\u00fd\u0161enie h\u013abky farieb a kontrastu. Jeho fyzick\u00e1 kon\u0161trukcia zah\u0155\u0148a 50 mm vonkaj\u0161\u00ed priemer pre zv\u00fd\u0161en\u00fa odolnos\u0165, zatia\u013e \u010do hlin\u00edkov\u00fd kryt pom\u00e1ha s regul\u00e1ciou tepla po\u010das intenz\u00edvnych rel\u00e1ci\u00ed.  <\/p>\n\n<h2 class=\"wp-block-heading\">\u0160irok\u00e1 kompatibilita zariaden\u00ed a po\u017eiadavky na pripojenie<\/h2>\n\n<p>Adapt\u00e9rov\u00fd k\u00e1bel 4K 60Hz USB typu C na HDMI je navrhnut\u00fd pre v\u0161estrannos\u0165 a funguje so \u0161irokou \u0161k\u00e1lou modern\u00e9ho hardv\u00e9ru. M\u00f4\u017eete ho pou\u017e\u00edva\u0165 s po\u010d\u00edta\u010dmi Apple MacBook, modelmi iPad Pro a radom Microsoft Surface. Okrem toho podporuje \u0161pi\u010dkov\u00e9 zariadenia so syst\u00e9mom Android, ako s\u00fa Samsung Galaxy S22 a Note 20. 4K 60Hz USB Type C to HDMI Adapter Cable v\u0161ak vy\u017eaduje hostite\u013esk\u00fd port, ktor\u00fd podporuje video v\u00fdstup. Nie je kompatibiln\u00fd so zariadeniami, ako je s\u00e9ria Samsung A alebo star\u0161ie iPhony, ktor\u00e9 nemaj\u00fa podporu re\u017eimu DP Alt.    <\/p>\n\n<h2 class=\"wp-block-heading\">Optimalizujte svoje profesion\u00e1lne prezent\u00e1cie a dom\u00e1ce kino<\/h2>\n\n<p>Pou\u017e\u00edvanie k\u00e1bla adapt\u00e9ra USB typu C na HDMI s rozl\u00ed\u0161en\u00edm 4K 60 Hz ako asistenta pri stretnutiach umo\u017e\u0148uje bezprobl\u00e9mov\u00e9 zdie\u013eanie obrazovky na ve\u013ek\u00fdch displejoch. N\u00e1sledne bud\u00fa va\u0161e spr\u00e1vy a vizualiz\u00e1cie \u00fadajov p\u00f4sobi\u0165 na publikum ostrej\u0161ie a profesion\u00e1lnej\u0161ie. V dom\u00e1com prostred\u00ed 4K 60Hz USB Type C to HDMI Adapter Cable zmen\u00ed v\u00e1\u0161 z\u00e1\u017eitok z mobiln\u00e9ho hrania. Premieta mobiln\u00fa grafiku na v\u00e1\u0161 telev\u00edzor v re\u00e1lnom \u010dase, \u010do poskytuje \u0161ir\u0161\u00ed vizu\u00e1lny rozsah bez ak\u00e9hoko\u013evek zasek\u00e1vania.   <\/p>\n\n<hr class=\"wp-block-separator has-alpha-channel-opacity\"\/>\n\n<h2 class=\"wp-block-heading\">Zabezpe\u010dte si svoj 4K 60Hz k\u00e1bel adapt\u00e9ra USB typu C na HDMI e\u0161te dnes!<\/h2>\n\n<p>Neuspokojte sa s rozmazan\u00fdm rozl\u00ed\u0161en\u00edm alebo oneskorenou obnovovacou frekvenciou, ke\u010f m\u00f4\u017eete svoj digit\u00e1lny \u017eivot vylep\u0161i\u0165 hne\u010f teraz. Dopyt po k\u00e1blovom adapt\u00e9ri 4K 60Hz USB typu C na HDMI je neuverite\u013ene vysok\u00fd v\u010faka jeho spo\u013eahlivosti a vynikaj\u00facemu v\u00fdstupu 4K. Objednajte si svoj e\u0161te dnes, aby ste mali z\u00e1ruku, \u017ee toto nevyhnutn\u00e9 technick\u00e9 pr\u00edslu\u0161enstvo dostanete v\u010das, a za\u010dnite si u\u017e\u00edva\u0165 vrchol pripojenia s vysok\u00fdm rozl\u00ed\u0161en\u00edm. Nav\u0161t\u00edvte n\u00e1\u0161 obchod teraz a vyu\u017eite t\u00fato ponuku sk\u00f4r, ne\u017e sa z\u00e1soby min\u00fa!   <\/p>\n","protected":false},"excerpt":{"rendered":"<ul>\n<li><strong>4K 60Hz UHD -<\/strong> Kri\u0161t\u00e1\u013eovo \u010dist\u00e9 rozl\u00ed\u0161enie 4K pri 60 sn\u00edmkach za sekundu na plynul\u00e9 sledovanie bez oneskorenia.<\/li>\n<li><strong>Podpora HDMI 2.0 -<\/strong> Rozhranie <strong>s vysokou \u0161\u00edrkou p\u00e1sma<\/strong> pre HDR10 a digit\u00e1lny zvuk.<\/li>\n<li><strong>Plug &amp; Play -<\/strong> okam\u017eit\u00e9 pripojenie pre notebooky a telef\u00f3ny bez ovl\u00e1da\u010dov.<\/li>\n<li><strong>Kompatibilita s HDCP 2.2 -<\/strong> Bezpe\u010dn\u00e9 <strong>streamovanie<\/strong> obsahu v rozl\u00ed\u0161en\u00ed 4K zo slu\u017eieb Netflix a Disney+.<\/li>\n<li><strong>Hlin\u00edkov\u00fd pl\u00e1\u0161\u0165 -<\/strong> Odoln\u00fd kryt navrhnut\u00fd na optimaliz\u00e1ciu odvodu tepla.<\/li>\n<\/ul>\n[cg_accordion title=\"INFORM\u00c1CIE O PLATBE\"]<\/p>\n<p>Pou\u017e\u00edvame najnov\u0161iu technol\u00f3giu spracovania platieb, ktor\u00e1 v\u00e1m umo\u017e\u0148uje vykona\u0165 platbu prostredn\u00edctvom Apple Pay, Google Pay, va\u0161ej debetnej\/kreditnej karty, PayPal alebo met\u00f3d BNPL, ako s\u00fa Klarna, Affirm alebo AfterPay, \u010do je r\u00fdchle a bezpe\u010dn\u00e9.[\/cg_accordion]\n[cg_accordion title=\"Z\u00c1RUKA\"]<\/p>\n<p>1 rok z\u00e1ruky od <a href=\"https:\/\/droix.net\/\" target=\"_blank\" rel=\"nofollow noopener\">spolo\u010dnosti DROIX Global pre<\/a> v\u00e1\u0161 pokoj[\/cg_accordion]\n[cg_accordion title=\"ZABEZPE\u010cENIE KVALITY A TESTOVANIE PRED ODOSLAN\u00cdM\"]<\/p>\n<p>Zabezpe\u010denie spokojnosti z\u00e1kazn\u00edkov na najvy\u0161\u0161ej \u00farovni: Pred odoslan\u00edm prech\u00e1dza ka\u017ed\u00e9 zariadenie pr\u00edsnym testovan\u00edm a viacbodovou kontrolou kvality. N\u00e1\u0161 \u0161pecializovan\u00fd t\u00edm overuje v\u00fdkon, funk\u010dnos\u0165 a integritu komponentov, aby sme v\u00e1m zaru\u010dili, \u017ee va\u0161e zariadenie AYANEO bude pri pr\u00edchode v perfektnom stave, \u010do v\u00e1m poskytne istotu a pokoj. [\/cg_accordion]\n[cg_accordion title=\"CENY, DANE A DOPRAVA\"]<\/p>\n<p><strong><u>Pozn\u00e1mka:<\/u><\/strong><\/p>\n<ul>\n<li>Z\u00e1kazn\u00edci zo Spojen\u00fdch \u0161t\u00e1tov: Z\u00e1kazn\u00edci: Zobrazen\u00e1 cena nezah\u0155\u0148a da\u0148 ani clo. Zodpovednos\u0165 za coln\u00e9 konanie a zaplatenie akejko\u013evek s\u00favisiacej dane\/coln\u00e9ho poplatku nesie z\u00e1kazn\u00edk. <\/li>\n<li>Z\u00e1kazn\u00edci z E\u00da: V zobrazenej cene je zahrnut\u00e1 platn\u00e1 DA\u0147, ktor\u00e1 m\u00f4\u017ee by\u0165 a\u017e 25% v z\u00e1vislosti od va\u0161ej krajiny.<\/li>\n<li>Z\u00e1kazn\u00edci z Kanady: V z\u00e1vislosti od va\u0161ej provincie m\u00f4\u017ee zobrazen\u00e1 cena zah\u0155\u0148a\u0165 pr\u00edslu\u0161n\u00e9 dane, ktor\u00e9 m\u00f4\u017eu zah\u0155\u0148a\u0165 5% GST a \u010fal\u0161ie provin\u010dn\u00e9 dane z predaja (PST), harmonizovan\u00fa da\u0148 z predaja (HST) alebo quebeck\u00fa da\u0148 z predaja (QST).<\/li>\n<\/ul>\n<p>Pre na\u0161ich z\u00e1kazn\u00edkov v USA: Objedn\u00e1vky sa odosielaj\u00fa DAP (Delivered At Place). Hoci s\u00fa z\u00e1kazn\u00edci zodpovedn\u00ed za zaplatenie v\u0161etk\u00fdch platn\u00fdch tar\u00edf, vyu\u017e\u00edvame na\u0161e bohat\u00e9 sk\u00fasenosti s prepravou zo Spojen\u00e9ho kr\u00e1\u013eovstva, aby sme zabezpe\u010dili, \u017ee zaplat\u00edte \u010do najni\u017e\u0161ie poplatky. Na z\u00e1klade na\u0161ich z\u00e1znamov tieto poplatky zvy\u010dajne nepresahuj\u00fa 10 % hodnoty polo\u017eky.  <\/p>\n<p><strong>Len pre z\u00e1kazn\u00edkov z E\u00da:<\/strong> Expresn\u00e9 DDP (Delivered Duty Paid). To znamen\u00e1: <\/p>\n<ul>\n<li>V\u0161etky cl\u00e1 a dane s\u00fa zahrnut\u00e9 v cene zobrazenej na str\u00e1nke produktu.<\/li>\n<li>Pri doru\u010den\u00ed nemus\u00edte plati\u0165 \u017eiadne \u010fal\u0161ie poplatky.<\/li>\n<li>V zriedkav\u00fdch pr\u00edpadoch probl\u00e9mov s\u00favisiacich s coln\u00fdmi z\u00e1le\u017eitos\u0165ami sa n\u00e1\u0161 t\u00edm postar\u00e1 o coln\u00e9 konanie vo va\u0161om mene, aby sme zabezpe\u010dili bezprobl\u00e9mov\u00e9 doru\u010denie.<\/li>\n<p>D\u00f4le\u017eit\u00e9 inform\u00e1cie o vr\u00e1ten\u00ed tovaru:<\/p>\n<li>Ak sa rozhodnete vr\u00e1ti\u0165 objedn\u00e1vku alebo po\u017eiada\u0165 o vr\u00e1tenie pe\u0148az\u00ed, majte na pam\u00e4ti, \u017ee dane a cl\u00e1 zaplaten\u00e9 vo va\u0161om mene pod\u013ea podmienok DDP nie je mo\u017en\u00e9 vr\u00e1ti\u0165.<\/li>\n<p>Podrobn\u00e9 inform\u00e1cie n\u00e1jdete v na\u0161ich <a href=\"https:\/\/ayaneo.co\/sk\/podmienky-sluzby\/\" target=\"_blank\" rel=\"nofollow noopener\">zmluvn\u00fdch podmienkach<\/a>.\n<\/ul>\n<p>[\/cg_accordion]\n[cg_accordion title=\"Z\u00c1KAZN\u00cdCKA PODPORA\"]<\/p>\n<p>M\u00e1te ot\u00e1zku? Od vyrie\u0161enia v\u00e1\u0161ho probl\u00e9mu n\u00e1s del\u00ed kr\u00e1tka textov\u00e1 spr\u00e1va! [\/cg_accordion]\n[cg_accordion title=\"BALENIE OBSAHUJE\"]<\/p>\n<ul>\n<li>1x pr\u00e9miov\u00fd 4K 60Hz k\u00e1bel adapt\u00e9ra USB typu C na HDMI<\/li>\n<\/ul>\n<p>[\/cg_accordion]\n","protected":false},"featured_media":45476,"template":"","meta":{"_acf_changed":false},"product_brand":[],"product_cat":[1196],"product_tag":[],"class_list":{"0":"post-47528","1":"product","2":"type-product","3":"status-publish","4":"has-post-thumbnail","6":"product_cat-prislusenstvo","7":"product_shipping_class-low-end","9":"first","10":"outofstock","11":"sale","12":"taxable","13":"shipping-taxable","14":"purchasable","15":"product-type-simple"},"acf":[],"_links":{"self":[{"href":"https:\/\/ayaneo.co\/sk\/wp-json\/wp\/v2\/product\/47528","targetHints":{"allow":["GET"]}}],"collection":[{"href":"https:\/\/ayaneo.co\/sk\/wp-json\/wp\/v2\/product"}],"about":[{"href":"https:\/\/ayaneo.co\/sk\/wp-json\/wp\/v2\/types\/product"}],"wp:featuredmedia":[{"embeddable":true,"href":"https:\/\/ayaneo.co\/sk\/wp-json\/wp\/v2\/media\/45476"}],"wp:attachment":[{"href":"https:\/\/ayaneo.co\/sk\/wp-json\/wp\/v2\/media?parent=47528"}],"wp:term":[{"taxonomy":"product_brand","embeddable":true,"href":"https:\/\/ayaneo.co\/sk\/wp-json\/wp\/v2\/product_brand?post=47528"},{"taxonomy":"product_cat","embeddable":true,"href":"https:\/\/ayaneo.co\/sk\/wp-json\/wp\/v2\/product_cat?post=47528"},{"taxonomy":"product_tag","embeddable":true,"href":"https:\/\/ayaneo.co\/sk\/wp-json\/wp\/v2\/product_tag?post=47528"}],"curies":[{"name":"wp","href":"https:\/\/api.w.org\/{rel}","templated":true}]}}