{"id":17301,"date":"2025-01-23T13:59:52","date_gmt":"2025-01-23T13:59:52","guid":{"rendered":"https:\/\/ayaneo.co\/product\/ayaneo-zascita-zaslona-za-zepni-telefon-evo\/"},"modified":"2025-12-09T00:38:55","modified_gmt":"2025-12-09T00:38:55","slug":"ayaneo-zascita-zaslona-za-zepni-telefon-evo","status":"publish","type":"product","link":"https:\/\/ayaneo.co\/sl\/product\/ayaneo-zascita-zaslona-za-zepni-telefon-evo\/","title":{"rendered":"AYANEO Pocket EVO Za\u0161\u010dita zaslona"},"content":{"rendered":"\n<h2 class=\"wp-block-heading\">Pregled izdelka:<\/h2>\n\n<p><strong>Za\u0161\u010dita zaslona AYANEO Pocket EVO je<\/strong> zasnovana tako, da \u0161\u010diti zaslon va\u0161e konzole in zagotavlja vrhunsko jasnost. Ta za\u0161\u010dita zaslona je izdelana iz visokokakovostnega kaljenega stekla in zagotavlja odli\u010dno odpornost proti praskam in made\u017eem, zato bo zaslon va\u0161e naprave ostal nedotaknjen, va\u0161e slike pa brezhibne. <\/p>\n\n<ol class=\"wp-block-list\">\n<li><strong>Prilagojena oblika za<\/strong> AYANEO Pocket EVO.<\/li>\n\n\n\n<li>Trpe\u017ena <strong>povr\u0161ina, odporna na praske<\/strong>.<\/li>\n\n\n\n<li>Izjemno prozoren material za <strong>\u017eivahne slike pri igranju iger<\/strong>.<\/li>\n\n\n\n<li>Premaz, odporen na razmazovanje, za <strong>\u010dist in jasen zaslon<\/strong>.<\/li>\n\n\n\n<li>Enostavna namestitev brez mehur\u010dkov za <strong>nemoteno uporabo<\/strong>.<\/li>\n<\/ol>\n\n<h2 class=\"wp-block-heading\">Zakaj izbrati za\u0161\u010dito zaslona AYANEO Pocket EVO?<\/h2>\n\n<p>Za\u0161\u010dita zaslona AYANEO Pocket EVO zdru\u017euje vrhunske materiale in natan\u010dno zasnovo ter zagotavlja izjemno za\u0161\u010dito in jasnost slike. Ne glede na to, ali igrate doma ali na poti, ta za\u0161\u010dita zaslona poskrbi, da naprava ostane brez prask, hkrati pa ohranja \u017eivahno in kristalno \u010disto sliko. <\/p>\n\n<hr class=\"wp-block-separator has-alpha-channel-opacity\"\/>\n\n<h4 class=\"wp-block-heading\">Specifikacije:<\/h4>\n\n<ul class=\"wp-block-list\">\n<li><strong>Material:<\/strong> Kaljeno steklo<\/li>\n\n\n\n<li><strong>Zdru\u017eljivost:<\/strong> AYANEO Pocket EVO Console<\/li>\n\n\n\n<li><strong>Lastnosti:<\/strong> Naro\u010dnik je odporen na praske, odporen na razmazovanje, izjemno jasen in brez mehur\u010dkov.<\/li>\n<\/ul>\n\n<p>Izbolj\u0161ajte svojo igralno izku\u0161njo z AYANEO Pocket EVO Screen Protector - vrhunsko za\u0161\u010dito za zaslon va\u0161e konzole!  <\/p>\n","protected":false},"excerpt":{"rendered":"<ul>\n<li><strong>Prilagojena oblika za<\/strong> AYANEO Pocket EVO.<\/li>\n<li>Trpe\u017ena <strong>povr\u0161ina, odporna na praske<\/strong>.<\/li>\n<li>Izjemno prozoren material za <strong>\u017eivahne slike pri igranju iger<\/strong>.<\/li>\n<li>Premaz, odporen na razmazovanje, za <strong>\u010dist in jasen zaslon<\/strong>.<\/li>\n<li>Enostavna namestitev brez mehur\u010dkov za <strong>nemoteno uporabo<\/strong>.<\/li>\n<\/ul>\n[cg_accordion title=\"INFORMACIJE O PLA\u010cILU\"]<\/p>\n<p>Uporabljamo najnovej\u0161o tehnologijo za obdelavo pla\u010dil, ki vam omogo\u010da, da se na blagajni naro\u010dite prek Apple Pay, Google Pay, debetne\/kreditne kartice, PayPal ali metod BNPL, kot so Klarna, Affirm ali AfterPay, kar zagotavlja hitro in varno izku\u0161njo.[\/cg_accordion]\n[cg_accordion title=\"GARANCIJA\"]<\/p>\n<p>1 leto garancije <a href=\"https:\/\/droix.net\/\" target=\"_blank\" rel=\"nofollow noopener\">DROIX Global za<\/a> va\u0161 mir[\/cg_accordion]\n[cg_accordion title=\"ZAGOTAVLJANJE KAKOVOSTI IN TESTIRANJE PRED ODPREMO\"]<\/p>\n<p>Zagotavljanje zadovoljstva strank na najvi\u0161ji ravni: Vsaka naprava je pred odpremo strogo preizku\u0161ena in preverjena v ve\u010d to\u010dkah za zagotavljanje kakovosti. Na\u0161a predana ekipa preveri delovanje, funkcionalnost in celovitost komponent, s \u010dimer zagotovimo, da bo va\u0161a naprava AYANEO ob prihodu v popolnem delovnem stanju, kar vam zagotavlja zaupanje in mir v du\u0161i. [\/cg_accordion]\n[cg_accordion title=\"CENE, DAVKI IN PO\u0160ILJANJE\"]<\/p>\n<p><strong><u>Opomba:<\/u><\/strong><\/p>\n<ul>\n<li>Zdru\u017eene dr\u017eave Amerike Kupci: Prikazana cena NE vklju\u010duje davka in dajatev. Odgovornost za carinjenje in pla\u010dilo vseh povezanih davkov\/carin nosi kupec. <\/li>\n<li>Stranke iz EU: Prikazana cena vklju\u010duje veljavni davek, ki lahko zna\u0161a do 25 %, odvisno od va\u0161e dr\u017eave.<\/li>\n<li>Kanada Kupci: Prikazana cena vklju\u010duje veljavne davke, ki lahko vklju\u010dujejo 5 % davek na dodano vrednost (GST) in dodatne pokrajinske davke na prodajo (PST), harmonizirani davek na prodajo (HST) ali davek na prodajo v Quebecu (QST), odvisno od va\u0161e province.<\/li>\n<\/ul>\n<p><strong>Samo za stranke iz EU:<\/strong> Ekspresno DDP (dostavljeno s pla\u010dano dajatvijo). To pomeni: <\/p>\n<ul>\n<li>Vse carine in davki so vklju\u010deni v ceno, prikazano na strani izdelka.<\/li>\n<li>Ob dostavi vam ne bo treba pla\u010dati nobenih dodatnih stro\u0161kov.<\/li>\n<li>V redkih primerih te\u017eav, povezanih s carino, bo na\u0161a ekipa v va\u0161em imenu opravila postopek carinjenja in zagotovila nemoteno dostavo.<\/li>\n<p>Pomembne informacije o vra\u010dilih:<\/p>\n<li>\u010ce se odlo\u010dite vrniti naro\u010dilo ali zahtevate vra\u010dilo, se morate zavedati, da davkov in dajatev, pla\u010danih v va\u0161em imenu pod pogoji DDP, ni mogo\u010de vrniti.<\/li>\n<p>Podrobne informacije <a href=\"https:\/\/ayaneo.co\/sl\/pogoji-uporabe-storitev\/\" target=\"_blank\" rel=\"nofollow noopener\">so na voljo v na\u0161ih pogojih in dolo\u010dilih<\/a>.\n<\/ul>\n<p>[\/cg_accordion]\n[cg_accordion title=\"PODPORA STRANKAM\"]<\/p>\n<p>Imate vpra\u0161anje? Samo kratko besedilo nas lo\u010di od re\u0161itve va\u0161ega vpra\u0161anja! [\/cg_accordion]\n[cg_accordion title=\"PAKET VKLJU\u010cUJE\"]<\/p>\n<ul>\n<li>1x AYANEO Pocket EVO Za\u0161\u010dita zaslona<\/li>\n<\/ul>\n<p>[\/cg_accordion]\n","protected":false},"featured_media":17312,"template":"","meta":{"_acf_changed":false},"product_brand":[],"product_cat":[1236],"product_tag":[],"class_list":{"0":"post-17301","1":"product","2":"type-product","3":"status-publish","4":"has-post-thumbnail","6":"product_cat-dodatki","7":"product_shipping_class-low-end","8":"pa_accessory-type-screen-protector-sl","9":"pa_brand-ayaneo","11":"first","12":"instock","13":"sale","14":"taxable","15":"shipping-taxable","16":"purchasable","17":"product-type-simple"},"acf":[],"_links":{"self":[{"href":"https:\/\/ayaneo.co\/sl\/wp-json\/wp\/v2\/product\/17301","targetHints":{"allow":["GET"]}}],"collection":[{"href":"https:\/\/ayaneo.co\/sl\/wp-json\/wp\/v2\/product"}],"about":[{"href":"https:\/\/ayaneo.co\/sl\/wp-json\/wp\/v2\/types\/product"}],"wp:featuredmedia":[{"embeddable":true,"href":"https:\/\/ayaneo.co\/sl\/wp-json\/wp\/v2\/media\/17312"}],"wp:attachment":[{"href":"https:\/\/ayaneo.co\/sl\/wp-json\/wp\/v2\/media?parent=17301"}],"wp:term":[{"taxonomy":"product_brand","embeddable":true,"href":"https:\/\/ayaneo.co\/sl\/wp-json\/wp\/v2\/product_brand?post=17301"},{"taxonomy":"product_cat","embeddable":true,"href":"https:\/\/ayaneo.co\/sl\/wp-json\/wp\/v2\/product_cat?post=17301"},{"taxonomy":"product_tag","embeddable":true,"href":"https:\/\/ayaneo.co\/sl\/wp-json\/wp\/v2\/product_tag?post=17301"}],"curies":[{"name":"wp","href":"https:\/\/api.w.org\/{rel}","templated":true}]}}