{"id":17330,"date":"2025-01-23T11:24:20","date_gmt":"2025-01-23T11:24:20","guid":{"rendered":"https:\/\/ayaneo.co\/product\/ayaneo-zepno-ohisje-evo\/"},"modified":"2025-12-04T11:28:15","modified_gmt":"2025-12-04T11:28:15","slug":"ayaneo-zepno-ohisje-evo","status":"publish","type":"product","link":"https:\/\/ayaneo.co\/sl\/product\/ayaneo-zepno-ohisje-evo\/","title":{"rendered":"AYANEO Pocket ohi\u0161je EVO"},"content":{"rendered":"\n<h2 class=\"wp-block-heading\" id=\"h-product-overview\">Pregled izdelka:<\/h2>\n\n<p><strong>AYANEO Pocket EVO Case je<\/strong> izdelan za vrhunsko za\u0161\u010dito va\u0161e konzole AYANEO Pocket EVO. Njegova trpe\u017ena trda lupina zagotavlja, da bo va\u0161a naprava varna pred praskami, udarci in prahom, hkrati pa ohranja eleganten, prenosen videz. Ta etui je idealen za igralce, ki cenijo varnost in slog.  <\/p>\n\n<hr class=\"wp-block-separator has-alpha-channel-opacity\"\/>\n\n<h2 class=\"wp-block-heading\" id=\"h-key-features\">Klju\u010dne lastnosti:<\/h2>\n\n<p><strong>Robustna trda lupina<\/strong> za najve\u010djo za\u0161\u010dito.<\/p>\n\n<p><strong>Prilagojen za<\/strong> konzolo AYANEO Pocket EVO.<\/p>\n\n<p>Mehka notranja obloga <strong>prepre\u010duje praske.<\/strong><\/p>\n\n<p>Lahka in prenosna za <strong>enostavno potovanje<\/strong>.<\/p>\n\n<p>Elegantna in sodobna zunanjost za <strong>elegantno prena\u0161anje<\/strong>.<\/p>\n\n<hr class=\"wp-block-separator has-alpha-channel-opacity\"\/>\n\n<h2 class=\"wp-block-heading\" id=\"h-why-choose-the-ayaneo-pocket-micro-case\">Zakaj izbrati \u017eepno ohi\u0161je AYANEO Pocket EVO?<\/h2>\n\n<p>AYANEO Pocket EVO Case je popolna kombinacija sloga in vzdr\u017eljivosti. Njegovo prileganje po meri in trda \u0161koljkasta konstrukcija zagotavljata neprekosljivo za\u0161\u010dito, lahka zasnova pa udobje za igralce na poti. S tem etuijem bo va\u0161a konzola varna in pripravljena na akcijo kjerkoli in kadarkoli.  <\/p>\n\n<hr class=\"wp-block-separator has-alpha-channel-opacity\"\/>\n\n<h3 class=\"wp-block-heading\" id=\"h-specifications\">Specifikacije:<\/h3>\n\n<ul class=\"wp-block-list\">\n<li><strong>Material:<\/strong> Zunanjost iz trde lupine z mehko notranjo oblogo<\/li>\n\n\n\n<li><strong>Zdru\u017eljivost:<\/strong> AYANEO Pocket EVO Console<\/li>\n\n\n\n<li><strong>Lastnosti:<\/strong> Trpe\u017ena, odporna na praske, lahka in potovanju prijazna<\/li>\n<\/ul>\n\n<p>Svojo konzolo AYANEO Pocket EVO imejte na varnem z vrhunsko za\u0161\u010dito v tem vrhunskem trdem ohi\u0161ju, saj si va\u0161a konzola zaslu\u017ei najbolj\u0161e!<\/p>\n\n<p><\/p>\n","protected":false},"excerpt":{"rendered":"<ul>\n<li><strong>Robustna trda lupina<\/strong> za najve\u010djo za\u0161\u010dito.<\/li>\n<li><strong>Prilagojen za<\/strong> konzolo AYANEO Pocket EVO.<\/li>\n<li>Mehka notranja obloga <strong>prepre\u010duje praske.<\/strong><\/li>\n<li>Lahka in prenosna za <strong>enostavno potovanje<\/strong>.<\/li>\n<li>Elegantna in sodobna zunanjost za <strong>elegantno prena\u0161anje<\/strong>.<\/li>\n<\/ul>\n[cg_accordion title=\"INFORMACIJE O PLA\u010cILU\"]<\/p>\n<p>Uporabljamo najnovej\u0161o tehnologijo za obdelavo pla\u010dil, ki vam omogo\u010da, da se na blagajni naro\u010dite prek Apple Pay, Google Pay, debetne\/kreditne kartice, PayPal ali metod BNPL, kot so Klarna, Affirm ali AfterPay, kar zagotavlja hitro in varno izku\u0161njo.[\/cg_accordion]\n[cg_accordion title=\"GARANCIJA\"]<\/p>\n<p>1 leto garancije <a href=\"https:\/\/droix.net\/\" target=\"_blank\" rel=\"nofollow noopener\">DROIX Global za<\/a> va\u0161 mir[\/cg_accordion]\n[cg_accordion title=\"ZAGOTAVLJANJE KAKOVOSTI IN TESTIRANJE PRED ODPREMO\"]<\/p>\n<p>Zagotavljanje zadovoljstva strank na najvi\u0161ji ravni: Vsaka naprava je pred odpremo strogo preizku\u0161ena in preverjena v ve\u010d to\u010dkah za zagotavljanje kakovosti. Na\u0161a predana ekipa preveri delovanje, funkcionalnost in celovitost komponent, s \u010dimer zagotovimo, da bo va\u0161a naprava AYANEO ob prihodu v popolnem delovnem stanju, kar vam zagotavlja zaupanje in mir v du\u0161i. [\/cg_accordion]\n[cg_accordion title=\"CENE, DAVKI IN PO\u0160ILJANJE\"]<\/p>\n<p><strong><u>Opomba:<\/u><\/strong><\/p>\n<ul>\n<li>Zdru\u017eene dr\u017eave Amerike Kupci: Prikazana cena NE vklju\u010duje davka in dajatev. Odgovornost za carinjenje in pla\u010dilo vseh povezanih davkov\/carin nosi kupec. <\/li>\n<li>Stranke iz EU: Prikazana cena vklju\u010duje veljavni davek, ki lahko zna\u0161a do 25 %, odvisno od va\u0161e dr\u017eave.<\/li>\n<li>Kanada Kupci: Prikazana cena vklju\u010duje veljavne davke, ki lahko vklju\u010dujejo 5 % davek na dodano vrednost (GST) in dodatne pokrajinske davke na prodajo (PST), harmonizirani davek na prodajo (HST) ali davek na prodajo v Quebecu (QST), odvisno od va\u0161e province.<\/li>\n<\/ul>\n<p><strong>Samo za stranke iz EU:<\/strong> Ekspresno DDP (dostavljeno s pla\u010dano dajatvijo). To pomeni: <\/p>\n<ul>\n<li>Vse carine in davki so vklju\u010deni v ceno, prikazano na strani izdelka.<\/li>\n<li>Ob dostavi vam ne bo treba pla\u010dati nobenih dodatnih stro\u0161kov.<\/li>\n<li>V redkih primerih te\u017eav, povezanih s carino, bo na\u0161a ekipa v va\u0161em imenu opravila postopek carinjenja in zagotovila nemoteno dostavo.<\/li>\n<p>Pomembne informacije o vra\u010dilih:<\/p>\n<li>\u010ce se odlo\u010dite vrniti naro\u010dilo ali zahtevate vra\u010dilo, se morate zavedati, da davkov in dajatev, pla\u010danih v va\u0161em imenu pod pogoji DDP, ni mogo\u010de vrniti.<\/li>\n<p>Podrobne informacije <a href=\"https:\/\/ayaneo.co\/sl\/pogoji-uporabe-storitev\/\" target=\"_blank\" rel=\"nofollow noopener\">so na voljo v na\u0161ih pogojih in dolo\u010dilih<\/a>.\n<\/ul>\n<p>[\/cg_accordion]\n[cg_accordion title=\"PODPORA STRANKAM\"]<\/p>\n<p>Imate vpra\u0161anje? Samo kratko besedilo nas lo\u010di od re\u0161itve va\u0161ega vpra\u0161anja! [\/cg_accordion]\n[cg_accordion title=\"PAKET VKLJU\u010cUJE\"]<\/p>\n<ul>\n<li>1x AYANEO Pocket ohi\u0161je EVO<\/li>\n<\/ul>\n<p>[\/cg_accordion]\n","protected":false},"featured_media":17332,"template":"","meta":{"_acf_changed":false},"product_brand":[],"product_cat":[1236],"product_tag":[],"class_list":{"0":"post-17330","1":"product","2":"type-product","3":"status-publish","4":"has-post-thumbnail","6":"product_cat-dodatki","7":"product_shipping_class-low-end","8":"pa_accessory-type-protective-case-sl","9":"pa_brand-ayaneo","11":"first","12":"instock","13":"sale","14":"taxable","15":"shipping-taxable","16":"purchasable","17":"product-type-variable","18":"has-default-attributes"},"acf":[],"_links":{"self":[{"href":"https:\/\/ayaneo.co\/sl\/wp-json\/wp\/v2\/product\/17330","targetHints":{"allow":["GET"]}}],"collection":[{"href":"https:\/\/ayaneo.co\/sl\/wp-json\/wp\/v2\/product"}],"about":[{"href":"https:\/\/ayaneo.co\/sl\/wp-json\/wp\/v2\/types\/product"}],"wp:featuredmedia":[{"embeddable":true,"href":"https:\/\/ayaneo.co\/sl\/wp-json\/wp\/v2\/media\/17332"}],"wp:attachment":[{"href":"https:\/\/ayaneo.co\/sl\/wp-json\/wp\/v2\/media?parent=17330"}],"wp:term":[{"taxonomy":"product_brand","embeddable":true,"href":"https:\/\/ayaneo.co\/sl\/wp-json\/wp\/v2\/product_brand?post=17330"},{"taxonomy":"product_cat","embeddable":true,"href":"https:\/\/ayaneo.co\/sl\/wp-json\/wp\/v2\/product_cat?post=17330"},{"taxonomy":"product_tag","embeddable":true,"href":"https:\/\/ayaneo.co\/sl\/wp-json\/wp\/v2\/product_tag?post=17330"}],"curies":[{"name":"wp","href":"https:\/\/api.w.org\/{rel}","templated":true}]}}