{"id":17389,"date":"2025-01-23T16:27:44","date_gmt":"2025-01-23T16:27:44","guid":{"rendered":"https:\/\/ayaneo.co\/product\/ayaneo-pocket-s-zadeva-s-trdimi-platnicami\/"},"modified":"2025-12-09T00:31:10","modified_gmt":"2025-12-09T00:31:10","slug":"ayaneo-pocket-s-zadeva-s-trdimi-platnicami","status":"publish","type":"product","link":"https:\/\/ayaneo.co\/sl\/product\/ayaneo-pocket-s-zadeva-s-trdimi-platnicami\/","title":{"rendered":"AYANEO Pocket S Zadeva s trdimi platnicami"},"content":{"rendered":"\n<h2 class=\"wp-block-heading\" id=\"h-product-overview\">Pregled izdelka:<\/h2>\n\n<p> <strong>AYANEO Pocket S Hardcover<\/strong> je popoln pripomo\u010dek za stilsko za\u0161\u010dito konzole. Ta trdi ovitek je zasnovan z elegantnim in trpe\u017enim zaklju\u010dkom ter zagotavlja odli\u010dno za\u0161\u010dito pred praskami, udarci in vsakodnevno obrabo, hkrati pa ohranja lahkotno in prenosno obliko. <\/p>\n\n<hr class=\"wp-block-separator has-alpha-channel-opacity\"\/>\n\n<h2 class=\"wp-block-heading\" id=\"h-key-features\">Klju\u010dne lastnosti:<\/h2>\n\n<p><strong>Elegantna oblika s trdim ovitkom<\/strong> za ve\u010djo vzdr\u017eljivost.<\/p>\n\n<p><strong>Prilagojeno<\/strong> za AYANEO Pocket S konzolo.<\/p>\n\n<p>Lahka in prenosna za <strong>igranje na poti<\/strong>.<\/p>\n\n<p>Izdelek iz vrhunskega materiala za <strong>dolgotrajno uporabo<\/strong>.<\/p>\n\n<p>Sodobna estetika, ki <strong>dopolnjuje va\u0161o konzolo<\/strong>.<\/p>\n\n<hr class=\"wp-block-separator has-alpha-channel-opacity\"\/>\n\n<h2 class=\"wp-block-heading\" id=\"h-why-choose-the-ayaneo-pocket-micro-case\">Zakaj izbrati AYANEO Pocket S Hardcover?<\/h2>\n\n<p>Za\u0161\u010ditite konzolo AYANEO Pocket S s trdo prevleko, ki zdru\u017euje vzdr\u017eljivost in slog. Zaradi lahke in prenosne zasnove je kot nala\u0161\u010d za igranje iger na poti, vrhunski materiali pa zagotavljajo dolgotrajno za\u0161\u010dito. Ta trdi ovitek je idealen za igralce, ki \u017eelijo svojo konzolo za\u0161\u010dititi, ne da bi pri tem ogrozili estetiko.  <\/p>\n\n<hr class=\"wp-block-separator has-alpha-channel-opacity\"\/>\n\n<h3 class=\"wp-block-heading\" id=\"h-specifications\">Specifikacije:<\/h3>\n\n<ul class=\"wp-block-list\">\n<li><strong>Material:<\/strong> Trpe\u017ena trda plastika<\/li>\n\n\n\n<li><strong>Zdru\u017eljivost:<\/strong> AYANEO Pocket S .<\/li>\n\n\n\n<li><strong>Lastnosti:<\/strong> Lahka, odporna na praske in prenosna<\/li>\n<\/ul>\n\n<p>Za\u0161\u010ditite svojo konzolo in jo imejte elegantno z ovitkom AYANEO Pocket S Hardcover - vrhunskim dodatkom za igralce, ki skrbijo za svojo opremo!<\/p>\n\n<p><\/p>\n","protected":false},"excerpt":{"rendered":"<ul>\n<li><strong>Elegantna oblika s trdim ovitkom<\/strong> za ve\u010djo vzdr\u017eljivost.<\/li>\n<li><strong>Prilagojeno<\/strong> za AYANEO Pocket S konzolo.<\/li>\n<li>Lahka in prenosna za <strong>igranje na poti<\/strong>.<\/li>\n<li>Izdelek iz vrhunskega materiala za <strong>dolgotrajno uporabo<\/strong>.<\/li>\n<li>Sodobna estetika, ki <strong>dopolnjuje va\u0161o konzolo<\/strong>.<\/li>\n<\/ul>\n[cg_accordion title=\"INFORMACIJE O PLA\u010cILU\"]<\/p>\n<p>Uporabljamo najnovej\u0161o tehnologijo za obdelavo pla\u010dil, ki vam omogo\u010da, da se na blagajni naro\u010dite prek Apple Pay, Google Pay, debetne\/kreditne kartice, PayPal ali metod BNPL, kot so Klarna, Affirm ali AfterPay, kar zagotavlja hitro in varno izku\u0161njo.[\/cg_accordion]\n[cg_accordion title=\"GARANCIJA\"]<\/p>\n<p>1 leto garancije <a href=\"https:\/\/droix.net\/\" target=\"_blank\" rel=\"nofollow noopener\">DROIX Global<\/a> za va\u0161 mir[\/cg_accordion]\n[cg_accordion title=\"CENE, DAVKI IN PO\u0160ILJANJE\"]<\/p>\n<p><strong><u>Opomba:<\/u><\/strong><\/p>\n<ul>\n<li>Zdru\u017eene dr\u017eave Amerike Kupci: Prikazana cena NE vklju\u010duje davka in dajatev. Odgovornost za carinjenje in pla\u010dilo vseh povezanih davkov\/carin nosi kupec. <\/li>\n<li>Stranke iz EU: Prikazana cena vklju\u010duje veljavni davek, ki lahko zna\u0161a do 25 %, odvisno od va\u0161e dr\u017eave.<\/li>\n<li>Kanada Kupci: Prikazana cena vklju\u010duje veljavne davke, ki lahko vklju\u010dujejo 5 % davek na dodano vrednost (GST) in dodatne pokrajinske davke na prodajo (PST), harmonizirani davek na prodajo (HST) ali davek na prodajo v Quebecu (QST), odvisno od va\u0161e province.<\/li>\n<\/ul>\n<p><strong>Samo za stranke iz EU:<\/strong> Ekspresno DDP (dostavljeno s pla\u010dano dajatvijo). To pomeni: <\/p>\n<ul>\n<li>Vse carine in davki so vklju\u010deni v ceno, prikazano na strani izdelka.<\/li>\n<li>Ob dostavi vam ne bo treba pla\u010dati nobenih dodatnih stro\u0161kov.<\/li>\n<li>V redkih primerih te\u017eav, povezanih s carino, bo na\u0161a ekipa v va\u0161em imenu opravila postopek carinjenja in zagotovila nemoteno dostavo.<\/li>\n<p>Pomembne informacije o vra\u010dilih:<\/p>\n<li>\u010ce se odlo\u010dite vrniti naro\u010dilo ali zahtevate vra\u010dilo, se morate zavedati, da davkov in dajatev, pla\u010danih v va\u0161em imenu pod pogoji DDP, ni mogo\u010de vrniti.<\/li>\n<p>Podrobne informacije so na voljo v na\u0161ih <a href=\"https:\/\/ayaneo.co\/terms-of-service-2\/\" target=\"_blank\" rel=\"nofollow noopener\">pogojih in dolo\u010dilih<\/a>.\n<\/ul>\n<p>[\/cg_accordion]\n[cg_accordion title=\"PODPORA STRANKAM\"]<\/p>\n<p>Imate vpra\u0161anje? Samo kratko besedilo nas lo\u010di od re\u0161itve va\u0161ega vpra\u0161anja!<br \/>\n[\/cg_accordion]\n[cg_accordion title=\"Paket vklju\u010duje\"]<\/p>\n<ul>\n<li>1x AYANEO Pocket S trdi ovitek<\/li>\n<\/ul>\n<p>[\/cg_accordion]\n","protected":false},"featured_media":17392,"template":"","meta":{"_acf_changed":false},"product_brand":[],"product_cat":[1236],"product_tag":[],"class_list":{"0":"post-17389","1":"product","2":"type-product","3":"status-publish","4":"has-post-thumbnail","6":"product_cat-dodatki","7":"product_shipping_class-low-end","8":"pa_accessory-type-protective-case-sl","9":"pa_brand-ayaneo","11":"first","12":"instock","13":"sale","14":"taxable","15":"shipping-taxable","16":"purchasable","17":"product-type-simple"},"acf":[],"_links":{"self":[{"href":"https:\/\/ayaneo.co\/sl\/wp-json\/wp\/v2\/product\/17389","targetHints":{"allow":["GET"]}}],"collection":[{"href":"https:\/\/ayaneo.co\/sl\/wp-json\/wp\/v2\/product"}],"about":[{"href":"https:\/\/ayaneo.co\/sl\/wp-json\/wp\/v2\/types\/product"}],"wp:featuredmedia":[{"embeddable":true,"href":"https:\/\/ayaneo.co\/sl\/wp-json\/wp\/v2\/media\/17392"}],"wp:attachment":[{"href":"https:\/\/ayaneo.co\/sl\/wp-json\/wp\/v2\/media?parent=17389"}],"wp:term":[{"taxonomy":"product_brand","embeddable":true,"href":"https:\/\/ayaneo.co\/sl\/wp-json\/wp\/v2\/product_brand?post=17389"},{"taxonomy":"product_cat","embeddable":true,"href":"https:\/\/ayaneo.co\/sl\/wp-json\/wp\/v2\/product_cat?post=17389"},{"taxonomy":"product_tag","embeddable":true,"href":"https:\/\/ayaneo.co\/sl\/wp-json\/wp\/v2\/product_tag?post=17389"}],"curies":[{"name":"wp","href":"https:\/\/api.w.org\/{rel}","templated":true}]}}