{"id":17412,"date":"2025-01-28T11:05:14","date_gmt":"2025-01-28T11:05:14","guid":{"rendered":"https:\/\/ayaneo.co\/product\/prenosni-monitor-droix-pm14-4k\/"},"modified":"2025-05-30T16:00:57","modified_gmt":"2025-05-30T16:00:57","slug":"prenosni-monitor-droix-pm14-4k","status":"publish","type":"product","link":"https:\/\/ayaneo.co\/sl\/product\/prenosni-monitor-droix-pm14-4k\/","title":{"rendered":"Prenosni monitor DroiX PM14 4K"},"content":{"rendered":"\n<div class=\"wp-block-columns is-layout-flex wp-container-core-columns-is-layout-28f84493 wp-block-columns-is-layout-flex\">\n<div class=\"wp-block-column is-layout-flow wp-block-column-is-layout-flow\" style=\"flex-basis:33.33%\">\n<figure class=\"wp-block-image size-large\"><a href=\"https:\/\/droix.net\/wp-content\/uploads\/2024\/05\/DROIX-PM14-LISTING-V2-DONE-01-NON-TOUCH.png\" target=\"_blank\" rel=\"noopener\"><img decoding=\"async\" src=\"https:\/\/droix.net\/wp-content\/uploads\/2024\/05\/DROIX-PM14-LISTING-V2-DONE-01-NON-TOUCH-1024x1024.png\" alt=\"Slika prenosnega monitorja DroiX, 14-pal&#x10D;ni, 4K, izjemno tanek&quot;\" class=\"wp-image-179745\"\/><\/a><\/figure>\n<\/div>\n\n\n\n<div class=\"wp-block-column is-layout-flow wp-block-column-is-layout-flow\" style=\"flex-basis:66.66%\">\n<h3 class=\"wp-block-heading\"><strong>DroiX PM14 - 14,0-pal\u010dni ultra tanek prenosni monitor 4K<\/strong><\/h3>\n\n\n\n<p>Odkrijte vrhunski napredek na podro\u010dju tehnologije zaslonov z DroiX PM14, 14,0-pal\u010dnim izjemno tankim prenosnim monitorjem, ki je na voljo v razli\u010dicah z zaslonom na dotik in brez zaslona na dotik. Ta inovativna naprava postavlja nova merila na podro\u010dju mobilnega ra\u010dunalni\u0161tva, saj zdru\u017euje robustno zmogljivost z izjemno prenosljivostjo in sodobno obliko. Ne glede na to, ali ste profesionalec ali navdu\u0161enec nad zabavo, je prenosni monitor DroiX PM14 4K zasnovan tako, da se brez te\u017eav vklju\u010di v va\u0161 dinami\u010dni \u017eivljenjski slog in zagotavlja nujno vsestranskost, ne glede na to, ali ste doma, v pisarni ali na poti.  <\/p>\n<\/div>\n<\/div>\n\n<h3 class=\"wp-block-heading\"><strong>Pregled izdelka<\/strong><\/h3>\n\n<figure class=\"wp-block-image aligncenter size-large\"><a href=\"https:\/\/droix.net\/wp-content\/uploads\/2024\/04\/1080P-FHD.jpg\" target=\"_blank\" rel=\"noopener\"><img decoding=\"async\" src=\"https:\/\/droix.net\/wp-content\/uploads\/2024\/04\/1080P-FHD-1024x420.jpg\" alt=\"Slika prenosnega monitorja DroiX, 14-pal&#x10D;ni, 4K, izjemno tanek, z jasno lo&#x10D;ljivostjo UHD 3840x2160 z &#x17E;ivahnimi barvami in neverjetnimi podrobnostmi, 100-odstotno barvno paleto DCI-P3 in podporo HDR400\" class=\"wp-image-178360\"\/><\/a><\/figure>\n\n<p>Prenosni monitor DroiX PM14 je najbolj\u0161i primer sodobnega in\u017eeniringa, saj se pona\u0161a z \u017eivahno lo\u010dljivostjo UHD 3840 \u00d7 2160, ki vsebino o\u017eivi z \u017eivahnimi barvami in izjemnimi podrobnostmi. S 100-odstotnim barvnim razponom DCI-P3 in podporo za HDR400 zagotavlja osupljive slike, ki jih odlikujejo globoka \u010drna in svetla bela barva. Njegov tanek profil in lahka zasnova zagotavljata popolno prenosljivost, ne da bi pri tem ogrozili kakovost ali zmogljivost.  <\/p>\n\n<figure class=\"wp-block-image aligncenter size-large\"><a href=\"https:\/\/droix.net\/wp-content\/uploads\/2024\/04\/Color.jpg\" target=\"_blank\" rel=\"noopener\"><img decoding=\"async\" src=\"https:\/\/droix.net\/wp-content\/uploads\/2024\/04\/Color-1024x406.jpg\" alt=\"Slika prenosnega monitorja DroiX, 14-pal&#x10D;ni, 4K, izjemno tanek, s 100-odstotno barvno paleto DCI-P3 in podporo HDR400 za osupljive slike z globoko &#x10D;rno in svetlo belo barvo. Tanek profil in lahka zasnova za popolno prenosljivost brez &#x17E;rtvovanja kakovosti ali zmogljivosti. \" class=\"wp-image-178361\"\/><\/a><\/figure>\n\n<p>DroiX PM14 je zasnovan z ergonomsko odli\u010dnostjo in se pona\u0161a z uporabniku prijaznim krmilnim kolescem ter vsestranskimi mo\u017enostmi povezljivosti, kot sta Mini HDMI in ve\u010d priklju\u010dkov USB-C. Zato je prilagodljiv za vse va\u0161e naprave, ne glede na to, ali igrate igre na PlayStationu, urejate videoposnetke na Macu ali predstavljate s prenosnim ra\u010dunalnikom. PM14 se brezhibno vklju\u010di v vsako postavitev, saj ponuja nizko porabo energije in visoko u\u010dinkovitost delovanja, tako da lahko delate dlje brez skrbi, da bi izpraznili baterije svojih naprav.  <\/p>\n\n<figure class=\"wp-block-image aligncenter size-large\"><a href=\"https:\/\/droix.net\/wp-content\/uploads\/2024\/04\/Modes.jpg\" target=\"_blank\" rel=\"noopener\"><img decoding=\"async\" src=\"https:\/\/droix.net\/wp-content\/uploads\/2024\/04\/Modes-1024x419.jpg\" alt=\"Slika prenosnega monitorja DroiX, 14-pal&#x10D;ni, 4K, izjemno tanek, zdru&#x17E;ljiv s prenosniki, ra&#x10D;unalniki Mac, pametnimi telefoni, tablicami, osebnimi ra&#x10D;unalniki, konzolami PS3\/4\/5, Xbox in Switc\" class=\"wp-image-178357\"\/><\/a><\/figure>\n\n<h3 class=\"wp-block-heading\"><strong>Podrobne zna\u010dilnosti<\/strong><\/h3>\n\n<ul class=\"wp-block-list\">\n<li>Izvedba: Prenosni monitor DroiX PM14 4K se odlikuje z odzivno in poglobljeno izku\u0161njo gledanja s frekvenco osve\u017eevanja 60 Hz in hitrostjo odziva 2,5 ms, kar zagotavlja gladko gibanje in ostro sliko tudi med hitrimi prizori. Ponuja svetilnost 500 cd\/m\u00b2 in kontrastno razmerje 1500 : 1, kar zagotavlja odli\u010dno vidljivost v razli\u010dnih svetlobnih pogojih. <\/li>\n\n\n\n<li>Povezljivost: Za prenos energije in video podatkov, dodatna vrata USB-C za periferne naprave, kot so tipkovnice in mi\u0161ke, vrata Mini HDMI za obi\u010dajne video povezave in avdio priklju\u010dek za zasebno poslu\u0161anje.<\/li>\n<\/ul>\n\n<figure class=\"wp-block-image aligncenter size-large\"><a href=\"https:\/\/droix.net\/wp-content\/uploads\/2024\/04\/interface.jpg\" target=\"_blank\" rel=\"noopener\"><img decoding=\"async\" src=\"https:\/\/droix.net\/wp-content\/uploads\/2024\/04\/interface-1024x1024.jpg\" alt=\"Slika prenosnega monitorja DroiX PM14, ki podpira &#x161;irok nabor naprav HDMI in Type-C ter tako pove&#x10D;uje zdru&#x17E;ljivost v digitalnih ekosistemih. Idealen je za igralce iger, ustvarjalne strokovnjake na ra&#x10D;unalnikih Mac in poslovne&#x17E;e, ki potrebujejo dodaten zaslon. Uporabniku prijazen za operacijski sistem Windows z nastavitvijo plug-and-play za brezskrbno uporabo  \" class=\"wp-image-178362\"\/><\/a><\/figure>\n\n<h3 class=\"wp-block-heading\"><strong>Uporabni\u0161ka izku\u0161nja<\/strong><\/h3>\n\n<p>DroiX PM14 podpira \u0161irok nabor naprav HDMI in Type-C, kar zagotavlja zdru\u017eljivost v razli\u010dnih digitalnih ekosistemih. Ne glede na to, ali ste igri\u010dar, ki i\u0161\u010de prenosni monitor, ustvarjalec, ki uporablja ra\u010dunalnik Mac, ali poslovni direktor, ki potrebuje dodaten zaslon za predstavitve, se PM14 brez te\u017eav prilagodi va\u0161im potrebam. V okoljih Windows se odlikuje z uporabniku prijazno nastavitvijo plug-and-play, ki vam omogo\u010da nemoten prehod na delo ali zabavo brez te\u017eav.  <\/p>\n\n<figure class=\"wp-block-image aligncenter size-large\"><a href=\"https:\/\/droix.net\/wp-content\/uploads\/2024\/04\/portable1.jpg\" target=\"_blank\" rel=\"noopener\"><img decoding=\"async\" src=\"https:\/\/droix.net\/wp-content\/uploads\/2024\/04\/portable1-1024x483.jpg\" alt=\"Slika prenosnega monitorja DroiX, 14-pal&#x10D;ni, 4K, izjemno tanek, lahek in prenosen\" class=\"wp-image-178358\"\/><\/a><\/figure>\n\n<h3 class=\"wp-block-heading\"><strong>Zaklju\u010dek<\/strong><\/h3>\n\n<p>Prenosni monitor DroiX PM14 je vrhunska re\u0161itev, ki zdru\u017euje odli\u010dno funkcionalnost, izjemno obliko in svobodo prena\u0161anja. Ne gre le za monitor; je vrata za izbolj\u0161anje va\u0161e produktivnosti in zabave, kjer koli ste. <\/p>\n\n<p>Odkrijte prihodnost prenosnih monitorjev za prenosne ra\u010dunalnike z DroiX PM14. Ne zamudite - rezervirajte si zdaj, da si zagotovite svojo enoto in boste med prvimi, ki bodo izbolj\u0161ali svojo izku\u0161njo gledanja na poti! <\/p>\n","protected":false},"excerpt":{"rendered":"<ul>\n<li>14-pal\u010dni zaslon 4K<strong> HDR400<\/strong> <\/li>\n<li>100-odstotno pokritje<strong> DCI-P3<\/strong> <\/li>\n<li>500 <strong>nitov<\/strong> svetlosti<\/li>\n<li><strong> Vgrajena<\/strong> stojalo za kiklop<\/li>\n<li> <strong> Vgrajeni<\/strong> zvo\u010dniki<\/li>\n<\/ul>\n[cg_accordion title=\"INFORMACIJE O PLA\u010cILU\"]<\/p>\n<p>Uporabljamo najnovej\u0161o tehnologijo za obdelavo pla\u010dil, ki vam omogo\u010da, da se na blagajni naro\u010dite prek Apple Pay, Google Pay, debetne\/kreditne kartice, PayPal ali metod BNPL, kot so Klarna, Affirm ali AfterPay, kar zagotavlja hitro in varno izku\u0161njo.[\/cg_accordion]\n[cg_accordion title=\"GARANCIJA\"]<\/p>\n<p>1 leto garancije <a href=\"https:\/\/droix.net\/\" target=\"_blank\" rel=\"nofollow noopener\">DROIX Global<\/a> za va\u0161 mir[\/cg_accordion]\n[cg_accordion title=\"CENE, DAVKI IN PO\u0160ILJANJE\"]<\/p>\n<p><strong><u>Opomba:<\/u><\/strong><\/p>\n<ul>\n<li>Zdru\u017eene dr\u017eave Amerike Kupci: Prikazana cena NE vklju\u010duje davka in dajatev. Odgovornost za carinjenje in pla\u010dilo vseh povezanih davkov\/carin nosi kupec. <\/li>\n<li>Stranke iz EU: Prikazana cena vklju\u010duje veljavni davek, ki lahko zna\u0161a do 25 %, odvisno od va\u0161e dr\u017eave.<\/li>\n<li>Kanada Kupci: Prikazana cena vklju\u010duje veljavne davke, ki lahko vklju\u010dujejo 5 % davek na dodano vrednost (GST) in dodatne pokrajinske davke na prodajo (PST), harmonizirani davek na prodajo (HST) ali davek na prodajo v Quebecu (QST), odvisno od va\u0161e province.<\/li>\n<\/ul>\n<p><strong>Samo za stranke iz EU:<\/strong> Ekspresno DDP (dostavljeno s pla\u010dano dajatvijo). To pomeni: <\/p>\n<ul>\n<li>Vse carine in davki so vklju\u010deni v ceno, prikazano na strani izdelka.<\/li>\n<li>Ob dostavi vam ne bo treba pla\u010dati nobenih dodatnih stro\u0161kov.<\/li>\n<li>V redkih primerih te\u017eav, povezanih s carino, bo na\u0161a ekipa v va\u0161em imenu opravila postopek carinjenja in zagotovila nemoteno dostavo.<\/li>\n<p>Pomembne informacije o vra\u010dilih:<\/p>\n<li>\u010ce se odlo\u010dite vrniti naro\u010dilo ali zahtevate vra\u010dilo, se morate zavedati, da davkov in dajatev, pla\u010danih v va\u0161em imenu pod pogoji DDP, ni mogo\u010de vrniti.<\/li>\n<p>Podrobne informacije so na voljo v na\u0161ih <a href=\"https:\/\/ayaneo.co\/sl\/pogoji-uporabe-storitev\/\" target=\"_blank\" rel=\"nofollow noopener\">pogojih in dolo\u010dilih<\/a>.\n<\/ul>\n<p>[\/cg_accordion]\n[cg_accordion title=\"PODPORA STRANKAM\"]<\/p>\n<p>Imate vpra\u0161anje? Samo kratko besedilo nas lo\u010di od re\u0161itve va\u0161ega vpra\u0161anja!<br \/>\n[\/cg_accordion]\n","protected":false},"featured_media":17413,"template":"","meta":{"_acf_changed":false},"product_brand":[],"product_cat":[1243],"product_tag":[],"class_list":{"0":"post-17412","1":"product","2":"type-product","3":"status-publish","4":"has-post-thumbnail","6":"product_cat-prenosni-monitorji","7":"product_shipping_class-standard","8":"pa_brand-droix","10":"first","11":"outofstock","12":"sale","13":"taxable","14":"shipping-taxable","15":"purchasable","16":"product-type-variable","17":"has-default-attributes"},"acf":[],"_links":{"self":[{"href":"https:\/\/ayaneo.co\/sl\/wp-json\/wp\/v2\/product\/17412","targetHints":{"allow":["GET"]}}],"collection":[{"href":"https:\/\/ayaneo.co\/sl\/wp-json\/wp\/v2\/product"}],"about":[{"href":"https:\/\/ayaneo.co\/sl\/wp-json\/wp\/v2\/types\/product"}],"wp:featuredmedia":[{"embeddable":true,"href":"https:\/\/ayaneo.co\/sl\/wp-json\/wp\/v2\/media\/17413"}],"wp:attachment":[{"href":"https:\/\/ayaneo.co\/sl\/wp-json\/wp\/v2\/media?parent=17412"}],"wp:term":[{"taxonomy":"product_brand","embeddable":true,"href":"https:\/\/ayaneo.co\/sl\/wp-json\/wp\/v2\/product_brand?post=17412"},{"taxonomy":"product_cat","embeddable":true,"href":"https:\/\/ayaneo.co\/sl\/wp-json\/wp\/v2\/product_cat?post=17412"},{"taxonomy":"product_tag","embeddable":true,"href":"https:\/\/ayaneo.co\/sl\/wp-json\/wp\/v2\/product_tag?post=17412"}],"curies":[{"name":"wp","href":"https:\/\/api.w.org\/{rel}","templated":true}]}}