{"id":17432,"date":"2025-01-29T11:19:41","date_gmt":"2025-01-29T11:19:41","guid":{"rendered":"https:\/\/ayaneo.co\/product\/droix-nh8-usb-hub-z-nvme\/"},"modified":"2025-06-16T15:10:32","modified_gmt":"2025-06-16T15:10:32","slug":"droix-nh8-usb-hub-z-nvme","status":"publish","type":"product","link":"https:\/\/ayaneo.co\/sl\/product\/droix-nh8-usb-hub-z-nvme\/","title":{"rendered":"DroiX NH8 USB Hub z NVMe"},"content":{"rendered":"\n<h2 class=\"wp-block-heading\"><strong>DroiX NH8 HUB z re\u017eo NVMe - vrhunsko povezljivostno vozli\u0161\u010de \u201evse v enem\u201c!<\/strong><\/h2>\n\n<h4 class=\"wp-block-heading\"><strong>Hitri gigabitni ethernet<\/strong><\/h4>\n\n<p>Z <strong>vozli\u0161\u010dem DroiX NH8 Hub<\/strong> u\u017eivajte v brezhibni povezljivosti z visoko hitrostjo! <strong>Gigabitna ethernetna vrata 10\/100\/1000M<\/strong> zagotavljajo <strong>stabilno internetno povezavo brez zamikov - kot nala\u0161\u010d za<\/strong>igranje iger, pretakanje in naloge z veliko pasovno \u0161irino. Poslovite se od prekinitev brez\u017ei\u010dnega omre\u017eja Wi-Fi in do\u017eivite <strong>dosledno delovanje z \u017ei\u010dno hitrostjo<\/strong>. <\/p>\n\n<h4 class=\"wp-block-heading\"><strong>Osupljiv izhod videoposnetkov 4K<\/strong><\/h4>\n\n<p>S <strong>podporo HDMI 2.0, ki<\/strong> zagotavlja <strong>lo\u010dljivost do 4096&#215;2160 pri 60 Hz<\/strong>, izbolj\u0161ajte svojo vizualno izku\u0161njo. Ne glede na to, ali <strong>gledate filme, predstavljate delo ali igrate igre v visoki lo\u010dljivosti<\/strong>, u\u017eivajte v izjemno ostrih slikah, \u017eivahnih barvah in <strong>masleno gladkem gibanju<\/strong>. <\/p>\n\n<h4 class=\"wp-block-heading\"><strong>Enostavno raz\u0161irite svoje skladi\u0161\u010de<\/strong><\/h4>\n\n<p>Imate premalo prostora? <strong>Vozli\u0161\u010de DroiX NH8<\/strong> ima <strong>vgrajeno re\u017eo PCIe NVMe<\/strong>, ki omogo\u010da bliskovito raz\u0161iritev pomnilnika. Ta funkcija je idealna za <strong>hitre prenose podatkov, velike datoteke in visokozmogljive aplikacije<\/strong>, zato va\u0161 sistem deluje u\u010dinkovito.  <\/p>\n\n<h4 class=\"wp-block-heading\"><strong>Izredno zmogljivi prenosi podatkov<\/strong><\/h4>\n\n<p>S <strong>priklju\u010dkom USB tipa A 3.0<\/strong> hitro prenesite velike datoteke. Ne glede na to, ali ustvarjate varnostne kopije podatkov, sinhronizirate naprave ali <strong>napajate periferne naprave<\/strong>, izkusite <strong>hiter prenos podatkov,<\/strong> ki poenostavi va\u0161 delovni proces. <\/p>\n\n<h4 class=\"wp-block-heading\"><strong>Univerzalna zdru\u017eljivost USB tipa C<\/strong><\/h4>\n\n<p><strong>Vozli\u0161\u010de NH8<\/strong> je opremljeno z <strong>vsestranskim priklju\u010dkom USB Type-C<\/strong> in zagotavlja <strong>\u0161iroko zdru\u017eljivost z napravami<\/strong>. U\u017eivajte v <strong>hitrem prenosu podatkov, u\u010dinkovitem napajanju in brezskrbni povezljivosti med<\/strong> <strong>prenosniki, mini ra\u010dunalniki, igralnimi napravami in drugimi - vse z<\/strong>enim samim kablom. <\/p>\n\n<h4 class=\"wp-block-heading\"><strong>Dostop do medijev brez te\u017eav<\/strong><\/h4>\n\n<p><strong>Vozli\u0161\u010de DroiX NH8<\/strong> z <strong>vgrajenim \u010ditalnikom kartic SD in Micro SD<\/strong> omogo\u010da enostaven <strong>dostop, prenos in varnostno kopiranje datotek<\/strong>. Ne glede na to, ali gre za fotografije, videoposnetke ali pomembne dokumente, hitro dostopajte do svojih medijev brez dodatnih adapterjev. <\/p>\n\n<h4 class=\"wp-block-heading\"><strong>Neprekosljiva vsestranskost in zmogljivost<\/strong><\/h4>\n\n<p><strong>Vozli\u0161\u010de DroiX NH8<\/strong> je zasnovano za <strong>osebne in prenosne ra\u010dunalnike, mini osebne ra\u010dunalnike ter igralne ro\u010dne ra\u010dunalnike<\/strong> in je ve\u010d kot le dodatek - je <strong>bistvena re\u0161itev za povezljivost<\/strong>. Je <strong>kompakten, zmogljiv in zanesljiv<\/strong>, zato je <strong>vrhunsko orodje<\/strong> za delo, zabavo in vse, kar je vmes.<\/p>\n\n<h3 class=\"wp-block-heading\"><strong>Nadgradite svojo povezljivost z vozli\u0161\u010dem DroiX NH8!<\/strong><\/h3>\n\n<p>Izkusite <strong>vrhunsko zmogljivost in priro\u010dnost<\/strong> s sredi\u0161\u010dem, ki je zasnovano za <strong>hitrost, u\u010dinkovitost in vsestranskost<\/strong>. <strong>\u0160e danes poenostavite svojo namestitev in pospe\u0161ite svoj delovni proces!<\/strong><\/p>\n\n<p>Za namestitev po korakih si oglejte na\u0161 <strong>priro\u010dnik Za\u010detek uporabe vozli\u0161\u010da USB DroiX NH8<\/strong>.<\/p>\n\n<p><\/p>\n","protected":false},"excerpt":{"rendered":"<ul>\n<li>DroiX<strong> NH8 <\/strong>USB Hub z NVMe<\/li>\n<li><strong>10\/100\/1000M<\/strong> Gigabit Ethernet<\/li>\n<li><strong>Vgrajena re\u017ea PCIe NVMe za<\/strong> raz\u0161iritev pomnilnika<\/li>\n<li><strong>Izhod zaslona 4K<\/strong> prek vmesnika HDMI<\/li>\n<li><strong>Vti\u010dnica za kartice MicroSD \/ SD<\/strong> - do 5 Gb\/s<\/li>\n<\/ul>\n[cg_accordion title=\"INFORMACIJE O PLA\u010cILU\"]<\/p>\n<p>Uporabljamo najnovej\u0161o tehnologijo za obdelavo pla\u010dil, ki vam omogo\u010da, da se na blagajni naro\u010dite prek Apple Pay, Google Pay, debetne\/kreditne kartice, PayPal ali metod BNPL, kot so Klarna, Affirm ali AfterPay, kar zagotavlja hitro in varno izku\u0161njo.[\/cg_accordion]\n[cg_accordion title=\"GARANCIJA\"]<\/p>\n<p>1 leto garancije <a href=\"https:\/\/droix.net\/\" target=\"_blank\" rel=\"nofollow noopener\">DROIX Global<\/a> za va\u0161 mir[\/cg_accordion]\n[cg_accordion title=\"CENE, DAVKI IN PO\u0160ILJANJE\"]<\/p>\n<p><strong><u>Opomba:<\/u><\/strong><\/p>\n<ul>\n<li>Zdru\u017eene dr\u017eave Amerike Kupci: Prikazana cena NE vklju\u010duje davka in dajatev. Odgovornost za carinjenje in pla\u010dilo vseh povezanih davkov\/carin nosi kupec. <\/li>\n<li>Stranke iz EU: Prikazana cena vklju\u010duje veljavni davek, ki lahko zna\u0161a do 25 %, odvisno od va\u0161e dr\u017eave.<\/li>\n<li>Kanada Kupci: Prikazana cena vklju\u010duje veljavne davke, ki lahko vklju\u010dujejo 5 % davek na dodano vrednost (GST) in dodatne pokrajinske davke na prodajo (PST), harmonizirani davek na prodajo (HST) ali davek na prodajo v Quebecu (QST), odvisno od va\u0161e province.<\/li>\n<\/ul>\n<p><strong>Samo za stranke iz EU:<\/strong> Ekspresno DDP (dostavljeno s pla\u010dano dajatvijo). To pomeni: <\/p>\n<ul>\n<li>Vse carine in davki so vklju\u010deni v ceno, prikazano na strani izdelka.<\/li>\n<li>Ob dostavi vam ne bo treba pla\u010dati nobenih dodatnih stro\u0161kov.<\/li>\n<li>V redkih primerih te\u017eav, povezanih s carino, bo na\u0161a ekipa v va\u0161em imenu opravila postopek carinjenja in zagotovila nemoteno dostavo.<\/li>\n<p>Pomembne informacije o vra\u010dilih:<\/p>\n<li>\u010ce se odlo\u010dite vrniti naro\u010dilo ali zahtevate vra\u010dilo, se morate zavedati, da davkov in dajatev, pla\u010danih v va\u0161em imenu pod pogoji DDP, ni mogo\u010de vrniti.<\/li>\n<p>Podrobne informacije so na voljo v na\u0161ih <a href=\"https:\/\/ayaneo.co\/sl\/pogoji-uporabe-storitev\/\" target=\"_blank\" rel=\"nofollow noopener\">pogojih in dolo\u010dilih<\/a>.\n<\/ul>\n<p>[\/cg_accordion]\n[cg_accordion title=\"PODPORA STRANKAM\"]<\/p>\n<p>Imate vpra\u0161anje? Samo kratko besedilo nas lo\u010di od re\u0161itve va\u0161ega vpra\u0161anja!<br \/>\n[\/cg_accordion]\n","protected":false},"featured_media":17435,"template":"","meta":{"_acf_changed":false},"product_brand":[],"product_cat":[1236],"product_tag":[],"class_list":{"0":"post-17432","1":"product","2":"type-product","3":"status-publish","4":"has-post-thumbnail","6":"product_cat-dodatki","7":"product_shipping_class-low-end","8":"pa_brand-droix","10":"first","11":"outofstock","12":"sale","13":"taxable","14":"shipping-taxable","15":"purchasable","16":"product-type-variable","17":"has-default-attributes"},"acf":[],"_links":{"self":[{"href":"https:\/\/ayaneo.co\/sl\/wp-json\/wp\/v2\/product\/17432","targetHints":{"allow":["GET"]}}],"collection":[{"href":"https:\/\/ayaneo.co\/sl\/wp-json\/wp\/v2\/product"}],"about":[{"href":"https:\/\/ayaneo.co\/sl\/wp-json\/wp\/v2\/types\/product"}],"wp:featuredmedia":[{"embeddable":true,"href":"https:\/\/ayaneo.co\/sl\/wp-json\/wp\/v2\/media\/17435"}],"wp:attachment":[{"href":"https:\/\/ayaneo.co\/sl\/wp-json\/wp\/v2\/media?parent=17432"}],"wp:term":[{"taxonomy":"product_brand","embeddable":true,"href":"https:\/\/ayaneo.co\/sl\/wp-json\/wp\/v2\/product_brand?post=17432"},{"taxonomy":"product_cat","embeddable":true,"href":"https:\/\/ayaneo.co\/sl\/wp-json\/wp\/v2\/product_cat?post=17432"},{"taxonomy":"product_tag","embeddable":true,"href":"https:\/\/ayaneo.co\/sl\/wp-json\/wp\/v2\/product_tag?post=17432"}],"curies":[{"name":"wp","href":"https:\/\/api.w.org\/{rel}","templated":true}]}}