{"id":17433,"date":"2025-01-28T11:30:54","date_gmt":"2025-01-28T11:30:54","guid":{"rendered":"https:\/\/ayaneo.co\/product\/156-palcni-prenosni-monitor-4k-s-podporo-za-pisalo\/"},"modified":"2025-05-30T16:01:03","modified_gmt":"2025-05-30T16:01:03","slug":"156-palcni-prenosni-monitor-4k-s-podporo-za-pisalo","status":"publish","type":"product","link":"https:\/\/ayaneo.co\/sl\/product\/156-palcni-prenosni-monitor-4k-s-podporo-za-pisalo\/","title":{"rendered":"15,6-pal\u010dni prenosni monitor 4K s podporo za pisalo"},"content":{"rendered":"\n<p>S <strong>15,6-pal\u010dnim prenosnim monitorjem 4K -<\/strong>elegantnim, vrhunskim zaslonom, ki zdru\u017euje osupljive slike, napredne funkcije in vsestransko povezljivost - izbolj\u0161ajte svojo izku\u0161njo na poti. Ta prenosni monitor, zasnovan za digitalne nomade, ustvarjalce in profesionalce, zagotavlja brezhibno produktivnost in poglobljeno zabavo, kjer koli ste. <\/p>\n\n<hr class=\"wp-block-separator has-alpha-channel-opacity\"\/>\n\n<h4 class=\"wp-block-heading\"><strong>Poguben zaslon 4K UHD<\/strong><\/h4>\n\n<p>S 15,6-pal\u010dnim zaslonom na dotik z lo\u010dljivostjo 4K UHD spremenite svoje vizualne podobe. Z <strong>lo\u010dljivostjo 3840 x 2160<\/strong>, <strong>10-bitno barvno globino<\/strong> in <strong>tehnologijo popolne laminacije G+G<\/strong> je vsaka slika polna podrobnosti in \u017eivahnosti. Ne glede na to, ali urejate medije, igrate igre ali pretakate, <strong>svetlost 600 cd\/m\u00b2<\/strong> in <strong>kontrastno razmerje 1500 : 1<\/strong> zagotavljata ostre slike in bogate barve pri vsaki svetlobi.  <\/p>\n\n<hr class=\"wp-block-separator has-alpha-channel-opacity\"\/>\n\n<h4 class=\"wp-block-heading\"><strong>Elegantno oblikovanje, intuitiven zaslon na dotik<\/strong><\/h4>\n\n<p>Monitor je izdelan iz <strong>vrhunske aluminijeve zlitine<\/strong>, zato je lahek in vzdr\u017eljiv. Njegova <strong>ozka robna zasnova<\/strong> pove\u010duje prostor na zaslonu za neprekinjeno gledanje. Z <strong>10-to\u010dkovnim kapacitivnim zaslonom na dotik<\/strong> so navigacija, urejanje fotografij in pisanje zapiskov enostavni in natan\u010dni.  <\/p>\n\n<hr class=\"wp-block-separator has-alpha-channel-opacity\"\/>\n\n<h4 class=\"wp-block-heading\"><strong>Vsestranske mo\u017enosti povezljivosti<\/strong><\/h4>\n\n<p>Brez te\u017eav se pove\u017eite z napravami z <strong>vrati<\/strong> <strong>HDMI Mini<\/strong> in <strong>Type-C za<\/strong> prenos videa, podatkov in energije. Ta monitor se prilagodi va\u0161im potrebam, ne glede na to, ali uporabljate prenosni ra\u010dunalnik, pametni telefon ali igralno konzolo, kot sta <strong>PlayStation 5<\/strong> ali <strong>Xbox<\/strong>. <strong>Vrata micro-USB<\/strong> omogo\u010dajo dodatno funkcionalnost za periferne naprave, kot so tipkovnice in mi\u0161ke.  <\/p>\n\n<hr class=\"wp-block-separator has-alpha-channel-opacity\"\/>\n\n<h4 class=\"wp-block-heading\"><strong>Prenosna elektrarna<\/strong><\/h4>\n\n<p>Z vgrajeno <strong>baterijo 10.000 mAh <\/strong>, ki omogo\u010da do 5 ur neprekinjene uporabe, ostanite produktivni kjerkoli. Lahka in kompaktna naprava se zlo\u017ei v torbo, tako da sta delo in zabava v kakovosti 4K vedno na dosegu roke. <\/p>\n\n<hr class=\"wp-block-separator has-alpha-channel-opacity\"\/>\n\n<h4 class=\"wp-block-heading\"><strong>Izbolj\u0161ano gledanje in zvok<\/strong><\/h4>\n\n<p>U\u017eivajte v kristalno jasnih slikah zaradi <strong>85\u00b0 \u0161irokih vidnih kotov<\/strong>, da bo deljenje zaslona potekalo brez te\u017eav. <strong>Dva vgrajena 1,0W zvo\u010dnika<\/strong> zagotavljata izbolj\u0161an zvok, ki je kot nala\u0161\u010d za obi\u010dajne igre, filme in sestanke. Za vrhunsko zvo\u010dno izku\u0161njo ga pove\u017eite s slu\u0161alkami ali zunanjimi zvo\u010dniki. <\/p>\n\n<hr class=\"wp-block-separator has-alpha-channel-opacity\"\/>\n\n<h4 class=\"wp-block-heading\"><strong>Ustvarjeno za profesionalce in ustvarjalce<\/strong><\/h4>\n\n<p>Monitor s <strong>100-odstotno pokritostjo sRGB<\/strong> in natan\u010dno reprodukcijo barv izpolnjuje zahteve <strong>fotografov, video monta\u017eerjev in oblikovalcev<\/strong>. Izbirna podpora za <strong>pisalo s 4096 pritiski<\/strong> odpira svet ustvarjalnosti, od skiciranja do zapletenega oblikovanja. <\/p>\n\n<hr class=\"wp-block-separator has-alpha-channel-opacity\"\/>\n\n<h4 class=\"wp-block-heading\"><strong>Kratek pregled klju\u010dnih funkcij<\/strong><\/h4>\n\n<ul class=\"wp-block-list\">\n<li><strong>Zaslon:<\/strong> 15,6-pal\u010dni zaslon 4K UHD (3840 x 2160), 10-bitna barvna globina<\/li>\n\n\n\n<li><strong>Zaslon na dotik:<\/strong> Kapacitivni 10-to\u010dkovni G+G laminirani<\/li>\n\n\n\n<li><strong>\u017divljenjska doba baterije:<\/strong> Vgrajenih 10.000 mAh za 4-5 ur uporabe.<\/li>\n\n\n\n<li><strong>Povezljivost:<\/strong> HDMI Mini, Type-C, micro-USB, priklju\u010dek za slu\u0161alke<\/li>\n\n\n\n<li><strong>Te\u017ea:<\/strong> 1,3 kg s tankim, potovanju prijaznim profilom<\/li>\n\n\n\n<li><strong>Zvo\u010dni posnetki:<\/strong> Dva vgrajena zvo\u010dnika za jasen zvok<\/li>\n<\/ul>\n\n<hr class=\"wp-block-separator has-alpha-channel-opacity\"\/>\n\n<h4 class=\"wp-block-heading\"><strong>Prednosti<\/strong><\/h4>\n\n<p>\u2714 <strong>Osupljive slike 4K UHD<\/strong> s \u0161iroko barvno natan\u010dnostjo<br\/>\u2714 <strong>Lahka in prenosna<\/strong> za delo in potovanja<br\/>\u2714 <strong>Brezhibna povezljivost<\/strong> za vsestransko uporabo<br\/>\u2714 <strong>Trajna aluminijasta konstrukcija<\/strong> za dolgotrajno zanesljivost<br\/>\u2714 <strong>Funkcija zaslona na dotik za<\/strong> intuitivno interakcijo<\/p>\n\n<hr class=\"wp-block-separator has-alpha-channel-opacity\"\/>\n\n<h4 class=\"wp-block-heading\"><strong>Proti<\/strong><\/h4>\n\n<p>\u2796 <strong>Pisalo Stylus se prodaja lo\u010deno<\/strong> za ustvarjalne uporabnike<br\/>\u2796 <strong>\u017divljenjska doba baterije je omejena za<\/strong> dalj\u0161e seanse brez napajanja<br\/>\u2796 <strong>Vgrajeni zvo\u010dniki morda ne bodo zadovoljili avdiofilov.<\/strong><\/p>\n\n<hr class=\"wp-block-separator has-alpha-channel-opacity\"\/>\n\n<h4 class=\"wp-block-heading\"><strong>Zaklju\u010dek: Revolucionizirajte svoj mobilni delovni prostor<\/strong><\/h4>\n\n<p><strong>15,6-pal\u010dni prenosni monitor 4K<\/strong> spreminja pravila igre za profesionalce, igralce in ustvarjalce, ki zahtevajo izjemno zmogljivost v prenosni obliki. Ne glede na to, ali ustvarjate mojstrovine, opravljate zahtevne naloge ali se prepu\u0161\u010date zabavi 4K, ta monitor zagotavlja neprimerljivo jasnost in prilagodljivost. Ste pripravljeni na novo opredeliti na\u010din dela in igranja? Prihodnost mobilnih zaslonov je tu.   <\/p>\n","protected":false},"excerpt":{"rendered":"<ul>\n<li>Zaslon na dotik, zdru\u017eljiv s <strong>sistemom MacOS<\/strong><\/li>\n<li>Mo\u017enost zaslona na dotik <strong>Vklju\u010deno pisalo<\/strong><\/li>\n<li>Zlo\u017eljivo ohi\u0161je kot stojalo za monitor<\/li>\n<li>Prenosen in lahek<\/li>\n<li><strong>Napajanje prek USB<\/strong>, podpira mini-HDMI, USB Type-C<\/li>\n<\/ul>\n[cg_accordion title=\"INFORMACIJE O PLA\u010cILU\"]<\/p>\n<p>Uporabljamo najnovej\u0161o tehnologijo za obdelavo pla\u010dil, ki vam omogo\u010da, da se na blagajni naro\u010dite prek Apple Pay, Google Pay, debetne\/kreditne kartice, PayPal ali metod BNPL, kot so Klarna, Affirm ali AfterPay, kar zagotavlja hitro in varno izku\u0161njo.[\/cg_accordion]\n[cg_accordion title=\"GARANCIJA\"]<\/p>\n<p>1 leto garancije <a href=\"https:\/\/droix.net\/\" target=\"_blank\" rel=\"nofollow noopener\">DROIX Global<\/a> za va\u0161 mir[\/cg_accordion]\n[cg_accordion title=\"CENE, DAVKI IN PO\u0160ILJANJE\"]<\/p>\n<p><strong><u>Opomba:<\/u><\/strong><\/p>\n<ul>\n<li>Zdru\u017eene dr\u017eave Amerike Kupci: Prikazana cena NE vklju\u010duje davka in dajatev. Odgovornost za carinjenje in pla\u010dilo vseh povezanih davkov\/carin nosi kupec. <\/li>\n<li>Stranke iz EU: Prikazana cena vklju\u010duje veljavni davek, ki lahko zna\u0161a do 25 %, odvisno od va\u0161e dr\u017eave.<\/li>\n<li>Kanada Kupci: Prikazana cena vklju\u010duje veljavne davke, ki lahko vklju\u010dujejo 5 % davek na dodano vrednost (GST) in dodatne pokrajinske davke na prodajo (PST), harmonizirani davek na prodajo (HST) ali davek na prodajo v Quebecu (QST), odvisno od va\u0161e province.<\/li>\n<\/ul>\n<p><strong>Samo za stranke iz EU:<\/strong> Ekspresno DDP (dostavljeno s pla\u010dano dajatvijo). To pomeni: <\/p>\n<ul>\n<li>Vse carine in davki so vklju\u010deni v ceno, prikazano na strani izdelka.<\/li>\n<li>Ob dostavi vam ne bo treba pla\u010dati nobenih dodatnih stro\u0161kov.<\/li>\n<li>V redkih primerih te\u017eav, povezanih s carino, bo na\u0161a ekipa v va\u0161em imenu opravila postopek carinjenja in zagotovila nemoteno dostavo.<\/li>\n<p>Pomembne informacije o vra\u010dilih:<\/p>\n<li>\u010ce se odlo\u010dite vrniti naro\u010dilo ali zahtevate vra\u010dilo, se morate zavedati, da davkov in dajatev, pla\u010danih v va\u0161em imenu pod pogoji DDP, ni mogo\u010de vrniti.<\/li>\n<p>Podrobne informacije so na voljo v na\u0161ih <a href=\"https:\/\/ayaneo.co\/terms-of-service-2\/\" target=\"_blank\" rel=\"nofollow noopener\">pogojih in dolo\u010dilih<\/a>.\n<\/ul>\n<p>[\/cg_accordion]\n[cg_accordion title=\"PODPORA STRANKAM\"]<\/p>\n<p>Imate vpra\u0161anje? Samo kratko besedilo nas lo\u010di od re\u0161itve va\u0161ega vpra\u0161anja!<br \/>\n[\/cg_accordion]\n","protected":false},"featured_media":17440,"template":"","meta":{"_acf_changed":false},"product_brand":[],"product_cat":[1243],"product_tag":[],"class_list":{"0":"post-17433","1":"product","2":"type-product","3":"status-publish","4":"has-post-thumbnail","6":"product_cat-prenosni-monitorji","7":"product_shipping_class-standard","8":"pa_brand-droix","10":"first","11":"outofstock","12":"sale","13":"taxable","14":"shipping-taxable","15":"purchasable","16":"product-type-variable","17":"has-default-attributes"},"acf":[],"_links":{"self":[{"href":"https:\/\/ayaneo.co\/sl\/wp-json\/wp\/v2\/product\/17433","targetHints":{"allow":["GET"]}}],"collection":[{"href":"https:\/\/ayaneo.co\/sl\/wp-json\/wp\/v2\/product"}],"about":[{"href":"https:\/\/ayaneo.co\/sl\/wp-json\/wp\/v2\/types\/product"}],"wp:featuredmedia":[{"embeddable":true,"href":"https:\/\/ayaneo.co\/sl\/wp-json\/wp\/v2\/media\/17440"}],"wp:attachment":[{"href":"https:\/\/ayaneo.co\/sl\/wp-json\/wp\/v2\/media?parent=17433"}],"wp:term":[{"taxonomy":"product_brand","embeddable":true,"href":"https:\/\/ayaneo.co\/sl\/wp-json\/wp\/v2\/product_brand?post=17433"},{"taxonomy":"product_cat","embeddable":true,"href":"https:\/\/ayaneo.co\/sl\/wp-json\/wp\/v2\/product_cat?post=17433"},{"taxonomy":"product_tag","embeddable":true,"href":"https:\/\/ayaneo.co\/sl\/wp-json\/wp\/v2\/product_tag?post=17433"}],"curies":[{"name":"wp","href":"https:\/\/api.w.org\/{rel}","templated":true}]}}