{"id":17450,"date":"2025-01-29T11:23:32","date_gmt":"2025-01-29T11:23:32","guid":{"rendered":"https:\/\/ayaneo.co\/product\/prikljucna-postaja-sd1\/"},"modified":"2025-05-30T16:01:08","modified_gmt":"2025-05-30T16:01:08","slug":"prikljucna-postaja-sd1","status":"publish","type":"product","link":"https:\/\/ayaneo.co\/sl\/product\/prikljucna-postaja-sd1\/","title":{"rendered":"Priklju\u010dna postaja SD1"},"content":{"rendered":"\n<h2 class=\"wp-block-heading\"><strong>Priklju\u010dna postaja SD1: Odkrijte pravo mo\u010d ro\u010dnega igranja!<\/strong><\/h2>\n\n<h4 class=\"wp-block-heading\"><strong>Vrata do brezhibnega igranja iger na sre\u010do<\/strong><\/h4>\n\n<p>S <strong>priklopno postajo SD1<\/strong>- najbolj\u0161im spremljevalcem ro\u010dnih igralnih ra\u010dunalnikov - spremenite svojo izku\u0161njo ro\u010dnega igranja iger. SD1 je zasnovana z mislijo na igralce in izbolj\u0161uje zmogljivost, povezljivost in priro\u010dnost, tako da je vsaka igralna seansa brezhibna. Od <strong>Steam Deck<\/strong> do <strong>AYA NEO Geek 1S<\/strong> ta priklopna postaja zagotavlja neprimerljivo vsestranskost. Preprosto priklopite, se pove\u017eite prek USB Type-C in pustite, da SD1 va\u0161e igranje iger povzdigne v nove vi\u0161ave.   <\/p>\n\n<h4 class=\"wp-block-heading\"><strong>Svetlobno hitra internetna zmogljivost<\/strong><\/h4>\n\n<p>Z <strong>gigabitnim ethernetnim priklju\u010dkom RJ45 v<\/strong> SD1, ki zagotavlja izjemne hitrosti do <strong>1000M<\/strong>, boste v vsaki bitki v prednosti. Poslovite se od zaostankov in pozdravite gladko igranje v realnem \u010dasu. Ne glede na to, ali raziskujete obse\u017ene svetove ali tekmujete v ve\u010digralskih tekmah z visokimi vlo\u017eki, SD1 zagotavlja <strong>stabilno povezavo brez prekinitev<\/strong>, ko je to najbolj pomembno.  <\/p>\n\n<h4 class=\"wp-block-heading\"><strong>Vsiljive vizualne slike 4K<\/strong><\/h4>\n\n<p>Potopite se v osupljive podrobnosti in \u017eivahne barve z <strong>izhodom HDMI 2.0<\/strong> v modelu SD1. Ta priklopna postaja podpira <strong>lo\u010dljivost do 4096&#215;2160 pri 60 Hz<\/strong> in tako va\u0161e igre spremeni v dih jemajo\u010da vizualna do\u017eivetja. Vsak kader je jasen, gladek in poln \u017eivljenja, zato bodo va\u0161i najljub\u0161i naslovi \u0161e bolj o\u010darljivi.  <\/p>\n\n<h4 class=\"wp-block-heading\"><strong>Mo\u010d, ki vas ohranja pri igranju iger<\/strong><\/h4>\n\n<p>Ni\u010d ve\u010d prekinitev med igro! SD1 s <strong>100W napajanjem Power Delivery (PD)<\/strong> zagotavlja, da bo va\u0161a naprava ostala napajana tudi med maratonskimi igralnimi seansami. Igrajte samozavestno, saj veste, da je va\u0161 prenosni igralni ra\u010dunalnik nenehno napolnjen in pripravljen na delo.  <\/p>\n\n<h4 class=\"wp-block-heading\"><strong>Raz\u0161irite svojo nastavitev z ve\u010d priklju\u010dki<\/strong><\/h4>\n\n<p>Pove\u017eite se kot profesionalec! SD1 je opremljen s <strong>tremi vhodi USB tipa A 3.0, ki<\/strong> vam omogo\u010dajo priklju\u010ditev perifernih naprav, kot so krmilniki, slu\u0161alke ali zunanji pomnilnik. U\u017eivajte v <strong>bliskovitem prenosu podatkov<\/strong> in lahkotnem ve\u010dopravilnem delu brez dodatnih adapterjev.  <\/p>\n\n<h4 class=\"wp-block-heading\"><strong>Povezljivost na naslednji ravni<\/strong><\/h4>\n\n<p>Izkusite stabilne in hitre povezave z <strong>vmesnikom USB tipa C, ki<\/strong> je zasnovan za univerzalno zdru\u017eljivost in u\u010dinkovitost. Ne glede na to, ali prena\u0161ate podatke ali napajate svojo napravo, SD1 ponuja celovito re\u0161itev za najnovej\u0161e ro\u010dne igralne naprave. <\/p>\n\n<h4 class=\"wp-block-heading\"><strong>Vrhunska zasnova, izdelana za dalj\u0161o \u017eivljenjsko dobo<\/strong><\/h4>\n\n<p>Priklju\u010dna postaja SD1 je izdelana iz <strong>trpe\u017enega sivega aluminija<\/strong> in je tako elegantna kot trdna. Njena elegantna zasnova se brezhibno ujema z vsako postavitvijo, <strong>\u010drne silikonske blazinice<\/strong> pa zagotavljajo dodatno za\u0161\u010dito, prepre\u010dujejo praske in zagotavljajo, da va\u0161a naprava ostane varno na mestu. <\/p>\n\n<h4 class=\"wp-block-heading\"><strong>Vsestranska zdru\u017eljivost<\/strong><\/h4>\n\n<p>Priklju\u010dna postaja SD1 je izdelana za podporo \u0161irokemu naboru ro\u010dnih igralnih ra\u010dunalnikov, zato je popolna oprema za vsakega igralca. Ne glede na to, ali igrate na <strong>Steam Deck<\/strong>, <strong>GPD WIN 4 2023<\/strong> ali <strong>ONEXPLAYER 2<\/strong>, SD1 zagotavlja brezhibno integracijo in izbolj\u0161ano zmogljivost. Natan\u010dno je bil preizku\u0161en z vrhunskimi napravami, vklju\u010dno z <strong>ROG Ally<\/strong>, <strong>AYA NEO 2S<\/strong> in drugimi.  <\/p>\n\n<hr class=\"wp-block-separator has-alpha-channel-opacity\"\/>\n\n<h3 class=\"wp-block-heading\"><strong>Zakaj izbrati priklopno postajo SD1?<\/strong><\/h3>\n\n<ul class=\"wp-block-list\">\n<li><strong>Neprekinjen internet<\/strong>: U\u017eivajte v izjemno hitrih in stabilnih povezavah.<\/li>\n\n\n\n<li><strong>Osupljiv izhod 4K<\/strong>: Potopite se v \u017eivahne in gladke slike.<\/li>\n\n\n\n<li><strong>U\u010dinkovito polnjenje<\/strong>: Igrajte ve\u010d ur z zanesljivim napajanjem.<\/li>\n\n\n\n<li><strong>Izbolj\u0161ane mo\u017enosti vrat:<\/strong> Z lahkoto pove\u017eite ve\u010d perifernih naprav.<\/li>\n\n\n\n<li><strong>Univerzalna zdru\u017eljivost<\/strong>: Deluje z vsemi va\u0161imi najljub\u0161imi ro\u010dnimi igralnimi ra\u010dunalniki.<\/li>\n<\/ul>\n\n<hr class=\"wp-block-separator has-alpha-channel-opacity\"\/>\n\n<h3 class=\"wp-block-heading\"><strong>Igranje iger prestavite na vi\u0161jo raven<\/strong><\/h3>\n\n<p>S priklopno <strong>postajo SD1<\/strong> postane vsaka igra nepozabno do\u017eivetje. Ne glede na to, ali tekmujete, raziskujete ali prena\u0161ate, vam ta priklopna postaja ponuja orodja za doseganje najbolj\u0161ih rezultatov.   <strong>\u0160e danes nadgradite svojo konfiguracijo in se podajte v novo dobo ro\u010dnega igranja.<\/strong><\/p>\n","protected":false},"excerpt":{"rendered":"<ul>\n<li>Priklju\u010dna postaja <strong>SD1 <\/strong><\/li>\n<li>Gigabitni ethernet<\/li>\n<li>100W PD USB-C<\/li>\n<li>Izhod HDMI<\/li>\n<li><strong>Zdru\u017eljiv z<\/strong> ro\u010dnimi ra\u010dunalniki AYANEO in \u0161tevilnimi drugimi<\/li>\n<\/ul>\n[cg_accordion title=\"INFORMACIJE O PLA\u010cILU\"]<\/p>\n<p>Uporabljamo najnovej\u0161o tehnologijo za obdelavo pla\u010dil, ki vam omogo\u010da, da se na blagajni naro\u010dite prek Apple Pay, Google Pay, debetne\/kreditne kartice, PayPal ali metod BNPL, kot so Klarna, Affirm ali AfterPay, kar zagotavlja hitro in varno izku\u0161njo.[\/cg_accordion]\n[cg_accordion title=\"GARANCIJA\"]<\/p>\n<p>1 leto garancije <a href=\"https:\/\/droix.net\/\" target=\"_blank\" rel=\"nofollow noopener\">DROIX Global<\/a> za va\u0161 mir[\/cg_accordion]\n[cg_accordion title=\"CENE, DAVKI IN PO\u0160ILJANJE\"]<\/p>\n<p><strong><u>Opomba:<\/u><\/strong><\/p>\n<ul>\n<li>Zdru\u017eene dr\u017eave Amerike Kupci: Prikazana cena NE vklju\u010duje davka in dajatev. Odgovornost za carinjenje in pla\u010dilo vseh povezanih davkov\/carin nosi kupec. <\/li>\n<li>Stranke iz EU: Prikazana cena vklju\u010duje veljavni davek, ki lahko zna\u0161a do 25 %, odvisno od va\u0161e dr\u017eave.<\/li>\n<li>Kanada Kupci: Prikazana cena vklju\u010duje veljavne davke, ki lahko vklju\u010dujejo 5 % davek na dodano vrednost (GST) in dodatne pokrajinske davke na prodajo (PST), harmonizirani davek na prodajo (HST) ali davek na prodajo v Quebecu (QST), odvisno od va\u0161e province.<\/li>\n<\/ul>\n<p><strong>Samo za stranke iz EU:<\/strong> Ekspresno DDP (dostavljeno s pla\u010dano dajatvijo). To pomeni: <\/p>\n<ul>\n<li>Vse carine in davki so vklju\u010deni v ceno, prikazano na strani izdelka.<\/li>\n<li>Ob dostavi vam ne bo treba pla\u010dati nobenih dodatnih stro\u0161kov.<\/li>\n<li>V redkih primerih te\u017eav, povezanih s carino, bo na\u0161a ekipa v va\u0161em imenu opravila postopek carinjenja in zagotovila nemoteno dostavo.<\/li>\n<p>Pomembne informacije o vra\u010dilih:<\/p>\n<li>\u010ce se odlo\u010dite vrniti naro\u010dilo ali zahtevate vra\u010dilo, se morate zavedati, da davkov in dajatev, pla\u010danih v va\u0161em imenu pod pogoji DDP, ni mogo\u010de vrniti.<\/li>\n<p>Podrobne informacije so na voljo v na\u0161ih <a href=\"https:\/\/ayaneo.co\/terms-of-service-2\/\" target=\"_blank\" rel=\"nofollow noopener\">pogojih in dolo\u010dilih<\/a>.\n<\/ul>\n<p>[\/cg_accordion]\n[cg_accordion title=\"PODPORA STRANKAM\"]<\/p>\n<p>Imate vpra\u0161anje? Samo kratko besedilo nas lo\u010di od re\u0161itve va\u0161ega vpra\u0161anja!<br \/>\n[\/cg_accordion]\n","protected":false},"featured_media":17451,"template":"","meta":{"_acf_changed":false},"product_brand":[],"product_cat":[1236],"product_tag":[],"class_list":{"0":"post-17450","1":"product","2":"type-product","3":"status-publish","4":"has-post-thumbnail","6":"product_cat-dodatki","7":"product_shipping_class-low-end","8":"pa_accessory-type-docking-station-sl","9":"pa_brand-droix","11":"first","12":"outofstock","13":"sale","14":"taxable","15":"shipping-taxable","16":"purchasable","17":"product-type-simple"},"acf":[],"_links":{"self":[{"href":"https:\/\/ayaneo.co\/sl\/wp-json\/wp\/v2\/product\/17450","targetHints":{"allow":["GET"]}}],"collection":[{"href":"https:\/\/ayaneo.co\/sl\/wp-json\/wp\/v2\/product"}],"about":[{"href":"https:\/\/ayaneo.co\/sl\/wp-json\/wp\/v2\/types\/product"}],"wp:featuredmedia":[{"embeddable":true,"href":"https:\/\/ayaneo.co\/sl\/wp-json\/wp\/v2\/media\/17451"}],"wp:attachment":[{"href":"https:\/\/ayaneo.co\/sl\/wp-json\/wp\/v2\/media?parent=17450"}],"wp:term":[{"taxonomy":"product_brand","embeddable":true,"href":"https:\/\/ayaneo.co\/sl\/wp-json\/wp\/v2\/product_brand?post=17450"},{"taxonomy":"product_cat","embeddable":true,"href":"https:\/\/ayaneo.co\/sl\/wp-json\/wp\/v2\/product_cat?post=17450"},{"taxonomy":"product_tag","embeddable":true,"href":"https:\/\/ayaneo.co\/sl\/wp-json\/wp\/v2\/product_tag?post=17450"}],"curies":[{"name":"wp","href":"https:\/\/api.w.org\/{rel}","templated":true}]}}