{"id":17454,"date":"2025-01-29T11:53:38","date_gmt":"2025-01-29T11:53:38","guid":{"rendered":"https:\/\/ayaneo.co\/product\/kabel-usb-4-0-tipa-c\/"},"modified":"2025-05-30T16:01:09","modified_gmt":"2025-05-30T16:01:09","slug":"kabel-usb-4-0-tipa-c","status":"publish","type":"product","link":"https:\/\/ayaneo.co\/sl\/product\/kabel-usb-4-0-tipa-c\/","title":{"rendered":"Kabel USB 4.0 tipa C"},"content":{"rendered":"\n<h3 class=\"wp-block-heading\"><strong>Izkusite neprimerljivo povezljivost s kablom USB 4.0 tipa C<\/strong><\/h3>\n\n<h4 class=\"wp-block-heading\"><strong>Revolucionarna hitrost, mo\u010d in natan\u010dnost<\/strong><\/h4>\n\n<h4 class=\"wp-block-heading\"><strong>Neverjetnih 40 Gb\/s prenosa podatkov<\/strong><\/h4>\n\n<p>Z na\u0161im <strong>kablom USB 4.0 tipa C, ki<\/strong> omogo\u010da <strong>bliskovito hiter prenos podatkov s hitrostjo 40 Gb\/s<\/strong>, odklepajte neprimerljivo zmogljivost. Poslovite se od zaostankov in pozdravite hitro in nemoteno izmenjavo datotek - kot nala\u0161\u010d za te\u017eke delovne obremenitve, videoposnetke 4K in hitre varnostne kopije. <\/p>\n\n<h4 class=\"wp-block-heading\"><strong>Zdru\u017eljivost s Thunderboltom 3 in 4<\/strong><\/h4>\n\n<p>Z <strong>zdru\u017eljivostjo Thunderbolt 3 in 4,<\/strong> ki zagotavlja nemoteno povezovanje z najsodobnej\u0161imi napravami, zagotovite svojo nastavitev za prihodnost. Ne glede na to, ali povezujete prenosne ra\u010dunalnike, monitorje ali re\u0161itve za shranjevanje podatkov, boste z na\u0161im kablom vedno korak pred drugimi. <\/p>\n\n<h4 class=\"wp-block-heading\"><strong>Mo\u010d preko meja: 240W PD<\/strong><\/h4>\n\n<p>Polnite hitreje, delajte dlje. Z impresivno zmogljivostjo <strong>240 W Power Delivery<\/strong> ta kabel zagotavlja hitro polnjenje tudi najzahtevnej\u0161ih naprav. Od prenosnih ra\u010dunalnikov do igralnih plo\u0161\u010dadi, poskrbite za neprekinjeno delovanje in dalj\u0161i \u010das delovanja.  <\/p>\n\n<h4 class=\"wp-block-heading\"><strong>Vizualna briljantnost 8K<\/strong><\/h4>\n\n<p>Potopite se v osupljivo jasnost s podporo za <strong>lo\u010dljivost 8K pri 60 Hz<\/strong>. Ne glede na to, ali igrate igre, urejate vsebine v visoki lo\u010dljivosti ali gledate zabavo v ultra visoki lo\u010dljivosti, bo vsak kader poln realisti\u010dnih podrobnosti in \u017eivih barv. <\/p>\n\n<h4 class=\"wp-block-heading\"><strong>Inovativno spremljanje elektri\u010dne energije v realnem \u010dasu<\/strong><\/h4>\n\n<p>Z <strong>vgrajenim zaslonom za<\/strong> nadzor <strong>porabe energije<\/strong> imejte nadzor nad delovanjem. Ta priro\u010dna funkcija zagotavlja <strong>podatke o porabi energije v realnem \u010dasu<\/strong> in vam omogo\u010da spremljanje porabe energije va\u0161e naprave za pametnej\u0161e in u\u010dinkovitej\u0161e polnjenje. <\/p>\n\n<h4 class=\"wp-block-heading\"><strong>Zasnovan za va\u0161o nastavitev<\/strong><\/h4>\n\n<p>S prilagodljivimi mo\u017enostmi dol\u017eine lahko izberete popoln izbor za svoje potrebe:<\/p>\n\n<ul class=\"wp-block-list\">\n<li><strong>Ravni kabel<\/strong>: Na voljo v <strong>dol\u017eini 0,8 m<\/strong> in <strong>1,5 m<\/strong>.<\/li>\n\n\n\n<li><strong>Kabel v obliki \u010drke L<\/strong>: Na voljo tudi v <strong>dol\u017eini 0,8 m<\/strong> in <strong>1,5 m<\/strong>.<\/li>\n<\/ul>\n\n<p>Na\u0161 kabel USB 4.0 tipa C se prilagodi vsakemu okolju, ne glede na to, ali potrebujete svobodo gibanja ali prostorsko var\u010dno re\u0161itev.<\/p>\n\n<h4 class=\"wp-block-heading\"><strong>vrhunska izdelava, brezkompromisna zmogljivost<\/strong><\/h4>\n\n<p>Ta kabel, izdelan z natan\u010dnim in\u017eeniringom, zdru\u017euje <strong>vzdr\u017eljivost, prilagodljivost in najsodobnej\u0161o tehnologijo<\/strong>. Je najbolj\u0161a izbira za tehnolo\u0161ke navdu\u0161ence, strokovnjake in igralce, ki zahtevajo najbolj\u0161o povezljivost. <\/p>\n\n<h3 class=\"wp-block-heading\"><strong>Pove\u010dajte svojo povezljivost \u017ee danes<\/strong><\/h3>\n\n<p>S <strong>kablom USB 4.0 tipa C<\/strong> ne povezujete le naprav, temve\u010d odpirate svet mo\u017enosti. <strong>Nadgradite na prihodnost hitrosti, mo\u010di in jasnosti \u0161e danes!<\/strong><\/p>\n","protected":false},"excerpt":{"rendered":"<ul>\n<li>Hitrost prenosa podatkov <strong>40Gbps<\/strong> <\/li>\n<li>Thunderbolt <strong>3<\/strong> in <strong>4<\/strong><\/li>\n<li>Do <strong>240 W<\/strong> napajanja<\/li>\n<li>Podpira do <strong>8K @ 60Hz<\/strong> Video izhod<\/li>\n<li>Vgrajen <strong>prikazovalnik mo\u010di<\/strong><\/li>\n<\/ul>\n[cg_accordion title=\"INFORMACIJE O PLA\u010cILU\"]<\/p>\n<p>Uporabljamo najnovej\u0161o tehnologijo za obdelavo pla\u010dil, ki vam omogo\u010da, da se na blagajni naro\u010dite prek Apple Pay, Google Pay, debetne\/kreditne kartice, PayPal ali metod BNPL, kot so Klarna, Affirm ali AfterPay, kar zagotavlja hitro in varno izku\u0161njo.[\/cg_accordion]\n[cg_accordion title=\"GARANCIJA\"]<\/p>\n<p>1 leto garancije <a href=\"https:\/\/droix.net\/\" target=\"_blank\" rel=\"nofollow noopener\">DROIX Global<\/a> za va\u0161 mir[\/cg_accordion]\n[cg_accordion title=\"CENE, DAVKI IN PO\u0160ILJANJE\"]<\/p>\n<p><strong><u>Opomba:<\/u><\/strong><\/p>\n<ul>\n<li>Zdru\u017eene dr\u017eave Amerike Kupci: Prikazana cena NE vklju\u010duje davka in dajatev. Odgovornost za carinjenje in pla\u010dilo vseh povezanih davkov\/carin nosi kupec. <\/li>\n<li>Stranke iz EU: Prikazana cena vklju\u010duje veljavni davek, ki lahko zna\u0161a do 25 %, odvisno od va\u0161e dr\u017eave.<\/li>\n<li>Kanada Kupci: Prikazana cena vklju\u010duje veljavne davke, ki lahko vklju\u010dujejo 5 % davek na dodano vrednost (GST) in dodatne pokrajinske davke na prodajo (PST), harmonizirani davek na prodajo (HST) ali davek na prodajo v Quebecu (QST), odvisno od va\u0161e province.<\/li>\n<\/ul>\n<p><strong>Samo za stranke iz EU:<\/strong> Ekspresno DDP (dostavljeno s pla\u010dano dajatvijo). To pomeni: <\/p>\n<ul>\n<li>Vse carine in davki so vklju\u010deni v ceno, prikazano na strani izdelka.<\/li>\n<li>Ob dostavi vam ne bo treba pla\u010dati nobenih dodatnih stro\u0161kov.<\/li>\n<li>V redkih primerih te\u017eav, povezanih s carino, bo na\u0161a ekipa v va\u0161em imenu opravila postopek carinjenja in zagotovila nemoteno dostavo.<\/li>\n<p>Pomembne informacije o vra\u010dilih:<\/p>\n<li>\u010ce se odlo\u010dite vrniti naro\u010dilo ali zahtevate vra\u010dilo, se morate zavedati, da davkov in dajatev, pla\u010danih v va\u0161em imenu pod pogoji DDP, ni mogo\u010de vrniti.<\/li>\n<p>Podrobne informacije so na voljo v na\u0161ih <a href=\"https:\/\/ayaneo.co\/terms-of-service-2\/\" target=\"_blank\" rel=\"nofollow noopener\">pogojih in dolo\u010dilih<\/a>.\n<\/ul>\n<p>[\/cg_accordion]\n[cg_accordion title=\"PODPORA STRANKAM\"]<\/p>\n<p>Imate vpra\u0161anje? Samo kratko besedilo nas lo\u010di od re\u0161itve va\u0161ega vpra\u0161anja!<br \/>\n[\/cg_accordion]\n","protected":false},"featured_media":17455,"template":"","meta":{"_acf_changed":false},"product_brand":[],"product_cat":[1236],"product_tag":[],"class_list":{"0":"post-17454","1":"product","2":"type-product","3":"status-publish","4":"has-post-thumbnail","6":"product_cat-dodatki","7":"product_shipping_class-low-end","8":"pa_accessory-type-cable-sl","9":"pa_brand-droix","11":"first","12":"outofstock","13":"sale","14":"taxable","15":"shipping-taxable","16":"purchasable","17":"product-type-variable"},"acf":[],"_links":{"self":[{"href":"https:\/\/ayaneo.co\/sl\/wp-json\/wp\/v2\/product\/17454","targetHints":{"allow":["GET"]}}],"collection":[{"href":"https:\/\/ayaneo.co\/sl\/wp-json\/wp\/v2\/product"}],"about":[{"href":"https:\/\/ayaneo.co\/sl\/wp-json\/wp\/v2\/types\/product"}],"wp:featuredmedia":[{"embeddable":true,"href":"https:\/\/ayaneo.co\/sl\/wp-json\/wp\/v2\/media\/17455"}],"wp:attachment":[{"href":"https:\/\/ayaneo.co\/sl\/wp-json\/wp\/v2\/media?parent=17454"}],"wp:term":[{"taxonomy":"product_brand","embeddable":true,"href":"https:\/\/ayaneo.co\/sl\/wp-json\/wp\/v2\/product_brand?post=17454"},{"taxonomy":"product_cat","embeddable":true,"href":"https:\/\/ayaneo.co\/sl\/wp-json\/wp\/v2\/product_cat?post=17454"},{"taxonomy":"product_tag","embeddable":true,"href":"https:\/\/ayaneo.co\/sl\/wp-json\/wp\/v2\/product_tag?post=17454"}],"curies":[{"name":"wp","href":"https:\/\/api.w.org\/{rel}","templated":true}]}}