{"id":17468,"date":"2025-02-10T12:11:02","date_gmt":"2025-02-10T12:11:02","guid":{"rendered":"https:\/\/ayaneo.co\/product\/ayaneo-3\/"},"modified":"2025-12-02T18:13:18","modified_gmt":"2025-12-02T18:13:18","slug":"ayaneo-3","status":"publish","type":"product","link":"https:\/\/ayaneo.co\/sl\/product\/ayaneo-3\/","title":{"rendered":"AYANEO 3"},"content":{"rendered":"\n<figure class=\"wp-block-video\"><video height=\"360\" style=\"aspect-ratio: 640 \/ 360;\" width=\"640\" controls=\"\" poster=\"https:\/\/ayaneo.co\/wp-content\/uploads\/2025\/02\/maxresdefault-1.jpg\" src=\"https:\/\/ayaneo.co\/wp-content\/uploads\/2025\/02\/videoplayback-1.mp4\"><\/video><\/figure>\n\n<div class=\"wp-block-columns is-layout-flex wp-container-core-columns-is-layout-28f84493 wp-block-columns-is-layout-flex\">\n<div class=\"wp-block-column is-layout-flow wp-block-column-is-layout-flow\">\n<p>Predstavljamo AYANEO 3, prvo modularno ro\u010dno igralno konzolo na svetu, ki z neprimerljivo prilagodljivostjo in zmogljivostjo na novo opredeljuje prenosno igranje. Spletna konzola AYANEO 3 je zasnovana za igralce, ki i\u0161\u010dejo prilagojeno izku\u0161njo, in ponuja inovativne funkcije ter vrhunske specifikacije, ki bodo zadovoljile tako obi\u010dajne kot tudi zagrizene navdu\u0161ence nad igranjem. <\/p>\n\n\n\n<h2 class=\"wp-block-heading\"><strong>Inovativna modularna zasnova<\/strong><\/h2>\n\n\n\n<p>AYANEO 3 je pionir revolucionarnega modularnega sistema krmilnikov, ki uporabnikom omogo\u010da, da poljubno kombinirajo in prilagajajo module krmilnikov svojim igralnim \u017eeljam. S snemljivimi in zamenljivimi gumbi ABXY lahko igralci konfigurirajo do 56 edinstvenih kombinacij postavitve, kar zagotavlja optimalno udobje in nadzor za vse zvrsti iger. Moduli vklju\u010dujejo standardne nastavitve krmilnih palic, module s plo\u0161\u010dico na dotik za izbolj\u0161ano igranje iger FPS in module s \u0161estimi gumbi za natan\u010dno    <\/p>\n<\/div>\n<\/div>\n\n<div class=\"wp-block-columns is-layout-flex wp-container-core-columns-is-layout-28f84493 wp-block-columns-is-layout-flex\">\n<div class=\"wp-block-column is-layout-flow wp-block-column-is-layout-flow\" style=\"flex-basis:33.33%\">\n<figure class=\"wp-block-image size-full\"><a href=\"https:\/\/ayaneo.co\/wp-content\/uploads\/2025\/02\/4-1-1024x1024-1.jpg\"><img fetchpriority=\"high\" decoding=\"async\" width=\"1024\" height=\"1024\" src=\"https:\/\/ayaneo.co\/wp-content\/uploads\/2025\/02\/4-1-1024x1024-1.jpg\" alt=\"Zaslon OLED:&#10;Zaslon OLED se pona&#x161;a s hitro frekvenco osve&#x17E;evanja 144 Hz, kar zagotavlja izjemno gladko in teko&#x10D;e gibanje v igrah ter zmanj&#x161;uje zamegljenost. S svetilnostjo 800 nitov zagotavlja neverjetno &#x17E;ivahno in jasno sliko tudi v svetlih okoljih. Njegova 110-odstotna pokritost barvne palete DCI-P3 zagotavlja &#x161;irok spekter bogatih in natan&#x10D;nih barv za resni&#x10D;no poglobljeno izku&#x161;njo. Ta vrhunska plo&#x161;&#x10D;a je idealna za tiste, ki i&#x161;&#x10D;ejo vrhunsko vizualno zvestobo in odzivnost.   &#10;&#10;Zaslon LCD:&#10;Zaslon LCD ima gladko frekvenco osve&#x17E;evanja 120 Hz za odli&#x10D;no teko&#x10D;nost pri igranju iger in zmanj&#x161;ano pojavljanje duhov. Ponuja svetilnost 500 nitov in 100-odstotno pokritost sRGB, kar zagotavlja jasne in barvno natan&#x10D;ne slike za ve&#x10D;ino vsebin. Pomembno je, da vklju&#x10D;uje funkcijo VRR z AMD FreeSync Premium, ki dinami&#x10D;no sinhronizira zaslon s hitrostjo sli&#x10D;ic na sekundo. To odpravlja trganje in zatikanje zaslona ter zagotavlja stalno gladko in zanimivo igralno izku&#x161;njo.   \" class=\"wp-image-37427\" srcset=\"https:\/\/ayaneo.co\/wp-content\/uploads\/2025\/02\/4-1-1024x1024-1.jpg 1024w, https:\/\/ayaneo.co\/wp-content\/uploads\/2025\/02\/4-1-1024x1024-1-300x300.jpg 300w, https:\/\/ayaneo.co\/wp-content\/uploads\/2025\/02\/4-1-1024x1024-1-150x150.jpg 150w, https:\/\/ayaneo.co\/wp-content\/uploads\/2025\/02\/4-1-1024x1024-1-768x768.jpg 768w, https:\/\/ayaneo.co\/wp-content\/uploads\/2025\/02\/4-1-1024x1024-1-65x65.jpg 65w, https:\/\/ayaneo.co\/wp-content\/uploads\/2025\/02\/4-1-1024x1024-1-990x990.jpg 990w, https:\/\/ayaneo.co\/wp-content\/uploads\/2025\/02\/4-1-1024x1024-1-441x441.jpg 441w, https:\/\/ayaneo.co\/wp-content\/uploads\/2025\/02\/4-1-1024x1024-1-100x100.jpg 100w, https:\/\/ayaneo.co\/wp-content\/uploads\/2025\/02\/4-1-1024x1024-1-600x600.jpg 600w\" sizes=\"(max-width: 1024px) 100vw, 1024px\" \/><\/a><\/figure>\n<\/div>\n\n\n\n<div class=\"wp-block-column is-layout-flow wp-block-column-is-layout-flow\" style=\"flex-basis:66.66%\">\n<h2 class=\"wp-block-heading\"><strong>Osupljivi vizualni posnetki<\/strong><\/h2>\n\n\n\n<ul class=\"wp-block-list\">\n<li><strong>Zaslon OLED<\/strong><br\/><strong><br\/><\/strong>Zaslon OLED v telefonu AYANEO 3 je 7-pal\u010dni zaslon na dotik z lo\u010dljivostjo 1080P in razmerjem stranic 16 : 9. Ima prilagodljivo frekvenco osve\u017eevanja, tako da lahko uporabniki izbirajo med 144 Hz, 120 Hz, 90 Hz in 60 Hz. Ta zaslon ponuja najve\u010djo globalno svetlost 800 nitov in podpira resni\u010dno kakovost barv HDR za realisti\u010dno svetlobo in sence. Pokriva 110 % barvne palete DCI-P3 in ima 150-odstotni obseg barvne palete sRGB, kar zagotavlja \u017eivahne in ostre slike.   <\/li>\n\n\n\n<li><strong>Zaslon LCD<\/strong><br\/><strong><br\/><\/strong>Zaslon LCD je prav tako 7-pal\u010dni zaslon na dotik z lo\u010dljivostjo 1080P in razmerjem stranic 16:9. Ponuja frekvenco osve\u017eevanja 120 Hz in 60 Hz. Z najve\u010djo svetlostjo 500 nitov zagotavlja 100-odstotno pokritost sRGB. LCD-zaslon ima hiter odzivni \u010das 7 ms in podpira VRR (spremenljivo hitrost osve\u017eevanja) z AMD FreeSync Premium, kar zagotavlja jasno, \u017eivahno igralno izku\u0161njo brez solz. Je tudi izvirni krajinski zaslon.    <\/li>\n<\/ul>\n\n\n\n<p><br\/>Zaslona LCD in OLED zagotavljata poglobljeno vizualno izku\u0161njo, tako da lahko igralci u\u017eivajo v osupljivi grafiki z izjemno jasnostjo.<\/p>\n<\/div>\n<\/div>\n\n<h2 class=\"wp-block-heading has-text-align-center\"><strong>Visoko zmogljiva zmogljivost<\/strong><\/h2>\n\n<p class=\"has-text-align-center\">Pod pokrovom AYANEO 3 sta na voljo dva zmogljiva procesorja:<\/p>\n\n<div class=\"wp-block-columns is-layout-flex wp-container-core-columns-is-layout-28f84493 wp-block-columns-is-layout-flex\">\n<div class=\"wp-block-column is-layout-flow wp-block-column-is-layout-flow\">\n<figure class=\"wp-block-image size-full\"><a href=\"https:\/\/ayaneo.co\/wp-content\/uploads\/2025\/02\/3-370-1-1024x1024-1.jpg\"><img decoding=\"async\" width=\"1024\" height=\"1024\" src=\"https:\/\/ayaneo.co\/wp-content\/uploads\/2025\/02\/3-370-1-1024x1024-1.jpg\" alt=\"Grafi&#x10D;ni prikaz &quot;zmogljivega jedra in vsestranskih zmogljivosti&quot; naprave, ki jo poganja procesor &quot;AMD Ryzen AI 9 HX 370&quot;. Slika prikazuje razli&#x10D;ne komponente in specifikacije: &quot;Novi procesor Zen5&quot;, &quot;12 jeder in 24 niti&quot;, &quot;najve&#x10D;ja frekvenca enega jedra 5,1 GHz&quot;, &quot;AMD Radeon 890M&quot; (grafi&#x10D;ni procesor z &quot;RDNA 3.5 16CU 2,9 GHz&quot;) in &quot;AMD XDNA 2 NPU 50TOPS&quot;. Poudarja &quot;12 MB hitrega predpomnilnika L2 + 24 MB hitrega predpomnilnika L3&quot; in ugotavlja, da so bile arhitekture CPU, GPU in NPU nadgrajene za ve&#x10D;jo zmogljivost in u&#x10D;inkovitost, zato je primeren za igranje iger in naloge umetne inteligence. Majhno besedilo na dnu ga primerja s prej&#x161;njo generacijo AMD-jevih procesorjev za umetno inteligenco in omenja izbolj&#x161;ave v ra&#x10D;unski mo&#x10D;i NPU, obdelavi jedra CPU, energetski u&#x10D;inkovitosti NPU, hitrosti odziva velikega jezikovnega modela AI in predpomnilnika L3.   \" class=\"wp-image-37428\" srcset=\"https:\/\/ayaneo.co\/wp-content\/uploads\/2025\/02\/3-370-1-1024x1024-1.jpg 1024w, https:\/\/ayaneo.co\/wp-content\/uploads\/2025\/02\/3-370-1-1024x1024-1-300x300.jpg 300w, https:\/\/ayaneo.co\/wp-content\/uploads\/2025\/02\/3-370-1-1024x1024-1-150x150.jpg 150w, https:\/\/ayaneo.co\/wp-content\/uploads\/2025\/02\/3-370-1-1024x1024-1-768x768.jpg 768w, https:\/\/ayaneo.co\/wp-content\/uploads\/2025\/02\/3-370-1-1024x1024-1-65x65.jpg 65w, https:\/\/ayaneo.co\/wp-content\/uploads\/2025\/02\/3-370-1-1024x1024-1-990x990.jpg 990w, https:\/\/ayaneo.co\/wp-content\/uploads\/2025\/02\/3-370-1-1024x1024-1-441x441.jpg 441w, https:\/\/ayaneo.co\/wp-content\/uploads\/2025\/02\/3-370-1-1024x1024-1-100x100.jpg 100w, https:\/\/ayaneo.co\/wp-content\/uploads\/2025\/02\/3-370-1-1024x1024-1-600x600.jpg 600w\" sizes=\"(max-width: 1024px) 100vw, 1024px\" \/><\/a><\/figure>\n\n\n\n<p><strong>AMD Ryzen\u2122 AI 9 HX 370<\/strong>: Ta procesor je opremljen z 12 jedri in 24 nitmi ter zagotavlja vrhunsko zmogljivost za zahtevne naslove AAA in ve\u010dopravilnost.<\/p>\n<\/div>\n\n\n\n<div class=\"wp-block-column is-layout-flow wp-block-column-is-layout-flow\">\n<figure class=\"wp-block-image size-full\"><a href=\"https:\/\/ayaneo.co\/wp-content\/uploads\/2025\/02\/3-8840u-1-1024x1024-1.jpg\"><img decoding=\"async\" width=\"1024\" height=\"1024\" src=\"https:\/\/ayaneo.co\/wp-content\/uploads\/2025\/02\/3-8840u-1-1024x1024-1.jpg\" alt=\"Temno obarvana infografika s specifikacijami procesorja &quot;AMD Ryzen&#x2122; 7 8840U&quot;. V zgornjem delu so prikazane podrobnosti o CPU, GPU in NPU: &quot;AMD Radeon&#x2122; 780M&quot; z &quot;RDNA 3 12CU 2,7 GHz&quot; in &quot;AMD Ryzen&#x2122; AI NPU 16TOPS&quot;. Osrednji blok prikazuje &#x10D;ip &quot;AMD Ryzen&#x2122; 7 8840U&quot; z oznako &quot;38TOPS Skupna zmogljivost&quot;. V spodnjem razdelku so podrobnosti o pomnilniku in shrambi: &quot;LPDDR5X 7500MT\/s&quot; (do 64 GB na voljo za te&#x17E;ka opravila) in &quot;M.2 2280 PCIe 4.0 SSD&quot; (izjemno hiter, raz&#x161;irljiv in raz&#x161;irljiv).    \" class=\"wp-image-37429\" srcset=\"https:\/\/ayaneo.co\/wp-content\/uploads\/2025\/02\/3-8840u-1-1024x1024-1.jpg 1024w, https:\/\/ayaneo.co\/wp-content\/uploads\/2025\/02\/3-8840u-1-1024x1024-1-300x300.jpg 300w, https:\/\/ayaneo.co\/wp-content\/uploads\/2025\/02\/3-8840u-1-1024x1024-1-150x150.jpg 150w, https:\/\/ayaneo.co\/wp-content\/uploads\/2025\/02\/3-8840u-1-1024x1024-1-768x768.jpg 768w, https:\/\/ayaneo.co\/wp-content\/uploads\/2025\/02\/3-8840u-1-1024x1024-1-65x65.jpg 65w, https:\/\/ayaneo.co\/wp-content\/uploads\/2025\/02\/3-8840u-1-1024x1024-1-990x990.jpg 990w, https:\/\/ayaneo.co\/wp-content\/uploads\/2025\/02\/3-8840u-1-1024x1024-1-441x441.jpg 441w, https:\/\/ayaneo.co\/wp-content\/uploads\/2025\/02\/3-8840u-1-1024x1024-1-100x100.jpg 100w, https:\/\/ayaneo.co\/wp-content\/uploads\/2025\/02\/3-8840u-1-1024x1024-1-600x600.jpg 600w\" sizes=\"(max-width: 1024px) 100vw, 1024px\" \/><\/a><\/figure>\n\n\n\n<p><strong>AMD Ryzen\u2122 7 8840U<\/strong>: Uravnote\u017een procesor, ki ponuja zanesljivo zmogljivost tako za zahtevne kot za obi\u010dajne igre.<\/p>\n<\/div>\n<\/div>\n\n<p>V kombinaciji z do 64 GB pomnilnika LPDDR5X in do 4 TB pomnilnika PCIe 4.0 SSD zagotavlja AYANEO 3 hiter \u010das nalaganja in dovolj prostora za va\u0161o knji\u017enico iger.<\/p>\n\n<h3 class=\"wp-block-heading\"><strong>Izbolj\u0161ani upravljalni elementi<\/strong><\/h3>\n\n<p>Izkusite vrhunski nadzor z naprednimi funkcijami AYANEO 3:<\/p>\n\n<div class=\"wp-block-columns is-layout-flex wp-container-core-columns-is-layout-28f84493 wp-block-columns-is-layout-flex\">\n<div class=\"wp-block-column is-layout-flow wp-block-column-is-layout-flow\">\n<figure class=\"wp-block-image size-full\"><a href=\"https:\/\/ayaneo.co\/wp-content\/uploads\/2025\/02\/Dual-Stage-Hall-Effect-Triggers-1024x1024-1.jpg\"><img loading=\"lazy\" decoding=\"async\" width=\"1024\" height=\"1024\" src=\"https:\/\/ayaneo.co\/wp-content\/uploads\/2025\/02\/Dual-Stage-Hall-Effect-Triggers-1024x1024-1.jpg\" alt=\"Bli&#x17E;nji posnetek roke, ki dr&#x17E;i igralni krmilnik ali ro&#x10D;no napravo temne barve, s poudarkom na ramenskem spro&#x17E;ilcu. Slika je obsijana z modro svetlobo, na vrhu pa je belo besedilo &quot;Agile Hall Triggers&quot;. \" class=\"wp-image-37430\" srcset=\"https:\/\/ayaneo.co\/wp-content\/uploads\/2025\/02\/Dual-Stage-Hall-Effect-Triggers-1024x1024-1.jpg 1024w, https:\/\/ayaneo.co\/wp-content\/uploads\/2025\/02\/Dual-Stage-Hall-Effect-Triggers-1024x1024-1-300x300.jpg 300w, https:\/\/ayaneo.co\/wp-content\/uploads\/2025\/02\/Dual-Stage-Hall-Effect-Triggers-1024x1024-1-150x150.jpg 150w, https:\/\/ayaneo.co\/wp-content\/uploads\/2025\/02\/Dual-Stage-Hall-Effect-Triggers-1024x1024-1-768x768.jpg 768w, https:\/\/ayaneo.co\/wp-content\/uploads\/2025\/02\/Dual-Stage-Hall-Effect-Triggers-1024x1024-1-65x65.jpg 65w, https:\/\/ayaneo.co\/wp-content\/uploads\/2025\/02\/Dual-Stage-Hall-Effect-Triggers-1024x1024-1-990x990.jpg 990w, https:\/\/ayaneo.co\/wp-content\/uploads\/2025\/02\/Dual-Stage-Hall-Effect-Triggers-1024x1024-1-441x441.jpg 441w, https:\/\/ayaneo.co\/wp-content\/uploads\/2025\/02\/Dual-Stage-Hall-Effect-Triggers-1024x1024-1-100x100.jpg 100w, https:\/\/ayaneo.co\/wp-content\/uploads\/2025\/02\/Dual-Stage-Hall-Effect-Triggers-1024x1024-1-600x600.jpg 600w\" sizes=\"(max-width: 1024px) 100vw, 1024px\" \/><\/a><\/figure>\n\n\n\n<h3 class=\"wp-block-heading\"><strong>Dvostopenjski spro\u017eilci s Hallovim u\u010dinkom<\/strong> <\/h3>\n\n\n\n<p>Preklapljajte med 7,5 mm dolgim hodom za natan\u010den nadzor in 3 mm kratkim hodom za hitre vhode, kar ustreza razli\u010dnim scenarijem igranja.<\/p>\n<\/div>\n\n\n\n<div class=\"wp-block-column is-layout-flow wp-block-column-is-layout-flow\">\n<figure class=\"wp-block-image size-full\"><a href=\"https:\/\/ayaneo.co\/wp-content\/uploads\/2025\/02\/Magnetic-Suspension-Motor.jpg\"><img loading=\"lazy\" decoding=\"async\" width=\"1500\" height=\"1500\" src=\"https:\/\/ayaneo.co\/wp-content\/uploads\/2025\/02\/Magnetic-Suspension-Motor.jpg\" alt=\"Notranji pogled na napravo, ki prikazuje &quot;magnetni vzmetni motor&quot;. Motor je valjasta komponenta s svetlo modro svetlobo v sredini, ki je postavljena v zapleteno plo&#x161;&#x10D;o s tiskanim vezjem ali notranjo strukturo, odeto v temne odtenke. \" class=\"wp-image-37431\" srcset=\"https:\/\/ayaneo.co\/wp-content\/uploads\/2025\/02\/Magnetic-Suspension-Motor.jpg 1500w, https:\/\/ayaneo.co\/wp-content\/uploads\/2025\/02\/Magnetic-Suspension-Motor-300x300.jpg 300w, https:\/\/ayaneo.co\/wp-content\/uploads\/2025\/02\/Magnetic-Suspension-Motor-1024x1024.jpg 1024w, https:\/\/ayaneo.co\/wp-content\/uploads\/2025\/02\/Magnetic-Suspension-Motor-150x150.jpg 150w, https:\/\/ayaneo.co\/wp-content\/uploads\/2025\/02\/Magnetic-Suspension-Motor-768x768.jpg 768w, https:\/\/ayaneo.co\/wp-content\/uploads\/2025\/02\/Magnetic-Suspension-Motor-65x65.jpg 65w, https:\/\/ayaneo.co\/wp-content\/uploads\/2025\/02\/Magnetic-Suspension-Motor-990x990.jpg 990w, https:\/\/ayaneo.co\/wp-content\/uploads\/2025\/02\/Magnetic-Suspension-Motor-441x441.jpg 441w, https:\/\/ayaneo.co\/wp-content\/uploads\/2025\/02\/Magnetic-Suspension-Motor-100x100.jpg 100w, https:\/\/ayaneo.co\/wp-content\/uploads\/2025\/02\/Magnetic-Suspension-Motor-600x600.jpg 600w\" sizes=\"(max-width: 1500px) 100vw, 1500px\" \/><\/a><\/figure>\n\n\n\n<h3 class=\"wp-block-heading\"><strong>Magnetno vzmetenje Motor<\/strong> <\/h3>\n\n\n\n<p>Ta funkcija, razvita v sodelovanju s tehnologijo GuliKit, podpira linearne in rotorske na\u010dine vibriranja, kar zagotavlja realisti\u010dne in poglobljene hapti\u010dne povratne informacije.<\/p>\n<\/div>\n\n\n\n<div class=\"wp-block-column is-layout-flow wp-block-column-is-layout-flow\">\n<figure class=\"wp-block-image size-full\"><a href=\"https:\/\/ayaneo.co\/wp-content\/uploads\/2025\/02\/Keyboard-and-Mouse-Mode-1024x1024-1.jpg\"><img loading=\"lazy\" decoding=\"async\" width=\"1024\" height=\"1024\" src=\"https:\/\/ayaneo.co\/wp-content\/uploads\/2025\/02\/Keyboard-and-Mouse-Mode-1024x1024-1.jpg\" alt=\"Roke dr&#x17E;ijo &#x10D;rno ro&#x10D;no igralno napravo z zaslonom, na katerem je prikazan uporabni&#x161;ki vmesnik za nastavitve ali konfiguracijo. Na vrhu slike je belo besedilo &quot;Hardware-Level Keyboard-Mouse Mode&quot;, ki ozna&#x10D;uje funkcijo naprave. \" class=\"wp-image-37432\" srcset=\"https:\/\/ayaneo.co\/wp-content\/uploads\/2025\/02\/Keyboard-and-Mouse-Mode-1024x1024-1.jpg 1024w, https:\/\/ayaneo.co\/wp-content\/uploads\/2025\/02\/Keyboard-and-Mouse-Mode-1024x1024-1-300x300.jpg 300w, https:\/\/ayaneo.co\/wp-content\/uploads\/2025\/02\/Keyboard-and-Mouse-Mode-1024x1024-1-150x150.jpg 150w, https:\/\/ayaneo.co\/wp-content\/uploads\/2025\/02\/Keyboard-and-Mouse-Mode-1024x1024-1-768x768.jpg 768w, https:\/\/ayaneo.co\/wp-content\/uploads\/2025\/02\/Keyboard-and-Mouse-Mode-1024x1024-1-65x65.jpg 65w, https:\/\/ayaneo.co\/wp-content\/uploads\/2025\/02\/Keyboard-and-Mouse-Mode-1024x1024-1-990x990.jpg 990w, https:\/\/ayaneo.co\/wp-content\/uploads\/2025\/02\/Keyboard-and-Mouse-Mode-1024x1024-1-441x441.jpg 441w, https:\/\/ayaneo.co\/wp-content\/uploads\/2025\/02\/Keyboard-and-Mouse-Mode-1024x1024-1-100x100.jpg 100w, https:\/\/ayaneo.co\/wp-content\/uploads\/2025\/02\/Keyboard-and-Mouse-Mode-1024x1024-1-600x600.jpg 600w\" sizes=\"(max-width: 1024px) 100vw, 1024px\" \/><\/a><\/figure>\n\n\n\n<h3 class=\"wp-block-heading\"><strong>Na\u010din tipkovnice in mi\u0161ke<\/strong><\/h3>\n\n\n\n<p>Nemoteno preklapljajte med krmilnikom in tipkovnico\/mi\u0161o ter pove\u010dajte vsestranskost pri razli\u010dnih aplikacijah za igranje iger in produktivnost.<\/p>\n<\/div>\n<\/div>\n\n<h3 class=\"wp-block-heading\"><strong>Vsiljiv zvok<\/strong><\/h3>\n\n<p>Spletna stran AYANEO 3 zagotavlja vznemirljivo zvo\u010dno izku\u0161njo s simetri\u010dnimi dvojnimi zvo\u010dniki HyperSound 2.0, ki zagotavljajo jasen in mo\u010dan zvok, ki pove\u010duje potopitev v igro.<\/p>\n\n<h3 class=\"wp-block-heading\"><strong>Uporabni\u0161ka izku\u0161nja<\/strong><\/h3>\n\n<p>Windows 11, AYANEO 3 podpira razli\u010dne aplikacije, od zahtevnih naslovov AAA do pomembnih orodij za produktivnost, zato je vsestranski spremljevalec za delo in zabavo. Napravo odlikuje ergonomska zasnova s prilagodljivimi upravljalnimi elementi, ki zagotavljajo udobje med dalj\u0161imi igralnimi seansami. Robustne mo\u017enosti povezljivosti, vklju\u010dno z dvema vhodoma USB4 in vmesnikom OCuLink za hitre povezave, omogo\u010dajo nemoteno integracijo v vsako okolje.  <\/p>\n\n<h3 class=\"wp-block-heading\"><strong>Zaklju\u010dek<\/strong><\/h3>\n\n<p>AYANEO 3 postavlja nove standarde na podro\u010dju ro\u010dnih iger, saj zdru\u017euje inovativno modularno zasnovo in visoko zmogljivo strojno opremo. Zaradi prilagodljivega nadzora, osupljivih vizualnih podob in zmogljivih procesorskih zmogljivosti je to najbolj\u0161a izbira za igralce, ki i\u0161\u010dejo prilagojeno in poglobljeno igralno izku\u0161njo. Z igralnikom AYANEO 3 se podajte v prihodnost ro\u010dnega igranja.  <\/p>\n","protected":false},"excerpt":{"rendered":"<ul>\n<li>AMD <strong>Ryzen\u2122 AI 9 HX 370<\/strong> \/ <strong>Ryzen\u2122 7 8840U<\/strong><\/li>\n<li>AMD Radeon <strong>890M<\/strong> \/ <strong>780M<\/strong> \/ 2900 \/ 2700 MHz<\/li>\n<li>do<strong> 64 GB LPDDR5X @ 7500 MT\/s<\/strong><\/li>\n<li>do<strong> 4 TB<\/strong> <strong>Hitri<\/strong> PCI-E 4.0 NVMe SSD<\/li>\n<li>Podpora WiFi <strong>6E<\/strong> in Bluetooth <strong>5.3<\/strong> <\/li>\n<\/ul>\n<p><img loading=\"lazy\" decoding=\"async\" class=\"alignnone size-full wp-image-12494\" src=\"https:\/\/ayaneo.co\/wp-content\/uploads\/2025\/02\/AYANEO-3-FREE-GIFTS.jpg\" alt=\"Promocijski banner za AYANEO 3 brezpla\u010dna darila s slikami \u010drnega in be\u017e za\u0161\u010ditnega ohi\u0161ja, \u0161\u010ditnika zaslona in pokrov\u010dkov za oprijem palca. Besedilo poudarja \u201eBrezpla\u010dna darila\u201c, vklju\u010dno z za\u0161\u010ditnim ovitkom, \u0161\u010ditnikom zaslona in palicami za palec, ki se samodejno dodajo v ko\u0161arico. Barva ohi\u0161ja je odvisna od izbrane naprave.\" width=\"550\" height=\"140\" srcset=\"https:\/\/ayaneo.co\/wp-content\/uploads\/2025\/02\/AYANEO-3-FREE-GIFTS.jpg 550w, https:\/\/ayaneo.co\/wp-content\/uploads\/2025\/02\/AYANEO-3-FREE-GIFTS-300x76.jpg 300w, https:\/\/ayaneo.co\/wp-content\/uploads\/2025\/02\/AYANEO-3-FREE-GIFTS-441x112.jpg 441w, https:\/\/ayaneo.co\/wp-content\/uploads\/2025\/02\/AYANEO-3-FREE-GIFTS-150x38.jpg 150w\" sizes=\"(max-width: 550px) 100vw, 550px\" \/>  [cg_accordion title=\"INFORMACIJE O PLA\u010cILU\"] Uporabljamo najnovej\u0161o tehnologijo za obdelavo pla\u010dil, ki vam omogo\u010da, da se na blagajni naro\u010dite prek Apple Pay, Google Pay, debetne\/kreditne kartice, PayPal ali metod BNPL, kot so Klarna, Affirm ali AfterPay, kar zagotavlja hitro in varno izku\u0161njo.[\/cg_accordion] [cg_accordion title=\"GARANCIJA\"] 1-letna garancija podjetja <a href=\"https:\/\/droix.net\/\" target=\"_blank\" rel=\"nofollow noopener\">DROIX Global za<\/a> va\u0161 mir.[\/cg_accordion] [cg_accordion title=\"ZAGOTAVLJANJE KAKOVOSTI IN TESTIRANJE PRED ODPREMO\"]  Zagotavljanje zadovoljstva strank na najvi\u0161ji ravni: Vsaka naprava je pred odpremo strogo preizku\u0161ena in preverjena v ve\u010d to\u010dkah za zagotavljanje kakovosti. Na\u0161a predana ekipa preveri delovanje, funkcionalnost in celovitost komponent, s \u010dimer zagotovimo, da bo va\u0161a naprava AYANEO ob prihodu v popolnem stanju, kar vam bo zagotovilo zaupanje in mir v du\u0161i. [\/cg_accordion] [cg_accordion title=\"PRICING, TAXES AND SHIPPING\"] <strong><u>Opomba:<\/u><\/strong><\/p>\n<ul>\n<li>Zdru\u017eene dr\u017eave Amerike Kupci: Prikazana cena NE vklju\u010duje davka in dajatev. Odgovornost za carinjenje in pla\u010dilo vseh povezanih davkov\/carin nosi kupec. <\/li>\n<li>Stranke iz EU: Prikazana cena vklju\u010duje veljavni davek, ki lahko zna\u0161a do 25 %, odvisno od va\u0161e dr\u017eave.<\/li>\n<li>Kanada Kupci: Prikazana cena vklju\u010duje veljavne davke, ki lahko vklju\u010dujejo 5 % davek na dodano vrednost (GST) in dodatne pokrajinske davke na prodajo (PST), harmonizirani davek na prodajo (HST) ali davek na prodajo v Quebecu (QST), odvisno od va\u0161e province.<\/li>\n<\/ul>\n<p><strong>Samo za stranke iz EU:<\/strong> Ekspresno DDP (dostavljeno s pla\u010dano dajatvijo). To pomeni: <\/p>\n<ul>\n<li style=\"list-style-type: none;\">\n<ul>\n<li>Vse carine in davki so vklju\u010deni v ceno, prikazano na strani izdelka.<\/li>\n<li>Ob dostavi vam ne bo treba pla\u010dati nobenih dodatnih stro\u0161kov.<\/li>\n<li>V redkih primerih te\u017eav, povezanih s carino, bo na\u0161a ekipa v va\u0161em imenu opravila postopek carinjenja in zagotovila nemoteno dostavo.<\/li>\n<p>Pomembne informacije o vra\u010dilih:<\/p>\n<li>\u010ce se odlo\u010dite vrniti naro\u010dilo ali zahtevate vra\u010dilo, se morate zavedati, da davkov in dajatev, pla\u010danih v va\u0161em imenu pod pogoji DDP, ni mogo\u010de vrniti.<\/li>\n<p>Oglejte si na\u0161e<\/ul>\n<\/li>\n<\/ul>\n<p><a href=\"https:\/\/ayaneo.co\/sl\/pogoji-uporabe-storitev\/\" target=\"_blank\" rel=\"nofollow noopener\">Pogoji in dolo\u010dila<\/a><\/p>\n<ul>za podrobne informacije.<\/ul>\n<p>[\/cg_accordion] [cg_accordion title=\"PODPORA STRANKAM\"]  Imate vpra\u0161anje? Samo kratko besedilo nas lo\u010di od re\u0161itve va\u0161ega vpra\u0161anja! [\/cg_accordion] [cg_accordion title=\"PACKAGE INCLUDES\"]<\/p>\n<ul>\n<li>1x AYANEO 3<\/li>\n<li>1x vti\u010d za napajanje (EU\/USA)<\/li>\n<li>1x kabel USB tipa C<\/li>\n<li>1x uporabni\u0161ki priro\u010dnik<\/li>\n<\/ul>\n<p>[\/cg_accordion]<\/p>\n","protected":false},"featured_media":37597,"template":"","meta":{"_acf_changed":false},"product_brand":[],"product_cat":[1245],"product_tag":[1247],"class_list":{"0":"post-17468","1":"product","2":"type-product","3":"status-publish","4":"has-post-thumbnail","6":"product_cat-rocni-igralni-racunalniki","7":"product_tag-racunalniske-igre-rocni-racunalnik","8":"product_shipping_class-premium","9":"pa_brand-ayaneo","10":"pa_graphics-gpu-model-ryzen-7-8840u-radeon-780m","11":"pa_graphics-gpu-model-ryzen-ai-9-hx-370-radeon-890m","12":"pa_operating-system-windows-11","13":"pa_processor-cpu-brand-amd","15":"first","16":"instock","17":"taxable","18":"shipping-taxable","19":"purchasable","20":"product-type-variable","21":"has-default-attributes"},"acf":[],"_links":{"self":[{"href":"https:\/\/ayaneo.co\/sl\/wp-json\/wp\/v2\/product\/17468","targetHints":{"allow":["GET"]}}],"collection":[{"href":"https:\/\/ayaneo.co\/sl\/wp-json\/wp\/v2\/product"}],"about":[{"href":"https:\/\/ayaneo.co\/sl\/wp-json\/wp\/v2\/types\/product"}],"wp:featuredmedia":[{"embeddable":true,"href":"https:\/\/ayaneo.co\/sl\/wp-json\/wp\/v2\/media\/37597"}],"wp:attachment":[{"href":"https:\/\/ayaneo.co\/sl\/wp-json\/wp\/v2\/media?parent=17468"}],"wp:term":[{"taxonomy":"product_brand","embeddable":true,"href":"https:\/\/ayaneo.co\/sl\/wp-json\/wp\/v2\/product_brand?post=17468"},{"taxonomy":"product_cat","embeddable":true,"href":"https:\/\/ayaneo.co\/sl\/wp-json\/wp\/v2\/product_cat?post=17468"},{"taxonomy":"product_tag","embeddable":true,"href":"https:\/\/ayaneo.co\/sl\/wp-json\/wp\/v2\/product_tag?post=17468"}],"curies":[{"name":"wp","href":"https:\/\/api.w.org\/{rel}","templated":true}]}}