{"id":17501,"date":"2025-03-18T15:51:48","date_gmt":"2025-03-18T15:51:48","guid":{"rendered":"https:\/\/ayaneo.co\/product\/ayaneo-zepni-etui-iz-usnja-micro\/"},"modified":"2025-12-02T18:14:53","modified_gmt":"2025-12-02T18:14:53","slug":"ayaneo-zepni-etui-iz-usnja-micro","status":"publish","type":"product","link":"https:\/\/ayaneo.co\/sl\/product\/ayaneo-zepni-etui-iz-usnja-micro\/","title":{"rendered":"AYANEO Pocket etui iz mikro usnja"},"content":{"rendered":"\n<p>Zagotovite svojemu <strong>AYANEO Pocket Micro za\u0161\u010dito<\/strong>, ki si jo zaslu\u017ei, s tem <strong>razko\u0161nim usnjenim ovitkom!<\/strong> To ohi\u0161je je oblikovano za <strong>popolno prileganje in<\/strong> zdru\u017euje <strong>eleganco, trpe\u017enost in prenosljivost, da bo va\u0161a<\/strong> naprava varna, hkrati pa bo ohranilo eleganten, profesionalen videz.<\/p>\n\n<h2 class=\"wp-block-heading\" id=\"h-key-features\"><strong>Klju\u010dne lastnosti:<\/strong><\/h2>\n\n<p><strong>Premium usnje<\/strong> - Izdelano iz visokokakovostnega usnja za prefinjen in trpe\u017een videz.<\/p>\n\n<p><strong>Popolno prileganje in varna za\u0161\u010dita -<\/strong> Izdelan po meri za AYANEO Pocket Micro, <strong>ki se tesno prilega in<\/strong> varuje va\u0161o napravo pred praskami, prahom in manj\u0161imi udarci.<\/p>\n\n<p><strong>Mehka notranja podloga<\/strong> - ne\u017ena do zaslona in ohi\u0161ja naprave ter prepre\u010duje nastanek ne\u017eelenih sledi.<\/p>\n\n<p><strong>Lahka in prenosna<\/strong> - zaradi tanke zasnove jo je enostavno prena\u0161ati, hkrati pa zagotavlja najve\u010djo za\u0161\u010dito.<\/p>\n\n<p><strong>Magnetno zapiranje za dodatno varnost<\/strong> - Zagotavlja, da naprava ostane varno na mestu, hkrati pa omogo\u010da hiter dostop.<\/p>\n\n<p>Nadgradite svoj <strong>AYANEO Pocket Micro s<\/strong> tem <strong>elegantnim in funkcionalnim usnjenim ovitkom -<\/strong> <strong>za\u0161\u010dita s pridihom elegance!<\/strong> <\/p>\n\n<p><\/p>\n","protected":false},"excerpt":{"rendered":"<ul>\n<li><strong>Uradno<\/strong> \u017eepno za\u0161\u010ditno usnjeno ohi\u0161je <strong>AYANEO<\/strong> Pocket Micro<\/li>\n<li><strong>Usnje Premium<\/strong> - Elegantno, trpe\u017eno in trajno.<\/li>\n<li><strong>Mehka notranja podloga<\/strong> - \u0161\u010diti pred praskami in prahom.<\/li>\n<li><strong>Lahka in prenosna<\/strong> - enostavna za prena\u0161anje brez velikih koli\u010din.<\/li>\n<li><strong>Magnetno zapiranje<\/strong> - varen in priro\u010den dostop.<\/li>\n<\/ul>\n[cg_accordion title=\"INFORMACIJE O PLA\u010cILU\"]<\/p>\n<p>Uporabljamo najnovej\u0161o tehnologijo za obdelavo pla\u010dil, ki vam omogo\u010da, da se na blagajni naro\u010dite prek Apple Pay, Google Pay, debetne\/kreditne kartice, PayPal ali metod BNPL, kot so Klarna, Affirm ali AfterPay, kar zagotavlja hitro in varno izku\u0161njo.[\/cg_accordion]\n[cg_accordion title=\"GARANCIJA\"]<\/p>\n<p>1 leto garancije <a href=\"https:\/\/droix.net\/\" target=\"_blank\" rel=\"nofollow noopener\">DROIX Global za<\/a> va\u0161 mir[\/cg_accordion]\n[cg_accordion title=\"ZAGOTAVLJANJE KAKOVOSTI IN TESTIRANJE PRED ODPREMO\"]<\/p>\n<p>Zagotavljanje zadovoljstva strank na najvi\u0161ji ravni: Vsaka naprava je pred odpremo strogo preizku\u0161ena in preverjena v ve\u010d to\u010dkah za zagotavljanje kakovosti. Na\u0161a predana ekipa preveri delovanje, funkcionalnost in celovitost komponent, s \u010dimer zagotovimo, da bo va\u0161a naprava AYANEO ob prihodu v popolnem delovnem stanju, kar vam zagotavlja zaupanje in mir v du\u0161i. [\/cg_accordion]\n[cg_accordion title=\"CENE, DAVKI IN PO\u0160ILJANJE\"]<\/p>\n<p><strong><u>Opomba:<\/u><\/strong><\/p>\n<ul>\n<li>Zdru\u017eene dr\u017eave Amerike Kupci: Prikazana cena NE vklju\u010duje davka in dajatev. Odgovornost za carinjenje in pla\u010dilo vseh povezanih davkov\/carin nosi kupec. <\/li>\n<li>Stranke iz EU: Prikazana cena vklju\u010duje veljavni davek, ki lahko zna\u0161a do 25 %, odvisno od va\u0161e dr\u017eave.<\/li>\n<li>Kanada Kupci: Prikazana cena vklju\u010duje veljavne davke, ki lahko vklju\u010dujejo 5 % davek na dodano vrednost (GST) in dodatne pokrajinske davke na prodajo (PST), harmonizirani davek na prodajo (HST) ali davek na prodajo v Quebecu (QST), odvisno od va\u0161e province.<\/li>\n<\/ul>\n<p><strong>Samo za stranke iz EU:<\/strong> Ekspresno DDP (dostavljeno s pla\u010dano dajatvijo). To pomeni: <\/p>\n<ul>\n<li>Vse carine in davki so vklju\u010deni v ceno, prikazano na strani izdelka.<\/li>\n<li>Ob dostavi vam ne bo treba pla\u010dati nobenih dodatnih stro\u0161kov.<\/li>\n<li>V redkih primerih te\u017eav, povezanih s carino, bo na\u0161a ekipa v va\u0161em imenu opravila postopek carinjenja in zagotovila nemoteno dostavo.<\/li>\n<p>Pomembne informacije o vra\u010dilih:<\/p>\n<li>\u010ce se odlo\u010dite vrniti naro\u010dilo ali zahtevate vra\u010dilo, se morate zavedati, da davkov in dajatev, pla\u010danih v va\u0161em imenu pod pogoji DDP, ni mogo\u010de vrniti.<\/li>\n<p>Podrobne informacije <a href=\"https:\/\/ayaneo.co\/sl\/pogoji-uporabe-storitev\/\" target=\"_blank\" rel=\"nofollow noopener\">so na voljo v na\u0161ih pogojih in dolo\u010dilih<\/a>.\n<\/ul>\n<p>[\/cg_accordion]\n[cg_accordion title=\"PODPORA STRANKAM\"]<\/p>\n<p>Imate vpra\u0161anje? Samo kratko besedilo nas lo\u010di od re\u0161itve va\u0161ega vpra\u0161anja! [\/cg_accordion]\n[cg_accordion title=\"PAKET VKLJU\u010cUJE\"]<\/p>\n<ul>\n<li>1x AYANEO Pocket etui iz mikro usnja<\/li>\n<\/ul>\n<p>[\/cg_accordion]\n","protected":false},"featured_media":17503,"template":"","meta":{"_acf_changed":false},"product_brand":[],"product_cat":[1236],"product_tag":[],"class_list":{"0":"post-17501","1":"product","2":"type-product","3":"status-publish","4":"has-post-thumbnail","6":"product_cat-dodatki","7":"product_shipping_class-low-end","8":"pa_accessory-type-protective-case-sl","9":"pa_brand-ayaneo","11":"first","12":"outofstock","13":"sale","14":"taxable","15":"shipping-taxable","16":"purchasable","17":"product-type-variable","18":"has-default-attributes"},"acf":[],"_links":{"self":[{"href":"https:\/\/ayaneo.co\/sl\/wp-json\/wp\/v2\/product\/17501","targetHints":{"allow":["GET"]}}],"collection":[{"href":"https:\/\/ayaneo.co\/sl\/wp-json\/wp\/v2\/product"}],"about":[{"href":"https:\/\/ayaneo.co\/sl\/wp-json\/wp\/v2\/types\/product"}],"wp:featuredmedia":[{"embeddable":true,"href":"https:\/\/ayaneo.co\/sl\/wp-json\/wp\/v2\/media\/17503"}],"wp:attachment":[{"href":"https:\/\/ayaneo.co\/sl\/wp-json\/wp\/v2\/media?parent=17501"}],"wp:term":[{"taxonomy":"product_brand","embeddable":true,"href":"https:\/\/ayaneo.co\/sl\/wp-json\/wp\/v2\/product_brand?post=17501"},{"taxonomy":"product_cat","embeddable":true,"href":"https:\/\/ayaneo.co\/sl\/wp-json\/wp\/v2\/product_cat?post=17501"},{"taxonomy":"product_tag","embeddable":true,"href":"https:\/\/ayaneo.co\/sl\/wp-json\/wp\/v2\/product_tag?post=17501"}],"curies":[{"name":"wp","href":"https:\/\/api.w.org\/{rel}","templated":true}]}}