{"id":17502,"date":"2025-02-27T10:35:12","date_gmt":"2025-02-27T10:35:12","guid":{"rendered":"https:\/\/ayaneo.co\/product\/ayaneo-magicni-moduli\/"},"modified":"2025-12-11T00:10:38","modified_gmt":"2025-12-11T00:10:38","slug":"ayaneo-magicni-moduli","status":"publish","type":"product","link":"https:\/\/ayaneo.co\/sl\/product\/ayaneo-magicni-moduli\/","title":{"rendered":"AYANEO Magi\u010dni moduli"},"content":{"rendered":"\n<h2 class=\"wp-block-heading\">AYANEO Magi\u010dni moduli - prihodnost modularnih ro\u010dnih ra\u010dunalnikov<\/h2>\n\n<p><strong>ModuliAYANEO Magic Modules<\/strong> na novo opredeljujejo ro\u010dno igranje, saj uvajajo <strong>resni\u010dno modularni ekosistem,<\/strong> ki uporabnikom omogo\u010da, da z zamenljivimi, magnetno pritrjenimi dodatki <strong>izbolj\u0161ajo in prilagodijo svojo izku\u0161njo na AYANEO 3<\/strong>. Ti moduli, zasnovani za prilagodljivost, <strong>\u0161irijo funkcionalnost, ne da bi pri tem ogrozili prenosljivost<\/strong>, zato spreminjajo pravila igre tako za tehnolo\u0161ke navdu\u0161ence kot za igralce. <\/p>\n\n<h2 class=\"wp-block-heading\"><strong>Brezhibna magnetna modularnost<\/strong><\/h2>\n\n<p>Z <strong>inovativnim magnetnim vmesnikomAYANEO<\/strong> je zamenjava modulov enostavna, kar omogo\u010da, da jih lahko <strong>priklju\u010dite in uporabljate<\/strong> po svojih potrebah. Magi\u010dni moduli prve generacije ponujajo vrsto funkcionalnosti, od <strong>izbolj\u0161anih vhodnih mo\u017enosti<\/strong> do <strong>raz\u0161irjene povezljivosti<\/strong>. <\/p>\n\n<h2 class=\"wp-block-heading\"><strong>Ustvarjeno za prihodnost<\/strong><\/h2>\n\n<p>AYANEO je prvi <strong>resni\u010dno modularni igralni ro\u010dni ra\u010dunalnik<\/strong>, ki z razvijajo\u010dim se ekosistemom modulov Magic Modules zagotavlja <strong>dolgoro\u010dno vsestranskost<\/strong>. Ne glede na to, ali ste <strong>zagrizen igralec<\/strong>, <strong>ustvarjalni strokovnjak<\/strong> ali <strong>tehnolo\u0161ki navdu\u0161enec<\/strong>, vam ti dodatki omogo\u010dajo, da <strong>napravo prilagodite razli\u010dnim scenarijem, ne da bi pri tem ogrozili zmogljivost<\/strong>. <\/p>\n\n<h3 class=\"wp-block-heading\"><strong>Prevzemite nadzor nad svojo ro\u010dno igralno izku\u0161njo s AYANEO Magic Modules!<\/strong><\/h3>\n\n<p><\/p>\n","protected":false},"excerpt":{"rendered":"<ul>\n<li><strong>Modularna zasnova<\/strong> - brez te\u017eav zamenjajte dodatke.<\/li>\n<li><strong>Magnetno pritrdi\u0161\u010de<\/strong> - Enostavna zamenjava z vti\u010dem in igranjem.<\/li>\n<li><strong>Izbolj\u0161ane funkcije<\/strong> - Nadgradnja vhodov in povezljivosti.<\/li>\n<li><strong>Za prihodnost<\/strong> - mo\u017enost raz\u0161iritve z novimi moduli.<\/li>\n<li><strong>Prenosni in vsestranski<\/strong> - prilagajanje brez velikih koli\u010din.<\/li>\n<\/ul>\n[cg_accordion title=\"INFORMACIJE O PLA\u010cILU\"]<\/p>\n<p>Uporabljamo najnovej\u0161o tehnologijo za obdelavo pla\u010dil, ki vam omogo\u010da, da se na blagajni naro\u010dite prek Apple Pay, Google Pay, debetne\/kreditne kartice, PayPal ali metod BNPL, kot so Klarna, Affirm ali AfterPay, kar zagotavlja hitro in varno izku\u0161njo.[\/cg_accordion]\n[cg_accordion title=\"GARANCIJA\"]<\/p>\n<p>1 leto garancije <a href=\"https:\/\/droix.net\/\" target=\"_blank\" rel=\"nofollow noopener\">DROIX Global za<\/a> va\u0161 mir[\/cg_accordion]\n[cg_accordion title=\"ZAGOTAVLJANJE KAKOVOSTI IN TESTIRANJE PRED ODPREMO\"]<\/p>\n<p>Zagotavljanje zadovoljstva strank na najvi\u0161ji ravni: Vsaka naprava je pred odpremo strogo preizku\u0161ena in preverjena v ve\u010d to\u010dkah za zagotavljanje kakovosti. Na\u0161a predana ekipa preveri delovanje, funkcionalnost in celovitost komponent, s \u010dimer zagotovimo, da bo va\u0161a naprava AYANEO ob prihodu v popolnem delovnem stanju, kar vam zagotavlja zaupanje in mir v du\u0161i. [\/cg_accordion]\n[cg_accordion title=\"CENE, DAVKI IN PO\u0160ILJANJE\"]<\/p>\n<p><strong><u>Opomba:<\/u><\/strong><\/p>\n<ul>\n<li>Zdru\u017eene dr\u017eave Amerike Kupci: Prikazana cena NE vklju\u010duje davka in dajatev. Odgovornost za carinjenje in pla\u010dilo vseh povezanih davkov\/carin nosi kupec. <\/li>\n<li>Stranke iz EU: Prikazana cena vklju\u010duje veljavni davek, ki lahko zna\u0161a do 25 %, odvisno od va\u0161e dr\u017eave.<\/li>\n<li>Kanada Kupci: Prikazana cena vklju\u010duje veljavne davke, ki lahko vklju\u010dujejo 5 % davek na dodano vrednost (GST) in dodatne pokrajinske davke na prodajo (PST), harmonizirani davek na prodajo (HST) ali davek na prodajo v Quebecu (QST), odvisno od va\u0161e province.<\/li>\n<\/ul>\n<p><strong>Samo za stranke iz EU:<\/strong> Ekspresno DDP (dostavljeno s pla\u010dano dajatvijo). To pomeni: <\/p>\n<ul>\n<li>Vse carine in davki so vklju\u010deni v ceno, prikazano na strani izdelka.<\/li>\n<li>Ob dostavi vam ne bo treba pla\u010dati nobenih dodatnih stro\u0161kov.<\/li>\n<li>V redkih primerih te\u017eav, povezanih s carino, bo na\u0161a ekipa v va\u0161em imenu opravila postopek carinjenja in zagotovila nemoteno dostavo.<\/li>\n<p>Pomembne informacije o vra\u010dilih:<\/p>\n<li>\u010ce se odlo\u010dite vrniti naro\u010dilo ali zahtevate vra\u010dilo, se morate zavedati, da davkov in dajatev, pla\u010danih v va\u0161em imenu pod pogoji DDP, ni mogo\u010de vrniti.<\/li>\n<p>Podrobne informacije <a href=\"https:\/\/ayaneo.co\/sl\/pogoji-uporabe-storitev\/\" target=\"_blank\" rel=\"nofollow noopener\">so na voljo v na\u0161ih pogojih in dolo\u010dilih<\/a>.\n<\/ul>\n<p>[\/cg_accordion]\n[cg_accordion title=\"PODPORA STRANKAM\"]<\/p>\n<p>Imate vpra\u0161anje? Samo kratko besedilo nas lo\u010di od re\u0161itve va\u0161ega vpra\u0161anja! [\/cg_accordion]\n[cg_accordion title=\"PAKET VKLJU\u010cUJE\"]\n","protected":false},"featured_media":17504,"template":"","meta":{"_acf_changed":false},"product_brand":[],"product_cat":[1236],"product_tag":[],"class_list":{"0":"post-17502","1":"product","2":"type-product","3":"status-publish","4":"has-post-thumbnail","6":"product_cat-dodatki","7":"product_shipping_class-low-end","8":"pa_brand-ayaneo","9":"pa_compatible-with-ayaneo-3-sl","11":"first","12":"instock","13":"sale","14":"taxable","15":"shipping-taxable","16":"purchasable","17":"product-type-variable","18":"has-default-attributes"},"acf":[],"_links":{"self":[{"href":"https:\/\/ayaneo.co\/sl\/wp-json\/wp\/v2\/product\/17502","targetHints":{"allow":["GET"]}}],"collection":[{"href":"https:\/\/ayaneo.co\/sl\/wp-json\/wp\/v2\/product"}],"about":[{"href":"https:\/\/ayaneo.co\/sl\/wp-json\/wp\/v2\/types\/product"}],"wp:featuredmedia":[{"embeddable":true,"href":"https:\/\/ayaneo.co\/sl\/wp-json\/wp\/v2\/media\/17504"}],"wp:attachment":[{"href":"https:\/\/ayaneo.co\/sl\/wp-json\/wp\/v2\/media?parent=17502"}],"wp:term":[{"taxonomy":"product_brand","embeddable":true,"href":"https:\/\/ayaneo.co\/sl\/wp-json\/wp\/v2\/product_brand?post=17502"},{"taxonomy":"product_cat","embeddable":true,"href":"https:\/\/ayaneo.co\/sl\/wp-json\/wp\/v2\/product_cat?post=17502"},{"taxonomy":"product_tag","embeddable":true,"href":"https:\/\/ayaneo.co\/sl\/wp-json\/wp\/v2\/product_tag?post=17502"}],"curies":[{"name":"wp","href":"https:\/\/api.w.org\/{rel}","templated":true}]}}