{"id":17515,"date":"2025-03-17T09:44:54","date_gmt":"2025-03-17T09:44:54","guid":{"rendered":"https:\/\/ayaneo.co\/product\/ayaneo-vecnamenska-postaja-grafitno-crna\/"},"modified":"2026-01-06T00:28:57","modified_gmt":"2026-01-06T00:28:57","slug":"ayaneo-vecnamenska-postaja-grafitno-crna","status":"publish","type":"product","link":"https:\/\/ayaneo.co\/sl\/product\/ayaneo-vecnamenska-postaja-grafitno-crna\/","title":{"rendered":"AYANEO Ve\u010dnamenska postaja - grafitno \u010drna"},"content":{"rendered":"\n<p><span data-contrast=\"none\"><strong>Ve\u010dnamenska priklopna postajaAYANEO <\/strong> z enostavnim priklopnim sistemom z ve\u010d raz\u0161iritvenimi priklju\u010dki odpira vse mo\u017enosti naprave AYA NEO.  <\/span><\/p>\n\n<p><span data-contrast=\"none\">Ve\u010dnamenska <strong>priklopna postaja<\/strong> AYANEO <strong>je na voljo v<\/strong> grafitno \u010drni barvi. <strong>Podpira vse modele AYANEO <\/strong> s patentiranim osnovnim vti\u010dem, ki ga je mogo\u010de premakniti, da se prilagodi nekoliko razli\u010dnim lokacijam vrat USB Type-C na vsakem modelu.   <\/span><\/p>\n\n<p><span data-contrast=\"none\">Pribli\u017eno<strong> 5,9 x 2,7 x 1,45 palca (15,1 x 7,0 x 3,7 cm) in pribli\u017eno 200 g te\u017eka<\/strong> ve\u010dnamenska priklopna postaja AYANEO zavzame minimalno prostora na namizju, hkrati pa je na njem varno name\u0161\u010dena in podpira osem raz\u0161iritvenih vrat.<\/span><span data-ccp-props=\"{\"> <\/span><\/p>\n\n<p><span data-contrast=\"none\">Na hrbtni strani AYANEO Multi Docking Station je od leve proti desni <\/span><a href=\"https:\/\/en.wikipedia.org\/wiki\/USB-C\" target=\"_blank\" rel=\"noopener\"><span data-contrast=\"none\">USB tipa C<\/span><\/a><span data-contrast=\"none\">  vrata, ki jih lahko uporabite za periferne naprave, kot je zunanji trdi disk. Na voljo sta dva   <\/span><a href=\"https:\/\/www.viewsonic.com\/library\/tech\/usb-c-usb-b-and-usb-a-whats-the-difference\/\" target=\"_blank\" rel=\"noopener\"><span data-contrast=\"none\">USB-A<\/span><\/a><span data-contrast=\"none\">  vrata, ki se lahko na primer uporabljajo za mi\u0161ko in tipkovnico. Drugi priklju\u010dek USB Type-C se uporablja za napajanje priklopne postaje in lahko tudi polni priklju\u010dene modele AYANEO. <\/span><span data-ccp-props=\"{\"> <\/span><\/p>\n\n<p><span data-contrast=\"none\">Spletna stran <\/span><a href=\"https:\/\/en.wikipedia.org\/wiki\/HDMI\" target=\"_blank\" rel=\"noopener\"><span data-contrast=\"none\">HDMI<\/span><\/a><span data-contrast=\"none\">  Vrata 2.0b lahko uporabite za video izhod iz spletnega mesta AYANEO na televizor ali monitor. <strong>Podpira lo\u010dljivost do 4K pri 60 Hz<\/strong>. Gigabitni   <\/span><a href=\"https:\/\/en.wikipedia.org\/wiki\/Ethernet\" target=\"_blank\" rel=\"noopener\"><span data-contrast=\"none\">ethernet<\/span><\/a><span data-contrast=\"none\"> zagotavlja varen in hiter prenos podatkov na AYANEO Multi Docking Station in z nje.<\/span><span data-ccp-props=\"{\"> <\/span><\/p>\n\n<p><span data-contrast=\"none\">Na desni strani ve\u010dnamenske priklopne postaje AYANEO sta re\u017ei za kartico Micro SD in kartico SD.<\/span><span data-ccp-props=\"{\"> <\/span><\/p>\n\n<p><span data-contrast=\"none\">Ve\u010dnamenska priklopna postaja AYANEO je zdru\u017eljiva z <strong>vsemi modeli AYANEO, vklju\u010dno z <\/strong><\/span><strong><a href=\"https:\/\/droix.co.uk\/product\/ayaneo-2\/\" target=\"_blank\" rel=\"noopener\">AYANEO 2<\/a>, AYANEO Geek, <a href=\"https:\/\/droix.co.uk\/product\/ayaneo-air\/\" target=\"_blank\" rel=\"noopener\">AYANEO Air PRO<\/a>, <a href=\"https:\/\/droix.co.uk\/product\/ayaneo-next\/\" target=\"_blank\" rel=\"noopener\">AYANEO NEXT<\/a>, <a href=\"https:\/\/droix.co.uk\/product\/ayaneo-next-pro\/\" target=\"_blank\" rel=\"noopener\">AYANEO Next PRO<\/a>, <a href=\"https:\/\/droix.co.uk\/product\/ayaneo-next\/\" target=\"_blank\" rel=\"noopener\">AYANEO 2021<\/a> in <a href=\"https:\/\/droix.co.uk\/product\/ayaneo-next-pro\/\" target=\"_blank\" rel=\"noopener\">AYANEO 2021 Pro<\/a>. <\/strong> <\/p>\n\n<p><span data-contrast=\"none\"><strong>Ve\u010dnamenska priklopna postajaAYANEO je popoln dodatek za va\u0161 AYAYNEO<\/strong>, saj ga iz igralnega ro\u010dnega ra\u010dunalnika spremeni v zmogljiv namizni ra\u010dunalnik z vsemi potrebnimi povezavami.<\/span><span data-ccp-props=\"{\"> <\/span><\/p>\n\n<p>Na\u0161 <a href=\"https:\/\/droix.co.uk\/blogs\/ayaneo-docking-station-review\/\" target=\"_blank\" rel=\"noopener\">pregledAYANEO Multi Docking Station si lahko preberete tukaj.<\/a><\/p>\n\n<figure class=\"wp-block-image aligncenter\"><img decoding=\"async\" src=\"https:\/\/droix.net\/wp-content\/uploads\/2022\/12\/8fb77202211071909143194ready.jpg\" alt=\"\" class=\"wp-image-88164\"\/><\/figure>\n\n<figure class=\"wp-block-image aligncenter\"><img decoding=\"async\" src=\"https:\/\/droix.net\/wp-content\/uploads\/2022\/12\/ea565202211071908508498ready.jpg\" alt=\"\" class=\"wp-image-88174\"\/><\/figure>\n\n<p><\/p>\n","protected":false},"excerpt":{"rendered":"<ul>\n<li><b>Uradni izdelek AYANEO <\/b><\/li>\n<li><strong>Zdru\u017eljiv<\/strong> z <strong>vsemi ro\u010dnimi ra\u010dunalniki AYANEO <\/strong><\/li>\n<li><b>Ekskluzivni patentirani spodnji vti\u010d<\/b><\/li>\n<li><strong>Do 8<\/strong> priklju\u010dkov za raz\u0161iritve<\/li>\n<li>Re\u017ea za kartico MicroSD<\/li>\n<\/ul>\n[cg_accordion title=\"INFORMACIJE O PLA\u010cILU\"]<\/p>\n<p>Uporabljamo najnovej\u0161o tehnologijo za obdelavo pla\u010dil, ki vam omogo\u010da, da se na blagajni naro\u010dite prek Apple Pay, Google Pay, debetne\/kreditne kartice, PayPal ali metod BNPL, kot so Klarna, Affirm ali AfterPay, kar zagotavlja hitro in varno izku\u0161njo.[\/cg_accordion]\n[cg_accordion title=\"GARANCIJA\"]<\/p>\n<p>1 leto garancije <a href=\"https:\/\/droix.net\/\" target=\"_blank\" rel=\"nofollow noopener\">DROIX Global za<\/a> va\u0161 mir[\/cg_accordion]\n[cg_accordion title=\"ZAGOTAVLJANJE KAKOVOSTI IN TESTIRANJE PRED ODPREMO\"]<\/p>\n<p>Zagotavljanje zadovoljstva strank na najvi\u0161ji ravni: Vsaka naprava je pred odpremo strogo preizku\u0161ena in preverjena v ve\u010d to\u010dkah za zagotavljanje kakovosti. Na\u0161a predana ekipa preveri delovanje, funkcionalnost in celovitost komponent, s \u010dimer zagotovimo, da bo va\u0161a naprava AYANEO ob prihodu v popolnem delovnem stanju, kar vam zagotavlja zaupanje in mir v du\u0161i. [\/cg_accordion]\n[cg_accordion title=\"CENE, DAVKI IN PO\u0160ILJANJE\"]<\/p>\n<p><strong><u>Opomba:<\/u><\/strong><\/p>\n<ul>\n<li>Zdru\u017eene dr\u017eave Amerike Kupci: Prikazana cena NE vklju\u010duje davka in dajatev. Odgovornost za carinjenje in pla\u010dilo vseh povezanih davkov\/carin nosi kupec. <\/li>\n<li>Stranke iz EU: Prikazana cena vklju\u010duje veljavni davek, ki lahko zna\u0161a do 25 %, odvisno od va\u0161e dr\u017eave.<\/li>\n<li>Kanada Kupci: Prikazana cena vklju\u010duje veljavne davke, ki lahko vklju\u010dujejo 5 % davek na dodano vrednost (GST) in dodatne pokrajinske davke na prodajo (PST), harmonizirani davek na prodajo (HST) ali davek na prodajo v Quebecu (QST), odvisno od va\u0161e province.<\/li>\n<\/ul>\n<p><strong>Samo za stranke iz EU:<\/strong> Ekspresno DDP (dostavljeno s pla\u010dano dajatvijo). To pomeni: <\/p>\n<ul>\n<li>Vse carine in davki so vklju\u010deni v ceno, prikazano na strani izdelka.<\/li>\n<li>Ob dostavi vam ne bo treba pla\u010dati nobenih dodatnih stro\u0161kov.<\/li>\n<li>V redkih primerih te\u017eav, povezanih s carino, bo na\u0161a ekipa v va\u0161em imenu opravila postopek carinjenja in zagotovila nemoteno dostavo.<\/li>\n<p>Pomembne informacije o vra\u010dilih:<\/p>\n<li>\u010ce se odlo\u010dite vrniti naro\u010dilo ali zahtevate vra\u010dilo, se morate zavedati, da davkov in dajatev, pla\u010danih v va\u0161em imenu pod pogoji DDP, ni mogo\u010de vrniti.<\/li>\n<p>Podrobne informacije <a href=\"https:\/\/ayaneo.co\/sl\/pogoji-uporabe-storitev\/\" target=\"_blank\" rel=\"nofollow noopener\">so na voljo v na\u0161ih pogojih in dolo\u010dilih<\/a>.\n<\/ul>\n<p>[\/cg_accordion]\n[cg_accordion title=\"PODPORA STRANKAM\"]<\/p>\n<p>Imate vpra\u0161anje? Samo kratko besedilo nas lo\u010di od re\u0161itve va\u0161ega vpra\u0161anja! [\/cg_accordion]\n[cg_accordion title=\"PAKET VKLJU\u010cUJE\"]<\/p>\n<ul>\n<li>1x AYANEO Priklju\u010dna postaja<\/li>\n<\/ul>\n<p>[\/cg_accordion]\n","protected":false},"featured_media":17518,"template":"","meta":{"_acf_changed":false},"product_brand":[],"product_cat":[1236],"product_tag":[],"class_list":{"0":"post-17515","1":"product","2":"type-product","3":"status-publish","4":"has-post-thumbnail","6":"product_cat-dodatki","7":"product_shipping_class-low-end","8":"pa_accessory-type-docking-station-sl","9":"pa_brand-ayaneo","10":"pa_compatible-with-ayaneo-2-sl","11":"pa_compatible-with-ayaneo-2021-sl","12":"pa_compatible-with-ayaneo-3-sl","13":"pa_compatible-with-ayaneo-air-sl","14":"pa_compatible-with-ayaneo-geek-sl","16":"first","17":"instock","18":"taxable","19":"shipping-taxable","20":"purchasable","21":"product-type-simple"},"acf":[],"_links":{"self":[{"href":"https:\/\/ayaneo.co\/sl\/wp-json\/wp\/v2\/product\/17515","targetHints":{"allow":["GET"]}}],"collection":[{"href":"https:\/\/ayaneo.co\/sl\/wp-json\/wp\/v2\/product"}],"about":[{"href":"https:\/\/ayaneo.co\/sl\/wp-json\/wp\/v2\/types\/product"}],"wp:featuredmedia":[{"embeddable":true,"href":"https:\/\/ayaneo.co\/sl\/wp-json\/wp\/v2\/media\/17518"}],"wp:attachment":[{"href":"https:\/\/ayaneo.co\/sl\/wp-json\/wp\/v2\/media?parent=17515"}],"wp:term":[{"taxonomy":"product_brand","embeddable":true,"href":"https:\/\/ayaneo.co\/sl\/wp-json\/wp\/v2\/product_brand?post=17515"},{"taxonomy":"product_cat","embeddable":true,"href":"https:\/\/ayaneo.co\/sl\/wp-json\/wp\/v2\/product_cat?post=17515"},{"taxonomy":"product_tag","embeddable":true,"href":"https:\/\/ayaneo.co\/sl\/wp-json\/wp\/v2\/product_tag?post=17515"}],"curies":[{"name":"wp","href":"https:\/\/api.w.org\/{rel}","templated":true}]}}