{"id":17517,"date":"2025-03-20T10:53:25","date_gmt":"2025-03-20T10:53:25","guid":{"rendered":"https:\/\/ayaneo.co\/product\/ayaneo-3-zepni-evo-thumb-stick-grip-caps-natancnost-in-udobje-za-vsak-gib\/"},"modified":"2025-12-09T00:32:50","modified_gmt":"2025-12-09T00:32:50","slug":"ayaneo-3-zepni-evo-thumb-stick-grip-caps-natancnost-in-udobje-za-vsak-gib","status":"publish","type":"product","link":"https:\/\/ayaneo.co\/sl\/product\/ayaneo-3-zepni-evo-thumb-stick-grip-caps-natancnost-in-udobje-za-vsak-gib\/","title":{"rendered":"AYANEO 3 \/ \u017depni EVO Thumb Stick Grip Caps - natan\u010dnost in udobje za vsak gib!"},"content":{"rendered":"\n<p>Nadgradite svojo igralno izku\u0161njo na <strong>AYANEO 3 in Pocket EVO<\/strong> s temi <strong>vrhunskimi pokrov\u010dki za oprijem palca<\/strong>! Te kapice so zasnovane za <strong>bolj\u0161i oprijem, izbolj\u0161an nadzor in dolgotrajno vzdr\u017eljivost<\/strong> ter zagotavljajo bolj gladke in natan\u010dne gibe za vrhunsko igranje.<\/p>\n\n<h2 class=\"wp-block-heading\"><strong>Klju\u010dne lastnosti:<\/strong><\/h2>\n\n<p><strong>Izbolj\u0161an oprijem in nadzor<\/strong> - zagotavlja <strong>ve\u010djo natan\u010dnost<\/strong> in nedrse\u010do povr\u0161ino za natan\u010dne gibe.<\/p>\n\n<p><strong>Ergonomska in udobna zasnova<\/strong> - zmanj\u0161uje utrujenost palca pri dalj\u0161ih igralnih seansah.<\/p>\n\n<p><strong>Vrhunski silikonski material<\/strong> - Trpe\u017een, visokokakovosten material zagotavlja dolgo \u017eivljenjsko dobo in gladek ob\u010dutek.<\/p>\n\n<p><strong>Enostavna namestitev in varno prileganje<\/strong> - Zasnovan po meri za <strong>AYANEO 3 in Pocket EVO<\/strong>, kar zagotavlja tesno in nedrse\u010do pritrditev.<\/p>\n\n<p><strong>Eleganten in funkcionalen<\/strong> - na voljo je v <strong>\u010drni in beli barvi<\/strong>, da se ujema z va\u0161o igralno konfiguracijo, hkrati pa \u0161\u010diti va\u0161o krmilno palico pred obrabo.<\/p>\n\n<p>Nadgradite <strong>AYANEO 3 in Pocket EVO<\/strong> s temi <strong>visokokakovostnimi pokrov\u010dki za palico za<\/strong> bolj\u0161i oprijem, nadzor in udobje!<\/p>\n","protected":false},"excerpt":{"rendered":"<ul>\n<li><strong>Uradni<\/strong> AYANEO 3 \/ \u017eepni EVO Klopi za palec<\/li>\n<li><strong>Izbolj\u0161an oprijem in natan\u010dnost<\/strong> - Izbolj\u0161a natan\u010dnost in nadzor.<\/li>\n<li><strong>Udobno in ergonomsko<\/strong> - zmanj\u0161uje utrujenost pri dalj\u0161ih igralnih seansah.<\/li>\n<li><strong>Vzdr\u017eljiv silikonski material<\/strong> - dolgotrajen in odporen na obrabo.<\/li>\n<li><strong>Popolno prileganje<\/strong> - zasnovan izklju\u010dno za AYANEO 3 in Pocket EVO.<\/li>\n<\/ul>\n[cg_accordion title=\"INFORMACIJE O PLA\u010cILU\"]<\/p>\n<p>Uporabljamo najnovej\u0161o tehnologijo za obdelavo pla\u010dil, ki vam omogo\u010da, da se na blagajni naro\u010dite prek Apple Pay, Google Pay, debetne\/kreditne kartice, PayPal ali metod BNPL, kot so Klarna, Affirm ali AfterPay, kar zagotavlja hitro in varno izku\u0161njo.[\/cg_accordion]\n[cg_accordion title=\"GARANCIJA\"]<\/p>\n<p>1 leto garancije <a href=\"https:\/\/droix.net\/\" target=\"_blank\" rel=\"nofollow noopener\">DROIX Global za<\/a> va\u0161 mir[\/cg_accordion]\n[cg_accordion title=\"ZAGOTAVLJANJE KAKOVOSTI IN TESTIRANJE PRED ODPREMO\"]<\/p>\n<p>Zagotavljanje zadovoljstva strank na najvi\u0161ji ravni: Vsaka naprava je pred odpremo strogo preizku\u0161ena in preverjena v ve\u010d to\u010dkah za zagotavljanje kakovosti. Na\u0161a predana ekipa preveri delovanje, funkcionalnost in celovitost komponent, s \u010dimer zagotovimo, da bo va\u0161a naprava AYANEO ob prihodu v popolnem delovnem stanju, kar vam zagotavlja zaupanje in mir v du\u0161i. [\/cg_accordion]\n[cg_accordion title=\"CENE, DAVKI IN PO\u0160ILJANJE\"]<\/p>\n<p><strong><u>Opomba:<\/u><\/strong><\/p>\n<ul>\n<li>Zdru\u017eene dr\u017eave Amerike Kupci: Prikazana cena NE vklju\u010duje davka in dajatev. Odgovornost za carinjenje in pla\u010dilo vseh povezanih davkov\/carin nosi kupec. <\/li>\n<li>Stranke iz EU: Prikazana cena vklju\u010duje veljavni davek, ki lahko zna\u0161a do 25 %, odvisno od va\u0161e dr\u017eave.<\/li>\n<li>Kanada Kupci: Prikazana cena vklju\u010duje veljavne davke, ki lahko vklju\u010dujejo 5 % davek na dodano vrednost (GST) in dodatne pokrajinske davke na prodajo (PST), harmonizirani davek na prodajo (HST) ali davek na prodajo v Quebecu (QST), odvisno od va\u0161e province.<\/li>\n<\/ul>\n<p><strong>Samo za stranke iz EU:<\/strong> Ekspresno DDP (dostavljeno s pla\u010dano dajatvijo). To pomeni: <\/p>\n<ul>\n<li>Vse carine in davki so vklju\u010deni v ceno, prikazano na strani izdelka.<\/li>\n<li>Ob dostavi vam ne bo treba pla\u010dati nobenih dodatnih stro\u0161kov.<\/li>\n<li>V redkih primerih te\u017eav, povezanih s carino, bo na\u0161a ekipa v va\u0161em imenu opravila postopek carinjenja in zagotovila nemoteno dostavo.<\/li>\n<p>Pomembne informacije o vra\u010dilih:<\/p>\n<li>\u010ce se odlo\u010dite vrniti naro\u010dilo ali zahtevate vra\u010dilo, se morate zavedati, da davkov in dajatev, pla\u010danih v va\u0161em imenu pod pogoji DDP, ni mogo\u010de vrniti.<\/li>\n<p>Podrobne informacije <a href=\"https:\/\/ayaneo.co\/sl\/pogoji-uporabe-storitev\/\" target=\"_blank\" rel=\"nofollow noopener\">so na voljo v na\u0161ih pogojih in dolo\u010dilih<\/a>.\n<\/ul>\n<p>[\/cg_accordion]\n[cg_accordion title=\"PODPORA STRANKAM\"]<\/p>\n<p>Imate vpra\u0161anje? Samo kratko besedilo nas lo\u010di od re\u0161itve va\u0161ega vpra\u0161anja! [\/cg_accordion]\n[cg_accordion title=\"PAKET VKLJU\u010cUJE\"]<\/p>\n<ul>\n<li>1x AYANEO 3 &amp; Pocket EVO Pokrov\u010dki za palec<\/li>\n<\/ul>\n<p>[\/cg_accordion]\n","protected":false},"featured_media":17523,"template":"","meta":{"_acf_changed":false},"product_brand":[],"product_cat":[1236],"product_tag":[],"class_list":{"0":"post-17517","1":"product","2":"type-product","3":"status-publish","4":"has-post-thumbnail","6":"product_cat-dodatki","7":"product_shipping_class-low-end","9":"first","10":"instock","11":"sale","12":"taxable","13":"shipping-taxable","14":"purchasable","15":"product-type-simple"},"acf":[],"_links":{"self":[{"href":"https:\/\/ayaneo.co\/sl\/wp-json\/wp\/v2\/product\/17517","targetHints":{"allow":["GET"]}}],"collection":[{"href":"https:\/\/ayaneo.co\/sl\/wp-json\/wp\/v2\/product"}],"about":[{"href":"https:\/\/ayaneo.co\/sl\/wp-json\/wp\/v2\/types\/product"}],"wp:featuredmedia":[{"embeddable":true,"href":"https:\/\/ayaneo.co\/sl\/wp-json\/wp\/v2\/media\/17523"}],"wp:attachment":[{"href":"https:\/\/ayaneo.co\/sl\/wp-json\/wp\/v2\/media?parent=17517"}],"wp:term":[{"taxonomy":"product_brand","embeddable":true,"href":"https:\/\/ayaneo.co\/sl\/wp-json\/wp\/v2\/product_brand?post=17517"},{"taxonomy":"product_cat","embeddable":true,"href":"https:\/\/ayaneo.co\/sl\/wp-json\/wp\/v2\/product_cat?post=17517"},{"taxonomy":"product_tag","embeddable":true,"href":"https:\/\/ayaneo.co\/sl\/wp-json\/wp\/v2\/product_tag?post=17517"}],"curies":[{"name":"wp","href":"https:\/\/api.w.org\/{rel}","templated":true}]}}