{"id":17526,"date":"2025-03-20T09:38:25","date_gmt":"2025-03-20T09:38:25","guid":{"rendered":"https:\/\/ayaneo.co\/product\/ayaneo-kapice-za-palec-za-palico-pocket-micro-in-dmg-vecje-udobje-in-nadzor\/"},"modified":"2025-12-09T00:33:37","modified_gmt":"2025-12-09T00:33:37","slug":"ayaneo-kapice-za-palec-za-palico-pocket-micro-in-dmg-vecje-udobje-in-nadzor","status":"publish","type":"product","link":"https:\/\/ayaneo.co\/sl\/product\/ayaneo-kapice-za-palec-za-palico-pocket-micro-in-dmg-vecje-udobje-in-nadzor\/","title":{"rendered":"AYANEO Pocket S2, Micro, DMG &amp; ACE Thumb Stick Grip Caps - izbolj\u0161ano udobje in nadzor!"},"content":{"rendered":"\n<p><strong>Nadgradite svojo igralno izku\u0161njo z AYANEO Pocket S2, Micro, DMG in ACE Thumb Stick Grip Caps!<\/strong>  Ti pokrovi za ro\u010daj so zasnovani za natan\u010dnost, udobje in vzdr\u017eljivost ter zagotavljajo bolj\u0161i nadzor in bolj\u0161i oprijem, kar zagotavlja bolj gladko igranje za naprave AYANEO Pocket S2, Micro, DMG in ACE.<\/p>\n\n<h2 class=\"wp-block-heading\"><strong>  Klju\u010dne lastnosti:<\/strong><\/h2>\n\n<p><strong>Izbolj\u0161an oprijem in nadzor<\/strong> - Poslovite se od spolzkih palic! U\u017eivajte v <strong>ve\u010dji natan\u010dnosti<\/strong> pri vsakem gibu. <\/p>\n\n<p><strong>Udobna in ergonomska zasnova<\/strong> - Mehak material na dotik zmanj\u0161uje napor med dolgimi igralnimi seansami.  <\/p>\n\n<p><strong>Material vrhunske kakovosti<\/strong> - Trpe\u017een in visokokakovosten silikon zagotavlja <strong>dolgotrajno delovanje<\/strong>.  <\/p>\n\n<p><strong>Enostavna namestitev in varno prileganje -<\/strong> Zasnovan posebej za AYANEO Pocket S2, Micro, DMG in ACE, kar zagotavlja tesno prileganje brez zdrsa.<\/p>\n\n<p><strong>Eleganten in funkcionalen<\/strong> - dodaja elegantno estetiko, hkrati pa \u0161\u010diti pal\u010dke pred obrabo.  <\/p>\n\n<p>S temi <strong>nepogre\u0161ljivimi pokrov\u010dki za ro\u010daje<\/strong> dvignite svojo <strong>igralno izku\u0161njo na spletni straniAYANEO <\/strong> na vi\u0161jo raven!  <\/p>\n","protected":false},"excerpt":{"rendered":"<ul>\n<li><strong>Uradni<\/strong> pokrov\u010dki <strong>AYANEO<\/strong> Pocket S2, Micro, DMG in ACE za palec<\/li>\n<li><strong>Izbolj\u0161an oprijem in nadzor<\/strong> - Izbolj\u0161a natan\u010dnost in vodljivost.<\/li>\n<li><strong>Mehko in udobno<\/strong> - zmanj\u0161uje utrujenost pri dalj\u0161em igranju.<\/li>\n<li><strong>Vzdr\u017eljiv silikonski material<\/strong> - dolgotrajen in odporen na obrabo.<\/li>\n<li><strong>Popolno prileganje -<\/strong> zasnovan izklju\u010dno za AYANEO Pocket S2, Micro, DMG in ACE.<\/li>\n<\/ul>\n[cg_accordion title=\"INFORMACIJE O PLA\u010cILU\"]<\/p>\n<p>Uporabljamo najnovej\u0161o tehnologijo za obdelavo pla\u010dil, ki vam omogo\u010da, da se na blagajni naro\u010dite prek Apple Pay, Google Pay, debetne\/kreditne kartice, PayPal ali metod BNPL, kot so Klarna, Affirm ali AfterPay, kar zagotavlja hitro in varno izku\u0161njo.[\/cg_accordion]\n[cg_accordion title=\"GARANCIJA\"]<\/p>\n<p>1 leto garancije <a href=\"https:\/\/droix.net\/\" target=\"_blank\" rel=\"nofollow noopener\">DROIX Global za<\/a> va\u0161 mir[\/cg_accordion]\n[cg_accordion title=\"ZAGOTAVLJANJE KAKOVOSTI IN TESTIRANJE PRED ODPREMO\"]<\/p>\n<p>Zagotavljanje zadovoljstva strank na najvi\u0161ji ravni: Vsaka naprava je pred odpremo strogo preizku\u0161ena in preverjena v ve\u010d to\u010dkah za zagotavljanje kakovosti. Na\u0161a predana ekipa preveri delovanje, funkcionalnost in celovitost komponent, s \u010dimer zagotovimo, da bo va\u0161a naprava AYANEO ob prihodu v popolnem delovnem stanju, kar vam zagotavlja zaupanje in mir v du\u0161i. [\/cg_accordion]\n[cg_accordion title=\"CENE, DAVKI IN PO\u0160ILJANJE\"]<\/p>\n<p><strong><u>Opomba:<\/u><\/strong><\/p>\n<ul>\n<li>Zdru\u017eene dr\u017eave Amerike Kupci: Prikazana cena NE vklju\u010duje davka in dajatev. Odgovornost za carinjenje in pla\u010dilo vseh povezanih davkov\/carin nosi kupec. <\/li>\n<li>Stranke iz EU: Prikazana cena vklju\u010duje veljavni davek, ki lahko zna\u0161a do 25 %, odvisno od va\u0161e dr\u017eave.<\/li>\n<li>Kanada Kupci: Prikazana cena vklju\u010duje veljavne davke, ki lahko vklju\u010dujejo 5 % davek na dodano vrednost (GST) in dodatne pokrajinske davke na prodajo (PST), harmonizirani davek na prodajo (HST) ali davek na prodajo v Quebecu (QST), odvisno od va\u0161e province.<\/li>\n<\/ul>\n<p><strong>Samo za stranke iz EU:<\/strong> Ekspresno DDP (dostavljeno s pla\u010dano dajatvijo). To pomeni: <\/p>\n<ul>\n<li>Vse carine in davki so vklju\u010deni v ceno, prikazano na strani izdelka.<\/li>\n<li>Ob dostavi vam ne bo treba pla\u010dati nobenih dodatnih stro\u0161kov.<\/li>\n<li>V redkih primerih te\u017eav, povezanih s carino, bo na\u0161a ekipa v va\u0161em imenu opravila postopek carinjenja in zagotovila nemoteno dostavo.<\/li>\n<p>Pomembne informacije o vra\u010dilih:<\/p>\n<li>\u010ce se odlo\u010dite vrniti naro\u010dilo ali zahtevate vra\u010dilo, se morate zavedati, da davkov in dajatev, pla\u010danih v va\u0161em imenu pod pogoji DDP, ni mogo\u010de vrniti.<\/li>\n<p>Podrobne informacije <a href=\"https:\/\/ayaneo.co\/sl\/pogoji-uporabe-storitev\/\" target=\"_blank\" rel=\"nofollow noopener\">so na voljo v na\u0161ih pogojih in dolo\u010dilih<\/a>.\n<\/ul>\n<p>[\/cg_accordion]\n[cg_accordion title=\"PODPORA STRANKAM\"]<\/p>\n<p>Imate vpra\u0161anje? Samo kratko besedilo nas lo\u010di od re\u0161itve va\u0161ega vpra\u0161anja! [\/cg_accordion]\n[cg_accordion title=\"PAKET VKLJU\u010cUJE\"]<\/p>\n<ul>\n<li>1x AYANEO Pocket \u017eepni pokrov\u010dki za palec S2, Micro, DMG in ACE<\/li>\n<\/ul>\n<p>[\/cg_accordion]\n","protected":false},"featured_media":17527,"template":"","meta":{"_acf_changed":false},"product_brand":[],"product_cat":[1236],"product_tag":[],"class_list":{"0":"post-17526","1":"product","2":"type-product","3":"status-publish","4":"has-post-thumbnail","6":"product_cat-dodatki","7":"product_shipping_class-low-end","9":"first","10":"instock","11":"sale","12":"taxable","13":"shipping-taxable","14":"purchasable","15":"product-type-simple"},"acf":[],"_links":{"self":[{"href":"https:\/\/ayaneo.co\/sl\/wp-json\/wp\/v2\/product\/17526","targetHints":{"allow":["GET"]}}],"collection":[{"href":"https:\/\/ayaneo.co\/sl\/wp-json\/wp\/v2\/product"}],"about":[{"href":"https:\/\/ayaneo.co\/sl\/wp-json\/wp\/v2\/types\/product"}],"wp:featuredmedia":[{"embeddable":true,"href":"https:\/\/ayaneo.co\/sl\/wp-json\/wp\/v2\/media\/17527"}],"wp:attachment":[{"href":"https:\/\/ayaneo.co\/sl\/wp-json\/wp\/v2\/media?parent=17526"}],"wp:term":[{"taxonomy":"product_brand","embeddable":true,"href":"https:\/\/ayaneo.co\/sl\/wp-json\/wp\/v2\/product_brand?post=17526"},{"taxonomy":"product_cat","embeddable":true,"href":"https:\/\/ayaneo.co\/sl\/wp-json\/wp\/v2\/product_cat?post=17526"},{"taxonomy":"product_tag","embeddable":true,"href":"https:\/\/ayaneo.co\/sl\/wp-json\/wp\/v2\/product_tag?post=17526"}],"curies":[{"name":"wp","href":"https:\/\/api.w.org\/{rel}","templated":true}]}}