{"id":17528,"date":"2025-03-24T16:59:03","date_gmt":"2025-03-24T16:59:03","guid":{"rendered":"https:\/\/ayaneo.co\/product\/ayaneo-3-zascita-zaslona-kristalno-cista-zascita-za-vas-zaslon\/"},"modified":"2025-12-09T00:34:23","modified_gmt":"2025-12-09T00:34:23","slug":"ayaneo-3-zascita-zaslona-kristalno-cista-zascita-za-vas-zaslon","status":"publish","type":"product","link":"https:\/\/ayaneo.co\/sl\/product\/ayaneo-3-zascita-zaslona-kristalno-cista-zascita-za-vas-zaslon\/","title":{"rendered":"AYANEO 3 Za\u0161\u010dita zaslona - kristalno \u010dista za\u0161\u010dita za va\u0161 zaslon!"},"content":{"rendered":"\n<p>S tem <strong>visokokakovostnim \u0161\u010ditnikom zasl<\/strong>ona poskrbite, da bo va\u0161 zaslon <strong>AYANEO 3<\/strong> brezhiben! Ta za\u0161\u010dita je zasnovana tako, da zagotavlja <strong>najve\u010djo jasnost, odpornost proti praskam in enostavno uporabo<\/strong>, zato bo va\u0161a igralna izku\u0161nja ostala nemotena in neprekinjena.<\/p>\n\n<h2 class=\"wp-block-heading\"><strong>Klju\u010dne lastnosti:<\/strong><\/h2>\n\n<p><strong>Izjemno jasen zaslon HD<\/strong> - ohranja <strong>pravo barvno natan\u010dnost<\/strong> in ostro sliko ter zagotavlja poglobljeno izku\u0161njo.<\/p>\n\n<p><strong>Odporen na praske in udarce<\/strong> - \u0161\u010diti va\u0161 zaslon pred praskami, padci in vsakodnevno obrabo.  <\/p>\n\n<p><strong>Natan\u010dno prileganje in enostavna namestitev<\/strong> - Zasnovan posebej za <strong>AYANEO 3<\/strong>, kar zagotavlja brezhibno namestitev brez mehur\u010dkov.<\/p>\n\n<p><strong>Odporen na prstne odtise in made\u017ee<\/strong> - Oleofobni premaz odbija prstne odtise in made\u017ee ter zagotavlja \u010dist videz.<\/p>\n\n<p><strong>Lepljenje brez mehur\u010dkov<\/strong> - Enostaven nanos brez zra\u010dnih mehur\u010dkov, kar zagotavlja <strong>gladek zaklju\u010dek<\/strong> vsaki\u010d znova.<\/p>\n\n<p>Za\u0161\u010ditite svoj <strong>AYANEO 3<\/strong> s to <strong>vrhunsko za\u0161\u010dito zaslona<\/strong> in <strong>igrajte z zaupanjem!<\/strong><\/p>\n\n<p><\/p>\n","protected":false},"excerpt":{"rendered":"<ul>\n<li><strong>Uradna<\/strong> za\u0161\u010dita zaslona AYANEO 3<\/li>\n<li><strong>Ultra-Clear HD<\/strong> - ohranja kakovost zaslona in natan\u010dnost barv.<\/li>\n<li><strong>Odporen na praske in udarce<\/strong> - \u0161\u010diti pred po\u0161kodbami.<\/li>\n<li><strong>Odporen na made\u017ee in prstne odtise<\/strong> - ohranja zaslon \u010dist.<\/li>\n<li><strong>Popolno prileganje<\/strong> - Zasnovan izklju\u010dno za AYANEO 3.<\/li>\n<\/ul>\n[cg_accordion title=\"INFORMACIJE O PLA\u010cILU\"]<\/p>\n<p>Uporabljamo najnovej\u0161o tehnologijo za obdelavo pla\u010dil, ki vam omogo\u010da, da se na blagajni naro\u010dite prek Apple Pay, Google Pay, debetne\/kreditne kartice, PayPal ali metod BNPL, kot so Klarna, Affirm ali AfterPay, kar zagotavlja hitro in varno izku\u0161njo.[\/cg_accordion]\n[cg_accordion title=\"GARANCIJA\"]<\/p>\n<p>1 leto garancije <a href=\"https:\/\/droix.net\/\" target=\"_blank\" rel=\"nofollow noopener\">DROIX Global za<\/a> va\u0161 mir[\/cg_accordion]\n[cg_accordion title=\"ZAGOTAVLJANJE KAKOVOSTI IN TESTIRANJE PRED ODPREMO\"]<\/p>\n<p>Zagotavljanje zadovoljstva strank na najvi\u0161ji ravni: Vsaka naprava je pred odpremo strogo preizku\u0161ena in preverjena v ve\u010d to\u010dkah za zagotavljanje kakovosti. Na\u0161a predana ekipa preveri delovanje, funkcionalnost in celovitost komponent, s \u010dimer zagotovimo, da bo va\u0161a naprava AYANEO ob prihodu v popolnem delovnem stanju, kar vam zagotavlja zaupanje in mir v du\u0161i. [\/cg_accordion]\n[cg_accordion title=\"CENE, DAVKI IN PO\u0160ILJANJE\"]<\/p>\n<p><strong><u>Opomba:<\/u><\/strong><\/p>\n<ul>\n<li>Zdru\u017eene dr\u017eave Amerike Kupci: Prikazana cena NE vklju\u010duje davka in dajatev. Odgovornost za carinjenje in pla\u010dilo vseh povezanih davkov\/carin nosi kupec. <\/li>\n<li>Stranke iz EU: Prikazana cena vklju\u010duje veljavni davek, ki lahko zna\u0161a do 25 %, odvisno od va\u0161e dr\u017eave.<\/li>\n<li>Kanada Kupci: Prikazana cena vklju\u010duje veljavne davke, ki lahko vklju\u010dujejo 5 % davek na dodano vrednost (GST) in dodatne pokrajinske davke na prodajo (PST), harmonizirani davek na prodajo (HST) ali davek na prodajo v Quebecu (QST), odvisno od va\u0161e province.<\/li>\n<\/ul>\n<p><strong>Samo za stranke iz EU:<\/strong> Ekspresno DDP (dostavljeno s pla\u010dano dajatvijo). To pomeni: <\/p>\n<ul>\n<li>Vse carine in davki so vklju\u010deni v ceno, prikazano na strani izdelka.<\/li>\n<li>Ob dostavi vam ne bo treba pla\u010dati nobenih dodatnih stro\u0161kov.<\/li>\n<li>V redkih primerih te\u017eav, povezanih s carino, bo na\u0161a ekipa v va\u0161em imenu opravila postopek carinjenja in zagotovila nemoteno dostavo.<\/li>\n<p>Pomembne informacije o vra\u010dilih:<\/p>\n<li>\u010ce se odlo\u010dite vrniti naro\u010dilo ali zahtevate vra\u010dilo, se morate zavedati, da davkov in dajatev, pla\u010danih v va\u0161em imenu pod pogoji DDP, ni mogo\u010de vrniti.<\/li>\n<p>Podrobne informacije <a href=\"https:\/\/ayaneo.co\/sl\/pogoji-uporabe-storitev\/\" target=\"_blank\" rel=\"nofollow noopener\">so na voljo v na\u0161ih pogojih in dolo\u010dilih<\/a>.\n<\/ul>\n<p>[\/cg_accordion]\n[cg_accordion title=\"PODPORA STRANKAM\"]<\/p>\n<p>Imate vpra\u0161anje? Samo kratko besedilo nas lo\u010di od re\u0161itve va\u0161ega vpra\u0161anja! [\/cg_accordion]\n[cg_accordion title=\"PAKET VKLJU\u010cUJE\"]<\/p>\n<ul>\n<li>1x AYANEO 3 Za\u0161\u010dita zaslona<\/li>\n<\/ul>\n<p>[\/cg_accordion]\n","protected":false},"featured_media":45874,"template":"","meta":{"_acf_changed":false},"product_brand":[],"product_cat":[1236],"product_tag":[],"class_list":{"0":"post-17528","1":"product","2":"type-product","3":"status-publish","4":"has-post-thumbnail","6":"product_cat-dodatki","7":"product_shipping_class-low-end","8":"pa_accessory-type-screen-protector-sl","9":"pa_brand-ayaneo","11":"first","12":"instock","13":"sale","14":"taxable","15":"shipping-taxable","16":"purchasable","17":"product-type-simple"},"acf":[],"_links":{"self":[{"href":"https:\/\/ayaneo.co\/sl\/wp-json\/wp\/v2\/product\/17528","targetHints":{"allow":["GET"]}}],"collection":[{"href":"https:\/\/ayaneo.co\/sl\/wp-json\/wp\/v2\/product"}],"about":[{"href":"https:\/\/ayaneo.co\/sl\/wp-json\/wp\/v2\/types\/product"}],"wp:featuredmedia":[{"embeddable":true,"href":"https:\/\/ayaneo.co\/sl\/wp-json\/wp\/v2\/media\/45874"}],"wp:attachment":[{"href":"https:\/\/ayaneo.co\/sl\/wp-json\/wp\/v2\/media?parent=17528"}],"wp:term":[{"taxonomy":"product_brand","embeddable":true,"href":"https:\/\/ayaneo.co\/sl\/wp-json\/wp\/v2\/product_brand?post=17528"},{"taxonomy":"product_cat","embeddable":true,"href":"https:\/\/ayaneo.co\/sl\/wp-json\/wp\/v2\/product_cat?post=17528"},{"taxonomy":"product_tag","embeddable":true,"href":"https:\/\/ayaneo.co\/sl\/wp-json\/wp\/v2\/product_tag?post=17528"}],"curies":[{"name":"wp","href":"https:\/\/api.w.org\/{rel}","templated":true}]}}