{"id":17530,"date":"2025-05-02T12:08:14","date_gmt":"2025-05-02T12:08:14","guid":{"rendered":"https:\/\/ayaneo.co\/product\/ayaneo-zepni-ace\/"},"modified":"2025-12-11T00:14:12","modified_gmt":"2025-12-11T00:14:12","slug":"ayaneo-pocket-ace","status":"publish","type":"product","link":"https:\/\/ayaneo.co\/sl\/product\/ayaneo-pocket-ace\/","title":{"rendered":"AYANEO Pocket ACE"},"content":{"rendered":"\n<figure class=\"wp-block-video\"><video height=\"720\" style=\"aspect-ratio: 1280 \/ 720;\" width=\"1280\" controls=\"\" poster=\"https:\/\/ayaneo.co\/wp-content\/uploads\/2025\/05\/maxresdefault-5.jpg\" src=\"https:\/\/ayaneo.co\/wp-content\/uploads\/2025\/05\/ace.mp4\"><\/video><\/figure>\n\n<div class=\"wp-block-columns is-layout-flex wp-container-core-columns-is-layout-28f84493 wp-block-columns-is-layout-flex\">\n<div class=\"wp-block-column is-layout-flow wp-block-column-is-layout-flow\" style=\"flex-basis:33.33%\">\n<figure class=\"wp-block-image size-full\"><a href=\"https:\/\/ayaneo.co\/wp-content\/uploads\/2025\/05\/AYANEO-POCKET-ACE-MARKETING-DONE-01-1024x837-1.jpg\"><img fetchpriority=\"high\" decoding=\"async\" width=\"1024\" height=\"837\" src=\"https:\/\/ayaneo.co\/wp-content\/uploads\/2025\/05\/AYANEO-POCKET-ACE-MARKETING-DONE-01-1024x837-1.jpg\" alt=\"Ro&#x10D;na igralna konzola AYANEO Pocket ACE, ki je bila prikazana na mizi z barvitim gradientnim logotipom na zaslonu. Naprava ima D-pad, analogne palice in gumbe za delovanje, ki so osvetljeni v toplem okolju z zamegljenim oran&#x17E;nim ozadjem. \" class=\"wp-image-37460\" srcset=\"https:\/\/ayaneo.co\/wp-content\/uploads\/2025\/05\/AYANEO-POCKET-ACE-MARKETING-DONE-01-1024x837-1.jpg 1024w, https:\/\/ayaneo.co\/wp-content\/uploads\/2025\/05\/AYANEO-POCKET-ACE-MARKETING-DONE-01-1024x837-1-300x245.jpg 300w, https:\/\/ayaneo.co\/wp-content\/uploads\/2025\/05\/AYANEO-POCKET-ACE-MARKETING-DONE-01-1024x837-1-768x628.jpg 768w, https:\/\/ayaneo.co\/wp-content\/uploads\/2025\/05\/AYANEO-POCKET-ACE-MARKETING-DONE-01-1024x837-1-990x809.jpg 990w, https:\/\/ayaneo.co\/wp-content\/uploads\/2025\/05\/AYANEO-POCKET-ACE-MARKETING-DONE-01-1024x837-1-441x360.jpg 441w, https:\/\/ayaneo.co\/wp-content\/uploads\/2025\/05\/AYANEO-POCKET-ACE-MARKETING-DONE-01-1024x837-1-600x490.jpg 600w, https:\/\/ayaneo.co\/wp-content\/uploads\/2025\/05\/AYANEO-POCKET-ACE-MARKETING-DONE-01-1024x837-1-150x123.jpg 150w\" sizes=\"(max-width: 1024px) 100vw, 1024px\" \/><\/a><\/figure>\n<\/div>\n\n\n\n<div class=\"wp-block-column is-layout-flow wp-block-column-is-layout-flow\" style=\"flex-basis:66.66%\">\n<h3 class=\"wp-block-heading\">Do\u017eivite retro igranje kot \u0161e nikoli prej z AYANEO Pocket ACE<\/h3>\n\n\n\n<p>AYANEO Pocket ACE je revolucionarna ro\u010dna igralna naprava, ki brezhibno zdru\u017euje \u010dar retro iger z najsodobnej\u0161o sodobno tehnologijo. Ta naprava, ki \u010drpa navdih iz klasi\u010dnih vodoravnih ro\u010dnih konzol, ponuja nostalgi\u010dno estetiko v kombinaciji z zmogljivo zmogljivostjo, zato je odli\u010dna izbira tako za ljubitelje retro iger kot za sodobne igralce. <\/p>\n<\/div>\n<\/div>\n\n<hr class=\"wp-block-separator has-alpha-channel-opacity\"\/>\n\n<div class=\"wp-block-columns is-layout-flex wp-container-core-columns-is-layout-28f84493 wp-block-columns-is-layout-flex\">\n<div class=\"wp-block-column is-layout-flow wp-block-column-is-layout-flow\">\n<figure class=\"wp-block-image size-full\"><a href=\"https:\/\/ayaneo.co\/wp-content\/uploads\/2025\/05\/snapdragon_g3x_gen2_rounded-1024x837-1.png\"><img decoding=\"async\" width=\"1024\" height=\"837\" src=\"https:\/\/ayaneo.co\/wp-content\/uploads\/2025\/05\/snapdragon_g3x_gen2_rounded-1024x837-1.png\" alt=\"Oznaka procesorja Snapdragon G3x Gen 2 v zaobljenem zlatem kvadratu z rde&#x10D;im emblemom plamena na desni in krepkim rde&#x10D;im besedilom &quot;Snapdragon G3x Gen 2&quot; na levi.\" class=\"wp-image-37462\" srcset=\"https:\/\/ayaneo.co\/wp-content\/uploads\/2025\/05\/snapdragon_g3x_gen2_rounded-1024x837-1.png 1024w, https:\/\/ayaneo.co\/wp-content\/uploads\/2025\/05\/snapdragon_g3x_gen2_rounded-1024x837-1-300x245.png 300w, https:\/\/ayaneo.co\/wp-content\/uploads\/2025\/05\/snapdragon_g3x_gen2_rounded-1024x837-1-768x628.png 768w, https:\/\/ayaneo.co\/wp-content\/uploads\/2025\/05\/snapdragon_g3x_gen2_rounded-1024x837-1-990x809.png 990w, https:\/\/ayaneo.co\/wp-content\/uploads\/2025\/05\/snapdragon_g3x_gen2_rounded-1024x837-1-441x360.png 441w, https:\/\/ayaneo.co\/wp-content\/uploads\/2025\/05\/snapdragon_g3x_gen2_rounded-1024x837-1-600x490.png 600w, https:\/\/ayaneo.co\/wp-content\/uploads\/2025\/05\/snapdragon_g3x_gen2_rounded-1024x837-1-150x123.png 150w\" sizes=\"(max-width: 1024px) 100vw, 1024px\" \/><\/a><\/figure>\n\n\n\n<h3 class=\"wp-block-heading\">Uspe\u0161nost<\/h3>\n\n\n\n<p>Jedro Pocket ACE je igralna platforma Snapdragon G3x Gen 2, ki zagotavlja do 15 W trajne zmogljivosti. Ta zmogljivi procesor zagotavlja nemoteno emulacijo retro iger in u\u010dinkovito upravljanje sodobnih iger za sistem Android. Naprava ponuja ve\u010d na\u010dinov delovanja - var\u010devanje, ravnovesje, igra in maksimum -, ki uporabnikom omogo\u010dajo, da optimizirajo delovanje glede na svoje igralne potrebe.  <\/p>\n<\/div>\n\n\n\n<div class=\"wp-block-column is-layout-flow wp-block-column-is-layout-flow\">\n<figure class=\"wp-block-image size-full\"><a href=\"https:\/\/ayaneo.co\/wp-content\/uploads\/2025\/05\/AYANEO-POCKET-ACE-MARKETING-DONE-02-1024x837-1.jpg\"><img decoding=\"async\" width=\"1024\" height=\"837\" src=\"https:\/\/ayaneo.co\/wp-content\/uploads\/2025\/05\/AYANEO-POCKET-ACE-MARKETING-DONE-02-1024x837-1.jpg\" alt=\"Dve ro&#x10D;ni igralni konzoli AYANEO Pocket ACE druga ob drugi - ena bela z rde&#x10D;imi gumbi z oznako &quot;Retro Power&quot; in ena &#x10D;rna s temnimi gumbi. Obe prikazujeta barvito &#x10D;rtasto grafiko zaslona, ki se razlikuje po barvnih shemah. Osvetljeni sta s toplimi in hladnimi toni, ki poudarjajo zasnovo strojne opreme in gumbe na ramenih.  \" class=\"wp-image-37463\" srcset=\"https:\/\/ayaneo.co\/wp-content\/uploads\/2025\/05\/AYANEO-POCKET-ACE-MARKETING-DONE-02-1024x837-1.jpg 1024w, https:\/\/ayaneo.co\/wp-content\/uploads\/2025\/05\/AYANEO-POCKET-ACE-MARKETING-DONE-02-1024x837-1-300x245.jpg 300w, https:\/\/ayaneo.co\/wp-content\/uploads\/2025\/05\/AYANEO-POCKET-ACE-MARKETING-DONE-02-1024x837-1-768x628.jpg 768w, https:\/\/ayaneo.co\/wp-content\/uploads\/2025\/05\/AYANEO-POCKET-ACE-MARKETING-DONE-02-1024x837-1-990x809.jpg 990w, https:\/\/ayaneo.co\/wp-content\/uploads\/2025\/05\/AYANEO-POCKET-ACE-MARKETING-DONE-02-1024x837-1-441x360.jpg 441w, https:\/\/ayaneo.co\/wp-content\/uploads\/2025\/05\/AYANEO-POCKET-ACE-MARKETING-DONE-02-1024x837-1-600x490.jpg 600w, https:\/\/ayaneo.co\/wp-content\/uploads\/2025\/05\/AYANEO-POCKET-ACE-MARKETING-DONE-02-1024x837-1-150x123.jpg 150w\" sizes=\"(max-width: 1024px) 100vw, 1024px\" \/><\/a><\/figure>\n\n\n\n<h3 class=\"wp-block-heading\">Krmilniki in vhodi<\/h3>\n\n\n\n<p>\u017depni ACE je opremljen z vsestransko razporeditvijo upravljalnikov, ki je zasnovana za razli\u010dne zvrsti iger. Klju\u010dne funkcije vklju\u010dujejo. <\/p>\n\n\n\n<ul class=\"wp-block-list\">\n<li>Srednji dvojni analogni joysticki s Hall-efektom za natan\u010den vnos<\/li>\n\n\n\n<li>Linearni spro\u017eilci s Hallovim u\u010dinkom za odziven nadzor<\/li>\n\n\n\n<li>D-pad v retro slogu je name\u0161\u010den na vrhu za klasi\u010dno igranje iger<\/li>\n\n\n\n<li>Obrazni gumbi ABXY s prilagodljivimi postavitvami<\/li>\n\n\n\n<li>Dodatni gumbi, vklju\u010dno z bli\u017enjicami za Home, Turbo in emulator<\/li>\n<\/ul>\n<\/div>\n\n\n\n<div class=\"wp-block-column is-layout-flow wp-block-column-is-layout-flow\">\n<figure class=\"wp-block-image size-full\"><a href=\"https:\/\/ayaneo.co\/wp-content\/uploads\/2025\/05\/seamless_power_combination_rounded-1024x837-1.png\"><img loading=\"lazy\" decoding=\"async\" width=\"1024\" height=\"837\" src=\"https:\/\/ayaneo.co\/wp-content\/uploads\/2025\/05\/seamless_power_combination_rounded-1024x837-1.png\" alt=\"Infografika, ki promovira zmogljivostne lastnosti ro&#x10D;ne igralne konzole. Najpomembnej&#x161;i so pomnilnik LPDDR5X s hitrostjo 8533 Mb\/s, pomnilnik UFS 4.0 s hitrostjo branja ve&#x10D; kot 4000 MB\/s in podpora za veliko pomnilni&#x161;ko zmogljivost, ki omogo&#x10D;a shranjevanje &#x161;tevilnih iger. Tri plo&#x161;&#x10D;e prikazujejo pomnilnik, shrambo in knji&#x17E;nico iger s pik&#x10D;asto grafiko in sli&#x10D;icami naslovnic iger.  \" class=\"wp-image-37464\" srcset=\"https:\/\/ayaneo.co\/wp-content\/uploads\/2025\/05\/seamless_power_combination_rounded-1024x837-1.png 1024w, https:\/\/ayaneo.co\/wp-content\/uploads\/2025\/05\/seamless_power_combination_rounded-1024x837-1-300x245.png 300w, https:\/\/ayaneo.co\/wp-content\/uploads\/2025\/05\/seamless_power_combination_rounded-1024x837-1-768x628.png 768w, https:\/\/ayaneo.co\/wp-content\/uploads\/2025\/05\/seamless_power_combination_rounded-1024x837-1-990x809.png 990w, https:\/\/ayaneo.co\/wp-content\/uploads\/2025\/05\/seamless_power_combination_rounded-1024x837-1-441x360.png 441w, https:\/\/ayaneo.co\/wp-content\/uploads\/2025\/05\/seamless_power_combination_rounded-1024x837-1-600x490.png 600w, https:\/\/ayaneo.co\/wp-content\/uploads\/2025\/05\/seamless_power_combination_rounded-1024x837-1-150x123.png 150w\" sizes=\"(max-width: 1024px) 100vw, 1024px\" \/><\/a><\/figure>\n\n\n\n<h3 class=\"wp-block-heading\">Shranjevanje in povezljivost<\/h3>\n\n\n\n<p>AYANEO Pocket ACE ponuja prilagodljive mo\u017enosti shranjevanja za razli\u010dne potrebe uporabnikov.<\/p>\n\n\n\n<ul class=\"wp-block-list\">\n<li>8 GB RAM + 128 GB prostora za shranjevanje<\/li>\n\n\n\n<li>12 GB RAM + 256 GB prostora za shranjevanje<\/li>\n\n\n\n<li>16 GB RAM + 512 GB prostora za shranjevanje<\/li>\n\n\n\n<li>16 GB RAM + 1 TB shrambe<\/li>\n<\/ul>\n\n\n\n<p>Na voljo je tudi re\u017ea za kartico microSD za enostavno raz\u0161iritev pomnilni\u0161ke zmogljivosti. Kar zadeva povezljivost, naprava vklju\u010duje hitri Wi-Fi, Bluetooth 5.3 in vrata USB 3.2 Gen 2 Type-C, ki podpirajo prenos podatkov 10 Gb\/s in video izhod DP 1.4. <\/p>\n<\/div>\n<\/div>\n\n<hr class=\"wp-block-separator has-alpha-channel-opacity\"\/>\n\n<div class=\"wp-block-columns is-layout-flex wp-container-core-columns-is-layout-28f84493 wp-block-columns-is-layout-flex\">\n<div class=\"wp-block-column is-layout-flow wp-block-column-is-layout-flow\">\n<figure class=\"wp-block-image size-full\"><a href=\"https:\/\/ayaneo.co\/wp-content\/uploads\/2025\/05\/ips_screen_rounded-1-1024x837-1.png\"><img loading=\"lazy\" decoding=\"async\" width=\"1024\" height=\"837\" src=\"https:\/\/ayaneo.co\/wp-content\/uploads\/2025\/05\/ips_screen_rounded-1-1024x837-1.png\" alt=\"Promocijska grafika za belo ro&#x10D;no igralno konzolo (AYNNO Pocket ACE). Na sliki sta dve konzoli, ki lebdita na svetlem ozadju z modro-rumenim prelivom. Na zaslonu konzole je prikazana barvita retro mavri&#x10D;na &#x10D;rta z besedilom &quot;AYNNO Pocket ACE&quot;. Na vrhu je belo besedilo: &quot;4,5-pal&#x10D;ni izvirni barvni zaslon IPS z izvrstnimi slikami, ki o&#x17E;ivijo.&quot;   \" class=\"wp-image-37465\" style=\"object-fit:cover\" srcset=\"https:\/\/ayaneo.co\/wp-content\/uploads\/2025\/05\/ips_screen_rounded-1-1024x837-1.png 1024w, https:\/\/ayaneo.co\/wp-content\/uploads\/2025\/05\/ips_screen_rounded-1-1024x837-1-300x245.png 300w, https:\/\/ayaneo.co\/wp-content\/uploads\/2025\/05\/ips_screen_rounded-1-1024x837-1-768x628.png 768w, https:\/\/ayaneo.co\/wp-content\/uploads\/2025\/05\/ips_screen_rounded-1-1024x837-1-990x809.png 990w, https:\/\/ayaneo.co\/wp-content\/uploads\/2025\/05\/ips_screen_rounded-1-1024x837-1-441x360.png 441w, https:\/\/ayaneo.co\/wp-content\/uploads\/2025\/05\/ips_screen_rounded-1-1024x837-1-600x490.png 600w, https:\/\/ayaneo.co\/wp-content\/uploads\/2025\/05\/ips_screen_rounded-1-1024x837-1-150x123.png 150w\" sizes=\"(max-width: 1024px) 100vw, 1024px\" \/><\/a><\/figure>\n\n\n\n<h3 class=\"wp-block-heading\">Oblikovanje in prikaz<\/h3>\n\n\n\n<p>AYANEO Pocket ACE ima elegantno in kompaktno obliko, ki spominja na tradicionalne vodoravne ro\u010dne konzole. Njegov 4,5-pal\u010dni zaslon IPS se pona\u0161a z lo\u010dljivostjo 1620 \u00d7 1080 slikovnih pik in razmerjem stranic 3 : 2, kar zagotavlja \u017eivahne barve in ostre slike, ki o\u017eivijo tako retro kot sodobne igre. Naprava je na voljo v treh razli\u010dnih barvah.  <\/p>\n\n\n\n<ul class=\"wp-block-list\">\n<li>\u010crni ples senc<\/li>\n\n\n\n<li>Light Blade White<\/li>\n\n\n\n<li>Retro Power (omejena izdaja)<\/li>\n<\/ul>\n\n\n\n<p>\u0160tirikrat ukrivljeni robovi in napredna UV prevleka zagotavljajo udoben oprijem in vrhunski ob\u010dutek, tako da so tudi dalj\u0161e igralne seanse prijetne.<\/p>\n<\/div>\n\n\n\n<div class=\"wp-block-column is-layout-flow wp-block-column-is-layout-flow\">\n<figure class=\"wp-block-image size-full\"><a href=\"https:\/\/ayaneo.co\/wp-content\/uploads\/2025\/05\/battery_6000mah_rounded-1024x837-1.png\"><img loading=\"lazy\" decoding=\"async\" width=\"1024\" height=\"837\" src=\"https:\/\/ayaneo.co\/wp-content\/uploads\/2025\/05\/battery_6000mah_rounded-1024x837-1.png\" alt=\"Promocijska grafika, ki poudarja zmogljivost baterije. Na temnem, &#x10D;rnem in zelenem gradientnem ozadju je prikazana velika, stilizirana ikona baterije z modro-zelenim gradientnim polnilom. Pod ikono je vidno prikazana &#x161;tevilka &quot;6000 mAh&quot;. Na vrhu je belo besedilo: &quot;Velika baterija s kapaciteto 6000 mAh za vzdr&#x17E;ljivo igranje kjerkoli in kadarkoli.&quot;   \" class=\"wp-image-37466\" srcset=\"https:\/\/ayaneo.co\/wp-content\/uploads\/2025\/05\/battery_6000mah_rounded-1024x837-1.png 1024w, https:\/\/ayaneo.co\/wp-content\/uploads\/2025\/05\/battery_6000mah_rounded-1024x837-1-300x245.png 300w, https:\/\/ayaneo.co\/wp-content\/uploads\/2025\/05\/battery_6000mah_rounded-1024x837-1-768x628.png 768w, https:\/\/ayaneo.co\/wp-content\/uploads\/2025\/05\/battery_6000mah_rounded-1024x837-1-990x809.png 990w, https:\/\/ayaneo.co\/wp-content\/uploads\/2025\/05\/battery_6000mah_rounded-1024x837-1-441x360.png 441w, https:\/\/ayaneo.co\/wp-content\/uploads\/2025\/05\/battery_6000mah_rounded-1024x837-1-600x490.png 600w, https:\/\/ayaneo.co\/wp-content\/uploads\/2025\/05\/battery_6000mah_rounded-1024x837-1-150x123.png 150w\" sizes=\"(max-width: 1024px) 100vw, 1024px\" \/><\/a><\/figure>\n\n\n\n<h3 class=\"wp-block-heading\">Baterija in dodatne funkcije<\/h3>\n\n\n\n<p>Pocket ACE poganja baterija s kapaciteto 6.000 mAh, ki podpira 40W PD hitro polnjenje, da lahko igrate dlje. Druge omembe vredne funkcije vklju\u010dujejo. <\/p>\n\n\n\n<ul class=\"wp-block-list\">\n<li>0916B Linearni motor Surge za potopne hapti\u010dne povratne informacije<\/li>\n\n\n\n<li>\u0160estosni \u017eiroskop za nadzor gibanja<\/li>\n\n\n\n<li>Napreden hladilni sistem z izjemno tankim ventilatorjem, rebri za odvajanje toplote in bakreno plo\u0161\u010do<\/li>\n\n\n\n<li>Prepoznavanje prstnih odtisov, vgrajeno v gumb za vklop<\/li>\n<\/ul>\n\n\n\n<p>Te funkcije zagotavljajo optimalno zmogljivost in izbolj\u0161ano igralno izku\u0161njo.<\/p>\n<\/div>\n<\/div>\n\n<hr class=\"wp-block-separator has-alpha-channel-opacity\"\/>\n\n<h3 class=\"wp-block-heading\">Uporabni\u0161ka izku\u0161nja in zaklju\u010dek<\/h3>\n\n<p>AYANEO Pocket ACE se odlikuje kot vrhunska ro\u010dna igralna naprava, ki odra\u017ea bistvo klasi\u010dnih retro iger, hkrati pa ponuja mo\u010d in vsestranskost sodobne tehnologije. Zaradi svoje kompaktne zasnove, zmogljive zmogljivosti in prilagodljivega upravljanja je izjemna izbira za igralce, ki i\u0161\u010dejo prenosno in poglobljeno igralno izku\u0161njo. <\/p>\n\n<p>Oglejte si na\u0161 pregled <a href=\"https:\/\/droix.net\/blogs\/ayaneo-pocket-ace-review\/\" target=\"_blank\" rel=\"noreferrer noopener nofollow\">tukaj.<\/a><\/p>\n\n<p><\/p>\n","protected":false},"excerpt":{"rendered":"<ul>\n<li>Procesor: Qualcomm<strong> G3x Gen 2<\/strong><\/li>\n<li>Zaslon: 4,5-pal\u010dni<strong> zaslon<\/strong> IPS<strong> brez robov na dotik<\/strong> <\/li>\n<li>Pomnilnik RAM: do 16 GB<strong> LPDDR5X<\/strong> @ 8533 <strong>MT\/s<\/strong><\/li>\n<li>Shranjevanje: Do<strong> 1 TB UFS<\/strong> 4.0<\/li>\n<li>Povezljivost: Wi-Fi<strong> 7 in<\/strong> Bluetooth <strong> 5.3<\/strong><\/li>\n<\/ul>\n<p><img loading=\"lazy\" decoding=\"async\" src=\"https:\/\/ayaneo.co\/wp-content\/uploads\/2025\/05\/acegifts2.jpg\" alt=\"Promocijska pasica za  \" free=\"\" gifts=\"\" that=\"\" are=\"\" added=\"\" to=\"\" cart=\"\" for=\"\" a=\"\" handheld=\"\" gaming=\"\" console.=\"\" the=\"\" text=\"\" is=\"\" in=\"\" large=\"\" dark=\"\" grey=\"\" font=\"\" on=\"\" light=\"\" background.=\"\" image=\"\" displays=\"\" grid=\"\" of=\"\" product=\"\" accessories=\"\" with=\"\" case=\"\" protector=\"\" and=\"\" caps=\"\" width=\"1000\" height=\"140\" class=\"alignnone size-full wp-image-30151\" labels:=\"\" srcset=\"https:\/\/ayaneo.co\/wp-content\/uploads\/2025\/05\/acegifts2.jpg 1000w, https:\/\/ayaneo.co\/wp-content\/uploads\/2025\/05\/acegifts2-300x42.jpg 300w, https:\/\/ayaneo.co\/wp-content\/uploads\/2025\/05\/acegifts2-768x108.jpg 768w, https:\/\/ayaneo.co\/wp-content\/uploads\/2025\/05\/acegifts2-990x139.jpg 990w, https:\/\/ayaneo.co\/wp-content\/uploads\/2025\/05\/acegifts2-441x62.jpg 441w, https:\/\/ayaneo.co\/wp-content\/uploads\/2025\/05\/acegifts2-600x84.jpg 600w, https:\/\/ayaneo.co\/wp-content\/uploads\/2025\/05\/acegifts2-150x21.jpg 150w\" sizes=\"(max-width: 1000px) 100vw, 1000px\" \/><\/p>\n[cg_accordion title=\"INFORMACIJE O PLA\u010cILU\"]<\/p>\n<p>Uporabljamo najnovej\u0161o tehnologijo za obdelavo pla\u010dil, ki vam omogo\u010da, da se na blagajni naro\u010dite prek Apple Pay, Google Pay, debetne\/kreditne kartice, PayPal ali metod BNPL, kot so Klarna, Affirm ali AfterPay, kar zagotavlja hitro in varno izku\u0161njo.[\/cg_accordion]\n[cg_accordion title=\"GARANCIJA\"]<\/p>\n<p>1 leto garancije <a href=\"https:\/\/droix.net\/\" target=\"_blank\" rel=\"nofollow noopener\">DROIX Global za<\/a> va\u0161 mir[\/cg_accordion]\n[cg_accordion title=\"ZAGOTAVLJANJE KAKOVOSTI IN TESTIRANJE PRED ODPREMO\"]<\/p>\n<p>Zagotavljanje zadovoljstva strank na najvi\u0161ji ravni: Vsaka naprava je pred odpremo strogo preizku\u0161ena in preverjena v ve\u010d to\u010dkah za zagotavljanje kakovosti. Na\u0161a predana ekipa preveri delovanje, funkcionalnost in celovitost komponent, s \u010dimer zagotovimo, da bo va\u0161a naprava AYANEO ob prihodu v popolnem delovnem stanju, kar vam zagotavlja zaupanje in mir v du\u0161i. [\/cg_accordion]\n[cg_accordion title=\"CENE, DAVKI IN PO\u0160ILJANJE\"]<\/p>\n<p><strong><u>Opomba:<\/u><\/strong><\/p>\n<ul>\n<li>Zdru\u017eene dr\u017eave Amerike Kupci: Prikazana cena NE vklju\u010duje davka in dajatev. Odgovornost za carinjenje in pla\u010dilo vseh povezanih davkov\/carin nosi kupec. <\/li>\n<li>Stranke iz EU: Prikazana cena vklju\u010duje veljavni davek, ki lahko zna\u0161a do 25 %, odvisno od va\u0161e dr\u017eave.<\/li>\n<li>Kanada Kupci: Prikazana cena vklju\u010duje veljavne davke, ki lahko vklju\u010dujejo 5 % davek na dodano vrednost (GST) in dodatne pokrajinske davke na prodajo (PST), harmonizirani davek na prodajo (HST) ali davek na prodajo v Quebecu (QST), odvisno od va\u0161e province.<\/li>\n<\/ul>\n<p><strong>Samo za stranke iz EU:<\/strong> Ekspresno DDP (dostavljeno s pla\u010dano dajatvijo). To pomeni: <\/p>\n<ul>\n<li>Vse carine in davki so vklju\u010deni v ceno, prikazano na strani izdelka.<\/li>\n<li>Ob dostavi vam ne bo treba pla\u010dati nobenih dodatnih stro\u0161kov.<\/li>\n<li>V redkih primerih te\u017eav, povezanih s carino, bo na\u0161a ekipa v va\u0161em imenu opravila postopek carinjenja in zagotovila nemoteno dostavo.<\/li>\n<p>Pomembne informacije o vra\u010dilih:<\/p>\n<li>\u010ce se odlo\u010dite vrniti naro\u010dilo ali zahtevate vra\u010dilo, se morate zavedati, da davkov in dajatev, pla\u010danih v va\u0161em imenu pod pogoji DDP, ni mogo\u010de vrniti.<\/li>\n<p>Podrobne informacije <a href=\"https:\/\/ayaneo.co\/sl\/pogoji-uporabe-storitev\/\" target=\"_blank\" rel=\"nofollow noopener\">so na voljo v na\u0161ih pogojih in dolo\u010dilih<\/a>.\n<\/ul>\n<p>[\/cg_accordion]\n[cg_accordion title=\"PODPORA STRANKAM\"]<\/p>\n<p>Imate vpra\u0161anje? Samo kratko besedilo nas lo\u010di od re\u0161itve va\u0161ega vpra\u0161anja! [\/cg_accordion]\n[cg_accordion title=\"PAKET VKLJU\u010cUJE\"]<\/p>\n<ul>\n<li>1x AYANEO Pocket ACE<\/li>\n<li>1x kabel USB tipa C<\/li>\n<li>1x uporabni\u0161ki priro\u010dnik<\/li>\n<\/ul>\n<p>[\/cg_accordion]\n","protected":false},"featured_media":17531,"template":"","meta":{"_acf_changed":false},"product_brand":[],"product_cat":[1248],"product_tag":[],"class_list":{"0":"post-17530","1":"product","2":"type-product","3":"status-publish","4":"has-post-thumbnail","6":"product_cat-android-igralni-rocni-racunalnik","7":"product_shipping_class-premium","8":"pa_brand-ayaneo","9":"pa_graphics-gpu-model-adreno-a32","10":"pa_operating-system-android-13","11":"pa_processor-cpu-brand-qualcomm","13":"first","14":"outofstock","15":"taxable","16":"shipping-taxable","17":"purchasable","18":"product-type-variable","19":"has-default-attributes"},"acf":[],"_links":{"self":[{"href":"https:\/\/ayaneo.co\/sl\/wp-json\/wp\/v2\/product\/17530","targetHints":{"allow":["GET"]}}],"collection":[{"href":"https:\/\/ayaneo.co\/sl\/wp-json\/wp\/v2\/product"}],"about":[{"href":"https:\/\/ayaneo.co\/sl\/wp-json\/wp\/v2\/types\/product"}],"wp:featuredmedia":[{"embeddable":true,"href":"https:\/\/ayaneo.co\/sl\/wp-json\/wp\/v2\/media\/17531"}],"wp:attachment":[{"href":"https:\/\/ayaneo.co\/sl\/wp-json\/wp\/v2\/media?parent=17530"}],"wp:term":[{"taxonomy":"product_brand","embeddable":true,"href":"https:\/\/ayaneo.co\/sl\/wp-json\/wp\/v2\/product_brand?post=17530"},{"taxonomy":"product_cat","embeddable":true,"href":"https:\/\/ayaneo.co\/sl\/wp-json\/wp\/v2\/product_cat?post=17530"},{"taxonomy":"product_tag","embeddable":true,"href":"https:\/\/ayaneo.co\/sl\/wp-json\/wp\/v2\/product_tag?post=17530"}],"curies":[{"name":"wp","href":"https:\/\/api.w.org\/{rel}","templated":true}]}}