{"id":17549,"date":"2025-03-27T09:55:33","date_gmt":"2025-03-27T09:55:33","guid":{"rendered":"https:\/\/ayaneo.co\/product\/ayaneo-air-pro\/"},"modified":"2025-05-30T16:01:32","modified_gmt":"2025-05-30T16:01:32","slug":"ayaneo-air-pro","status":"publish","type":"product","link":"https:\/\/ayaneo.co\/sl\/product\/ayaneo-air-pro\/","title":{"rendered":"AYANEO AIR PRO"},"content":{"rendered":"\n<h2 class=\"wp-block-heading\">AYANEO Air<\/h2>\n\n<figure class=\"wp-block-image\"><img decoding=\"async\" src=\"https:\/\/droix.net\/wp-content\/uploads\/2022\/10\/TEXT.png\" alt=\"\" title=\"AYA NEO AIR PRO 1\"\/><\/figure>\n\n<figure class=\"wp-block-image\"><img decoding=\"async\" src=\"https:\/\/droix.net\/wp-content\/uploads\/2022\/10\/cpu-perf.png\" alt=\"\" title=\"AYA NEO AIR PRO 2\"\/><\/figure>\n\n<h2 class=\"wp-block-heading\">Zmogljiv procesor<\/h2>\n\n<figure class=\"wp-block-image\"><img decoding=\"async\" src=\"https:\/\/droix.net\/wp-content\/uploads\/2022\/10\/oled.png\" alt=\"\" title=\"AYA NEO AIR PRO 3\"\/><\/figure>\n\n<h2 class=\"wp-block-heading\">Oster OLED Zaslon<\/h2>\n\n<figure class=\"wp-block-image\"><img decoding=\"async\" src=\"https:\/\/droix.net\/wp-content\/uploads\/2022\/10\/controller.png\" alt=\"\" title=\"AYA NEO AIR PRO 4\"\/><\/figure>\n\n<h2 class=\"wp-block-heading\">Igralni krmilniki<\/h2>\n\n<figure class=\"wp-block-image\"><img decoding=\"async\" src=\"https:\/\/droix.net\/wp-content\/uploads\/2022\/10\/hall-joystick.png\" alt=\"\" title=\"AYA NEO AIR PRO 5\"\/><\/figure>\n\n<h2 class=\"wp-block-heading\">HALL Joysticki<\/h2>\n\n<figure class=\"wp-block-image\"><img decoding=\"async\" src=\"https:\/\/droix.net\/wp-content\/uploads\/2022\/10\/light.png\" alt=\"\" title=\"AYA NEO AIR PRO 6\"\/><\/figure>\n\n<h2 class=\"wp-block-heading\">Lahka stran<\/h2>\n\n<figure class=\"wp-block-image\"><img decoding=\"async\" src=\"https:\/\/droix.net\/wp-content\/uploads\/2022\/10\/lightweight.png\" alt=\"\" title=\"AYA NEO AIR PRO 7\"\/><\/figure>\n\n<h2 class=\"wp-block-heading\">Prenosni<\/h2>\n\n<figure class=\"wp-block-image\"><img decoding=\"async\" src=\"https:\/\/droix.net\/wp-content\/uploads\/2022\/10\/ayaspace.png\" alt=\"\" title=\"AYA NEO AIR PRO 8\"\/><\/figure>\n\n<h2 class=\"wp-block-heading\">AYASpace<\/h2>\n\n<figure class=\"wp-block-image\"><img decoding=\"async\" src=\"https:\/\/droix.net\/wp-content\/uploads\/2022\/10\/storage-expansion.png\" alt=\"\" title=\"AYA NEO AIR PRO 9\"\/><\/figure>\n\n<h2 class=\"wp-block-heading\">Raz\u0161irljivo shranjevanje<\/h2>\n\n<h2 class=\"wp-block-heading\">AYANEO Air<\/h2>\n\n<h2 class=\"wp-block-heading\">18mm<\/h2>\n\n<h2 class=\"wp-block-heading\">AYANEO Air Pro<\/h2>\n\n<h2 class=\"wp-block-heading\">21,6 mm<\/h2>\n\n<figure class=\"wp-block-image\"><img decoding=\"async\" src=\"https:\/\/droix.net\/wp-content\/uploads\/2022\/10\/1.png\" alt=\"\" title=\"AYA NEO AIR PRO 10\"\/><\/figure>\n\n<figure class=\"wp-block-image\"><img decoding=\"async\" src=\"https:\/\/droix.net\/wp-content\/uploads\/2022\/10\/2.png\" alt=\"\" title=\"AYA NEO AIR PRO 11\"\/><\/figure>\n\n<figure class=\"wp-block-image\"><img decoding=\"async\" src=\"https:\/\/droix.net\/wp-content\/uploads\/2022\/10\/6.png\" alt=\"\" title=\"AYA NEO AIR PRO 12\"\/><\/figure>\n\n<figure class=\"wp-block-image\"><img decoding=\"async\" src=\"https:\/\/droix.net\/wp-content\/uploads\/2022\/10\/3.png\" alt=\"\" title=\"AYA NEO AIR PRO 13\"\/><\/figure>\n\n<figure class=\"wp-block-image\"><img decoding=\"async\" src=\"https:\/\/droix.net\/wp-content\/uploads\/2022\/10\/8.png\" alt=\"\" title=\"AYA NEO AIR PRO 14\"\/><\/figure>\n\n<figure class=\"wp-block-image\"><img decoding=\"async\" src=\"https:\/\/droix.net\/wp-content\/uploads\/2022\/10\/4.png\" alt=\"\" title=\"AYA NEO AIR PRO 15\"\/><\/figure>\n\n<figure class=\"wp-block-image\"><img decoding=\"async\" src=\"https:\/\/droix.net\/wp-content\/uploads\/2022\/10\/5.png\" alt=\"\" title=\"AYA NEO AIR PRO 16\"\/><\/figure>\n\n<figure class=\"wp-block-image\"><img decoding=\"async\" src=\"https:\/\/droix.net\/wp-content\/uploads\/elementor\/thumbs\/7-q8z5dcnq498hbirw1mfy0omf1l06qm1syszlslccn4.png\" alt=\"7.png\" title=\"7.png\"\/><\/figure>\n\n<figure class=\"wp-block-image\"><img decoding=\"async\" src=\"https:\/\/droix.net\/wp-content\/uploads\/elementor\/thumbs\/9-q8z5dcnq498hbirw1mfy0omf1l06qm1syszlslccn4.png\" alt=\"9.png\" title=\"9.png\"\/><\/figure>\n\n<h2 class=\"wp-block-heading\">Do\u017eivite igre na jasnem zaslonu OLED <\/h2>\n\n<h2 class=\"wp-block-heading\">S 5,5-pal\u010dnim zaslonom AMOLED z visoko barvno paleto.<\/h2>\n\n<h2 class=\"wp-block-heading\">U\u010dinek \u0161irokega barvnega razpona, NTSC 109 %, omogo\u010da bolj realisti\u010den prikaz.<br\/>S kontrastnim razmerjem do 100 000 : 1 so barve bogatej\u0161e in \u017eivahnej\u0161e.<br\/>Do\u017eivite \u010diste \u010drne odtenke in visoko kontrastne slike svojih najljub\u0161ih naslovov. AYANEO Air ima s 404 pikami na palec najvi\u0161ji PPI, ki ga najdemo v ro\u010dnem ra\u010dunalniku z igralnim sistemom Windows. <\/h2>\n\n<figure class=\"wp-block-image\"><img decoding=\"async\" src=\"https:\/\/droix.net\/wp-content\/uploads\/2022\/10\/oled-info-1024x309.png\" alt=\"\" title=\"AYA NEO AIR PRO 17\"\/><\/figure>\n\n<h2 class=\"wp-block-heading\">Izjemno tanek in lahek<\/h2>\n\n<h2 class=\"wp-block-heading\">AYANEO Air je bil razvit z mislijo na prenosljivost, da bi to dosegli, pa smo morali zdru\u017eiti in stisniti pribli\u017eno 3500 sestavnih delov v to igralno dlan\u010dnik s sistemom Windows.<br\/>V tem izjemno prenosnem igralnem dlan\u010dniku je strojna oprema, ki je vredna prenosnika.<br\/>In da se ta \u010dudovit paket zaklju\u010di, sta kon\u010dnemu uporabniku vidna le dva vijaka.<\/h2>\n\n<h2 class=\"wp-block-heading\">Nov pogled na prenosne ro\u010dne ra\u010dunalnike<\/h2>\n\n<h2 class=\"wp-block-heading\">Tehta le 398 g*<\/h2>\n\n<figure class=\"wp-block-image\"><img decoding=\"async\" src=\"https:\/\/droix.net\/wp-content\/uploads\/2022\/10\/ayaneo_air-vs-switch.png\" alt=\"\" title=\"AYA NEO AIR PRO 18\"\/><\/figure>\n\n<h2 class=\"wp-block-heading\">AYANEO Air Lite* - 398 g<br\/>AYANEO Air Standard - 398 g<br\/>AYANEO Air Pro - 440 g<\/h2>\n\n<h2 class=\"wp-block-heading\">Precej manj\u0161i od Steam Deck<br\/> In \u0161e manj\u0161i od stikala<\/h2>\n\n<figure class=\"wp-block-image\"><img decoding=\"async\" src=\"https:\/\/droix.net\/wp-content\/uploads\/2022\/10\/ayaneo-sd-switch.png\" alt=\"\" title=\"AYA NEO AIR PRO 19\"\/><\/figure>\n\n<h2 class=\"wp-block-heading\">398 g AYANEO Air<\/h2>\n\n<h2 class=\"wp-block-heading\">223,9 \u00d7 89,4 \u00d7 18 mm<\/h2>\n\n<h2 class=\"wp-block-heading\">420 g Nintendo Switch<\/h2>\n\n<h2 class=\"wp-block-heading\">242x102x13,9 mm<\/h2>\n\n<h2 class=\"wp-block-heading\">669g Steam Deck<\/h2>\n\n<h2 class=\"wp-block-heading\">298x117x20mm<\/h2>\n\n<h2 class=\"wp-block-heading\">Igre AAA na poti?<\/h2>\n\n<h2 class=\"wp-block-heading\">AYANEO Air je opremljen z mo\u010djo RED, saj ima procesor AMD Ryzen 5 5560U ali 5825U (na voljo samo v AYANEO Air Pro).<br\/>Ti procesorji APU niso odli\u010dni le za igranje iger, temve\u010d tudi za manj\u0161o porabo energije, kar vam omogo\u010da dalj\u0161e igranje va\u0161ih najljub\u0161ih iger.<\/h2>\n\n<figure class=\"wp-block-image\"><img decoding=\"async\" src=\"https:\/\/droix.net\/wp-content\/uploads\/2022\/10\/cpu-1-1-300x300.png\" alt=\"\" title=\"AYA NEO AIR PRO 20\"\/><\/figure>\n\n<h2 class=\"wp-block-heading\">Zahvaljujo\u010d postopku 7nn podjetja TSMC je AYANEO Air var\u010den z energijo, hkrati pa ohranja visoko zmogljivost v va\u0161ih najljub\u0161ih igrah.<\/h2>\n\n<figure class=\"wp-block-image\"><img decoding=\"async\" src=\"https:\/\/droix.net\/wp-content\/uploads\/2022\/10\/cpu-2-1-300x300.png\" alt=\"\" title=\"AYA NEO AIR PRO 21\"\/><\/figure>\n\n<h2 class=\"wp-block-heading\">Procesor AMD Ryzen 7 5825U APU, ki je na voljo samo v ra\u010dunalniku AYANEO Air Pro, deluje s 100 MHz hitreje kot procesor 5800U in je odli\u010den za igranje iger na poti.<\/h2>\n\n<h2 class=\"wp-block-heading\">Preberite ve\u010d o svojih najljub\u0161ih igrah<\/h2>\n\n<figure class=\"wp-block-image\"><img decoding=\"async\" src=\"https:\/\/droix.net\/wp-content\/uploads\/2022\/08\/games-1.png\" alt=\"igre-1\" title=\"AYA NEO AIR PRO 22\"\/><\/figure>\n\n<figure class=\"wp-block-image\"><img decoding=\"async\" src=\"https:\/\/droix.net\/wp-content\/uploads\/2022\/08\/games-2.png\" alt=\"igre-2\" title=\"AYA NEO AIR PRO 23\"\/><\/figure>\n\n<figure class=\"wp-block-image\"><img decoding=\"async\" src=\"https:\/\/droix.net\/wp-content\/uploads\/elementor\/thumbs\/ayaneo-master-q8z5dcnq497mmmrgjif980vegtbvts312kqur5jx8g.png\" alt=\"ayaneo-master.png\" title=\"ayaneo-master.png\"\/><\/figure>\n\n<h2 class=\"wp-block-heading\">Postanite mojster na boji\u0161\u010du s kompletom GuliKit.<\/h2>\n\n<h2 class=\"wp-block-heading\">AYANEOv sodelovanju s podjetjem GuliKit vam zagotavljamo najbolj\u0161o igralno izku\u0161njo. Ta ro\u010dni ra\u010dunalnik za ra\u010dunalni\u0161ke igre je prvi model, ki je opremljen z visokokakovostnimi ro\u010dicami GuliKit. <\/h2>\n\n<figure class=\"wp-block-image\"><img decoding=\"async\" src=\"https:\/\/droix.net\/wp-content\/uploads\/elementor\/thumbs\/gulikit-logo-q8z5dcnq497ijbaloaorilpee1n1klosjvnack8xkw.png\" alt=\"gulikit-logo.png\" title=\"gulikit-logo.png\"\/><\/figure>\n\n<figure class=\"wp-block-image\"><img decoding=\"async\" src=\"https:\/\/droix.net\/wp-content\/uploads\/2022\/10\/ayaneo-joystick-device.png\" alt=\"\" title=\"AYA NEO AIR PRO 24\"\/><\/figure>\n\n<h2 class=\"wp-block-heading\">Joysticki brez mrtvega obmo\u010dja<\/h2>\n\n<h2 class=\"wp-block-heading\">Notranji in zunanji krogi so 100-odstotno brez \u201emrtvih con\u201c<br\/>To je kot nala\u0161\u010d za igre FPS.<\/h2>\n\n<h2 class=\"wp-block-heading\">Prilagoditev ob\u010dutljivosti spro\u017eilca<\/h2>\n\n<h2 class=\"wp-block-heading\">Z aplikacijo AYA Space lahko preprosto nadzirate potiskanje spro\u017eilca. Tako boste lahko spro\u017eilce pritisnili do 50 %, da bo u\u010dinek popoln. <\/h2>\n\n<h2 class=\"wp-block-heading\">Brez porabe energije v stanju pripravljenosti<\/h2>\n\n<h2 class=\"wp-block-heading\">Krmilnike lahko izklopite v aplikaciji AYA Space, s \u010dimer boste prihranili energijo.<\/h2>\n\n<h2 class=\"wp-block-heading\">Zamenjava tipk A-B X-Y<\/h2>\n\n<h2 class=\"wp-block-heading\">Ste vajeni japonske postavitve? Ni te\u017eav! Z aplikacijo AYA Space lahko zamenjate postavitev.  <\/h2>\n\n<figure class=\"wp-block-image\"><img decoding=\"async\" src=\"https:\/\/droix.net\/wp-content\/uploads\/2022\/10\/11.png\" alt=\"\" title=\"AYA NEO AIR PRO 25\"\/><\/figure>\n\n<h2 class=\"wp-block-heading\">Brez odna\u0161anja<\/h2>\n\n<h2 class=\"wp-block-heading\">AYANEO Airjevi joysticki uporabljajo elektromagnetne kolebnice, ki zagotavljajo, da ne prihaja do premikanja joysticka.<\/h2>\n\n<figure class=\"wp-block-image\"><img decoding=\"async\" src=\"https:\/\/droix.net\/wp-content\/uploads\/2022\/10\/22.png\" alt=\"\" title=\"AYA NEO AIR PRO 26\"\/><\/figure>\n\n<h2 class=\"wp-block-heading\">Brez mrtvega obmo\u010dja<\/h2>\n\n<h2 class=\"wp-block-heading\">Joysticki naprave AYANEO Air nimajo mrtve cone na sredini in zunanjih obro\u010dih joystickov.<\/h2>\n\n<figure class=\"wp-block-image\"><img decoding=\"async\" src=\"https:\/\/droix.net\/wp-content\/uploads\/2022\/10\/33.png\" alt=\"\" title=\"AYA NEO AIR PRO 27\"\/><\/figure>\n\n<h2 class=\"wp-block-heading\">Visoka natan\u010dnost<\/h2>\n\n<h2 class=\"wp-block-heading\">Omogo\u010da vam te\u017eko dosegljive posnetke v igrah FPS in nemoteno upravljanje vozila v igrah vo\u017enje.<\/h2>\n\n<figure class=\"wp-block-image\"><img decoding=\"async\" src=\"https:\/\/droix.net\/wp-content\/uploads\/2022\/10\/44.png\" alt=\"\" title=\"AYA NEO AIR PRO 28\"\/><\/figure>\n\n<h2 class=\"wp-block-heading\">Dolga \u017eivljenjska doba<\/h2>\n\n<h2 class=\"wp-block-heading\">\u017divljenjska doba ro\u010dic Hall je 5 milijonov uporab. To bo zagotovilo, da se bo va\u0161 AYANEO Air obna\u0161al <\/h2>\n\n<h2 class=\"wp-block-heading\">EKSKLUZIVNO za AYANEO naprave<\/h2>\n\n<h2 class=\"wp-block-heading\">AYA Space<\/h2>\n\n<h2 class=\"wp-block-heading\">Z aplikacijo AYA Space lahko v nekaj sekundah upravljate in za\u017eenete svoje najljub\u0161e igre.<br\/>Z aplikacijo AYA Space lahko nastavite profile zmogljivosti za posamezno igro in upravljate glavne funkcije naprave.<br\/>Naprava AYANEO Air je opremljena z namenskim gumbom AYA Space, s katerim lahko preprosto prikli\u010dete prekrivni program in prilagodite svetlost, glasnost in TDP - vse to z enim dotikom gumba.<\/h2>\n\n<figure class=\"wp-block-image\"><img decoding=\"async\" src=\"https:\/\/droix.net\/wp-content\/uploads\/2022\/10\/ayaspace-ui-768x625.png\" alt=\"\" title=\"AYA NEO AIR PRO 29\"\/><\/figure>\n\n<h2 class=\"wp-block-heading\">Hitro shranjevanje, notranje ali zunanje<\/h2>\n\n<h2 class=\"wp-block-heading\">Notranji SSD<\/h2>\n\n<h2 class=\"wp-block-heading\">Vgrajena hitra povezava NVMe SSD z zmogljivostjo do 2 TB<\/h2>\n\n<figure class=\"wp-block-image\"><img decoding=\"async\" src=\"https:\/\/droix.net\/wp-content\/uploads\/2022\/10\/storage-1.png\" alt=\"\" title=\"AYA NEO AIR PRO 30\"\/><\/figure>\n\n<h2 class=\"wp-block-heading\">Re\u017ea za kartico TF\/Micro SD<\/h2>\n\n<h2 class=\"wp-block-heading\">Omogo\u010da enostavno nadgradnjo notranjega pomnilnika.<\/h2>\n\n<figure class=\"wp-block-image\"><img decoding=\"async\" src=\"https:\/\/droix.net\/wp-content\/uploads\/2022\/10\/storage-2.png\" alt=\"\" title=\"AYA NEO AIR PRO 31\"\/><\/figure>\n\n<figure class=\"wp-block-image\"><img decoding=\"async\" src=\"https:\/\/droix.net\/wp-content\/uploads\/2022\/10\/multi-use.jpg\" alt=\"\" title=\"AYA NEO AIR PRO 32\"\/><\/figure>\n","protected":false},"excerpt":{"rendered":"<ul>\n<li>AMD <strong>Ryzen 5 5560U<\/strong> \/ AMD <strong>Ryzen 7 5825U<\/strong><\/li>\n<li><strong>16 GB<\/strong> LPDDR4x @ 4266 MHz<\/li>\n<li><strong>do 1 TB<\/strong> hitri PCI-E <strong>M.2<\/strong> 2280 SSD<\/li>\n<li><strong>5,5-pal\u010dni OLED<\/strong> zaslon na dotik<\/li>\n<li>Podpora za <strong>WiFi 6<\/strong> in <strong>Bluetooth 5.2<\/strong> <\/li>\n<\/ul>\n[cg_accordion title=\"Garancija\"]<\/p>\n<p>Za AYANEO AIR PRO velja enoletna garancija podjetja <a href=\"https:\/\/droix.net\/\">DROIX Global<\/a>. [\/cg_accordion]\n[cg_accordion title=\"Cene, davki in dostava\"]<\/p>\n<p><strong><u>Opomba:<\/u><\/strong><\/p>\n<ul>\n<li>Zdru\u017eene dr\u017eave Amerike Kupci: Prikazana cena vklju\u010duje veljavni davek glede na va\u0161o zvezno dr\u017eavo.<\/li>\n<li>Stranke iz EU: Prikazana cena vklju\u010duje veljavni davek, ki lahko zna\u0161a do 25 %, odvisno od va\u0161e dr\u017eave.<\/li>\n<li>Kanada Kupci: Prikazana cena vklju\u010duje veljavne davke, ki lahko vklju\u010dujejo 5 % davek na dodano vrednost (GST) in dodatne pokrajinske davke na prodajo (PST), harmonizirani davek na prodajo (HST) ali davek na prodajo v Quebecu (QST), odvisno od va\u0161e province.<\/li>\n<\/ul>\n<p>[\/cg_accordion]\n[cg_accordion title=\"Dostava in vra\u010dila\"]<\/p>\n<p>Organizira ga <a href=\"https:\/\/droix.net\/\" target=\"_blank\" rel=\"nofollow noopener\">DROIX<\/a>, uradni distributer AYANEO, in po\u0161ilja z DHL Express DDP (Delivered Duty Paid). To pomeni: <\/p>\n<p>Hitro DDP (dostavljeno s pla\u010dano dajatvijo). To pomeni: <\/p>\n<ul>\n<li>Vse carine in davki so vklju\u010deni v ceno, prikazano na strani izdelka.<\/li>\n<li>Ob dostavi vam ne bo treba pla\u010dati nobenih dodatnih stro\u0161kov.<\/li>\n<li>V redkih primerih te\u017eav, povezanih s carino, bo na\u0161a ekipa v va\u0161em imenu opravila postopek carinjenja in zagotovila nemoteno dostavo.<\/li>\n<p>Pomembne informacije o vra\u010dilih:<\/p>\n<li>\u010ce se odlo\u010dite vrniti naro\u010dilo ali zahtevate vra\u010dilo, se morate zavedati, da davkov in dajatev, pla\u010danih v va\u0161em imenu pod pogoji DDP, ni mogo\u010de vrniti.<\/li>\n<p>Podrobne informacije so na voljo v na\u0161ih <a href=\"https:\/\/ayaneo.co\/terms-of-service-2\/\" target=\"_blank\" rel=\"nofollow noopener\">pogojih in dolo\u010dilih<\/a>.\n<\/ul>\n<p>[\/cg_accordion]\n[cg_accordion title=\"Podpora strankam\"]<\/p>\n<p>Imate vpra\u0161anje? Samo kratko besedilo nas lo\u010di od re\u0161itve va\u0161ega vpra\u0161anja! [\/cg_accordion]\n[cg_accordion title=\"Paket vklju\u010duje\"]<\/p>\n<ul>\n<li>1x AYANEO AIR PRO Gaming Handheld<\/li>\n<li>1x kabel USB tipa C<\/li>\n<li>1x napajalnik<\/li>\n<li>1x uporabni\u0161ki priro\u010dnik<\/li>\n<\/ul>\n<p>[\/cg_accordion]\n","protected":false},"featured_media":17550,"template":"","meta":{"_acf_changed":false},"product_brand":[],"product_cat":[1245],"product_tag":[],"class_list":{"0":"post-17549","1":"product","2":"type-product","3":"status-publish","4":"has-post-thumbnail","6":"product_cat-rocni-igralni-racunalniki","7":"product_shipping_class-premium","8":"pa_brand-ayaneo","9":"pa_graphics-gpu-model-radeon-graphics","10":"pa_operating-system-windows-11-home","11":"pa_processor-cpu-brand-amd","13":"first","14":"outofstock","15":"taxable","16":"shipping-taxable","17":"purchasable","18":"product-type-variable","19":"has-default-attributes"},"acf":[],"_links":{"self":[{"href":"https:\/\/ayaneo.co\/sl\/wp-json\/wp\/v2\/product\/17549","targetHints":{"allow":["GET"]}}],"collection":[{"href":"https:\/\/ayaneo.co\/sl\/wp-json\/wp\/v2\/product"}],"about":[{"href":"https:\/\/ayaneo.co\/sl\/wp-json\/wp\/v2\/types\/product"}],"wp:featuredmedia":[{"embeddable":true,"href":"https:\/\/ayaneo.co\/sl\/wp-json\/wp\/v2\/media\/17550"}],"wp:attachment":[{"href":"https:\/\/ayaneo.co\/sl\/wp-json\/wp\/v2\/media?parent=17549"}],"wp:term":[{"taxonomy":"product_brand","embeddable":true,"href":"https:\/\/ayaneo.co\/sl\/wp-json\/wp\/v2\/product_brand?post=17549"},{"taxonomy":"product_cat","embeddable":true,"href":"https:\/\/ayaneo.co\/sl\/wp-json\/wp\/v2\/product_cat?post=17549"},{"taxonomy":"product_tag","embeddable":true,"href":"https:\/\/ayaneo.co\/sl\/wp-json\/wp\/v2\/product_tag?post=17549"}],"curies":[{"name":"wp","href":"https:\/\/api.w.org\/{rel}","templated":true}]}}