{"id":17558,"date":"2025-05-08T13:01:34","date_gmt":"2025-05-08T13:01:34","guid":{"rendered":"https:\/\/ayaneo.co\/product\/ayaneo-ag01-graficna-postaja-starship\/"},"modified":"2026-01-06T00:32:13","modified_gmt":"2026-01-06T00:32:13","slug":"ayaneo-ag01","status":"publish","type":"product","link":"https:\/\/ayaneo.co\/sl\/product\/ayaneo-ag01\/","title":{"rendered":"AYANEO AG01 Grafi\u010dna postaja Starship"},"content":{"rendered":"\n<figure class=\"wp-block-video\"><video height=\"1080\" style=\"aspect-ratio: 1920 \/ 1080;\" width=\"1920\" controls=\"\" poster=\"https:\/\/ayaneo.co\/wp-content\/uploads\/2025\/05\/maxresdefault-4.jpg\" src=\"https:\/\/ayaneo.co\/wp-content\/uploads\/2025\/05\/AYANEO-AG01-Starship-Graphic-Dock_-Salute-to-The-Era-of-Space-Science-Explore-The-Gaming-World.mp4\"><\/video><\/figure>\n\n<h2 class=\"wp-block-heading\" id=\"h-introducing-the-ayaneo-ag01-starship-graphics-dock-power-precision-and-portability-redefined\">Predstavljamo AYANEO AG01 Starship Graphics Dock: Zmogljivost, natan\u010dnost in prenosljivost so opredeljeni na novo<\/h2>\n\n<p><strong>Grafi\u010dna postajaAYANEO AG01 Starship Graphics Dock za\u010denja<\/strong> novo obdobje zunanjih re\u0161itev za grafi\u010dne procesorje, prilagojenih za igralce, ustvarjalce in profesionalce, ki zahtevajo le zvezdni\u0161ko zmogljivost. S futuristi\u010dno industrijsko zasnovo, vrhunskim grafi\u010dnim procesorjem AMD Radeon RX 7600M XT in zanesljivo zdru\u017eljivostjo s sistemi Windows in Linux AG01 ni le pripomo\u010dek - je izhodi\u0161\u010de za brezkompromisno zmogljivost namiznega razreda na poti.   <\/p>\n\n<figure class=\"wp-block-image size-full\"><a href=\"https:\/\/ayaneo.co\/wp-content\/uploads\/2025\/05\/AYANEO-AG01-GRAPHICS_DOCK-MARKETING-IMAGE-DONE-1-1024x576-1.jpg\"><img fetchpriority=\"high\" decoding=\"async\" width=\"1024\" height=\"576\" src=\"https:\/\/ayaneo.co\/wp-content\/uploads\/2025\/05\/AYANEO-AG01-GRAPHICS_DOCK-MARKETING-IMAGE-DONE-1-1024x576-1.jpg\" alt=\"Temna promocijska slika AYANEO AG01 z motivom znanstvene fantastike, na kateri zgornji obro&#x10D; ventilatorja sveti oran&#x17E;no, silhueta naprave pa je delno osvetljena, kar nakazuje na vesoljsko podobo.\" class=\"wp-image-37414\" srcset=\"https:\/\/ayaneo.co\/wp-content\/uploads\/2025\/05\/AYANEO-AG01-GRAPHICS_DOCK-MARKETING-IMAGE-DONE-1-1024x576-1.jpg 1024w, https:\/\/ayaneo.co\/wp-content\/uploads\/2025\/05\/AYANEO-AG01-GRAPHICS_DOCK-MARKETING-IMAGE-DONE-1-1024x576-1-300x169.jpg 300w, https:\/\/ayaneo.co\/wp-content\/uploads\/2025\/05\/AYANEO-AG01-GRAPHICS_DOCK-MARKETING-IMAGE-DONE-1-1024x576-1-768x432.jpg 768w, https:\/\/ayaneo.co\/wp-content\/uploads\/2025\/05\/AYANEO-AG01-GRAPHICS_DOCK-MARKETING-IMAGE-DONE-1-1024x576-1-990x557.jpg 990w, https:\/\/ayaneo.co\/wp-content\/uploads\/2025\/05\/AYANEO-AG01-GRAPHICS_DOCK-MARKETING-IMAGE-DONE-1-1024x576-1-441x248.jpg 441w, https:\/\/ayaneo.co\/wp-content\/uploads\/2025\/05\/AYANEO-AG01-GRAPHICS_DOCK-MARKETING-IMAGE-DONE-1-1024x576-1-600x338.jpg 600w, https:\/\/ayaneo.co\/wp-content\/uploads\/2025\/05\/AYANEO-AG01-GRAPHICS_DOCK-MARKETING-IMAGE-DONE-1-1024x576-1-150x84.jpg 150w\" sizes=\"(max-width: 1024px) 100vw, 1024px\" \/><\/a><\/figure>\n\n<p>Zaradi vrhunske integracije vmesnikov OCuLink in USB4 je eden najbolj vsestranskih dokov za eGPU, ki so danes na voljo. Ne glede na to, ali \u017eelite dose\u010di vi\u0161jo hitrost sli\u010dic na ro\u010dni konzoli ali pove\u010dati produktivnost na kompaktnem prenosnem ra\u010dunalniku, AG01 s svojo kompaktno zasnovo zagotavlja vrhunsko grafi\u010dno mo\u010d, ne da bi pri tem \u017ertvovali mobilnost. Dobrodo\u0161li v naslednji generaciji zunanjih grafi\u010dnih procesorjev - drznih, lepih in pripravljenih na boj.  <\/p>\n\n<hr class=\"wp-block-separator has-alpha-channel-opacity\"\/>\n\n<h2 class=\"wp-block-heading\" id=\"h-ayaneo-ag01-starship-grade-external-gpu-dock\">AYANEO AG01 - Zunanji dock za grafi\u010dne procesorje razreda Starship<\/h2>\n\n<p><strong>AG01 Starship Graphics Dock<\/strong> je mojstrovina sodobnega in\u017eeniringa in umetni\u0161kega oblikovanja. Po navdihu futuristi\u010dne estetike vesoljskih plovil zdru\u017euje prenosnost in zmogljivost v ohi\u0161ju, ki je \u0161iroko le 18 cm in tehta manj kot 900 g. Njegova izjemno u\u010dinkovita toplotna zasnova, okrepljena s turbinskim hladilnim sistemom in zra\u010dnimi kanali, zagotavlja dolgotrajno zmogljivost brez du\u0161enja tudi med intenzivnim igranjem iger ali upodabljanjem.  <\/p>\n\n<figure class=\"wp-block-image size-full\"><a href=\"https:\/\/ayaneo.co\/wp-content\/uploads\/2025\/05\/AYANEO-AG01-GRAPHICS_DOCK-MARKETING-IMAGE-DONE-2-1024x855-1.jpg\"><img decoding=\"async\" width=\"1024\" height=\"855\" src=\"https:\/\/ayaneo.co\/wp-content\/uploads\/2025\/05\/AYANEO-AG01-GRAPHICS_DOCK-MARKETING-IMAGE-DONE-2-1024x855-1.jpg\" alt=\"Najpomembnej&#x161;e funkcije AYANEO AG01, prikazane v futuristi&#x10D;ni mre&#x17E;ni postavitvi, vklju&#x10D;no s &#x10D;ipom RX 7600M XT, osvetlitvijo RGB, prilagodljivo napisno plo&#x161;&#x10D;ico, hladilnim sistemom in mo&#x17E;nostmi raz&#x161;iritve vhodov\/izhodov.\" class=\"wp-image-37415\" srcset=\"https:\/\/ayaneo.co\/wp-content\/uploads\/2025\/05\/AYANEO-AG01-GRAPHICS_DOCK-MARKETING-IMAGE-DONE-2-1024x855-1.jpg 1024w, https:\/\/ayaneo.co\/wp-content\/uploads\/2025\/05\/AYANEO-AG01-GRAPHICS_DOCK-MARKETING-IMAGE-DONE-2-1024x855-1-300x250.jpg 300w, https:\/\/ayaneo.co\/wp-content\/uploads\/2025\/05\/AYANEO-AG01-GRAPHICS_DOCK-MARKETING-IMAGE-DONE-2-1024x855-1-768x641.jpg 768w, https:\/\/ayaneo.co\/wp-content\/uploads\/2025\/05\/AYANEO-AG01-GRAPHICS_DOCK-MARKETING-IMAGE-DONE-2-1024x855-1-990x827.jpg 990w, https:\/\/ayaneo.co\/wp-content\/uploads\/2025\/05\/AYANEO-AG01-GRAPHICS_DOCK-MARKETING-IMAGE-DONE-2-1024x855-1-441x368.jpg 441w, https:\/\/ayaneo.co\/wp-content\/uploads\/2025\/05\/AYANEO-AG01-GRAPHICS_DOCK-MARKETING-IMAGE-DONE-2-1024x855-1-600x501.jpg 600w, https:\/\/ayaneo.co\/wp-content\/uploads\/2025\/05\/AYANEO-AG01-GRAPHICS_DOCK-MARKETING-IMAGE-DONE-2-1024x855-1-150x125.jpg 150w\" sizes=\"(max-width: 1024px) 100vw, 1024px\" \/><\/a><\/figure>\n\n<p>Z grafi\u010dnim procesorjem <strong>AMD Radeon RX 7600M XT<\/strong>, ki temelji na arhitekturi RDNA3, AG01 podpira vrhunske igre AAA, urejanje videoposnetkov in upodabljanje 3D z izjemno u\u010dinkovitostjo. Je idealen spremljevalec prenosnih igralnih naprav, kot so AYANEO 2S, KUN, in celo naprav, ki nisoAYANEO prek OCuLink in USB4, vklju\u010dno s Steam Deck, ROG Ally in drugimi. <\/p>\n\n<hr class=\"wp-block-separator has-alpha-channel-opacity\"\/>\n\n<h2 class=\"wp-block-heading\" id=\"h-performance-that-launches-beyond-limits\">Uspe\u0161nost, ki presega omejitve<\/h2>\n\n<p><strong>Grafi\u010dna mo\u010d:<\/strong> V sredi\u0161\u010du modela AG01 je grafi\u010dni procesor <strong>AMD Radeon RX 7600M XT<\/strong> z 32 ra\u010dunskimi enotami, 8 GB pomnilnika GDDR6 in najvi\u0161jim taktom 2300 MHz. Ta mo\u010d zagotavlja teko\u010de igranje iger v lo\u010dljivosti 1080p in celo 1440p ter se odli\u010dno obnese v visokozmogljivih aplikacijah, od naslovov AAA do ustvarjalnih delovnih procesov, pospe\u0161enih s pomo\u010djo grafi\u010dnega procesorja. <\/p>\n\n<p><strong>Napredni hladilni sistem:<\/strong> Za razliko od obi\u010dajnih eGPU ima AG01 edinstveno zasnovan hladilni sistem z dvema dovodoma zraka in visoko u\u010dinkovitim ventilatorjem. Ta zasnova pove\u010duje pretok zraka in hkrati ohranja nizko raven hrupa, kar omogo\u010da trajnostno zmogljivost tudi med dolgotrajnimi seansami. <\/p>\n\n<hr class=\"wp-block-separator has-alpha-channel-opacity\"\/>\n\n<h2 class=\"wp-block-heading\" id=\"h-seamless-connectivity\">Brezhibna povezljivost<\/h2>\n\n<figure class=\"wp-block-image size-full\"><a href=\"https:\/\/ayaneo.co\/wp-content\/uploads\/2025\/05\/AYANEO-AG01-GRAPHICS_DOCK-MARKETING-IMAGE-DONE-3-1024x576-1.jpg\"><img decoding=\"async\" width=\"1024\" height=\"576\" src=\"https:\/\/ayaneo.co\/wp-content\/uploads\/2025\/05\/AYANEO-AG01-GRAPHICS_DOCK-MARKETING-IMAGE-DONE-3-1024x576-1.jpg\" alt=\"Diagram prikazuje razporeditev vhodov in izhodov na zadnji strani grafi&#x10D;ne postaje AYANEO AG01 Graphics Dock z oznakami vrat, vklju&#x10D;no z DP 2.0, HDMI 2.1, OCuLink, USB4, DC, RJ45 in USB 3.2 Gen 2.\" class=\"wp-image-37416\" srcset=\"https:\/\/ayaneo.co\/wp-content\/uploads\/2025\/05\/AYANEO-AG01-GRAPHICS_DOCK-MARKETING-IMAGE-DONE-3-1024x576-1.jpg 1024w, https:\/\/ayaneo.co\/wp-content\/uploads\/2025\/05\/AYANEO-AG01-GRAPHICS_DOCK-MARKETING-IMAGE-DONE-3-1024x576-1-300x169.jpg 300w, https:\/\/ayaneo.co\/wp-content\/uploads\/2025\/05\/AYANEO-AG01-GRAPHICS_DOCK-MARKETING-IMAGE-DONE-3-1024x576-1-768x432.jpg 768w, https:\/\/ayaneo.co\/wp-content\/uploads\/2025\/05\/AYANEO-AG01-GRAPHICS_DOCK-MARKETING-IMAGE-DONE-3-1024x576-1-990x557.jpg 990w, https:\/\/ayaneo.co\/wp-content\/uploads\/2025\/05\/AYANEO-AG01-GRAPHICS_DOCK-MARKETING-IMAGE-DONE-3-1024x576-1-441x248.jpg 441w, https:\/\/ayaneo.co\/wp-content\/uploads\/2025\/05\/AYANEO-AG01-GRAPHICS_DOCK-MARKETING-IMAGE-DONE-3-1024x576-1-600x338.jpg 600w, https:\/\/ayaneo.co\/wp-content\/uploads\/2025\/05\/AYANEO-AG01-GRAPHICS_DOCK-MARKETING-IMAGE-DONE-3-1024x576-1-150x84.jpg 150w\" sizes=\"(max-width: 1024px) 100vw, 1024px\" \/><\/a><\/figure>\n\n<p><strong>Pripravljen na OCuLink in USB4:<\/strong> AG01 podpira <strong>OCuLink SFF-8612<\/strong> in <strong>USB4<\/strong>, kar zagotavlja \u0161iroko zdru\u017eljivost s prenosnimi in prenosnimi ra\u010dunalniki. OCuLink zagotavlja vrhunsko zmogljivost grafi\u010dnega procesorja, saj zaobide ozka grla tradicionalnih povezav Thunderbolt, zato je najbolj\u0161a izbira za resne igralce in ustvarjalce. <\/p>\n\n<p><strong>Vsestranska podpora za naprave:<\/strong> AG01 se zlahka prilagodi, ne glede na to, ali se povezujete z AYANEO ro\u010dnim ra\u010dunalnikom, Steam Deck ali kompaktno napravo z operacijskim sistemom Windows\/Linux. Podpira funkcijo plug-and-play, pri \u010demer za ve\u010dino sistemov ni treba prilagajati BIOS-a. <\/p>\n\n<hr class=\"wp-block-separator has-alpha-channel-opacity\"\/>\n\n<h2 class=\"wp-block-heading\" id=\"h-built-to-travel-designed-to-impress\">Izdelano za potovanje, zasnovano za vtis<\/h2>\n\n<p><strong>Kompakten in lahek:<\/strong> AG01 meri le 18 cm x 6,3 cm x 3 cm in tehta 869 g ter je eden najmanj\u0161ih visokozmogljivih dokov za eGPU na svetu. Njegova vesoljska zasnova se podvoji in je hkrati tudi poseben kos na va\u0161i mizi ali v va\u0161i tehni\u010dni torbi. <\/p>\n\n<p><strong>Vrhunski materiali:<\/strong> \u0160asija je izdelana iz letalske aluminijeve zlitine, ki zdru\u017euje vzdr\u017eljivost, toplotno u\u010dinkovitost in elegantno estetiko.<\/p>\n\n<figure class=\"wp-block-image size-full\"><a href=\"https:\/\/ayaneo.co\/wp-content\/uploads\/2025\/05\/AYANEO-AG01-GRAPHICS_DOCK-MARKETING-IMAGE-DONE-8-1024x576-1.jpg\"><img loading=\"lazy\" decoding=\"async\" width=\"1024\" height=\"576\" src=\"https:\/\/ayaneo.co\/wp-content\/uploads\/2025\/05\/AYANEO-AG01-GRAPHICS_DOCK-MARKETING-IMAGE-DONE-8-1024x576-1.jpg\" alt=\"Dramati&#x10D;en prikaz dveh kovinskih delov ohi&#x161;ja AYANEO AG01, ki sta sredi lo&#x10D;itve in poudarjata natan&#x10D;no izdelano kovinsko ohi&#x161;je na zvezdnatem vesoljskem ozadju.\" class=\"wp-image-37417\" srcset=\"https:\/\/ayaneo.co\/wp-content\/uploads\/2025\/05\/AYANEO-AG01-GRAPHICS_DOCK-MARKETING-IMAGE-DONE-8-1024x576-1.jpg 1024w, https:\/\/ayaneo.co\/wp-content\/uploads\/2025\/05\/AYANEO-AG01-GRAPHICS_DOCK-MARKETING-IMAGE-DONE-8-1024x576-1-300x169.jpg 300w, https:\/\/ayaneo.co\/wp-content\/uploads\/2025\/05\/AYANEO-AG01-GRAPHICS_DOCK-MARKETING-IMAGE-DONE-8-1024x576-1-768x432.jpg 768w, https:\/\/ayaneo.co\/wp-content\/uploads\/2025\/05\/AYANEO-AG01-GRAPHICS_DOCK-MARKETING-IMAGE-DONE-8-1024x576-1-990x557.jpg 990w, https:\/\/ayaneo.co\/wp-content\/uploads\/2025\/05\/AYANEO-AG01-GRAPHICS_DOCK-MARKETING-IMAGE-DONE-8-1024x576-1-441x248.jpg 441w, https:\/\/ayaneo.co\/wp-content\/uploads\/2025\/05\/AYANEO-AG01-GRAPHICS_DOCK-MARKETING-IMAGE-DONE-8-1024x576-1-600x338.jpg 600w, https:\/\/ayaneo.co\/wp-content\/uploads\/2025\/05\/AYANEO-AG01-GRAPHICS_DOCK-MARKETING-IMAGE-DONE-8-1024x576-1-150x84.jpg 150w\" sizes=\"(max-width: 1024px) 100vw, 1024px\" \/><\/a><\/figure>\n\n<hr class=\"wp-block-separator has-alpha-channel-opacity\"\/>\n\n<h2 class=\"wp-block-heading\" id=\"h-user-experience\">Uporabni\u0161ka izku\u0161nja<\/h2>\n\n<p>AG01 postavlja novo letvico uporabniku prijaznega delovanja. Zaradi podpore za operacijska sistema Windows in Linux brez gonilnikov, brezhibne zdru\u017eljivosti naprav ter nastavitve \u201epriklju\u010di in igraj\u201c je idealen tako za novince kot za tehni\u010dno podkovane navdu\u0161ence. Ne glede na to, ali pretakate, oblikujete, igrate igre ali izvajate ve\u010d opravil na ve\u010d zaslonih, AG01 zagotavlja gladko in poglobljeno izku\u0161njo.  <\/p>\n\n<hr class=\"wp-block-separator has-alpha-channel-opacity\"\/>\n\n<h2 class=\"wp-block-heading\" id=\"h-conclusion\">Zaklju\u010dek<\/h2>\n\n<p><strong>AYANEO AG01 Starship Graphics Dock<\/strong> je ve\u010d kot le zunanji grafi\u010dni procesor - to je skok v prihodnost, v kateri se prenosljivost zdru\u017euje z zmogljivostjo na ravni namizja. S pogonom Radeon RX 7600M XT, povezljivostjo z dvema vmesnikoma in umetni\u0161ko zasnovo AG01 na novo opredeljuje mo\u017enosti prenosnega ra\u010dunalni\u0161tva. <\/p>\n\n<p>Prednaro\u010dite svoj AG01 zdaj in postanite del nove generacije igri\u010darjev in ustvarjalcev, ki uporabljajo brezkompromisno mo\u010d povsod, kamor gredo.  <strong>Na spletni strani AYANEO so zvezde \u0161ele za\u010detek.<\/strong><\/p>\n","protected":false},"excerpt":{"rendered":"<ul>\n<li>Grafi\u010dni procesor <strong>Radeon\u2122 RX 7600M XT<\/strong> z arhitekturo RDNA 3<\/li>\n<li><strong>Dvojni vmesnik:<\/strong> OCuLink in USB 4.0 (Type-C, 65W PD)<\/li>\n<li><strong>Kompakten in lahek:<\/strong> Prenosna zasnova, ki jo je navdihnila vesoljska ladja<\/li>\n<li><strong>Optimizirano hlajenje:<\/strong> Visoko u\u010dinkovit turbinski ventilatorski sistem<\/li>\n<li><strong>Zdru\u017eljiv z:<\/strong> AYANEO 2S, KUN, FLIP DS, ROG Ally, Steam Deck<\/li>\n<\/ul>\n[cg_accordion title=\"INFORMACIJE O PLA\u010cILU\"]<\/p>\n<p>Uporabljamo najnovej\u0161o tehnologijo za obdelavo pla\u010dil, ki vam omogo\u010da, da se na blagajni naro\u010dite prek Apple Pay, Google Pay, debetne\/kreditne kartice, PayPal ali metod BNPL, kot so Klarna, Affirm ali AfterPay, kar zagotavlja hitro in varno izku\u0161njo.[\/cg_accordion]\n[cg_accordion title=\"GARANCIJA\"]<\/p>\n<p>1 leto garancije <a href=\"https:\/\/droix.net\/\" target=\"_blank\" rel=\"nofollow noopener\">DROIX Global za<\/a> va\u0161 mir[\/cg_accordion]\n[cg_accordion title=\"ZAGOTAVLJANJE KAKOVOSTI IN TESTIRANJE PRED ODPREMO\"]<\/p>\n<p>Zagotavljanje zadovoljstva strank na najvi\u0161ji ravni: Vsaka naprava je pred odpremo strogo preizku\u0161ena in preverjena v ve\u010d to\u010dkah za zagotavljanje kakovosti. Na\u0161a predana ekipa preveri delovanje, funkcionalnost in celovitost komponent, s \u010dimer zagotovimo, da bo va\u0161a naprava AYANEO ob prihodu v popolnem delovnem stanju, kar vam zagotavlja zaupanje in mir v du\u0161i. [\/cg_accordion]\n[cg_accordion title=\"CENE, DAVKI IN PO\u0160ILJANJE\"]<\/p>\n<p><strong><u>Opomba:<\/u><\/strong><\/p>\n<ul>\n<li>Zdru\u017eene dr\u017eave Amerike Kupci: Prikazana cena NE vklju\u010duje davka in dajatev. Odgovornost za carinjenje in pla\u010dilo vseh povezanih davkov\/carin nosi kupec. <\/li>\n<li>Stranke iz EU: Prikazana cena vklju\u010duje veljavni davek, ki lahko zna\u0161a do 25 %, odvisno od va\u0161e dr\u017eave.<\/li>\n<li>Kanada Kupci: Prikazana cena vklju\u010duje veljavne davke, ki lahko vklju\u010dujejo 5 % davek na dodano vrednost (GST) in dodatne pokrajinske davke na prodajo (PST), harmonizirani davek na prodajo (HST) ali davek na prodajo v Quebecu (QST), odvisno od va\u0161e province.<\/li>\n<\/ul>\n<p><strong>Samo za stranke iz EU:<\/strong> Ekspresno DDP (dostavljeno s pla\u010dano dajatvijo). To pomeni: <\/p>\n<ul>\n<li>Vse carine in davki so vklju\u010deni v ceno, prikazano na strani izdelka.<\/li>\n<li>Ob dostavi vam ne bo treba pla\u010dati nobenih dodatnih stro\u0161kov.<\/li>\n<li>V redkih primerih te\u017eav, povezanih s carino, bo na\u0161a ekipa v va\u0161em imenu opravila postopek carinjenja in zagotovila nemoteno dostavo.<\/li>\n<p>Pomembne informacije o vra\u010dilih:<\/p>\n<li>\u010ce se odlo\u010dite vrniti naro\u010dilo ali zahtevate vra\u010dilo, se morate zavedati, da davkov in dajatev, pla\u010danih v va\u0161em imenu pod pogoji DDP, ni mogo\u010de vrniti.<\/li>\n<p>Podrobne informacije <a href=\"https:\/\/ayaneo.co\/terms-of-service-2\/\" target=\"_blank\" rel=\"nofollow noopener\">so na voljo v na\u0161ih pogojih in dolo\u010dilih<\/a>.\n<\/ul>\n<p>[\/cg_accordion]\n[cg_accordion title=\"PODPORA STRANKAM\"]<\/p>\n<p>Imate vpra\u0161anje? Samo kratko besedilo nas lo\u010di od re\u0161itve va\u0161ega vpra\u0161anja! [\/cg_accordion]\n[cg_accordion title=\"PAKET VKLJU\u010cUJE\"]<\/p>\n<ul>\n<li>1x AYANEO AG01 Starship Graphics Dock<\/li>\n<li>1x kabel USB tipa C<\/li>\n<li>1x uporabni\u0161ki priro\u010dnik<\/li>\n<\/ul>\n<p>[\/cg_accordion]\n","protected":false},"featured_media":17559,"template":"","meta":{"_acf_changed":false},"product_brand":[],"product_cat":[1236],"product_tag":[],"class_list":{"0":"post-17558","1":"product","2":"type-product","3":"status-publish","4":"has-post-thumbnail","6":"product_cat-dodatki","7":"product_shipping_class-premium","8":"pa_brand-ayaneo","9":"pa_graphics-gpu-model-radeon-rx-7600m-xt","11":"first","12":"outofstock","13":"sale","14":"taxable","15":"shipping-taxable","16":"purchasable","17":"product-type-variable","18":"has-default-attributes"},"acf":[],"_links":{"self":[{"href":"https:\/\/ayaneo.co\/sl\/wp-json\/wp\/v2\/product\/17558","targetHints":{"allow":["GET"]}}],"collection":[{"href":"https:\/\/ayaneo.co\/sl\/wp-json\/wp\/v2\/product"}],"about":[{"href":"https:\/\/ayaneo.co\/sl\/wp-json\/wp\/v2\/types\/product"}],"wp:featuredmedia":[{"embeddable":true,"href":"https:\/\/ayaneo.co\/sl\/wp-json\/wp\/v2\/media\/17559"}],"wp:attachment":[{"href":"https:\/\/ayaneo.co\/sl\/wp-json\/wp\/v2\/media?parent=17558"}],"wp:term":[{"taxonomy":"product_brand","embeddable":true,"href":"https:\/\/ayaneo.co\/sl\/wp-json\/wp\/v2\/product_brand?post=17558"},{"taxonomy":"product_cat","embeddable":true,"href":"https:\/\/ayaneo.co\/sl\/wp-json\/wp\/v2\/product_cat?post=17558"},{"taxonomy":"product_tag","embeddable":true,"href":"https:\/\/ayaneo.co\/sl\/wp-json\/wp\/v2\/product_tag?post=17558"}],"curies":[{"name":"wp","href":"https:\/\/api.w.org\/{rel}","templated":true}]}}