{"id":19122,"date":"2024-08-15T15:04:41","date_gmt":"2024-08-15T15:04:41","guid":{"rendered":"https:\/\/ayaneo.co\/product\/ayaneo-zepni-dmg\/"},"modified":"2025-12-11T00:11:56","modified_gmt":"2025-12-11T00:11:56","slug":"ayaneo-pocket-dmg","status":"publish","type":"product","link":"https:\/\/ayaneo.co\/sl\/product\/ayaneo-pocket-dmg\/","title":{"rendered":"AYANEO Pocket DMG"},"content":{"rendered":"\n<figure class=\"wp-block-video\"><video controls=\"\" src=\"https:\/\/droix.net\/wp-content\/uploads\/2024\/08\/AYANEO-Pocket-DMG&#xFF1A;The-Pinnacle-of-Retro-Vertical-Handhelds.mp4\"><\/video><\/figure>\n\n<div class=\"wp-block-columns is-layout-flex wp-container-core-columns-is-layout-28f84493 wp-block-columns-is-layout-flex\">\n<div class=\"wp-block-column is-layout-flow wp-block-column-is-layout-flow\" style=\"flex-basis:33.33%\">\n<figure class=\"wp-block-image size-large\"><a href=\"https:\/\/droix.net\/wp-content\/uploads\/2024\/08\/AYANEO-POCKET-DMG-ARTIC-BLACK-DONE-01.png\" target=\"_blank\" rel=\"noopener\"><img decoding=\"async\" src=\"https:\/\/droix.net\/wp-content\/uploads\/2024\/08\/AYANEO-POCKET-DMG-ARTIC-BLACK-DONE-01-1024x1024.png\" alt=\"Sprednji pogled na AYANEO Pocket DMG v &#x10D;rni barvi Arctic Black, ki prikazuje retro navdihnjeno zasnovo s 3,92-pal&#x10D;nim zaslonom OLED, D-padom, analogno krmilno palico in gumbi.\" class=\"wp-image-184226\"\/><\/a><\/figure>\n<\/div>\n\n\n\n<div class=\"wp-block-column is-layout-flow wp-block-column-is-layout-flow\" style=\"flex-basis:66.66%\">\n<h3 class=\"wp-block-heading\" id=\"h-experience-retro-gaming-like-never-before-with-the-ayaneo-pocket-dmg\">Do\u017eivite retro igranje kot \u0161e nikoli prej s AYANEO Pocket DMG<\/h3>\n\n\n\n<p><strong> AYANEO Pocket DMG<\/strong> je revolucionarna <strong>ro\u010dna<\/strong> <strong>igralna<\/strong> naprava, ki mojstrsko zdru\u017euje nostalgijo <strong>retro<\/strong> iger z napredno sodobno tehnologijo. Ta <strong>navpi\u010dni ro\u010dni ra\u010dunalnik<\/strong>, ki je poklon kultnemu Game Boyu, ponuja znano estetiko in zmogljivo zmogljivost, zato je idealna izbira tako za ljubitelje <strong>retro iger<\/strong> kot tudi za sodobne igre. <\/p>\n<\/div>\n<\/div>\n\n<p><strong> AYANEO Pocket DMG<\/strong> je revolucionarna <strong>ro\u010dna<\/strong> <strong>igralna<\/strong> naprava, ki mojstrsko zdru\u017euje nostalgijo <strong>retro<\/strong> iger z napredno sodobno tehnologijo. Ta <strong>navpi\u010dni ro\u010dni ra\u010dunalnik<\/strong>, ki je poklon kultnemu Game Boyu, ponuja znano estetiko in zmogljivo zmogljivost, zato je idealna izbira tako za ljubitelje <strong>retro iger<\/strong> kot tudi za sodobne igre. <\/p>\n\n<h3 class=\"wp-block-heading\" id=\"h-design-and-display\">Oblikovanje in prikaz<\/h3>\n\n<p><strong>AYANEO Pocket DMG<\/strong> odlikuje kompaktna in nostalgi\u010dna oblika, ki spominja na klasi\u010dne <strong>retro ro\u010dne<\/strong> konzole. Osrednji del njegove privla\u010dnosti je 3,92-pal\u010dni <strong>zaslonOLED <\/strong>, ki ponuja ostro lo\u010dljivost 1240&#215;1080 in gostoto slikovnih pik 419 PPI. Ta <strong>zaslonOLED <\/strong> zagotavlja \u017eivahne barve in ostre slike ter tako retro kot sodobne igre o\u017eivi z osupljivo jasnostjo. Naprava je na voljo v dveh razli\u010dnih barvah:   <\/p>\n\n<ul class=\"wp-block-list\">\n<li>Arkti\u010dna \u010drna<\/li>\n\n\n\n<li>Luna bela<\/li>\n<\/ul>\n\n<div class=\"wp-block-columns is-layout-flex wp-container-core-columns-is-layout-28f84493 wp-block-columns-is-layout-flex\">\n<div class=\"wp-block-column is-layout-flow wp-block-column-is-layout-flow\">\n<figure class=\"wp-block-image size-large\"><a href=\"https:\/\/droix.net\/wp-content\/uploads\/2024\/08\/AYANEO-POCKET-DMG-MARKETING-DONE-14.jpg\" target=\"_blank\" rel=\"noopener\"><img decoding=\"async\" src=\"https:\/\/droix.net\/wp-content\/uploads\/2024\/08\/AYANEO-POCKET-DMG-MARKETING-DONE-14-1024x1024.jpg\" alt=\"Promocijska slika za AYANEO Pocket DMG z igralno platformo Snapdragon G3x Gen 2. Poudarja, da je prvi vertikalni ro&#x10D;ni ra&#x10D;unalnik s tem procesorjem, in prikazuje njegovo arhitekturo 1+4+3 Octa-Core z jedri Kryo Prime Ultra pri 3,36 GHz, grafi&#x10D;ni procesor Adreno A32 pri 816 GHz in sprostitev zmogljivosti 15 W. \" class=\"wp-image-184229\"\/><\/a><\/figure>\n\n\n\n<h3 class=\"wp-block-heading\" id=\"h-performance\">Uspe\u0161nost<\/h3>\n\n\n\n<p>Srce <strong>\u017eepnega DMG<\/strong> je procesor <strong>Snapdragon G3x Gen 2<\/strong>, zmogljiv \u010dip, prilagojen posebej za <strong>igranje iger na<\/strong> <strong>prenosnih napravah<\/strong>. Ta <strong>procesor<\/strong> zagotavlja brezhibno emulacijo retro naslovov in gladko delovanje sodobnih mobilnih iger. Naprava, ki deluje na spletnem mestu Android 13, omogo\u010da dostop do obse\u017enega ekosistema aplikacij in emulatorjev, zato je vsestranska platforma za vse va\u0161e <strong>igralne<\/strong> potrebe.  <\/p>\n<\/div>\n\n\n\n<div class=\"wp-block-column is-layout-flow wp-block-column-is-layout-flow\">\n<figure class=\"wp-block-image size-large\"><a href=\"https:\/\/droix.net\/wp-content\/uploads\/2024\/08\/AYANEO-POCKET-DMG-MARKETING-DONE-19.jpg\" target=\"_blank\" rel=\"noopener\"><img decoding=\"async\" src=\"https:\/\/droix.net\/wp-content\/uploads\/2024\/08\/AYANEO-POCKET-DMG-MARKETING-DONE-19-1024x1024.jpg\" alt=\"Infografika, ki prikazuje &#x161;tevilne funkcije &#x17E;epnega DMG AYANEO, primerljive s profesionalnimi krmilniki. Funkcije vklju&#x10D;ujejo zelo natan&#x10D;no krmilno palico, nastavljivo ob&#x10D;utljivost, stanje pripravljenosti brez porabe energije, usmerjanje s pomo&#x10D;jo &#x17E;iroskopa, funkcijo izbruha gumbov, izmenjavo vrednosti tipk A-B-X-Y in nastavljivo intenzivnost vibriranja motorja. Spodaj roka dr&#x17E;i belo napravo, ki prikazuje barvit igralni zaslon.  \" class=\"wp-image-184232\"\/><\/a><\/figure>\n\n\n\n<h3 class=\"wp-block-heading\" id=\"h-controls-and-inputs\">Krmilniki in vhodi<\/h3>\n\n\n\n<p><strong>\u017depni DMG<\/strong> ponuja vsestransko in inovativno razporeditev upravljalnikov, ki je primerna za razli\u010dne zvrsti <strong>igranja<\/strong>. Klju\u010dne funkcije vklju\u010dujejo: <\/p>\n\n\n\n<ul class=\"wp-block-list\">\n<li>Tradicionalna D-plo\u0161\u010dica za natan\u010den vnos smeri<\/li>\n\n\n\n<li>Obrazni gumbi ABXY za klasi\u010dno <strong>igranje iger<\/strong><\/li>\n\n\n\n<li>En analogni <strong>joystick<\/strong>, izbolj\u0161an s tehnologijo Hallovega u\u010dinka za natan\u010dnost in vzdr\u017eljivost.<\/li>\n\n\n\n<li>Inovativna <strong>plo\u0161\u010dica na dotik<\/strong>, ki deluje kot drugi analogni vhod<\/li>\n\n\n\n<li>Ramenski gumbi za dodatne mo\u017enosti upravljanja<\/li>\n<\/ul>\n\n\n\n<p>Ta kombinacija upravljalnikov zagotavlja, da lahko <strong>\u017eepni DMG<\/strong> z lahkoto upravlja vse od retro platformnih do sodobnih akcijskih iger.<\/p>\n<\/div>\n\n\n\n<div class=\"wp-block-column is-layout-flow wp-block-column-is-layout-flow\">\n<figure class=\"wp-block-image size-large\"><a href=\"https:\/\/droix.net\/wp-content\/uploads\/2024\/08\/AYANEO-POCKET-DMG-MARKETING-DONE-16.jpg\" target=\"_blank\" rel=\"noopener\"><img decoding=\"async\" src=\"https:\/\/droix.net\/wp-content\/uploads\/2024\/08\/AYANEO-POCKET-DMG-MARKETING-DONE-16-1024x1024.jpg\" alt=\"Infografika s podrobnostmi o &#x201E;brezhibni kombinaciji mo&#x10D;i&#x201C; AYANEO Pocket DMG, ki poudarja hiter pomnilnik (LPDDR5X s hitrostjo 8533 Mb\/s), hitro shranjevanje (UFS 4.0 s hitrostjo branja ve&#x10D; kot 4000 MB\/s) in veliko zmogljivost za shranjevanje iger in aplikacij. Navedene so mo&#x17E;nosti do 16 GB RAM in 1 TB pomnilnika. \" class=\"wp-image-184230\"\/><\/a><\/figure>\n\n\n\n<h3 class=\"wp-block-heading\" id=\"h-storage-and-connectivity\">Shranjevanje in povezljivost<\/h3>\n\n\n\n<p><strong>AYANEO Pocket DMG<\/strong> ponuja prilagodljive re\u0161itve za shranjevanje, ki ustrezajo potrebam razli\u010dnih ljubiteljev <strong>ro\u010dnih<\/strong> <strong>iger<\/strong>:<\/p>\n\n\n\n<ul class=\"wp-block-list\">\n<li>8 GB RAM + 128 GB prostora za shranjevanje<\/li>\n<\/ul>\n\n\n\n<p>Poleg tega lahko z re\u017eo za kartice microSD preprosto raz\u0161irite pomnilni\u0161ko zmogljivost. Kar zadeva povezljivost, naprava vklju\u010duje: <\/p>\n\n\n\n<ul class=\"wp-block-list\">\n<li>Wi-Fi in Bluetooth 5.3 za brez\u017ei\u010dno komunikacijo<\/li>\n\n\n\n<li>Vrata USB-C za polnjenje in priklju\u010ditev dodatne opreme<\/li>\n<\/ul>\n<\/div>\n<\/div>\n\n<h3 class=\"wp-block-heading\" id=\"h-battery-and-additional-features\">Baterija in dodatne funkcije<\/h3>\n\n<p><strong>\u017depni DMG<\/strong> poganja baterija z zmogljivostjo 6.000 mAh, ki podpira 25W PD hitro polnjenje, da lahko igrate dlje. Druge omembe vredne funkcije vklju\u010dujejo: <\/p>\n\n<figure class=\"wp-block-image size-large\"><a href=\"https:\/\/droix.net\/wp-content\/uploads\/2024\/08\/AYANEO-POCKET-DMG-MARKETING-DONE-18.jpg\" target=\"_blank\" rel=\"noopener\"><img decoding=\"async\" src=\"https:\/\/droix.net\/wp-content\/uploads\/2024\/08\/AYANEO-POCKET-DMG-MARKETING-DONE-18-1024x1024.jpg\" alt=\"Marketin&#x161;ka slika, na kateri je predstavljena 6000 mAh baterija AYANEO Pocket DMG, s poudarkom na dolgi &#x17E;ivljenjski dobi baterije in podpori hitremu polnjenju PD. Na spodnjem delu je predstavljena krmilna pali&#x10D;ica Hall Medium, pri &#x10D;emer so poudarjeni njena natan&#x10D;nost, vzdr&#x17E;ljivost (5 milijonov uporab) in izbolj&#x161;ane nadzorne funkcije. \" class=\"wp-image-184231\"\/><\/a><\/figure>\n\n<ul class=\"wp-block-list\">\n<li>\u0160estosni \u017eiroskop za nadzor gibanja<\/li>\n\n\n\n<li>Aktivni hladilni sistem z vgrajenim ventilatorjem za ohranjanje optimalne zmogljivosti<\/li>\n\n\n\n<li>Kompakten kov\u010dek za enostavno prena\u0161anje<\/li>\n<\/ul>\n\n<h3 class=\"wp-block-heading\" id=\"h-user-experience-and-conclusion\">Uporabni\u0161ka izku\u0161nja in zaklju\u010dek<\/h3>\n\n<p><strong>AYANEO Pocket DMG<\/strong> je izjemna izbira za ljubitelje <strong>retro iger<\/strong> in zbiratelje, ki \u017eelijo napravo, ki odra\u017ea bistvo klasi\u010dnih <strong>retro ro\u010dnih<\/strong> iger, hkrati pa ponuja mo\u010d in vsestranskost sodobne tehnologije. Ne glede na to, ali podo\u017eivljate klasi\u010dne igre ali raziskujete nove, ta <strong>ro\u010dni ra\u010dunalnik<\/strong> zagotavlja poglobljeno in prijetno <strong>igralno<\/strong> izku\u0161njo. <\/p>\n","protected":false},"excerpt":{"rendered":"<ul>\n<li>Procesor: Qualcomm <strong>Snapdragon G3x Gen 2<\/strong><\/li>\n<li>Zaslon: <strong>3,92-pal\u010dni OLED<\/strong>, lo\u010dljivost 1240&#215;1080<\/li>\n<li>Pomnilnik RAM: <strong>8 GB<\/strong> LPDDR5X @ <strong>8533 MT\/s<\/strong><\/li>\n<li>Shranjevanje: <strong>128 GB<\/strong> UFS 3.1<\/li>\n<li>Povezljivost: Wi-Fi <strong>6<\/strong> in Bluetooth <strong>5.3<\/strong><\/li>\n<\/ul>\n<p><img fetchpriority=\"high\" decoding=\"async\" src=\"https:\/\/ayaneo.co\/wp-content\/uploads\/2024\/08\/DMG-FREEBIES1.jpg\" alt=\"Promocijska slika s svetlo sivim ozadjem navaja  \" free=\"\" gifts=\"\" in=\"\" large=\"\" dark=\"\" gray=\"\" letters=\"\" at=\"\" the=\"\" top.=\"\" below=\"\" this=\"\" smaller=\"\" text=\"\" it=\"\" lists=\"\" case=\"\" and=\"\" caps=\"\" followed=\"\" by=\"\" added=\"\" to=\"\" cart=\"\" a=\"\" slightly=\"\" larger=\"\" font.=\"\" right=\"\" there=\"\" are=\"\" two=\"\" product=\"\" square=\"\" white=\"\" rainbow-colored=\"\" package=\"\" containing=\"\" four=\"\" black=\"\" thumbstick=\"\" mesh=\"\" protective=\"\" identical=\"\" one=\"\" previous=\"\" image=\"\" with=\"\" logo=\"\" bottom.=\"\" width=\"550\" height=\"140\" class=\"alignnone size-full wp-image-25170\" images:=\"\" srcset=\"https:\/\/ayaneo.co\/wp-content\/uploads\/2024\/08\/DMG-FREEBIES1.jpg 550w, https:\/\/ayaneo.co\/wp-content\/uploads\/2024\/08\/DMG-FREEBIES1-300x76.jpg 300w, https:\/\/ayaneo.co\/wp-content\/uploads\/2024\/08\/DMG-FREEBIES1-441x112.jpg 441w, https:\/\/ayaneo.co\/wp-content\/uploads\/2024\/08\/DMG-FREEBIES1-150x38.jpg 150w\" sizes=\"(max-width: 550px) 100vw, 550px\" \/><\/p>\n[cg_accordion title=\"INFORMACIJE O PLA\u010cILU\"] <\/p>\n<p>Uporabljamo najnovej\u0161o tehnologijo za obdelavo pla\u010dil, ki vam omogo\u010da, da se na blagajni naro\u010dite prek Apple Pay, Google Pay, debetne\/kreditne kartice, PayPal ali metod BNPL, kot so Klarna, Affirm ali AfterPay, kar zagotavlja hitro in varno izku\u0161njo.[\/cg_accordion]\n[cg_accordion title=\"GARANCIJA\"] <\/p>\n<p>1 leto garancije <a href=\"https:\/\/droix.net\/\" target=\"_blank\" rel=\"nofollow noopener\">DROIX Global<\/a> za va\u0161 mir[\/cg_accordion]\n[cg_accordion title=\"CENE, DAVKI IN PO\u0160ILJANJE\"] <\/p>\n<p><strong><u>Opomba:<\/u><\/strong><\/p>\n<ul>\n<li>Zdru\u017eene dr\u017eave Amerike Kupci: Prikazana cena NE vklju\u010duje davka in dajatev. Odgovornost za carinjenje in pla\u010dilo vseh povezanih davkov\/carin nosi kupec. <\/li>\n<li>Stranke iz EU: Prikazana cena vklju\u010duje veljavni davek, ki lahko zna\u0161a do 25 %, odvisno od va\u0161e dr\u017eave.<\/li>\n<li>Kanada Kupci: Prikazana cena vklju\u010duje veljavne davke, ki lahko vklju\u010dujejo 5 % davek na dodano vrednost (GST) in dodatne pokrajinske davke na prodajo (PST), harmonizirani davek na prodajo (HST) ali davek na prodajo v Quebecu (QST), odvisno od va\u0161e province.<\/li>\n<\/ul>\n<p><strong>Samo za stranke iz EU:<\/strong> Ekspresno DDP (dostavljeno s pla\u010dano dajatvijo). To pomeni: <\/p>\n<ul>\n<li>Vse carine in davki so vklju\u010deni v ceno, prikazano na strani izdelka.<\/li>\n<li>Ob dostavi vam ne bo treba pla\u010dati nobenih dodatnih stro\u0161kov.<\/li>\n<li>V redkih primerih te\u017eav, povezanih s carino, bo na\u0161a ekipa v va\u0161em imenu opravila postopek carinjenja in zagotovila nemoteno dostavo.<\/li>\n<p>Pomembne informacije o vra\u010dilih:<\/p>\n<li>\u010ce se odlo\u010dite vrniti naro\u010dilo ali zahtevate vra\u010dilo, se morate zavedati, da davkov in dajatev, pla\u010danih v va\u0161em imenu pod pogoji DDP, ni mogo\u010de vrniti.<\/li>\n<p>Oglejte si na\u0161e<\/ul>\n<\/li>\n<\/ul>\n<p><a href=\"https:\/\/ayaneo.co\/sl\/pogoji-uporabe-storitev\/\" target=\"_blank\" rel=\"nofollow noopener\">Pogoji in dolo\u010dila<\/a><\/p>\n<ul>za podrobne informacije.<\/ul>\n<p>[\/cg_accordion]\n[cg_accordion title=\"PODPORA STRANKAM\"] <\/p>\n<p>Imate vpra\u0161anje? Samo kratko besedilo nas lo\u010di od re\u0161itve va\u0161ega vpra\u0161anja!   [\/cg_accordion]\n[cg_accordion title=\"Paket vklju\u010duje\"]<\/p>\n<ul>\n<li>1x AYANEO \u017depni DMG<\/li>\n<li>1x kabel USB tipa C<\/li>\n<li>1x uporabni\u0161ki priro\u010dnik<\/li>\n<\/ul>\n<p>[\/cg_accordion]\n","protected":false},"featured_media":19126,"template":"","meta":{"_acf_changed":false},"product_brand":[],"product_cat":[1248],"product_tag":[],"class_list":{"0":"post-19122","1":"product","2":"type-product","3":"status-publish","4":"has-post-thumbnail","6":"product_cat-android-igralni-rocni-racunalnik","7":"product_shipping_class-standard","8":"pa_brand-ayaneo","10":"first","11":"instock","12":"taxable","13":"shipping-taxable","14":"purchasable","15":"product-type-variable","16":"has-default-attributes"},"acf":[],"_links":{"self":[{"href":"https:\/\/ayaneo.co\/sl\/wp-json\/wp\/v2\/product\/19122","targetHints":{"allow":["GET"]}}],"collection":[{"href":"https:\/\/ayaneo.co\/sl\/wp-json\/wp\/v2\/product"}],"about":[{"href":"https:\/\/ayaneo.co\/sl\/wp-json\/wp\/v2\/types\/product"}],"wp:featuredmedia":[{"embeddable":true,"href":"https:\/\/ayaneo.co\/sl\/wp-json\/wp\/v2\/media\/19126"}],"wp:attachment":[{"href":"https:\/\/ayaneo.co\/sl\/wp-json\/wp\/v2\/media?parent=19122"}],"wp:term":[{"taxonomy":"product_brand","embeddable":true,"href":"https:\/\/ayaneo.co\/sl\/wp-json\/wp\/v2\/product_brand?post=19122"},{"taxonomy":"product_cat","embeddable":true,"href":"https:\/\/ayaneo.co\/sl\/wp-json\/wp\/v2\/product_cat?post=19122"},{"taxonomy":"product_tag","embeddable":true,"href":"https:\/\/ayaneo.co\/sl\/wp-json\/wp\/v2\/product_tag?post=19122"}],"curies":[{"name":"wp","href":"https:\/\/api.w.org\/{rel}","templated":true}]}}