{"id":19519,"date":"2024-09-20T09:49:52","date_gmt":"2024-09-20T09:49:52","guid":{"rendered":"https:\/\/ayaneo.co\/product\/ayaneo-pocket-s-dodatki\/"},"modified":"2025-12-09T00:26:09","modified_gmt":"2025-12-09T00:26:09","slug":"ayaneo-pocket-s-dodatki","status":"publish","type":"product","link":"https:\/\/ayaneo.co\/sl\/product\/ayaneo-pocket-s-dodatki\/","title":{"rendered":"AYANEO Pocket S Dodatki"},"content":{"rendered":"\n<p>Izbolj\u0161ajte svojo igralno izku\u0161njo na spletnem mestu AYANEO Pocket S s tem kompletom dodatne opreme, ki je zasnovan za za\u0161\u010dito, udobje in izbolj\u0161ano igranje.<\/p>\n\n<ul class=\"wp-block-list\">\n<li><strong>Magnetni za\u0161\u010ditni ovitek 2 v 1<\/strong>: To ohi\u0161je zdru\u017euje slog in funkcionalnost: izdelano je z inovativno ergonomsko obliko. Za\u0161\u010ditno ohi\u0161je ima magnetni flip pokrov, ki varuje napravo in hkrati omogo\u010da enostaven dostop. Nedrse\u010da tekstura zagotavlja trden oprijem, velik ro\u010daj pa udoben oprijem pri dolgih igralnih seansah. Ne glede na to, ali ste doma ali na poti, je to za\u0161\u010ditno ohi\u0161je odli\u010den spremljevalec, ki va\u0161o AYANEO Pocket S \u0161\u010diti pred vsakodnevno obrabo.   <\/li>\n\n\n\n<li><strong>Za\u0161\u010dita zaslona<\/strong>: Za\u0161\u010ditite svoj zaslon z visokokakovostno, izjemno prozorno za\u0161\u010dito zaslona. Zasnovan je tako, da je odporen proti praskam, made\u017eem in prstnim odtisom ter zagotavlja, da bo va\u0161 zaslon ostal tako \u017eivahen in odziven kot vedno. Njegova zasnova, ki jo je enostavno namestiti, zagotavlja namestitev brez mehur\u010dkov, tako da bo va\u0161 zaslon ostal nedotaknjen, hkrati pa bo ohranil ob\u010dutljivost na dotik za nemoteno in neprekinjeno igranje.  <\/li>\n\n\n\n<li><strong>Ro\u010daji za palec<\/strong>: Izbolj\u0161ajte nadzor z vrhunskimi ro\u010daji za palec. Ti silikonski pokrovi za analogne palice zagotavljajo vrhunski oprijem in natan\u010dnost ter vam pomagajo ohranjati nadzor tudi v najbolj intenzivnih trenutkih igranja. Ta dr\u017eala za palce so zasnovana tako, da zmanj\u0161ujejo utrujenost in izbolj\u0161ujejo udobje, omogo\u010dajo natan\u010dnej\u0161e gibe ter vam zagotavljajo potrebno tekmovalno prednost.  <\/li>\n<\/ul>\n\n<p>Ta komplet dodatne opreme zagotavlja, da je va\u0161 AYANEO Pocket S za\u0161\u010diten in pripravljen na akcijo, hkrati pa z ergonomskimi izbolj\u0161avami izbolj\u0161a igralno izku\u0161njo.<\/p>\n","protected":false},"excerpt":{"rendered":"[cg_accordion title=\"INFORMACIJE O PLA\u010cILU\"]<\/p>\n<p>Uporabljamo najnovej\u0161o tehnologijo za obdelavo pla\u010dil, ki vam omogo\u010da, da se na blagajni naro\u010dite prek Apple Pay, Google Pay, debetne\/kreditne kartice, PayPal ali metod BNPL, kot so Klarna, Affirm ali AfterPay, kar zagotavlja hitro in varno izku\u0161njo.[\/cg_accordion]\n[cg_accordion title=\"GARANCIJA\"]<\/p>\n<p>1 leto garancije <a href=\"https:\/\/droix.net\/\" target=\"_blank\" rel=\"nofollow noopener\">DROIX Global<\/a> za va\u0161 mir[\/cg_accordion]\n[cg_accordion title=\"CENE, DAVKI IN PO\u0160ILJANJE\"]<\/p>\n<p><strong><u>Opomba:<\/u><\/strong><\/p>\n<ul>\n<li>Zdru\u017eene dr\u017eave Amerike Kupci: Prikazana cena NE vklju\u010duje davka in dajatev. Odgovornost za carinjenje in pla\u010dilo vseh povezanih davkov\/carin nosi kupec. <\/li>\n<li>Stranke iz EU: Prikazana cena vklju\u010duje veljavni davek, ki lahko zna\u0161a do 25 %, odvisno od va\u0161e dr\u017eave.<\/li>\n<li>Kanada Kupci: Prikazana cena vklju\u010duje veljavne davke, ki lahko vklju\u010dujejo 5 % davek na dodano vrednost (GST) in dodatne pokrajinske davke na prodajo (PST), harmonizirani davek na prodajo (HST) ali davek na prodajo v Quebecu (QST), odvisno od va\u0161e province.<\/li>\n<\/ul>\n<p><strong>Samo za stranke iz EU:<\/strong> Ekspresno DDP (dostavljeno s pla\u010dano dajatvijo). To pomeni: <\/p>\n<ul>\n<li>Vse carine in davki so vklju\u010deni v ceno, prikazano na strani izdelka.<\/li>\n<li>Ob dostavi vam ne bo treba pla\u010dati nobenih dodatnih stro\u0161kov.<\/li>\n<li>V redkih primerih te\u017eav, povezanih s carino, bo na\u0161a ekipa v va\u0161em imenu opravila postopek carinjenja in zagotovila nemoteno dostavo.<\/li>\n<p>Pomembne informacije o vra\u010dilih:<\/p>\n<li>\u010ce se odlo\u010dite vrniti naro\u010dilo ali zahtevate vra\u010dilo, se morate zavedati, da davkov in dajatev, pla\u010danih v va\u0161em imenu pod pogoji DDP, ni mogo\u010de vrniti.<\/li>\n<p>Podrobne informacije so na voljo v na\u0161ih <a href=\"https:\/\/ayaneo.co\/terms-of-service-2\/\" target=\"_blank\" rel=\"nofollow noopener\">pogojih in dolo\u010dilih<\/a>.\n<\/ul>\n<p>[\/cg_accordion]\n[cg_accordion title=\"PODPORA STRANKAM\"]<\/p>\n<p>Imate vpra\u0161anje? Samo kratko besedilo nas lo\u010di od re\u0161itve va\u0161ega vpra\u0161anja!<br \/>\n[\/cg_accordion]\n","protected":false},"featured_media":19520,"template":"","meta":{"_acf_changed":false},"product_brand":[],"product_cat":[1236],"product_tag":[],"class_list":{"0":"post-19519","1":"product","2":"type-product","3":"status-publish","4":"has-post-thumbnail","6":"product_cat-dodatki","7":"product_shipping_class-low-end","8":"pa_accessory-type-grip-sl","9":"pa_accessory-type-protective-case-sl","10":"pa_accessory-type-screen-protector-sl","11":"pa_brand-ayaneo","13":"first","14":"instock","15":"sale","16":"taxable","17":"shipping-taxable","18":"purchasable","19":"product-type-simple"},"acf":[],"_links":{"self":[{"href":"https:\/\/ayaneo.co\/sl\/wp-json\/wp\/v2\/product\/19519","targetHints":{"allow":["GET"]}}],"collection":[{"href":"https:\/\/ayaneo.co\/sl\/wp-json\/wp\/v2\/product"}],"about":[{"href":"https:\/\/ayaneo.co\/sl\/wp-json\/wp\/v2\/types\/product"}],"wp:featuredmedia":[{"embeddable":true,"href":"https:\/\/ayaneo.co\/sl\/wp-json\/wp\/v2\/media\/19520"}],"wp:attachment":[{"href":"https:\/\/ayaneo.co\/sl\/wp-json\/wp\/v2\/media?parent=19519"}],"wp:term":[{"taxonomy":"product_brand","embeddable":true,"href":"https:\/\/ayaneo.co\/sl\/wp-json\/wp\/v2\/product_brand?post=19519"},{"taxonomy":"product_cat","embeddable":true,"href":"https:\/\/ayaneo.co\/sl\/wp-json\/wp\/v2\/product_cat?post=19519"},{"taxonomy":"product_tag","embeddable":true,"href":"https:\/\/ayaneo.co\/sl\/wp-json\/wp\/v2\/product_tag?post=19519"}],"curies":[{"name":"wp","href":"https:\/\/api.w.org\/{rel}","templated":true}]}}