{"id":29404,"date":"2025-01-20T12:04:53","date_gmt":"2025-01-20T12:04:53","guid":{"rendered":"https:\/\/ayaneo.co\/product\/ayaneo-next\/"},"modified":"2025-08-01T11:33:48","modified_gmt":"2025-08-01T11:33:48","slug":"ayaneo-next","status":"publish","type":"product","link":"https:\/\/ayaneo.co\/sl\/product\/ayaneo-next\/","title":{"rendered":"AYANEO NEXT"},"content":{"rendered":"\n<figure class=\"wp-block-image\"><img decoding=\"async\" src=\"https:\/\/droix.net\/wp-content\/uploads\/2022\/01\/product-overview-1024x584.png\" alt=\"\" title=\"AYA NEO NEXT 1\"\/><\/figure>\n\n<h2 class=\"wp-block-heading\">Konzola AMD Ryzen Zen 3<\/h2>\n\n<p>Do 4,5 GHz surove mo\u010di<\/p>\n\n<p>Ko gre za mo\u010d obdelave, AYANEO Next PC Gaming Handheld ni ni\u010d slab\u0161ega na kav\u010du.<\/p>\n\n<p>Za &#8220;mo\u010d\" skrbi procesor AMD Ryzen 7 5825U, ki temelji na najnovej\u0161i arhitekturi ZEN 3. To zagotavlja gladko izku\u0161njo pri igranju iger, hkrati pa ohranja minimalno porabo baterije. Procesor Ryzen 7 APU v modelu AYANEO Next temelji na 7 nm litografiji FinFET podjetja TSMC.  <\/p>\n\n<p>Procesor 5825U Ryzen 7 je osemjedrni procesor s 16 nitmi izvajanja. V prostem teku lahko deluje pri frekvenci 2,0 GHz, pri veliki obremenitvi pa se lahko pospe\u0161i do 4,5 GHz. V povezavi s programsko opremo AYA Space lahko nastavite TDP ro\u010dnega ra\u010dunalnika AYANEO Next do 32 W za \u0161e ve\u010djo zmogljivost.  <\/p>\n\n<p>Igre bodo v primerjavi z najnovej\u0161o generacijo ra\u010dunalni\u0161kih igralnih konzol precej hitrej\u0161e.  <\/p>\n\n<p>Za pomo\u010d pri obdelavi je na voljo tudi 16 GB dvokanalnega pomnilnika LPDDR4x, ki bo zadostil vedno ve\u010djim zahtevam sistema. Ko govorimo o sistemskih zahtevah, sta na voljo dve mo\u017enosti shranjevanja: 1 TB in 2 TB - tako boste imeli na voljo dovolj prostora za najnovej\u0161e ra\u010dunalni\u0161ke igre. (Gledam te, Call of Duty) j  <\/p>\n\n<figure class=\"wp-block-image\"><img decoding=\"async\" src=\"https:\/\/droix.net\/wp-content\/uploads\/elementor\/thumbs\/processor-q8z5das1ql6n9ve6zhwvyxoict8wyvevo2ttgvwkqo.png\" alt=\"procesor\" title=\"procesor\"\/><\/figure>\n\n<h2 class=\"wp-block-heading\">AYANEO Naslednji grafi\u010dni procesor AMD<\/h2>\n\n<p>Igrajte najnovej\u0161e igre AAA<\/p>\n\n<p>Grafi\u010dna kartica AMD v ra\u010dunalniku AYANEO Next je kot nala\u0161\u010d za igranje iger na poti. V igralski skupnosti je dobro znano, da se AMD \u0161e posebej trudi za integracijo in zdru\u017eljivost z najnovej\u0161imi igrami na trgu. <\/p>\n\n<p>Grafi\u010dni \u010dipovje v AYANEO Next je v primerjavi s staro generacijo AMD Graphics v primerjalnih testih za 17 % hitrej\u0161e. V kombinaciji s programsko opremo AYA Space, ki vam omogo\u010da nadzor nad TDP va\u0161e konzole, in odli\u010dno hladilno re\u0161itvijo je AYANEO Next prava igralna zver. <\/p>\n\n<h2 class=\"wp-block-heading\">Drzno in svetlo<\/h2>\n\n<p>7\u2033 IPS-Display<\/p>\n\n<p>Pri igranju iger hitrost in FPS nista vse (okej, predstavljata pribli\u017eno 90 % izku\u0161nje), ampak je zelo pomemben medij, prek katerega izku\u0161njo absorbira\u0161.<\/p>\n\n<p>Zato je AYANEO Next opremljen s \u010dudovitim 1280*800 H-IPS zaslonom na dotik.<\/p>\n\n<figure class=\"wp-block-image\"><img decoding=\"async\" src=\"https:\/\/droix.net\/wp-content\/uploads\/2022\/01\/AYANEO-NEXT-BRIGHT-WHITE-MARKETING-PICTURE-2-scaled.jpg\" alt=\"AYANEO-NEXT-BRIGHT-WHITE-MARKETING-PICTURE-2\" title=\"AYA NEO NEXT 2\"\/><\/figure>\n\n<figure class=\"wp-block-image\"><img decoding=\"async\" src=\"https:\/\/droix.net\/wp-content\/uploads\/2022\/01\/AYANEO-NEXT-JET-BLACK-MARKETING-PICTURE-2-scaled.jpg\" alt=\"AYANEO-NEXT-JET-BLACK-MARKETING-PICTURE-2\" title=\"AYA NEO NEXT 3\"\/><\/figure>\n\n<figure class=\"wp-block-image\"><img decoding=\"async\" src=\"https:\/\/droix.net\/wp-content\/uploads\/2022\/01\/AYANEO-NEXT-MIDNIGHT-BLUE-MARKETING-PICTURE-4-scaled.jpg\" alt=\"AYANEO-NEXT-MIDNIGHT-BLUE-MARKETING-PICTURE-4\" title=\"AYA NEO NEXT 4\"\/><\/figure>\n\n<figure class=\"wp-block-image\"><img decoding=\"async\" src=\"https:\/\/droix.net\/wp-content\/uploads\/2022\/01\/AYANEO-NEXT-PASTEL-BLUE-MARKETING-PICTURE-7-scaled.jpg\" alt=\"AYANEO-NEXT-PASTEL-BLUE-MARKETING-PICTURE-7\" title=\"AYA NEO NEXT 5\"\/><\/figure>\n\n<h2 class=\"wp-block-heading\">Igre A-Z<\/h2>\n\n<p>AYANEO Next PC Gaming Handheld izpolnjuje vse zahteve - opremljen je z najbolj\u0161o strojno opremo, da bodo va\u0161e igralne seanse kar najbolj udobne.<\/p>\n\n<figure class=\"wp-block-image\"><img decoding=\"async\" src=\"https:\/\/droix.net\/wp-content\/uploads\/2022\/01\/high-quality-build.png\" alt=\"\" title=\"AYA NEO NEXT 6\"\/><\/figure>\n\n<figure class=\"wp-block-image\"><img decoding=\"async\" src=\"https:\/\/droix.net\/wp-content\/uploads\/2022\/01\/shoulder-buttons.png\" alt=\"\" title=\"AYA NEO NEXT 7\"\/><\/figure>\n\n<figure class=\"wp-block-image\"><img decoding=\"async\" src=\"https:\/\/droix.net\/wp-content\/uploads\/2022\/01\/fingerprint.png\" alt=\"\" title=\"AYA NEO NEXT 8\"\/><\/figure>\n","protected":false},"excerpt":{"rendered":"<ul>\n<li>AMD\u00ae <strong>Ryzen\u2122 7 5825U z<\/strong> grafi\u010dno kartico AMD Radeon\u2122 Vega 8<\/li>\n<li><strong>16 GB dvokanalnega<\/strong> LPDDR4x @ 4266 MHz<\/li>\n<li><strong>2TB\/2TB hitri<\/strong> SSD PCI-E NVMe<\/li>\n<li><strong>7\u2033<\/strong> zaslon na dotik <strong>H-IPS<\/strong> <\/li>\n<li><strong>Podpora<\/strong> <strong>WiFi 6 IEEE<\/strong> in <strong>Bluetooth 5.2<\/strong> <\/li>\n<\/ul>\n[cg_accordion title=\"INFORMACIJE O PLA\u010cILU\"]<\/p>\n<p>Uporabljamo najnovej\u0161o tehnologijo za obdelavo pla\u010dil, ki vam omogo\u010da, da se na blagajni naro\u010dite prek Apple Pay, Google Pay, debetne\/kreditne kartice, PayPal ali metod BNPL, kot so Klarna, Affirm ali AfterPay, kar zagotavlja hitro in varno izku\u0161njo.[\/cg_accordion]\n[cg_accordion title=\"GARANCIJA\"]<\/p>\n<p>1 leto garancije <a href=\"https:\/\/droix.net\/\" target=\"_blank\" rel=\"nofollow noopener\">DROIX Global<\/a> za va\u0161 mir[\/cg_accordion]\n[cg_accordion title=\"CENE, DAVKI IN PO\u0160ILJANJE\"]<\/p>\n<p><strong><u>Opomba:<\/u><\/strong><\/p>\n<ul>\n<li>Zdru\u017eene dr\u017eave Amerike Kupci: Prikazana cena NE vklju\u010duje davka in dajatev. Odgovornost za carinjenje in pla\u010dilo vseh povezanih davkov\/carin nosi kupec. <\/li>\n<li>Stranke iz EU: Prikazana cena vklju\u010duje veljavni davek, ki lahko zna\u0161a do 25 %, odvisno od va\u0161e dr\u017eave.<\/li>\n<li>Kanada Kupci: Prikazana cena vklju\u010duje veljavne davke, ki lahko vklju\u010dujejo 5 % davek na dodano vrednost (GST) in dodatne pokrajinske davke na prodajo (PST), harmonizirani davek na prodajo (HST) ali davek na prodajo v Quebecu (QST), odvisno od va\u0161e province.<\/li>\n<\/ul>\n<p><strong>Samo za stranke iz EU:<\/strong> Ekspresno DDP (dostavljeno s pla\u010dano dajatvijo). To pomeni: <\/p>\n<ul>\n<li>Vse carine in davki so vklju\u010deni v ceno, prikazano na strani izdelka.<\/li>\n<li>Ob dostavi vam ne bo treba pla\u010dati nobenih dodatnih stro\u0161kov.<\/li>\n<li>V redkih primerih te\u017eav, povezanih s carino, bo na\u0161a ekipa v va\u0161em imenu opravila postopek carinjenja in zagotovila nemoteno dostavo.<\/li>\n<p>Pomembne informacije o vra\u010dilih:<\/p>\n<li>\u010ce se odlo\u010dite vrniti naro\u010dilo ali zahtevate vra\u010dilo, se morate zavedati, da davkov in dajatev, pla\u010danih v va\u0161em imenu pod pogoji DDP, ni mogo\u010de vrniti.<\/li>\n<p>Podrobne informacije so na voljo v na\u0161ih <a href=\"https:\/\/ayaneo.co\/terms-of-service-2\/\" target=\"_blank\" rel=\"nofollow noopener\">pogojih in dolo\u010dilih<\/a>.\n<\/ul>\n<p>[\/cg_accordion]\n[cg_accordion title=\"PODPORA STRANKAM\"]<\/p>\n<p>Imate vpra\u0161anje? Samo kratko besedilo nas lo\u010di od re\u0161itve va\u0161ega vpra\u0161anja!<br \/>\n[\/cg_accordion]\n[cg_accordion title=\"Paket vklju\u010duje\"]<\/p>\n<ul>\n<li>1x AYANEO NEXT<\/li>\n<li>1x kabel USB tipa C<\/li>\n<li>1x uporabni\u0161ki priro\u010dnik<\/li>\n<\/ul>\n<p>[\/cg_accordion]\n","protected":false},"featured_media":29405,"template":"","meta":{"_acf_changed":false},"product_brand":[],"product_cat":[1245],"product_tag":[],"class_list":{"0":"post-29404","1":"product","2":"type-product","3":"status-publish","4":"has-post-thumbnail","6":"product_cat-rocni-igralni-racunalniki","7":"product_shipping_class-premium","8":"pa_brand-ayaneo","9":"pa_graphics-gpu-model-radeon-graphics","10":"pa_operating-system-windows-11-home","11":"pa_processor-cpu-brand-amd","13":"first","14":"outofstock","15":"sale","16":"taxable","17":"shipping-taxable","18":"purchasable","19":"product-type-variable","20":"has-default-attributes"},"acf":[],"_links":{"self":[{"href":"https:\/\/ayaneo.co\/sl\/wp-json\/wp\/v2\/product\/29404","targetHints":{"allow":["GET"]}}],"collection":[{"href":"https:\/\/ayaneo.co\/sl\/wp-json\/wp\/v2\/product"}],"about":[{"href":"https:\/\/ayaneo.co\/sl\/wp-json\/wp\/v2\/types\/product"}],"wp:featuredmedia":[{"embeddable":true,"href":"https:\/\/ayaneo.co\/sl\/wp-json\/wp\/v2\/media\/29405"}],"wp:attachment":[{"href":"https:\/\/ayaneo.co\/sl\/wp-json\/wp\/v2\/media?parent=29404"}],"wp:term":[{"taxonomy":"product_brand","embeddable":true,"href":"https:\/\/ayaneo.co\/sl\/wp-json\/wp\/v2\/product_brand?post=29404"},{"taxonomy":"product_cat","embeddable":true,"href":"https:\/\/ayaneo.co\/sl\/wp-json\/wp\/v2\/product_cat?post=29404"},{"taxonomy":"product_tag","embeddable":true,"href":"https:\/\/ayaneo.co\/sl\/wp-json\/wp\/v2\/product_tag?post=29404"}],"curies":[{"name":"wp","href":"https:\/\/api.w.org\/{rel}","templated":true}]}}