{"id":30069,"date":"2025-08-06T10:57:49","date_gmt":"2025-08-06T10:57:49","guid":{"rendered":"https:\/\/ayaneo.co\/?post_type=product&#038;p=30069"},"modified":"2026-01-06T00:26:39","modified_gmt":"2026-01-06T00:26:39","slug":"ayaneo-3-zepni-evo-thumb-stick-grip-caps-natancnost-in-udobje-za-vsak-gib-copy","status":"publish","type":"product","link":"https:\/\/ayaneo.co\/sl\/product\/ayaneo-3-zepni-evo-thumb-stick-grip-caps-natancnost-in-udobje-za-vsak-gib-copy\/","title":{"rendered":"AYANEO Pocket ro\u010daji ACE"},"content":{"rendered":"\n<h2 class=\"wp-block-heading\">Pregled izdelka:<\/h2>\n\n<p><strong>\u017depni ro\u010daji AYANEO Pocket ACE so<\/strong> zasnovani tako, da zagotavljajo ve\u010dje udobje in nadzor pri igranju iger. Ta ergonomska dr\u017eala se brez te\u017eav pritrdijo na va\u0161o <strong>AYANEO Pocket ACE,<\/strong> zagotavljajo varen in udoben oprijem, zmanj\u0161ujejo utrujenost in zagotavljajo natan\u010den nadzor med dalj\u0161im igranjem. <\/p>\n\n<ol class=\"wp-block-list\">\n<li><strong>Ergonomska zasnova za<\/strong> maksimalno udobje med igranjem.<\/li>\n\n\n\n<li><strong>Popolnoma ustreza \u017eepnemu<\/strong> ra\u010dunalniku <strong>AYANEO Pocket ACE.<\/strong><\/li>\n\n\n\n<li>Trpe\u017een material za <strong>dolgotrajno uporabo.<\/strong><\/li>\n\n\n\n<li>Enostavno pritrditev in odstranitev za <strong>hitro namestitev.<\/strong><\/li>\n\n\n\n<li>Izbolj\u0161an oprijem za <strong>bolj\u0161i nadzor in natan\u010dnost.<\/strong><\/li>\n<\/ol>\n\n<hr class=\"wp-block-separator has-alpha-channel-opacity\"\/>\n\n<h2 class=\"wp-block-heading\">Zakaj izbrati <strong>AYANEO Pocket ACE?<\/strong><\/h2>\n\n<p>AYANEO Pocket <strong>ACE ponuja bolj<\/strong> poglobljeno in udobno igralno <strong>izku\u0161njo<\/strong>, ne glede na to, ali se borite v intenzivnih ve\u010digralskih tekmah ali u\u017eivate v dolgih kampanjah za enega igralca. Njihova ergonomska zasnova in varno prileganje zagotavljata, da lahko igrate ve\u010d ur brez nelagodja ali drsenja. <\/p>\n\n<hr class=\"wp-block-separator has-alpha-channel-opacity\"\/>\n\n<h2 class=\"wp-block-heading\">Specifikacije:<\/h2>\n\n<ul class=\"wp-block-list\">\n<li><strong>Material:<\/strong> Trpe\u017ena plastika z ergonomsko teksturirano povr\u0161ino<\/li>\n\n\n\n<li><strong>Zdru\u017eljivost:<\/strong> <strong>AYANEO Pocket ACE<\/strong><\/li>\n\n\n\n<li><strong>Lastnosti:<\/strong> Lahka, trpe\u017ena in enostavna za pritrditev<\/li>\n<\/ul>\n\n<p>Nadgradite svoj <strong>AYANEO Pocket ACE s<\/strong> temi ro\u010daji za udobno in natan\u010dno igralno izku\u0161njo, saj vsaka poteza \u0161teje!<\/p>\n\n<p><\/p>\n","protected":false},"excerpt":{"rendered":"<ul>\n<li><strong>Ergonomska zasnova za<\/strong> maksimalno udobje med igranjem.<\/li>\n<li><strong>Popolnoma ustreza \u017eepnemu<\/strong> ra\u010dunalniku AYANEO Pocket ACE.<\/li>\n<li>Trpe\u017een material za <strong>dolgotrajno uporabo.<\/strong><\/li>\n<li>Enostavno pritrditev in odstranitev za <strong>hitro namestitev.<\/strong><\/li>\n<li>Izbolj\u0161an oprijem za <strong>bolj\u0161i nadzor in natan\u010dnost.<\/strong><\/li>\n<\/ul>\n[cg_accordion title=\"INFORMACIJE O PLA\u010cILU\"]<\/p>\n<p>Uporabljamo najnovej\u0161o tehnologijo za obdelavo pla\u010dil, ki vam omogo\u010da, da se na blagajni naro\u010dite prek Apple Pay, Google Pay, debetne\/kreditne kartice, PayPal ali metod BNPL, kot so Klarna, Affirm ali AfterPay, kar zagotavlja hitro in varno izku\u0161njo.[\/cg_accordion]\n[cg_accordion title=\"GARANCIJA\"]<\/p>\n<p>1 leto garancije <a href=\"https:\/\/droix.net\/\" target=\"_blank\" rel=\"nofollow noopener\">DROIX Global za<\/a> va\u0161 mir[\/cg_accordion]\n[cg_accordion title=\"ZAGOTAVLJANJE KAKOVOSTI IN TESTIRANJE PRED ODPREMO\"]<\/p>\n<p>Zagotavljanje zadovoljstva strank na najvi\u0161ji ravni: Vsaka naprava je pred odpremo strogo preizku\u0161ena in preverjena v ve\u010d to\u010dkah za zagotavljanje kakovosti. Na\u0161a predana ekipa preveri delovanje, funkcionalnost in celovitost komponent, s \u010dimer zagotovimo, da bo va\u0161a naprava AYANEO ob prihodu v popolnem delovnem stanju, kar vam zagotavlja zaupanje in mir v du\u0161i. [\/cg_accordion]\n[cg_accordion title=\"CENE, DAVKI IN PO\u0160ILJANJE\"]<\/p>\n<p><strong><u>Opomba:<\/u><\/strong><\/p>\n<ul>\n<li>Zdru\u017eene dr\u017eave Amerike Kupci: Prikazana cena NE vklju\u010duje davka in dajatev. Odgovornost za carinjenje in pla\u010dilo vseh povezanih davkov\/carin nosi kupec. <\/li>\n<li>Stranke iz EU: Prikazana cena vklju\u010duje veljavni davek, ki lahko zna\u0161a do 25 %, odvisno od va\u0161e dr\u017eave.<\/li>\n<li>Kanada Kupci: Prikazana cena vklju\u010duje veljavne davke, ki lahko vklju\u010dujejo 5 % davek na dodano vrednost (GST) in dodatne pokrajinske davke na prodajo (PST), harmonizirani davek na prodajo (HST) ali davek na prodajo v Quebecu (QST), odvisno od va\u0161e province.<\/li>\n<\/ul>\n<p><strong>Samo za stranke iz EU:<\/strong> Ekspresno DDP (dostavljeno s pla\u010dano dajatvijo). To pomeni: <\/p>\n<ul>\n<li>Vse carine in davki so vklju\u010deni v ceno, prikazano na strani izdelka.<\/li>\n<li>Ob dostavi vam ne bo treba pla\u010dati nobenih dodatnih stro\u0161kov.<\/li>\n<li>V redkih primerih te\u017eav, povezanih s carino, bo na\u0161a ekipa v va\u0161em imenu opravila postopek carinjenja in zagotovila nemoteno dostavo.<\/li>\n<p>Pomembne informacije o vra\u010dilih:<\/p>\n<li>\u010ce se odlo\u010dite vrniti naro\u010dilo ali zahtevate vra\u010dilo, se morate zavedati, da davkov in dajatev, pla\u010danih v va\u0161em imenu pod pogoji DDP, ni mogo\u010de vrniti.<\/li>\n<p>Podrobne informacije <a href=\"https:\/\/ayaneo.co\/sl\/pogoji-uporabe-storitev\/\" target=\"_blank\" rel=\"nofollow noopener\">so na voljo v na\u0161ih pogojih in dolo\u010dilih<\/a>.\n<\/ul>\n<p>[\/cg_accordion]\n[cg_accordion title=\"PODPORA STRANKAM\"]<\/p>\n<p>Imate vpra\u0161anje? Samo kratko besedilo nas lo\u010di od re\u0161itve va\u0161ega vpra\u0161anja! [\/cg_accordion]\n[cg_accordion title=\"PAKET VKLJU\u010cUJE\"]<\/p>\n<ul>\n<li>1x AYANEO Pocket ro\u010daji ACE<\/li>\n<\/ul>\n<p>[\/cg_accordion]\n","protected":false},"featured_media":30093,"template":"","meta":{"_acf_changed":false},"product_brand":[],"product_cat":[1236],"product_tag":[],"class_list":{"0":"post-30069","1":"product","2":"type-product","3":"status-publish","4":"has-post-thumbnail","6":"product_cat-dodatki","7":"product_shipping_class-low-end","9":"first","10":"outofstock","11":"sale","12":"taxable","13":"shipping-taxable","14":"purchasable","15":"product-type-simple"},"acf":[],"_links":{"self":[{"href":"https:\/\/ayaneo.co\/sl\/wp-json\/wp\/v2\/product\/30069","targetHints":{"allow":["GET"]}}],"collection":[{"href":"https:\/\/ayaneo.co\/sl\/wp-json\/wp\/v2\/product"}],"about":[{"href":"https:\/\/ayaneo.co\/sl\/wp-json\/wp\/v2\/types\/product"}],"wp:featuredmedia":[{"embeddable":true,"href":"https:\/\/ayaneo.co\/sl\/wp-json\/wp\/v2\/media\/30093"}],"wp:attachment":[{"href":"https:\/\/ayaneo.co\/sl\/wp-json\/wp\/v2\/media?parent=30069"}],"wp:term":[{"taxonomy":"product_brand","embeddable":true,"href":"https:\/\/ayaneo.co\/sl\/wp-json\/wp\/v2\/product_brand?post=30069"},{"taxonomy":"product_cat","embeddable":true,"href":"https:\/\/ayaneo.co\/sl\/wp-json\/wp\/v2\/product_cat?post=30069"},{"taxonomy":"product_tag","embeddable":true,"href":"https:\/\/ayaneo.co\/sl\/wp-json\/wp\/v2\/product_tag?post=30069"}],"curies":[{"name":"wp","href":"https:\/\/api.w.org\/{rel}","templated":true}]}}