{"id":33458,"date":"2025-08-20T14:41:46","date_gmt":"2025-08-20T14:41:46","guid":{"rendered":"https:\/\/ayaneo.co\/product\/ayaneo-pocket-s2-torba\/"},"modified":"2026-01-06T00:29:56","modified_gmt":"2026-01-06T00:29:56","slug":"ayaneo-pocket-s2-torba","status":"publish","type":"product","link":"https:\/\/ayaneo.co\/sl\/product\/ayaneo-pocket-s2-torba\/","title":{"rendered":"AYANEO Pocket S2 Bag"},"content":{"rendered":"\n<h2 class=\"wp-block-heading\">Pregled izdelka:<\/h2>\n\n<p><strong>AYANEO Pocket S2 Bag <\/strong>je popoln pripomo\u010dek za igralce, ki cenijo slog in za\u0161\u010dito. Ta torbica je zasnovana tako, da se tesno prilega konzoli AYANEO Pocket S2, in zdru\u017euje vrhunske materiale s kompaktno obliko, kar zagotavlja, da bo va\u0161a igralna naprava ostala varna, kjer koli boste. <\/p>\n\n<hr class=\"wp-block-separator has-alpha-channel-opacity\"\/>\n\n<h2 class=\"wp-block-heading\" id=\"h-key-features\">Klju\u010dne lastnosti:<\/h2>\n\n<p><strong>Kompaktna zasnova, prilagojena<\/strong> za AYANEO Pocket S2.<\/p>\n\n<p>Trpe\u017eni materiali za <strong>bolj\u0161o za\u0161\u010dito.<\/strong><\/p>\n\n<p>Lahka in prenosna za <strong>udobje na poti.<\/strong><\/p>\n\n<p>Mehka notranja obloga <strong>prepre\u010duje praske.<\/strong><\/p>\n\n<p>Elegantna in elegantna zunanjost za <strong>sodobno estetiko.<\/strong><\/p>\n\n<hr class=\"wp-block-separator has-alpha-channel-opacity\"\/>\n\n<h2 class=\"wp-block-heading\" id=\"h-why-choose-the-ayaneo-pocket-micro-case\">Zakaj izbrati \u017eepno vre\u010dko AYANEO Pocket S2?<\/h2>\n\n<p>Za\u0161\u010ditite svojo nalo\u017ebo z \u017eepno torbico AYANEO Pocket S2, ki je zasnovana za za\u0161\u010dito konzole pred praskami, prahom in manj\u0161imi udarci. Zaradi svoje lahke in kompaktne zasnove je idealna potovalna spremljevalka, ne glede na to, ali se odpravljate na igranje iger s prijatelji ali pa konzolo vzamete s seboj na pot. <\/p>\n\n<hr class=\"wp-block-separator has-alpha-channel-opacity\"\/>\n\n<h3 class=\"wp-block-heading\" id=\"h-specifications\">Specifikacije:<\/h3>\n\n<ul class=\"wp-block-list\">\n<li><strong>Material:<\/strong> Material: trpe\u017ena tkanina ali sinteti\u010dno usnje<\/li>\n\n\n\n<li><strong>Zdru\u017eljivost:<\/strong> AYANEO Pocket S2 Console<\/li>\n\n\n\n<li><strong>Lastnosti:<\/strong> Odporen na praske, lahek in prenosen<\/li>\n<\/ul>\n\n<p>Izbolj\u0161ajte svojo igralno izku\u0161njo s torbico AYANEO Pocket S2 - popolno kombinacijo za\u0161\u010dite in prenosnosti!<\/p>\n\n<p><\/p>\n","protected":false},"excerpt":{"rendered":"<ul>\n<li><strong>Kompaktna zasnova, prilagojena<\/strong> za AYANEO Pocket S2.<\/li>\n<li>Trpe\u017eni materiali za <strong>bolj\u0161o za\u0161\u010dito.<\/strong><\/li>\n<li>Lahka in prenosna za <strong>udobje na poti.<\/strong><\/li>\n<li>Mehka notranja obloga <strong>prepre\u010duje praske.<\/strong><\/li>\n<li>Elegantna in elegantna zunanjost za <strong>sodobno estetiko.<\/strong><\/li>\n<\/ul>\n[cg_accordion title=\"INFORMACIJE O PLA\u010cILU\"]<\/p>\n<p>Uporabljamo najnovej\u0161o tehnologijo za obdelavo pla\u010dil, ki vam omogo\u010da, da se na blagajni naro\u010dite prek Apple Pay, Google Pay, debetne\/kreditne kartice, PayPal ali metod BNPL, kot so Klarna, Affirm ali AfterPay, kar zagotavlja hitro in varno izku\u0161njo.[\/cg_accordion]\n[cg_accordion title=\"GARANCIJA\"]<\/p>\n<p>1 leto garancije <a href=\"https:\/\/droix.net\/\" target=\"_blank\" rel=\"nofollow noopener\">DROIX Global za<\/a> va\u0161 mir[\/cg_accordion]\n[cg_accordion title=\"ZAGOTAVLJANJE KAKOVOSTI IN TESTIRANJE PRED ODPREMO\"]<\/p>\n<p>Zagotavljanje zadovoljstva strank na najvi\u0161ji ravni: Vsaka naprava je pred odpremo strogo preizku\u0161ena in preverjena v ve\u010d to\u010dkah za zagotavljanje kakovosti. Na\u0161a predana ekipa preveri delovanje, funkcionalnost in celovitost komponent, s \u010dimer zagotovimo, da bo va\u0161a naprava AYANEO ob prihodu v popolnem delovnem stanju, kar vam zagotavlja zaupanje in mir v du\u0161i. [\/cg_accordion]\n[cg_accordion title=\"CENE, DAVKI IN PO\u0160ILJANJE\"]<\/p>\n<p><strong><u>Opomba:<\/u><\/strong><\/p>\n<ul>\n<li>Zdru\u017eene dr\u017eave Amerike Kupci: Prikazana cena NE vklju\u010duje davka in dajatev. Odgovornost za carinjenje in pla\u010dilo vseh povezanih davkov\/carin nosi kupec. <\/li>\n<li>Stranke iz EU: Prikazana cena vklju\u010duje veljavni davek, ki lahko zna\u0161a do 25 %, odvisno od va\u0161e dr\u017eave.<\/li>\n<li>Kanada Kupci: Prikazana cena vklju\u010duje veljavne davke, ki lahko vklju\u010dujejo 5 % davek na dodano vrednost (GST) in dodatne pokrajinske davke na prodajo (PST), harmonizirani davek na prodajo (HST) ali davek na prodajo v Quebecu (QST), odvisno od va\u0161e province.<\/li>\n<\/ul>\n<p><strong>Samo za stranke iz EU:<\/strong> Ekspresno DDP (dostavljeno s pla\u010dano dajatvijo). To pomeni: <\/p>\n<ul>\n<li>Vse carine in davki so vklju\u010deni v ceno, prikazano na strani izdelka.<\/li>\n<li>Ob dostavi vam ne bo treba pla\u010dati nobenih dodatnih stro\u0161kov.<\/li>\n<li>V redkih primerih te\u017eav, povezanih s carino, bo na\u0161a ekipa v va\u0161em imenu opravila postopek carinjenja in zagotovila nemoteno dostavo.<\/li>\n<p>Pomembne informacije o vra\u010dilih:<\/p>\n<li>\u010ce se odlo\u010dite vrniti naro\u010dilo ali zahtevate vra\u010dilo, se morate zavedati, da davkov in dajatev, pla\u010danih v va\u0161em imenu pod pogoji DDP, ni mogo\u010de vrniti.<\/li>\n<p>Podrobne informacije <a href=\"https:\/\/ayaneo.co\/sl\/pogoji-uporabe-storitev\/\" target=\"_blank\" rel=\"nofollow noopener\">so na voljo v na\u0161ih pogojih in dolo\u010dilih<\/a>.\n<\/ul>\n<p>[\/cg_accordion]\n[cg_accordion title=\"PODPORA STRANKAM\"]<\/p>\n<p>Imate vpra\u0161anje? Samo kratko besedilo nas lo\u010di od re\u0161itve va\u0161ega vpra\u0161anja! [\/cg_accordion]\n[cg_accordion title=\"PAKET VKLJU\u010cUJE\"]<\/p>\n<ul>\n<li>1x AYANEO Pocket S2 torba<\/li>\n<\/ul>\n<p>[\/cg_accordion]\n","protected":false},"featured_media":30557,"template":"","meta":{"_acf_changed":false},"product_brand":[],"product_cat":[1236],"product_tag":[],"class_list":{"0":"post-33458","1":"product","2":"type-product","3":"status-publish","4":"has-post-thumbnail","6":"product_cat-dodatki","8":"first","9":"instock","10":"sale","11":"taxable","12":"shipping-taxable","13":"purchasable","14":"product-type-simple"},"acf":[],"_links":{"self":[{"href":"https:\/\/ayaneo.co\/sl\/wp-json\/wp\/v2\/product\/33458","targetHints":{"allow":["GET"]}}],"collection":[{"href":"https:\/\/ayaneo.co\/sl\/wp-json\/wp\/v2\/product"}],"about":[{"href":"https:\/\/ayaneo.co\/sl\/wp-json\/wp\/v2\/types\/product"}],"wp:featuredmedia":[{"embeddable":true,"href":"https:\/\/ayaneo.co\/sl\/wp-json\/wp\/v2\/media\/30557"}],"wp:attachment":[{"href":"https:\/\/ayaneo.co\/sl\/wp-json\/wp\/v2\/media?parent=33458"}],"wp:term":[{"taxonomy":"product_brand","embeddable":true,"href":"https:\/\/ayaneo.co\/sl\/wp-json\/wp\/v2\/product_brand?post=33458"},{"taxonomy":"product_cat","embeddable":true,"href":"https:\/\/ayaneo.co\/sl\/wp-json\/wp\/v2\/product_cat?post=33458"},{"taxonomy":"product_tag","embeddable":true,"href":"https:\/\/ayaneo.co\/sl\/wp-json\/wp\/v2\/product_tag?post=33458"}],"curies":[{"name":"wp","href":"https:\/\/api.w.org\/{rel}","templated":true}]}}