{"id":44823,"date":"2026-02-03T13:07:54","date_gmt":"2026-02-03T13:07:54","guid":{"rendered":"https:\/\/ayaneo.co\/product\/biwin-mini-ssd\/"},"modified":"2026-02-12T09:57:20","modified_gmt":"2026-02-12T09:57:20","slug":"biwin-mini-ssd","status":"publish","type":"product","link":"https:\/\/ayaneo.co\/sl\/product\/biwin-mini-ssd\/","title":{"rendered":"BIWIN Mini SSD"},"content":{"rendered":"\n<h2 class=\"wp-block-heading\">BIWIN Mini SSD: Nova doba zmogljivosti shranjevanja podatkov<\/h2>\n\n<p>V zelo konkuren\u010dnem svetu prenosnih pomnilnikov <strong>je<\/strong> BIWIN <strong>Mini SSD<\/strong> prava mo\u010d, saj ponuja elitno zmogljivost in robustno vzdr\u017eljivost, ki zadovoljita vse zahtevne uporabnike. Ta naprava je izjava o brezkompromisni hitrosti, ki predstavlja korak naprej v ultrakompaktni tehnologiji shranjevanja podatkov. BIWIN Mini SSD je \u010dude\u017e oblikovanja in mo\u010di, saj ponuja vodilno podatkovno izku\u0161njo, neprimerljivo prenosljivost in nabor inovativnih funkcij, ki ga uvr\u0161\u010dajo v sam vrh trga. Ta pogon je bil izdelan za profesionalce in navdu\u0161ence, ki zahtevajo elitno hitrost in vrhunsko, funkcionalno bogato re\u0161itev, ter ru\u0161i meje rokovanja s podatki na poti.   <\/p>\n\n<p>BIWIN Mini SSD je velikan inovacij na podro\u010dju vrhunskih, kompaktnih SSD naprav. Mini SSD, ki ga poganja vrhunska <strong>tehnologija<\/strong> <strong>PCIe Gen4x2 in<\/strong> <strong>NVMe 1.4<\/strong>, zagotavlja osupljivo zmogljivost s <strong>hitrostmi<\/strong> zaporednega branja do 3 700 MB\/s <strong>in pisanja do<\/strong> 3 400 MB\/s. Tak\u0161na hitrost presega zgornjo mejo zmogljivosti obi\u010dajnih kartic microSD in postavlja Mini SSD kot vrhunsko, visokohitrostno zamenjavo. Ta mo\u010d je shranjena v izjemno kompaktnem ohi\u0161ju - meri le <strong>15,0 mm \u00d7 17,0 mm \u00d7 1,4 mm, kar omogo\u010da napredna<\/strong> <a href=\"https:\/\/en.wikipedia.org\/wiki\/Land_grid_array\" target=\"_blank\" rel=\"noopener nofollow\" title=\"\">embala\u017ea LGA (Land Grid Array) .<\/a>    <\/p>\n\n<p><strong>Mini<\/strong> SSD je na voljo v razli\u010dicah z veliko zmogljivostjo, kot so <strong>512 GB, 1 TB in 2 TB, in<\/strong> zagotavlja izjemen prostor za shranjevanje podatkov za zahtevne delovne obremenitve, kot sta sodelovanje v oblaku in obdelava podatkov v realnem \u010dasu.<\/p>\n\n<h2 class=\"wp-block-heading\"><strong>Opomba o zmogljivosti ro\u010dnega ra\u010dunalnika<\/strong><\/h2>\n\n<p>Pomembno je, da uporabniki posebnih gostiteljskih naprav upo\u0161tevajo, da \u010deprav Mini SSD ponuja najve\u010djo teoreti\u010dno hitrost 3 700 MB\/s, je njegova dejanska zmogljivost omejena s specifikacijami re\u017ee gostiteljske naprave. Na primer, pri namestitvi v zdru\u017eljive igralne dlan\u010dnike je hitrost pogona obi\u010dajno omejena, ker naprava uporablja <strong>konfiguracijo<\/strong> mini PCIe 4&#215;1 <strong>(namesto<\/strong> polne specifikacije 4&#215;2). Na podlagi testiranja CrystalDiskMark lahko uporabniki pri\u010dakujejo povpre\u010dne hitrosti branja in pisanja pribli\u017eno 1 700 <strong>MB\/s.<\/strong> To \u0161e vedno zagotavlja zanesljivo in visokohitrostno delovanje, ki mo\u010dno presega alternativne kartice microSD, \u010deprav morda ne odra\u017ea absolutno najve\u010djega teoreti\u010dnega potenciala pogona.   <\/p>\n\n<p>Naprava je zasnovana za brezkompromisno zanesljivost in ima robustno strukturo z <strong>oznako<\/strong> IP68 <strong>za celovito<\/strong> za\u0161\u010dito pred prahom in vodo, tako da je odporna tudi na najte\u017eje pogoje. Neizmerno zanesljivost podatkov zagotavlja napredna vdelana programska oprema, vklju\u010dno z dinami\u010dnim predpomnjenjem SLC in izena\u010devanjem obrabe, vzdr\u017eljivost pa je okrepljena z embala\u017eo LGA, ki omogo\u010da pre\u017eivetje padcev z vi\u0161ine do 3 metrov. S svojo vsestransko modularno zasnovo re\u017ee je to vzdr\u017eljiv in na prihodnost pripravljen spremljevalec za aplikacije v mobilnih napravah, igralnih ro\u010dnih ra\u010dunalnikih (kot sta GPD WIN 5 in ONEXPLAYER Super X) in robnem ra\u010dunalni\u0161tvu.  <\/p>\n","protected":false},"excerpt":{"rendered":"\n<ul>\n<li>Vmesnik: <strong>PCIe Gen4x2 s<\/strong> protokolom **NVMe 1.4**<\/li>\n<li>Faktor oblike: <strong>(<\/strong> 15,0 mm \u00d7 17,0 mm \u00d7 1,4 mm)<\/li>\n<li>Izvedba: Do **3.700 MB\/s za branje** \/ do **3.400 MB\/s za pisanje**<\/li>\n<li>Kapaciteta: 512 GB, 1 TB ali 2 TB 3D TLC NAND<\/li>\n<li>Trajnost: <strong>IP68<\/strong> Odpornost na <strong>prah<\/strong> in vodo \/ **3-metrski padec** Pre\u017eivetje<\/li>\n<li>Tehnologija: Dinami\u010dno predpomnjenje **SLC** in **izena\u010devanje obrabe**<\/li>\n<\/ul>\n[cg_accordion title=\"INFORMACIJE O PLA\u010cILU\"]<\/p>\n<p>Uporabljamo najnovej\u0161o tehnologijo za obdelavo pla\u010dil, ki vam omogo\u010da, da se na blagajni naro\u010dite prek Apple Pay, Google Pay, debetne\/kreditne kartice, PayPal ali metod BNPL, kot so Klarna, Affirm ali AfterPay, kar zagotavlja hitro in varno izku\u0161njo.[\/cg_accordion]\n[cg_accordion title=\"GARANCIJA\"]<\/p>\n<p>1 leto garancije <a href=\"https:\/\/droix.net\/\" target=\"_blank\" rel=\"nofollow noopener\">DROIX Global za<\/a> va\u0161 mir[\/cg_accordion]\n[cg_accordion title=\"ZAGOTAVLJANJE KAKOVOSTI IN TESTIRANJE PRED ODPREMO\"]<\/p>\n<p>Zagotavljanje zadovoljstva strank na najvi\u0161ji ravni: Vsaka naprava je pred odpremo strogo preizku\u0161ena in preverjena v ve\u010d to\u010dkah za zagotavljanje kakovosti. Na\u0161a predana ekipa preveri delovanje, funkcionalnost in celovitost komponent, s \u010dimer zagotovimo, da bo va\u0161a naprava AYANEO ob prihodu v popolnem delovnem stanju, kar vam zagotavlja zaupanje in mir v du\u0161i. [\/cg_accordion]\n[cg_accordion title=\"CENE, DAVKI IN PO\u0160ILJANJE\"]<\/p>\n<p><strong><u>Opomba:<\/u><\/strong><\/p>\n<ul>\n<li>Zdru\u017eene dr\u017eave Amerike Kupci: Prikazana cena NE vklju\u010duje davka in dajatev. Odgovornost za carinjenje in pla\u010dilo vseh povezanih davkov\/carin nosi kupec. <\/li>\n<li>Stranke iz EU: Prikazana cena vklju\u010duje veljavni davek, ki lahko zna\u0161a do 25 %, odvisno od va\u0161e dr\u017eave.<\/li>\n<li>Kanada Kupci: Prikazana cena vklju\u010duje veljavne davke, ki lahko vklju\u010dujejo 5 % davek na dodano vrednost (GST) in dodatne pokrajinske davke na prodajo (PST), harmonizirani davek na prodajo (HST) ali davek na prodajo v Quebecu (QST), odvisno od va\u0161e province.<\/li>\n<\/ul>\n<p>Za na\u0161e stranke v ZDA: Naro\u010dila se po\u0161iljajo DAP (Delivered At Place). \u010ceprav so stranke odgovorne za pla\u010dilo vseh veljavnih tarif, se opiramo na svoje bogate izku\u0161nje pri po\u0161iljanju iz Zdru\u017eenega kraljestva, da bi zagotovili, da boste pla\u010dali najni\u017ejo mo\u017eno ceno. Na podlagi na\u0161ih evidenc ti stro\u0161ki obi\u010dajno ne presegajo 10 % vrednosti izdelka.  <\/p>\n<p><strong>Samo za stranke iz EU:<\/strong> Ekspresno DDP (dostavljeno s pla\u010dano dajatvijo). To pomeni: <\/p>\n<ul>\n<li>Vse carine in davki so vklju\u010deni v ceno, prikazano na strani izdelka.<\/li>\n<li>Ob dostavi vam ne bo treba pla\u010dati nobenih dodatnih stro\u0161kov.<\/li>\n<li>V redkih primerih te\u017eav, povezanih s carino, bo na\u0161a ekipa v va\u0161em imenu opravila postopek carinjenja in zagotovila nemoteno dostavo.<\/li>\n<p>Pomembne informacije o vra\u010dilih:<\/p>\n<li>\u010ce se odlo\u010dite vrniti naro\u010dilo ali zahtevate vra\u010dilo, se morate zavedati, da davkov in dajatev, pla\u010danih v va\u0161em imenu pod pogoji DDP, ni mogo\u010de vrniti.<\/li>\n<p>Podrobne informacije <a href=\"https:\/\/ayaneo.co\/sl\/pogoji-uporabe-storitev\/\" target=\"_blank\" rel=\"nofollow noopener\">so na voljo v na\u0161ih pogojih in dolo\u010dilih<\/a>.\n<\/ul>\n<p>[\/cg_accordion]\n[cg_accordion title=\"PODPORA STRANKAM\"]<\/p>\n<p>Imate vpra\u0161anje? Samo kratko besedilo nas lo\u010di od re\u0161itve va\u0161ega vpra\u0161anja! [\/cg_accordion]\n[cg_accordion title=\"PAKET VKLJU\u010cUJE\"]<\/p>\n<ul>\n<li>1x BIWIN Mini SSD<\/li>\n<\/ul>\n<p>[\/cg_accordion]\n","protected":false},"featured_media":44151,"template":"","meta":{"_acf_changed":false},"product_brand":[],"product_cat":[1236],"product_tag":[],"class_list":{"0":"post-44823","1":"product","2":"type-product","3":"status-publish","4":"has-post-thumbnail","6":"product_cat-dodatki","7":"product_shipping_class-low-end","8":"pa_brand-biwin","10":"first","11":"instock","12":"taxable","13":"shipping-taxable","14":"purchasable","15":"product-type-variable","16":"has-default-attributes"},"acf":[],"_links":{"self":[{"href":"https:\/\/ayaneo.co\/sl\/wp-json\/wp\/v2\/product\/44823","targetHints":{"allow":["GET"]}}],"collection":[{"href":"https:\/\/ayaneo.co\/sl\/wp-json\/wp\/v2\/product"}],"about":[{"href":"https:\/\/ayaneo.co\/sl\/wp-json\/wp\/v2\/types\/product"}],"wp:featuredmedia":[{"embeddable":true,"href":"https:\/\/ayaneo.co\/sl\/wp-json\/wp\/v2\/media\/44151"}],"wp:attachment":[{"href":"https:\/\/ayaneo.co\/sl\/wp-json\/wp\/v2\/media?parent=44823"}],"wp:term":[{"taxonomy":"product_brand","embeddable":true,"href":"https:\/\/ayaneo.co\/sl\/wp-json\/wp\/v2\/product_brand?post=44823"},{"taxonomy":"product_cat","embeddable":true,"href":"https:\/\/ayaneo.co\/sl\/wp-json\/wp\/v2\/product_cat?post=44823"},{"taxonomy":"product_tag","embeddable":true,"href":"https:\/\/ayaneo.co\/sl\/wp-json\/wp\/v2\/product_tag?post=44823"}],"curies":[{"name":"wp","href":"https:\/\/api.w.org\/{rel}","templated":true}]}}