{"id":44878,"date":"2026-01-08T12:04:55","date_gmt":"2026-01-08T12:04:55","guid":{"rendered":"https:\/\/ayaneo.co\/product\/ayaneo-pocket-ds-zascita-zaslona-samo-spodnji-zaslon\/"},"modified":"2026-04-08T09:15:04","modified_gmt":"2026-04-08T09:15:04","slug":"ayaneo-pocket-ds-zascita-zaslona-samo-spodnji-zaslon","status":"publish","type":"product","link":"https:\/\/ayaneo.co\/sl\/product\/ayaneo-pocket-ds-zascita-zaslona-samo-spodnji-zaslon\/","title":{"rendered":"AYANEO Pocket DS Za\u0161\u010dita zaslona (samo spodnji zaslon)"},"content":{"rendered":"\n<p><strong>AYANEO Pocket DS Screen Protector je<\/strong> nepogre\u0161ljiv pripomo\u010dek, ki je zasnovan tako, da ohranja sekundarni zaslon va\u0161e konzole v brezhibnem stanju. Ta za\u0161\u010dita je zasnovana za jasnost in natan\u010dnost visoke lo\u010dljivosti ter varuje napravo pred vsakodnevno obrabo, ne da bi ogrozila ob\u010dutljivost na dotik. <\/p>\n\n<h2 class=\"wp-block-heading\"><strong>&#x26a0;&#xfe0f; Pomembna opomba o zdru\u017eljivosti<\/strong><\/h2>\n\n<p>Ta za\u0161\u010dita zaslona je namenjena <strong>samo za 2. (spodnji) zaslon.<\/strong> &gt; <strong>Za prvi (zgornji) zaslon:<\/strong> Za\u0161\u010dita ni na voljo in ni priporo\u010dljiva, saj bi dodatna debelina prepre\u010dila pravilno zapiranje naprave.<\/p>\n\n<h2 class=\"wp-block-heading\">Zakaj izbrati AYANEO Pocket DS Screen Protector?<\/h2>\n\n<p>Ta za\u0161\u010dita zagotavlja neprimerljivo vzdr\u017eljivost, ne glede na to, ali na sekundarnem zaslonu krmarite po menijih ali uporabljate upravljalne elemente, ki zahtevajo dotik. Z natan\u010dnim prileganjem in specializiranim premazom bodo va\u0161i vizualni posnetki pri igranju iger ostali kristalno \u010disti, strojna oprema pa za\u0161\u010ditena pred praskami in olji. <\/p>\n\n<h2 class=\"wp-block-heading\">Specifikacije<\/h2>\n\n<ul class=\"wp-block-list\">\n<li><strong>Zdru\u017eljivost:<\/strong> AYANEO Pocket DS Console (spodnji zaslon)<\/li>\n\n\n\n<li><strong>Material:<\/strong> Vrhunsko kaljeno steklo ali visokokakovostna folija<\/li>\n\n\n\n<li><strong>Povr\u0161ina:<\/strong> Povr\u0161ina je odporna na praske, odporna na razmazovanje in izjemno \u010dista.<\/li>\n\n\n\n<li><strong>Namestitev:<\/strong> Lepilo brez mehur\u010dkov za brezhibno uporabo<\/li>\n<\/ul>\n","protected":false},"excerpt":{"rendered":"<ul>\n<li><strong>Samo 2. zaslon:<\/strong> Prilagojeno posebej za spodnji zaslon, da se omogo\u010di pravilno zapiranje naprave.<\/li>\n<li><strong>Za\u0161\u010dita pred praskami:<\/strong> Trpe\u017ena povr\u0161ina \u0161\u010diti pred uporabo pisala in vsakodnevno obrabo.<\/li>\n<li><strong>Kristalno \u010dist: izjemno prozoren<\/strong> material zagotavlja \u017eivahno in neprekinjeno sliko pri igranju iger.<\/li>\n<li><strong>Odporno na razmazovanje:<\/strong> Oleofobni premaz poskrbi, da na zaslonu na dotik ne nastanejo prstni odtisi in olja.<\/li>\n<li><strong>Enostavna uporaba:<\/strong> Hitra namestitev brez mehur\u010dkov za brezhibno in profesionalno prileganje.<\/li>\n<\/ul>\n[cg_accordion title=\"INFORMACIJE O PLA\u010cILU\"]<\/p>\n<p>Uporabljamo najnovej\u0161o tehnologijo za obdelavo pla\u010dil, ki vam omogo\u010da, da se na blagajni naro\u010dite prek Apple Pay, Google Pay, debetne\/kreditne kartice, PayPal ali metod BNPL, kot so Klarna, Affirm ali AfterPay, kar zagotavlja hitro in varno izku\u0161njo.[\/cg_accordion]\n[cg_accordion title=\"GARANCIJA\"]<\/p>\n<p>1 leto garancije <a href=\"https:\/\/droix.net\/\" target=\"_blank\" rel=\"nofollow noopener\">DROIX Global za<\/a> va\u0161 mir[\/cg_accordion]\n[cg_accordion title=\"ZAGOTAVLJANJE KAKOVOSTI IN TESTIRANJE PRED ODPREMO\"]<\/p>\n<p>Zagotavljanje zadovoljstva strank na najvi\u0161ji ravni: Vsaka naprava je pred odpremo strogo preizku\u0161ena in preverjena v ve\u010d to\u010dkah za zagotavljanje kakovosti. Na\u0161a predana ekipa preveri delovanje, funkcionalnost in celovitost komponent, s \u010dimer zagotovimo, da bo va\u0161a naprava AYANEO ob prihodu v popolnem delovnem stanju, kar vam zagotavlja zaupanje in mir v du\u0161i. [\/cg_accordion]\n[cg_accordion title=\"CENE, DAVKI IN PO\u0160ILJANJE\"]<\/p>\n<p><strong><u>Opomba:<\/u><\/strong><\/p>\n<ul>\n<li>Zdru\u017eene dr\u017eave Amerike Kupci: Prikazana cena NE vklju\u010duje davka in dajatev. Odgovornost za carinjenje in pla\u010dilo vseh povezanih davkov\/carin nosi kupec. <\/li>\n<li>Stranke iz EU: Prikazana cena vklju\u010duje veljavni davek, ki lahko zna\u0161a do 25 %, odvisno od va\u0161e dr\u017eave.<\/li>\n<li>Kanada Kupci: Prikazana cena vklju\u010duje veljavne davke, ki lahko vklju\u010dujejo 5 % davek na dodano vrednost (GST) in dodatne pokrajinske davke na prodajo (PST), harmonizirani davek na prodajo (HST) ali davek na prodajo v Quebecu (QST), odvisno od va\u0161e province.<\/li>\n<\/ul>\n<p>Za na\u0161e stranke v ZDA: Naro\u010dila se po\u0161iljajo DAP (Delivered At Place). \u010ceprav so stranke odgovorne za pla\u010dilo vseh veljavnih tarif, se opiramo na svoje bogate izku\u0161nje pri po\u0161iljanju iz Zdru\u017eenega kraljestva, da bi zagotovili, da boste pla\u010dali najni\u017ejo mo\u017eno ceno. Na podlagi na\u0161ih evidenc ti stro\u0161ki obi\u010dajno ne presegajo 10 % vrednosti izdelka.  <\/p>\n<p><strong>Samo za stranke iz EU:<\/strong> Ekspresno DDP (dostavljeno s pla\u010dano dajatvijo). To pomeni: <\/p>\n<ul>\n<li>Vse carine in davki so vklju\u010deni v ceno, prikazano na strani izdelka.<\/li>\n<li>Ob dostavi vam ne bo treba pla\u010dati nobenih dodatnih stro\u0161kov.<\/li>\n<li>V redkih primerih te\u017eav, povezanih s carino, bo na\u0161a ekipa v va\u0161em imenu opravila postopek carinjenja in zagotovila nemoteno dostavo.<\/li>\n<p>Pomembne informacije o vra\u010dilih:<\/p>\n<li>\u010ce se odlo\u010dite vrniti naro\u010dilo ali zahtevate vra\u010dilo, se morate zavedati, da davkov in dajatev, pla\u010danih v va\u0161em imenu pod pogoji DDP, ni mogo\u010de vrniti.<\/li>\n<p>Podrobne informacije <a href=\"https:\/\/ayaneo.co\/sl\/pogoji-uporabe-storitev\/\" target=\"_blank\" rel=\"nofollow noopener\">so na voljo v na\u0161ih pogojih in dolo\u010dilih<\/a>.\n<\/ul>\n<p>[\/cg_accordion]\n[cg_accordion title=\"PODPORA STRANKAM\"]<\/p>\n<p>Imate vpra\u0161anje? Samo kratko besedilo nas lo\u010di od re\u0161itve va\u0161ega vpra\u0161anja! [\/cg_accordion]\n[cg_accordion title=\"PAKET VKLJU\u010cUJE\"]<\/p>\n<ul>\n<li>1x AYANEO Pocket DS Za\u0161\u010dita zaslona<\/li>\n<\/ul>\n<p>[\/cg_accordion]\n","protected":false},"featured_media":43487,"template":"","meta":{"_acf_changed":false},"product_brand":[],"product_cat":[1236],"product_tag":[],"class_list":{"0":"post-44878","1":"product","2":"type-product","3":"status-publish","4":"has-post-thumbnail","6":"product_cat-dodatki","7":"product_shipping_class-low-end","8":"pa_accessory-type-screen-protector-sl","9":"pa_brand-ayaneo","11":"first","12":"instock","13":"sale","14":"taxable","15":"shipping-taxable","16":"purchasable","17":"product-type-simple"},"acf":[],"_links":{"self":[{"href":"https:\/\/ayaneo.co\/sl\/wp-json\/wp\/v2\/product\/44878","targetHints":{"allow":["GET"]}}],"collection":[{"href":"https:\/\/ayaneo.co\/sl\/wp-json\/wp\/v2\/product"}],"about":[{"href":"https:\/\/ayaneo.co\/sl\/wp-json\/wp\/v2\/types\/product"}],"wp:featuredmedia":[{"embeddable":true,"href":"https:\/\/ayaneo.co\/sl\/wp-json\/wp\/v2\/media\/43487"}],"wp:attachment":[{"href":"https:\/\/ayaneo.co\/sl\/wp-json\/wp\/v2\/media?parent=44878"}],"wp:term":[{"taxonomy":"product_brand","embeddable":true,"href":"https:\/\/ayaneo.co\/sl\/wp-json\/wp\/v2\/product_brand?post=44878"},{"taxonomy":"product_cat","embeddable":true,"href":"https:\/\/ayaneo.co\/sl\/wp-json\/wp\/v2\/product_cat?post=44878"},{"taxonomy":"product_tag","embeddable":true,"href":"https:\/\/ayaneo.co\/sl\/wp-json\/wp\/v2\/product_tag?post=44878"}],"curies":[{"name":"wp","href":"https:\/\/api.w.org\/{rel}","templated":true}]}}