{"id":47500,"date":"2026-03-23T10:44:43","date_gmt":"2026-03-23T10:44:43","guid":{"rendered":"https:\/\/ayaneo.co\/product\/kabel-usb5-80gbps-240w-8k-60hz-thunderbolt-5-zdruzljiv\/"},"modified":"2026-04-24T10:27:18","modified_gmt":"2026-04-24T10:27:18","slug":"kabel-usb5-80gbps-240w-8k-60hz-thunderbolt-5-zdruzljiv","status":"publish","type":"product","link":"https:\/\/ayaneo.co\/sl\/product\/kabel-usb5-80gbps-240w-8k-60hz-thunderbolt-5-zdruzljiv\/","title":{"rendered":"Kabel USB5 80Gbps 240W | 8K 60Hz Thunderbolt 5 zdru\u017eljiv"},"content":{"rendered":"\n<h2 class=\"wp-block-heading\">Kabel USB5 80Gbps 240W: najbolj\u0161a re\u0161itev Thunderbolt 5 za profesionalne delovne procese<\/h2>\n\n<p id=\"p-rc_98f34dcd8f33ef71-24\"><strong>Kabel USB5 80Gb\/s 240W predstavlja<\/strong> velik preskok v tehnologiji povezljivosti za zmogljive uporabnike. Ker sodobna strojna oprema zahteva hitrosti brez primere, je bil ta kabel zasnovan tako, da izpolnjuje najnovej\u0161e standarde Thunderbolt 5 in USB4 2.0. Zagotavlja ogromno dvosmerno pasovno \u0161irino 80 Gb\/s, kar u\u010dinkovito podvoji zmogljivost prej\u0161njih generacij.  <sup><\/sup>  Tako lahko zdaj prenesete obse\u017ene video datoteke 8K ali knji\u017enice projektov v del\u010dku \u010dasa, ki je bil prej potreben.<\/p>\n\n<h2 class=\"wp-block-heading\">Kako kabel USB5 80Gbps 240W optimizira va\u0161o nastavitev zaslona?<\/h2>\n\n<p id=\"p-rc_98f34dcd8f33ef71-25\">Vizualni strokovnjaki bodo ugotovili, da <strong>je kabel USB5 80Gb\/s 240W<\/strong> bistveno orodje za ve\u010dopravilnost visoke lo\u010dljivosti. Ta kabel podpira napredni protokol DisplayPort 2.1, kar omogo\u010da en sam izhod 8K 60 Hz ali celo dve konfiguraciji 8K. <sup><\/sup>  Poleg tega lahko z inovativno tehnologijo &#8220;Bandwidth Boost\" spremenite konfiguracijo podatkovnih pasov.<sup><\/sup>  To omogo\u010da, da kabel zagotavlja do 120 Gb\/s za zahtevna opravila s prikazovalnikom, pri \u010demer ohranja robustno hitrost 40 Gb\/s za vra\u010danje podatkov.<sup><\/sup><\/p>\n\n<p>Ta prilagodljivost bistveno izbolj\u0161a profesionalne delovne tokove. Medtem ko se monitor poganja z visoko hitrostjo osve\u017eevanja, <strong>kabel<\/strong> USB5 <strong>80Gb\/s 240W zagotavlja<\/strong>, da je zunanji pomnilnik \u0161e vedno odziven. Zaradi vklju\u010denega kodiranja signala PAM3 je integriteta podatkov ohranjena tudi pri teh osupljivih hitrostih. Zato so utripajo\u010di zasloni in po\u0161kodbe podatkov preteklost.   <\/p>\n\n<h2 class=\"wp-block-heading\">Neprekosljiva 240W mo\u010d in kakovost izdelave<\/h2>\n\n<p id=\"p-rc_98f34dcd8f33ef71-26\">Z novim standardom so se bistveno izbolj\u0161ale mo\u017enosti polnjenja. <strong>Kabel USB5 80Gb\/s 240W podpira<\/strong> najnovej\u0161e specifikacije PD 3.1 Extended Power Range (EPR).<sup><\/sup> To pomeni, da se po kablu do va\u0161e naprave varno pretaka do 240 W mo\u010di. Zato lahko tudi najbolj energetsko po\u017ere\u0161ne igralne prenosnike polnite s polno hitrostjo, ne da bi potrebovali lastni\u0161ki priklju\u010dek &#8220;brick\".  <\/p>\n\n<p id=\"p-rc_98f34dcd8f33ef71-27\">Pri zasnovi kabla <strong>USB5 Cable 80Gb\/s 240W<\/strong> je bila vzdr\u017eljivost nedvomno prednostna naloga <strong>.<\/strong> Notranja napeljava je za\u0161\u010ditena z visoko gostoto pletene zlitine, ki zmanj\u0161uje elektromagnetne motnje. <sup><\/sup>  Poleg tega je zunanji pla\u0161\u010d izdelan iz pro\u017enega materiala TPE, ki je bil preizku\u0161en, da zdr\u017ei ve\u010d kot 2 000 ciklov upogibanja.<sup><\/sup>  Ker so konektorji ponikljani, so odporni na ve\u010d kot 10.000 vstavitev, kar zagotavlja zanesljivo povezavo za dolga leta.<\/p>\n\n<h2 class=\"wp-block-heading\">S kablom USB5 80Gb\/s 240W zagotovite prihodnost svoje naprave<\/h2>\n\n<p id=\"p-rc_98f34dcd8f33ef71-28\">Ta vsestranska dodatna oprema nikoli ni problemati\u010dna. \u010ceprav je izdelan za prihodnost, <strong>je kabel<\/strong> USB5 <strong>80Gb\/s 240W popolnoma<\/strong> zdru\u017eljiv z<a href=\"https:\/\/www.thunderbolttechnology.net\/blog\/thunderbolt-3-usb-c-does-it-all\" target=\"_blank\" rel=\"noopener nofollow\" title=\"\"> napravami<\/a> <a href=\"https:\/\/www.intel.com\/content\/www\/us\/en\/gaming\/resources\/upgrade-gaming-accessories-thunderbolt-4.html\" target=\"_blank\" rel=\"noopener nofollow\" title=\"\">Thunderbolt 4 in<\/a> Thunderbolt 3. Odli\u010dno deluje tudi s priklju\u010dki USB4, USB 3.2 in standardnimi priklju\u010dki USB-C. Ne glede na to, ali prek PCIe 4.0 priklju\u010dujete najsodobnej\u0161i procesor eGPU ali preprosto sinhronizirate mobilni telefon, je zmogljivost vedno optimizirana.   <\/p>\n\n<p>Ne dovolite, da slab\u0161i kabli ovirajo vrhunsko strojno opremo in upo\u010dasnijo va\u0161 ustvarjalni proces. <strong>\u0160e danes<\/strong> si zagotovite <strong>kabel USB5 80Gb\/s 240W<\/strong>, da boste ostali v koraku s \u010dasom. Zaloge te tehnologije naslednje generacije se hitro gibljejo, zato ukrepajte zdaj, da bo va\u0161a delovna postaja pripravljena na revolucijo 80 Gb\/s. Izkusite vrhunec hitrosti in mo\u010di z naro\u010dilom v na\u0161i trgovini \u0161e danes!   <\/p>\n\n<p><\/p>\n","protected":false},"excerpt":{"rendered":"<ul>\n<li><strong>80 Gb\/s Pro Data -<\/strong> izjemno hitri dvosmerni prenosi za velike datoteke.<\/li>\n<li><strong>240W polnjenje EPR -<\/strong> popolna podpora PD 3.1 za zmogljive prenosnike.<\/li>\n<li><strong>8K@60Hz - Vizualizacija<\/strong> 8K ali dvojni zaslon 4K prek DisplayPort 2.1.<\/li>\n<li><strong>Varnostni integrirani \u010dip E-Mark -<\/strong> Inteligentni \u010dipovje zagotavlja stabilno in toplotno regulirano napajanje.<\/li>\n<li><strong>Cinkova zlitina in pletena konstrukcija -<\/strong> vrhunska oja\u010dana zasnova za najve\u010djo vzdr\u017eljivost.<\/li>\n<\/ul>\n[cg_accordion title=\"INFORMACIJE O PLA\u010cILU\"]<\/p>\n<p>Uporabljamo najnovej\u0161o tehnologijo za obdelavo pla\u010dil, ki vam omogo\u010da, da se na blagajni naro\u010dite prek Apple Pay, Google Pay, debetne\/kreditne kartice, PayPal ali metod BNPL, kot so Klarna, Affirm ali AfterPay, kar zagotavlja hitro in varno izku\u0161njo.[\/cg_accordion]\n[cg_accordion title=\"GARANCIJA\"]<\/p>\n<p>1 leto garancije <a href=\"https:\/\/droix.net\/\" target=\"_blank\" rel=\"nofollow noopener\">DROIX Global za<\/a> va\u0161 mir[\/cg_accordion]\n[cg_accordion title=\"ZAGOTAVLJANJE KAKOVOSTI IN TESTIRANJE PRED ODPREMO\"]<\/p>\n<p>Zagotavljanje zadovoljstva strank na najvi\u0161ji ravni: Vsaka naprava je pred odpremo strogo preizku\u0161ena in preverjena v ve\u010d to\u010dkah za zagotavljanje kakovosti. Na\u0161a predana ekipa preveri delovanje, funkcionalnost in celovitost komponent, s \u010dimer zagotovimo, da bo va\u0161a naprava AYANEO ob prihodu v popolnem delovnem stanju, kar vam zagotavlja zaupanje in mir v du\u0161i. [\/cg_accordion]\n[cg_accordion title=\"CENE, DAVKI IN PO\u0160ILJANJE\"]<\/p>\n<p><strong><u>Opomba:<\/u><\/strong><\/p>\n<ul>\n<li>Zdru\u017eene dr\u017eave Amerike Kupci: Prikazana cena NE vklju\u010duje davka in dajatev. Odgovornost za carinjenje in pla\u010dilo vseh povezanih davkov\/carin nosi kupec. <\/li>\n<li>Stranke iz EU: Prikazana cena vklju\u010duje veljavni davek, ki lahko zna\u0161a do 25 %, odvisno od va\u0161e dr\u017eave.<\/li>\n<li>Kanada Kupci: Prikazana cena vklju\u010duje veljavne davke, ki lahko vklju\u010dujejo 5 % davek na dodano vrednost (GST) in dodatne pokrajinske davke na prodajo (PST), harmonizirani davek na prodajo (HST) ali davek na prodajo v Quebecu (QST), odvisno od va\u0161e province.<\/li>\n<\/ul>\n<p>Za na\u0161e stranke v ZDA: Naro\u010dila se po\u0161iljajo DAP (Delivered At Place). \u010ceprav so stranke odgovorne za pla\u010dilo vseh veljavnih tarif, se opiramo na svoje bogate izku\u0161nje pri po\u0161iljanju iz Zdru\u017eenega kraljestva, da bi zagotovili, da boste pla\u010dali najni\u017ejo mo\u017eno ceno. Na podlagi na\u0161ih evidenc ti stro\u0161ki obi\u010dajno ne presegajo 10 % vrednosti izdelka.  <\/p>\n<p><strong>Samo za stranke iz EU:<\/strong> Ekspresno DDP (dostavljeno s pla\u010dano dajatvijo). To pomeni: <\/p>\n<ul>\n<li>Vse carine in davki so vklju\u010deni v ceno, prikazano na strani izdelka.<\/li>\n<li>Ob dostavi vam ne bo treba pla\u010dati nobenih dodatnih stro\u0161kov.<\/li>\n<li>V redkih primerih te\u017eav, povezanih s carino, bo na\u0161a ekipa v va\u0161em imenu opravila postopek carinjenja in zagotovila nemoteno dostavo.<\/li>\n<p>Pomembne informacije o vra\u010dilih:<\/p>\n<li>\u010ce se odlo\u010dite vrniti naro\u010dilo ali zahtevate vra\u010dilo, se morate zavedati, da davkov in dajatev, pla\u010danih v va\u0161em imenu pod pogoji DDP, ni mogo\u010de vrniti.<\/li>\n<p>Podrobne informacije <a href=\"https:\/\/ayaneo.co\/sl\/pogoji-uporabe-storitev\/\" target=\"_blank\" rel=\"nofollow noopener\">so na voljo v na\u0161ih pogojih in dolo\u010dilih<\/a>.\n<\/ul>\n<p>[\/cg_accordion]\n[cg_accordion title=\"PODPORA STRANKAM\"]<\/p>\n<p>Imate vpra\u0161anje? Samo kratko besedilo nas lo\u010di od re\u0161itve va\u0161ega vpra\u0161anja! [\/cg_accordion]\n[cg_accordion title=\"PAKET VKLJU\u010cUJE\"]<\/p>\n<ul>\n<li>1x kabel USB5 tipa C | 80Gbps 240W (1m)<\/li>\n<\/ul>\n<p>[\/cg_accordion]\n","protected":false},"featured_media":45914,"template":"","meta":{"_acf_changed":false},"product_brand":[],"product_cat":[1236],"product_tag":[],"class_list":{"0":"post-47500","1":"product","2":"type-product","3":"status-publish","4":"has-post-thumbnail","6":"product_cat-dodatki","7":"product_shipping_class-low-end","9":"first","10":"instock","11":"sale","12":"taxable","13":"shipping-taxable","14":"purchasable","15":"product-type-simple"},"acf":[],"_links":{"self":[{"href":"https:\/\/ayaneo.co\/sl\/wp-json\/wp\/v2\/product\/47500","targetHints":{"allow":["GET"]}}],"collection":[{"href":"https:\/\/ayaneo.co\/sl\/wp-json\/wp\/v2\/product"}],"about":[{"href":"https:\/\/ayaneo.co\/sl\/wp-json\/wp\/v2\/types\/product"}],"wp:featuredmedia":[{"embeddable":true,"href":"https:\/\/ayaneo.co\/sl\/wp-json\/wp\/v2\/media\/45914"}],"wp:attachment":[{"href":"https:\/\/ayaneo.co\/sl\/wp-json\/wp\/v2\/media?parent=47500"}],"wp:term":[{"taxonomy":"product_brand","embeddable":true,"href":"https:\/\/ayaneo.co\/sl\/wp-json\/wp\/v2\/product_brand?post=47500"},{"taxonomy":"product_cat","embeddable":true,"href":"https:\/\/ayaneo.co\/sl\/wp-json\/wp\/v2\/product_cat?post=47500"},{"taxonomy":"product_tag","embeddable":true,"href":"https:\/\/ayaneo.co\/sl\/wp-json\/wp\/v2\/product_tag?post=47500"}],"curies":[{"name":"wp","href":"https:\/\/api.w.org\/{rel}","templated":true}]}}