{"id":47583,"date":"2026-03-06T12:40:46","date_gmt":"2026-03-06T12:40:46","guid":{"rendered":"https:\/\/ayaneo.co\/product\/premium-4k-60hz-usb-tipa-c-s-hdmi-adapterskim-kablom\/"},"modified":"2026-04-25T23:13:44","modified_gmt":"2026-04-25T23:13:44","slug":"premium-4k-60hz-usb-tipa-c-s-hdmi-adapterskim-kablom","status":"publish","type":"product","link":"https:\/\/ayaneo.co\/sl\/product\/premium-4k-60hz-usb-tipa-c-s-hdmi-adapterskim-kablom\/","title":{"rendered":"Premium 4K 60Hz USB tipa C s HDMI adapterskim kablom"},"content":{"rendered":"\n<h2 class=\"wp-block-heading\">Najbolj\u0161a re\u0161itev za visoko lo\u010dljivost<\/h2>\n\n<p>Izkusite brezhibno povezljivost s 4K 60Hz adapterskim kablom USB tipa C s HDMI, vrhunsko re\u0161itvijo, zasnovano za kristalno \u010dist vizualni izhod. Ta visokozmogljivi kabel vam omogo\u010da, da sodobne naprave USB-C neposredno pove\u017eete z zasloni s podporo HDMI, ne da bi za to potrebovali dodatne gonilnike. Ne glede na to, ali uporabljate pametni telefon, tabli\u010dni ali prenosni ra\u010dunalnik, ta adapter zagotavlja preprosto in priro\u010dno izku\u0161njo &#8220;priklju\u010di in igraj\".  <\/p>\n\n<h2 class=\"wp-block-heading\">Zakaj izbrati adapterski kabel 4K 60Hz iz USB tipa C v HDMI za va\u0161o nastavitev?<\/h2>\n\n<p>Glavna prednost tega priklju\u010dka usb c na hdmi je njegova podpora standardom HDMI 2.0. Ker podpira lo\u010dljivost 4K pri frekvenci osve\u017eevanja 60 Hz, lahko uporabniki u\u017eivajo v neverjetno gladkem gibanju in ostri sliki. Medtem ko standardni adapterji pogosto omejujejo frekvenco 30 Hz, ta kabel 4K 60 Hz zagotavlja teko\u010de delovanje, ki je potrebno za igranje iger in profesionalno urejanje videoposnetkov. Poleg tega elegantno aluminijasto ohi\u0161je zagotavlja odli\u010dno odvajanje toplote in tako ohranja stabilno povezavo med dolgimi sejami.   <\/p>\n\n<h2 class=\"wp-block-heading\">Napredne tehni\u010dne specifikacije in zdru\u017eljivost z vmesnikom Thunderbolt<\/h2>\n\n<p>Kar zadeva tehni\u010dno zmogljivost, je adapterski kabel 4K 60Hz USB tipa C s HDMI opremljen z visokokakovostnim <a href=\"https:\/\/en.wikipedia.org\/wiki\/HDMI\" target=\"_blank\" rel=\"noopener nofollow\" title=\"\">vmesnikom HDMI 2.0 in<\/a> robustnim mo\u0161kim priklju\u010dkom tipa C. Ta kabel 4K 60 Hz je popolnoma zdru\u017eljiv s priklju\u010dki Thunderbolt 4 in Thunderbolt 3, zato brezhibno deluje z najnovej\u0161imi ra\u010dunalniki MacBook Pro in vrhunskimi prenosniki Windows. Ker podpira na\u010din DP Alt Mode, kabel zagotavlja neposreden video signal brez ve\u010djega obsega ve\u010dportnega adapterja usb c na hdmi.  <\/p>\n\n<p>Poleg tega je vklju\u010dena skladnost s standardom HDCP 2.2, kar pomeni, da lahko nemoteno pretakate \u0161ifrirane vsebine 4K iz storitev, kot sta Netflix ali Disney+. 4K 60Hz USB Type C to HDMI Adapter Cable podpira tudi HDR10 za izbolj\u0161ano barvno globino in kontrast. Njegova fizi\u010dna zgradba vklju\u010duje 50 mm zunanji premer za ve\u010djo vzdr\u017eljivost, aluminijasto ohi\u0161je pa pomaga pri uravnavanju toplote med intenzivnimi seansami.  <\/p>\n\n<h2 class=\"wp-block-heading\">\u0160iroka zdru\u017eljivost naprav in zahteve glede povezljivosti<\/h2>\n\n<p>Adapterski kabel 4K 60Hz USB tipa C s HDMI je zasnovan za vsestransko uporabo in deluje s \u0161iroko paleto sodobne strojne opreme. Uporabljate ga lahko z ra\u010dunalniki Apple MacBook, modeli iPad Pro in serijo Microsoft Surface. Poleg tega podpira vrhunske naprave s sistemom Android, kot sta Samsung Galaxy S22 in Note 20. Vendar pa 4K 60Hz USB Type C to HDMI Adapter Cable zahteva gostiteljska vrata, ki podpirajo video izhod. Ni zdru\u017eljiv z napravami, kot je serija Samsung A, ali starej\u0161imi telefoni iPhone, ki nimajo podpore za na\u010din DP Alt.    <\/p>\n\n<h2 class=\"wp-block-heading\">Optimizirajte svoje profesionalne predstavitve in doma\u010di kino<\/h2>\n\n<p>\u010ce adapterski kabel 4K 60Hz USB tipa C na HDMI uporabljate kot pomo\u010dnika za sestanke, lahko brez te\u017eav delite zaslon na velikih zaslonih. Posledi\u010dno bodo va\u0161a poro\u010dila in vizualizacije podatkov ob\u010dinstvu videti ostrej\u0161e in bolj profesionalne. V doma\u010dem okolju pa 4K 60Hz USB Type C to HDMI Adapter Cable spremeni va\u0161o izku\u0161njo mobilnega igranja. Mobilno grafiko v realnem \u010dasu projicira na televizor, kar zagotavlja \u0161ir\u0161i vizualni razpon brez zastojev.   <\/p>\n\n<hr class=\"wp-block-separator has-alpha-channel-opacity\"\/>\n\n<h2 class=\"wp-block-heading\">Zagotovite si adapterski kabel 4K 60Hz iz USB tipa C v HDMI \u0161e danes!<\/h2>\n\n<p>Ne zadovoljite se z zamegljenimi lo\u010dljivostmi ali po\u010dasnimi osve\u017eevalnimi frekvencami, \u010de lahko svoje digitalno \u017eivljenje nadgradite \u017ee zdaj. Povpra\u0161evanje po 4K 60Hz USB Type C to HDMI Adapter Cable je zaradi zanesljivosti in vrhunskega izhoda 4K izjemno veliko. Naro\u010dite ga \u0161e danes in si zagotovite, da boste pravo\u010dasno prejeli ta pomemben tehni\u010dni pripomo\u010dek, ter za\u010dnite u\u017eivati v vrhuncu povezljivosti visoke lo\u010dljivosti. Obi\u0161\u010dite na\u0161o trgovino in izkoristite to ponudbo, preden zaloge zmanjkajo!   <\/p>\n","protected":false},"excerpt":{"rendered":"<ul>\n<li><strong>4K 60 Hz UHD -<\/strong> Kristalno \u010dista lo\u010dljivost 4K pri 60 sli\u010dicah na sekundo za gladko gledanje brez zamikov.<\/li>\n<li><strong>Podpora HDMI 2.0 -<\/strong> Vmesnik <strong>visoke pasovne \u0161irine<\/strong> za HDR10 in digitalni zvok.<\/li>\n<li><strong>Plug &amp; Play -<\/strong> takoj\u0161nja povezljivost za prenosne ra\u010dunalnike in telefone brez gonilnikov.<\/li>\n<li><strong>Skladen s HDCP 2.2 -<\/strong> varno <strong>pretakanje<\/strong> vsebin 4K iz storitev Netflix in Disney+.<\/li>\n<li><strong>Aluminijeva lupina -<\/strong> vzdr\u017eljivo ohi\u0161je, zasnovano za optimalno odvajanje toplote.<\/li>\n<\/ul>\n[cg_accordion title=\"INFORMACIJE O PLA\u010cILU\"]<\/p>\n<p>Uporabljamo najnovej\u0161o tehnologijo za obdelavo pla\u010dil, ki vam omogo\u010da, da se na blagajni naro\u010dite prek Apple Pay, Google Pay, debetne\/kreditne kartice, PayPal ali metod BNPL, kot so Klarna, Affirm ali AfterPay, kar zagotavlja hitro in varno izku\u0161njo.[\/cg_accordion]\n[cg_accordion title=\"GARANCIJA\"]<\/p>\n<p>1 leto garancije <a href=\"https:\/\/droix.net\/\" target=\"_blank\" rel=\"nofollow noopener\">DROIX Global za<\/a> va\u0161 mir[\/cg_accordion]\n[cg_accordion title=\"ZAGOTAVLJANJE KAKOVOSTI IN TESTIRANJE PRED ODPREMO\"]<\/p>\n<p>Zagotavljanje zadovoljstva strank na najvi\u0161ji ravni: Vsaka naprava je pred odpremo strogo preizku\u0161ena in preverjena v ve\u010d to\u010dkah za zagotavljanje kakovosti. Na\u0161a predana ekipa preveri delovanje, funkcionalnost in celovitost komponent, s \u010dimer zagotovimo, da bo va\u0161a naprava AYANEO ob prihodu v popolnem delovnem stanju, kar vam zagotavlja zaupanje in mir v du\u0161i. [\/cg_accordion]\n[cg_accordion title=\"CENE, DAVKI IN PO\u0160ILJANJE\"]<\/p>\n<p><strong><u>Opomba:<\/u><\/strong><\/p>\n<ul>\n<li>Zdru\u017eene dr\u017eave Amerike Kupci: Prikazana cena NE vklju\u010duje davka in dajatev. Odgovornost za carinjenje in pla\u010dilo vseh povezanih davkov\/carin nosi kupec. <\/li>\n<li>Stranke iz EU: Prikazana cena vklju\u010duje veljavni davek, ki lahko zna\u0161a do 25 %, odvisno od va\u0161e dr\u017eave.<\/li>\n<li>Kanada Kupci: Prikazana cena vklju\u010duje veljavne davke, ki lahko vklju\u010dujejo 5 % davek na dodano vrednost (GST) in dodatne pokrajinske davke na prodajo (PST), harmonizirani davek na prodajo (HST) ali davek na prodajo v Quebecu (QST), odvisno od va\u0161e province.<\/li>\n<\/ul>\n<p>Za na\u0161e stranke v ZDA: Naro\u010dila se po\u0161iljajo DAP (Delivered At Place). \u010ceprav so stranke odgovorne za pla\u010dilo vseh veljavnih tarif, se opiramo na svoje bogate izku\u0161nje pri po\u0161iljanju iz Zdru\u017eenega kraljestva, da bi zagotovili, da boste pla\u010dali najni\u017ejo mo\u017eno ceno. Na podlagi na\u0161ih evidenc ti stro\u0161ki obi\u010dajno ne presegajo 10 % vrednosti izdelka.  <\/p>\n<p><strong>Samo za stranke iz EU:<\/strong> Ekspresno DDP (dostavljeno s pla\u010dano dajatvijo). To pomeni: <\/p>\n<ul>\n<li>Vse carine in davki so vklju\u010deni v ceno, prikazano na strani izdelka.<\/li>\n<li>Ob dostavi vam ne bo treba pla\u010dati nobenih dodatnih stro\u0161kov.<\/li>\n<li>V redkih primerih te\u017eav, povezanih s carino, bo na\u0161a ekipa v va\u0161em imenu opravila postopek carinjenja in zagotovila nemoteno dostavo.<\/li>\n<p>Pomembne informacije o vra\u010dilih:<\/p>\n<li>\u010ce se odlo\u010dite vrniti naro\u010dilo ali zahtevate vra\u010dilo, se morate zavedati, da davkov in dajatev, pla\u010danih v va\u0161em imenu pod pogoji DDP, ni mogo\u010de vrniti.<\/li>\n<p>Podrobne informacije <a href=\"https:\/\/ayaneo.co\/sl\/pogoji-uporabe-storitev\/\" target=\"_blank\" rel=\"nofollow noopener\">so na voljo v na\u0161ih pogojih in dolo\u010dilih<\/a>.\n<\/ul>\n<p>[\/cg_accordion]\n[cg_accordion title=\"PODPORA STRANKAM\"]<\/p>\n<p>Imate vpra\u0161anje? Samo kratko besedilo nas lo\u010di od re\u0161itve va\u0161ega vpra\u0161anja! [\/cg_accordion]\n[cg_accordion title=\"PAKET VKLJU\u010cUJE\"]<\/p>\n<ul>\n<li>1x Premium 4K 60Hz USB tipa C s HDMI adapterskim kablom<\/li>\n<\/ul>\n<p>[\/cg_accordion]\n","protected":false},"featured_media":45477,"template":"","meta":{"_acf_changed":false},"product_brand":[],"product_cat":[1236],"product_tag":[],"class_list":{"0":"post-47583","1":"product","2":"type-product","3":"status-publish","4":"has-post-thumbnail","6":"product_cat-dodatki","7":"product_shipping_class-low-end","9":"first","10":"outofstock","11":"sale","12":"taxable","13":"shipping-taxable","14":"purchasable","15":"product-type-simple"},"acf":[],"_links":{"self":[{"href":"https:\/\/ayaneo.co\/sl\/wp-json\/wp\/v2\/product\/47583","targetHints":{"allow":["GET"]}}],"collection":[{"href":"https:\/\/ayaneo.co\/sl\/wp-json\/wp\/v2\/product"}],"about":[{"href":"https:\/\/ayaneo.co\/sl\/wp-json\/wp\/v2\/types\/product"}],"wp:featuredmedia":[{"embeddable":true,"href":"https:\/\/ayaneo.co\/sl\/wp-json\/wp\/v2\/media\/45477"}],"wp:attachment":[{"href":"https:\/\/ayaneo.co\/sl\/wp-json\/wp\/v2\/media?parent=47583"}],"wp:term":[{"taxonomy":"product_brand","embeddable":true,"href":"https:\/\/ayaneo.co\/sl\/wp-json\/wp\/v2\/product_brand?post=47583"},{"taxonomy":"product_cat","embeddable":true,"href":"https:\/\/ayaneo.co\/sl\/wp-json\/wp\/v2\/product_cat?post=47583"},{"taxonomy":"product_tag","embeddable":true,"href":"https:\/\/ayaneo.co\/sl\/wp-json\/wp\/v2\/product_tag?post=47583"}],"curies":[{"name":"wp","href":"https:\/\/api.w.org\/{rel}","templated":true}]}}