{"id":48713,"date":"2026-05-08T12:11:58","date_gmt":"2026-05-08T12:11:58","guid":{"rendered":"https:\/\/ayaneo.co\/product\/droix-140w-stenski-polnilnik-usb-c\/"},"modified":"2026-05-13T11:32:22","modified_gmt":"2026-05-13T11:32:22","slug":"droix-140w-stenski-polnilnik-usb-c","status":"publish","type":"product","link":"https:\/\/ayaneo.co\/sl\/product\/droix-140w-stenski-polnilnik-usb-c\/","title":{"rendered":"DROIX 140W stenski polnilnik USB-C"},"content":{"rendered":"\n<div class=\"wp-block-columns is-layout-flex wp-container-core-columns-is-layout-28f84493 wp-block-columns-is-layout-flex\">\n<div class=\"wp-block-column is-layout-flow wp-block-column-is-layout-flow\" style=\"flex-basis:33.33%\">\n<figure class=\"wp-block-image size-large\"><a href=\"https:\/\/ayaneo.co\/wp-content\/uploads\/2026\/05\/DROIX-140W-BLACK-DONE-01.png\"><img fetchpriority=\"high\" decoding=\"async\" width=\"1024\" height=\"1024\" src=\"https:\/\/ayaneo.co\/wp-content\/uploads\/2026\/05\/DROIX-140W-BLACK-DONE-01-1024x1024.png\" alt=\"Podroben prikaz izdelka dveh stenskih polnilnikov DROIX 140W GaN z razli&#x10D;nih zornih kotov na &#x10D;rnem ozadju. Polnilnik v ospredju je prikazan v pogledu od spredaj in s treh &#x10D;etrtin. Gre za matiran &#x10D;rn blok z ameri&#x161;kim zlo&#x17E;ljivim vti&#x10D;em, ki je na levi strani delno iztegnjen. Na njegovi strani je vidno belo besedilo z napisom &quot;CHARGER 140W&quot; z veliko &#x10D;rko &quot;O&quot; in majhno &#x10D;rko &quot;140&quot; nad &#x10D;rko &quot;O&quot;, pod njo pa je logotip DROIX. Na sprednjem sijajnem &#x10D;rnem obrazu je osrednji okrogli zaslon z dinami&#x10D;nim mavri&#x10D;nim obro&#x10D;em okoli belega besedila &quot;140 W&quot; in majhno zeleno ikono za polnjenje. Pod zaslonom je gumb ali indikator LED. Polnilec v ozadju je v tri&#x10D;etrtinskem pogledu z zadnje strani, kjer so prikazani vhodi in podrobnosti besedila. V majhnem belem besedilu so navedene obse&#x17E;ne ve&#x10D;vrsti&#x10D;ne tehni&#x10D;ne specifikacije in varnostni certifikati (kot so &#x161;tevilke modelov, nazivne napetosti\/toka ter oznake CE, FCC, UKCA). Ta enota prikazuje svoja &#x161;tiri izhodna vrata: od zgoraj navzdol, eno vrata USB-A z oran&#x17E;nim poudarkom, ozna&#x10D;eno z majhnim besedilom &quot;22,5 W Max&quot;, ki mu sledijo tri vrata USB-C, ozna&#x10D;ena v vrstnem redu &quot;40 W&quot;, &quot;100 W&quot; in &quot;140 W&quot;. Obe enoti imata zgornje prezra&#x10D;evalne re&#x161;etke. Ta sestava zagotavlja celovit pogled na blagovno znamko, zaslon in zmogljivosti priklju&#x10D;kov polnilnika.          \" class=\"wp-image-47708\" srcset=\"https:\/\/ayaneo.co\/wp-content\/uploads\/2026\/05\/DROIX-140W-BLACK-DONE-01-1024x1024.png 1024w, https:\/\/ayaneo.co\/wp-content\/uploads\/2026\/05\/DROIX-140W-BLACK-DONE-01-300x300.png 300w, https:\/\/ayaneo.co\/wp-content\/uploads\/2026\/05\/DROIX-140W-BLACK-DONE-01-150x150.png 150w, https:\/\/ayaneo.co\/wp-content\/uploads\/2026\/05\/DROIX-140W-BLACK-DONE-01-768x768.png 768w, https:\/\/ayaneo.co\/wp-content\/uploads\/2026\/05\/DROIX-140W-BLACK-DONE-01-65x65.png 65w, https:\/\/ayaneo.co\/wp-content\/uploads\/2026\/05\/DROIX-140W-BLACK-DONE-01-990x990.png 990w, https:\/\/ayaneo.co\/wp-content\/uploads\/2026\/05\/DROIX-140W-BLACK-DONE-01-441x441.png 441w, https:\/\/ayaneo.co\/wp-content\/uploads\/2026\/05\/DROIX-140W-BLACK-DONE-01-100x100.png 100w, https:\/\/ayaneo.co\/wp-content\/uploads\/2026\/05\/DROIX-140W-BLACK-DONE-01-600x600.png 600w, https:\/\/ayaneo.co\/wp-content\/uploads\/2026\/05\/DROIX-140W-BLACK-DONE-01.png 1500w\" sizes=\"(max-width: 1024px) 100vw, 1024px\" \/><\/a><\/figure>\n<\/div>\n\n\n\n<div class=\"wp-block-column is-layout-flow wp-block-column-is-layout-flow\" style=\"flex-basis:66.66%\">\n<h2 class=\"wp-block-heading\"><strong><strong>DROIX 140W USB-C GaN stenski polnilnik: Najzmogljivej\u0161e visokozmogljivo napajalno vozli\u0161\u010de<\/strong><\/strong><\/h2>\n\n\n\n<p>Stenski polnilec DROIX 140W USB-C je dokon\u010den odgovor na &#8220;nered na polnilniku\". Ta kompaktni napajalnik, zasnovan za naslednjo generacijo uporabnikov energije, uporablja polprevodnike iz galijevega nitrida (GaN), ki zagotavljajo veliko mo\u010d, ne da bi se pri tem obremenjevali s tradicionalnimi silicijevimi opekami. Ne glede na to, ali potiskate zmogljiv AYANEO <a href=\"https:\/\/ayaneo.co\/sl\/product\/ayaneo-3\/\" target=\"_blank\" rel=\"noreferrer noopener\">3 do skrajnih<\/a> meja ali hitro polnite profesionalni prenosni ra\u010dunalnik, ta polnilnik zagotavlja nujno potreben prostor za vrhunsko zmogljivost. Poslovite se od torbe, polne neusklajenih adapterjev, in pozdravite eno elegantno, visoko zmogljivo re\u0161itev.   <\/p>\n<\/div>\n<\/div>\n\n<h2 class=\"wp-block-heading has-text-align-center\"><strong>Odkrijte, zakaj je DROIXov 140W stenski polnilec USB-C va\u0161 najpomembnej\u0161i globalni spremljevalec<\/strong><\/h2>\n\n<div class=\"wp-block-columns is-layout-flex wp-container-core-columns-is-layout-28f84493 wp-block-columns-is-layout-flex\">\n<div class=\"wp-block-column is-layout-flow wp-block-column-is-layout-flow\">\n<figure class=\"wp-block-image size-large\"><a href=\"https:\/\/ayaneo.co\/wp-content\/uploads\/2026\/05\/DROIX-140W-MARKETING-DONE-05.jpg\"><img decoding=\"async\" width=\"1024\" height=\"1024\" src=\"https:\/\/ayaneo.co\/wp-content\/uploads\/2026\/05\/DROIX-140W-MARKETING-DONE-05-1024x1024.jpg\" alt=\"Droixov 140W polnilec z mo&#x17E;nostjo zlo&#x17E;ljivega EU\/US vti&#x10D;a in dimenzijami, prikazanimi na belem ozadju\" class=\"wp-image-47738\" srcset=\"https:\/\/ayaneo.co\/wp-content\/uploads\/2026\/05\/DROIX-140W-MARKETING-DONE-05-1024x1024.jpg 1024w, https:\/\/ayaneo.co\/wp-content\/uploads\/2026\/05\/DROIX-140W-MARKETING-DONE-05-300x300.jpg 300w, https:\/\/ayaneo.co\/wp-content\/uploads\/2026\/05\/DROIX-140W-MARKETING-DONE-05-150x150.jpg 150w, https:\/\/ayaneo.co\/wp-content\/uploads\/2026\/05\/DROIX-140W-MARKETING-DONE-05-768x768.jpg 768w, https:\/\/ayaneo.co\/wp-content\/uploads\/2026\/05\/DROIX-140W-MARKETING-DONE-05-65x65.jpg 65w, https:\/\/ayaneo.co\/wp-content\/uploads\/2026\/05\/DROIX-140W-MARKETING-DONE-05-990x990.jpg 990w, https:\/\/ayaneo.co\/wp-content\/uploads\/2026\/05\/DROIX-140W-MARKETING-DONE-05-441x441.jpg 441w, https:\/\/ayaneo.co\/wp-content\/uploads\/2026\/05\/DROIX-140W-MARKETING-DONE-05-100x100.jpg 100w, https:\/\/ayaneo.co\/wp-content\/uploads\/2026\/05\/DROIX-140W-MARKETING-DONE-05-600x600.jpg 600w, https:\/\/ayaneo.co\/wp-content\/uploads\/2026\/05\/DROIX-140W-MARKETING-DONE-05.jpg 1500w\" sizes=\"(max-width: 1024px) 100vw, 1024px\" \/><\/a><\/figure>\n<\/div>\n\n\n\n<div class=\"wp-block-column is-layout-flow wp-block-column-is-layout-flow\">\n<figure class=\"wp-block-image size-large\"><a href=\"https:\/\/ayaneo.co\/wp-content\/uploads\/2026\/05\/DROIX-140W-MARKETING-DONE-012.jpg\"><img decoding=\"async\" width=\"1024\" height=\"1024\" src=\"https:\/\/ayaneo.co\/wp-content\/uploads\/2026\/05\/DROIX-140W-MARKETING-DONE-012-1024x1024.jpg\" alt=\"Stenski polnilnik DROIX 140W USB-C, ki je priklju&#x10D;en v stensko vti&#x10D;nico, hkrati polni &#x161;tiri naprave, vklju&#x10D;no s prenosnikom, tabli&#x10D;nim ra&#x10D;unalnikom, pametnim telefonom in pametno uro. Na sliki je poudarjena zmogljivost &quot;hkratnega polnjenja 4 naprav&quot; s &#x161;tirimi kabli, priklju&#x10D;enimi na spodnji del naprave. \" class=\"wp-image-47768\" srcset=\"https:\/\/ayaneo.co\/wp-content\/uploads\/2026\/05\/DROIX-140W-MARKETING-DONE-012-1024x1024.jpg 1024w, https:\/\/ayaneo.co\/wp-content\/uploads\/2026\/05\/DROIX-140W-MARKETING-DONE-012-300x300.jpg 300w, https:\/\/ayaneo.co\/wp-content\/uploads\/2026\/05\/DROIX-140W-MARKETING-DONE-012-150x150.jpg 150w, https:\/\/ayaneo.co\/wp-content\/uploads\/2026\/05\/DROIX-140W-MARKETING-DONE-012-768x768.jpg 768w, https:\/\/ayaneo.co\/wp-content\/uploads\/2026\/05\/DROIX-140W-MARKETING-DONE-012-65x65.jpg 65w, https:\/\/ayaneo.co\/wp-content\/uploads\/2026\/05\/DROIX-140W-MARKETING-DONE-012-990x990.jpg 990w, https:\/\/ayaneo.co\/wp-content\/uploads\/2026\/05\/DROIX-140W-MARKETING-DONE-012-441x441.jpg 441w, https:\/\/ayaneo.co\/wp-content\/uploads\/2026\/05\/DROIX-140W-MARKETING-DONE-012-100x100.jpg 100w, https:\/\/ayaneo.co\/wp-content\/uploads\/2026\/05\/DROIX-140W-MARKETING-DONE-012-600x600.jpg 600w, https:\/\/ayaneo.co\/wp-content\/uploads\/2026\/05\/DROIX-140W-MARKETING-DONE-012.jpg 1500w\" sizes=\"(max-width: 1024px) 100vw, 1024px\" \/><\/a><\/figure>\n<\/div>\n<\/div>\n\n<p class=\"has-text-align-left\">Prenosljivost je bistvo na\u0161e zasnove. DROIXov 140-vatni polnilec USB-C GaN, ki meri le 71 mm, je bistveno manj\u0161i od standardne opeke za 16-pal\u010dni prenosni ra\u010dunalnik, vendar ima dovolj mo\u010di, da z vso hitrostjo polni 16-pal\u010dni MacBook Pro. <\/p>\n\n<p class=\"has-text-align-left\">Inovativni sistem za pripenjanje spreminja pravila igre pri mednarodnih potovanjih. V nekaj sekundah lahko preprosto zamenjate vti\u010de med Zdru\u017eenim kraljestvom, EU, ZDA in ZDA. Od londonske kavarne do hotela v Sydneyju lahko potujete povsem samozavestno, saj veste, da bodo va\u0161 iPhone 16, iPhone 17 in Nintendo Switch 2 ostali napolnjeni in pripravljeni na akcijo.  <\/p>\n\n<h2 class=\"wp-block-heading has-text-align-center\"><strong>Optimizirana porazdelitev energije prek stenskega polnilnika DROIX 140W USB-C<\/strong><\/h2>\n\n<div class=\"wp-block-columns is-layout-flex wp-container-core-columns-is-layout-28f84493 wp-block-columns-is-layout-flex\">\n<div class=\"wp-block-column is-layout-flow wp-block-column-is-layout-flow\">\n<figure class=\"wp-block-image size-large\"><a href=\"https:\/\/ayaneo.co\/wp-content\/uploads\/2026\/05\/DROIX-140W-MARKETING-DONE-011.jpg\"><img loading=\"lazy\" decoding=\"async\" width=\"1024\" height=\"1024\" src=\"https:\/\/ayaneo.co\/wp-content\/uploads\/2026\/05\/DROIX-140W-MARKETING-DONE-011-1024x1024.jpg\" alt=\"Bli&#x17E;nji posnetek srebrnega polnilnika DROIX 140W, ki prikazuje &#x161;tiri vrata in vgrajen vizualni zaslon. Besedilo poudarja tehnologijo &quot;140W PD 3.1&quot; in poudarja njegovo sposobnost samodejnega prilagajanja in hitrega polnjenja zmogljivih prenosnikov. \" class=\"wp-image-47798\" srcset=\"https:\/\/ayaneo.co\/wp-content\/uploads\/2026\/05\/DROIX-140W-MARKETING-DONE-011-1024x1024.jpg 1024w, https:\/\/ayaneo.co\/wp-content\/uploads\/2026\/05\/DROIX-140W-MARKETING-DONE-011-300x300.jpg 300w, https:\/\/ayaneo.co\/wp-content\/uploads\/2026\/05\/DROIX-140W-MARKETING-DONE-011-150x150.jpg 150w, https:\/\/ayaneo.co\/wp-content\/uploads\/2026\/05\/DROIX-140W-MARKETING-DONE-011-768x768.jpg 768w, https:\/\/ayaneo.co\/wp-content\/uploads\/2026\/05\/DROIX-140W-MARKETING-DONE-011-65x65.jpg 65w, https:\/\/ayaneo.co\/wp-content\/uploads\/2026\/05\/DROIX-140W-MARKETING-DONE-011-990x990.jpg 990w, https:\/\/ayaneo.co\/wp-content\/uploads\/2026\/05\/DROIX-140W-MARKETING-DONE-011-441x441.jpg 441w, https:\/\/ayaneo.co\/wp-content\/uploads\/2026\/05\/DROIX-140W-MARKETING-DONE-011-100x100.jpg 100w, https:\/\/ayaneo.co\/wp-content\/uploads\/2026\/05\/DROIX-140W-MARKETING-DONE-011-600x600.jpg 600w, https:\/\/ayaneo.co\/wp-content\/uploads\/2026\/05\/DROIX-140W-MARKETING-DONE-011.jpg 1500w\" sizes=\"(max-width: 1024px) 100vw, 1024px\" \/><\/a><\/figure>\n<\/div>\n\n\n\n<div class=\"wp-block-column is-layout-flow wp-block-column-is-layout-flow\">\n<figure class=\"wp-block-image size-large\"><a href=\"https:\/\/ayaneo.co\/wp-content\/uploads\/2026\/05\/DROIX-140W-MARKETING-DONE-09.jpg\"><img loading=\"lazy\" decoding=\"async\" width=\"1024\" height=\"1024\" src=\"https:\/\/ayaneo.co\/wp-content\/uploads\/2026\/05\/DROIX-140W-MARKETING-DONE-09-1024x1024.jpg\" alt=\"Infografika z naslovom &quot;Pametni vizualni polnilec&quot;, ki prikazuje razli&#x10D;ne na&#x10D;ine prikaza polnilnika DROIX 140W v realnem &#x10D;asu. Podrobno opisuje zaslone vmesnika za izhodno mo&#x10D; na priklju&#x10D;ek, skupni &#x10D;as uporabe (88H), stanje toplotnega stanja in dinami&#x10D;ne ikone za polnjenje. \" class=\"wp-image-47828\" srcset=\"https:\/\/ayaneo.co\/wp-content\/uploads\/2026\/05\/DROIX-140W-MARKETING-DONE-09-1024x1024.jpg 1024w, https:\/\/ayaneo.co\/wp-content\/uploads\/2026\/05\/DROIX-140W-MARKETING-DONE-09-300x300.jpg 300w, https:\/\/ayaneo.co\/wp-content\/uploads\/2026\/05\/DROIX-140W-MARKETING-DONE-09-150x150.jpg 150w, https:\/\/ayaneo.co\/wp-content\/uploads\/2026\/05\/DROIX-140W-MARKETING-DONE-09-768x768.jpg 768w, https:\/\/ayaneo.co\/wp-content\/uploads\/2026\/05\/DROIX-140W-MARKETING-DONE-09-65x65.jpg 65w, https:\/\/ayaneo.co\/wp-content\/uploads\/2026\/05\/DROIX-140W-MARKETING-DONE-09-990x990.jpg 990w, https:\/\/ayaneo.co\/wp-content\/uploads\/2026\/05\/DROIX-140W-MARKETING-DONE-09-441x441.jpg 441w, https:\/\/ayaneo.co\/wp-content\/uploads\/2026\/05\/DROIX-140W-MARKETING-DONE-09-100x100.jpg 100w, https:\/\/ayaneo.co\/wp-content\/uploads\/2026\/05\/DROIX-140W-MARKETING-DONE-09-600x600.jpg 600w, https:\/\/ayaneo.co\/wp-content\/uploads\/2026\/05\/DROIX-140W-MARKETING-DONE-09.jpg 1500w\" sizes=\"(max-width: 1024px) 100vw, 1024px\" \/><\/a><\/figure>\n<\/div>\n<\/div>\n\n<p>Z uporabo napredne polprevodni\u0161ke tehnologije GaN ta najbolj\u0161i 140-vatni polnilec USB c dosega vodilno u\u010dinkovitost v panogi z znatno ni\u017ejim nastajanjem toplote. Podpira standard PD 3.1 in je popolnoma optimiziran za naprave, ki bodo leta 2026 najbolj zahtevne po porabi energije, vklju\u010dno z AYANEO Pocket EVO <a href=\"https:\/\/ayaneo.co\/sl\/product\/ayaneo-pocket-evo\/\" target=\"_blank\" rel=\"noreferrer noopener\">in AYANEO Pocket<\/a> S2. <\/p>\n\n<p>Pametno polnjenje s triktilnim polnjenjem: Samodejno preklopi na\u010din pri 80 % zmogljivosti, da ohrani dolgo \u017eivljenjsko dobo baterije va\u0161e drage strojne opreme.<\/p>\n\n<p>Toplotna odli\u010dnost: Arhitektura GaN zmanj\u0161uje toplotno obremenitev, zato bosta MacBook in KONKR <a href=\"https:\/\/ayaneo.co\/sl\/product\/konkr-pocket-fit\/\" target=\"_blank\" rel=\"noreferrer noopener\">Pocket FIT dolga leta v dobrem<\/a> stanju.<\/p>\n\n<h2 class=\"wp-block-heading has-text-align-center\"><strong><strong>Specifikacije strojne opreme in izhodna mo\u010d stenskega polnilnika DROIX 140W USB-C<\/strong><\/strong><\/h2>\n\n<div class=\"wp-block-columns is-layout-flex wp-container-core-columns-is-layout-28f84493 wp-block-columns-is-layout-flex\">\n<div class=\"wp-block-column is-layout-flow wp-block-column-is-layout-flow\">\n<figure class=\"wp-block-image size-large\"><a href=\"https:\/\/ayaneo.co\/wp-content\/uploads\/2026\/05\/DROIX-140W-MARKETING-DONE-07.jpg\"><img loading=\"lazy\" decoding=\"async\" width=\"1024\" height=\"1024\" src=\"https:\/\/ayaneo.co\/wp-content\/uploads\/2026\/05\/DROIX-140W-MARKETING-DONE-07-1024x1024.jpg\" alt=\"Iz&#x10D;rpna tehni&#x10D;na infografika s podrobnostmi o izhodni mo&#x10D;i in porazdelitvi polnilnika DROIX 140 W. V zgornjem delu so navedene najve&#x10D;je posamezne mo&#x10D;i in specifikacije napetosti\/amperature za priklju&#x10D;ke C1 (140 W), C2 (100 W), C3 (40 W) in USB-A (22,5 W). V spodnjem delu je deset diagramov, ki natan&#x10D;no prikazujejo, kako se mo&#x10D; porazdeli in razdeli med razli&#x10D;ne konfiguracije z dvema, tremi in &#x161;tirimi priklju&#x10D;ki.  \" class=\"wp-image-47858\" srcset=\"https:\/\/ayaneo.co\/wp-content\/uploads\/2026\/05\/DROIX-140W-MARKETING-DONE-07-1024x1024.jpg 1024w, https:\/\/ayaneo.co\/wp-content\/uploads\/2026\/05\/DROIX-140W-MARKETING-DONE-07-300x300.jpg 300w, https:\/\/ayaneo.co\/wp-content\/uploads\/2026\/05\/DROIX-140W-MARKETING-DONE-07-150x150.jpg 150w, https:\/\/ayaneo.co\/wp-content\/uploads\/2026\/05\/DROIX-140W-MARKETING-DONE-07-768x768.jpg 768w, https:\/\/ayaneo.co\/wp-content\/uploads\/2026\/05\/DROIX-140W-MARKETING-DONE-07-65x65.jpg 65w, https:\/\/ayaneo.co\/wp-content\/uploads\/2026\/05\/DROIX-140W-MARKETING-DONE-07-990x990.jpg 990w, https:\/\/ayaneo.co\/wp-content\/uploads\/2026\/05\/DROIX-140W-MARKETING-DONE-07-441x441.jpg 441w, https:\/\/ayaneo.co\/wp-content\/uploads\/2026\/05\/DROIX-140W-MARKETING-DONE-07-100x100.jpg 100w, https:\/\/ayaneo.co\/wp-content\/uploads\/2026\/05\/DROIX-140W-MARKETING-DONE-07-600x600.jpg 600w, https:\/\/ayaneo.co\/wp-content\/uploads\/2026\/05\/DROIX-140W-MARKETING-DONE-07.jpg 1500w\" sizes=\"(max-width: 1024px) 100vw, 1024px\" \/><\/a><\/figure>\n<\/div>\n\n\n\n<div class=\"wp-block-column is-layout-flow wp-block-column-is-layout-flow\">\n<figure class=\"wp-block-image size-large\"><a href=\"https:\/\/ayaneo.co\/wp-content\/uploads\/2026\/05\/DROIX-140W-MARKETING-DONE-010.jpg\"><img loading=\"lazy\" decoding=\"async\" width=\"1024\" height=\"1024\" src=\"https:\/\/ayaneo.co\/wp-content\/uploads\/2026\/05\/DROIX-140W-MARKETING-DONE-010-1024x1024.jpg\" alt=\"Marketin&#x161;ka grafika z naslovom &quot;Razume va&#x161;e potrebe po polnjenju&quot;, ki poudarja 4 izhodne priklju&#x10D;ke naprave (3 USB-C in 1 USB-A). Na sliki je prikazana raznolika zbirka zdru&#x17E;ljive elektronike, vklju&#x10D;no s prenosnim ra&#x10D;unalnikom, tablicami, Nintendo Switch, pametnimi telefoni, brez&#x17E;i&#x10D;nimi slu&#x161;alkami, dronom in gimbalno kamero, kar dokazuje vsestranskost polnilnika. \" class=\"wp-image-47888\" srcset=\"https:\/\/ayaneo.co\/wp-content\/uploads\/2026\/05\/DROIX-140W-MARKETING-DONE-010-1024x1024.jpg 1024w, https:\/\/ayaneo.co\/wp-content\/uploads\/2026\/05\/DROIX-140W-MARKETING-DONE-010-300x300.jpg 300w, https:\/\/ayaneo.co\/wp-content\/uploads\/2026\/05\/DROIX-140W-MARKETING-DONE-010-150x150.jpg 150w, https:\/\/ayaneo.co\/wp-content\/uploads\/2026\/05\/DROIX-140W-MARKETING-DONE-010-768x768.jpg 768w, https:\/\/ayaneo.co\/wp-content\/uploads\/2026\/05\/DROIX-140W-MARKETING-DONE-010-65x65.jpg 65w, https:\/\/ayaneo.co\/wp-content\/uploads\/2026\/05\/DROIX-140W-MARKETING-DONE-010-990x990.jpg 990w, https:\/\/ayaneo.co\/wp-content\/uploads\/2026\/05\/DROIX-140W-MARKETING-DONE-010-441x441.jpg 441w, https:\/\/ayaneo.co\/wp-content\/uploads\/2026\/05\/DROIX-140W-MARKETING-DONE-010-100x100.jpg 100w, https:\/\/ayaneo.co\/wp-content\/uploads\/2026\/05\/DROIX-140W-MARKETING-DONE-010-600x600.jpg 600w, https:\/\/ayaneo.co\/wp-content\/uploads\/2026\/05\/DROIX-140W-MARKETING-DONE-010.jpg 1500w\" sizes=\"(max-width: 1024px) 100vw, 1024px\" \/><\/a><\/figure>\n<\/div>\n<\/div>\n\n<p>Stenski polnilec DROIX 140W USB-C uporablja prilagodljivo razporeditev \u0161tirih priklju\u010dkov, ki omogo\u010da hkratno polnjenje ve\u010d naprav. Vodilni priklju\u010dek USB-C1 zagotavlja najve\u010djo izhodno mo\u010d 140 W prek tehnologije PD 3.1 in PPS za najve\u010djo hitrost. Poleg tega drugi priklju\u010dek USB-C2 ponuja izdatnih 100 W, da vrhunski prenosniki med intenzivnimi delovnimi obremenitvami delujejo s polno zmogljivostjo.  <\/p>\n\n<p>Poleg tega lahko uporabniki izkoristijo 40W vrata USB-C3 za srednje velike elektronske naprave, kot so konzole ali tabli\u010dni ra\u010dunalniki. Vrata USB-A podpirajo starej\u0161o strojno opremo z izhodno mo\u010djo 22,5 W, ki uporablja protokole SCP in QC 3.0. Ker vsa \u0161tiri vrata nadzorujejo inteligentni varnostni sistemi, je va\u0161a strojna oprema vedno za\u0161\u010ditena pred elektri\u010dnimi po\u0161kodbami. Zato DROIXov 140W stenski polnilec USB-C velja za naju\u010dinkovitej\u0161e vozli\u0161\u010de za namestitev ve\u010d naprav.   <\/p>\n\n<h2 class=\"wp-block-heading has-text-align-center\"><strong>Napredno sledenje porabi prek integriranega zaslona stenskega polnilnika DROIX 140W USB-C<\/strong><\/h2>\n\n<p>Bodite obve\u0161\u010deni z DROIX 140W stenskim polnilnikom USB-C, ki v realnem \u010dasu zagotavlja klju\u010dne podatke o polnjenju. Ta integriran pametni vizualni zaslon omogo\u010da enostavno spremljanje skupne mo\u010di in zmogljivosti posameznih vrat z enim samim pogledom. Poleg tega vam sledilnik &#8220;\u010cas uporabe\" pomaga razumeti va\u0161e osebne navade uporabe strojne opreme skozi \u010das. Ker je va\u0161a varnost na prvem mestu, vmesnik jasno prikazuje, kdaj je enota v &#8220;odli\u010dnih\" toplotnih obmo\u010djih. Zato vam ni treba nikoli skrbeti za zdravje priklju\u010denih naprav.    <\/p>\n\n<h2 class=\"wp-block-heading has-text-align-center\"><strong><strong>Popolna varnost: Ve\u010dplastni za\u0161\u010ditni paket stenskega polnilnika DROIX 140W USB-C<\/strong><\/strong><\/h2>\n\n<p>Stenski polnilnik DROIX 140W USB-C je bil razvit z brezkompromisno zavezanostjo varnosti uporabnikov. Napravo odlikuje ohi\u0161je iz ognjevarnega osebnega ra\u010dunalnika, ki je odporno na udarce in je zasnovano tako, da prenese tudi naporna potovanja. V notranjosti napredni senzorji zagotavljajo stalno spremljanje prenapetosti, nadtoka in toplotnih anomalij.  <\/p>\n\n<p>Poleg tega so va\u0161e drage mobilne naprave varne pred morebitnimi kratkimi stiki in elektromagnetnimi motnjami. Zato se lahko vedno zanesete, da bo enota zagotavljala stalno in \u010disto energijo brez nevarnosti po\u0161kodb ob\u010dutljivih komponent. Zaradi te skrbne skrbi za varnost lahko svojo opremo polnite povsem samozavestno.  <\/p>\n\n<h2 class=\"wp-block-heading has-text-align-center\"><strong>Nadgradite svoj potovalni komplet: Zahtevajte svoj 140-vatni stenski polnilec USB-C DROIX zdaj<\/strong><\/h2>\n\n<p>\u010cas je, da poenostavite nastavitev. Stenski polnilnik DROIX 140W USB-C je edino orodje, ki ga potrebujete, da va\u0161a profesionalna pisarna ali elitna igralna platforma deluje 100-odstotno. Zaradi velikega povpra\u0161evanja po tej celoviti re\u0161itvi GaN se zaloge hitro gibljejo.  <\/p>\n\n<p>Odkrijte, kako stenski polnilec DROIX 140W USB-C GaN spreminja pravila igre&#8230;<strong><a href=\"https:\/\/ayaneo.co\/?p=48198\" target=\"_blank\" rel=\"noreferrer noopener\">Preberite ve\u010d na na\u0161em blogu!<\/a><\/strong><\/p>\n","protected":false},"excerpt":{"rendered":"<ul>\n<li><strong>140W PD 3.1 Power - Hitro<\/strong> polnite zmogljive prenosnike in igralne ro\u010dne ra\u010dunalnike z najve\u010djo hitrostjo.<\/li>\n<li><strong>Vsestranskost \u0161tirih priklju\u010dkov -<\/strong> Hkrati napajate \u0161tiri naprave prek treh priklju\u010dkov USB-C in enega priklju\u010dka USB-A.<\/li>\n<li><strong>Vizualni zaslon v \u017eivo -<\/strong> z enim samim pogledom spremljajte mo\u010d, toplotno stanje in na\u010dine polnjenja v realnem \u010dasu.<\/li>\n<li><strong>Globalni potovalni sistem -<\/strong> vklju\u010duje zamenljive vti\u010dne adapterje iz Velike Britanije, EU, ZDA in AUS.<\/li>\n<li><strong>Napredni varnostni integrirani \u010dip -<\/strong> ve\u010dplastna za\u0161\u010dita zagotavlja stabilno in toplotno regulirano napajanje va\u0161e strojne opreme.<\/li>\n<\/ul>\n[cg_accordion title=\"INFORMACIJE O PLA\u010cILU\"]<\/p>\n<p>Uporabljamo najnovej\u0161o tehnologijo za obdelavo pla\u010dil, ki vam omogo\u010da, da se na blagajni naro\u010dite prek Apple Pay, Google Pay, debetne\/kreditne kartice, PayPal ali metod BNPL, kot so Klarna, Affirm ali AfterPay, kar zagotavlja hitro in varno izku\u0161njo.[\/cg_accordion]\n[cg_accordion title=\"GARANCIJA\"]<\/p>\n<p>1 leto garancije <a href=\"https:\/\/droix.net\/\" target=\"_blank\" rel=\"nofollow noopener\">DROIX Global za<\/a> va\u0161 mir[\/cg_accordion]\n[cg_accordion title=\"ZAGOTAVLJANJE KAKOVOSTI IN TESTIRANJE PRED ODPREMO\"]<\/p>\n<p>Zagotavljanje zadovoljstva strank na najvi\u0161ji ravni: Vsaka naprava je pred odpremo strogo preizku\u0161ena in preverjena v ve\u010d to\u010dkah za zagotavljanje kakovosti. Na\u0161a predana ekipa preveri delovanje, funkcionalnost in celovitost komponent, s \u010dimer zagotovimo, da bo va\u0161a naprava AYANEO ob prihodu v popolnem delovnem stanju, kar vam zagotavlja zaupanje in mir v du\u0161i. [\/cg_accordion]\n[cg_accordion title=\"CENE, DAVKI IN PO\u0160ILJANJE\"]<\/p>\n<p><strong><u>Opomba:<\/u><\/strong><\/p>\n<ul>\n<li>Zdru\u017eene dr\u017eave Amerike Kupci: Prikazana cena NE vklju\u010duje davka in dajatev. Odgovornost za carinjenje in pla\u010dilo vseh povezanih davkov\/carin nosi kupec. <\/li>\n<li>Stranke iz EU: Prikazana cena vklju\u010duje veljavni davek, ki lahko zna\u0161a do 25 %, odvisno od va\u0161e dr\u017eave.<\/li>\n<li>Kanada Kupci: Prikazana cena vklju\u010duje veljavne davke, ki lahko vklju\u010dujejo 5 % davek na dodano vrednost (GST) in dodatne pokrajinske davke na prodajo (PST), harmonizirani davek na prodajo (HST) ali davek na prodajo v Quebecu (QST), odvisno od va\u0161e province.<\/li>\n<\/ul>\n<p>Za na\u0161e stranke v ZDA: Naro\u010dila se po\u0161iljajo DAP (Delivered At Place). \u010ceprav so stranke odgovorne za pla\u010dilo vseh veljavnih tarif, se opiramo na svoje bogate izku\u0161nje pri po\u0161iljanju iz Zdru\u017eenega kraljestva, da bi zagotovili, da boste pla\u010dali najni\u017ejo mo\u017eno ceno. Na podlagi na\u0161ih evidenc ti stro\u0161ki obi\u010dajno ne presegajo 10 % vrednosti izdelka.  <\/p>\n<p><strong>Samo za stranke iz EU:<\/strong> Ekspresno DDP (dostavljeno s pla\u010dano dajatvijo). To pomeni: <\/p>\n<ul>\n<li>Vse carine in davki so vklju\u010deni v ceno, prikazano na strani izdelka.<\/li>\n<li>Ob dostavi vam ne bo treba pla\u010dati nobenih dodatnih stro\u0161kov.<\/li>\n<li>V redkih primerih te\u017eav, povezanih s carino, bo na\u0161a ekipa v va\u0161em imenu opravila postopek carinjenja in zagotovila nemoteno dostavo.<\/li>\n<p>Pomembne informacije o vra\u010dilih:<\/p>\n<li>\u010ce se odlo\u010dite vrniti naro\u010dilo ali zahtevate vra\u010dilo, se morate zavedati, da davkov in dajatev, pla\u010danih v va\u0161em imenu pod pogoji DDP, ni mogo\u010de vrniti.<\/li>\n<p>Podrobne informacije <a href=\"https:\/\/ayaneo.co\/terms-of-service-2\/\" target=\"_blank\" rel=\"nofollow noopener\">so na voljo v na\u0161ih pogojih in dolo\u010dilih<\/a>.\n<\/ul>\n<p>[\/cg_accordion]\n[cg_accordion title=\"PODPORA STRANKAM\"]<\/p>\n<p>Imate vpra\u0161anje? Samo kratko besedilo nas lo\u010di od re\u0161itve va\u0161ega vpra\u0161anja! [\/cg_accordion]\n[cg_accordion title=\"PAKET VKLJU\u010cUJE\"]<\/p>\n<ul>\n<li>1x DROIX 140W stenski polnilnik USB-C<\/li>\n<li>1x adapter za britanski vti\u010d<\/li>\n<li>1x adapter za vti\u010d EU<\/li>\n<li>1x uporabni\u0161ki priro\u010dnik<\/li>\n<\/ul>\n<p>[\/cg_accordion]\n","protected":false},"featured_media":47925,"template":"","meta":{"_acf_changed":false},"product_brand":[],"product_cat":[1236],"product_tag":[],"class_list":{"0":"post-48713","1":"product","2":"type-product","3":"status-publish","4":"has-post-thumbnail","6":"product_cat-dodatki","7":"product_shipping_class-standard","9":"first","10":"onbackorder","11":"taxable","12":"shipping-taxable","13":"product-type-simple"},"acf":[],"_links":{"self":[{"href":"https:\/\/ayaneo.co\/sl\/wp-json\/wp\/v2\/product\/48713","targetHints":{"allow":["GET"]}}],"collection":[{"href":"https:\/\/ayaneo.co\/sl\/wp-json\/wp\/v2\/product"}],"about":[{"href":"https:\/\/ayaneo.co\/sl\/wp-json\/wp\/v2\/types\/product"}],"wp:featuredmedia":[{"embeddable":true,"href":"https:\/\/ayaneo.co\/sl\/wp-json\/wp\/v2\/media\/47925"}],"wp:attachment":[{"href":"https:\/\/ayaneo.co\/sl\/wp-json\/wp\/v2\/media?parent=48713"}],"wp:term":[{"taxonomy":"product_brand","embeddable":true,"href":"https:\/\/ayaneo.co\/sl\/wp-json\/wp\/v2\/product_brand?post=48713"},{"taxonomy":"product_cat","embeddable":true,"href":"https:\/\/ayaneo.co\/sl\/wp-json\/wp\/v2\/product_cat?post=48713"},{"taxonomy":"product_tag","embeddable":true,"href":"https:\/\/ayaneo.co\/sl\/wp-json\/wp\/v2\/product_tag?post=48713"}],"curies":[{"name":"wp","href":"https:\/\/api.w.org\/{rel}","templated":true}]}}