{"id":34797,"date":"2025-06-25T10:40:26","date_gmt":"2025-06-25T10:40:26","guid":{"rendered":"https:\/\/ayaneo.co\/vara-butiker\/"},"modified":"2025-12-04T10:36:37","modified_gmt":"2025-12-04T10:36:37","slug":"vara-butiker","status":"publish","type":"page","link":"https:\/\/ayaneo.co\/sv\/vara-butiker\/","title":{"rendered":"V\u00e5ra butiker"},"content":{"rendered":"\t\t<div data-elementor-type=\"wp-page\" data-elementor-id=\"34797\" class=\"elementor elementor-34797 elementor-25017\" data-elementor-post-type=\"page\">\n\t\t\t\t\t\t<section class=\"elementor-section elementor-top-section elementor-element elementor-element-35362db elementor-section-boxed elementor-section-height-default elementor-section-height-default\" data-id=\"35362db\" data-element_type=\"section\">\n\t\t\t\t\t\t<div class=\"elementor-container elementor-column-gap-default\">\n\t\t\t\t\t<div class=\"elementor-column elementor-col-100 elementor-top-column elementor-element elementor-element-5adfb6a\" data-id=\"5adfb6a\" data-element_type=\"column\">\n\t\t\t<div class=\"elementor-widget-wrap elementor-element-populated\">\n\t\t\t\t\t\t<div class=\"elementor-element elementor-element-dd6586e elementor-widget elementor-widget-image\" data-id=\"dd6586e\" data-element_type=\"widget\" data-widget_type=\"image.default\">\n\t\t\t\t<div class=\"elementor-widget-container\">\n\t\t\t\t\t\t\t\t\t\t\t\t\t\t\t<img fetchpriority=\"high\" decoding=\"async\" width=\"1600\" height=\"300\" src=\"https:\/\/ayaneo.co\/wp-content\/uploads\/2025\/06\/Hero-Website.gif\" class=\"attachment-full size-full wp-image-25045\" alt=\"\" sizes=\"\" \/>\t\t\t\t\t\t\t\t\t\t\t\t\t\t\t<\/div>\n\t\t\t\t<\/div>\n\t\t\t\t<div class=\"elementor-element elementor-element-5cc52a2 elementor-widget elementor-widget-heading\" data-id=\"5cc52a2\" data-element_type=\"widget\" data-widget_type=\"heading.default\">\n\t\t\t\t<div class=\"elementor-widget-container\">\n\t\t\t\t\t<h2 class=\"elementor-heading-title elementor-size-default\">V\u00e4lkommen till DROIX-familjen av butiker<\/h2>\t\t\t\t<\/div>\n\t\t\t\t<\/div>\n\t\t\t\t<div class=\"elementor-element elementor-element-427a2b7 elementor-widget elementor-widget-text-editor\" data-id=\"427a2b7\" data-element_type=\"widget\" data-widget_type=\"text-editor.default\">\n\t\t\t\t<div class=\"elementor-widget-container\">\n\t\t\t\t\t\t\t\t\t<p>Uppt\u00e4ck v\u00e5rt n\u00e4tverk av officiella DROIX onlinebutiker. Oavsett om du \u00e4r i Storbritannien, Europa eller n\u00e5gon annanstans i v\u00e4rlden har vi en dedikerad butik som hj\u00e4lper dig b\u00e4st - inklusive produktspecifika butiker f\u00f6r AYANEO och GPD handh\u00e5llna speldatorer <\/p>\t\t\t\t\t\t\t\t<\/div>\n\t\t\t\t<\/div>\n\t\t\t\t\t<\/div>\n\t\t<\/div>\n\t\t\t\t\t<\/div>\n\t\t<\/section>\n\t\t\t\t<section class=\"elementor-section elementor-top-section elementor-element elementor-element-b32ccb9 elementor-section-boxed elementor-section-height-default elementor-section-height-default\" data-id=\"b32ccb9\" data-element_type=\"section\">\n\t\t\t\t\t\t<div class=\"elementor-container elementor-column-gap-default\">\n\t\t\t\t\t<div class=\"elementor-column elementor-col-50 elementor-top-column elementor-element elementor-element-4fad783\" data-id=\"4fad783\" data-element_type=\"column\">\n\t\t\t<div class=\"elementor-widget-wrap elementor-element-populated\">\n\t\t\t\t\t\t<div class=\"elementor-element elementor-element-9936ee9 elementor-widget elementor-widget-image\" data-id=\"9936ee9\" data-element_type=\"widget\" data-widget_type=\"image.default\">\n\t\t\t\t<div class=\"elementor-widget-container\">\n\t\t\t\t\t\t\t\t\t\t\t\t\t\t\t\t<a href=\"https:\/\/droix.co.uk\/\" target=\"_blank\" rel=\"noopener\">\n\t\t\t\t\t\t\t<img decoding=\"async\" width=\"320\" height=\"120\" src=\"https:\/\/ayaneo.co\/wp-content\/uploads\/2025\/06\/COUK.jpg\" class=\"attachment-full size-full wp-image-24918\" alt=\"\" srcset=\"https:\/\/ayaneo.co\/wp-content\/uploads\/2025\/06\/COUK.jpg 320w, https:\/\/ayaneo.co\/wp-content\/uploads\/2025\/06\/COUK-300x113.jpg 300w, https:\/\/ayaneo.co\/wp-content\/uploads\/2025\/06\/COUK-150x56.jpg 150w\" sizes=\"(max-width: 320px) 100vw, 320px\" \/>\t\t\t\t\t\t\t\t<\/a>\n\t\t\t\t\t\t\t\t\t\t\t\t\t\t\t<\/div>\n\t\t\t\t<\/div>\n\t\t\t\t<div class=\"elementor-element elementor-element-9df7040 elementor-widget elementor-widget-text-editor\" data-id=\"9df7040\" data-element_type=\"widget\" data-widget_type=\"text-editor.default\">\n\t\t\t\t<div class=\"elementor-widget-container\">\n\t\t\t\t\t\t\t\t\t<p data-pm-slice=\"0 0 []\">V\u00e5r s\u00e4rskilda butik i Storbritannien \u00e4r utformad f\u00f6r att s\u00e4kerst\u00e4lla smidig best\u00e4llning med efterlevnad av brittisk moms och lokal inkassering.<\/p>\t\t\t\t\t\t\t\t<\/div>\n\t\t\t\t<\/div>\n\t\t\t\t<div class=\"elementor-element elementor-element-4cb7382 elementor-widget elementor-widget-image\" data-id=\"4cb7382\" data-element_type=\"widget\" data-widget_type=\"image.default\">\n\t\t\t\t<div class=\"elementor-widget-container\">\n\t\t\t\t\t\t\t\t\t\t\t\t\t\t\t\t<a href=\"https:\/\/droix.eu\/\" target=\"_blank\" rel=\"noopener\">\n\t\t\t\t\t\t\t<img decoding=\"async\" width=\"320\" height=\"120\" src=\"https:\/\/ayaneo.co\/wp-content\/uploads\/2025\/06\/EU.jpg\" class=\"attachment-full size-full wp-image-24970\" alt=\"\" srcset=\"https:\/\/ayaneo.co\/wp-content\/uploads\/2025\/06\/EU.jpg 320w, https:\/\/ayaneo.co\/wp-content\/uploads\/2025\/06\/EU-300x113.jpg 300w, https:\/\/ayaneo.co\/wp-content\/uploads\/2025\/06\/EU-150x56.jpg 150w\" sizes=\"(max-width: 320px) 100vw, 320px\" \/>\t\t\t\t\t\t\t\t<\/a>\n\t\t\t\t\t\t\t\t\t\t\t\t\t\t\t<\/div>\n\t\t\t\t<\/div>\n\t\t\t\t<div class=\"elementor-element elementor-element-665acbf elementor-widget elementor-widget-text-editor\" data-id=\"665acbf\" data-element_type=\"widget\" data-widget_type=\"text-editor.default\">\n\t\t\t\t<div class=\"elementor-widget-container\">\n\t\t\t\t\t\t\t\t\t<p data-pm-slice=\"0 0 []\">V\u00e5r s\u00e4rskilda EU-butik \u00e4r utformad f\u00f6r att s\u00e4kerst\u00e4lla smidig best\u00e4llning med EU-moms och snabbare leverans i hela Europa.<\/p>\t\t\t\t\t\t\t\t<\/div>\n\t\t\t\t<\/div>\n\t\t\t\t\t<\/div>\n\t\t<\/div>\n\t\t\t\t<div class=\"elementor-column elementor-col-50 elementor-top-column elementor-element elementor-element-8e833a5\" data-id=\"8e833a5\" data-element_type=\"column\">\n\t\t\t<div class=\"elementor-widget-wrap elementor-element-populated\">\n\t\t\t\t\t\t<div class=\"elementor-element elementor-element-6c081a9 elementor-widget elementor-widget-image\" data-id=\"6c081a9\" data-element_type=\"widget\" data-widget_type=\"image.default\">\n\t\t\t\t<div class=\"elementor-widget-container\">\n\t\t\t\t\t\t\t\t\t\t\t\t\t\t\t\t<a href=\"https:\/\/droix.net\/\" target=\"_blank\" rel=\"noopener\">\n\t\t\t\t\t\t\t<img loading=\"lazy\" decoding=\"async\" width=\"320\" height=\"120\" src=\"https:\/\/ayaneo.co\/wp-content\/uploads\/2025\/06\/NET.jpg\" class=\"attachment-full size-full wp-image-24944\" alt=\"\" srcset=\"https:\/\/ayaneo.co\/wp-content\/uploads\/2025\/06\/NET.jpg 320w, https:\/\/ayaneo.co\/wp-content\/uploads\/2025\/06\/NET-300x113.jpg 300w, https:\/\/ayaneo.co\/wp-content\/uploads\/2025\/06\/NET-150x56.jpg 150w\" sizes=\"(max-width: 320px) 100vw, 320px\" \/>\t\t\t\t\t\t\t\t<\/a>\n\t\t\t\t\t\t\t\t\t\t\t\t\t\t\t<\/div>\n\t\t\t\t<\/div>\n\t\t\t\t<div class=\"elementor-element elementor-element-104ad12 elementor-widget elementor-widget-text-editor\" data-id=\"104ad12\" data-element_type=\"widget\" data-widget_type=\"text-editor.default\">\n\t\t\t\t<div class=\"elementor-widget-container\">\n\t\t\t\t\t\t\t\t\t<p data-pm-slice=\"0 0 []\">Vi betj\u00e4nar kunder utanf\u00f6r Storbritannien och EU.  <span style=\"background-color: transparent;\">Det b\u00e4sta valet f\u00f6r global frakt, skattefri utcheckning (d\u00e4r s\u00e5 \u00e4r till\u00e4mpligt) och support \u00f6ver hela v\u00e4rlden.<\/span><\/p>\t\t\t\t\t\t\t\t<\/div>\n\t\t\t\t<\/div>\n\t\t\t\t<div class=\"elementor-element elementor-element-f76bab4 elementor-widget elementor-widget-image\" data-id=\"f76bab4\" data-element_type=\"widget\" data-widget_type=\"image.default\">\n\t\t\t\t<div class=\"elementor-widget-container\">\n\t\t\t\t\t\t\t\t\t\t\t\t\t\t\t\t<a href=\"https:\/\/gpdstore.net\/\" target=\"_blank\" rel=\"noopener\">\n\t\t\t\t\t\t\t<img loading=\"lazy\" decoding=\"async\" width=\"320\" height=\"120\" src=\"https:\/\/ayaneo.co\/wp-content\/uploads\/2025\/06\/GPDSTORE.jpg\" class=\"attachment-full size-full wp-image-24996\" alt=\"\" srcset=\"https:\/\/ayaneo.co\/wp-content\/uploads\/2025\/06\/GPDSTORE.jpg 320w, https:\/\/ayaneo.co\/wp-content\/uploads\/2025\/06\/GPDSTORE-300x113.jpg 300w, https:\/\/ayaneo.co\/wp-content\/uploads\/2025\/06\/GPDSTORE-150x56.jpg 150w\" sizes=\"(max-width: 320px) 100vw, 320px\" \/>\t\t\t\t\t\t\t\t<\/a>\n\t\t\t\t\t\t\t\t\t\t\t\t\t\t\t<\/div>\n\t\t\t\t<\/div>\n\t\t\t\t<div class=\"elementor-element elementor-element-764bdad elementor-widget elementor-widget-text-editor\" data-id=\"764bdad\" data-element_type=\"widget\" data-widget_type=\"text-editor.default\">\n\t\t\t\t<div class=\"elementor-widget-container\">\n\t\t\t\t\t\t\t\t\t<p data-pm-slice=\"0 0 []\">Din destination f\u00f6r GPD-produkter - inklusive GPD WIN- och GPD Pocket-sortimenten. Officiellt lager med st\u00f6d fr\u00e5n DROIX. <\/p>\t\t\t\t\t\t\t\t<\/div>\n\t\t\t\t<\/div>\n\t\t\t\t\t<\/div>\n\t\t<\/div>\n\t\t\t\t\t<\/div>\n\t\t<\/section>\n\t\t\t\t<section class=\"elementor-section elementor-top-section elementor-element elementor-element-ff11b9e elementor-section-boxed elementor-section-height-default elementor-section-height-default\" data-id=\"ff11b9e\" data-element_type=\"section\">\n\t\t\t\t\t\t<div class=\"elementor-container elementor-column-gap-default\">\n\t\t\t\t\t<div class=\"elementor-column elementor-col-100 elementor-top-column elementor-element elementor-element-c172429\" data-id=\"c172429\" data-element_type=\"column\">\n\t\t\t<div class=\"elementor-widget-wrap elementor-element-populated\">\n\t\t\t\t\t\t<div class=\"elementor-element elementor-element-bbbe377 elementor-widget elementor-widget-heading\" data-id=\"bbbe377\" data-element_type=\"widget\" data-widget_type=\"heading.default\">\n\t\t\t\t<div class=\"elementor-widget-container\">\n\t\t\t\t\t<h2 class=\"elementor-heading-title elementor-size-default\">Varf\u00f6r handla med DROIX?<\/h2>\t\t\t\t<\/div>\n\t\t\t\t<\/div>\n\t\t\t\t<div class=\"elementor-element elementor-element-5eb3b45 elementor-widget elementor-widget-text-editor\" data-id=\"5eb3b45\" data-element_type=\"widget\" data-widget_type=\"text-editor.default\">\n\t\t\t\t<div class=\"elementor-widget-container\">\n\t\t\t\t\t\t\t\t\t<p>P\u00e5 DROIX \u00e4r vi inte bara en vanlig onlinebutik - vi \u00e4r ett p\u00e5litligt namn inom prestandateknik, med hundratals n\u00f6jda kunder och m\u00e5nga \u00e5rs erfarenhet av handh\u00e5llna speldatorer, minidatorer, ultrabooks, Android-enheter och mycket mer. Med hundratals positiva verifierade recensioner talar v\u00e5r service f\u00f6r sig sj\u00e4lv. Vi \u00e4r stolta \u00f6ver att s\u00e4kerst\u00e4lla att den b\u00e4sta kundupplevelsen erbjuds, fr\u00e5n f\u00f6rsta klicket till support efter f\u00f6rs\u00e4ljning.  <\/p>\t\t\t\t\t\t\t\t<\/div>\n\t\t\t\t<\/div>\n\t\t\t\t<div class=\"elementor-element elementor-element-14ec0d8 elementor-widget elementor-widget-image\" data-id=\"14ec0d8\" data-element_type=\"widget\" data-widget_type=\"image.default\">\n\t\t\t\t<div class=\"elementor-widget-container\">\n\t\t\t\t\t\t\t\t\t\t\t\t\t\t\t<img loading=\"lazy\" decoding=\"async\" width=\"768\" height=\"768\" src=\"https:\/\/ayaneo.co\/wp-content\/uploads\/2025\/06\/DROIX-REVIEWS-768x768.png\" class=\"attachment-medium_large size-medium_large wp-image-25072\" alt=\"\" srcset=\"https:\/\/ayaneo.co\/wp-content\/uploads\/2025\/06\/DROIX-REVIEWS-768x768.png 768w, https:\/\/ayaneo.co\/wp-content\/uploads\/2025\/06\/DROIX-REVIEWS-300x300.png 300w, https:\/\/ayaneo.co\/wp-content\/uploads\/2025\/06\/DROIX-REVIEWS-1024x1024.png 1024w, https:\/\/ayaneo.co\/wp-content\/uploads\/2025\/06\/DROIX-REVIEWS-150x150.png 150w, https:\/\/ayaneo.co\/wp-content\/uploads\/2025\/06\/DROIX-REVIEWS-65x65.png 65w, https:\/\/ayaneo.co\/wp-content\/uploads\/2025\/06\/DROIX-REVIEWS-990x990.png 990w, https:\/\/ayaneo.co\/wp-content\/uploads\/2025\/06\/DROIX-REVIEWS-441x441.png 441w, https:\/\/ayaneo.co\/wp-content\/uploads\/2025\/06\/DROIX-REVIEWS-100x100.png 100w, https:\/\/ayaneo.co\/wp-content\/uploads\/2025\/06\/DROIX-REVIEWS-600x600.png 600w, https:\/\/ayaneo.co\/wp-content\/uploads\/2025\/06\/DROIX-REVIEWS.png 1200w\" sizes=\"(max-width: 768px) 100vw, 768px\" \/>\t\t\t\t\t\t\t\t\t\t\t\t\t\t\t<\/div>\n\t\t\t\t<\/div>\n\t\t\t\t\t<\/div>\n\t\t<\/div>\n\t\t\t\t\t<\/div>\n\t\t<\/section>\n\t\t\t\t<\/div>\n\t\t","protected":false},"excerpt":{"rendered":"<p>V\u00e4lkommen till DROIX-familjen av butiker Uppt\u00e4ck v\u00e5rt n\u00e4tverk av officiella DROIX onlinebutiker. Oavsett om du \u00e4r i Storbritannien, Europa eller n\u00e5gon annanstans i v\u00e4rlden har vi en dedikerad butik som hj\u00e4lper dig b\u00e4st - inklusive produktspecifika butiker f\u00f6r AYANEO och GPD handh\u00e5llna speldatorer V\u00e5r s\u00e4rskilda butik i Storbritannien \u00e4r utformad f\u00f6r att s\u00e4kerst\u00e4lla smidig best\u00e4llning [&hellip;]<\/p>\n","protected":false},"author":20,"featured_media":0,"parent":0,"menu_order":0,"comment_status":"closed","ping_status":"closed","template":"elementor_header_footer","meta":{"_acf_changed":false,"footnotes":""},"class_list":["post-34797","page","type-page","status-publish","hentry"],"acf":[],"_links":{"self":[{"href":"https:\/\/ayaneo.co\/sv\/wp-json\/wp\/v2\/pages\/34797","targetHints":{"allow":["GET"]}}],"collection":[{"href":"https:\/\/ayaneo.co\/sv\/wp-json\/wp\/v2\/pages"}],"about":[{"href":"https:\/\/ayaneo.co\/sv\/wp-json\/wp\/v2\/types\/page"}],"author":[{"embeddable":true,"href":"https:\/\/ayaneo.co\/sv\/wp-json\/wp\/v2\/users\/20"}],"replies":[{"embeddable":true,"href":"https:\/\/ayaneo.co\/sv\/wp-json\/wp\/v2\/comments?post=34797"}],"version-history":[{"count":0,"href":"https:\/\/ayaneo.co\/sv\/wp-json\/wp\/v2\/pages\/34797\/revisions"}],"wp:attachment":[{"href":"https:\/\/ayaneo.co\/sv\/wp-json\/wp\/v2\/media?parent=34797"}],"curies":[{"name":"wp","href":"https:\/\/api.w.org\/{rel}","templated":true}]}}