{"id":11507,"date":"2025-03-20T09:38:25","date_gmt":"2025-03-20T09:38:25","guid":{"rendered":"https:\/\/ayaneo.co\/product\/ayaneo-pocket-micro-dmg-thumb-stick-grip-caps-forbattrad-komfort-och-kontroll\/"},"modified":"2025-12-09T00:33:38","modified_gmt":"2025-12-09T00:33:38","slug":"ayaneo-pocket-micro-dmg-thumb-stick-grip-caps-forbattrad-komfort-och-kontroll","status":"publish","type":"product","link":"https:\/\/ayaneo.co\/sv\/product\/ayaneo-pocket-micro-dmg-thumb-stick-grip-caps-forbattrad-komfort-och-kontroll\/","title":{"rendered":"AYANEO Pocket S2, Micro, DMG &amp; ACE Thumb Stick Grip Caps - F\u00f6rb\u00e4ttrad komfort och kontroll!"},"content":{"rendered":"\n<p><strong>Uppgradera din spelupplevelse med AYANEO Pocket S2, Micro, DMG &amp; ACE Thumb Stick Grip Caps!<\/strong>  Dessa grepplock \u00e4r utformade f\u00f6r precision, komfort och h\u00e5llbarhet och ger f\u00f6rb\u00e4ttrad kontroll och ett b\u00e4ttre grepp, vilket s\u00e4kerst\u00e4ller smidigare spel f\u00f6r dina AYANEO Pocket S2-, Micro-, DMG- och ACE-enheter.<\/p>\n\n<h2 class=\"wp-block-heading\"><strong>  Viktiga egenskaper:<\/strong><\/h2>\n\n<p><strong>F\u00f6rb\u00e4ttrat grepp och kontroll<\/strong> - S\u00e4g adj\u00f6 till hala tumspakar! Njut av <strong>f\u00f6rb\u00e4ttrad precision<\/strong> f\u00f6r varje r\u00f6relse. <\/p>\n\n<p><strong>Bekv\u00e4m och ergonomisk design<\/strong> - Soft-touch-material minskar p\u00e5frestningarna under l\u00e5nga spelsessioner.  <\/p>\n\n<p><strong>Material av h\u00f6gsta kvalitet<\/strong> - Slitstark silikon av h\u00f6g kvalitet garanterar <strong>l\u00e5ngvarig prestanda<\/strong>.  <\/p>\n\n<p><strong>Enkel att installera och s\u00e4ker passform<\/strong> - Utformad speciellt f\u00f6r AYANEO Pocket S2, Micro, DMG &amp; ACE, vilket garanterar en t\u00e4t, halkfri passform.<\/p>\n\n<p><strong>Snyggt och funktionellt<\/strong> - ger en elegant estetik samtidigt som det skyddar dina tumstockar fr\u00e5n slitage.  <\/p>\n\n<p>Ta din <strong>spelupplevelse p\u00e5AYANEO <\/strong> till n\u00e4sta niv\u00e5 med dessa <strong>grepplock som du m\u00e5ste ha<\/strong>!  <\/p>\n","protected":false},"excerpt":{"rendered":"<ul>\n<li><strong>Officiella<\/strong> AYANEO Pocket S2, Micro, DMG &amp; ACE Thumb Stick Grip Caps<\/li>\n<li>F\u00f6rb\u00e4ttrat <strong>grepp och kontroll<\/strong> - F\u00f6rb\u00e4ttrar precision och hantering.<\/li>\n<li><strong>Mjuk och bekv\u00e4m<\/strong> - minskar tr\u00f6ttheten vid l\u00e5ngvarigt spelande.<\/li>\n<li><strong>H\u00e5llbart silikonmaterial<\/strong> - l\u00e5ngvarig och slitstark.<\/li>\n<li><strong>Perfekt passform<\/strong> - Utformad exklusivt f\u00f6r AYANEO Pocket S2, Micro, DMG &amp; ACE.<\/li>\n<\/ul>\n[cg_accordion title=\"BETALNINGSINFORMATION\"]<\/p>\n<p>Vi anv\u00e4nder den senaste tekniken f\u00f6r betalningshantering, vilket g\u00f6r att du kan checka ut via Apple Pay, Google Pay, ditt betalkort\/kreditkort, PayPal eller BNPL-metoder som Klarna, Affirm eller AfterPay f\u00f6r en snabb och s\u00e4ker upplevelse.[\/cg_accordion]\n[cg_accordion title=\"GARANTI\"]<\/p>\n<p>1 \u00e5rs garanti fr\u00e5n <a href=\"https:\/\/droix.net\/\" target=\"_blank\" rel=\"nofollow noopener\">DROIX Global<\/a> f\u00f6r att du ska k\u00e4nna dig trygg[\/cg_accordion]\n[cg_accordion title=\"KVALITETSS\u00c4KRING OCH TESTNING F\u00d6RE AVS\u00c4NDNING\"]<\/p>\n<p>S\u00e4kerst\u00e4ller kundn\u00f6jdhet p\u00e5 h\u00f6gsta niv\u00e5: Varje enhet genomg\u00e5r rigor\u00f6s testning och en kvalitetss\u00e4kringskontroll i flera punkter innan den skickas. V\u00e5rt dedikerade team verifierar prestanda, funktionalitet och komponentintegritet f\u00f6r att garantera att din AYANEO-enhet \u00e4r i perfekt skick vid ankomst, vilket ger dig f\u00f6rtroende och sinnesfrid. [\/cg_accordion]\n[cg_accordion title=\"PRISER, SKATTER OCH FRAKT\"]<\/p>\n<p><strong><u>Obs!<\/u><\/strong><\/p>\n<ul>\n<li>Kunder i F\u00f6renta staterna: Det visade priset inkluderar INTE SKATT eller tullar. Ansvaret f\u00f6r att tullklarera och betala eventuell tillh\u00f6rande skatt\/avgift ligger p\u00e5 kunden. <\/li>\n<li>EU-kunder: Det visade priset inkluderar till\u00e4mplig skatt, som kan vara upp till 25% beroende p\u00e5 ditt land.<\/li>\n<li>Kunder i Kanada: Det visade priset inkluderar till\u00e4mpliga skatter, vilket kan inkludera 5% GST och ytterligare Provincial Sales Taxes (PST), Harmonized Sales Tax (HST) eller Quebec Sales Tax (QST), beroende p\u00e5 din provins.<\/li>\n<\/ul>\n<p><strong>ENDAST f\u00f6r EU-kunder:<\/strong> Express DDP (Delivered Duty Paid). Detta betyder: <\/p>\n<ul>\n<li>Alla tullavgifter och skatter ing\u00e5r i det pris som visas p\u00e5 produktsidan.<\/li>\n<li>Du beh\u00f6ver inte betala n\u00e5gra extra avgifter vid leverans.<\/li>\n<li>I s\u00e4llsynta fall av tullrelaterade problem kommer v\u00e5rt team att hantera tullklareringsprocessen f\u00f6r din r\u00e4kning f\u00f6r att s\u00e4kerst\u00e4lla en smidig leveransupplevelse.<\/li>\n<p>Viktig information om returer:<\/p>\n<li>Om du best\u00e4mmer dig f\u00f6r att returnera din best\u00e4llning eller beg\u00e4ra \u00e5terbetalning ska du vara medveten om att skatter och avgifter som betalats f\u00f6r din r\u00e4kning enligt DDP-villkoren inte kan \u00e5terbetalas.<\/li>\n<p>F\u00f6r detaljerad information h\u00e4nvisas till v\u00e5ra allm\u00e4nna <a href=\"https:\/\/ayaneo.co\/sv\/villkor-for-tjansten\/\" target=\"_blank\" rel=\"nofollow noopener\">villkor<\/a>.\n<\/ul>\n<p>[\/cg_accordion]\n[cg_accordion title=\"KUNDTJ\u00c4NST\"]<\/p>\n<p>Har du en fr\u00e5ga? Vi \u00e4r bara ett kort sms bort fr\u00e5n att ha l\u00f6st ditt problem! [\/cg_accordion]\n[cg_accordion title=\"PAKETET INNEH\u00c5LLER\"]<\/p>\n<ul>\n<li>1x AYANEO Pocket S2, Micro, DMG &amp; ACE Thumb Stick Grip Caps<\/li>\n<\/ul>\n<p>[\/cg_accordion]\n","protected":false},"featured_media":11019,"template":"","meta":{"_acf_changed":false},"product_brand":[],"product_cat":[554],"product_tag":[],"class_list":{"0":"post-11507","1":"product","2":"type-product","3":"status-publish","4":"has-post-thumbnail","6":"product_cat-tillbehor","7":"product_shipping_class-low-end","9":"first","10":"instock","11":"sale","12":"taxable","13":"shipping-taxable","14":"purchasable","15":"product-type-simple"},"acf":[],"_links":{"self":[{"href":"https:\/\/ayaneo.co\/sv\/wp-json\/wp\/v2\/product\/11507","targetHints":{"allow":["GET"]}}],"collection":[{"href":"https:\/\/ayaneo.co\/sv\/wp-json\/wp\/v2\/product"}],"about":[{"href":"https:\/\/ayaneo.co\/sv\/wp-json\/wp\/v2\/types\/product"}],"wp:featuredmedia":[{"embeddable":true,"href":"https:\/\/ayaneo.co\/sv\/wp-json\/wp\/v2\/media\/11019"}],"wp:attachment":[{"href":"https:\/\/ayaneo.co\/sv\/wp-json\/wp\/v2\/media?parent=11507"}],"wp:term":[{"taxonomy":"product_brand","embeddable":true,"href":"https:\/\/ayaneo.co\/sv\/wp-json\/wp\/v2\/product_brand?post=11507"},{"taxonomy":"product_cat","embeddable":true,"href":"https:\/\/ayaneo.co\/sv\/wp-json\/wp\/v2\/product_cat?post=11507"},{"taxonomy":"product_tag","embeddable":true,"href":"https:\/\/ayaneo.co\/sv\/wp-json\/wp\/v2\/product_tag?post=11507"}],"curies":[{"name":"wp","href":"https:\/\/api.w.org\/{rel}","templated":true}]}}