{"id":11558,"date":"2025-01-29T11:19:41","date_gmt":"2025-01-29T11:19:41","guid":{"rendered":"https:\/\/ayaneo.co\/product\/droix-nh8-usb-hubb-med-nvme\/"},"modified":"2025-06-16T15:10:30","modified_gmt":"2025-06-16T15:10:30","slug":"droix-nh8-usb-hubb-med-nvme","status":"publish","type":"product","link":"https:\/\/ayaneo.co\/sv\/product\/droix-nh8-usb-hubb-med-nvme\/","title":{"rendered":"DroiX NH8 USB-hubb med NVMe"},"content":{"rendered":"\n<h2 class=\"wp-block-heading\"><strong>DroiX NH8 Hub med NVMe-plats - Den ultimata allt-i-ett-anslutningshubben!<\/strong><\/h2>\n\n<h4 class=\"wp-block-heading\"><strong>Blixtsnabb Gigabit Ethernet<\/strong><\/h4>\n\n<p>Njut av s\u00f6ml\u00f6s h\u00f6ghastighetsanslutning med <strong>DroiX NH8 Hub<\/strong>! Dess <strong>10\/100\/1000M Gigabit Ethernet-port<\/strong> s\u00e4kerst\u00e4ller en <strong>stabil, laggfri internetanslutning - perfekt<\/strong>f\u00f6r spel, streaming och uppgifter med h\u00f6g bandbredd. S\u00e4g adj\u00f6 till Wi-Fi-avbrott och upplev <strong>konsekvent prestanda med tr\u00e5dbunden hastighet.<\/strong> <\/p>\n\n<h4 class=\"wp-block-heading\"><strong>Fantastisk 4K-videoutg\u00e5ng<\/strong><\/h4>\n\n<p>F\u00f6rh\u00f6j din visuella upplevelse med <strong>HDMI 2.0-st\u00f6d<\/strong>, som ger upp till <strong>4096&#215;2160 uppl\u00f6sning vid 60 Hz.<\/strong> Oavsett om du <strong>tittar p\u00e5 film, presenterar arbete eller spelar i HD,<\/strong> kan du njuta av ultraskarpa bilder, livfulla f\u00e4rger och <strong>sm\u00f6rsmidiga r\u00f6relser<\/strong>. <\/p>\n\n<h4 class=\"wp-block-heading\"><strong>Ut\u00f6ka din f\u00f6rvaring med l\u00e4tthet<\/strong><\/h4>\n\n<p>Har du slut p\u00e5 utrymme? <strong>DroiX NH8 Hub har<\/strong> en <strong>integrerad PCIe NVMe-plats<\/strong> som ger blixtsnabb lagringsexpansion. Den h\u00e4r funktionen \u00e4r idealisk f\u00f6r <strong>snabba data\u00f6verf\u00f6ringar, stora filer och h\u00f6gpresterande applikationer och<\/strong> ser till att ditt system fungerar effektivt.  <\/p>\n\n<h4 class=\"wp-block-heading\"><strong>Superladdade data\u00f6verf\u00f6ringar<\/strong><\/h4>\n\n<p>\u00d6verf\u00f6r stora filer i ett nafs med <strong>USB Type-A 3.0-porten<\/strong>. Oavsett om du s\u00e4kerhetskopierar data, synkroniserar enheter eller <strong>driver kringutrustning<\/strong> kan du uppleva <strong>snabba data\u00f6verf\u00f6ringshastigheter<\/strong> som effektiviserar ditt arbetsfl\u00f6de. <\/p>\n\n<h4 class=\"wp-block-heading\"><strong>Universell USB typ C-kompatibilitet<\/strong><\/h4>\n\n<p><strong>NH8 Hub<\/strong> \u00e4r utrustad med en <strong>m\u00e5ngsidig USB Type-C-anslutning<\/strong> som garanterar <strong>bred enhetskompatibilitet<\/strong>. Njut av <strong>snabb data\u00f6verf\u00f6ring, effektiv str\u00f6mf\u00f6rs\u00f6rjning och problemfri anslutning till<\/strong> <strong>b\u00e4rbara datorer, minidatorer, spelenheter och mycket mer - allt<\/strong>med en enda kabel. <\/p>\n\n<h4 class=\"wp-block-heading\"><strong>Enkel \u00e5tkomst till media<\/strong><\/h4>\n\n<p>Med sin <strong>inbyggda SD- och Micro SD-kortl\u00e4sare<\/strong> g\u00f6r <strong>DroiX NH8 Hub<\/strong> det enkelt att komma <strong>\u00e5t, \u00f6verf\u00f6ra och s\u00e4kerhetskopiera dina filer.<\/strong> Oavsett om det \u00e4r foton, videor eller viktiga dokument f\u00e5r du snabb \u00e5tkomst till dina medier utan extra adaptrar. <\/p>\n\n<h4 class=\"wp-block-heading\"><strong>O\u00f6vertr\u00e4ffad m\u00e5ngsidighet och prestanda<\/strong><\/h4>\n\n<p><strong>DroiX NH8 Hub<\/strong> \u00e4r utformad f\u00f6r <strong>datorer, b\u00e4rbara datorer, minidatorer och spelhanddatorer<\/strong> och \u00e4r mer \u00e4n bara en accessoar - det \u00e4r en <strong>viktig anslutningsl\u00f6sning<\/strong>. Den \u00e4r <strong>kompakt, kraftfull och p\u00e5litlig<\/strong> och \u00e4r det <strong>ultimata verktyget<\/strong> f\u00f6r arbete, underh\u00e5llning och allt d\u00e4remellan.<\/p>\n\n<h3 class=\"wp-block-heading\"><strong>Uppgradera dina anslutningsm\u00f6jligheter med DroiX NH8 Hub!<\/strong><\/h3>\n\n<p>Upplev <strong>prestanda och bekv\u00e4mlighet p\u00e5 n\u00e4sta niv\u00e5<\/strong> med en hubb som \u00e4r byggd f\u00f6r <strong>hastighet, effektivitet och m\u00e5ngsidighet<\/strong>. <strong>Effektivisera din installation och ladda ditt arbetsfl\u00f6de idag!<\/strong><\/p>\n\n<p>F\u00f6r en steg-f\u00f6r-steg-installation, kolla in v\u00e5r <strong>guide Kom ig\u00e5ng med DroiX NH8 USB-hubb<\/strong>.<\/p>\n\n<p><\/p>\n","protected":false},"excerpt":{"rendered":"<ul>\n<li>DroiX<strong> NH8 <\/strong>USB-hubb med NVMe<\/li>\n<li><strong>10\/100\/1000M<\/strong> Gigabit Ethernet<\/li>\n<li><strong>Inbyggd PCIe NVMe-plats<\/strong> f\u00f6r lagringsexpansion<\/li>\n<li><strong>4K-sk\u00e4rmutg\u00e5ng<\/strong> via HDMI<\/li>\n<li><strong>MicroSD \/ SD-kortplats<\/strong> - upp till 5 Gbps<\/li>\n<\/ul>\n[cg_accordion title=\"BETALNINGSINFORMATION\"]<\/p>\n<p>Vi anv\u00e4nder den senaste tekniken f\u00f6r betalningshantering, vilket g\u00f6r att du kan checka ut via Apple Pay, Google Pay, ditt betalkort\/kreditkort, PayPal eller BNPL-metoder som Klarna, Affirm eller AfterPay f\u00f6r en snabb och s\u00e4ker upplevelse.[\/cg_accordion]\n[cg_accordion title=\"GARANTI\"]<\/p>\n<p>1 \u00e5rs garanti fr\u00e5n <a href=\"https:\/\/droix.net\/\" target=\"_blank\" rel=\"nofollow noopener\">DROIX Global<\/a> f\u00f6r att du ska k\u00e4nna dig trygg[\/cg_accordion]\n[cg_accordion title=\"PRISER, SKATTER OCH FRAKT\"]<\/p>\n<p><strong><u>Obs!<\/u><\/strong><\/p>\n<ul>\n<li>Kunder i F\u00f6renta staterna: Det visade priset inkluderar INTE SKATT eller tullar. Ansvaret f\u00f6r att tullklarera och betala eventuell tillh\u00f6rande skatt\/avgift ligger p\u00e5 kunden. <\/li>\n<li>EU-kunder: Det visade priset inkluderar till\u00e4mplig skatt, som kan vara upp till 25% beroende p\u00e5 ditt land.<\/li>\n<li>Kunder i Kanada: Det visade priset inkluderar till\u00e4mpliga skatter, vilket kan inkludera 5% GST och ytterligare Provincial Sales Taxes (PST), Harmonized Sales Tax (HST) eller Quebec Sales Tax (QST), beroende p\u00e5 din provins.<\/li>\n<\/ul>\n<p><strong>ENDAST f\u00f6r EU-kunder:<\/strong> Express DDP (Delivered Duty Paid). Detta betyder: <\/p>\n<ul>\n<li>Alla tullavgifter och skatter ing\u00e5r i det pris som visas p\u00e5 produktsidan.<\/li>\n<li>Du beh\u00f6ver inte betala n\u00e5gra extra avgifter vid leverans.<\/li>\n<li>I s\u00e4llsynta fall av tullrelaterade problem kommer v\u00e5rt team att hantera tullklareringsprocessen f\u00f6r din r\u00e4kning f\u00f6r att s\u00e4kerst\u00e4lla en smidig leveransupplevelse.<\/li>\n<p>Viktig information om returer:<\/p>\n<li>Om du best\u00e4mmer dig f\u00f6r att returnera din best\u00e4llning eller beg\u00e4ra \u00e5terbetalning ska du vara medveten om att skatter och avgifter som betalats f\u00f6r din r\u00e4kning enligt DDP-villkoren inte kan \u00e5terbetalas.<\/li>\n<p>F\u00f6r detaljerad information h\u00e4nvisas till v\u00e5ra allm\u00e4nna <a href=\"https:\/\/ayaneo.co\/sv\/villkor-for-tjansten\/\" target=\"_blank\" rel=\"nofollow noopener\">villkor<\/a>.\n<\/ul>\n<p>[\/cg_accordion]\n[cg_accordion title=\"KUNDTJ\u00c4NST\"]<\/p>\n<p>Har du en fr\u00e5ga? Vi \u00e4r bara ett kort sms bort fr\u00e5n att ha l\u00f6st ditt problem!<br \/>\n[\/cg_accordion]\n","protected":false},"featured_media":8258,"template":"","meta":{"_acf_changed":false},"product_brand":[],"product_cat":[554],"product_tag":[],"class_list":{"0":"post-11558","1":"product","2":"type-product","3":"status-publish","4":"has-post-thumbnail","6":"product_cat-tillbehor","7":"product_shipping_class-low-end","8":"pa_brand-droix","10":"first","11":"outofstock","12":"sale","13":"taxable","14":"shipping-taxable","15":"purchasable","16":"product-type-variable","17":"has-default-attributes"},"acf":[],"_links":{"self":[{"href":"https:\/\/ayaneo.co\/sv\/wp-json\/wp\/v2\/product\/11558","targetHints":{"allow":["GET"]}}],"collection":[{"href":"https:\/\/ayaneo.co\/sv\/wp-json\/wp\/v2\/product"}],"about":[{"href":"https:\/\/ayaneo.co\/sv\/wp-json\/wp\/v2\/types\/product"}],"wp:featuredmedia":[{"embeddable":true,"href":"https:\/\/ayaneo.co\/sv\/wp-json\/wp\/v2\/media\/8258"}],"wp:attachment":[{"href":"https:\/\/ayaneo.co\/sv\/wp-json\/wp\/v2\/media?parent=11558"}],"wp:term":[{"taxonomy":"product_brand","embeddable":true,"href":"https:\/\/ayaneo.co\/sv\/wp-json\/wp\/v2\/product_brand?post=11558"},{"taxonomy":"product_cat","embeddable":true,"href":"https:\/\/ayaneo.co\/sv\/wp-json\/wp\/v2\/product_cat?post=11558"},{"taxonomy":"product_tag","embeddable":true,"href":"https:\/\/ayaneo.co\/sv\/wp-json\/wp\/v2\/product_tag?post=11558"}],"curies":[{"name":"wp","href":"https:\/\/api.w.org\/{rel}","templated":true}]}}