{"id":11559,"date":"2025-03-17T09:44:54","date_gmt":"2025-03-17T09:44:54","guid":{"rendered":"https:\/\/ayaneo.co\/product\/ayaneo-multi-station-grafit-svart\/"},"modified":"2026-01-06T00:28:59","modified_gmt":"2026-01-06T00:28:59","slug":"ayaneo-multi-station-grafit-svart","status":"publish","type":"product","link":"https:\/\/ayaneo.co\/sv\/product\/ayaneo-multi-station-grafit-svart\/","title":{"rendered":"AYANEO MULTI STATION - grafit svart"},"content":{"rendered":"\n<p><span data-contrast=\"none\"><strong>AYANEO Multi Docking Station<\/strong> frig\u00f6r den fulla potentialen hos din AYA NEO med ett l\u00e4ttanv\u00e4nt dockningssystem med flera expansionsportar.  <\/span><\/p>\n\n<p><span data-contrast=\"none\">AYANEO Multi <strong>Docking Station finns tillg\u00e4nglig i<\/strong> Graphite Black. Den <strong>st\u00f6der alla AYANEO -modeller<\/strong> med en patenterad basplugg som kan flyttas f\u00f6r att passa de n\u00e5got olika placeringarna av USB Type-C-porten p\u00e5 varje modell.   <\/span><\/p>\n\n<p><span data-contrast=\"none\">Med m\u00e5tten<strong> 15,1 x 7,0 x 3,7 cm (5,9 x 2,7 x 1,45 tum) och en vikt p\u00e5 ca 200 g<\/strong> tar AYANEO Multi Docking Station upp minimalt med skrivbordsutrymme samtidigt som den st\u00e5r stadigt p\u00e5 skrivbordet och har st\u00f6d f\u00f6r \u00e5tta expansionsportar.<\/span><span data-ccp-props=\"{\"> <\/span><\/p>\n\n<p><span data-contrast=\"none\">P\u00e5 baksidan av AYANEO Multi Docking Station fr\u00e5n v\u00e4nster till h\u00f6ger finns en <\/span><a href=\"https:\/\/en.wikipedia.org\/wiki\/USB-C\" target=\"_blank\" rel=\"noopener\"><span data-contrast=\"none\">USB typ-C<\/span><\/a><span data-contrast=\"none\">  port som kan anv\u00e4ndas f\u00f6r kringutrustning som t.ex. en extern h\u00e5rddisk. Det finns tv\u00e5   <\/span><a href=\"https:\/\/www.viewsonic.com\/library\/tech\/usb-c-usb-b-and-usb-a-whats-the-difference\/\" target=\"_blank\" rel=\"noopener\"><span data-contrast=\"none\">USB-A<\/span><\/a><span data-contrast=\"none\">  portar som kan anv\u00e4ndas f\u00f6r t.ex. mus och tangentbord. Den andra USB Type-C-porten anv\u00e4nds f\u00f6r str\u00f6mf\u00f6rs\u00f6rjning av dockningsstationen och kan \u00e4ven ladda anslutna AYANEO modeller. <\/span><span data-ccp-props=\"{\"> <\/span><\/p>\n\n<p><span data-contrast=\"none\">HDMI <\/span><a href=\"https:\/\/en.wikipedia.org\/wiki\/HDMI\" target=\"_blank\" rel=\"noopener\"><span data-contrast=\"none\">HDMI<\/span><\/a><span data-contrast=\"none\">  2.0b-port kan anv\u00e4ndas f\u00f6r videoutg\u00e5ng fr\u00e5n din AYANEO till din TV eller bildsk\u00e4rm. <strong>Den st\u00f6der upp till 4K vid 60 Hz.<\/strong> Gigabit   <\/span><a href=\"https:\/\/en.wikipedia.org\/wiki\/Ethernet\" target=\"_blank\" rel=\"noopener\"><span data-contrast=\"none\">ethernet<\/span><\/a><span data-contrast=\"none\"> port s\u00e4kerst\u00e4ller att du f\u00e5r s\u00e4ker och snabb data\u00f6verf\u00f6ring till och fr\u00e5n AYANEO Multi Docking Station.<\/span><span data-ccp-props=\"{\"> <\/span><\/p>\n\n<p><span data-contrast=\"none\">P\u00e5 h\u00f6ger sida av AYANEO Multi Docking Station finns en Micro SD-kortplats och en SD-kortplats.<\/span><span data-ccp-props=\"{\"> <\/span><\/p>\n\n<p><span data-contrast=\"none\">AYANEO Multi Docking Station \u00e4r kompatibel med <strong>alla AYANEO modeller inklusive <\/strong><\/span><strong><a href=\"https:\/\/droix.co.uk\/product\/ayaneo-2\/\" target=\"_blank\" rel=\"noopener\">AYANEO 2,<\/a> AYANEO Geek, <a href=\"https:\/\/droix.co.uk\/product\/ayaneo-air\/\" target=\"_blank\" rel=\"noopener\">AYANEO Air PRO<\/a>, <a href=\"https:\/\/droix.co.uk\/product\/ayaneo-next\/\" target=\"_blank\" rel=\"noopener\">AYANEO NEXT<\/a>, <a href=\"https:\/\/droix.co.uk\/product\/ayaneo-next-pro\/\" target=\"_blank\" rel=\"noopener\">AYANEO Next PRO<\/a>, <a href=\"https:\/\/droix.co.uk\/product\/ayaneo-next\/\" target=\"_blank\" rel=\"noopener\">AYANEO 2021<\/a> och <a href=\"https:\/\/droix.co.uk\/product\/ayaneo-next-pro\/\" target=\"_blank\" rel=\"noopener\">AYANEO 2021 Pro.<\/a><\/strong> <\/p>\n\n<p><span data-contrast=\"none\"><strong>AYANEO Multi Docking Station \u00e4r det perfekta komplementet till din AYAYNEO<\/strong> och f\u00f6rvandlar den fr\u00e5n en handh\u00e5llen spelkonsol till en kraftfull station\u00e4r PC-liknande l\u00f6sning med alla anslutningsm\u00f6jligheter du beh\u00f6ver.<\/span><span data-ccp-props=\"{\"> <\/span><\/p>\n\n<p>Du kan l\u00e4sa v\u00e5r <a href=\"https:\/\/droix.co.uk\/blogs\/ayaneo-docking-station-review\/\" target=\"_blank\" rel=\"noopener\">recension avAYANEO Multi Docking Station h\u00e4r.<\/a><\/p>\n\n<figure class=\"wp-block-image aligncenter\"><img decoding=\"async\" src=\"https:\/\/droix.net\/wp-content\/uploads\/2022\/12\/8fb77202211071909143194ready.jpg\" alt=\"\" class=\"wp-image-88164\"\/><\/figure>\n\n<figure class=\"wp-block-image aligncenter\"><img decoding=\"async\" src=\"https:\/\/droix.net\/wp-content\/uploads\/2022\/12\/ea565202211071908508498ready.jpg\" alt=\"\" class=\"wp-image-88174\"\/><\/figure>\n\n<p><\/p>\n","protected":false},"excerpt":{"rendered":"<ul>\n<li><b>Officiell AYANEO Produkt<\/b><\/li>\n<li><strong>Kompatibel<\/strong> med <strong>alla AYANEO handdatorer<\/strong><\/li>\n<li><b>Exklusiv patenterad basplugg<\/b><\/li>\n<li><strong>Upp till 8<\/strong> expansionsanslutningar<\/li>\n<li>MicroSD-kortplats<\/li>\n<\/ul>\n[cg_accordion title=\"BETALNINGSINFORMATION\"]<\/p>\n<p>Vi anv\u00e4nder den senaste tekniken f\u00f6r betalningshantering, vilket g\u00f6r att du kan checka ut via Apple Pay, Google Pay, ditt betalkort\/kreditkort, PayPal eller BNPL-metoder som Klarna, Affirm eller AfterPay f\u00f6r en snabb och s\u00e4ker upplevelse.[\/cg_accordion]\n[cg_accordion title=\"GARANTI\"]<\/p>\n<p>1 \u00e5rs garanti fr\u00e5n <a href=\"https:\/\/droix.net\/\" target=\"_blank\" rel=\"nofollow noopener\">DROIX Global<\/a> f\u00f6r att du ska k\u00e4nna dig trygg[\/cg_accordion]\n[cg_accordion title=\"KVALITETSS\u00c4KRING OCH TESTNING F\u00d6RE AVS\u00c4NDNING\"]<\/p>\n<p>S\u00e4kerst\u00e4ller kundn\u00f6jdhet p\u00e5 h\u00f6gsta niv\u00e5: Varje enhet genomg\u00e5r rigor\u00f6s testning och en kvalitetss\u00e4kringskontroll i flera punkter innan den skickas. V\u00e5rt dedikerade team verifierar prestanda, funktionalitet och komponentintegritet f\u00f6r att garantera att din AYANEO-enhet \u00e4r i perfekt skick vid ankomst, vilket ger dig f\u00f6rtroende och sinnesfrid. [\/cg_accordion]\n[cg_accordion title=\"PRISER, SKATTER OCH FRAKT\"]<\/p>\n<p><strong><u>Obs!<\/u><\/strong><\/p>\n<ul>\n<li>Kunder i F\u00f6renta staterna: Det visade priset inkluderar INTE SKATT eller tullar. Ansvaret f\u00f6r att tullklarera och betala eventuell tillh\u00f6rande skatt\/avgift ligger p\u00e5 kunden. <\/li>\n<li>EU-kunder: Det visade priset inkluderar till\u00e4mplig skatt, som kan vara upp till 25% beroende p\u00e5 ditt land.<\/li>\n<li>Kunder i Kanada: Det visade priset inkluderar till\u00e4mpliga skatter, vilket kan inkludera 5% GST och ytterligare Provincial Sales Taxes (PST), Harmonized Sales Tax (HST) eller Quebec Sales Tax (QST), beroende p\u00e5 din provins.<\/li>\n<\/ul>\n<p><strong>ENDAST f\u00f6r EU-kunder:<\/strong> Express DDP (Delivered Duty Paid). Detta betyder: <\/p>\n<ul>\n<li>Alla tullavgifter och skatter ing\u00e5r i det pris som visas p\u00e5 produktsidan.<\/li>\n<li>Du beh\u00f6ver inte betala n\u00e5gra extra avgifter vid leverans.<\/li>\n<li>I s\u00e4llsynta fall av tullrelaterade problem kommer v\u00e5rt team att hantera tullklareringsprocessen f\u00f6r din r\u00e4kning f\u00f6r att s\u00e4kerst\u00e4lla en smidig leveransupplevelse.<\/li>\n<p>Viktig information om returer:<\/p>\n<li>Om du best\u00e4mmer dig f\u00f6r att returnera din best\u00e4llning eller beg\u00e4ra \u00e5terbetalning ska du vara medveten om att skatter och avgifter som betalats f\u00f6r din r\u00e4kning enligt DDP-villkoren inte kan \u00e5terbetalas.<\/li>\n<p>F\u00f6r detaljerad information h\u00e4nvisas till v\u00e5ra allm\u00e4nna <a href=\"https:\/\/ayaneo.co\/sv\/villkor-for-tjansten\/\" target=\"_blank\" rel=\"nofollow noopener\">villkor<\/a>.\n<\/ul>\n<p>[\/cg_accordion]\n[cg_accordion title=\"KUNDTJ\u00c4NST\"]<\/p>\n<p>Har du en fr\u00e5ga? Vi \u00e4r bara ett kort sms bort fr\u00e5n att ha l\u00f6st ditt problem! [\/cg_accordion]\n[cg_accordion title=\"PAKETET INNEH\u00c5LLER\"]<\/p>\n<ul>\n<li>1x AYANEO Dockningsstation<\/li>\n<\/ul>\n<p>[\/cg_accordion]\n","protected":false},"featured_media":10692,"template":"","meta":{"_acf_changed":false},"product_brand":[],"product_cat":[554],"product_tag":[],"class_list":{"0":"post-11559","1":"product","2":"type-product","3":"status-publish","4":"has-post-thumbnail","6":"product_cat-tillbehor","7":"product_shipping_class-low-end","8":"pa_accessory-type-docking-station-sv","9":"pa_brand-ayaneo","10":"pa_compatible-with-ayaneo-2-sv","11":"pa_compatible-with-ayaneo-2021-sv","12":"pa_compatible-with-ayaneo-3-sv","13":"pa_compatible-with-ayaneo-air-sv","14":"pa_compatible-with-ayaneo-geek-sv","16":"first","17":"instock","18":"taxable","19":"shipping-taxable","20":"purchasable","21":"product-type-simple"},"acf":[],"_links":{"self":[{"href":"https:\/\/ayaneo.co\/sv\/wp-json\/wp\/v2\/product\/11559","targetHints":{"allow":["GET"]}}],"collection":[{"href":"https:\/\/ayaneo.co\/sv\/wp-json\/wp\/v2\/product"}],"about":[{"href":"https:\/\/ayaneo.co\/sv\/wp-json\/wp\/v2\/types\/product"}],"wp:featuredmedia":[{"embeddable":true,"href":"https:\/\/ayaneo.co\/sv\/wp-json\/wp\/v2\/media\/10692"}],"wp:attachment":[{"href":"https:\/\/ayaneo.co\/sv\/wp-json\/wp\/v2\/media?parent=11559"}],"wp:term":[{"taxonomy":"product_brand","embeddable":true,"href":"https:\/\/ayaneo.co\/sv\/wp-json\/wp\/v2\/product_brand?post=11559"},{"taxonomy":"product_cat","embeddable":true,"href":"https:\/\/ayaneo.co\/sv\/wp-json\/wp\/v2\/product_cat?post=11559"},{"taxonomy":"product_tag","embeddable":true,"href":"https:\/\/ayaneo.co\/sv\/wp-json\/wp\/v2\/product_tag?post=11559"}],"curies":[{"name":"wp","href":"https:\/\/api.w.org\/{rel}","templated":true}]}}