{"id":11560,"date":"2025-03-18T15:51:48","date_gmt":"2025-03-18T15:51:48","guid":{"rendered":"https:\/\/ayaneo.co\/product\/ayaneo-fickfodral-i-mikrolader\/"},"modified":"2025-12-02T18:14:52","modified_gmt":"2025-12-02T18:14:52","slug":"ayaneo-fickfodral-i-mikrolader","status":"publish","type":"product","link":"https:\/\/ayaneo.co\/sv\/product\/ayaneo-fickfodral-i-mikrolader\/","title":{"rendered":"AYANEO Pocket fodral i mikrol\u00e4der"},"content":{"rendered":"\n<p>Ge din <strong>AYANEO Pocket Micro<\/strong> det skydd den f\u00f6rtj\u00e4nar med detta <strong>lyxiga l\u00e4derfodral<\/strong>! Fodralet \u00e4r utformat f\u00f6r <strong>perfekt passform<\/strong> och kombinerar <strong>elegans, h\u00e5llbarhet och b\u00e4rbarhet<\/strong> f\u00f6r att h\u00e5lla din enhet s\u00e4ker samtidigt som den beh\u00e5ller ett snyggt, professionellt utseende.<\/p>\n\n<h2 class=\"wp-block-heading\" id=\"h-key-features\"><strong>Viktiga egenskaper:<\/strong><\/h2>\n\n<p><strong>Premium l\u00e4dermaterial<\/strong> - Tillverkad av h\u00f6gkvalitativt l\u00e4der f\u00f6r en sofistikerad och h\u00e5llbar finish.<\/p>\n\n<p><strong>Perfekt passform och s\u00e4kert skydd<\/strong> - Skr\u00e4ddarsydd f\u00f6r AYANEO Pocket Micro, vilket garanterar en \u00e5tsittande <strong>passform<\/strong> som skyddar din enhet fr\u00e5n repor, damm och mindre st\u00f6tar.<\/p>\n\n<p><strong>Mjukt innerfoder<\/strong> - skonsamt mot din enhets sk\u00e4rm och kropp, vilket f\u00f6rhindrar o\u00f6nskade m\u00e4rken.<\/p>\n\n<p><strong>L\u00e4tt och b\u00e4rbar<\/strong> - tunn design g\u00f6r den l\u00e4tt att b\u00e4ra samtidigt som den ger maximalt skydd.<\/p>\n\n<p><strong>Magnetisk st\u00e4ngning f\u00f6r extra s\u00e4kerhet<\/strong> - ser till att din enhet sitter s\u00e4kert p\u00e5 plats samtidigt som du f\u00e5r snabb \u00e5tkomst.<\/p>\n\n<p>Uppgradera din <strong>AYANEO Pocket Micro<\/strong> med detta <strong>snygga och funktionella l\u00e4derfodral<\/strong> - <strong>skydd med en touch av elegans<\/strong>! <\/p>\n\n<p><\/p>\n","protected":false},"excerpt":{"rendered":"<ul>\n<li><strong>Officiellt<\/strong> AYANEO Pocket Micro skyddande l\u00e4derfodral<\/li>\n<li><strong>Premiuml\u00e4der<\/strong> - Elegant, slitstarkt och l\u00e5ngvarigt.<\/li>\n<li><strong>Mjukt innerfoder<\/strong> - Skyddar mot repor och damm.<\/li>\n<li>L\u00e4tt <strong>och b\u00e4rbar<\/strong> - L\u00e4tt att b\u00e4ra utan att det blir f\u00f6r tungt.<\/li>\n<li><strong>Magnetisk st\u00e4ngning<\/strong> - s\u00e4ker och bekv\u00e4m \u00e5tkomst.<\/li>\n<\/ul>\n[cg_accordion title=\"BETALNINGSINFORMATION\"]<\/p>\n<p>Vi anv\u00e4nder den senaste tekniken f\u00f6r betalningshantering, vilket g\u00f6r att du kan checka ut via Apple Pay, Google Pay, ditt betalkort\/kreditkort, PayPal eller BNPL-metoder som Klarna, Affirm eller AfterPay f\u00f6r en snabb och s\u00e4ker upplevelse.[\/cg_accordion]\n[cg_accordion title=\"GARANTI\"]<\/p>\n<p>1 \u00e5rs garanti fr\u00e5n <a href=\"https:\/\/droix.net\/\" target=\"_blank\" rel=\"nofollow noopener\">DROIX Global<\/a> f\u00f6r att du ska k\u00e4nna dig trygg[\/cg_accordion]\n[cg_accordion title=\"KVALITETSS\u00c4KRING OCH TESTNING F\u00d6RE AVS\u00c4NDNING\"]<\/p>\n<p>S\u00e4kerst\u00e4ller kundn\u00f6jdhet p\u00e5 h\u00f6gsta niv\u00e5: Varje enhet genomg\u00e5r rigor\u00f6s testning och en kvalitetss\u00e4kringskontroll i flera punkter innan den skickas. V\u00e5rt dedikerade team verifierar prestanda, funktionalitet och komponentintegritet f\u00f6r att garantera att din AYANEO-enhet \u00e4r i perfekt skick vid ankomst, vilket ger dig f\u00f6rtroende och sinnesfrid. [\/cg_accordion]\n[cg_accordion title=\"PRISER, SKATTER OCH FRAKT\"]<\/p>\n<p><strong><u>Obs!<\/u><\/strong><\/p>\n<ul>\n<li>Kunder i F\u00f6renta staterna: Det visade priset inkluderar INTE SKATT eller tullar. Ansvaret f\u00f6r att tullklarera och betala eventuell tillh\u00f6rande skatt\/avgift ligger p\u00e5 kunden. <\/li>\n<li>EU-kunder: Det visade priset inkluderar till\u00e4mplig skatt, som kan vara upp till 25% beroende p\u00e5 ditt land.<\/li>\n<li>Kunder i Kanada: Det visade priset inkluderar till\u00e4mpliga skatter, vilket kan inkludera 5% GST och ytterligare Provincial Sales Taxes (PST), Harmonized Sales Tax (HST) eller Quebec Sales Tax (QST), beroende p\u00e5 din provins.<\/li>\n<\/ul>\n<p><strong>ENDAST f\u00f6r EU-kunder:<\/strong> Express DDP (Delivered Duty Paid). Detta betyder: <\/p>\n<ul>\n<li>Alla tullavgifter och skatter ing\u00e5r i det pris som visas p\u00e5 produktsidan.<\/li>\n<li>Du beh\u00f6ver inte betala n\u00e5gra extra avgifter vid leverans.<\/li>\n<li>I s\u00e4llsynta fall av tullrelaterade problem kommer v\u00e5rt team att hantera tullklareringsprocessen f\u00f6r din r\u00e4kning f\u00f6r att s\u00e4kerst\u00e4lla en smidig leveransupplevelse.<\/li>\n<p>Viktig information om returer:<\/p>\n<li>Om du best\u00e4mmer dig f\u00f6r att returnera din best\u00e4llning eller beg\u00e4ra \u00e5terbetalning ska du vara medveten om att skatter och avgifter som betalats f\u00f6r din r\u00e4kning enligt DDP-villkoren inte kan \u00e5terbetalas.<\/li>\n<p>F\u00f6r detaljerad information h\u00e4nvisas till v\u00e5ra allm\u00e4nna <a href=\"https:\/\/ayaneo.co\/sv\/villkor-for-tjansten\/\" target=\"_blank\" rel=\"nofollow noopener\">villkor<\/a>.\n<\/ul>\n<p>[\/cg_accordion]\n[cg_accordion title=\"KUNDTJ\u00c4NST\"]<\/p>\n<p>Har du en fr\u00e5ga? Vi \u00e4r bara ett kort sms bort fr\u00e5n att ha l\u00f6st ditt problem! [\/cg_accordion]\n[cg_accordion title=\"PAKETET INNEH\u00c5LLER\"]<\/p>\n<ul>\n<li>1x AYANEO Pocket fodral i mikrol\u00e4der<\/li>\n<\/ul>\n<p>[\/cg_accordion]\n","protected":false},"featured_media":11033,"template":"","meta":{"_acf_changed":false},"product_brand":[],"product_cat":[554],"product_tag":[],"class_list":{"0":"post-11560","1":"product","2":"type-product","3":"status-publish","4":"has-post-thumbnail","6":"product_cat-tillbehor","7":"product_shipping_class-low-end","8":"pa_accessory-type-protective-case-sv","9":"pa_brand-ayaneo","11":"first","12":"outofstock","13":"sale","14":"taxable","15":"shipping-taxable","16":"purchasable","17":"product-type-variable","18":"has-default-attributes"},"acf":[],"_links":{"self":[{"href":"https:\/\/ayaneo.co\/sv\/wp-json\/wp\/v2\/product\/11560","targetHints":{"allow":["GET"]}}],"collection":[{"href":"https:\/\/ayaneo.co\/sv\/wp-json\/wp\/v2\/product"}],"about":[{"href":"https:\/\/ayaneo.co\/sv\/wp-json\/wp\/v2\/types\/product"}],"wp:featuredmedia":[{"embeddable":true,"href":"https:\/\/ayaneo.co\/sv\/wp-json\/wp\/v2\/media\/11033"}],"wp:attachment":[{"href":"https:\/\/ayaneo.co\/sv\/wp-json\/wp\/v2\/media?parent=11560"}],"wp:term":[{"taxonomy":"product_brand","embeddable":true,"href":"https:\/\/ayaneo.co\/sv\/wp-json\/wp\/v2\/product_brand?post=11560"},{"taxonomy":"product_cat","embeddable":true,"href":"https:\/\/ayaneo.co\/sv\/wp-json\/wp\/v2\/product_cat?post=11560"},{"taxonomy":"product_tag","embeddable":true,"href":"https:\/\/ayaneo.co\/sv\/wp-json\/wp\/v2\/product_tag?post=11560"}],"curies":[{"name":"wp","href":"https:\/\/api.w.org\/{rel}","templated":true}]}}