{"id":11561,"date":"2025-03-20T10:53:25","date_gmt":"2025-03-20T10:53:25","guid":{"rendered":"https:\/\/ayaneo.co\/product\/ayaneo-pocket-evo-thumb-stick-grip-caps-forbattrad-precision-och-komfort\/"},"modified":"2026-01-25T14:10:45","modified_gmt":"2026-01-25T14:10:45","slug":"ayaneo-pocket-evo-thumb-stick-grip-caps-forbattrad-precision-och-komfort","status":"publish","type":"product","link":"https:\/\/ayaneo.co\/sv\/product\/ayaneo-pocket-evo-thumb-stick-grip-caps-forbattrad-precision-och-komfort\/","title":{"rendered":"AYANEO 3 \/ Pocket EVO Thumb Stick Grip Caps - Precision och komfort f\u00f6r varje r\u00f6relse!"},"content":{"rendered":"\n<p>Uppgradera din spelupplevelse med <strong>AYANEO 3 och Pocket EVO<\/strong> med dessa <strong>premium grepplock f\u00f6r tumstocken<\/strong>! De \u00e4r utformade f\u00f6r <strong>b\u00e4ttre grepp, \u00f6kad kontroll och l\u00e5ngvarig h\u00e5llbarhet och<\/strong> ger mjukare och mer exakta r\u00f6relser f\u00f6r ultimat spelupplevelse.<\/p>\n\n<h2 class=\"wp-block-heading\"><strong>Viktiga egenskaper:<\/strong><\/h2>\n\n<p><strong>F\u00f6rb\u00e4ttrat grepp och kontroll<\/strong> - ger f\u00f6rb\u00e4ttrad <strong>precision<\/strong> och en halkfri yta f\u00f6r exakta r\u00f6relser.<\/p>\n\n<p><strong>Ergonomisk och bekv\u00e4m design<\/strong> - minskar tr\u00f6tthet i tummen vid l\u00e4ngre spelsessioner.<\/p>\n\n<p><strong>Premium silikonmaterial<\/strong> - Slitstarkt material av h\u00f6g kvalitet ger l\u00e5ng livsl\u00e4ngd och en mjuk k\u00e4nsla.<\/p>\n\n<p><strong>Enkel att installera och s\u00e4ker passform<\/strong> - specialdesignad f\u00f6r <strong>AYANEO 3 och Pocket EVO<\/strong>, vilket garanterar en t\u00e4t och halkfri fasts\u00e4ttning.<\/p>\n\n<p><strong>Snygg och funktionell<\/strong> - Levereras i <strong>svart och vitt<\/strong> f\u00f6r att matcha din spelupps\u00e4ttning och samtidigt skydda din joystick fr\u00e5n slitage.<\/p>\n\n<p>Uppgradera din <strong>AYANEO 3 och Pocket EVO<\/strong> med dessa <strong>h\u00f6gkvalitativa tumstockslock<\/strong> f\u00f6r \u00f6verl\u00e4gset grepp, kontroll och komfort.<\/p>\n","protected":false},"excerpt":{"rendered":"<ul>\n<li><strong>Officiell<\/strong> AYANEO 3 \/ Pocket EVO Thumb Stick Grip Caps<\/li>\n<li><strong>F\u00f6rb\u00e4ttrat grepp och precision<\/strong> - F\u00f6rb\u00e4ttrar precision och kontroll.<\/li>\n<li><strong>Bekv\u00e4m och ergonomisk<\/strong> - Minskar tr\u00f6ttheten under l\u00e4ngre spelsessioner.<\/li>\n<li><strong>H\u00e5llbart silikonmaterial<\/strong> - l\u00e5ngvarig och slitstark.<\/li>\n<li><strong>Perfekt passform<\/strong> - Utformad exklusivt f\u00f6r AYANEO 3 och Pocket EVO.<\/li>\n<\/ul>\n[cg_accordion title=\"BETALNINGSINFORMATION\"]<\/p>\n<p>Vi anv\u00e4nder den senaste tekniken f\u00f6r betalningshantering, vilket g\u00f6r att du kan checka ut via Apple Pay, Google Pay, ditt betalkort\/kreditkort, PayPal eller BNPL-metoder som Klarna, Affirm eller AfterPay f\u00f6r en snabb och s\u00e4ker upplevelse.[\/cg_accordion]\n[cg_accordion title=\"GARANTI\"]<\/p>\n<p>1 \u00e5rs garanti fr\u00e5n <a href=\"https:\/\/droix.net\/\" target=\"_blank\" rel=\"nofollow noopener\">DROIX Global<\/a> f\u00f6r att du ska k\u00e4nna dig trygg[\/cg_accordion]\n[cg_accordion title=\"KVALITETSS\u00c4KRING OCH TESTNING F\u00d6RE AVS\u00c4NDNING\"]<\/p>\n<p>S\u00e4kerst\u00e4ller kundn\u00f6jdhet p\u00e5 h\u00f6gsta niv\u00e5: Varje enhet genomg\u00e5r rigor\u00f6s testning och en kvalitetss\u00e4kringskontroll i flera punkter innan den skickas. V\u00e5rt dedikerade team verifierar prestanda, funktionalitet och komponentintegritet f\u00f6r att garantera att din AYANEO-enhet \u00e4r i perfekt skick vid ankomst, vilket ger dig f\u00f6rtroende och sinnesfrid. [\/cg_accordion]\n[cg_accordion title=\"PRISER, SKATTER OCH FRAKT\"]<\/p>\n<p><strong><u>Obs!<\/u><\/strong><\/p>\n<ul>\n<li>Kunder i F\u00f6renta staterna: Det visade priset inkluderar INTE SKATT eller tullar. Ansvaret f\u00f6r att tullklarera och betala eventuell tillh\u00f6rande skatt\/avgift ligger p\u00e5 kunden. <\/li>\n<li>EU-kunder: Det visade priset inkluderar till\u00e4mplig skatt, som kan vara upp till 25% beroende p\u00e5 ditt land.<\/li>\n<li>Kunder i Kanada: Det visade priset inkluderar till\u00e4mpliga skatter, vilket kan inkludera 5% GST och ytterligare Provincial Sales Taxes (PST), Harmonized Sales Tax (HST) eller Quebec Sales Tax (QST), beroende p\u00e5 din provins.<\/li>\n<\/ul>\n<p><strong>ENDAST f\u00f6r EU-kunder:<\/strong> Express DDP (Delivered Duty Paid). Detta betyder: <\/p>\n<ul>\n<li>Alla tullavgifter och skatter ing\u00e5r i det pris som visas p\u00e5 produktsidan.<\/li>\n<li>Du beh\u00f6ver inte betala n\u00e5gra extra avgifter vid leverans.<\/li>\n<li>I s\u00e4llsynta fall av tullrelaterade problem kommer v\u00e5rt team att hantera tullklareringsprocessen f\u00f6r din r\u00e4kning f\u00f6r att s\u00e4kerst\u00e4lla en smidig leveransupplevelse.<\/li>\n<p>Viktig information om returer:<\/p>\n<li>Om du best\u00e4mmer dig f\u00f6r att returnera din best\u00e4llning eller beg\u00e4ra \u00e5terbetalning ska du vara medveten om att skatter och avgifter som betalats f\u00f6r din r\u00e4kning enligt DDP-villkoren inte kan \u00e5terbetalas.<\/li>\n<p>F\u00f6r detaljerad information h\u00e4nvisas till v\u00e5ra allm\u00e4nna <a href=\"https:\/\/ayaneo.co\/sv\/villkor-for-tjansten\/\" target=\"_blank\" rel=\"nofollow noopener\">villkor<\/a>.\n<\/ul>\n<p>[\/cg_accordion]\n[cg_accordion title=\"KUNDTJ\u00c4NST\"]<\/p>\n<p>Har du en fr\u00e5ga? Vi \u00e4r bara ett kort sms bort fr\u00e5n att ha l\u00f6st ditt problem! [\/cg_accordion]\n[cg_accordion title=\"PAKETET INNEH\u00c5LLER\"]<\/p>\n<ul>\n<li>1x AYANEO 3 &amp; Pocket EVO tumstocksgrepplock<\/li>\n<\/ul>\n<p>[\/cg_accordion]\n","protected":false},"featured_media":11048,"template":"","meta":{"_acf_changed":false},"product_brand":[],"product_cat":[554],"product_tag":[],"class_list":{"0":"post-11561","1":"product","2":"type-product","3":"status-publish","4":"has-post-thumbnail","6":"product_cat-tillbehor","7":"product_shipping_class-low-end","9":"first","10":"instock","11":"sale","12":"taxable","13":"shipping-taxable","14":"purchasable","15":"product-type-simple"},"acf":[],"_links":{"self":[{"href":"https:\/\/ayaneo.co\/sv\/wp-json\/wp\/v2\/product\/11561","targetHints":{"allow":["GET"]}}],"collection":[{"href":"https:\/\/ayaneo.co\/sv\/wp-json\/wp\/v2\/product"}],"about":[{"href":"https:\/\/ayaneo.co\/sv\/wp-json\/wp\/v2\/types\/product"}],"wp:featuredmedia":[{"embeddable":true,"href":"https:\/\/ayaneo.co\/sv\/wp-json\/wp\/v2\/media\/11048"}],"wp:attachment":[{"href":"https:\/\/ayaneo.co\/sv\/wp-json\/wp\/v2\/media?parent=11561"}],"wp:term":[{"taxonomy":"product_brand","embeddable":true,"href":"https:\/\/ayaneo.co\/sv\/wp-json\/wp\/v2\/product_brand?post=11561"},{"taxonomy":"product_cat","embeddable":true,"href":"https:\/\/ayaneo.co\/sv\/wp-json\/wp\/v2\/product_cat?post=11561"},{"taxonomy":"product_tag","embeddable":true,"href":"https:\/\/ayaneo.co\/sv\/wp-json\/wp\/v2\/product_tag?post=11561"}],"curies":[{"name":"wp","href":"https:\/\/api.w.org\/{rel}","templated":true}]}}