{"id":11573,"date":"2025-02-27T10:35:12","date_gmt":"2025-02-27T10:35:12","guid":{"rendered":"https:\/\/ayaneo.co\/product\/ayaneo-magiska-moduler\/"},"modified":"2025-12-11T00:10:37","modified_gmt":"2025-12-11T00:10:37","slug":"ayaneo-magiska-moduler","status":"publish","type":"product","link":"https:\/\/ayaneo.co\/sv\/product\/ayaneo-magiska-moduler\/","title":{"rendered":"AYANEO Magiska moduler"},"content":{"rendered":"\n<h2 class=\"wp-block-heading\">AYANEO Magic Modules - Framtiden f\u00f6r modul\u00e4ra handdatorer<\/h2>\n\n<p><strong>AYANEO Magic Modules<\/strong> omdefinierar handh\u00e5llna spel genom att introducera <strong>ett verkligt modul\u00e4rt ekosystem<\/strong> som g\u00f6r det m\u00f6jligt f\u00f6r anv\u00e4ndare att <strong>f\u00f6rb\u00e4ttra och anpassa sin AYANEO 3-upplevelse<\/strong> med utbytbara, magnetiskt f\u00e4sta tillbeh\u00f6r. Dessa moduler \u00e4r utformade f\u00f6r flexibilitet och ut\u00f6kar <strong>funktionaliteten utan att kompromissa med b\u00e4rbarheten<\/strong>, vilket g\u00f6r dem till en game-changer f\u00f6r b\u00e5de teknikentusiaster och spelare. <\/p>\n\n<h2 class=\"wp-block-heading\"><strong>S\u00f6ml\u00f6s magnetisk modularitet<\/strong><\/h2>\n\n<p>Med <strong>AYANEO:s innovativa magnetiska gr\u00e4nssnitt<\/strong> \u00e4r det enkelt att byta moduler, vilket ger en <strong>plug-and-play-upplevelse<\/strong> som \u00e4r skr\u00e4ddarsydd efter dina behov. Den f\u00f6rsta generationens Magic Modules erbjuder en rad funktioner, fr\u00e5n <strong>f\u00f6rb\u00e4ttrade ing\u00e5ngsalternativ<\/strong> till <strong>ut\u00f6kade anslutningsm\u00f6jligheter<\/strong>. <\/p>\n\n<h2 class=\"wp-block-heading\"><strong>Byggd f\u00f6r framtiden<\/strong><\/h2>\n\n<p>AYANEO \u00e4r pionj\u00e4ren bakom den <strong>f\u00f6rsta verkligt modul\u00e4ra spelhanddatorn<\/strong> och s\u00e4kerst\u00e4ller <strong>l\u00e5ngsiktig m\u00e5ngsidighet<\/strong> med ett utvecklande ekosystem av Magic Modules. Oavsett om du \u00e4r en <strong>hardcore-gamer<\/strong>, ett <strong>kreativt pro<\/strong>ffs eller <strong>en teknikentusiast<\/strong> kan du med hj\u00e4lp av dessa tillbeh\u00f6r <strong>anpassa din enhet till olika scenarier utan att kompromissa med prestandan<\/strong>. <\/p>\n\n<h3 class=\"wp-block-heading\"><strong>Ta kontroll \u00f6ver din handh\u00e5llna spelupplevelse med AYANEO Magic Modules!<\/strong><\/h3>\n\n<p><\/p>\n","protected":false},"excerpt":{"rendered":"<ul>\n<li><strong>Modul\u00e4r design<\/strong> - byt tillbeh\u00f6r utan anstr\u00e4ngning.<\/li>\n<li><strong>Magnetiskt f\u00e4ste<\/strong> - enkelt byte med plug-and-play.<\/li>\n<li><strong>F\u00f6rb\u00e4ttrade funktioner<\/strong> - Uppgradera ing\u00e5ngar och anslutningsm\u00f6jligheter.<\/li>\n<li><strong>Framtidss\u00e4krad<\/strong> - kan byggas ut med nya moduler.<\/li>\n<li><strong>B\u00e4rbar och m\u00e5ngsidig<\/strong> - Anpassning utan stora volymer.<\/li>\n<\/ul>\n[cg_accordion title=\"BETALNINGSINFORMATION\"]<\/p>\n<p>Vi anv\u00e4nder den senaste tekniken f\u00f6r betalningshantering, vilket g\u00f6r att du kan checka ut via Apple Pay, Google Pay, ditt betalkort\/kreditkort, PayPal eller BNPL-metoder som Klarna, Affirm eller AfterPay f\u00f6r en snabb och s\u00e4ker upplevelse.[\/cg_accordion]\n[cg_accordion title=\"GARANTI\"]<\/p>\n<p>1 \u00e5rs garanti fr\u00e5n <a href=\"https:\/\/droix.net\/\" target=\"_blank\" rel=\"nofollow noopener\">DROIX Global<\/a> f\u00f6r att du ska k\u00e4nna dig trygg[\/cg_accordion]\n[cg_accordion title=\"KVALITETSS\u00c4KRING OCH TESTNING F\u00d6RE AVS\u00c4NDNING\"]<\/p>\n<p>S\u00e4kerst\u00e4ller kundn\u00f6jdhet p\u00e5 h\u00f6gsta niv\u00e5: Varje enhet genomg\u00e5r rigor\u00f6s testning och en kvalitetss\u00e4kringskontroll i flera punkter innan den skickas. V\u00e5rt dedikerade team verifierar prestanda, funktionalitet och komponentintegritet f\u00f6r att garantera att din AYANEO-enhet \u00e4r i perfekt skick vid ankomst, vilket ger dig f\u00f6rtroende och sinnesfrid. [\/cg_accordion]\n[cg_accordion title=\"PRISER, SKATTER OCH FRAKT\"]<\/p>\n<p><strong><u>Obs!<\/u><\/strong><\/p>\n<ul>\n<li>Kunder i F\u00f6renta staterna: Det visade priset inkluderar INTE SKATT eller tullar. Ansvaret f\u00f6r att tullklarera och betala eventuell tillh\u00f6rande skatt\/avgift ligger p\u00e5 kunden. <\/li>\n<li>EU-kunder: Det visade priset inkluderar till\u00e4mplig skatt, som kan vara upp till 25% beroende p\u00e5 ditt land.<\/li>\n<li>Kunder i Kanada: Det visade priset inkluderar till\u00e4mpliga skatter, vilket kan inkludera 5% GST och ytterligare Provincial Sales Taxes (PST), Harmonized Sales Tax (HST) eller Quebec Sales Tax (QST), beroende p\u00e5 din provins.<\/li>\n<\/ul>\n<p><strong>ENDAST f\u00f6r EU-kunder:<\/strong> Express DDP (Delivered Duty Paid). Detta betyder: <\/p>\n<ul>\n<li>Alla tullavgifter och skatter ing\u00e5r i det pris som visas p\u00e5 produktsidan.<\/li>\n<li>Du beh\u00f6ver inte betala n\u00e5gra extra avgifter vid leverans.<\/li>\n<li>I s\u00e4llsynta fall av tullrelaterade problem kommer v\u00e5rt team att hantera tullklareringsprocessen f\u00f6r din r\u00e4kning f\u00f6r att s\u00e4kerst\u00e4lla en smidig leveransupplevelse.<\/li>\n<p>Viktig information om returer:<\/p>\n<li>Om du best\u00e4mmer dig f\u00f6r att returnera din best\u00e4llning eller beg\u00e4ra \u00e5terbetalning ska du vara medveten om att skatter och avgifter som betalats f\u00f6r din r\u00e4kning enligt DDP-villkoren inte kan \u00e5terbetalas.<\/li>\n<p>F\u00f6r detaljerad information h\u00e4nvisas till v\u00e5ra allm\u00e4nna <a href=\"https:\/\/ayaneo.co\/sv\/villkor-for-tjansten\/\" target=\"_blank\" rel=\"nofollow noopener\">villkor<\/a>.\n<\/ul>\n<p>[\/cg_accordion]\n[cg_accordion title=\"KUNDTJ\u00c4NST\"]<\/p>\n<p>Har du en fr\u00e5ga? Vi \u00e4r bara ett kort sms bort fr\u00e5n att ha l\u00f6st ditt problem! [\/cg_accordion]\n[cg_accordion title=\"PAKETET INNEH\u00c5LLER\"]\n","protected":false},"featured_media":10202,"template":"","meta":{"_acf_changed":false},"product_brand":[],"product_cat":[554],"product_tag":[],"class_list":{"0":"post-11573","1":"product","2":"type-product","3":"status-publish","4":"has-post-thumbnail","6":"product_cat-tillbehor","7":"product_shipping_class-low-end","8":"pa_brand-ayaneo","9":"pa_compatible-with-ayaneo-3-sv","11":"first","12":"instock","13":"sale","14":"taxable","15":"shipping-taxable","16":"purchasable","17":"product-type-variable","18":"has-default-attributes"},"acf":[],"_links":{"self":[{"href":"https:\/\/ayaneo.co\/sv\/wp-json\/wp\/v2\/product\/11573","targetHints":{"allow":["GET"]}}],"collection":[{"href":"https:\/\/ayaneo.co\/sv\/wp-json\/wp\/v2\/product"}],"about":[{"href":"https:\/\/ayaneo.co\/sv\/wp-json\/wp\/v2\/types\/product"}],"wp:featuredmedia":[{"embeddable":true,"href":"https:\/\/ayaneo.co\/sv\/wp-json\/wp\/v2\/media\/10202"}],"wp:attachment":[{"href":"https:\/\/ayaneo.co\/sv\/wp-json\/wp\/v2\/media?parent=11573"}],"wp:term":[{"taxonomy":"product_brand","embeddable":true,"href":"https:\/\/ayaneo.co\/sv\/wp-json\/wp\/v2\/product_brand?post=11573"},{"taxonomy":"product_cat","embeddable":true,"href":"https:\/\/ayaneo.co\/sv\/wp-json\/wp\/v2\/product_cat?post=11573"},{"taxonomy":"product_tag","embeddable":true,"href":"https:\/\/ayaneo.co\/sv\/wp-json\/wp\/v2\/product_tag?post=11573"}],"curies":[{"name":"wp","href":"https:\/\/api.w.org\/{rel}","templated":true}]}}